{"id":8414,"date":"2024-06-20T10:19:37","date_gmt":"2024-06-20T02:19:37","guid":{"rendered":"https:\/\/theo.niranbio.com\/carragenano\/"},"modified":"2024-08-15T16:00:59","modified_gmt":"2024-08-15T08:00:59","slug":"carragenano","status":"publish","type":"product","link":"https:\/\/theo.niranbio.com\/es\/carragenano.html","title":{"rendered":"Carragenano"},"content":{"rendered":"<h2><span class=\"ez-toc-section\" id=\"%C2%BFQue_es_la_carragenina\"><\/span>\u00bfQu\u00e9 es la carragenina?<span class=\"ez-toc-section-end\"><\/span><\/h2>\n<p>Las algas rojas son la fuente del coloide hidr\u00f3filo conocido como carragenina. Tiene la apariencia de polvo o gr\u00e1nulos que son de color blanco o marr\u00f3n claro, inodoros o ligeramente perfumados. Puede usarse ampliamente en el sector alimentario como coagulante, espesante o estabilizador.<\/p>\n<p>La preparaci\u00f3n de carragenina implica principalmente lavar y secar las algas, colocarlas en un recipiente de extracci\u00f3n, agregar de 30 a 50 veces agua (o una cantidad apropiada de soluci\u00f3n alcalina), calentarlas con vapor (aproximadamente 100 \u00b0C) durante 40 a 60 minutos, filtrar, agregar solventes alcoh\u00f3licos al extracto filtrado mientras se revuelve, centrifugar y precipitarlo a trav\u00e9s del secado en tambor y triturarlo para obtener el producto. Al secar en tambor, se deben agregar mono o diglic\u00e9ridos o polisorbatos como agentes desmoldantes.<\/p>\n<h2><span class=\"ez-toc-section\" id=\"Dosis_recomendada\"><\/span>Dosis recomendada:<span class=\"ez-toc-section-end\"><\/span><\/h2>\n<table>\n<tbody>\n<tr>\n<td><strong>Nombre del alimento<\/strong><\/td>\n<td><strong>Uso m\u00e1ximo (g\/kg)<\/strong><\/td>\n<\/tr>\n<tr>\n<td>Productos l\u00e1cteos<\/td>\n<td>0,3-1,0 g\/kg<\/td>\n<\/tr>\n<tr>\n<td>Productos c\u00e1rnicos<\/td>\n<td>0,5-1,5 g\/kg<\/td>\n<\/tr>\n<tr>\n<td>Gelatina y pudin<\/td>\n<td>3,0-10,0 g\/kg<\/td>\n<\/tr>\n<tr>\n<td>Caramelo<\/td>\n<td>1,0-3,0 g\/kg<\/td>\n<\/tr>\n<tr>\n<td>Alimentos enlatados<\/td>\n<td>0,5-1,0 g\/kg<\/td>\n<\/tr>\n<tr>\n<td>Bebidas<\/td>\n<td>0,1-0,5 g\/kg<\/td>\n<\/tr>\n<tr>\n<td>Productos de panader\u00eda<\/td>\n<td>0,1-0,5 g\/kg<\/td>\n<\/tr>\n<tr>\n<td>Salsas y condimentos<\/td>\n<td>0,2-0,5 g\/kg<\/td>\n<\/tr>\n<tr>\n<td>Helados y postres congelados<\/td>\n<td>0,1-0,4 g\/kg<\/td>\n<\/tr>\n<tr>\n<td>Leche vegetal<\/td>\n<td>0,1-0,3 g\/kg<\/td>\n<\/tr>\n<tr>\n<td>Bebidas de prote\u00edna de suero<\/td>\n<td>0,1-0,3 g\/kg<\/td>\n<\/tr>\n<tr>\n<td>Productos l\u00e1cteos fermentados<\/td>\n<td>0,2-0,4 g\/kg<\/td>\n<\/tr>\n<\/tbody>\n<\/table>\n<h2><span class=\"ez-toc-section\" id=\"La_carragenina_tiene_una_amplia_gama_de_usos\"><\/span>La carragenina tiene una amplia gama de usos<span class=\"ez-toc-section-end\"><\/span><\/h2>\n<p>1. Efecto espesante: la carragenina puede aumentar significativamente la viscosidad de los l\u00edquidos, lo que le da a los productos una textura m\u00e1s espesa y un sabor m\u00e1s rico. Este efecto espesante es particularmente adecuado para productos l\u00e1cteos, bebidas y condimentos, como leche con chocolate, aderezo para ensaladas, etc., para garantizar que el producto mantenga una viscosidad y textura consistentes durante el procesamiento y el consumo.<\/p>\n<p>2. Efecto gelificante: la carragenina puede formar geles firmes o blandos en condiciones adecuadas, lo que proporciona diferentes efectos de textura seg\u00fan las diferentes necesidades. La carragenina lambda se utiliza principalmente como espesante, mientras que la carragenina kappa forma un gel duro y la carragenina irlandesa forma un gel blando. Se utiliza ampliamente en postres como gelatina, pud\u00edn y caramelos blandos para proporcionar una textura y apariencia de gel ideales.<\/p>\n<p>3. Efecto de suspensi\u00f3n: la carragenina puede suspender eficazmente las part\u00edculas s\u00f3lidas en las bebidas para evitar que se asienten, lo que garantiza una distribuci\u00f3n uniforme y la estabilidad de las bebidas durante su vida \u00fatil. Esta caracter\u00edstica la hace especialmente adecuada para bebidas de zumo de frutas, bebidas l\u00e1cteas, etc., para mantener el atractivo visual y la consistencia del sabor del producto.<\/p>\n<p>4. Efecto estabilizador: la carragenina tiene una excelente estabilidad en ambientes \u00e1cidos y de alta temperatura, y puede mantener sus efectos espesantes y gelificantes durante el procesamiento y el almacenamiento. Ya sea en alimentos \u00e1cidos como el yogur o en productos enlatados y horneados procesados \u200b\u200ba altas temperaturas, la carragenina puede proporcionar una estabilizaci\u00f3n duradera para garantizar la calidad y la consistencia del producto.<\/p>\n<p>5. Efecto emulsionante: la carragenina ayuda a dispersar y estabilizar uniformemente las grasas, evitar la separaci\u00f3n del aceite y mantener la uniformidad y la textura del producto. Esto lo convierte en un aditivo ideal para alimentos emulsionados como margarina, helados y salsas, asegurando que el producto final tenga un buen sabor y efecto visual.<\/p>\n<p>6. Efecto de retenci\u00f3n de agua: la carragenina puede retener eficazmente la humedad en los alimentos, evitar el secado y el envejecimiento y, por lo tanto, extender la vida \u00fatil del producto. Esta caracter\u00edstica se usa ampliamente en productos c\u00e1rnicos, productos de pasta de pescado y productos de harina para garantizar que el producto mantenga una buena textura y frescura durante el almacenamiento y el procesamiento.<\/p>\n<h2><span class=\"ez-toc-section\" id=\"Pregunta_formulada_por_un_usuario\"><\/span>Pregunta formulada por un usuario:<span class=\"ez-toc-section-end\"><\/span><\/h2>\n<p>Pregunta: \u00bfPor qu\u00e9 la carragenina causa inflamaci\u00f3n?<\/p>\n<p>Respuesta: La carragenina puede causar inflamaci\u00f3n en dosis altas o en una ingesta prolongada, lo que est\u00e1 relacionado con su posible impacto en el intestino. Algunos estudios han demostrado que la carragenina puede cambiar la microbiota intestinal, estimular directamente las c\u00e9lulas epiteliales intestinales, activar el sistema inmunol\u00f3gico, desencadenar la liberaci\u00f3n de mediadores inflamatorios y provocar respuestas inflamatorias. Adem\u00e1s, la carragenina que no se ha procesado por completo puede aumentar el riesgo de inflamaci\u00f3n cuando se consume en dosis altas.<\/p>\n","protected":false},"excerpt":{"rendered":"<ul>\n<li>CAS: 11114-20-8<\/li>\n<li>Chemical Formula: C<sub>24<\/sub>H<sub>36<\/sub>O<sub>25<\/sub>S<sub>2<\/sub><\/li>\n<li>Certificaci\u00f3n: KOSHER, ISO, HALAL, FSSC22000, BRC, etc.<\/li>\n<li>Cantidad m\u00ednima de pedido: 1000KG<\/li>\n<li>Caducidad: 2 a\u00f1os<\/li>\n<\/ul>\n","protected":false},"featured_media":5913,"template":"","meta":{"site-sidebar-layout":"default","site-content-layout":"","ast-site-content-layout":"default","site-content-style":"default","site-sidebar-style":"default","ast-global-header-display":"","ast-banner-title-visibility":"","ast-main-header-display":"","ast-hfb-above-header-display":"","ast-hfb-below-header-display":"","ast-hfb-mobile-header-display":"","site-post-title":"","ast-breadcrumbs-content":"","ast-featured-img":"","footer-sml-layout":"","theme-transparent-header-meta":"default","adv-header-id-meta":"","stick-header-meta":"","header-above-stick-meta":"","header-main-stick-meta":"","header-below-stick-meta":"","astra-migrate-meta-layouts":"set","ast-page-background-enabled":"default","ast-page-background-meta":{"desktop":{"background-color":"var(--ast-global-color-4)","background-image":"","background-repeat":"repeat","background-position":"center center","background-size":"auto","background-attachment":"scroll","background-type":"","background-media":"","overlay-type":"","overlay-color":"","overlay-opacity":"","overlay-gradient":""},"tablet":{"background-color":"","background-image":"","background-repeat":"repeat","background-position":"center center","background-size":"auto","background-attachment":"scroll","background-type":"","background-media":"","overlay-type":"","overlay-color":"","overlay-opacity":"","overlay-gradient":""},"mobile":{"background-color":"","background-image":"","background-repeat":"repeat","background-position":"center center","background-size":"auto","background-attachment":"scroll","background-type":"","background-media":"","overlay-type":"","overlay-color":"","overlay-opacity":"","overlay-gradient":""}},"ast-content-background-meta":{"desktop":{"background-color":"var(--ast-global-color-5)","background-image":"","background-repeat":"repeat","background-position":"center center","background-size":"auto","background-attachment":"scroll","background-type":"","background-media":"","overlay-type":"","overlay-color":"","overlay-opacity":"","overlay-gradient":""},"tablet":{"background-color":"var(--ast-global-color-5)","background-image":"","background-repeat":"repeat","background-position":"center center","background-size":"auto","background-attachment":"scroll","background-type":"","background-media":"","overlay-type":"","overlay-color":"","overlay-opacity":"","overlay-gradient":""},"mobile":{"background-color":"var(--ast-global-color-5)","background-image":"","background-repeat":"repeat","background-position":"center center","background-size":"auto","background-attachment":"scroll","background-type":"","background-media":"","overlay-type":"","overlay-color":"","overlay-opacity":"","overlay-gradient":""}}},"product_brand":[],"product_cat":[80],"product_tag":[],"class_list":{"0":"post-8414","1":"product","2":"type-product","3":"status-publish","4":"has-post-thumbnail","6":"product_cat-producto-espesante","7":"desktop-align-center","8":"tablet-align-left","9":"mobile-align-left","11":"first","12":"instock","13":"shipping-taxable","14":"product-type-simple"},"yoast_head":"<!-- This site is optimized with the Yoast SEO plugin v26.5 - https:\/\/yoast.com\/wordpress\/plugins\/seo\/ -->\n<title>Carragenina Aditivo, Comprar Polvo de Carragenina E407 | Niranbio Chemical<\/title>\n<meta name=\"description\" content=\"Nuestra carragenina es un polvo o gr\u00e1nulos de color blanco o marr\u00f3n claro que se puede utilizar ampliamente en el sector alimentario como coagulante, espesante o estabilizador.\" \/>\n<meta name=\"robots\" content=\"noindex, follow, max-snippet:-1, max-image-preview:large, max-video-preview:-1\" \/>\n<meta name=\"twitter:label1\" content=\"Tiempo de lectura\" \/>\n\t<meta name=\"twitter:data1\" content=\"4 minutos\" \/>\n<script type=\"application\/ld+json\" class=\"yoast-schema-graph\">{\"@context\":\"https:\/\/schema.org\",\"@graph\":[{\"@type\":\"WebPage\",\"@id\":\"https:\/\/theo.niranbio.com\/es\/carragenano.html\",\"url\":\"https:\/\/theo.niranbio.com\/es\/carragenano.html\",\"name\":\"Carragenina Aditivo, Comprar Polvo de Carragenina E407 | Niranbio Chemical\",\"isPartOf\":{\"@id\":\"https:\/\/theo.niranbio.com\/es\/#website\"},\"primaryImageOfPage\":{\"@id\":\"https:\/\/theo.niranbio.com\/es\/carragenano.html#primaryimage\"},\"image\":{\"@id\":\"https:\/\/theo.niranbio.com\/es\/carragenano.html#primaryimage\"},\"thumbnailUrl\":\"https:\/\/theo.niranbio.com\/wp-content\/uploads\/2024\/06\/Carrageenan.webp\",\"datePublished\":\"2024-06-20T02:19:37+00:00\",\"dateModified\":\"2024-08-15T08:00:59+00:00\",\"description\":\"Nuestra carragenina es un polvo o gr\u00e1nulos de color blanco o marr\u00f3n claro que se puede utilizar ampliamente en el sector alimentario como coagulante, espesante o estabilizador.\",\"breadcrumb\":{\"@id\":\"https:\/\/theo.niranbio.com\/es\/carragenano.html#breadcrumb\"},\"inLanguage\":\"es\",\"potentialAction\":[{\"@type\":\"ReadAction\",\"target\":[\"https:\/\/theo.niranbio.com\/es\/carragenano.html\"]}]},{\"@type\":\"ImageObject\",\"inLanguage\":\"es\",\"@id\":\"https:\/\/theo.niranbio.com\/es\/carragenano.html#primaryimage\",\"url\":\"https:\/\/theo.niranbio.com\/wp-content\/uploads\/2024\/06\/Carrageenan.webp\",\"contentUrl\":\"https:\/\/theo.niranbio.com\/wp-content\/uploads\/2024\/06\/Carrageenan.webp\",\"width\":600,\"height\":600,\"caption\":\"Carragenina\"},{\"@type\":\"BreadcrumbList\",\"@id\":\"https:\/\/theo.niranbio.com\/es\/carragenano.html#breadcrumb\",\"itemListElement\":[{\"@type\":\"ListItem\",\"position\":1,\"name\":\"Home\",\"item\":\"https:\/\/theo.niranbio.com\/es\/\"},{\"@type\":\"ListItem\",\"position\":2,\"name\":\"Productos\",\"item\":\"https:\/\/theo.niranbio.com\/es\/productos.html\"},{\"@type\":\"ListItem\",\"position\":3,\"name\":\"Espesantes\",\"item\":\"https:\/\/theo.niranbio.com\/es\/producto-espesante\/\"},{\"@type\":\"ListItem\",\"position\":4,\"name\":\"Carragenano\"}]},{\"@type\":\"WebSite\",\"@id\":\"https:\/\/theo.niranbio.com\/es\/#website\",\"url\":\"https:\/\/theo.niranbio.com\/es\/\",\"name\":\"Niranbio Chemical\",\"description\":\"\",\"publisher\":{\"@id\":\"https:\/\/theo.niranbio.com\/es\/#organization\"},\"potentialAction\":[{\"@type\":\"SearchAction\",\"target\":{\"@type\":\"EntryPoint\",\"urlTemplate\":\"https:\/\/theo.niranbio.com\/es\/?s={search_term_string}\"},\"query-input\":{\"@type\":\"PropertyValueSpecification\",\"valueRequired\":true,\"valueName\":\"search_term_string\"}}],\"inLanguage\":\"es\"},{\"@type\":\"Organization\",\"@id\":\"https:\/\/theo.niranbio.com\/es\/#organization\",\"name\":\"Niranbio Chemical\",\"url\":\"https:\/\/theo.niranbio.com\/es\/\",\"logo\":{\"@type\":\"ImageObject\",\"inLanguage\":\"es\",\"@id\":\"https:\/\/theo.niranbio.com\/es\/#\/schema\/logo\/image\/\",\"url\":\"https:\/\/theo.niranbio.com\/wp-content\/uploads\/2024\/06\/Niranbio.png\",\"contentUrl\":\"https:\/\/theo.niranbio.com\/wp-content\/uploads\/2024\/06\/Niranbio.png\",\"width\":270,\"height\":100,\"caption\":\"Niranbio Chemical\"},\"image\":{\"@id\":\"https:\/\/theo.niranbio.com\/es\/#\/schema\/logo\/image\/\"}}]}<\/script>\n<!-- \/ Yoast SEO plugin. -->","yoast_head_json":{"title":"Carragenina Aditivo, Comprar Polvo de Carragenina E407 | Niranbio Chemical","description":"Nuestra carragenina es un polvo o gr\u00e1nulos de color blanco o marr\u00f3n claro que se puede utilizar ampliamente en el sector alimentario como coagulante, espesante o estabilizador.","robots":{"index":"noindex","follow":"follow","max-snippet":"max-snippet:-1","max-image-preview":"max-image-preview:large","max-video-preview":"max-video-preview:-1"},"twitter_misc":{"Tiempo de lectura":"4 minutos"},"schema":{"@context":"https:\/\/schema.org","@graph":[{"@type":"WebPage","@id":"https:\/\/theo.niranbio.com\/es\/carragenano.html","url":"https:\/\/theo.niranbio.com\/es\/carragenano.html","name":"Carragenina Aditivo, Comprar Polvo de Carragenina E407 | Niranbio Chemical","isPartOf":{"@id":"https:\/\/theo.niranbio.com\/es\/#website"},"primaryImageOfPage":{"@id":"https:\/\/theo.niranbio.com\/es\/carragenano.html#primaryimage"},"image":{"@id":"https:\/\/theo.niranbio.com\/es\/carragenano.html#primaryimage"},"thumbnailUrl":"https:\/\/theo.niranbio.com\/wp-content\/uploads\/2024\/06\/Carrageenan.webp","datePublished":"2024-06-20T02:19:37+00:00","dateModified":"2024-08-15T08:00:59+00:00","description":"Nuestra carragenina es un polvo o gr\u00e1nulos de color blanco o marr\u00f3n claro que se puede utilizar ampliamente en el sector alimentario como coagulante, espesante o estabilizador.","breadcrumb":{"@id":"https:\/\/theo.niranbio.com\/es\/carragenano.html#breadcrumb"},"inLanguage":"es","potentialAction":[{"@type":"ReadAction","target":["https:\/\/theo.niranbio.com\/es\/carragenano.html"]}]},{"@type":"ImageObject","inLanguage":"es","@id":"https:\/\/theo.niranbio.com\/es\/carragenano.html#primaryimage","url":"https:\/\/theo.niranbio.com\/wp-content\/uploads\/2024\/06\/Carrageenan.webp","contentUrl":"https:\/\/theo.niranbio.com\/wp-content\/uploads\/2024\/06\/Carrageenan.webp","width":600,"height":600,"caption":"Carragenina"},{"@type":"BreadcrumbList","@id":"https:\/\/theo.niranbio.com\/es\/carragenano.html#breadcrumb","itemListElement":[{"@type":"ListItem","position":1,"name":"Home","item":"https:\/\/theo.niranbio.com\/es\/"},{"@type":"ListItem","position":2,"name":"Productos","item":"https:\/\/theo.niranbio.com\/es\/productos.html"},{"@type":"ListItem","position":3,"name":"Espesantes","item":"https:\/\/theo.niranbio.com\/es\/producto-espesante\/"},{"@type":"ListItem","position":4,"name":"Carragenano"}]},{"@type":"WebSite","@id":"https:\/\/theo.niranbio.com\/es\/#website","url":"https:\/\/theo.niranbio.com\/es\/","name":"Niranbio Chemical","description":"","publisher":{"@id":"https:\/\/theo.niranbio.com\/es\/#organization"},"potentialAction":[{"@type":"SearchAction","target":{"@type":"EntryPoint","urlTemplate":"https:\/\/theo.niranbio.com\/es\/?s={search_term_string}"},"query-input":{"@type":"PropertyValueSpecification","valueRequired":true,"valueName":"search_term_string"}}],"inLanguage":"es"},{"@type":"Organization","@id":"https:\/\/theo.niranbio.com\/es\/#organization","name":"Niranbio Chemical","url":"https:\/\/theo.niranbio.com\/es\/","logo":{"@type":"ImageObject","inLanguage":"es","@id":"https:\/\/theo.niranbio.com\/es\/#\/schema\/logo\/image\/","url":"https:\/\/theo.niranbio.com\/wp-content\/uploads\/2024\/06\/Niranbio.png","contentUrl":"https:\/\/theo.niranbio.com\/wp-content\/uploads\/2024\/06\/Niranbio.png","width":270,"height":100,"caption":"Niranbio Chemical"},"image":{"@id":"https:\/\/theo.niranbio.com\/es\/#\/schema\/logo\/image\/"}}]}},"_links":{"self":[{"href":"https:\/\/theo.niranbio.com\/es\/wp-json\/wp\/v2\/product\/8414","targetHints":{"allow":["GET"]}}],"collection":[{"href":"https:\/\/theo.niranbio.com\/es\/wp-json\/wp\/v2\/product"}],"about":[{"href":"https:\/\/theo.niranbio.com\/es\/wp-json\/wp\/v2\/types\/product"}],"version-history":[{"count":0,"href":"https:\/\/theo.niranbio.com\/es\/wp-json\/wp\/v2\/product\/8414\/revisions"}],"wp:featuredmedia":[{"embeddable":true,"href":"https:\/\/theo.niranbio.com\/es\/wp-json\/wp\/v2\/media\/5913"}],"wp:attachment":[{"href":"https:\/\/theo.niranbio.com\/es\/wp-json\/wp\/v2\/media?parent=8414"}],"wp:term":[{"taxonomy":"product_brand","embeddable":true,"href":"https:\/\/theo.niranbio.com\/es\/wp-json\/wp\/v2\/product_brand?post=8414"},{"taxonomy":"product_cat","embeddable":true,"href":"https:\/\/theo.niranbio.com\/es\/wp-json\/wp\/v2\/product_cat?post=8414"},{"taxonomy":"product_tag","embeddable":true,"href":"https:\/\/theo.niranbio.com\/es\/wp-json\/wp\/v2\/product_tag?post=8414"}],"curies":[{"name":"wp","href":"https:\/\/api.w.org\/{rel}","templated":true}]}}