{"id":8408,"date":"2024-06-20T09:34:12","date_gmt":"2024-06-20T01:34:12","guid":{"rendered":"https:\/\/theo.niranbio.com\/maltodextrina\/"},"modified":"2024-08-16T13:31:05","modified_gmt":"2024-08-16T05:31:05","slug":"maltodextrina","status":"publish","type":"product","link":"https:\/\/theo.niranbio.com\/es\/maltodextrina.html","title":{"rendered":"Maltodextrina en polvo"},"content":{"rendered":"<h2><span class=\"ez-toc-section\" id=\"%C2%BFQue_es_la_maltodextrina\"><\/span>\u00bfQu\u00e9 es la maltodextrina?<span class=\"ez-toc-section-end\"><\/span><\/h2>\n<p>La maltodextrina es un ingrediente alimentario polisac\u00e1rido con una baja tasa de conversi\u00f3n de almid\u00f3n a az\u00facar de almid\u00f3n. Es un polvo no cristalino blanco o ligeramente amarillento, ligeramente dulce, con un olor especial. Tiene una amplia aplicaci\u00f3n en diversas industrias, como cereales, bebidas, comidas congeladas, dulces, productos l\u00e1cteos y suministros m\u00e9dicos. Tambi\u00e9n se aplica a la producci\u00f3n diaria de productos qu\u00edmicos, textiles y farmac\u00e9uticos.<\/p>\n<p>La maltodextrina generalmente se elabora a partir de ma\u00edz, arroz y otras materias primas, y se elabora mediante hidr\u00f3lisis controlada enzim\u00e1ticamente, licuefacci\u00f3n, decoloraci\u00f3n, filtraci\u00f3n, intercambio i\u00f3nico, concentraci\u00f3n al vac\u00edo y secado por aspersi\u00f3n. Se descompone f\u00e1cilmente cuando se expone al agua.<\/p>\n<h2><span class=\"ez-toc-section\" id=\"Parametros_relacionados\"><\/span>Par\u00e1metros relacionados:<span class=\"ez-toc-section-end\"><\/span><\/h2>\n<table>\n<tbody>\n<tr>\n<td><strong>Art\u00edculos<\/strong><\/td>\n<td><strong>Normas<\/strong><\/td>\n<\/tr>\n<tr>\n<td>Aspecto<\/td>\n<td>Blanco sin impurezas<\/td>\n<\/tr>\n<tr>\n<td>Humedad, en %<\/td>\n<td>que puede verse a simple vista<\/td>\n<\/tr>\n<tr>\n<td>Ph<\/td>\n<td>\uff1c6<\/td>\n<\/tr>\n<tr>\n<td>Valor de DE, %.<\/td>\n<td>4.5-6.5<\/td>\n<\/tr>\n<tr>\n<td>Solubilidad, %.<\/td>\n<td>15-20<\/td>\n<\/tr>\n<tr>\n<td>experimento odine<\/td>\n<td>\u226598<\/td>\n<\/tr>\n<tr>\n<td>Cenizas sulfatadas, %.<\/td>\n<td>Azul no cambiante<\/td>\n<\/tr>\n<tr>\n<td>Bacteria total, \/g<\/td>\n<td>\uff1c0.6<\/td>\n<\/tr>\n<tr>\n<td>E.coli, \/100g<\/td>\n<td>\u22641000<\/td>\n<\/tr>\n<tr>\n<td>Mental pesado (Pb<\/td>\n<td>Negativo<\/td>\n<\/tr>\n<\/tbody>\n<\/table>\n<h2><span class=\"ez-toc-section\" id=\"Dosis_recomendada\"><\/span>Dosis recomendada<span class=\"ez-toc-section-end\"><\/span><\/h2>\n<table>\n<tbody>\n<tr>\n<td><strong>Nombre del alimento<\/strong><\/td>\n<td><strong>Uso m\u00e1ximo (g\/kg)<\/strong><\/td>\n<\/tr>\n<tr>\n<td>Industria de alimentos inflados<\/td>\n<td>5-12 g\/kg<\/td>\n<\/tr>\n<tr>\n<td>Industria alimentaria ultracongelada<\/td>\n<td>5-12 g\/kg<\/td>\n<\/tr>\n<tr>\n<td>Industria l\u00e1ctea<\/td>\n<td>5-10 g\/kg<\/td>\n<\/tr>\n<tr>\n<td>Industria panadera<\/td>\n<td>5-12 g\/kg<\/td>\n<\/tr>\n<tr>\n<td>Industria confitera<\/td>\n<td>5-10 g\/kg<\/td>\n<\/tr>\n<tr>\n<td>Industria c\u00e1rnica<\/td>\n<td>5-15 g\/kg<\/td>\n<\/tr>\n<tr>\n<td>Industria de transformaci\u00f3n del pescado<\/td>\n<td>5-12 g\/kg<\/td>\n<\/tr>\n<tr>\n<td>Industria de encurtidos<\/td>\n<td>5-15 g\/kg<\/td>\n<\/tr>\n<tr>\n<td>Industria del aceite comestible<\/td>\n<td>5-10 g\/kg<\/td>\n<\/tr>\n<tr>\n<td>Industria del zumo<\/td>\n<td>5-12 g\/kg<\/td>\n<\/tr>\n<tr>\n<td>Industria de bebidas alcoh\u00f3licas<\/td>\n<td>5-15 g\/kg<\/td>\n<\/tr>\n<tr>\n<td>Industria de bebidas<\/td>\n<td>5-10 g\/kg<\/td>\n<\/tr>\n<\/tbody>\n<\/table>\n<h2><span class=\"ez-toc-section\" id=\"La_maltodextrina_tiene_una_amplia_gama_de_usos\"><\/span>La maltodextrina tiene una amplia gama de usos<span class=\"ez-toc-section-end\"><\/span><\/h2>\n<p>1. Cuando se agrega maltodextrina a la leche en polvo y otros productos l\u00e1cteos, se puede aumentar el volumen del producto, se disuelve r\u00e1pidamente, se reconstituye bien y tiene una vida \u00fatil m\u00e1s larga, todo mientras se reducen los costos y se mejoran los beneficios econ\u00f3micos. Tambi\u00e9n se puede absorber y digerir f\u00e1cilmente, y puede aumentar la relaci\u00f3n precio-nutrici\u00f3n y mejorar la relaci\u00f3n nutricional. Se ha establecido que la maltodextrina juega un papel crucial en la producci\u00f3n de leche en polvo funcional, particularmente variedades sin sacarosa y que promueven el crecimiento de los reci\u00e9n nacidos.<\/p>\n<p>2. Tiene un sabor excelente y un efecto espesante r\u00e1pido, evita la precipitaci\u00f3n y la estratificaci\u00f3n, absorbe el olor a frijol o leche y extiende la vida \u00fatil en bocadillos nutritivos como leche malteada, avena instant\u00e1nea y leche de soja en polvo.<\/p>\n<p>3. Previene la cristalizaci\u00f3n de bebidas s\u00f3lidas, incluido el t\u00e9 con leche, los cristales de frutas, el t\u00e9 instant\u00e1neo y el t\u00e9 s\u00f3lido, manteniendo su sabor y aroma. Tambi\u00e9n tiene un sabor suave y delicado y tiene un sabor rico y un excelente efecto de disoluci\u00f3n instant\u00e1nea. Su impacto como portador es evidente y su efecto emulsionante es bueno.<\/p>\n<p>4. Las bebidas de jugo de frutas, as\u00ed como varias bebidas de \u00e1cido l\u00e1ctico y la leche de coco y la leche de man\u00ed y almendras, lo contienen. Tiene una fuerte capacidad emulsionante, conserva el valor nutricional del jugo de fruta, es f\u00e1cilmente absorbido por el cuerpo, mejora la viscosidad y da como resultado un producto puro y estable que es dif\u00edcil de precipitar. Cuando se usa maltodextrina en bebidas deportivas, es simple mantener en equilibrio el metabolismo de la energ\u00eda t\u00e9rmica del cuerpo y causa poco malestar gastrointestinal durante la digesti\u00f3n y la absorci\u00f3n.<\/p>\n<p>5. Las part\u00edculas de hielo, cuando se utilizan en comidas congeladas como helados, paletas o paletas de hielo, se expanden finamente, tienen una viscosidad agradable, dulzura moderada, poco o nada de colesterol, sabor puro, caen limpias y saben bien.<\/p>\n<p>6. Puede fortalecer la estructura, evitar que el caramelo se lije o se derrita y hacerlo m\u00e1s resistente. Reduce las enfermedades dentales, disminuye la tendencia de los dulces a pegarse a los dientes, mejora el sabor, detiene la deliquescencia y aumenta la vida \u00fatil al reducir la dulzura.<\/p>\n<p>7. Forma completa, superficie lisa, color vibrante, efecto de apariencia agradable; se utiliza en galletas y otros platos r\u00e1pidos. La comida tiene un nivel de dulzura moderado y es crujiente y excelente. Tiene una larga vida \u00fatil, deja pocos residuos, tiene pocos elementos defectuosos y no se adhiere a los dientes.<\/p>\n<p>8. La maltodextrina se utiliza principalmente para mejorar la consistencia, la estructura, el sabor y la apariencia de muchas comidas y sopas enlatadas. Se agrega a alimentos, especias, aceites en polvo y condimentos s\u00f3lidos como relleno y agente diluyente. Esto ayuda a evitar que el producto se humedezca demasiado o se formen grumos y facilita su almacenamiento. Adem\u00e1s, se puede utilizar en aceites en polvo en lugar de aceite.<\/p>\n<p>9. Los productos c\u00e1rnicos como las salchichas y el jam\u00f3n pueden beneficiarse de la fuerte adhesividad y las cualidades espesantes de la maltodextrina. Esto puede hacer que el producto tenga mejor sabor, sea m\u00e1s f\u00e1cil de envasar y dar forma y tenga una vida \u00fatil m\u00e1s larga.<\/p>\n<h2><span class=\"ez-toc-section\" id=\"Pregunta_formulada_por_un_usuario\"><\/span>Pregunta formulada por un usuario:<span class=\"ez-toc-section-end\"><\/span><\/h2>\n<p>Pregunta: \u00bfLa maltodextrina y el aspartamo son lo mismo?<\/p>\n<p>R: La maltodextrina es un edulcorante polisac\u00e1rido, que se obtiene normalmente a partir de la hidr\u00f3lisis del almid\u00f3n. Tiene un dulzor relativamente ligero y se utiliza principalmente para mejorar el sabor y el dulzor de los alimentos. Se encuentra frecuentemente presente en caramelos, bebidas y postres. El aspartamo es un edulcorante artificial de alta intensidad, unas 200 veces m\u00e1s dulce que la sacarosa. Qu\u00edmicamente, el aspartamo es un dip\u00e9ptido compuesto de fenilalanina y \u00e1cido asp\u00e1rtico, por lo que su efecto edulcorante es muy fuerte. El aspartamo se utiliza habitualmente en productos sin az\u00facar o con bajo contenido de az\u00facar, como bebidas, caramelos, chicles, etc.<\/p>\n","protected":false},"excerpt":{"rendered":"<ul>\n<li>CAS: 9050-36-6<\/li>\n<li>F\u00f3rmula qu\u00edmica: (C<sub>6<\/sub>H<sub>10<\/sub>O<sub>5<\/sub>)n<\/li>\n<li>Certificaci\u00f3n: KOSHER, ISO, HALAL, FSSC22000, BRC, etc.<\/li>\n<li>Valor DE: 5-8 \/ 10-12 \/ 15-20 \/ 28-30 \/ 35-40<\/li>\n<li>Cantidad m\u00ednima de pedido: 1000KG<\/li>\n<li>Caducidad: 2 a\u00f1os<\/li>\n<\/ul>\n","protected":false},"featured_media":5746,"template":"","meta":{"site-sidebar-layout":"default","site-content-layout":"","ast-site-content-layout":"default","site-content-style":"default","site-sidebar-style":"default","ast-global-header-display":"","ast-banner-title-visibility":"","ast-main-header-display":"","ast-hfb-above-header-display":"","ast-hfb-below-header-display":"","ast-hfb-mobile-header-display":"","site-post-title":"","ast-breadcrumbs-content":"","ast-featured-img":"","footer-sml-layout":"","theme-transparent-header-meta":"default","adv-header-id-meta":"","stick-header-meta":"","header-above-stick-meta":"","header-main-stick-meta":"","header-below-stick-meta":"","astra-migrate-meta-layouts":"set","ast-page-background-enabled":"default","ast-page-background-meta":{"desktop":{"background-color":"var(--ast-global-color-4)","background-image":"","background-repeat":"repeat","background-position":"center center","background-size":"auto","background-attachment":"scroll","background-type":"","background-media":"","overlay-type":"","overlay-color":"","overlay-opacity":"","overlay-gradient":""},"tablet":{"background-color":"","background-image":"","background-repeat":"repeat","background-position":"center center","background-size":"auto","background-attachment":"scroll","background-type":"","background-media":"","overlay-type":"","overlay-color":"","overlay-opacity":"","overlay-gradient":""},"mobile":{"background-color":"","background-image":"","background-repeat":"repeat","background-position":"center center","background-size":"auto","background-attachment":"scroll","background-type":"","background-media":"","overlay-type":"","overlay-color":"","overlay-opacity":"","overlay-gradient":""}},"ast-content-background-meta":{"desktop":{"background-color":"var(--ast-global-color-5)","background-image":"","background-repeat":"repeat","background-position":"center center","background-size":"auto","background-attachment":"scroll","background-type":"","background-media":"","overlay-type":"","overlay-color":"","overlay-opacity":"","overlay-gradient":""},"tablet":{"background-color":"var(--ast-global-color-5)","background-image":"","background-repeat":"repeat","background-position":"center center","background-size":"auto","background-attachment":"scroll","background-type":"","background-media":"","overlay-type":"","overlay-color":"","overlay-opacity":"","overlay-gradient":""},"mobile":{"background-color":"var(--ast-global-color-5)","background-image":"","background-repeat":"repeat","background-position":"center center","background-size":"auto","background-attachment":"scroll","background-type":"","background-media":"","overlay-type":"","overlay-color":"","overlay-opacity":"","overlay-gradient":""}}},"product_brand":[],"product_cat":[78],"product_tag":[],"class_list":{"0":"post-8408","1":"product","2":"type-product","3":"status-publish","4":"has-post-thumbnail","6":"product_cat-producto-edulcorante","7":"desktop-align-center","8":"tablet-align-left","9":"mobile-align-left","11":"first","12":"instock","13":"shipping-taxable","14":"product-type-simple"},"yoast_head":"<!-- This site is optimized with the Yoast SEO plugin v26.5 - https:\/\/yoast.com\/wordpress\/plugins\/seo\/ -->\n<title>Maltodextrina en Polvo a Granel, Comprar Maltodextrina Aditivo A Precio Econ\u00f3mico | Niranbio Chemical<\/title>\n<meta name=\"description\" content=\"Nuestra maltodextrina, disponible en tama\u00f1os de malla regulares de 5-8, 10-12, 15-20, 28-30, 35-40, ofrece una excelente solubilidad, sabor neutro y alta pureza.\" \/>\n<meta name=\"robots\" content=\"noindex, follow, max-snippet:-1, max-image-preview:large, max-video-preview:-1\" \/>\n<meta name=\"twitter:label1\" content=\"Tiempo de lectura\" \/>\n\t<meta name=\"twitter:data1\" content=\"5 minutos\" \/>\n<script type=\"application\/ld+json\" class=\"yoast-schema-graph\">{\"@context\":\"https:\/\/schema.org\",\"@graph\":[{\"@type\":\"WebPage\",\"@id\":\"https:\/\/theo.niranbio.com\/es\/maltodextrina.html\",\"url\":\"https:\/\/theo.niranbio.com\/es\/maltodextrina.html\",\"name\":\"Maltodextrina en Polvo a Granel, Comprar Maltodextrina Aditivo A Precio Econ\u00f3mico | Niranbio Chemical\",\"isPartOf\":{\"@id\":\"https:\/\/theo.niranbio.com\/es\/#website\"},\"primaryImageOfPage\":{\"@id\":\"https:\/\/theo.niranbio.com\/es\/maltodextrina.html#primaryimage\"},\"image\":{\"@id\":\"https:\/\/theo.niranbio.com\/es\/maltodextrina.html#primaryimage\"},\"thumbnailUrl\":\"https:\/\/theo.niranbio.com\/wp-content\/uploads\/2024\/06\/Maltodextrin-powder.webp\",\"datePublished\":\"2024-06-20T01:34:12+00:00\",\"dateModified\":\"2024-08-16T05:31:05+00:00\",\"description\":\"Nuestra maltodextrina, disponible en tama\u00f1os de malla regulares de 5-8, 10-12, 15-20, 28-30, 35-40, ofrece una excelente solubilidad, sabor neutro y alta pureza.\",\"breadcrumb\":{\"@id\":\"https:\/\/theo.niranbio.com\/es\/maltodextrina.html#breadcrumb\"},\"inLanguage\":\"es\",\"potentialAction\":[{\"@type\":\"ReadAction\",\"target\":[\"https:\/\/theo.niranbio.com\/es\/maltodextrina.html\"]}]},{\"@type\":\"ImageObject\",\"inLanguage\":\"es\",\"@id\":\"https:\/\/theo.niranbio.com\/es\/maltodextrina.html#primaryimage\",\"url\":\"https:\/\/theo.niranbio.com\/wp-content\/uploads\/2024\/06\/Maltodextrin-powder.webp\",\"contentUrl\":\"https:\/\/theo.niranbio.com\/wp-content\/uploads\/2024\/06\/Maltodextrin-powder.webp\",\"width\":600,\"height\":600,\"caption\":\"Polvo de maltodextrina\"},{\"@type\":\"BreadcrumbList\",\"@id\":\"https:\/\/theo.niranbio.com\/es\/maltodextrina.html#breadcrumb\",\"itemListElement\":[{\"@type\":\"ListItem\",\"position\":1,\"name\":\"Home\",\"item\":\"https:\/\/theo.niranbio.com\/es\/\"},{\"@type\":\"ListItem\",\"position\":2,\"name\":\"Productos\",\"item\":\"https:\/\/theo.niranbio.com\/es\/productos.html\"},{\"@type\":\"ListItem\",\"position\":3,\"name\":\"Edulcorantes\",\"item\":\"https:\/\/theo.niranbio.com\/es\/producto-edulcorante\/\"},{\"@type\":\"ListItem\",\"position\":4,\"name\":\"Maltodextrina en polvo\"}]},{\"@type\":\"WebSite\",\"@id\":\"https:\/\/theo.niranbio.com\/es\/#website\",\"url\":\"https:\/\/theo.niranbio.com\/es\/\",\"name\":\"Niranbio Chemical\",\"description\":\"\",\"publisher\":{\"@id\":\"https:\/\/theo.niranbio.com\/es\/#organization\"},\"potentialAction\":[{\"@type\":\"SearchAction\",\"target\":{\"@type\":\"EntryPoint\",\"urlTemplate\":\"https:\/\/theo.niranbio.com\/es\/?s={search_term_string}\"},\"query-input\":{\"@type\":\"PropertyValueSpecification\",\"valueRequired\":true,\"valueName\":\"search_term_string\"}}],\"inLanguage\":\"es\"},{\"@type\":\"Organization\",\"@id\":\"https:\/\/theo.niranbio.com\/es\/#organization\",\"name\":\"Niranbio Chemical\",\"url\":\"https:\/\/theo.niranbio.com\/es\/\",\"logo\":{\"@type\":\"ImageObject\",\"inLanguage\":\"es\",\"@id\":\"https:\/\/theo.niranbio.com\/es\/#\/schema\/logo\/image\/\",\"url\":\"https:\/\/theo.niranbio.com\/wp-content\/uploads\/2024\/06\/Niranbio.png\",\"contentUrl\":\"https:\/\/theo.niranbio.com\/wp-content\/uploads\/2024\/06\/Niranbio.png\",\"width\":270,\"height\":100,\"caption\":\"Niranbio Chemical\"},\"image\":{\"@id\":\"https:\/\/theo.niranbio.com\/es\/#\/schema\/logo\/image\/\"}}]}<\/script>\n<!-- \/ Yoast SEO plugin. -->","yoast_head_json":{"title":"Maltodextrina en Polvo a Granel, Comprar Maltodextrina Aditivo A Precio Econ\u00f3mico | Niranbio Chemical","description":"Nuestra maltodextrina, disponible en tama\u00f1os de malla regulares de 5-8, 10-12, 15-20, 28-30, 35-40, ofrece una excelente solubilidad, sabor neutro y alta pureza.","robots":{"index":"noindex","follow":"follow","max-snippet":"max-snippet:-1","max-image-preview":"max-image-preview:large","max-video-preview":"max-video-preview:-1"},"twitter_misc":{"Tiempo de lectura":"5 minutos"},"schema":{"@context":"https:\/\/schema.org","@graph":[{"@type":"WebPage","@id":"https:\/\/theo.niranbio.com\/es\/maltodextrina.html","url":"https:\/\/theo.niranbio.com\/es\/maltodextrina.html","name":"Maltodextrina en Polvo a Granel, Comprar Maltodextrina Aditivo A Precio Econ\u00f3mico | Niranbio Chemical","isPartOf":{"@id":"https:\/\/theo.niranbio.com\/es\/#website"},"primaryImageOfPage":{"@id":"https:\/\/theo.niranbio.com\/es\/maltodextrina.html#primaryimage"},"image":{"@id":"https:\/\/theo.niranbio.com\/es\/maltodextrina.html#primaryimage"},"thumbnailUrl":"https:\/\/theo.niranbio.com\/wp-content\/uploads\/2024\/06\/Maltodextrin-powder.webp","datePublished":"2024-06-20T01:34:12+00:00","dateModified":"2024-08-16T05:31:05+00:00","description":"Nuestra maltodextrina, disponible en tama\u00f1os de malla regulares de 5-8, 10-12, 15-20, 28-30, 35-40, ofrece una excelente solubilidad, sabor neutro y alta pureza.","breadcrumb":{"@id":"https:\/\/theo.niranbio.com\/es\/maltodextrina.html#breadcrumb"},"inLanguage":"es","potentialAction":[{"@type":"ReadAction","target":["https:\/\/theo.niranbio.com\/es\/maltodextrina.html"]}]},{"@type":"ImageObject","inLanguage":"es","@id":"https:\/\/theo.niranbio.com\/es\/maltodextrina.html#primaryimage","url":"https:\/\/theo.niranbio.com\/wp-content\/uploads\/2024\/06\/Maltodextrin-powder.webp","contentUrl":"https:\/\/theo.niranbio.com\/wp-content\/uploads\/2024\/06\/Maltodextrin-powder.webp","width":600,"height":600,"caption":"Polvo de maltodextrina"},{"@type":"BreadcrumbList","@id":"https:\/\/theo.niranbio.com\/es\/maltodextrina.html#breadcrumb","itemListElement":[{"@type":"ListItem","position":1,"name":"Home","item":"https:\/\/theo.niranbio.com\/es\/"},{"@type":"ListItem","position":2,"name":"Productos","item":"https:\/\/theo.niranbio.com\/es\/productos.html"},{"@type":"ListItem","position":3,"name":"Edulcorantes","item":"https:\/\/theo.niranbio.com\/es\/producto-edulcorante\/"},{"@type":"ListItem","position":4,"name":"Maltodextrina en polvo"}]},{"@type":"WebSite","@id":"https:\/\/theo.niranbio.com\/es\/#website","url":"https:\/\/theo.niranbio.com\/es\/","name":"Niranbio Chemical","description":"","publisher":{"@id":"https:\/\/theo.niranbio.com\/es\/#organization"},"potentialAction":[{"@type":"SearchAction","target":{"@type":"EntryPoint","urlTemplate":"https:\/\/theo.niranbio.com\/es\/?s={search_term_string}"},"query-input":{"@type":"PropertyValueSpecification","valueRequired":true,"valueName":"search_term_string"}}],"inLanguage":"es"},{"@type":"Organization","@id":"https:\/\/theo.niranbio.com\/es\/#organization","name":"Niranbio Chemical","url":"https:\/\/theo.niranbio.com\/es\/","logo":{"@type":"ImageObject","inLanguage":"es","@id":"https:\/\/theo.niranbio.com\/es\/#\/schema\/logo\/image\/","url":"https:\/\/theo.niranbio.com\/wp-content\/uploads\/2024\/06\/Niranbio.png","contentUrl":"https:\/\/theo.niranbio.com\/wp-content\/uploads\/2024\/06\/Niranbio.png","width":270,"height":100,"caption":"Niranbio Chemical"},"image":{"@id":"https:\/\/theo.niranbio.com\/es\/#\/schema\/logo\/image\/"}}]}},"_links":{"self":[{"href":"https:\/\/theo.niranbio.com\/es\/wp-json\/wp\/v2\/product\/8408","targetHints":{"allow":["GET"]}}],"collection":[{"href":"https:\/\/theo.niranbio.com\/es\/wp-json\/wp\/v2\/product"}],"about":[{"href":"https:\/\/theo.niranbio.com\/es\/wp-json\/wp\/v2\/types\/product"}],"version-history":[{"count":0,"href":"https:\/\/theo.niranbio.com\/es\/wp-json\/wp\/v2\/product\/8408\/revisions"}],"wp:featuredmedia":[{"embeddable":true,"href":"https:\/\/theo.niranbio.com\/es\/wp-json\/wp\/v2\/media\/5746"}],"wp:attachment":[{"href":"https:\/\/theo.niranbio.com\/es\/wp-json\/wp\/v2\/media?parent=8408"}],"wp:term":[{"taxonomy":"product_brand","embeddable":true,"href":"https:\/\/theo.niranbio.com\/es\/wp-json\/wp\/v2\/product_brand?post=8408"},{"taxonomy":"product_cat","embeddable":true,"href":"https:\/\/theo.niranbio.com\/es\/wp-json\/wp\/v2\/product_cat?post=8408"},{"taxonomy":"product_tag","embeddable":true,"href":"https:\/\/theo.niranbio.com\/es\/wp-json\/wp\/v2\/product_tag?post=8408"}],"curies":[{"name":"wp","href":"https:\/\/api.w.org\/{rel}","templated":true}]}}