{"id":8405,"date":"2024-06-20T10:23:05","date_gmt":"2024-06-20T02:23:05","guid":{"rendered":"https:\/\/theo.niranbio.com\/estearato-de-magnesio\/"},"modified":"2024-08-15T15:56:08","modified_gmt":"2024-08-15T07:56:08","slug":"estearato-de-magnesio","status":"publish","type":"product","link":"https:\/\/theo.niranbio.com\/es\/estearato-de-magnesio.html","title":{"rendered":"Estearato de magnesio de grado alimenticio"},"content":{"rendered":"<h2><span class=\"ez-toc-section\" id=\"%C2%BFQue_es_el_estearato_de_magnesio\"><\/span>\u00bfQu\u00e9 es el estearato de magnesio?<span class=\"ez-toc-section-end\"><\/span><\/h2>\n<p>El estearato de magnesio es un compuesto org\u00e1nico que aparece como un polvo fino blanco sin arena. Se emplea principalmente como espesante en la industria alimentaria, tiene una sensaci\u00f3n grasosa al contacto con la piel y es insoluble en agua, etanol o \u00e9ter.<\/p>\n<p>El estearato de magnesio se produce principalmente en China neutralizando los \u00e1cidos grasos con sales de magnesio en condiciones adecuadas, separando y purificando el estearato de magnesio resultante, lo que tambi\u00e9n incluye pasos de filtrado, lavado y secado para eliminar las materias primas que no han reaccionado y otras impurezas, y luego triturando el estearato de magnesio purificado para obtener el polvo de estearato de magnesio terminado.<\/p>\n<h2><span class=\"ez-toc-section\" id=\"Parametros_relacionados\"><\/span>Par\u00e1metros relacionados:<span class=\"ez-toc-section-end\"><\/span><\/h2>\n<table>\n<tbody>\n<tr>\n<td><strong>ART\u00cdCULOS<\/strong><\/td>\n<td><strong>ESPECIFICACI\u00d3N<\/strong><\/td>\n<\/tr>\n<tr>\n<td>Identificaci\u00f3n A<\/td>\n<td>Las pruebas del Magnesio<\/td>\n<\/tr>\n<tr>\n<td>Identificaci\u00f3n B<\/td>\n<td>conforme<\/td>\n<\/tr>\n<tr>\n<td>Acidez o alcalinidad<\/td>\n<td>conforma<\/td>\n<\/tr>\n<tr>\n<td>P\u00e9rdida por secado<\/td>\n<td>\u22646.0%<\/td>\n<\/tr>\n<tr>\n<td>Cloruro<\/td>\n<td>\u22640.1%<\/td>\n<\/tr>\n<tr>\n<td>Sulfatos<\/td>\n<td>\u22641.0%<\/td>\n<\/tr>\n<tr>\n<td>Plomo<\/td>\n<td>\u226410ppm<\/td>\n<\/tr>\n<tr>\n<td>Cadmio<\/td>\n<td>\u22643ppm<\/td>\n<\/tr>\n<tr>\n<td>N\u00edquel<\/td>\n<td>\u22645ppm<\/td>\n<\/tr>\n<tr>\n<td>\u00c1cido este\u00e1rico<\/td>\n<td>\u226540.0%<\/td>\n<\/tr>\n<tr>\n<td>\u00c1cido este\u00e1rico&amp;\u00c1cido palm\u00edtico<\/td>\n<td>\u226590.0%<\/td>\n<\/tr>\n<tr>\n<td>Ensayo (Mg)<\/td>\n<td>4.0-5%-5.0%<\/td>\n<\/tr>\n<tr>\n<td>TAMC<\/td>\n<td>\u22641000CFU\/g<\/td>\n<\/tr>\n<tr>\n<td>TYMC<\/td>\n<td>\u2264500CFU\/g<\/td>\n<\/tr>\n<tr>\n<td>Escherichia coli<\/td>\n<td>Ausente<\/td>\n<\/tr>\n<tr>\n<td>Especies de Salmonella<\/td>\n<td>Ausente<\/td>\n<\/tr>\n<\/tbody>\n<\/table>\n<h2><span class=\"ez-toc-section\" id=\"Dosis_recomendada\"><\/span>Dosis recomendada:<span class=\"ez-toc-section-end\"><\/span><\/h2>\n<table>\n<tbody>\n<tr>\n<td><strong>Nombre del alimento<\/strong><\/td>\n<td><strong>Uso m\u00e1ximo (g\/kg)<\/strong><\/td>\n<\/tr>\n<tr>\n<td>Crema<\/td>\n<td>1-5 g\/kg<\/td>\n<\/tr>\n<tr>\n<td>Helado<\/td>\n<td>1-3 g\/kg<\/td>\n<\/tr>\n<tr>\n<td>Queso<\/td>\n<td>2-5<\/td>\n<\/tr>\n<tr>\n<td>Pan<\/td>\n<td>1-3<\/td>\n<\/tr>\n<tr>\n<td>Galletas y pasteles<\/td>\n<td>2-5<\/td>\n<\/tr>\n<tr>\n<td>Productos de chocolate<\/td>\n<td>2-6<\/td>\n<\/tr>\n<tr>\n<td>Caramelos duros y blandos<\/td>\n<td>1-3<\/td>\n<\/tr>\n<tr>\n<td>Coberturas de chocolate<\/td>\n<td>3-5<\/td>\n<\/tr>\n<tr>\n<td>Ali\u00f1os para ensaladas y encurtidos<\/td>\n<td>2-5<\/td>\n<\/tr>\n<tr>\n<td>Salsas<\/td>\n<td>1-3<\/td>\n<\/tr>\n<tr>\n<td>Alimentos enlatados<\/td>\n<td>1-4<\/td>\n<\/tr>\n<tr>\n<td>Salchichas y jam\u00f3n<\/td>\n<td>1-3<\/td>\n<\/tr>\n<tr>\n<td>Productos c\u00e1rnicos procesados<\/td>\n<td>2-4<\/td>\n<\/tr>\n<tr>\n<td>Bebidas l\u00e1cteas<\/td>\n<td>1-4<\/td>\n<\/tr>\n<tr>\n<td>Bebidas carbonatadas<\/td>\n<td>1-3<\/td>\n<\/tr>\n<tr>\n<td>Bebidas de zumo<\/td>\n<td>1-3<\/td>\n<\/tr>\n<\/tbody>\n<\/table>\n<h2><span class=\"ez-toc-section\" id=\"El_estearato_de_magnesio_tiene_una_amplia_gama_de_usos\"><\/span>El estearato de magnesio tiene una amplia gama de usos<span class=\"ez-toc-section-end\"><\/span><\/h2>\n<p>1. Lubricante: el estearato de magnesio se usa a menudo en el procesamiento de alimentos debido a sus excelentes propiedades lubricantes, especialmente para evitar que los alimentos se peguen y mejorar la eficiencia de la producci\u00f3n.<\/p>\n<p>2. Agente antiadherente: en la producci\u00f3n de dulces como caramelos y chocolate, el estearato de magnesio como agente antiadherente puede prevenir eficazmente la adhesi\u00f3n entre los alimentos y los moldes o envases, y mantener la integridad y la apariencia de los alimentos.<\/p>\n<p>3. Estabilizador: el estearato de magnesio se puede utilizar como estabilizador para ayudar a mejorar la textura y el sabor de los alimentos, y en productos como productos l\u00e1cteos, pan y galletas, ayuda a extender la vida \u00fatil y mantener una buena calidad.<\/p>\n<p>4. Agente desmoldante: En la fabricaci\u00f3n de productos horneados como pasteles y galletas, el estearato de magnesio se utiliza como agente desmoldante para ayudar a retirar f\u00e1cilmente el producto terminado del molde y mantener la integridad y apariencia del producto.<\/p>\n<p>5. Agente antiaglomerante: El estearato de magnesio tambi\u00e9n se puede utilizar como agente antiaglomerante para evitar que las part\u00edculas en los alimentos se aglomeren durante el procesamiento y almacenamiento, y mantener la textura y el sabor uniformes de los alimentos.<\/p>\n<p>6. Espesante: El estearato de magnesio tambi\u00e9n act\u00faa como espesante en algunos alimentos, especialmente en alimentos grasosos como chocolate, salsas y sopas condensadas, lo que puede aumentar su viscosidad y sabor y mejorar la textura de los alimentos.<\/p>\n<h2><span class=\"ez-toc-section\" id=\"Pregunta_formulada_por_un_usuario\"><\/span>Pregunta formulada por un usuario:<span class=\"ez-toc-section-end\"><\/span><\/h2>\n<p>Pregunta: \u00bfLa ingesti\u00f3n de estearato de magnesio provocar\u00e1 efectos negativos para la salud?<\/p>\n<p>Respuesta: El estearato de magnesio es un aditivo alimentario de uso com\u00fan, que se utiliza principalmente para mejorar las caracter\u00edsticas de procesamiento y la calidad de los alimentos, como mejorar la lubricidad, evitar la adhesi\u00f3n y aumentar la estabilidad. En general, el estearato de magnesio es seguro de usar de acuerdo con la dosis recomendada y no tendr\u00e1 efectos adversos en la mayor\u00eda de los cuerpos humanos. Sin embargo, el consumo excesivo puede provocar molestias gastrointestinales desagradables, como malestar estomacal o diarrea.<\/p>\n<p>Pregunta: \u00bfPuedo tomar estearato de magnesio con glicinato de magnesio?<\/p>\n<p>Respuesta: Tanto el estearato de magnesio como el glicinato de magnesio son suplementos de magnesio comunes que se utilizan a menudo para tratar la deficiencia de magnesio o aumentar la ingesta de magnesio. Por lo general, son seguros y se pueden utilizar juntos. Pero es mejor consultar a un m\u00e9dico o farmac\u00e9utico antes de usarlos para asegurarse de que sean adecuados y seguros para su situaci\u00f3n personal. Pueden ayudarlo a determinar la dosis adecuada y las posibles interacciones.<\/p>\n","protected":false},"excerpt":{"rendered":"<ul>\n<li>CAS: 557-04-0<\/li>\n<li>F\u00f3rmula qu\u00edmica: C<sub>36<\/sub>H<sub>70<\/sub>MgO<sub>4<\/sub><\/li>\n<li>Certificaci\u00f3n: KOSHER, ISO, HALAL, FSSC22000, BRC, etc.<\/li>\n<li>Norma: USP<\/li>\n<li>Cantidad m\u00ednima de pedido: 1000KG<\/li>\n<li>Caducidad: 2 a\u00f1os<\/li>\n<\/ul>\n","protected":false},"featured_media":5902,"template":"","meta":{"site-sidebar-layout":"default","site-content-layout":"","ast-site-content-layout":"default","site-content-style":"default","site-sidebar-style":"default","ast-global-header-display":"","ast-banner-title-visibility":"","ast-main-header-display":"","ast-hfb-above-header-display":"","ast-hfb-below-header-display":"","ast-hfb-mobile-header-display":"","site-post-title":"","ast-breadcrumbs-content":"","ast-featured-img":"","footer-sml-layout":"","theme-transparent-header-meta":"default","adv-header-id-meta":"","stick-header-meta":"","header-above-stick-meta":"","header-main-stick-meta":"","header-below-stick-meta":"","astra-migrate-meta-layouts":"set","ast-page-background-enabled":"default","ast-page-background-meta":{"desktop":{"background-color":"var(--ast-global-color-4)","background-image":"","background-repeat":"repeat","background-position":"center center","background-size":"auto","background-attachment":"scroll","background-type":"","background-media":"","overlay-type":"","overlay-color":"","overlay-opacity":"","overlay-gradient":""},"tablet":{"background-color":"","background-image":"","background-repeat":"repeat","background-position":"center center","background-size":"auto","background-attachment":"scroll","background-type":"","background-media":"","overlay-type":"","overlay-color":"","overlay-opacity":"","overlay-gradient":""},"mobile":{"background-color":"","background-image":"","background-repeat":"repeat","background-position":"center center","background-size":"auto","background-attachment":"scroll","background-type":"","background-media":"","overlay-type":"","overlay-color":"","overlay-opacity":"","overlay-gradient":""}},"ast-content-background-meta":{"desktop":{"background-color":"var(--ast-global-color-5)","background-image":"","background-repeat":"repeat","background-position":"center center","background-size":"auto","background-attachment":"scroll","background-type":"","background-media":"","overlay-type":"","overlay-color":"","overlay-opacity":"","overlay-gradient":""},"tablet":{"background-color":"var(--ast-global-color-5)","background-image":"","background-repeat":"repeat","background-position":"center center","background-size":"auto","background-attachment":"scroll","background-type":"","background-media":"","overlay-type":"","overlay-color":"","overlay-opacity":"","overlay-gradient":""},"mobile":{"background-color":"var(--ast-global-color-5)","background-image":"","background-repeat":"repeat","background-position":"center center","background-size":"auto","background-attachment":"scroll","background-type":"","background-media":"","overlay-type":"","overlay-color":"","overlay-opacity":"","overlay-gradient":""}}},"product_brand":[],"product_cat":[80],"product_tag":[],"class_list":{"0":"post-8405","1":"product","2":"type-product","3":"status-publish","4":"has-post-thumbnail","6":"product_cat-producto-espesante","7":"desktop-align-center","8":"tablet-align-left","9":"mobile-align-left","11":"first","12":"instock","13":"shipping-taxable","14":"product-type-simple"},"yoast_head":"<!-- This site is optimized with the Yoast SEO plugin v26.5 - https:\/\/yoast.com\/wordpress\/plugins\/seo\/ -->\n<title>Estearato Magnesio Aditivo, Precio del Polvo de Estearato de Magnesio E470b | Niranbio Chemical<\/title>\n<meta name=\"description\" content=\"Compre estearato de magnesio de grado alimenticio de Niran, nuestro estearato de magnesio E470b es un compuesto org\u00e1nico que aparece como un polvo fino blanco sin arena.\" \/>\n<meta name=\"robots\" content=\"noindex, follow, max-snippet:-1, max-image-preview:large, max-video-preview:-1\" \/>\n<meta name=\"twitter:label1\" content=\"Tiempo de lectura\" \/>\n\t<meta name=\"twitter:data1\" content=\"4 minutos\" \/>\n<script type=\"application\/ld+json\" class=\"yoast-schema-graph\">{\"@context\":\"https:\/\/schema.org\",\"@graph\":[{\"@type\":\"WebPage\",\"@id\":\"https:\/\/theo.niranbio.com\/es\/estearato-de-magnesio.html\",\"url\":\"https:\/\/theo.niranbio.com\/es\/estearato-de-magnesio.html\",\"name\":\"Estearato Magnesio Aditivo, Precio del Polvo de Estearato de Magnesio E470b | Niranbio Chemical\",\"isPartOf\":{\"@id\":\"https:\/\/theo.niranbio.com\/es\/#website\"},\"primaryImageOfPage\":{\"@id\":\"https:\/\/theo.niranbio.com\/es\/estearato-de-magnesio.html#primaryimage\"},\"image\":{\"@id\":\"https:\/\/theo.niranbio.com\/es\/estearato-de-magnesio.html#primaryimage\"},\"thumbnailUrl\":\"https:\/\/theo.niranbio.com\/wp-content\/uploads\/2024\/06\/Magnesium-stearate-food-grade.webp\",\"datePublished\":\"2024-06-20T02:23:05+00:00\",\"dateModified\":\"2024-08-15T07:56:08+00:00\",\"description\":\"Compre estearato de magnesio de grado alimenticio de Niran, nuestro estearato de magnesio E470b es un compuesto org\u00e1nico que aparece como un polvo fino blanco sin arena.\",\"breadcrumb\":{\"@id\":\"https:\/\/theo.niranbio.com\/es\/estearato-de-magnesio.html#breadcrumb\"},\"inLanguage\":\"es\",\"potentialAction\":[{\"@type\":\"ReadAction\",\"target\":[\"https:\/\/theo.niranbio.com\/es\/estearato-de-magnesio.html\"]}]},{\"@type\":\"ImageObject\",\"inLanguage\":\"es\",\"@id\":\"https:\/\/theo.niranbio.com\/es\/estearato-de-magnesio.html#primaryimage\",\"url\":\"https:\/\/theo.niranbio.com\/wp-content\/uploads\/2024\/06\/Magnesium-stearate-food-grade.webp\",\"contentUrl\":\"https:\/\/theo.niranbio.com\/wp-content\/uploads\/2024\/06\/Magnesium-stearate-food-grade.webp\",\"width\":600,\"height\":600,\"caption\":\"Estearato de magnesio de grado alimenticio\"},{\"@type\":\"BreadcrumbList\",\"@id\":\"https:\/\/theo.niranbio.com\/es\/estearato-de-magnesio.html#breadcrumb\",\"itemListElement\":[{\"@type\":\"ListItem\",\"position\":1,\"name\":\"Home\",\"item\":\"https:\/\/theo.niranbio.com\/es\/\"},{\"@type\":\"ListItem\",\"position\":2,\"name\":\"Productos\",\"item\":\"https:\/\/theo.niranbio.com\/es\/productos.html\"},{\"@type\":\"ListItem\",\"position\":3,\"name\":\"Espesantes\",\"item\":\"https:\/\/theo.niranbio.com\/es\/producto-espesante\/\"},{\"@type\":\"ListItem\",\"position\":4,\"name\":\"Estearato de magnesio de grado alimenticio\"}]},{\"@type\":\"WebSite\",\"@id\":\"https:\/\/theo.niranbio.com\/es\/#website\",\"url\":\"https:\/\/theo.niranbio.com\/es\/\",\"name\":\"Niranbio Chemical\",\"description\":\"\",\"publisher\":{\"@id\":\"https:\/\/theo.niranbio.com\/es\/#organization\"},\"potentialAction\":[{\"@type\":\"SearchAction\",\"target\":{\"@type\":\"EntryPoint\",\"urlTemplate\":\"https:\/\/theo.niranbio.com\/es\/?s={search_term_string}\"},\"query-input\":{\"@type\":\"PropertyValueSpecification\",\"valueRequired\":true,\"valueName\":\"search_term_string\"}}],\"inLanguage\":\"es\"},{\"@type\":\"Organization\",\"@id\":\"https:\/\/theo.niranbio.com\/es\/#organization\",\"name\":\"Niranbio Chemical\",\"url\":\"https:\/\/theo.niranbio.com\/es\/\",\"logo\":{\"@type\":\"ImageObject\",\"inLanguage\":\"es\",\"@id\":\"https:\/\/theo.niranbio.com\/es\/#\/schema\/logo\/image\/\",\"url\":\"https:\/\/theo.niranbio.com\/wp-content\/uploads\/2024\/06\/Niranbio.png\",\"contentUrl\":\"https:\/\/theo.niranbio.com\/wp-content\/uploads\/2024\/06\/Niranbio.png\",\"width\":270,\"height\":100,\"caption\":\"Niranbio Chemical\"},\"image\":{\"@id\":\"https:\/\/theo.niranbio.com\/es\/#\/schema\/logo\/image\/\"}}]}<\/script>\n<!-- \/ Yoast SEO plugin. -->","yoast_head_json":{"title":"Estearato Magnesio Aditivo, Precio del Polvo de Estearato de Magnesio E470b | Niranbio Chemical","description":"Compre estearato de magnesio de grado alimenticio de Niran, nuestro estearato de magnesio E470b es un compuesto org\u00e1nico que aparece como un polvo fino blanco sin arena.","robots":{"index":"noindex","follow":"follow","max-snippet":"max-snippet:-1","max-image-preview":"max-image-preview:large","max-video-preview":"max-video-preview:-1"},"twitter_misc":{"Tiempo de lectura":"4 minutos"},"schema":{"@context":"https:\/\/schema.org","@graph":[{"@type":"WebPage","@id":"https:\/\/theo.niranbio.com\/es\/estearato-de-magnesio.html","url":"https:\/\/theo.niranbio.com\/es\/estearato-de-magnesio.html","name":"Estearato Magnesio Aditivo, Precio del Polvo de Estearato de Magnesio E470b | Niranbio Chemical","isPartOf":{"@id":"https:\/\/theo.niranbio.com\/es\/#website"},"primaryImageOfPage":{"@id":"https:\/\/theo.niranbio.com\/es\/estearato-de-magnesio.html#primaryimage"},"image":{"@id":"https:\/\/theo.niranbio.com\/es\/estearato-de-magnesio.html#primaryimage"},"thumbnailUrl":"https:\/\/theo.niranbio.com\/wp-content\/uploads\/2024\/06\/Magnesium-stearate-food-grade.webp","datePublished":"2024-06-20T02:23:05+00:00","dateModified":"2024-08-15T07:56:08+00:00","description":"Compre estearato de magnesio de grado alimenticio de Niran, nuestro estearato de magnesio E470b es un compuesto org\u00e1nico que aparece como un polvo fino blanco sin arena.","breadcrumb":{"@id":"https:\/\/theo.niranbio.com\/es\/estearato-de-magnesio.html#breadcrumb"},"inLanguage":"es","potentialAction":[{"@type":"ReadAction","target":["https:\/\/theo.niranbio.com\/es\/estearato-de-magnesio.html"]}]},{"@type":"ImageObject","inLanguage":"es","@id":"https:\/\/theo.niranbio.com\/es\/estearato-de-magnesio.html#primaryimage","url":"https:\/\/theo.niranbio.com\/wp-content\/uploads\/2024\/06\/Magnesium-stearate-food-grade.webp","contentUrl":"https:\/\/theo.niranbio.com\/wp-content\/uploads\/2024\/06\/Magnesium-stearate-food-grade.webp","width":600,"height":600,"caption":"Estearato de magnesio de grado alimenticio"},{"@type":"BreadcrumbList","@id":"https:\/\/theo.niranbio.com\/es\/estearato-de-magnesio.html#breadcrumb","itemListElement":[{"@type":"ListItem","position":1,"name":"Home","item":"https:\/\/theo.niranbio.com\/es\/"},{"@type":"ListItem","position":2,"name":"Productos","item":"https:\/\/theo.niranbio.com\/es\/productos.html"},{"@type":"ListItem","position":3,"name":"Espesantes","item":"https:\/\/theo.niranbio.com\/es\/producto-espesante\/"},{"@type":"ListItem","position":4,"name":"Estearato de magnesio de grado alimenticio"}]},{"@type":"WebSite","@id":"https:\/\/theo.niranbio.com\/es\/#website","url":"https:\/\/theo.niranbio.com\/es\/","name":"Niranbio Chemical","description":"","publisher":{"@id":"https:\/\/theo.niranbio.com\/es\/#organization"},"potentialAction":[{"@type":"SearchAction","target":{"@type":"EntryPoint","urlTemplate":"https:\/\/theo.niranbio.com\/es\/?s={search_term_string}"},"query-input":{"@type":"PropertyValueSpecification","valueRequired":true,"valueName":"search_term_string"}}],"inLanguage":"es"},{"@type":"Organization","@id":"https:\/\/theo.niranbio.com\/es\/#organization","name":"Niranbio Chemical","url":"https:\/\/theo.niranbio.com\/es\/","logo":{"@type":"ImageObject","inLanguage":"es","@id":"https:\/\/theo.niranbio.com\/es\/#\/schema\/logo\/image\/","url":"https:\/\/theo.niranbio.com\/wp-content\/uploads\/2024\/06\/Niranbio.png","contentUrl":"https:\/\/theo.niranbio.com\/wp-content\/uploads\/2024\/06\/Niranbio.png","width":270,"height":100,"caption":"Niranbio Chemical"},"image":{"@id":"https:\/\/theo.niranbio.com\/es\/#\/schema\/logo\/image\/"}}]}},"_links":{"self":[{"href":"https:\/\/theo.niranbio.com\/es\/wp-json\/wp\/v2\/product\/8405","targetHints":{"allow":["GET"]}}],"collection":[{"href":"https:\/\/theo.niranbio.com\/es\/wp-json\/wp\/v2\/product"}],"about":[{"href":"https:\/\/theo.niranbio.com\/es\/wp-json\/wp\/v2\/types\/product"}],"version-history":[{"count":0,"href":"https:\/\/theo.niranbio.com\/es\/wp-json\/wp\/v2\/product\/8405\/revisions"}],"wp:featuredmedia":[{"embeddable":true,"href":"https:\/\/theo.niranbio.com\/es\/wp-json\/wp\/v2\/media\/5902"}],"wp:attachment":[{"href":"https:\/\/theo.niranbio.com\/es\/wp-json\/wp\/v2\/media?parent=8405"}],"wp:term":[{"taxonomy":"product_brand","embeddable":true,"href":"https:\/\/theo.niranbio.com\/es\/wp-json\/wp\/v2\/product_brand?post=8405"},{"taxonomy":"product_cat","embeddable":true,"href":"https:\/\/theo.niranbio.com\/es\/wp-json\/wp\/v2\/product_cat?post=8405"},{"taxonomy":"product_tag","embeddable":true,"href":"https:\/\/theo.niranbio.com\/es\/wp-json\/wp\/v2\/product_tag?post=8405"}],"curies":[{"name":"wp","href":"https:\/\/api.w.org\/{rel}","templated":true}]}}