{"id":8404,"date":"2024-06-20T09:34:49","date_gmt":"2024-06-20T01:34:49","guid":{"rendered":"https:\/\/theo.niranbio.com\/eritritol-de-calidad-alimentaria\/"},"modified":"2024-08-16T13:25:26","modified_gmt":"2024-08-16T05:25:26","slug":"eritritol-de-calidad-alimentaria","status":"publish","type":"product","link":"https:\/\/theo.niranbio.com\/es\/eritritol-de-calidad-alimentaria.html","title":{"rendered":"Eritritol de calidad alimentaria"},"content":{"rendered":"<h2><span class=\"ez-toc-section\" id=\"%C2%BFQue_es_el_eritritol\"><\/span>\u00bfQu\u00e9 es el eritritol?<span class=\"ez-toc-section-end\"><\/span><\/h2>\n<p>El eritritol es un edulcorante de relleno que se encuentra ampliamente en la naturaleza. Se puede producir mediante la fermentaci\u00f3n de glucosa para producir polvo cristalino blanco o gr\u00e1nulos que se utilizan como edulcorante en una variedad de alimentos. La fermentaci\u00f3n microbiana y la s\u00edntesis qu\u00edmica son las dos formas principales en las que se produce el eritritol, pero la fermentaci\u00f3n es el m\u00e9todo m\u00e1s com\u00fan. Tiene una sensaci\u00f3n refrescante, un valor cal\u00f3rico bajo (aproximadamente una d\u00e9cima parte del de la sacarosa) y es ligeramente dulce (una dulzura relativa de 0,65). Por lo general, las materias primas ricas en almid\u00f3n, como el trigo o el ma\u00edz, se degradan mediante enzimas para producir glucosa, y luego se fermentan mediante cepas de producci\u00f3n, se filtran, se separan por cromatograf\u00eda, se purifican, se concentran, se cristalizan, se separan y se secan para producir finalmente eritritol.<\/p>\n<h2><span class=\"ez-toc-section\" id=\"Parametros_relacionados\"><\/span>Par\u00e1metros relacionados:<span class=\"ez-toc-section-end\"><\/span><\/h2>\n<table>\n<tbody>\n<tr>\n<td><strong>Art\u00edculos<\/strong><\/td>\n<td><strong>Normas<\/strong><\/td>\n<\/tr>\n<tr>\n<td>Ensayo (en base seca)<\/td>\n<td>99.5-100%-100.5%<\/td>\n<\/tr>\n<tr>\n<td>Valor del pH<\/td>\n<td>5.0~7.0<\/td>\n<\/tr>\n<tr>\n<td>Ceniza<\/td>\n<td>0,1% M\u00e1x.<\/td>\n<\/tr>\n<tr>\n<td>P\u00e9rdida por secado<\/td>\n<td>0,2% M\u00e1x.<\/td>\n<\/tr>\n<tr>\n<td>Az\u00facar reductor<\/td>\n<td>0,3% M\u00e1x<\/td>\n<\/tr>\n<tr>\n<td>Ribitol y glicerol<\/td>\n<td>0,1% M\u00e1x.<\/td>\n<\/tr>\n<tr>\n<td>Intervalo de fusi\u00f3n<\/td>\n<td>119\u2103 a 123\u2103<\/td>\n<\/tr>\n<tr>\n<td>Plomo(Pb)<\/td>\n<td>0,5 ppm m\u00e1x.<\/td>\n<\/tr>\n<tr>\n<td>Metales pesados(Pb)<\/td>\n<td>1 ppm m\u00e1x.<\/td>\n<\/tr>\n<tr>\n<td>Como<\/td>\n<td>0,3 ppm M\u00e1x<\/td>\n<\/tr>\n<tr>\n<td>Cont de bacterias<\/td>\n<td>300 ufc\/g M\u00e1x<\/td>\n<\/tr>\n<tr>\n<td>Mohos y levaduras Coliformes m\u00e1ximos<\/td>\n<td>100 ufc\/g<\/td>\n<\/tr>\n<tr>\n<td>Dosis m\u00e1xima recomendada<\/td>\n<td>0,3MPN\/g<\/td>\n<\/tr>\n<\/tbody>\n<\/table>\n<h2><span class=\"ez-toc-section\" id=\"Dosis_recomendada\"><\/span>Dosis recomendada<span class=\"ez-toc-section-end\"><\/span><\/h2>\n<table>\n<tbody>\n<tr>\n<td><strong>Nombre del alimento<\/strong><\/td>\n<td><strong>Uso m\u00e1ximo (g\/kg)<\/strong><\/td>\n<\/tr>\n<tr>\n<td>Industria de bebidas<\/td>\n<td>2-5 g\/kg<\/td>\n<\/tr>\n<tr>\n<td>Industria del zumo<\/td>\n<td>3-7 g\/kg<\/td>\n<\/tr>\n<tr>\n<td>Industria del aceite comestible<\/td>\n<td>4-8 g\/kg<\/td>\n<\/tr>\n<tr>\n<td>Industria de encurtidos<\/td>\n<td>5-10 g\/kg<\/td>\n<\/tr>\n<tr>\n<td>Industria de transformaci\u00f3n del pescado<\/td>\n<td>4-8 g\/kg<\/td>\n<\/tr>\n<tr>\n<td>Industria c\u00e1rnica<\/td>\n<td>5-10 g\/kg<\/td>\n<\/tr>\n<tr>\n<td>Industria confitera<\/td>\n<td>3-7 g\/kg<\/td>\n<\/tr>\n<tr>\n<td>Industria panadera<\/td>\n<td>4-8 g\/kg<\/td>\n<\/tr>\n<tr>\n<td>Industria de condimentos<\/td>\n<td>4-8 g\/kg<\/td>\n<\/tr>\n<tr>\n<td>Industria del almid\u00f3n y sus derivados<\/td>\n<td>4-8 g\/kg<\/td>\n<\/tr>\n<tr>\n<td>Industria de alimentos inflados<\/td>\n<td>4-8 g\/kg<\/td>\n<\/tr>\n<\/tbody>\n<\/table>\n<h2><span class=\"ez-toc-section\" id=\"El_eritritol_tiene_una_amplia_gama_de_usos\"><\/span>El eritritol tiene una amplia gama de usos<span class=\"ez-toc-section-end\"><\/span><\/h2>\n<ol>\n<li>El eritritol tiene calor\u00edas extremadamente bajas y es adecuado para productos que requieren dulzor bajo en calor\u00edas, como bocadillos saludables y alimentos diet\u00e9ticos.<\/li>\n<li>Puede mejorar el sabor de los productos y dar a los alimentos un sabor y una solubilidad similares a la sacarosa, especialmente en caramelos, helados y postres.<\/li>\n<li>El eritritol es relativamente estable en condiciones de alta temperatura y es adecuado para alimentos que requieren procesamiento o horneado a alta temperatura, como productos horneados y productos enlatados.<\/li>\n<li>El eritritol no se metaboliza f\u00e1cilmente por las bacterias bucales y no causa erosi\u00f3n \u00e1cida en los dientes. Es un edulcorante apto para los dientes. 5. El eritritol tiene un \u00edndice gluc\u00e9mico bajo y es apto para diab\u00e9ticos y se puede utilizar como sustituto del az\u00facar.<\/li>\n<\/ol>\n<h2><span class=\"ez-toc-section\" id=\"Pregunta_formulada_por_un_usuario\"><\/span>Pregunta formulada por un usuario:<span class=\"ez-toc-section-end\"><\/span><\/h2>\n<p>Pregunta: \u00bfCu\u00e1l es m\u00e1s aceptable para el cuerpo humano, la stevia o el eritritol?<\/p>\n<p>Respuesta: La stevia se considera m\u00e1s cercana a la dulzura natural debido a su origen natural y cero calor\u00edas, y es adecuada para consumidores con una fuerte conciencia de la salud. Sin embargo, algunas personas pueden no estar acostumbradas a su sabor ligeramente amargo. El eritritol tiene un sabor m\u00e1s parecido a la sacarosa y no tiene un regusto obvio, que es m\u00e1s cercano al sabor del az\u00facar tradicional y es m\u00e1s aceptable para la mayor\u00eda de las personas. Tampoco tiene efectos adversos sobre la salud bucal o el az\u00facar en sangre.<\/p>\n<p>Pregunta: \u00bfExiste alguna diferencia entre el aspartamo y el eritritol?<\/p>\n<p>Respuesta: Aunque el eritritol y el aspartamo son edulcorantes, sus propiedades qu\u00edmicas y caracter\u00edsticas de uso son diferentes. El eritritol es m\u00e1s similar a la estructura del az\u00facar, mientras que el aspartamo es similar a los amino\u00e1cidos. El eritritol es un edulcorante de volumen y un alcohol de az\u00facar de cuatro carbonos que se puede utilizar ampliamente en alimentos y bebidas. El eritritol tiene un sabor dulce y no se digiere ni se absorbe. En comparaci\u00f3n con otros alcoholes de az\u00facar, el eritritol tiene poco efecto sobre los niveles de az\u00facar e insulina en sangre y no es propenso a causar molestias gastrointestinales. A\u00f1adido a bebidas, medicamentos o chicles sin az\u00facar como sustituto del az\u00facar, el aspartamo es un oligosac\u00e1rido funcional natural, con alto contenido de az\u00facar y bajas calor\u00edas.<\/p>\n","protected":false},"excerpt":{"rendered":"<ul>\n<li>CAS: 149-32-6<\/li>\n<li>F\u00f3rmula qu\u00edmica:C<sub>4<\/sub>H<sub>10<\/sub>O<sub>4<\/sub><\/li>\n<li>Certificaci\u00f3n: KOSHER, ISO, HALAL, FSSC22000, BRC, etc.<\/li>\n<li>Norma: USP<\/li>\n<li>Cantidad m\u00ednima de pedido: 1000KG<\/li>\n<li>Vida \u00fatil: 3 a\u00f1os<\/li>\n<\/ul>\n","protected":false},"featured_media":5743,"template":"","meta":{"site-sidebar-layout":"default","site-content-layout":"","ast-site-content-layout":"default","site-content-style":"default","site-sidebar-style":"default","ast-global-header-display":"","ast-banner-title-visibility":"","ast-main-header-display":"","ast-hfb-above-header-display":"","ast-hfb-below-header-display":"","ast-hfb-mobile-header-display":"","site-post-title":"","ast-breadcrumbs-content":"","ast-featured-img":"","footer-sml-layout":"","theme-transparent-header-meta":"default","adv-header-id-meta":"","stick-header-meta":"","header-above-stick-meta":"","header-main-stick-meta":"","header-below-stick-meta":"","astra-migrate-meta-layouts":"set","ast-page-background-enabled":"default","ast-page-background-meta":{"desktop":{"background-color":"var(--ast-global-color-4)","background-image":"","background-repeat":"repeat","background-position":"center center","background-size":"auto","background-attachment":"scroll","background-type":"","background-media":"","overlay-type":"","overlay-color":"","overlay-opacity":"","overlay-gradient":""},"tablet":{"background-color":"","background-image":"","background-repeat":"repeat","background-position":"center center","background-size":"auto","background-attachment":"scroll","background-type":"","background-media":"","overlay-type":"","overlay-color":"","overlay-opacity":"","overlay-gradient":""},"mobile":{"background-color":"","background-image":"","background-repeat":"repeat","background-position":"center center","background-size":"auto","background-attachment":"scroll","background-type":"","background-media":"","overlay-type":"","overlay-color":"","overlay-opacity":"","overlay-gradient":""}},"ast-content-background-meta":{"desktop":{"background-color":"var(--ast-global-color-5)","background-image":"","background-repeat":"repeat","background-position":"center center","background-size":"auto","background-attachment":"scroll","background-type":"","background-media":"","overlay-type":"","overlay-color":"","overlay-opacity":"","overlay-gradient":""},"tablet":{"background-color":"var(--ast-global-color-5)","background-image":"","background-repeat":"repeat","background-position":"center center","background-size":"auto","background-attachment":"scroll","background-type":"","background-media":"","overlay-type":"","overlay-color":"","overlay-opacity":"","overlay-gradient":""},"mobile":{"background-color":"var(--ast-global-color-5)","background-image":"","background-repeat":"repeat","background-position":"center center","background-size":"auto","background-attachment":"scroll","background-type":"","background-media":"","overlay-type":"","overlay-color":"","overlay-opacity":"","overlay-gradient":""}}},"product_brand":[],"product_cat":[78],"product_tag":[],"class_list":{"0":"post-8404","1":"product","2":"type-product","3":"status-publish","4":"has-post-thumbnail","6":"product_cat-producto-edulcorante","7":"desktop-align-center","8":"tablet-align-left","9":"mobile-align-left","11":"first","12":"instock","13":"shipping-taxable","14":"product-type-simple"},"yoast_head":"<!-- This site is optimized with the Yoast SEO plugin v26.5 - https:\/\/yoast.com\/wordpress\/plugins\/seo\/ -->\n<title>Polvo de Eritritol al por Mayor, Comprar Polvo de Eritritol A Precio Econ\u00f3mico | Niranbio Chemical<\/title>\n<meta name=\"description\" content=\"Ofrecemos eritritol (E968) de grado alimenticio, un edulcorante natural sin calor\u00edas con alta tolerancia digestiva, solubilidad y estabilidad t\u00e9rmica, ideal para productos sin az\u00facar.\" \/>\n<meta name=\"robots\" content=\"noindex, follow, max-snippet:-1, max-image-preview:large, max-video-preview:-1\" \/>\n<meta name=\"twitter:label1\" content=\"Tiempo de lectura\" \/>\n\t<meta name=\"twitter:data1\" content=\"4 minutos\" \/>\n<script type=\"application\/ld+json\" class=\"yoast-schema-graph\">{\"@context\":\"https:\/\/schema.org\",\"@graph\":[{\"@type\":\"WebPage\",\"@id\":\"https:\/\/theo.niranbio.com\/es\/eritritol-de-calidad-alimentaria.html\",\"url\":\"https:\/\/theo.niranbio.com\/es\/eritritol-de-calidad-alimentaria.html\",\"name\":\"Polvo de Eritritol al por Mayor, Comprar Polvo de Eritritol A Precio Econ\u00f3mico | Niranbio Chemical\",\"isPartOf\":{\"@id\":\"https:\/\/theo.niranbio.com\/es\/#website\"},\"primaryImageOfPage\":{\"@id\":\"https:\/\/theo.niranbio.com\/es\/eritritol-de-calidad-alimentaria.html#primaryimage\"},\"image\":{\"@id\":\"https:\/\/theo.niranbio.com\/es\/eritritol-de-calidad-alimentaria.html#primaryimage\"},\"thumbnailUrl\":\"https:\/\/theo.niranbio.com\/wp-content\/uploads\/2024\/06\/Erythritol.webp\",\"datePublished\":\"2024-06-20T01:34:49+00:00\",\"dateModified\":\"2024-08-16T05:25:26+00:00\",\"description\":\"Ofrecemos eritritol (E968) de grado alimenticio, un edulcorante natural sin calor\u00edas con alta tolerancia digestiva, solubilidad y estabilidad t\u00e9rmica, ideal para productos sin az\u00facar.\",\"breadcrumb\":{\"@id\":\"https:\/\/theo.niranbio.com\/es\/eritritol-de-calidad-alimentaria.html#breadcrumb\"},\"inLanguage\":\"es\",\"potentialAction\":[{\"@type\":\"ReadAction\",\"target\":[\"https:\/\/theo.niranbio.com\/es\/eritritol-de-calidad-alimentaria.html\"]}]},{\"@type\":\"ImageObject\",\"inLanguage\":\"es\",\"@id\":\"https:\/\/theo.niranbio.com\/es\/eritritol-de-calidad-alimentaria.html#primaryimage\",\"url\":\"https:\/\/theo.niranbio.com\/wp-content\/uploads\/2024\/06\/Erythritol.webp\",\"contentUrl\":\"https:\/\/theo.niranbio.com\/wp-content\/uploads\/2024\/06\/Erythritol.webp\",\"width\":600,\"height\":600,\"caption\":\"Eritritol\"},{\"@type\":\"BreadcrumbList\",\"@id\":\"https:\/\/theo.niranbio.com\/es\/eritritol-de-calidad-alimentaria.html#breadcrumb\",\"itemListElement\":[{\"@type\":\"ListItem\",\"position\":1,\"name\":\"Home\",\"item\":\"https:\/\/theo.niranbio.com\/es\/\"},{\"@type\":\"ListItem\",\"position\":2,\"name\":\"Productos\",\"item\":\"https:\/\/theo.niranbio.com\/es\/productos.html\"},{\"@type\":\"ListItem\",\"position\":3,\"name\":\"Edulcorantes\",\"item\":\"https:\/\/theo.niranbio.com\/es\/producto-edulcorante\/\"},{\"@type\":\"ListItem\",\"position\":4,\"name\":\"Eritritol de calidad alimentaria\"}]},{\"@type\":\"WebSite\",\"@id\":\"https:\/\/theo.niranbio.com\/es\/#website\",\"url\":\"https:\/\/theo.niranbio.com\/es\/\",\"name\":\"Niranbio Chemical\",\"description\":\"\",\"publisher\":{\"@id\":\"https:\/\/theo.niranbio.com\/es\/#organization\"},\"potentialAction\":[{\"@type\":\"SearchAction\",\"target\":{\"@type\":\"EntryPoint\",\"urlTemplate\":\"https:\/\/theo.niranbio.com\/es\/?s={search_term_string}\"},\"query-input\":{\"@type\":\"PropertyValueSpecification\",\"valueRequired\":true,\"valueName\":\"search_term_string\"}}],\"inLanguage\":\"es\"},{\"@type\":\"Organization\",\"@id\":\"https:\/\/theo.niranbio.com\/es\/#organization\",\"name\":\"Niranbio Chemical\",\"url\":\"https:\/\/theo.niranbio.com\/es\/\",\"logo\":{\"@type\":\"ImageObject\",\"inLanguage\":\"es\",\"@id\":\"https:\/\/theo.niranbio.com\/es\/#\/schema\/logo\/image\/\",\"url\":\"https:\/\/theo.niranbio.com\/wp-content\/uploads\/2024\/06\/Niranbio.png\",\"contentUrl\":\"https:\/\/theo.niranbio.com\/wp-content\/uploads\/2024\/06\/Niranbio.png\",\"width\":270,\"height\":100,\"caption\":\"Niranbio Chemical\"},\"image\":{\"@id\":\"https:\/\/theo.niranbio.com\/es\/#\/schema\/logo\/image\/\"}}]}<\/script>\n<!-- \/ Yoast SEO plugin. -->","yoast_head_json":{"title":"Polvo de Eritritol al por Mayor, Comprar Polvo de Eritritol A Precio Econ\u00f3mico | Niranbio Chemical","description":"Ofrecemos eritritol (E968) de grado alimenticio, un edulcorante natural sin calor\u00edas con alta tolerancia digestiva, solubilidad y estabilidad t\u00e9rmica, ideal para productos sin az\u00facar.","robots":{"index":"noindex","follow":"follow","max-snippet":"max-snippet:-1","max-image-preview":"max-image-preview:large","max-video-preview":"max-video-preview:-1"},"twitter_misc":{"Tiempo de lectura":"4 minutos"},"schema":{"@context":"https:\/\/schema.org","@graph":[{"@type":"WebPage","@id":"https:\/\/theo.niranbio.com\/es\/eritritol-de-calidad-alimentaria.html","url":"https:\/\/theo.niranbio.com\/es\/eritritol-de-calidad-alimentaria.html","name":"Polvo de Eritritol al por Mayor, Comprar Polvo de Eritritol A Precio Econ\u00f3mico | Niranbio Chemical","isPartOf":{"@id":"https:\/\/theo.niranbio.com\/es\/#website"},"primaryImageOfPage":{"@id":"https:\/\/theo.niranbio.com\/es\/eritritol-de-calidad-alimentaria.html#primaryimage"},"image":{"@id":"https:\/\/theo.niranbio.com\/es\/eritritol-de-calidad-alimentaria.html#primaryimage"},"thumbnailUrl":"https:\/\/theo.niranbio.com\/wp-content\/uploads\/2024\/06\/Erythritol.webp","datePublished":"2024-06-20T01:34:49+00:00","dateModified":"2024-08-16T05:25:26+00:00","description":"Ofrecemos eritritol (E968) de grado alimenticio, un edulcorante natural sin calor\u00edas con alta tolerancia digestiva, solubilidad y estabilidad t\u00e9rmica, ideal para productos sin az\u00facar.","breadcrumb":{"@id":"https:\/\/theo.niranbio.com\/es\/eritritol-de-calidad-alimentaria.html#breadcrumb"},"inLanguage":"es","potentialAction":[{"@type":"ReadAction","target":["https:\/\/theo.niranbio.com\/es\/eritritol-de-calidad-alimentaria.html"]}]},{"@type":"ImageObject","inLanguage":"es","@id":"https:\/\/theo.niranbio.com\/es\/eritritol-de-calidad-alimentaria.html#primaryimage","url":"https:\/\/theo.niranbio.com\/wp-content\/uploads\/2024\/06\/Erythritol.webp","contentUrl":"https:\/\/theo.niranbio.com\/wp-content\/uploads\/2024\/06\/Erythritol.webp","width":600,"height":600,"caption":"Eritritol"},{"@type":"BreadcrumbList","@id":"https:\/\/theo.niranbio.com\/es\/eritritol-de-calidad-alimentaria.html#breadcrumb","itemListElement":[{"@type":"ListItem","position":1,"name":"Home","item":"https:\/\/theo.niranbio.com\/es\/"},{"@type":"ListItem","position":2,"name":"Productos","item":"https:\/\/theo.niranbio.com\/es\/productos.html"},{"@type":"ListItem","position":3,"name":"Edulcorantes","item":"https:\/\/theo.niranbio.com\/es\/producto-edulcorante\/"},{"@type":"ListItem","position":4,"name":"Eritritol de calidad alimentaria"}]},{"@type":"WebSite","@id":"https:\/\/theo.niranbio.com\/es\/#website","url":"https:\/\/theo.niranbio.com\/es\/","name":"Niranbio Chemical","description":"","publisher":{"@id":"https:\/\/theo.niranbio.com\/es\/#organization"},"potentialAction":[{"@type":"SearchAction","target":{"@type":"EntryPoint","urlTemplate":"https:\/\/theo.niranbio.com\/es\/?s={search_term_string}"},"query-input":{"@type":"PropertyValueSpecification","valueRequired":true,"valueName":"search_term_string"}}],"inLanguage":"es"},{"@type":"Organization","@id":"https:\/\/theo.niranbio.com\/es\/#organization","name":"Niranbio Chemical","url":"https:\/\/theo.niranbio.com\/es\/","logo":{"@type":"ImageObject","inLanguage":"es","@id":"https:\/\/theo.niranbio.com\/es\/#\/schema\/logo\/image\/","url":"https:\/\/theo.niranbio.com\/wp-content\/uploads\/2024\/06\/Niranbio.png","contentUrl":"https:\/\/theo.niranbio.com\/wp-content\/uploads\/2024\/06\/Niranbio.png","width":270,"height":100,"caption":"Niranbio Chemical"},"image":{"@id":"https:\/\/theo.niranbio.com\/es\/#\/schema\/logo\/image\/"}}]}},"_links":{"self":[{"href":"https:\/\/theo.niranbio.com\/es\/wp-json\/wp\/v2\/product\/8404","targetHints":{"allow":["GET"]}}],"collection":[{"href":"https:\/\/theo.niranbio.com\/es\/wp-json\/wp\/v2\/product"}],"about":[{"href":"https:\/\/theo.niranbio.com\/es\/wp-json\/wp\/v2\/types\/product"}],"version-history":[{"count":0,"href":"https:\/\/theo.niranbio.com\/es\/wp-json\/wp\/v2\/product\/8404\/revisions"}],"wp:featuredmedia":[{"embeddable":true,"href":"https:\/\/theo.niranbio.com\/es\/wp-json\/wp\/v2\/media\/5743"}],"wp:attachment":[{"href":"https:\/\/theo.niranbio.com\/es\/wp-json\/wp\/v2\/media?parent=8404"}],"wp:term":[{"taxonomy":"product_brand","embeddable":true,"href":"https:\/\/theo.niranbio.com\/es\/wp-json\/wp\/v2\/product_brand?post=8404"},{"taxonomy":"product_cat","embeddable":true,"href":"https:\/\/theo.niranbio.com\/es\/wp-json\/wp\/v2\/product_cat?post=8404"},{"taxonomy":"product_tag","embeddable":true,"href":"https:\/\/theo.niranbio.com\/es\/wp-json\/wp\/v2\/product_tag?post=8404"}],"curies":[{"name":"wp","href":"https:\/\/api.w.org\/{rel}","templated":true}]}}