{"id":8400,"date":"2024-06-20T09:35:25","date_gmt":"2024-06-20T01:35:25","guid":{"rendered":"https:\/\/theo.niranbio.com\/dextrosa-monohidrato\/"},"modified":"2024-08-16T13:19:33","modified_gmt":"2024-08-16T05:19:33","slug":"dextrosa-monohidrato","status":"publish","type":"product","link":"https:\/\/theo.niranbio.com\/es\/dextrosa-monohidrato.html","title":{"rendered":"Dextrosa Monohidrato"},"content":{"rendered":"<h2><span class=\"ez-toc-section\" id=\"%C2%BFQue_es_la_dextrosa_monohidrato\"><\/span>\u00bfQu\u00e9 es la dextrosa monohidrato?<span class=\"ez-toc-section-end\"><\/span><\/h2>\n<p>El material org\u00e1nico conocido como dextrosa monohidrato tiene una superficie blanca en polvo. Es estable a temperatura y presi\u00f3n ambiente, tiene un sabor dulce, es soluble en agua y disolventes alcoh\u00f3licos y es insoluble en disolventes de \u00e9ter. Proporciona nutrici\u00f3n, dulzura y relleno en los sectores de alimentos y bebidas. Los sectores del cuero y farmac\u00e9utico tambi\u00e9n lo utilizan.<\/p>\n<p>La dextrosa monohidrato se prepara mezclando glucosa con una cantidad adecuada de agua y luego obteniendo cristales de glucosa monohidrato a trav\u00e9s de la cristalizaci\u00f3n en soluci\u00f3n.<\/p>\n<h2><span class=\"ez-toc-section\" id=\"Parametros_relacionados\"><\/span>Par\u00e1metros relacionados:<span class=\"ez-toc-section-end\"><\/span><\/h2>\n<table>\n<tbody>\n<tr>\n<td><strong>Art\u00edculos<\/strong><\/td>\n<td><strong>Normas<\/strong><\/td>\n<\/tr>\n<tr>\n<td>pureza<\/td>\n<td>\u226599.0<\/td>\n<\/tr>\n<tr>\n<td>% de humedad<\/td>\n<td>\u226410.0<\/td>\n<\/tr>\n<tr>\n<td>[ \u03b1 ]D 20 rotaci\u00f3n espec\u00edfica<\/td>\n<td>52.00\u223d53.50<\/td>\n<\/tr>\n<tr>\n<td>ceniza sulfatada %<\/td>\n<td>\u22640.25<\/td>\n<\/tr>\n<tr>\n<td>valor ph<\/td>\n<td>4.0-6.5<\/td>\n<\/tr>\n<tr>\n<td>cloruro(cl-) %<\/td>\n<td>\u22640.01<\/td>\n<\/tr>\n<tr>\n<td>plomo(mg\/kg)<\/td>\n<td>\u22640.5<\/td>\n<\/tr>\n<tr>\n<td>ars\u00e9nico(mg\/kg)<\/td>\n<td>\u22641<\/td>\n<\/tr>\n<tr>\n<td>cobre(mg\/kg)<\/td>\n<td>\u22645<\/td>\n<\/tr>\n<tr>\n<td>recuento total en placa(ufc\/g)<\/td>\n<td>\u22643000<\/td>\n<\/tr>\n<tr>\n<td>recuento de grupos de coliformes(NMP\/100g)<\/td>\n<td>\u226430<\/td>\n<\/tr>\n<tr>\n<td>recuento de levaduras y mohos (ufc\/g)<\/td>\n<td>\u226460<\/td>\n<\/tr>\n<tr>\n<td>salmonela<\/td>\n<td>NINGUNA<\/td>\n<\/tr>\n<tr>\n<td>shigella<\/td>\n<td>NINGUNA<\/td>\n<\/tr>\n<tr>\n<td>estafilococo \u00e1ureo<\/td>\n<td>NINGUNA<\/td>\n<\/tr>\n<\/tbody>\n<\/table>\n<h2><span class=\"ez-toc-section\" id=\"Dosis_recomendada\"><\/span>Dosis recomendada:<span class=\"ez-toc-section-end\"><\/span><\/h2>\n<table>\n<tbody>\n<tr>\n<td><strong>Nombre del alimento<\/strong><\/td>\n<td><strong>Uso m\u00e1ximo (g\/kg)<\/strong><\/td>\n<\/tr>\n<tr>\n<td>Bebida<\/td>\n<td>5 g\/kg<\/td>\n<\/tr>\n<tr>\n<td>Zumo<\/td>\n<td>7 g\/kg<\/td>\n<\/tr>\n<tr>\n<td>Aceite comestible<\/td>\n<td>8 g\/kg<\/td>\n<\/tr>\n<tr>\n<td>Encurtidos<\/td>\n<td>10 g\/kg<\/td>\n<\/tr>\n<tr>\n<td>Transformaci\u00f3n del pescado<\/td>\n<td>8 g\/kg<\/td>\n<\/tr>\n<tr>\n<td>Procesado de la carne<\/td>\n<td>10 g\/kg<\/td>\n<\/tr>\n<tr>\n<td>Conservas<\/td>\n<td>8 g\/kg<\/td>\n<\/tr>\n<tr>\n<td>Caramelo<\/td>\n<td>7 g\/kg<\/td>\n<\/tr>\n<tr>\n<td>Panader\u00eda<\/td>\n<td>8 g\/kg<\/td>\n<\/tr>\n<tr>\n<td>L\u00e1cteos<\/td>\n<td>7 g\/kg<\/td>\n<\/tr>\n<tr>\n<td>Alimentos congelados<\/td>\n<td>8 g\/kg<\/td>\n<\/tr>\n<tr>\n<td>Condimento<\/td>\n<td>8 g\/kg<\/td>\n<\/tr>\n<tr>\n<td>Almid\u00f3n y sus productos<\/td>\n<td>8 g\/kg<\/td>\n<\/tr>\n<\/tbody>\n<\/table>\n<h2><span class=\"ez-toc-section\" id=\"El_monohidrato_de_dextrosa_tiene_una_amplia_gama_de_usos\"><\/span>El monohidrato de dextrosa tiene una amplia gama de usos<span class=\"ez-toc-section-end\"><\/span><\/h2>\n<ol>\n<li>El monohidrato de dextrosa es una forma de glucosa que proporciona un r\u00e1pido impulso de energ\u00eda. Se absorbe y metaboliza r\u00e1pidamente en el cuerpo, proporcionando a las c\u00e9lulas la energ\u00eda que necesitan.<\/li>\n<li>El monohidrato de dextrosa tiene una alta intensidad de dulzura, pero generalmente es menor que la de la sacarosa. Se puede utilizar como sustituto del az\u00facar para aumentar la dulzura de los alimentos y las bebidas.<\/li>\n<li>Tiene buenas propiedades higrosc\u00f3picas y puede absorber y retener la humedad, lo que ayuda a mejorar la textura de los alimentos y prolongar la vida \u00fatil.<\/li>\n<li>El monohidrato de dextrosa se puede utilizar como fuente de fermentaci\u00f3n de levadura para promover el proceso de fermentaci\u00f3n.<\/li>\n<li>En algunos alimentos, el monohidrato de dextrosa se puede utilizar junto con otros espesantes para mejorar la consistencia y la textura de los alimentos.<\/li>\n<li>Ayuda a mantener la estabilidad de los alimentos y bebidas y evita la estratificaci\u00f3n o separaci\u00f3n de los ingredientes.<\/li>\n<\/ol>\n<h2><span class=\"ez-toc-section\" id=\"Pregunta_del_usuario\"><\/span>Pregunta del usuario:<span class=\"ez-toc-section-end\"><\/span><\/h2>\n<p>Pregunta: \u00bfCu\u00e1l es la diferencia entre el monohidrato de dextrosa y la glucosa anhidra?<\/p>\n<p>Respuesta: El monohidrato de dextrosa y la glucosa anhidra, como dos formas diferentes de glucosa, tienen diferencias obvias en la estructura qu\u00edmica, las propiedades f\u00edsicas, los campos de aplicaci\u00f3n y los procesos de producci\u00f3n.<\/p>\n<p>1. Estructura qu\u00edmica y f\u00f3rmula molecular La dextrosa monohidrato contiene una mol\u00e9cula de glucosa y una mol\u00e9cula de agua cristalina, mientras que la glucosa anhidra contiene solo una mol\u00e9cula de glucosa.<\/p>\n<p>2. Propiedades f\u00edsicas La dextrosa monohidrato aparece como un polvo granular blanco con una superficie brillante, mientras que la glucosa anhidra es un cristal incoloro o un polvo cristalino blanco con un brillo menor. En segundo lugar, la dextrosa monohidrato es ligeramente soluble en etanol, mientras que la glucosa anhidra es menos soluble en etanol. Finalmente, la dextrosa monohidrato tiene un dulzor m\u00e1s alto y un sabor m\u00e1s fresco; mientras que la glucosa anhidra tiene un dulzor relativamente bajo y un sabor m\u00e1s suave.<\/p>\n<p>3. Campos de aplicaci\u00f3n La dextrosa monohidrato se puede utilizar como edulcorante y nutriente en la industria alimentaria debido a su alto dulzor y buena solubilidad. Tambi\u00e9n se puede utilizar como materia prima adicional para medicamentos orales en la profesi\u00f3n m\u00e9dica. La glucosa anhidra se utiliza principalmente para producir inyecciones m\u00e9dicas e infusiones como suplemento nutricional y m\u00e9todo de tratamiento.<\/p>\n","protected":false},"excerpt":{"rendered":"<ul>\n<li>CAS: 5996-10-1<\/li>\n<li>F\u00f3rmula qu\u00edmica: C<sub>6<\/sub>H<sub>14<\/sub>O<sub>7<\/sub><\/li>\n<li>Certificaci\u00f3n: KOSHER, ISO, HALAL, FSSC22000, BRC, etc.<\/li>\n<li>Est\u00e1ndar: USP\/EB<\/li>\n<li>Cantidad m\u00ednima de pedido: 1000KG<\/li>\n<li>Caducidad: 2 a\u00f1os<\/li>\n<\/ul>\n","protected":false},"featured_media":5742,"template":"","meta":{"site-sidebar-layout":"default","site-content-layout":"","ast-site-content-layout":"default","site-content-style":"default","site-sidebar-style":"default","ast-global-header-display":"","ast-banner-title-visibility":"","ast-main-header-display":"","ast-hfb-above-header-display":"","ast-hfb-below-header-display":"","ast-hfb-mobile-header-display":"","site-post-title":"","ast-breadcrumbs-content":"","ast-featured-img":"","footer-sml-layout":"","theme-transparent-header-meta":"default","adv-header-id-meta":"","stick-header-meta":"","header-above-stick-meta":"","header-main-stick-meta":"","header-below-stick-meta":"","astra-migrate-meta-layouts":"set","ast-page-background-enabled":"default","ast-page-background-meta":{"desktop":{"background-color":"var(--ast-global-color-4)","background-image":"","background-repeat":"repeat","background-position":"center center","background-size":"auto","background-attachment":"scroll","background-type":"","background-media":"","overlay-type":"","overlay-color":"","overlay-opacity":"","overlay-gradient":""},"tablet":{"background-color":"","background-image":"","background-repeat":"repeat","background-position":"center center","background-size":"auto","background-attachment":"scroll","background-type":"","background-media":"","overlay-type":"","overlay-color":"","overlay-opacity":"","overlay-gradient":""},"mobile":{"background-color":"","background-image":"","background-repeat":"repeat","background-position":"center center","background-size":"auto","background-attachment":"scroll","background-type":"","background-media":"","overlay-type":"","overlay-color":"","overlay-opacity":"","overlay-gradient":""}},"ast-content-background-meta":{"desktop":{"background-color":"var(--ast-global-color-5)","background-image":"","background-repeat":"repeat","background-position":"center center","background-size":"auto","background-attachment":"scroll","background-type":"","background-media":"","overlay-type":"","overlay-color":"","overlay-opacity":"","overlay-gradient":""},"tablet":{"background-color":"var(--ast-global-color-5)","background-image":"","background-repeat":"repeat","background-position":"center center","background-size":"auto","background-attachment":"scroll","background-type":"","background-media":"","overlay-type":"","overlay-color":"","overlay-opacity":"","overlay-gradient":""},"mobile":{"background-color":"var(--ast-global-color-5)","background-image":"","background-repeat":"repeat","background-position":"center center","background-size":"auto","background-attachment":"scroll","background-type":"","background-media":"","overlay-type":"","overlay-color":"","overlay-opacity":"","overlay-gradient":""}}},"product_brand":[],"product_cat":[78],"product_tag":[],"class_list":{"0":"post-8400","1":"product","2":"type-product","3":"status-publish","4":"has-post-thumbnail","6":"product_cat-producto-edulcorante","7":"desktop-align-center","8":"tablet-align-left","9":"mobile-align-left","11":"first","12":"instock","13":"shipping-taxable","14":"product-type-simple"},"yoast_head":"<!-- This site is optimized with the Yoast SEO plugin v26.5 - https:\/\/yoast.com\/wordpress\/plugins\/seo\/ -->\n<title>Proveedor de Glucosa Monohidratada, Polvo de Dextrosa Monohidrato | Niranbio Chemical<\/title>\n<meta name=\"description\" content=\"Nuestro monohidrato de glucosa tiene una superficie blanca en polvo, alta pureza, excelente solubilidad y sabor dulce, lo que lo hace ideal para aplicaciones alimentarias y farmac\u00e9uticas.\" \/>\n<meta name=\"robots\" content=\"noindex, follow, max-snippet:-1, max-image-preview:large, max-video-preview:-1\" \/>\n<meta name=\"twitter:label1\" content=\"Tiempo de lectura\" \/>\n\t<meta name=\"twitter:data1\" content=\"3 minutos\" \/>\n<script type=\"application\/ld+json\" class=\"yoast-schema-graph\">{\"@context\":\"https:\/\/schema.org\",\"@graph\":[{\"@type\":\"WebPage\",\"@id\":\"https:\/\/theo.niranbio.com\/es\/dextrosa-monohidrato.html\",\"url\":\"https:\/\/theo.niranbio.com\/es\/dextrosa-monohidrato.html\",\"name\":\"Proveedor de Glucosa Monohidratada, Polvo de Dextrosa Monohidrato | Niranbio Chemical\",\"isPartOf\":{\"@id\":\"https:\/\/theo.niranbio.com\/es\/#website\"},\"primaryImageOfPage\":{\"@id\":\"https:\/\/theo.niranbio.com\/es\/dextrosa-monohidrato.html#primaryimage\"},\"image\":{\"@id\":\"https:\/\/theo.niranbio.com\/es\/dextrosa-monohidrato.html#primaryimage\"},\"thumbnailUrl\":\"https:\/\/theo.niranbio.com\/wp-content\/uploads\/2024\/06\/Dextrose-Mononydrate-powder.webp\",\"datePublished\":\"2024-06-20T01:35:25+00:00\",\"dateModified\":\"2024-08-16T05:19:33+00:00\",\"description\":\"Nuestro monohidrato de glucosa tiene una superficie blanca en polvo, alta pureza, excelente solubilidad y sabor dulce, lo que lo hace ideal para aplicaciones alimentarias y farmac\u00e9uticas.\",\"breadcrumb\":{\"@id\":\"https:\/\/theo.niranbio.com\/es\/dextrosa-monohidrato.html#breadcrumb\"},\"inLanguage\":\"es\",\"potentialAction\":[{\"@type\":\"ReadAction\",\"target\":[\"https:\/\/theo.niranbio.com\/es\/dextrosa-monohidrato.html\"]}]},{\"@type\":\"ImageObject\",\"inLanguage\":\"es\",\"@id\":\"https:\/\/theo.niranbio.com\/es\/dextrosa-monohidrato.html#primaryimage\",\"url\":\"https:\/\/theo.niranbio.com\/wp-content\/uploads\/2024\/06\/Dextrose-Mononydrate-powder.webp\",\"contentUrl\":\"https:\/\/theo.niranbio.com\/wp-content\/uploads\/2024\/06\/Dextrose-Mononydrate-powder.webp\",\"width\":600,\"height\":600,\"caption\":\"Dextrosa monohidrato en polvo\"},{\"@type\":\"BreadcrumbList\",\"@id\":\"https:\/\/theo.niranbio.com\/es\/dextrosa-monohidrato.html#breadcrumb\",\"itemListElement\":[{\"@type\":\"ListItem\",\"position\":1,\"name\":\"Home\",\"item\":\"https:\/\/theo.niranbio.com\/es\/\"},{\"@type\":\"ListItem\",\"position\":2,\"name\":\"Productos\",\"item\":\"https:\/\/theo.niranbio.com\/es\/productos.html\"},{\"@type\":\"ListItem\",\"position\":3,\"name\":\"Edulcorantes\",\"item\":\"https:\/\/theo.niranbio.com\/es\/producto-edulcorante\/\"},{\"@type\":\"ListItem\",\"position\":4,\"name\":\"Dextrosa Monohidrato\"}]},{\"@type\":\"WebSite\",\"@id\":\"https:\/\/theo.niranbio.com\/es\/#website\",\"url\":\"https:\/\/theo.niranbio.com\/es\/\",\"name\":\"Niranbio Chemical\",\"description\":\"\",\"publisher\":{\"@id\":\"https:\/\/theo.niranbio.com\/es\/#organization\"},\"potentialAction\":[{\"@type\":\"SearchAction\",\"target\":{\"@type\":\"EntryPoint\",\"urlTemplate\":\"https:\/\/theo.niranbio.com\/es\/?s={search_term_string}\"},\"query-input\":{\"@type\":\"PropertyValueSpecification\",\"valueRequired\":true,\"valueName\":\"search_term_string\"}}],\"inLanguage\":\"es\"},{\"@type\":\"Organization\",\"@id\":\"https:\/\/theo.niranbio.com\/es\/#organization\",\"name\":\"Niranbio Chemical\",\"url\":\"https:\/\/theo.niranbio.com\/es\/\",\"logo\":{\"@type\":\"ImageObject\",\"inLanguage\":\"es\",\"@id\":\"https:\/\/theo.niranbio.com\/es\/#\/schema\/logo\/image\/\",\"url\":\"https:\/\/theo.niranbio.com\/wp-content\/uploads\/2024\/06\/Niranbio.png\",\"contentUrl\":\"https:\/\/theo.niranbio.com\/wp-content\/uploads\/2024\/06\/Niranbio.png\",\"width\":270,\"height\":100,\"caption\":\"Niranbio Chemical\"},\"image\":{\"@id\":\"https:\/\/theo.niranbio.com\/es\/#\/schema\/logo\/image\/\"}}]}<\/script>\n<!-- \/ Yoast SEO plugin. -->","yoast_head_json":{"title":"Proveedor de Glucosa Monohidratada, Polvo de Dextrosa Monohidrato | Niranbio Chemical","description":"Nuestro monohidrato de glucosa tiene una superficie blanca en polvo, alta pureza, excelente solubilidad y sabor dulce, lo que lo hace ideal para aplicaciones alimentarias y farmac\u00e9uticas.","robots":{"index":"noindex","follow":"follow","max-snippet":"max-snippet:-1","max-image-preview":"max-image-preview:large","max-video-preview":"max-video-preview:-1"},"twitter_misc":{"Tiempo de lectura":"3 minutos"},"schema":{"@context":"https:\/\/schema.org","@graph":[{"@type":"WebPage","@id":"https:\/\/theo.niranbio.com\/es\/dextrosa-monohidrato.html","url":"https:\/\/theo.niranbio.com\/es\/dextrosa-monohidrato.html","name":"Proveedor de Glucosa Monohidratada, Polvo de Dextrosa Monohidrato | Niranbio Chemical","isPartOf":{"@id":"https:\/\/theo.niranbio.com\/es\/#website"},"primaryImageOfPage":{"@id":"https:\/\/theo.niranbio.com\/es\/dextrosa-monohidrato.html#primaryimage"},"image":{"@id":"https:\/\/theo.niranbio.com\/es\/dextrosa-monohidrato.html#primaryimage"},"thumbnailUrl":"https:\/\/theo.niranbio.com\/wp-content\/uploads\/2024\/06\/Dextrose-Mononydrate-powder.webp","datePublished":"2024-06-20T01:35:25+00:00","dateModified":"2024-08-16T05:19:33+00:00","description":"Nuestro monohidrato de glucosa tiene una superficie blanca en polvo, alta pureza, excelente solubilidad y sabor dulce, lo que lo hace ideal para aplicaciones alimentarias y farmac\u00e9uticas.","breadcrumb":{"@id":"https:\/\/theo.niranbio.com\/es\/dextrosa-monohidrato.html#breadcrumb"},"inLanguage":"es","potentialAction":[{"@type":"ReadAction","target":["https:\/\/theo.niranbio.com\/es\/dextrosa-monohidrato.html"]}]},{"@type":"ImageObject","inLanguage":"es","@id":"https:\/\/theo.niranbio.com\/es\/dextrosa-monohidrato.html#primaryimage","url":"https:\/\/theo.niranbio.com\/wp-content\/uploads\/2024\/06\/Dextrose-Mononydrate-powder.webp","contentUrl":"https:\/\/theo.niranbio.com\/wp-content\/uploads\/2024\/06\/Dextrose-Mononydrate-powder.webp","width":600,"height":600,"caption":"Dextrosa monohidrato en polvo"},{"@type":"BreadcrumbList","@id":"https:\/\/theo.niranbio.com\/es\/dextrosa-monohidrato.html#breadcrumb","itemListElement":[{"@type":"ListItem","position":1,"name":"Home","item":"https:\/\/theo.niranbio.com\/es\/"},{"@type":"ListItem","position":2,"name":"Productos","item":"https:\/\/theo.niranbio.com\/es\/productos.html"},{"@type":"ListItem","position":3,"name":"Edulcorantes","item":"https:\/\/theo.niranbio.com\/es\/producto-edulcorante\/"},{"@type":"ListItem","position":4,"name":"Dextrosa Monohidrato"}]},{"@type":"WebSite","@id":"https:\/\/theo.niranbio.com\/es\/#website","url":"https:\/\/theo.niranbio.com\/es\/","name":"Niranbio Chemical","description":"","publisher":{"@id":"https:\/\/theo.niranbio.com\/es\/#organization"},"potentialAction":[{"@type":"SearchAction","target":{"@type":"EntryPoint","urlTemplate":"https:\/\/theo.niranbio.com\/es\/?s={search_term_string}"},"query-input":{"@type":"PropertyValueSpecification","valueRequired":true,"valueName":"search_term_string"}}],"inLanguage":"es"},{"@type":"Organization","@id":"https:\/\/theo.niranbio.com\/es\/#organization","name":"Niranbio Chemical","url":"https:\/\/theo.niranbio.com\/es\/","logo":{"@type":"ImageObject","inLanguage":"es","@id":"https:\/\/theo.niranbio.com\/es\/#\/schema\/logo\/image\/","url":"https:\/\/theo.niranbio.com\/wp-content\/uploads\/2024\/06\/Niranbio.png","contentUrl":"https:\/\/theo.niranbio.com\/wp-content\/uploads\/2024\/06\/Niranbio.png","width":270,"height":100,"caption":"Niranbio Chemical"},"image":{"@id":"https:\/\/theo.niranbio.com\/es\/#\/schema\/logo\/image\/"}}]}},"_links":{"self":[{"href":"https:\/\/theo.niranbio.com\/es\/wp-json\/wp\/v2\/product\/8400","targetHints":{"allow":["GET"]}}],"collection":[{"href":"https:\/\/theo.niranbio.com\/es\/wp-json\/wp\/v2\/product"}],"about":[{"href":"https:\/\/theo.niranbio.com\/es\/wp-json\/wp\/v2\/types\/product"}],"version-history":[{"count":0,"href":"https:\/\/theo.niranbio.com\/es\/wp-json\/wp\/v2\/product\/8400\/revisions"}],"wp:featuredmedia":[{"embeddable":true,"href":"https:\/\/theo.niranbio.com\/es\/wp-json\/wp\/v2\/media\/5742"}],"wp:attachment":[{"href":"https:\/\/theo.niranbio.com\/es\/wp-json\/wp\/v2\/media?parent=8400"}],"wp:term":[{"taxonomy":"product_brand","embeddable":true,"href":"https:\/\/theo.niranbio.com\/es\/wp-json\/wp\/v2\/product_brand?post=8400"},{"taxonomy":"product_cat","embeddable":true,"href":"https:\/\/theo.niranbio.com\/es\/wp-json\/wp\/v2\/product_cat?post=8400"},{"taxonomy":"product_tag","embeddable":true,"href":"https:\/\/theo.niranbio.com\/es\/wp-json\/wp\/v2\/product_tag?post=8400"}],"curies":[{"name":"wp","href":"https:\/\/api.w.org\/{rel}","templated":true}]}}