{"id":8399,"date":"2024-06-20T10:23:59","date_gmt":"2024-06-20T02:23:59","guid":{"rendered":"https:\/\/theo.niranbio.com\/goma-konjac\/"},"modified":"2024-08-15T15:53:06","modified_gmt":"2024-08-15T07:53:06","slug":"goma-konjac","status":"publish","type":"product","link":"https:\/\/theo.niranbio.com\/es\/goma-konjac.html","title":{"rendered":"Goma konjac"},"content":{"rendered":"<h2><span class=\"ez-toc-section\" id=\"%C2%BFQue_es_la_goma_konjac\"><\/span>\u00bfQu\u00e9 es la goma konjac?<span class=\"ez-toc-section-end\"><\/span><\/h2>\n<p>La goma de konjac es un polisac\u00e1rido vegetal neutro y altamente soluble con una apariencia de polvo blanco o crema a marr\u00f3n claro. Es b\u00e1sicamente inodoro e ins\u00edpido. Es un alimento bajo en calor\u00edas, bajo en prote\u00ednas y alto en fibra diet\u00e9tica que desempe\u00f1a un papel importante no solo en la industria alimentaria, sino tambi\u00e9n en la agricultura, la medicina y otras industrias.<\/p>\n<p>El proceso de preparaci\u00f3n de la goma de konjac incluye la selecci\u00f3n de la ra\u00edz de konjac, el lavado y pelado, el corte y triturado, la extracci\u00f3n de la soluci\u00f3n de fibra diet\u00e9tica y el filtrado y purificaci\u00f3n, y finalmente la concentraci\u00f3n y secado en un producto en polvo o en bloque. Este proceso garantiza que la goma de konjac mantenga su alto contenido de fibra y una calidad estable, lo que la hace adecuada para su uso como aditivo alimentario.<\/p>\n<h2><span class=\"ez-toc-section\" id=\"Parametros_relacionados\"><\/span>Par\u00e1metros relacionados:<span class=\"ez-toc-section-end\"><\/span><\/h2>\n<table>\n<tbody>\n<tr>\n<td><strong>ART\u00cdCULOS<\/strong><\/td>\n<td><strong>ESPECIFICACI\u00d3N<\/strong><\/td>\n<\/tr>\n<tr>\n<td colspan=\"2\">Calidad anal\u00edtica:<\/td>\n<\/tr>\n<tr>\n<td>Humedad<\/td>\n<td>\u2264 12 %<\/td>\n<\/tr>\n<tr>\n<td>Viscosidad (soluci\u00f3n acuosa al 1%, 60\u00b0C)<\/td>\n<td>\u2265 32.000 mPa.s<\/td>\n<\/tr>\n<tr>\n<td>pH (soluci\u00f3n al 1%)<\/td>\n<td>4 &#8211; 7<\/td>\n<\/tr>\n<tr>\n<td>Contenido en cenizas<\/td>\n<td>\u2264 3 %<\/td>\n<\/tr>\n<tr>\n<td>Almid\u00f3n<\/td>\n<td>\u2264 3 %<\/td>\n<\/tr>\n<tr>\n<td>Prote\u00ednas<\/td>\n<td>\u2264 3 %<\/td>\n<\/tr>\n<tr>\n<td>Materias solubles en \u00e9ter<\/td>\n<td>\u2264 0.1 %<\/td>\n<\/tr>\n<tr>\n<td>Sulfito (SO2)<\/td>\n<td>\u2264 10 ppm*<\/td>\n<\/tr>\n<tr>\n<td>Glucomanano de konjac<\/td>\n<td>\u2265 95 %<\/td>\n<\/tr>\n<tr>\n<td colspan=\"2\">Microbiolog\u00eda:<\/td>\n<\/tr>\n<tr>\n<td>Recuento total de placas<\/td>\n<td>&lt; 100 ufc\/g<\/td>\n<\/tr>\n<tr>\n<td>Levaduras y mohos<\/td>\n<td>&lt; 100 ufc\/g<\/td>\n<\/tr>\n<tr>\n<td>Clostridios<\/td>\n<td>ausente en 1g<\/td>\n<\/tr>\n<tr>\n<td>E. Coli<\/td>\n<td>ausente en 5g<\/td>\n<\/tr>\n<tr>\n<td>Enterobacteriacae<\/td>\n<td>ausente en 10g<\/td>\n<\/tr>\n<tr>\n<td>Salmonella<\/td>\n<td>ausente en 10g<\/td>\n<\/tr>\n<tr>\n<td>S. aureus<\/td>\n<td>ausencia<\/td>\n<\/tr>\n<tr>\n<td colspan=\"2\">Contaminantes:<\/td>\n<\/tr>\n<tr>\n<td>Aflatoxina B1<\/td>\n<td>0,3 ppb<\/td>\n<\/tr>\n<tr>\n<td>Aflatoxina B2<\/td>\n<td>0,2 ppb<\/td>\n<\/tr>\n<tr>\n<td>Aflatoxina G1<\/td>\n<td>0,3 ppb<\/td>\n<\/tr>\n<tr>\n<td>Aflatoxina G2<\/td>\n<td>0,2 ppb<\/td>\n<\/tr>\n<tr>\n<td colspan=\"2\">Metales pesados\uff1a<\/td>\n<\/tr>\n<tr>\n<td>Plomo<\/td>\n<td>\u2264 2 ppm<\/td>\n<\/tr>\n<tr>\n<td>Cadmio<\/td>\n<td>\u2264 1 ppm<\/td>\n<\/tr>\n<tr>\n<td>Mercurio<\/td>\n<td>\u2264 0,1 ppm<\/td>\n<\/tr>\n<tr>\n<td>Ars\u00e9nico<\/td>\n<td>\u2264 2 ppm<\/td>\n<\/tr>\n<\/tbody>\n<\/table>\n<h2><span class=\"ez-toc-section\" id=\"Dosis_recomendada\"><\/span>Dosis recomendada:<span class=\"ez-toc-section-end\"><\/span><\/h2>\n<table>\n<tbody>\n<tr>\n<td><strong>Nombre del alimento<\/strong><\/td>\n<td><strong>Uso m\u00e1ximo (g\/kg)<\/strong><\/td>\n<\/tr>\n<tr>\n<td>Yogur y productos l\u00e1cteos<\/td>\n<td>3-5 g\/kg<\/td>\n<\/tr>\n<tr>\n<td>Helados y nata<\/td>\n<td>5-8 g\/kg<\/td>\n<\/tr>\n<tr>\n<td>Salsas y condimentos<\/td>\n<td>3-6 g\/kg<\/td>\n<\/tr>\n<tr>\n<td>Galletas y pasteles<\/td>\n<td>5-10 g\/kg<\/td>\n<\/tr>\n<tr>\n<td>Productos c\u00e1rnicos condimentados<\/td>\n<td>5-8 g\/kg<\/td>\n<\/tr>\n<tr>\n<td>Bebidas y zumos<\/td>\n<td>3-5 g\/kg<\/td>\n<\/tr>\n<tr>\n<td>Conservas<\/td>\n<td>3-6 g\/kg<\/td>\n<\/tr>\n<tr>\n<td>Galletas y aperitivos crujientes<\/td>\n<td>5-8 g\/kg<\/td>\n<\/tr>\n<tr>\n<td>Fideos instant\u00e1neos y fideos instant\u00e1neos<\/td>\n<td>3-6 g\/kg<\/td>\n<\/tr>\n<tr>\n<td>Ali\u00f1o para ensaladas<\/td>\n<td>3-6 g\/kg<\/td>\n<\/tr>\n<tr>\n<td>Productos de queso<\/td>\n<td>3-5 g\/kg<\/td>\n<\/tr>\n<tr>\n<td>Estofados y productos c\u00e1rnicos<\/td>\n<td>5-8 g\/kg<\/td>\n<\/tr>\n<tr>\n<td>Bebidas de \u00e1cido l\u00e1ctico y bebidas enzim\u00e1ticas<\/td>\n<td>3-5 g\/kg<\/td>\n<\/tr>\n<\/tbody>\n<\/table>\n<h2><span class=\"ez-toc-section\" id=\"La_goma_konjac_tiene_una_amplia_gama_de_usos\"><\/span>La goma konjac tiene una amplia gama de usos<span class=\"ez-toc-section-end\"><\/span><\/h2>\n<p>1. Espesante y gelificante: la goma konjac tiene una buena capacidad de espesamiento y formaci\u00f3n de gel, por lo que se utiliza a menudo para hacer productos en gel y semigel en diversos alimentos, como gelatina, pud\u00edn, bebidas solidificadas, etc.<\/p>\n<p>2. Estabilizador emulsionante: la goma konjac puede mejorar eficazmente la estabilidad de la emulsi\u00f3n en los alimentos, especialmente para mejorar la estabilidad de los productos emulsionados como la crema, el aderezo para ensaladas, la salsa, etc.<\/p>\n<p>3. Mejora el sabor y la textura: a\u00f1adir goma konjac al helado, yogur, bebidas de zumo, etc. puede mejorar el sabor, aumentar la sensaci\u00f3n bucal y la textura del sabor de los alimentos.<\/p>\n<p>4. Suplemento de fibra diet\u00e9tica: como fibra diet\u00e9tica natural soluble en agua, la goma de konjac puede aumentar el contenido de fibra de los alimentos, ayudar a promover la salud digestiva y regular los niveles de az\u00facar en sangre.<\/p>\n<p>5. Reemplazo de productos bajos en calor\u00edas y grasas: en productos alimenticios bajos en calor\u00edas y grasas, la goma de konjac se puede utilizar como ingrediente alternativo para ayudar a mantener el sabor y la textura de los alimentos.<\/p>\n<p>6. Humectante y conservante: la goma de konjac tiene buenas propiedades de retenci\u00f3n de agua y conservantes, y se puede utilizar para mantener la humedad de los alimentos y extender su vida \u00fatil.<\/p>\n<h2><span class=\"ez-toc-section\" id=\"Pregunta_formulada_por_un_usuario\"><\/span>Pregunta formulada por un usuario:<span class=\"ez-toc-section-end\"><\/span><\/h2>\n<p>Pregunta: \u00bfLa goma xantana y la goma konjac son fundamentalmente diferentes entre s\u00ed?<\/p>\n<p>Respuesta: La goma konjac y la goma xantana difieren significativamente en sus propiedades esenciales. La goma konjac es un glucano extra\u00eddo de la ra\u00edz de la planta konjac, que se utiliza principalmente en la industria alimentaria y en productos sanitarios para mejorar la saciedad y la digesti\u00f3n. La goma xantana es un polisac\u00e1rido producido por la fermentaci\u00f3n de hongos xant\u00f3filos, que tiene excelentes propiedades espesantes, emulsionantes y estables, y se utiliza ampliamente en alimentos, medicamentos y cosm\u00e9ticos para mejorar la textura y la estabilidad del producto.<\/p>\n","protected":false},"excerpt":{"rendered":"<ul>\n<li>CAS: 37220-17-0<\/li>\n<li>F\u00f3rmula qu\u00edmica: C<sub>6<\/sub>H<sub>10<\/sub>O<sub>5<\/sub><\/li>\n<li>Certificaci\u00f3n: KOSHER, ISO, HALAL, FSSC22000, BRC, etc.<\/li>\n<li>Cantidad m\u00ednima de pedido: 1000KG<\/li>\n<li>Caducidad: 2 a\u00f1os<\/li>\n<\/ul>\n","protected":false},"featured_media":5894,"template":"","meta":{"site-sidebar-layout":"default","site-content-layout":"","ast-site-content-layout":"default","site-content-style":"default","site-sidebar-style":"default","ast-global-header-display":"","ast-banner-title-visibility":"","ast-main-header-display":"","ast-hfb-above-header-display":"","ast-hfb-below-header-display":"","ast-hfb-mobile-header-display":"","site-post-title":"","ast-breadcrumbs-content":"","ast-featured-img":"","footer-sml-layout":"","theme-transparent-header-meta":"default","adv-header-id-meta":"","stick-header-meta":"","header-above-stick-meta":"","header-main-stick-meta":"","header-below-stick-meta":"","astra-migrate-meta-layouts":"set","ast-page-background-enabled":"default","ast-page-background-meta":{"desktop":{"background-color":"var(--ast-global-color-4)","background-image":"","background-repeat":"repeat","background-position":"center center","background-size":"auto","background-attachment":"scroll","background-type":"","background-media":"","overlay-type":"","overlay-color":"","overlay-opacity":"","overlay-gradient":""},"tablet":{"background-color":"","background-image":"","background-repeat":"repeat","background-position":"center center","background-size":"auto","background-attachment":"scroll","background-type":"","background-media":"","overlay-type":"","overlay-color":"","overlay-opacity":"","overlay-gradient":""},"mobile":{"background-color":"","background-image":"","background-repeat":"repeat","background-position":"center center","background-size":"auto","background-attachment":"scroll","background-type":"","background-media":"","overlay-type":"","overlay-color":"","overlay-opacity":"","overlay-gradient":""}},"ast-content-background-meta":{"desktop":{"background-color":"var(--ast-global-color-5)","background-image":"","background-repeat":"repeat","background-position":"center center","background-size":"auto","background-attachment":"scroll","background-type":"","background-media":"","overlay-type":"","overlay-color":"","overlay-opacity":"","overlay-gradient":""},"tablet":{"background-color":"var(--ast-global-color-5)","background-image":"","background-repeat":"repeat","background-position":"center center","background-size":"auto","background-attachment":"scroll","background-type":"","background-media":"","overlay-type":"","overlay-color":"","overlay-opacity":"","overlay-gradient":""},"mobile":{"background-color":"var(--ast-global-color-5)","background-image":"","background-repeat":"repeat","background-position":"center center","background-size":"auto","background-attachment":"scroll","background-type":"","background-media":"","overlay-type":"","overlay-color":"","overlay-opacity":"","overlay-gradient":""}}},"product_brand":[],"product_cat":[80],"product_tag":[],"class_list":{"0":"post-8399","1":"product","2":"type-product","3":"status-publish","4":"has-post-thumbnail","6":"product_cat-producto-espesante","7":"desktop-align-center","8":"tablet-align-left","9":"mobile-align-left","11":"first","12":"instock","13":"shipping-taxable","14":"product-type-simple"},"yoast_head":"<!-- This site is optimized with the Yoast SEO plugin v26.5 - https:\/\/yoast.com\/wordpress\/plugins\/seo\/ -->\n<title>Fabricante de Goma Konjac, Precio de la Goma Konjac en Polvo E425 | Niranbio Chemical<\/title>\n<meta name=\"description\" content=\"Nuestra goma konjac E425 tiene un aspecto de polvo blanco o crema a marr\u00f3n claro. Desempe\u00f1a un papel importante en la alimentaci\u00f3n, la agricultura, la medicina y otras industrias.\" \/>\n<meta name=\"robots\" content=\"noindex, follow, max-snippet:-1, max-image-preview:large, max-video-preview:-1\" \/>\n<meta name=\"twitter:label1\" content=\"Tiempo de lectura\" \/>\n\t<meta name=\"twitter:data1\" content=\"4 minutos\" \/>\n<script type=\"application\/ld+json\" class=\"yoast-schema-graph\">{\"@context\":\"https:\/\/schema.org\",\"@graph\":[{\"@type\":\"WebPage\",\"@id\":\"https:\/\/theo.niranbio.com\/es\/goma-konjac.html\",\"url\":\"https:\/\/theo.niranbio.com\/es\/goma-konjac.html\",\"name\":\"Fabricante de Goma Konjac, Precio de la Goma Konjac en Polvo E425 | Niranbio Chemical\",\"isPartOf\":{\"@id\":\"https:\/\/theo.niranbio.com\/es\/#website\"},\"primaryImageOfPage\":{\"@id\":\"https:\/\/theo.niranbio.com\/es\/goma-konjac.html#primaryimage\"},\"image\":{\"@id\":\"https:\/\/theo.niranbio.com\/es\/goma-konjac.html#primaryimage\"},\"thumbnailUrl\":\"https:\/\/theo.niranbio.com\/wp-content\/uploads\/2024\/06\/Konjac-Gum.webp\",\"datePublished\":\"2024-06-20T02:23:59+00:00\",\"dateModified\":\"2024-08-15T07:53:06+00:00\",\"description\":\"Nuestra goma konjac E425 tiene un aspecto de polvo blanco o crema a marr\u00f3n claro. Desempe\u00f1a un papel importante en la alimentaci\u00f3n, la agricultura, la medicina y otras industrias.\",\"breadcrumb\":{\"@id\":\"https:\/\/theo.niranbio.com\/es\/goma-konjac.html#breadcrumb\"},\"inLanguage\":\"es\",\"potentialAction\":[{\"@type\":\"ReadAction\",\"target\":[\"https:\/\/theo.niranbio.com\/es\/goma-konjac.html\"]}]},{\"@type\":\"ImageObject\",\"inLanguage\":\"es\",\"@id\":\"https:\/\/theo.niranbio.com\/es\/goma-konjac.html#primaryimage\",\"url\":\"https:\/\/theo.niranbio.com\/wp-content\/uploads\/2024\/06\/Konjac-Gum.webp\",\"contentUrl\":\"https:\/\/theo.niranbio.com\/wp-content\/uploads\/2024\/06\/Konjac-Gum.webp\",\"width\":600,\"height\":600,\"caption\":\"Goma de konjac\"},{\"@type\":\"BreadcrumbList\",\"@id\":\"https:\/\/theo.niranbio.com\/es\/goma-konjac.html#breadcrumb\",\"itemListElement\":[{\"@type\":\"ListItem\",\"position\":1,\"name\":\"Home\",\"item\":\"https:\/\/theo.niranbio.com\/es\/\"},{\"@type\":\"ListItem\",\"position\":2,\"name\":\"Productos\",\"item\":\"https:\/\/theo.niranbio.com\/es\/productos.html\"},{\"@type\":\"ListItem\",\"position\":3,\"name\":\"Espesantes\",\"item\":\"https:\/\/theo.niranbio.com\/es\/producto-espesante\/\"},{\"@type\":\"ListItem\",\"position\":4,\"name\":\"Goma konjac\"}]},{\"@type\":\"WebSite\",\"@id\":\"https:\/\/theo.niranbio.com\/es\/#website\",\"url\":\"https:\/\/theo.niranbio.com\/es\/\",\"name\":\"Niranbio Chemical\",\"description\":\"\",\"publisher\":{\"@id\":\"https:\/\/theo.niranbio.com\/es\/#organization\"},\"potentialAction\":[{\"@type\":\"SearchAction\",\"target\":{\"@type\":\"EntryPoint\",\"urlTemplate\":\"https:\/\/theo.niranbio.com\/es\/?s={search_term_string}\"},\"query-input\":{\"@type\":\"PropertyValueSpecification\",\"valueRequired\":true,\"valueName\":\"search_term_string\"}}],\"inLanguage\":\"es\"},{\"@type\":\"Organization\",\"@id\":\"https:\/\/theo.niranbio.com\/es\/#organization\",\"name\":\"Niranbio Chemical\",\"url\":\"https:\/\/theo.niranbio.com\/es\/\",\"logo\":{\"@type\":\"ImageObject\",\"inLanguage\":\"es\",\"@id\":\"https:\/\/theo.niranbio.com\/es\/#\/schema\/logo\/image\/\",\"url\":\"https:\/\/theo.niranbio.com\/wp-content\/uploads\/2024\/06\/Niranbio.png\",\"contentUrl\":\"https:\/\/theo.niranbio.com\/wp-content\/uploads\/2024\/06\/Niranbio.png\",\"width\":270,\"height\":100,\"caption\":\"Niranbio Chemical\"},\"image\":{\"@id\":\"https:\/\/theo.niranbio.com\/es\/#\/schema\/logo\/image\/\"}}]}<\/script>\n<!-- \/ Yoast SEO plugin. -->","yoast_head_json":{"title":"Fabricante de Goma Konjac, Precio de la Goma Konjac en Polvo E425 | Niranbio Chemical","description":"Nuestra goma konjac E425 tiene un aspecto de polvo blanco o crema a marr\u00f3n claro. Desempe\u00f1a un papel importante en la alimentaci\u00f3n, la agricultura, la medicina y otras industrias.","robots":{"index":"noindex","follow":"follow","max-snippet":"max-snippet:-1","max-image-preview":"max-image-preview:large","max-video-preview":"max-video-preview:-1"},"twitter_misc":{"Tiempo de lectura":"4 minutos"},"schema":{"@context":"https:\/\/schema.org","@graph":[{"@type":"WebPage","@id":"https:\/\/theo.niranbio.com\/es\/goma-konjac.html","url":"https:\/\/theo.niranbio.com\/es\/goma-konjac.html","name":"Fabricante de Goma Konjac, Precio de la Goma Konjac en Polvo E425 | Niranbio Chemical","isPartOf":{"@id":"https:\/\/theo.niranbio.com\/es\/#website"},"primaryImageOfPage":{"@id":"https:\/\/theo.niranbio.com\/es\/goma-konjac.html#primaryimage"},"image":{"@id":"https:\/\/theo.niranbio.com\/es\/goma-konjac.html#primaryimage"},"thumbnailUrl":"https:\/\/theo.niranbio.com\/wp-content\/uploads\/2024\/06\/Konjac-Gum.webp","datePublished":"2024-06-20T02:23:59+00:00","dateModified":"2024-08-15T07:53:06+00:00","description":"Nuestra goma konjac E425 tiene un aspecto de polvo blanco o crema a marr\u00f3n claro. Desempe\u00f1a un papel importante en la alimentaci\u00f3n, la agricultura, la medicina y otras industrias.","breadcrumb":{"@id":"https:\/\/theo.niranbio.com\/es\/goma-konjac.html#breadcrumb"},"inLanguage":"es","potentialAction":[{"@type":"ReadAction","target":["https:\/\/theo.niranbio.com\/es\/goma-konjac.html"]}]},{"@type":"ImageObject","inLanguage":"es","@id":"https:\/\/theo.niranbio.com\/es\/goma-konjac.html#primaryimage","url":"https:\/\/theo.niranbio.com\/wp-content\/uploads\/2024\/06\/Konjac-Gum.webp","contentUrl":"https:\/\/theo.niranbio.com\/wp-content\/uploads\/2024\/06\/Konjac-Gum.webp","width":600,"height":600,"caption":"Goma de konjac"},{"@type":"BreadcrumbList","@id":"https:\/\/theo.niranbio.com\/es\/goma-konjac.html#breadcrumb","itemListElement":[{"@type":"ListItem","position":1,"name":"Home","item":"https:\/\/theo.niranbio.com\/es\/"},{"@type":"ListItem","position":2,"name":"Productos","item":"https:\/\/theo.niranbio.com\/es\/productos.html"},{"@type":"ListItem","position":3,"name":"Espesantes","item":"https:\/\/theo.niranbio.com\/es\/producto-espesante\/"},{"@type":"ListItem","position":4,"name":"Goma konjac"}]},{"@type":"WebSite","@id":"https:\/\/theo.niranbio.com\/es\/#website","url":"https:\/\/theo.niranbio.com\/es\/","name":"Niranbio Chemical","description":"","publisher":{"@id":"https:\/\/theo.niranbio.com\/es\/#organization"},"potentialAction":[{"@type":"SearchAction","target":{"@type":"EntryPoint","urlTemplate":"https:\/\/theo.niranbio.com\/es\/?s={search_term_string}"},"query-input":{"@type":"PropertyValueSpecification","valueRequired":true,"valueName":"search_term_string"}}],"inLanguage":"es"},{"@type":"Organization","@id":"https:\/\/theo.niranbio.com\/es\/#organization","name":"Niranbio Chemical","url":"https:\/\/theo.niranbio.com\/es\/","logo":{"@type":"ImageObject","inLanguage":"es","@id":"https:\/\/theo.niranbio.com\/es\/#\/schema\/logo\/image\/","url":"https:\/\/theo.niranbio.com\/wp-content\/uploads\/2024\/06\/Niranbio.png","contentUrl":"https:\/\/theo.niranbio.com\/wp-content\/uploads\/2024\/06\/Niranbio.png","width":270,"height":100,"caption":"Niranbio Chemical"},"image":{"@id":"https:\/\/theo.niranbio.com\/es\/#\/schema\/logo\/image\/"}}]}},"_links":{"self":[{"href":"https:\/\/theo.niranbio.com\/es\/wp-json\/wp\/v2\/product\/8399","targetHints":{"allow":["GET"]}}],"collection":[{"href":"https:\/\/theo.niranbio.com\/es\/wp-json\/wp\/v2\/product"}],"about":[{"href":"https:\/\/theo.niranbio.com\/es\/wp-json\/wp\/v2\/types\/product"}],"version-history":[{"count":0,"href":"https:\/\/theo.niranbio.com\/es\/wp-json\/wp\/v2\/product\/8399\/revisions"}],"wp:featuredmedia":[{"embeddable":true,"href":"https:\/\/theo.niranbio.com\/es\/wp-json\/wp\/v2\/media\/5894"}],"wp:attachment":[{"href":"https:\/\/theo.niranbio.com\/es\/wp-json\/wp\/v2\/media?parent=8399"}],"wp:term":[{"taxonomy":"product_brand","embeddable":true,"href":"https:\/\/theo.niranbio.com\/es\/wp-json\/wp\/v2\/product_brand?post=8399"},{"taxonomy":"product_cat","embeddable":true,"href":"https:\/\/theo.niranbio.com\/es\/wp-json\/wp\/v2\/product_cat?post=8399"},{"taxonomy":"product_tag","embeddable":true,"href":"https:\/\/theo.niranbio.com\/es\/wp-json\/wp\/v2\/product_tag?post=8399"}],"curies":[{"name":"wp","href":"https:\/\/api.w.org\/{rel}","templated":true}]}}