{"id":8394,"date":"2024-06-20T10:25:01","date_gmt":"2024-06-20T02:25:01","guid":{"rendered":"https:\/\/theo.niranbio.com\/pectina-de-citricos\/"},"modified":"2024-08-15T15:52:00","modified_gmt":"2024-08-15T07:52:00","slug":"pectina-de-citricos","status":"publish","type":"product","link":"https:\/\/theo.niranbio.com\/es\/pectina-de-citricos.html","title":{"rendered":"Pectina de c\u00edtricos"},"content":{"rendered":"<h2><span class=\"ez-toc-section\" id=\"%C2%BFQue_es_la_pectina_de_citricos\"><\/span>\u00bfQu\u00e9 es la pectina de c\u00edtricos?<span class=\"ez-toc-section-end\"><\/span><\/h2>\n<p>La pectina c\u00edtrica es un polvo blanco sin olor acre. Se encuentra en grandes cantidades en las paredes celulares de las plantas, incluidas frutas y verduras (zanahorias y nabos), y es casi insoluble en etanol y otros disolventes org\u00e1nicos. Se encuentra en altas concentraciones en las c\u00e1scaras de los c\u00edtricos y puede utilizarse como emulsionante, estabilizante y espesante en la industria alimentaria. Existen cuatro procesos principales de preparaci\u00f3n de la pectina c\u00edtrica:<\/p>\n<ol>\n<li>Extracci\u00f3n \u00e1cida: se utiliza \u00e1cido (normalmente \u00e1cido sulf\u00farico o \u00e1cido clorh\u00eddrico) para separar la pectina de las c\u00e1scaras de los c\u00edtricos. Este es un m\u00e9todo m\u00e1s tradicional y com\u00fan con un funcionamiento sencillo, pero puede provocar cierta contaminaci\u00f3n al medio ambiente.<\/li>\n<li>Extracci\u00f3n enzim\u00e1tica: utiliza ciertas enzimas espec\u00edficas, como la pectinasa, para separar la pectina de las c\u00e1scaras de los c\u00edtricos mediante hidr\u00f3lisis enzim\u00e1tica. Este m\u00e9todo es m\u00e1s suave y ecol\u00f3gico que el m\u00e9todo \u00e1cido, pero es m\u00e1s caro.<\/li>\n<li>Extracci\u00f3n con fluidos supercr\u00edticos: a la presi\u00f3n y temperatura adecuadas, extrae la pectina de las c\u00e1scaras de los c\u00edtricos utilizando las propiedades de los fluidos supercr\u00edticos, como el di\u00f3xido de carbono. Este m\u00e9todo es complicado de operar, pero tiene una alta eficiencia de extracci\u00f3n y no requiere solventes da\u00f1inos.<\/li>\n<li>Extracci\u00f3n asistida por microondas: utiliza las caracter\u00edsticas del calentamiento por microondas para mejorar la eficiencia de extracci\u00f3n de la pectina de la c\u00e1scara de los c\u00edtricos y acelerar el proceso de extracci\u00f3n.<\/li>\n<li>Los principales procesos de producci\u00f3n de pectina c\u00edtrica son generalmente la extracci\u00f3n \u00e1cida y la extracci\u00f3n enzim\u00e1tica. La extracci\u00f3n \u00e1cida se usa ampliamente debido a su bajo costo y operaci\u00f3n simple, pero debido a su impacto en el medio ambiente y posibles problemas de tratamiento de aguas residuales, la extracci\u00f3n enzim\u00e1tica ha ido ganando atenci\u00f3n gradualmente en los \u00faltimos a\u00f1os. Aunque la extracci\u00f3n enzim\u00e1tica es m\u00e1s costosa, puede extraer la pectina m\u00e1s suavemente y mantener su mejor calidad y actividad biol\u00f3gica, por lo que tambi\u00e9n se usa ampliamente en la producci\u00f3n de productos org\u00e1nicos y de alta gama.<\/li>\n<\/ol>\n<h2><span class=\"ez-toc-section\" id=\"Dosis_recomendada\"><\/span>Dosis recomendada:<span class=\"ez-toc-section-end\"><\/span><\/h2>\n<table>\n<tbody>\n<tr>\n<td><strong>Nombre del alimento<\/strong><\/td>\n<td><strong>Uso m\u00e1ximo (g\/kg)<\/strong><\/td>\n<\/tr>\n<tr>\n<td>Jalea y mermelada<\/td>\n<td>5-10 g\/kg<\/td>\n<\/tr>\n<tr>\n<td>Yogur y productos l\u00e1cteos<\/td>\n<td>2-5 g\/kg<\/td>\n<\/tr>\n<tr>\n<td>Helado<\/td>\n<td>3-8 g\/kg<\/td>\n<\/tr>\n<tr>\n<td>Productos de panader\u00eda (por ejemplo, pan, pasteles)<\/td>\n<td>2-5 g\/kg<\/td>\n<\/tr>\n<tr>\n<td>Zumos y bebidas<\/td>\n<td>1-3 g\/kg<\/td>\n<\/tr>\n<tr>\n<td>Salsas (por ejemplo, ketchup, ali\u00f1o para ensaladas)<\/td>\n<td>3-6 g\/kg<\/td>\n<\/tr>\n<tr>\n<td>Galletas y boller\u00eda<\/td>\n<td>1-4 g\/kg<\/td>\n<\/tr>\n<tr>\n<td>Productos c\u00e1rnicos (por ejemplo, salchichas, alb\u00f3ndigas)<\/td>\n<td>1-3 g\/kg<\/td>\n<\/tr>\n<tr>\n<td>Queso y derivados l\u00e1cteos<\/td>\n<td>2-5 g\/kg<\/td>\n<\/tr>\n<tr>\n<td>Gelatinas y caramelos blandos<\/td>\n<td>1-3 g\/kg<\/td>\n<\/tr>\n<tr>\n<td>Productos de confiter\u00eda y chocolate<\/td>\n<td>1-5 g\/kg<\/td>\n<\/tr>\n<tr>\n<td>Pescado y productos del mar<\/td>\n<td>1-3 g\/kg<\/td>\n<\/tr>\n<tr>\n<td>Mezclas de especias y condimentos<\/td>\n<td>1-4 g\/kg<\/td>\n<\/tr>\n<tr>\n<td>Vinagre y salsa de soja<\/td>\n<td>2-5 g\/kg<\/td>\n<\/tr>\n<\/tbody>\n<\/table>\n<h2><span class=\"ez-toc-section\" id=\"La_pectina_de_citricos_tiene_una_amplia_gama_de_usos\"><\/span>La pectina de c\u00edtricos tiene una amplia gama de usos<span class=\"ez-toc-section-end\"><\/span><\/h2>\n<ol>\n<li>Espesantes y estabilizadores: La pectina c\u00edtrica se utiliza a menudo como espesante y estabilizador de alimentos debido a su excelente espesamiento y estabilidad. Por ejemplo, en productos como mermeladas, jaleas, bebidas de jugo, helados y yogur, la pectina c\u00edtrica puede aumentar su sabor y consistencia y mejorar la textura y el sabor del producto.<\/li>\n<li>Emulsionantes y estabilizadores de emulsionantes: La pectina c\u00edtrica tambi\u00e9n tiene buenas propiedades emulsionantes, que pueden ayudar a suspender y dispersar los aceites durante el procesamiento de los alimentos, haciendo que el sabor de los alimentos sea m\u00e1s uniforme y delicado. Esto es especialmente importante en alimentos como crema, aderezos para ensaladas, postres y pasteles.<\/li>\n<li>Agente anticristalizaci\u00f3n: En caramelos, helados y alimentos congelados, la pectina c\u00edtrica puede prevenir eficazmente la cristalizaci\u00f3n del producto y mantener la estabilidad de su sabor y textura.<\/li>\n<li>Retenedor de humedad: La pectina c\u00edtrica tiene una fuerte capacidad de retenci\u00f3n de agua, que puede mantener su suavidad y humedad en masas como pan y pasteles, y extender la vida \u00fatil del producto.<\/li>\n<li>Potenciador nutricional: La pectina c\u00edtrica por s\u00ed misma contiene cierta cantidad de fibra diet\u00e9tica, por lo que puede utilizarse como un medio para aumentar el contenido de fibra diet\u00e9tica en alimentos funcionales y alimentos nutricionalmente fortificados, lo que ayuda a mejorar la digesti\u00f3n y promover la salud.<\/li>\n<\/ol>\n<h2><span class=\"ez-toc-section\" id=\"Pregunta_formulada_por_un_usuario\"><\/span>Pregunta formulada por un usuario:<span class=\"ez-toc-section-end\"><\/span><\/h2>\n<p>Pregunta: \u00bfLa pectina de los c\u00edtricos afecta los intestinos? Respuesta: La funci\u00f3n principal de la pectina c\u00edtrica es aumentar la viscosidad y el espesor de los alimentos. Como tipo de fibra soluble, la pectina c\u00edtrica ayuda a regular la funci\u00f3n intestinal, promueve la prevenci\u00f3n del estre\u00f1imiento, favorece el crecimiento de bacterias beneficiosas y puede tener un efecto regulador sobre el az\u00facar y los l\u00edpidos en sangre. Aunque generalmente es seguro, las personas pueden experimentar una leve molestia y se recomienda aumentar gradualmente la ingesta.<\/p>\n","protected":false},"excerpt":{"rendered":"<ul>\n<li>CAS: 9000-69-5<\/li>\n<li>F\u00f3rmula qu\u00edmica: C<sub>6<\/sub>H<sub>12<\/sub>O<sub>6<\/sub><\/li>\n<li>Certificaci\u00f3n: KOSHER, ISO, HALAL, FSSC22000, BRC, etc.<\/li>\n<li>Normativa: GB25533\/FCC\/EU\/FAO<\/li>\n<li>Cantidad m\u00ednima de pedido: 1000KG<\/li>\n<li>Caducidad: 2 a\u00f1os<\/li>\n<\/ul>\n","protected":false},"featured_media":5889,"template":"","meta":{"site-sidebar-layout":"default","site-content-layout":"","ast-site-content-layout":"default","site-content-style":"default","site-sidebar-style":"default","ast-global-header-display":"","ast-banner-title-visibility":"","ast-main-header-display":"","ast-hfb-above-header-display":"","ast-hfb-below-header-display":"","ast-hfb-mobile-header-display":"","site-post-title":"","ast-breadcrumbs-content":"","ast-featured-img":"","footer-sml-layout":"","theme-transparent-header-meta":"default","adv-header-id-meta":"","stick-header-meta":"","header-above-stick-meta":"","header-main-stick-meta":"","header-below-stick-meta":"","astra-migrate-meta-layouts":"set","ast-page-background-enabled":"default","ast-page-background-meta":{"desktop":{"background-color":"var(--ast-global-color-4)","background-image":"","background-repeat":"repeat","background-position":"center center","background-size":"auto","background-attachment":"scroll","background-type":"","background-media":"","overlay-type":"","overlay-color":"","overlay-opacity":"","overlay-gradient":""},"tablet":{"background-color":"","background-image":"","background-repeat":"repeat","background-position":"center center","background-size":"auto","background-attachment":"scroll","background-type":"","background-media":"","overlay-type":"","overlay-color":"","overlay-opacity":"","overlay-gradient":""},"mobile":{"background-color":"","background-image":"","background-repeat":"repeat","background-position":"center center","background-size":"auto","background-attachment":"scroll","background-type":"","background-media":"","overlay-type":"","overlay-color":"","overlay-opacity":"","overlay-gradient":""}},"ast-content-background-meta":{"desktop":{"background-color":"var(--ast-global-color-5)","background-image":"","background-repeat":"repeat","background-position":"center center","background-size":"auto","background-attachment":"scroll","background-type":"","background-media":"","overlay-type":"","overlay-color":"","overlay-opacity":"","overlay-gradient":""},"tablet":{"background-color":"var(--ast-global-color-5)","background-image":"","background-repeat":"repeat","background-position":"center center","background-size":"auto","background-attachment":"scroll","background-type":"","background-media":"","overlay-type":"","overlay-color":"","overlay-opacity":"","overlay-gradient":""},"mobile":{"background-color":"var(--ast-global-color-5)","background-image":"","background-repeat":"repeat","background-position":"center center","background-size":"auto","background-attachment":"scroll","background-type":"","background-media":"","overlay-type":"","overlay-color":"","overlay-opacity":"","overlay-gradient":""}}},"product_brand":[],"product_cat":[80],"product_tag":[],"class_list":{"0":"post-8394","1":"product","2":"type-product","3":"status-publish","4":"has-post-thumbnail","6":"product_cat-producto-espesante","7":"desktop-align-center","8":"tablet-align-left","9":"mobile-align-left","11":"first","12":"instock","13":"shipping-taxable","14":"product-type-simple"},"yoast_head":"<!-- This site is optimized with the Yoast SEO plugin v26.5 - https:\/\/yoast.com\/wordpress\/plugins\/seo\/ -->\n<title>Pectina C\u00edtrica, Compre Pectina de C\u00edtrica Org\u00e1nica en Polvo | Niranbio Chemical<\/title>\n<meta name=\"description\" content=\"Nuestra pectina c\u00edtrica es un polvo blanco sin olor penetrante y se puede utilizar como emulsionante, estabilizador y espesante en la industria alimentaria.\" \/>\n<meta name=\"robots\" content=\"noindex, follow, max-snippet:-1, max-image-preview:large, max-video-preview:-1\" \/>\n<meta name=\"twitter:label1\" content=\"Tiempo de lectura\" \/>\n\t<meta name=\"twitter:data1\" content=\"4 minutos\" \/>\n<script type=\"application\/ld+json\" class=\"yoast-schema-graph\">{\"@context\":\"https:\/\/schema.org\",\"@graph\":[{\"@type\":\"WebPage\",\"@id\":\"https:\/\/theo.niranbio.com\/es\/pectina-de-citricos.html\",\"url\":\"https:\/\/theo.niranbio.com\/es\/pectina-de-citricos.html\",\"name\":\"Pectina C\u00edtrica, Compre Pectina de C\u00edtrica Org\u00e1nica en Polvo | Niranbio Chemical\",\"isPartOf\":{\"@id\":\"https:\/\/theo.niranbio.com\/es\/#website\"},\"primaryImageOfPage\":{\"@id\":\"https:\/\/theo.niranbio.com\/es\/pectina-de-citricos.html#primaryimage\"},\"image\":{\"@id\":\"https:\/\/theo.niranbio.com\/es\/pectina-de-citricos.html#primaryimage\"},\"thumbnailUrl\":\"https:\/\/theo.niranbio.com\/wp-content\/uploads\/2024\/06\/Citrus-Pectin.webp\",\"datePublished\":\"2024-06-20T02:25:01+00:00\",\"dateModified\":\"2024-08-15T07:52:00+00:00\",\"description\":\"Nuestra pectina c\u00edtrica es un polvo blanco sin olor penetrante y se puede utilizar como emulsionante, estabilizador y espesante en la industria alimentaria.\",\"breadcrumb\":{\"@id\":\"https:\/\/theo.niranbio.com\/es\/pectina-de-citricos.html#breadcrumb\"},\"inLanguage\":\"es\",\"potentialAction\":[{\"@type\":\"ReadAction\",\"target\":[\"https:\/\/theo.niranbio.com\/es\/pectina-de-citricos.html\"]}]},{\"@type\":\"ImageObject\",\"inLanguage\":\"es\",\"@id\":\"https:\/\/theo.niranbio.com\/es\/pectina-de-citricos.html#primaryimage\",\"url\":\"https:\/\/theo.niranbio.com\/wp-content\/uploads\/2024\/06\/Citrus-Pectin.webp\",\"contentUrl\":\"https:\/\/theo.niranbio.com\/wp-content\/uploads\/2024\/06\/Citrus-Pectin.webp\",\"width\":600,\"height\":600,\"caption\":\"Pectina c\u00edtrica\"},{\"@type\":\"BreadcrumbList\",\"@id\":\"https:\/\/theo.niranbio.com\/es\/pectina-de-citricos.html#breadcrumb\",\"itemListElement\":[{\"@type\":\"ListItem\",\"position\":1,\"name\":\"Home\",\"item\":\"https:\/\/theo.niranbio.com\/es\/\"},{\"@type\":\"ListItem\",\"position\":2,\"name\":\"Productos\",\"item\":\"https:\/\/theo.niranbio.com\/es\/productos.html\"},{\"@type\":\"ListItem\",\"position\":3,\"name\":\"Espesantes\",\"item\":\"https:\/\/theo.niranbio.com\/es\/producto-espesante\/\"},{\"@type\":\"ListItem\",\"position\":4,\"name\":\"Pectina de c\u00edtricos\"}]},{\"@type\":\"WebSite\",\"@id\":\"https:\/\/theo.niranbio.com\/es\/#website\",\"url\":\"https:\/\/theo.niranbio.com\/es\/\",\"name\":\"Niranbio Chemical\",\"description\":\"\",\"publisher\":{\"@id\":\"https:\/\/theo.niranbio.com\/es\/#organization\"},\"potentialAction\":[{\"@type\":\"SearchAction\",\"target\":{\"@type\":\"EntryPoint\",\"urlTemplate\":\"https:\/\/theo.niranbio.com\/es\/?s={search_term_string}\"},\"query-input\":{\"@type\":\"PropertyValueSpecification\",\"valueRequired\":true,\"valueName\":\"search_term_string\"}}],\"inLanguage\":\"es\"},{\"@type\":\"Organization\",\"@id\":\"https:\/\/theo.niranbio.com\/es\/#organization\",\"name\":\"Niranbio Chemical\",\"url\":\"https:\/\/theo.niranbio.com\/es\/\",\"logo\":{\"@type\":\"ImageObject\",\"inLanguage\":\"es\",\"@id\":\"https:\/\/theo.niranbio.com\/es\/#\/schema\/logo\/image\/\",\"url\":\"https:\/\/theo.niranbio.com\/wp-content\/uploads\/2024\/06\/Niranbio.png\",\"contentUrl\":\"https:\/\/theo.niranbio.com\/wp-content\/uploads\/2024\/06\/Niranbio.png\",\"width\":270,\"height\":100,\"caption\":\"Niranbio Chemical\"},\"image\":{\"@id\":\"https:\/\/theo.niranbio.com\/es\/#\/schema\/logo\/image\/\"}}]}<\/script>\n<!-- \/ Yoast SEO plugin. -->","yoast_head_json":{"title":"Pectina C\u00edtrica, Compre Pectina de C\u00edtrica Org\u00e1nica en Polvo | Niranbio Chemical","description":"Nuestra pectina c\u00edtrica es un polvo blanco sin olor penetrante y se puede utilizar como emulsionante, estabilizador y espesante en la industria alimentaria.","robots":{"index":"noindex","follow":"follow","max-snippet":"max-snippet:-1","max-image-preview":"max-image-preview:large","max-video-preview":"max-video-preview:-1"},"twitter_misc":{"Tiempo de lectura":"4 minutos"},"schema":{"@context":"https:\/\/schema.org","@graph":[{"@type":"WebPage","@id":"https:\/\/theo.niranbio.com\/es\/pectina-de-citricos.html","url":"https:\/\/theo.niranbio.com\/es\/pectina-de-citricos.html","name":"Pectina C\u00edtrica, Compre Pectina de C\u00edtrica Org\u00e1nica en Polvo | Niranbio Chemical","isPartOf":{"@id":"https:\/\/theo.niranbio.com\/es\/#website"},"primaryImageOfPage":{"@id":"https:\/\/theo.niranbio.com\/es\/pectina-de-citricos.html#primaryimage"},"image":{"@id":"https:\/\/theo.niranbio.com\/es\/pectina-de-citricos.html#primaryimage"},"thumbnailUrl":"https:\/\/theo.niranbio.com\/wp-content\/uploads\/2024\/06\/Citrus-Pectin.webp","datePublished":"2024-06-20T02:25:01+00:00","dateModified":"2024-08-15T07:52:00+00:00","description":"Nuestra pectina c\u00edtrica es un polvo blanco sin olor penetrante y se puede utilizar como emulsionante, estabilizador y espesante en la industria alimentaria.","breadcrumb":{"@id":"https:\/\/theo.niranbio.com\/es\/pectina-de-citricos.html#breadcrumb"},"inLanguage":"es","potentialAction":[{"@type":"ReadAction","target":["https:\/\/theo.niranbio.com\/es\/pectina-de-citricos.html"]}]},{"@type":"ImageObject","inLanguage":"es","@id":"https:\/\/theo.niranbio.com\/es\/pectina-de-citricos.html#primaryimage","url":"https:\/\/theo.niranbio.com\/wp-content\/uploads\/2024\/06\/Citrus-Pectin.webp","contentUrl":"https:\/\/theo.niranbio.com\/wp-content\/uploads\/2024\/06\/Citrus-Pectin.webp","width":600,"height":600,"caption":"Pectina c\u00edtrica"},{"@type":"BreadcrumbList","@id":"https:\/\/theo.niranbio.com\/es\/pectina-de-citricos.html#breadcrumb","itemListElement":[{"@type":"ListItem","position":1,"name":"Home","item":"https:\/\/theo.niranbio.com\/es\/"},{"@type":"ListItem","position":2,"name":"Productos","item":"https:\/\/theo.niranbio.com\/es\/productos.html"},{"@type":"ListItem","position":3,"name":"Espesantes","item":"https:\/\/theo.niranbio.com\/es\/producto-espesante\/"},{"@type":"ListItem","position":4,"name":"Pectina de c\u00edtricos"}]},{"@type":"WebSite","@id":"https:\/\/theo.niranbio.com\/es\/#website","url":"https:\/\/theo.niranbio.com\/es\/","name":"Niranbio Chemical","description":"","publisher":{"@id":"https:\/\/theo.niranbio.com\/es\/#organization"},"potentialAction":[{"@type":"SearchAction","target":{"@type":"EntryPoint","urlTemplate":"https:\/\/theo.niranbio.com\/es\/?s={search_term_string}"},"query-input":{"@type":"PropertyValueSpecification","valueRequired":true,"valueName":"search_term_string"}}],"inLanguage":"es"},{"@type":"Organization","@id":"https:\/\/theo.niranbio.com\/es\/#organization","name":"Niranbio Chemical","url":"https:\/\/theo.niranbio.com\/es\/","logo":{"@type":"ImageObject","inLanguage":"es","@id":"https:\/\/theo.niranbio.com\/es\/#\/schema\/logo\/image\/","url":"https:\/\/theo.niranbio.com\/wp-content\/uploads\/2024\/06\/Niranbio.png","contentUrl":"https:\/\/theo.niranbio.com\/wp-content\/uploads\/2024\/06\/Niranbio.png","width":270,"height":100,"caption":"Niranbio Chemical"},"image":{"@id":"https:\/\/theo.niranbio.com\/es\/#\/schema\/logo\/image\/"}}]}},"_links":{"self":[{"href":"https:\/\/theo.niranbio.com\/es\/wp-json\/wp\/v2\/product\/8394","targetHints":{"allow":["GET"]}}],"collection":[{"href":"https:\/\/theo.niranbio.com\/es\/wp-json\/wp\/v2\/product"}],"about":[{"href":"https:\/\/theo.niranbio.com\/es\/wp-json\/wp\/v2\/types\/product"}],"version-history":[{"count":0,"href":"https:\/\/theo.niranbio.com\/es\/wp-json\/wp\/v2\/product\/8394\/revisions"}],"wp:featuredmedia":[{"embeddable":true,"href":"https:\/\/theo.niranbio.com\/es\/wp-json\/wp\/v2\/media\/5889"}],"wp:attachment":[{"href":"https:\/\/theo.niranbio.com\/es\/wp-json\/wp\/v2\/media?parent=8394"}],"wp:term":[{"taxonomy":"product_brand","embeddable":true,"href":"https:\/\/theo.niranbio.com\/es\/wp-json\/wp\/v2\/product_brand?post=8394"},{"taxonomy":"product_cat","embeddable":true,"href":"https:\/\/theo.niranbio.com\/es\/wp-json\/wp\/v2\/product_cat?post=8394"},{"taxonomy":"product_tag","embeddable":true,"href":"https:\/\/theo.niranbio.com\/es\/wp-json\/wp\/v2\/product_tag?post=8394"}],"curies":[{"name":"wp","href":"https:\/\/api.w.org\/{rel}","templated":true}]}}