{"id":8392,"date":"2024-06-20T10:25:51","date_gmt":"2024-06-20T02:25:51","guid":{"rendered":"https:\/\/theo.niranbio.com\/gelatina-de-calidad-alimentaria%ef%bc%8880bloom-150bloom-200bloom-280bloom%ef%bc%89\/"},"modified":"2024-08-15T15:50:27","modified_gmt":"2024-08-15T07:50:27","slug":"gelatina-de-calidad-alimentaria%ef%bc%8880bloom-150bloom-200bloom-280bloom%ef%bc%89","status":"publish","type":"product","link":"https:\/\/theo.niranbio.com\/es\/gelatina-de-calidad-alimentaria.html","title":{"rendered":"Gelatina de calidad alimentaria\uff0880Bloom\/150Bloom\/200Bloom\/280Bloom\uff09"},"content":{"rendered":"<h2><span class=\"ez-toc-section\" id=\"%C2%BFQue_es_la_gelatina_de_calidad_alimentaria\"><\/span>\u00bfQu\u00e9 es la gelatina de calidad alimentaria?<span class=\"ez-toc-section-end\"><\/span><\/h2>\n<p>La gelatina de grado alimenticio es un material polim\u00e9rico pept\u00eddico, un producto hidrolizado de prote\u00edna de col\u00e1geno, con una fuerte absorci\u00f3n de agua y una alta viscosidad. Tiene muchas propiedades f\u00edsicas y qu\u00edmicas \u00fanicas y un alto valor nutricional. Se emplea ampliamente en los sectores de la impresi\u00f3n, el te\u00f1ido, la cocina y los textiles.<\/p>\n<p>Las materias primas de la gelatina de grado alimenticio pueden ser piel de vaca, piel de cerdo o huesos. Despu\u00e9s de clasificar y remojar en \u00e1cido los agregados elegidos para extraer el elemento \u00f3seo, se eliminan la grasa y el aceite con agua, y el elemento \u00f3seo fracturado se empapa en ceniza, se enjuaga con agua y se neutraliza. Despu\u00e9s de la neutralizaci\u00f3n, se hierve hasta obtener un l\u00edquido de gelatina. El l\u00edquido de gelatina se separa mediante centrifugaci\u00f3n de alta velocidad (para eliminar la grasa y las impurezas), se concentra, se forma, se seca y otros procesos para convertirse en gelatina s\u00f3lida.<\/p>\n<h2><span class=\"ez-toc-section\" id=\"Dosis_recomendada\"><\/span>Dosis recomendada:<span class=\"ez-toc-section-end\"><\/span><\/h2>\n<table>\n<tbody>\n<tr>\n<td><strong>Nombre del alimento<\/strong><\/td>\n<td><strong>Uso m\u00e1ximo (g\/kg)<\/strong><\/td>\n<\/tr>\n<tr>\n<td>Gelatina y bebidas de frutas<\/td>\n<td>5 &#8211; 20 g\/kg<\/td>\n<\/tr>\n<tr>\n<td>Confiter\u00eda (caramelos blandos, chicles, etc.)<\/td>\n<td>10 &#8211; 30 g\/kg<\/td>\n<\/tr>\n<tr>\n<td>Productos l\u00e1cteos (yogur, helado, etc.)<\/td>\n<td>2 &#8211; 10 g\/kg<\/td>\n<\/tr>\n<tr>\n<td>Productos c\u00e1rnicos (jam\u00f3n, salchichas, etc.)<\/td>\n<td>3 &#8211; 10 g\/kg<\/td>\n<\/tr>\n<tr>\n<td>Salsas y condimentos<\/td>\n<td>3 &#8211; 10 g\/kg<\/td>\n<\/tr>\n<tr>\n<td>Cerveza y bebidas<\/td>\n<td>1 &#8211; 5 g\/kg<\/td>\n<\/tr>\n<tr>\n<td>Productos de panader\u00eda (pasteles, pan, etc.)<\/td>\n<td>5 &#8211; 20 g\/kg<\/td>\n<\/tr>\n<tr>\n<td>Productos del mar<\/td>\n<td>3 &#8211; 10 g\/kg<\/td>\n<\/tr>\n<tr>\n<td>Alimentos precocinados (congelados, platos preparados, etc.)<\/td>\n<td>5 &#8211; 20 g\/kg<\/td>\n<\/tr>\n<tr>\n<td>Ali\u00f1os para ensaladas y salsas<\/td>\n<td>3 &#8211; 10 g\/kg<\/td>\n<\/tr>\n<tr>\n<td>Galletas y pasteles<\/td>\n<td>5 &#8211; 20 g\/kg<\/td>\n<\/tr>\n<tr>\n<td>Perros calientes y hamburguesas<\/td>\n<td>5 &#8211; 20 g\/kg<\/td>\n<\/tr>\n<tr>\n<td>Carne y aves procesadas<\/td>\n<td>3 &#8211; 10 g\/kg<\/td>\n<\/tr>\n<\/tbody>\n<\/table>\n<h2><span class=\"ez-toc-section\" id=\"La_gelatina_de_calidad_alimentaria_tiene_una_amplia_gama_de_usos\"><\/span>La gelatina de calidad alimentaria tiene una amplia gama de usos<span class=\"ez-toc-section-end\"><\/span><\/h2>\n<ol>\n<li>Espesante y gelificante: la gelatina puede formar gel en agua, lo que le da a los alimentos la estructura y el sabor deseados. Esta funci\u00f3n es muy importante para hacer gelatina, dulces, bebidas de jugo, productos l\u00e1cteos, etc.<\/li>\n<li>Estabilizador: la gelatina puede mejorar la estabilidad de los alimentos, evitar la separaci\u00f3n o precipitaci\u00f3n de los ingredientes y extender la vida \u00fatil de los alimentos. Se usa ampliamente en productos l\u00edquidos como productos l\u00e1cteos, bebidas y jugos.<\/li>\n<li>Aumenta la viscosidad y la adhesi\u00f3n: la gelatina puede aumentar la viscosidad y la adhesi\u00f3n de los alimentos, mejorar el sabor y la textura de los alimentos, como los productos dulces como los caramelos blandos y la goma de mascar.<\/li>\n<li>Hidratante: la gelatina puede absorber y retener la humedad en los alimentos, evitar que los alimentos se sequen y endurezcan y mantener la suavidad y la humedad de los alimentos.<\/li>\n<li>Agente formador: Al elaborar productos c\u00e1rnicos, pasteles y dulces, la gelatina se puede utilizar como agente formador para ayudar a mantener la forma y la estructura de los alimentos y mejorar la textura general del producto.<\/li>\n<li>Portador de suplementos nutricionales: La gelatina se puede utilizar como agente de recubrimiento o componente de c\u00e1psulas y tabletas para fabricar suplementos nutricionales orales y medicamentos.<\/li>\n<\/ol>\n<h2><span class=\"ez-toc-section\" id=\"Pregunta_formulada_por_un_usuario\"><\/span>Pregunta formulada por un usuario:<span class=\"ez-toc-section-end\"><\/span><\/h2>\n<p>Pregunta: \u00bfExisten alternativas a la gelatina? \u00bfCu\u00e1les son sus efectos sobre la salud?<\/p>\n<p>Respuesta: En algunos casos, los espesantes o gelificantes de origen vegetal pueden sustituir a la gelatina, pero sus funciones y efectos pueden no ser exactamente los mismos. Se considera que la gelatina en s\u00ed tiene un menor impacto en la salud, pero algunas personas pueden preferirla o evitarla debido a su origen animal.<\/p>\n<p>Pregunta: \u00bfPueden los vegetarianos y los musulmanes consumir productos que contengan gelatina?<\/p>\n<p>Respuesta: Dado que la gelatina suele ser de origen animal, los vegetarianos y los musulmanes pueden evitar los productos que la contengan, especialmente aquellos que no est\u00e9n certificados como halal o vegetarianos.<\/p>\n","protected":false},"excerpt":{"rendered":"<ul>\n<li>CAS: 9000-70-8<\/li>\n<li>F\u00f3rmula qu\u00edmica: C<sub>6<\/sub>H<sub>12<\/sub>O<sub>6<\/sub><\/li>\n<li>Certificaci\u00f3n: KOSHER, ISO, HALAL, FSSC22000, BRC, etc.<\/li>\n<li>Est\u00e1ndar: E441<\/li>\n<li>Cantidad m\u00ednima de pedido: 1000KG<\/li>\n<li>Caducidad: 2 a\u00f1os<\/li>\n<\/ul>\n","protected":false},"featured_media":5887,"template":"","meta":{"site-sidebar-layout":"default","site-content-layout":"","ast-site-content-layout":"default","site-content-style":"default","site-sidebar-style":"default","ast-global-header-display":"","ast-banner-title-visibility":"","ast-main-header-display":"","ast-hfb-above-header-display":"","ast-hfb-below-header-display":"","ast-hfb-mobile-header-display":"","site-post-title":"","ast-breadcrumbs-content":"","ast-featured-img":"","footer-sml-layout":"","theme-transparent-header-meta":"default","adv-header-id-meta":"","stick-header-meta":"","header-above-stick-meta":"","header-main-stick-meta":"","header-below-stick-meta":"","astra-migrate-meta-layouts":"set","ast-page-background-enabled":"default","ast-page-background-meta":{"desktop":{"background-color":"var(--ast-global-color-4)","background-image":"","background-repeat":"repeat","background-position":"center center","background-size":"auto","background-attachment":"scroll","background-type":"","background-media":"","overlay-type":"","overlay-color":"","overlay-opacity":"","overlay-gradient":""},"tablet":{"background-color":"","background-image":"","background-repeat":"repeat","background-position":"center center","background-size":"auto","background-attachment":"scroll","background-type":"","background-media":"","overlay-type":"","overlay-color":"","overlay-opacity":"","overlay-gradient":""},"mobile":{"background-color":"","background-image":"","background-repeat":"repeat","background-position":"center center","background-size":"auto","background-attachment":"scroll","background-type":"","background-media":"","overlay-type":"","overlay-color":"","overlay-opacity":"","overlay-gradient":""}},"ast-content-background-meta":{"desktop":{"background-color":"var(--ast-global-color-5)","background-image":"","background-repeat":"repeat","background-position":"center center","background-size":"auto","background-attachment":"scroll","background-type":"","background-media":"","overlay-type":"","overlay-color":"","overlay-opacity":"","overlay-gradient":""},"tablet":{"background-color":"var(--ast-global-color-5)","background-image":"","background-repeat":"repeat","background-position":"center center","background-size":"auto","background-attachment":"scroll","background-type":"","background-media":"","overlay-type":"","overlay-color":"","overlay-opacity":"","overlay-gradient":""},"mobile":{"background-color":"var(--ast-global-color-5)","background-image":"","background-repeat":"repeat","background-position":"center center","background-size":"auto","background-attachment":"scroll","background-type":"","background-media":"","overlay-type":"","overlay-color":"","overlay-opacity":"","overlay-gradient":""}}},"product_brand":[],"product_cat":[80],"product_tag":[],"class_list":{"0":"post-8392","1":"product","2":"type-product","3":"status-publish","4":"has-post-thumbnail","6":"product_cat-producto-espesante","7":"desktop-align-center","8":"tablet-align-left","9":"mobile-align-left","11":"first","12":"instock","13":"shipping-taxable","14":"product-type-simple"},"yoast_head":"<!-- This site is optimized with the Yoast SEO plugin v26.5 - https:\/\/yoast.com\/wordpress\/plugins\/seo\/ -->\n<title>Fabricante de Gelatina E441, Comprar Gelatina n Polvo a Precio Econ\u00f3mico | Niranbio Chemical<\/title>\n<meta name=\"description\" content=\"Nuestro polvo de gelatina es un material polim\u00e9rico pept\u00eddico, un producto hidrolizado de prote\u00edna de col\u00e1geno, con una fuerte absorci\u00f3n de agua y alta viscosidad.\" \/>\n<meta name=\"robots\" content=\"noindex, follow, max-snippet:-1, max-image-preview:large, max-video-preview:-1\" \/>\n<meta name=\"twitter:label1\" content=\"Tiempo de lectura\" \/>\n\t<meta name=\"twitter:data1\" content=\"3 minutos\" \/>\n<script type=\"application\/ld+json\" class=\"yoast-schema-graph\">{\"@context\":\"https:\/\/schema.org\",\"@graph\":[{\"@type\":\"WebPage\",\"@id\":\"https:\/\/theo.niranbio.com\/es\/gelatina-de-calidad-alimentaria.html\",\"url\":\"https:\/\/theo.niranbio.com\/es\/gelatina-de-calidad-alimentaria.html\",\"name\":\"Fabricante de Gelatina E441, Comprar Gelatina n Polvo a Precio Econ\u00f3mico | Niranbio Chemical\",\"isPartOf\":{\"@id\":\"https:\/\/theo.niranbio.com\/es\/#website\"},\"primaryImageOfPage\":{\"@id\":\"https:\/\/theo.niranbio.com\/es\/gelatina-de-calidad-alimentaria.html#primaryimage\"},\"image\":{\"@id\":\"https:\/\/theo.niranbio.com\/es\/gelatina-de-calidad-alimentaria.html#primaryimage\"},\"thumbnailUrl\":\"https:\/\/theo.niranbio.com\/wp-content\/uploads\/2024\/06\/Gelatin.webp\",\"datePublished\":\"2024-06-20T02:25:51+00:00\",\"dateModified\":\"2024-08-15T07:50:27+00:00\",\"description\":\"Nuestro polvo de gelatina es un material polim\u00e9rico pept\u00eddico, un producto hidrolizado de prote\u00edna de col\u00e1geno, con una fuerte absorci\u00f3n de agua y alta viscosidad.\",\"breadcrumb\":{\"@id\":\"https:\/\/theo.niranbio.com\/es\/gelatina-de-calidad-alimentaria.html#breadcrumb\"},\"inLanguage\":\"es\",\"potentialAction\":[{\"@type\":\"ReadAction\",\"target\":[\"https:\/\/theo.niranbio.com\/es\/gelatina-de-calidad-alimentaria.html\"]}]},{\"@type\":\"ImageObject\",\"inLanguage\":\"es\",\"@id\":\"https:\/\/theo.niranbio.com\/es\/gelatina-de-calidad-alimentaria.html#primaryimage\",\"url\":\"https:\/\/theo.niranbio.com\/wp-content\/uploads\/2024\/06\/Gelatin.webp\",\"contentUrl\":\"https:\/\/theo.niranbio.com\/wp-content\/uploads\/2024\/06\/Gelatin.webp\",\"width\":600,\"height\":600,\"caption\":\"Gelatina\"},{\"@type\":\"BreadcrumbList\",\"@id\":\"https:\/\/theo.niranbio.com\/es\/gelatina-de-calidad-alimentaria.html#breadcrumb\",\"itemListElement\":[{\"@type\":\"ListItem\",\"position\":1,\"name\":\"Home\",\"item\":\"https:\/\/theo.niranbio.com\/es\/\"},{\"@type\":\"ListItem\",\"position\":2,\"name\":\"Productos\",\"item\":\"https:\/\/theo.niranbio.com\/es\/productos.html\"},{\"@type\":\"ListItem\",\"position\":3,\"name\":\"Espesantes\",\"item\":\"https:\/\/theo.niranbio.com\/es\/producto-espesante\/\"},{\"@type\":\"ListItem\",\"position\":4,\"name\":\"Gelatina de calidad alimentaria\uff0880Bloom\/150Bloom\/200Bloom\/280Bloom\uff09\"}]},{\"@type\":\"WebSite\",\"@id\":\"https:\/\/theo.niranbio.com\/es\/#website\",\"url\":\"https:\/\/theo.niranbio.com\/es\/\",\"name\":\"Niranbio Chemical\",\"description\":\"\",\"publisher\":{\"@id\":\"https:\/\/theo.niranbio.com\/es\/#organization\"},\"potentialAction\":[{\"@type\":\"SearchAction\",\"target\":{\"@type\":\"EntryPoint\",\"urlTemplate\":\"https:\/\/theo.niranbio.com\/es\/?s={search_term_string}\"},\"query-input\":{\"@type\":\"PropertyValueSpecification\",\"valueRequired\":true,\"valueName\":\"search_term_string\"}}],\"inLanguage\":\"es\"},{\"@type\":\"Organization\",\"@id\":\"https:\/\/theo.niranbio.com\/es\/#organization\",\"name\":\"Niranbio Chemical\",\"url\":\"https:\/\/theo.niranbio.com\/es\/\",\"logo\":{\"@type\":\"ImageObject\",\"inLanguage\":\"es\",\"@id\":\"https:\/\/theo.niranbio.com\/es\/#\/schema\/logo\/image\/\",\"url\":\"https:\/\/theo.niranbio.com\/wp-content\/uploads\/2024\/06\/Niranbio.png\",\"contentUrl\":\"https:\/\/theo.niranbio.com\/wp-content\/uploads\/2024\/06\/Niranbio.png\",\"width\":270,\"height\":100,\"caption\":\"Niranbio Chemical\"},\"image\":{\"@id\":\"https:\/\/theo.niranbio.com\/es\/#\/schema\/logo\/image\/\"}}]}<\/script>\n<!-- \/ Yoast SEO plugin. -->","yoast_head_json":{"title":"Fabricante de Gelatina E441, Comprar Gelatina n Polvo a Precio Econ\u00f3mico | Niranbio Chemical","description":"Nuestro polvo de gelatina es un material polim\u00e9rico pept\u00eddico, un producto hidrolizado de prote\u00edna de col\u00e1geno, con una fuerte absorci\u00f3n de agua y alta viscosidad.","robots":{"index":"noindex","follow":"follow","max-snippet":"max-snippet:-1","max-image-preview":"max-image-preview:large","max-video-preview":"max-video-preview:-1"},"twitter_misc":{"Tiempo de lectura":"3 minutos"},"schema":{"@context":"https:\/\/schema.org","@graph":[{"@type":"WebPage","@id":"https:\/\/theo.niranbio.com\/es\/gelatina-de-calidad-alimentaria.html","url":"https:\/\/theo.niranbio.com\/es\/gelatina-de-calidad-alimentaria.html","name":"Fabricante de Gelatina E441, Comprar Gelatina n Polvo a Precio Econ\u00f3mico | Niranbio Chemical","isPartOf":{"@id":"https:\/\/theo.niranbio.com\/es\/#website"},"primaryImageOfPage":{"@id":"https:\/\/theo.niranbio.com\/es\/gelatina-de-calidad-alimentaria.html#primaryimage"},"image":{"@id":"https:\/\/theo.niranbio.com\/es\/gelatina-de-calidad-alimentaria.html#primaryimage"},"thumbnailUrl":"https:\/\/theo.niranbio.com\/wp-content\/uploads\/2024\/06\/Gelatin.webp","datePublished":"2024-06-20T02:25:51+00:00","dateModified":"2024-08-15T07:50:27+00:00","description":"Nuestro polvo de gelatina es un material polim\u00e9rico pept\u00eddico, un producto hidrolizado de prote\u00edna de col\u00e1geno, con una fuerte absorci\u00f3n de agua y alta viscosidad.","breadcrumb":{"@id":"https:\/\/theo.niranbio.com\/es\/gelatina-de-calidad-alimentaria.html#breadcrumb"},"inLanguage":"es","potentialAction":[{"@type":"ReadAction","target":["https:\/\/theo.niranbio.com\/es\/gelatina-de-calidad-alimentaria.html"]}]},{"@type":"ImageObject","inLanguage":"es","@id":"https:\/\/theo.niranbio.com\/es\/gelatina-de-calidad-alimentaria.html#primaryimage","url":"https:\/\/theo.niranbio.com\/wp-content\/uploads\/2024\/06\/Gelatin.webp","contentUrl":"https:\/\/theo.niranbio.com\/wp-content\/uploads\/2024\/06\/Gelatin.webp","width":600,"height":600,"caption":"Gelatina"},{"@type":"BreadcrumbList","@id":"https:\/\/theo.niranbio.com\/es\/gelatina-de-calidad-alimentaria.html#breadcrumb","itemListElement":[{"@type":"ListItem","position":1,"name":"Home","item":"https:\/\/theo.niranbio.com\/es\/"},{"@type":"ListItem","position":2,"name":"Productos","item":"https:\/\/theo.niranbio.com\/es\/productos.html"},{"@type":"ListItem","position":3,"name":"Espesantes","item":"https:\/\/theo.niranbio.com\/es\/producto-espesante\/"},{"@type":"ListItem","position":4,"name":"Gelatina de calidad alimentaria\uff0880Bloom\/150Bloom\/200Bloom\/280Bloom\uff09"}]},{"@type":"WebSite","@id":"https:\/\/theo.niranbio.com\/es\/#website","url":"https:\/\/theo.niranbio.com\/es\/","name":"Niranbio Chemical","description":"","publisher":{"@id":"https:\/\/theo.niranbio.com\/es\/#organization"},"potentialAction":[{"@type":"SearchAction","target":{"@type":"EntryPoint","urlTemplate":"https:\/\/theo.niranbio.com\/es\/?s={search_term_string}"},"query-input":{"@type":"PropertyValueSpecification","valueRequired":true,"valueName":"search_term_string"}}],"inLanguage":"es"},{"@type":"Organization","@id":"https:\/\/theo.niranbio.com\/es\/#organization","name":"Niranbio Chemical","url":"https:\/\/theo.niranbio.com\/es\/","logo":{"@type":"ImageObject","inLanguage":"es","@id":"https:\/\/theo.niranbio.com\/es\/#\/schema\/logo\/image\/","url":"https:\/\/theo.niranbio.com\/wp-content\/uploads\/2024\/06\/Niranbio.png","contentUrl":"https:\/\/theo.niranbio.com\/wp-content\/uploads\/2024\/06\/Niranbio.png","width":270,"height":100,"caption":"Niranbio Chemical"},"image":{"@id":"https:\/\/theo.niranbio.com\/es\/#\/schema\/logo\/image\/"}}]}},"_links":{"self":[{"href":"https:\/\/theo.niranbio.com\/es\/wp-json\/wp\/v2\/product\/8392","targetHints":{"allow":["GET"]}}],"collection":[{"href":"https:\/\/theo.niranbio.com\/es\/wp-json\/wp\/v2\/product"}],"about":[{"href":"https:\/\/theo.niranbio.com\/es\/wp-json\/wp\/v2\/types\/product"}],"version-history":[{"count":0,"href":"https:\/\/theo.niranbio.com\/es\/wp-json\/wp\/v2\/product\/8392\/revisions"}],"wp:featuredmedia":[{"embeddable":true,"href":"https:\/\/theo.niranbio.com\/es\/wp-json\/wp\/v2\/media\/5887"}],"wp:attachment":[{"href":"https:\/\/theo.niranbio.com\/es\/wp-json\/wp\/v2\/media?parent=8392"}],"wp:term":[{"taxonomy":"product_brand","embeddable":true,"href":"https:\/\/theo.niranbio.com\/es\/wp-json\/wp\/v2\/product_brand?post=8392"},{"taxonomy":"product_cat","embeddable":true,"href":"https:\/\/theo.niranbio.com\/es\/wp-json\/wp\/v2\/product_cat?post=8392"},{"taxonomy":"product_tag","embeddable":true,"href":"https:\/\/theo.niranbio.com\/es\/wp-json\/wp\/v2\/product_tag?post=8392"}],"curies":[{"name":"wp","href":"https:\/\/api.w.org\/{rel}","templated":true}]}}