{"id":8389,"date":"2024-06-20T10:31:48","date_gmt":"2024-06-20T02:31:48","guid":{"rendered":"https:\/\/theo.niranbio.com\/agar\/"},"modified":"2025-03-19T18:59:40","modified_gmt":"2025-03-19T10:59:40","slug":"agar","status":"publish","type":"product","link":"https:\/\/theo.niranbio.com\/es\/agar.html","title":{"rendered":"Agar"},"content":{"rendered":"<h2><span class=\"ez-toc-section\" id=\"%C2%BFQue_es_el_agar\"><\/span>\u00bfQu\u00e9 es el agar?<span class=\"ez-toc-section-end\"><\/span><\/h2>\n<p>El agar es una gelatina natural extra\u00edda de las algas rojas. Se presenta como un polvo o gr\u00e1nulos incoloros, transl\u00facidos o de color blanquecino a amarillo claro. No tiene un olor evidente y es insoluble en agua fr\u00eda. A menudo se utiliza como estabilizador de emulsionantes y espesante en la industria alimentaria.<\/p>\n<p>El agar generalmente se remoja en agua de algas rojas como Agara oleracea y Gracilaria truncatula para eliminar las impurezas, luego se remoja y se hidroliza en \u00e1cido sulf\u00farico o \u00e1cido ac\u00e9tico bajo ciertas condiciones, y luego el hidrolizado se filtra, se purifica, se enfr\u00eda y se solidifica para obtener el producto.<\/p>\n<h2><span class=\"ez-toc-section\" id=\"Parametros_relacionados\"><\/span>Par\u00e1metros relacionados:<span class=\"ez-toc-section-end\"><\/span><\/h2>\n<table>\n<tbody>\n<tr>\n<td><strong>ART\u00cdCULOS<\/strong><\/td>\n<td><strong>Est\u00e1ndar (E406 AGAR)<\/strong><\/td>\n<\/tr>\n<tr>\n<td>P\u00e9rdida por desecaci\u00f3n (%)<\/td>\n<td>\u2264 22<\/td>\n<\/tr>\n<tr>\n<td>CENIZA (%)<\/td>\n<td>\u2264 6.5<\/td>\n<\/tr>\n<tr>\n<td>Resistencia del gel (g\/cm2)<\/td>\n<td>&#8211;<\/td>\n<\/tr>\n<tr>\n<td>Cenizas insolubles en \u00e1cido (insolubles en \u00e1cido clorh\u00eddrico 3N aproximadamente) (%)<\/td>\n<td>\u2264 0.5<\/td>\n<\/tr>\n<tr>\n<td>Materia insoluble (tras 10 minutos en agua caliente) (%)<\/td>\n<td>\u2264 1.0<\/td>\n<\/tr>\n<tr>\n<td>PH<\/td>\n<td>4-8<\/td>\n<\/tr>\n<tr>\n<td>Punto de gelificaci\u00f3n<\/td>\n<td>&#8211;<\/td>\n<\/tr>\n<tr>\n<td>Malla<\/td>\n<td>&#8211;<\/td>\n<\/tr>\n<tr>\n<td>Almid\u00f3n<\/td>\n<td>Conforme<\/td>\n<\/tr>\n<tr>\n<td>Gelatina y otras prote\u00ednas<\/td>\n<td>Conforma<\/td>\n<\/tr>\n<tr>\n<td>Absorci\u00f3n de agua<\/td>\n<td>\u2264 75 ml<\/td>\n<\/tr>\n<tr>\n<td>As (mg\/kg)<\/td>\n<td>\u2264 3<\/td>\n<\/tr>\n<tr>\n<td>Plomo (mg\/kg)<\/td>\n<td>\u2264 5<\/td>\n<\/tr>\n<tr>\n<td>Mercurio (mg\/kg)<\/td>\n<td>\u2264 1<\/td>\n<\/tr>\n<tr>\n<td>Cadmio (mg\/kg)<\/td>\n<td>\u2264 1<\/td>\n<\/tr>\n<tr>\n<td>Recuento total de colonias en placa (ufc\/g)<\/td>\n<td>\u2264 5000<\/td>\n<\/tr>\n<tr>\n<td>Levaduras y mohos (ufc\/g)<\/td>\n<td>\u2264 300<\/td>\n<\/tr>\n<tr>\n<td>Escherichia coli \/5g<\/td>\n<td>Ausente<\/td>\n<\/tr>\n<tr>\n<td>Salmonella spp.<br \/>\n\/5g<\/td>\n<td>Ausente<\/td>\n<\/tr>\n<\/tbody>\n<\/table>\n<h2><span class=\"ez-toc-section\" id=\"Dosis_recomendada\"><\/span>Dosis recomendada:<span class=\"ez-toc-section-end\"><\/span><\/h2>\n<table>\n<tbody>\n<tr>\n<td><strong>Nombre del alimento<\/strong><\/td>\n<td><strong>Uso m\u00e1ximo (g\/kg)<\/strong><\/td>\n<\/tr>\n<tr>\n<td>Gelatina y pudines<\/td>\n<td>2-10 g\/kg<\/td>\n<\/tr>\n<tr>\n<td>Yogur y productos l\u00e1cteos<\/td>\n<td>3-5 g\/kg<\/td>\n<\/tr>\n<tr>\n<td>Pasteles y postres<\/td>\n<td>2-5 g\/kg<\/td>\n<\/tr>\n<tr>\n<td>Jam\u00f3n y productos c\u00e1rnicos<\/td>\n<td>5-10 g\/kg<\/td>\n<\/tr>\n<tr>\n<td>Caramelos<\/td>\n<td>5-10 g\/kg<\/td>\n<\/tr>\n<tr>\n<td>Bebidas de zumo<\/td>\n<td>2-5 g\/kg<\/td>\n<\/tr>\n<tr>\n<td>Salsas y condimentos<\/td>\n<td>2-5 g\/kg<\/td>\n<\/tr>\n<tr>\n<td>Mermeladas y confituras<\/td>\n<td>3-8 g\/kg<\/td>\n<\/tr>\n<tr>\n<td>Jarabes<\/td>\n<td>3-6 g\/kg<\/td>\n<\/tr>\n<tr>\n<td>Chicle<\/td>\n<td>2-5 g\/kg<\/td>\n<\/tr>\n<tr>\n<td>Productos de panader\u00eda<\/td>\n<td>3-7 g\/kg<\/td>\n<\/tr>\n<tr>\n<td>Salsas y pastas para untar<\/td>\n<td>2-5 g\/kg<\/td>\n<\/tr>\n<tr>\n<td>Sustitutos de la carne<\/td>\n<td>5-10 g\/kg<\/td>\n<\/tr>\n<tr>\n<td>Ali\u00f1os para ensaladas<\/td>\n<td>2-5 g\/kg<\/td>\n<\/tr>\n<\/tbody>\n<\/table>\n<h2><span class=\"ez-toc-section\" id=\"El_agar_tiene_una_amplia_gama_de_usos\"><\/span>El agar tiene una amplia gama de usos<span class=\"ez-toc-section-end\"><\/span><\/h2>\n<ol>\n<li>Coagulante y estabilizador: el agar es un agente gelificante natural y se utiliza a menudo para hacer postres como gelatina, pud\u00edn y caramelos de gelatina. Puede formar una estructura de gel s\u00f3lido despu\u00e9s de calentarlo, lo que permite que el alimento mantenga su forma y sabor.<\/li>\n<li>Emulsionante: el agar se puede utilizar como emulsionante para ayudar a mezclar l\u00edquidos inmiscibles, como combinar aceite y agua para hacer que la mezcla sea m\u00e1s uniforme y estable.<\/li>\n<li>Espesante: en algunos procesos de procesamiento de alimentos, el agar puede actuar como espesante para ajustar la textura y el sabor de los alimentos, como en el helado, las salsas y la crema.<\/li>\n<li>Envasado y fijador: El agar se puede utilizar como fijador en alimentos envasados \u200b\u200bpara mantener la forma y la apariencia de los alimentos y evitar que los alimentos se deformen o deterioren durante el transporte y el almacenamiento.<\/li>\n<li>Suplemento nutricional: Algunos agar tambi\u00e9n pueden contener nutrientes, como el agar rico en col\u00e1geno, que se utiliza como fuente complementaria de col\u00e1geno en algunos productos nutricionales.<\/li>\n<\/ol>\n<h2><span class=\"ez-toc-section\" id=\"Pregunta_formulada_por_un_usuario\"><\/span>Pregunta formulada por un usuario:<span class=\"ez-toc-section-end\"><\/span><\/h2>\n<p>Pregunta: \u00bfCu\u00e1les son las ventajas del agar sobre la gelatina?<\/p>\n<p>Respuesta: En comparaci\u00f3n con la gelatina, el agar tiene las ventajas de su origen vegetal, mayor resistencia del gel y estabilidad t\u00e9rmica, menor concentraci\u00f3n de uso y es adecuado para vegetarianos. Adem\u00e1s, el agar es m\u00e1s estable en un entorno \u00e1cido y el gel que forma es m\u00e1s duro y quebradizo, lo que lo hace adecuado para aplicaciones alimentarias que requieren alta transparencia y una estructura fuerte.<\/p>\n","protected":false},"excerpt":{"rendered":"<ul>\n<li>CAS: 9002-18-0<\/li>\n<li>F\u00f3rmula qu\u00edmica: C<sub>14<\/sub>H<sub>24<\/sub>O<sub>9<\/sub><\/li>\n<li>Certificaci\u00f3n: KOSHER, ISO, HALAL, FSSC22000, BRC, etc.<\/li>\n<li>Est\u00e1ndar: E406<\/li>\n<li>Cantidad m\u00ednima de pedido: 1000KG<\/li>\n<li>Caducidad: 2 a\u00f1os<\/li>\n<\/ul>\n","protected":false},"featured_media":13905,"template":"","meta":{"site-sidebar-layout":"default","site-content-layout":"","ast-site-content-layout":"default","site-content-style":"default","site-sidebar-style":"default","ast-global-header-display":"","ast-banner-title-visibility":"","ast-main-header-display":"","ast-hfb-above-header-display":"","ast-hfb-below-header-display":"","ast-hfb-mobile-header-display":"","site-post-title":"","ast-breadcrumbs-content":"","ast-featured-img":"","footer-sml-layout":"","theme-transparent-header-meta":"default","adv-header-id-meta":"","stick-header-meta":"","header-above-stick-meta":"","header-main-stick-meta":"","header-below-stick-meta":"","astra-migrate-meta-layouts":"set","ast-page-background-enabled":"default","ast-page-background-meta":{"desktop":{"background-color":"var(--ast-global-color-4)","background-image":"","background-repeat":"repeat","background-position":"center center","background-size":"auto","background-attachment":"scroll","background-type":"","background-media":"","overlay-type":"","overlay-color":"","overlay-opacity":"","overlay-gradient":""},"tablet":{"background-color":"","background-image":"","background-repeat":"repeat","background-position":"center center","background-size":"auto","background-attachment":"scroll","background-type":"","background-media":"","overlay-type":"","overlay-color":"","overlay-opacity":"","overlay-gradient":""},"mobile":{"background-color":"","background-image":"","background-repeat":"repeat","background-position":"center center","background-size":"auto","background-attachment":"scroll","background-type":"","background-media":"","overlay-type":"","overlay-color":"","overlay-opacity":"","overlay-gradient":""}},"ast-content-background-meta":{"desktop":{"background-color":"var(--ast-global-color-5)","background-image":"","background-repeat":"repeat","background-position":"center center","background-size":"auto","background-attachment":"scroll","background-type":"","background-media":"","overlay-type":"","overlay-color":"","overlay-opacity":"","overlay-gradient":""},"tablet":{"background-color":"var(--ast-global-color-5)","background-image":"","background-repeat":"repeat","background-position":"center center","background-size":"auto","background-attachment":"scroll","background-type":"","background-media":"","overlay-type":"","overlay-color":"","overlay-opacity":"","overlay-gradient":""},"mobile":{"background-color":"var(--ast-global-color-5)","background-image":"","background-repeat":"repeat","background-position":"center center","background-size":"auto","background-attachment":"scroll","background-type":"","background-media":"","overlay-type":"","overlay-color":"","overlay-opacity":"","overlay-gradient":""}}},"product_brand":[],"product_cat":[80],"product_tag":[],"class_list":{"0":"post-8389","1":"product","2":"type-product","3":"status-publish","4":"has-post-thumbnail","6":"product_cat-producto-espesante","7":"desktop-align-center","8":"tablet-align-left","9":"mobile-align-left","11":"first","12":"instock","13":"shipping-taxable","14":"product-type-simple"},"yoast_head":"<!-- This site is optimized with the Yoast SEO plugin v26.5 - https:\/\/yoast.com\/wordpress\/plugins\/seo\/ -->\n<title>Polvo de Agar Agar E406, Comprar Agar a Precio Econ\u00f3mico | Niranbio Chemical<\/title>\n<meta name=\"description\" content=\"Nuestro agar, una gelatina natural de algas rojas, es incoloro a amarillo claro, inodoro y se utiliza como estabilizador y espesante de alimentos.\" \/>\n<meta name=\"robots\" content=\"noindex, follow, max-snippet:-1, max-image-preview:large, max-video-preview:-1\" \/>\n<meta name=\"twitter:label1\" content=\"Tiempo de lectura\" \/>\n\t<meta name=\"twitter:data1\" content=\"3 minutos\" \/>\n<script type=\"application\/ld+json\" class=\"yoast-schema-graph\">{\"@context\":\"https:\/\/schema.org\",\"@graph\":[{\"@type\":\"WebPage\",\"@id\":\"https:\/\/theo.niranbio.com\/es\/agar.html\",\"url\":\"https:\/\/theo.niranbio.com\/es\/agar.html\",\"name\":\"Polvo de Agar Agar E406, Comprar Agar a Precio Econ\u00f3mico | Niranbio Chemical\",\"isPartOf\":{\"@id\":\"https:\/\/theo.niranbio.com\/es\/#website\"},\"primaryImageOfPage\":{\"@id\":\"https:\/\/theo.niranbio.com\/es\/agar.html#primaryimage\"},\"image\":{\"@id\":\"https:\/\/theo.niranbio.com\/es\/agar.html#primaryimage\"},\"thumbnailUrl\":\"https:\/\/theo.niranbio.com\/wp-content\/uploads\/2024\/06\/Agar.jpg\",\"datePublished\":\"2024-06-20T02:31:48+00:00\",\"dateModified\":\"2025-03-19T10:59:40+00:00\",\"description\":\"Nuestro agar, una gelatina natural de algas rojas, es incoloro a amarillo claro, inodoro y se utiliza como estabilizador y espesante de alimentos.\",\"breadcrumb\":{\"@id\":\"https:\/\/theo.niranbio.com\/es\/agar.html#breadcrumb\"},\"inLanguage\":\"es\",\"potentialAction\":[{\"@type\":\"ReadAction\",\"target\":[\"https:\/\/theo.niranbio.com\/es\/agar.html\"]}]},{\"@type\":\"ImageObject\",\"inLanguage\":\"es\",\"@id\":\"https:\/\/theo.niranbio.com\/es\/agar.html#primaryimage\",\"url\":\"https:\/\/theo.niranbio.com\/wp-content\/uploads\/2024\/06\/Agar.jpg\",\"contentUrl\":\"https:\/\/theo.niranbio.com\/wp-content\/uploads\/2024\/06\/Agar.jpg\",\"width\":600,\"height\":600,\"caption\":\"Agar\"},{\"@type\":\"BreadcrumbList\",\"@id\":\"https:\/\/theo.niranbio.com\/es\/agar.html#breadcrumb\",\"itemListElement\":[{\"@type\":\"ListItem\",\"position\":1,\"name\":\"Home\",\"item\":\"https:\/\/theo.niranbio.com\/es\/\"},{\"@type\":\"ListItem\",\"position\":2,\"name\":\"Productos\",\"item\":\"https:\/\/theo.niranbio.com\/es\/productos.html\"},{\"@type\":\"ListItem\",\"position\":3,\"name\":\"Espesantes\",\"item\":\"https:\/\/theo.niranbio.com\/es\/producto-espesante\/\"},{\"@type\":\"ListItem\",\"position\":4,\"name\":\"Agar\"}]},{\"@type\":\"WebSite\",\"@id\":\"https:\/\/theo.niranbio.com\/es\/#website\",\"url\":\"https:\/\/theo.niranbio.com\/es\/\",\"name\":\"Niranbio Chemical\",\"description\":\"\",\"publisher\":{\"@id\":\"https:\/\/theo.niranbio.com\/es\/#organization\"},\"potentialAction\":[{\"@type\":\"SearchAction\",\"target\":{\"@type\":\"EntryPoint\",\"urlTemplate\":\"https:\/\/theo.niranbio.com\/es\/?s={search_term_string}\"},\"query-input\":{\"@type\":\"PropertyValueSpecification\",\"valueRequired\":true,\"valueName\":\"search_term_string\"}}],\"inLanguage\":\"es\"},{\"@type\":\"Organization\",\"@id\":\"https:\/\/theo.niranbio.com\/es\/#organization\",\"name\":\"Niranbio Chemical\",\"url\":\"https:\/\/theo.niranbio.com\/es\/\",\"logo\":{\"@type\":\"ImageObject\",\"inLanguage\":\"es\",\"@id\":\"https:\/\/theo.niranbio.com\/es\/#\/schema\/logo\/image\/\",\"url\":\"https:\/\/theo.niranbio.com\/wp-content\/uploads\/2024\/06\/Niranbio.png\",\"contentUrl\":\"https:\/\/theo.niranbio.com\/wp-content\/uploads\/2024\/06\/Niranbio.png\",\"width\":270,\"height\":100,\"caption\":\"Niranbio Chemical\"},\"image\":{\"@id\":\"https:\/\/theo.niranbio.com\/es\/#\/schema\/logo\/image\/\"}}]}<\/script>\n<!-- \/ Yoast SEO plugin. -->","yoast_head_json":{"title":"Polvo de Agar Agar E406, Comprar Agar a Precio Econ\u00f3mico | Niranbio Chemical","description":"Nuestro agar, una gelatina natural de algas rojas, es incoloro a amarillo claro, inodoro y se utiliza como estabilizador y espesante de alimentos.","robots":{"index":"noindex","follow":"follow","max-snippet":"max-snippet:-1","max-image-preview":"max-image-preview:large","max-video-preview":"max-video-preview:-1"},"twitter_misc":{"Tiempo de lectura":"3 minutos"},"schema":{"@context":"https:\/\/schema.org","@graph":[{"@type":"WebPage","@id":"https:\/\/theo.niranbio.com\/es\/agar.html","url":"https:\/\/theo.niranbio.com\/es\/agar.html","name":"Polvo de Agar Agar E406, Comprar Agar a Precio Econ\u00f3mico | Niranbio Chemical","isPartOf":{"@id":"https:\/\/theo.niranbio.com\/es\/#website"},"primaryImageOfPage":{"@id":"https:\/\/theo.niranbio.com\/es\/agar.html#primaryimage"},"image":{"@id":"https:\/\/theo.niranbio.com\/es\/agar.html#primaryimage"},"thumbnailUrl":"https:\/\/theo.niranbio.com\/wp-content\/uploads\/2024\/06\/Agar.jpg","datePublished":"2024-06-20T02:31:48+00:00","dateModified":"2025-03-19T10:59:40+00:00","description":"Nuestro agar, una gelatina natural de algas rojas, es incoloro a amarillo claro, inodoro y se utiliza como estabilizador y espesante de alimentos.","breadcrumb":{"@id":"https:\/\/theo.niranbio.com\/es\/agar.html#breadcrumb"},"inLanguage":"es","potentialAction":[{"@type":"ReadAction","target":["https:\/\/theo.niranbio.com\/es\/agar.html"]}]},{"@type":"ImageObject","inLanguage":"es","@id":"https:\/\/theo.niranbio.com\/es\/agar.html#primaryimage","url":"https:\/\/theo.niranbio.com\/wp-content\/uploads\/2024\/06\/Agar.jpg","contentUrl":"https:\/\/theo.niranbio.com\/wp-content\/uploads\/2024\/06\/Agar.jpg","width":600,"height":600,"caption":"Agar"},{"@type":"BreadcrumbList","@id":"https:\/\/theo.niranbio.com\/es\/agar.html#breadcrumb","itemListElement":[{"@type":"ListItem","position":1,"name":"Home","item":"https:\/\/theo.niranbio.com\/es\/"},{"@type":"ListItem","position":2,"name":"Productos","item":"https:\/\/theo.niranbio.com\/es\/productos.html"},{"@type":"ListItem","position":3,"name":"Espesantes","item":"https:\/\/theo.niranbio.com\/es\/producto-espesante\/"},{"@type":"ListItem","position":4,"name":"Agar"}]},{"@type":"WebSite","@id":"https:\/\/theo.niranbio.com\/es\/#website","url":"https:\/\/theo.niranbio.com\/es\/","name":"Niranbio Chemical","description":"","publisher":{"@id":"https:\/\/theo.niranbio.com\/es\/#organization"},"potentialAction":[{"@type":"SearchAction","target":{"@type":"EntryPoint","urlTemplate":"https:\/\/theo.niranbio.com\/es\/?s={search_term_string}"},"query-input":{"@type":"PropertyValueSpecification","valueRequired":true,"valueName":"search_term_string"}}],"inLanguage":"es"},{"@type":"Organization","@id":"https:\/\/theo.niranbio.com\/es\/#organization","name":"Niranbio Chemical","url":"https:\/\/theo.niranbio.com\/es\/","logo":{"@type":"ImageObject","inLanguage":"es","@id":"https:\/\/theo.niranbio.com\/es\/#\/schema\/logo\/image\/","url":"https:\/\/theo.niranbio.com\/wp-content\/uploads\/2024\/06\/Niranbio.png","contentUrl":"https:\/\/theo.niranbio.com\/wp-content\/uploads\/2024\/06\/Niranbio.png","width":270,"height":100,"caption":"Niranbio Chemical"},"image":{"@id":"https:\/\/theo.niranbio.com\/es\/#\/schema\/logo\/image\/"}}]}},"_links":{"self":[{"href":"https:\/\/theo.niranbio.com\/es\/wp-json\/wp\/v2\/product\/8389","targetHints":{"allow":["GET"]}}],"collection":[{"href":"https:\/\/theo.niranbio.com\/es\/wp-json\/wp\/v2\/product"}],"about":[{"href":"https:\/\/theo.niranbio.com\/es\/wp-json\/wp\/v2\/types\/product"}],"version-history":[{"count":0,"href":"https:\/\/theo.niranbio.com\/es\/wp-json\/wp\/v2\/product\/8389\/revisions"}],"wp:featuredmedia":[{"embeddable":true,"href":"https:\/\/theo.niranbio.com\/es\/wp-json\/wp\/v2\/media\/13905"}],"wp:attachment":[{"href":"https:\/\/theo.niranbio.com\/es\/wp-json\/wp\/v2\/media?parent=8389"}],"wp:term":[{"taxonomy":"product_brand","embeddable":true,"href":"https:\/\/theo.niranbio.com\/es\/wp-json\/wp\/v2\/product_brand?post=8389"},{"taxonomy":"product_cat","embeddable":true,"href":"https:\/\/theo.niranbio.com\/es\/wp-json\/wp\/v2\/product_cat?post=8389"},{"taxonomy":"product_tag","embeddable":true,"href":"https:\/\/theo.niranbio.com\/es\/wp-json\/wp\/v2\/product_tag?post=8389"}],"curies":[{"name":"wp","href":"https:\/\/api.w.org\/{rel}","templated":true}]}}