{"id":8386,"date":"2024-06-20T10:33:47","date_gmt":"2024-06-20T02:33:47","guid":{"rendered":"https:\/\/theo.niranbio.com\/goma-guar\/"},"modified":"2024-08-15T15:17:53","modified_gmt":"2024-08-15T07:17:53","slug":"goma-guar","status":"publish","type":"product","link":"https:\/\/theo.niranbio.com\/es\/goma-guar.html","title":{"rendered":"Goma guar"},"content":{"rendered":"<h2><span class=\"ez-toc-section\" id=\"%C2%BFQue_es_la_goma_guar\"><\/span>\u00bfQu\u00e9 es la goma guar?<span class=\"ez-toc-section-end\"><\/span><\/h2>\n<p>Un extracto de la semilla de guar se conoce como goma guar. Es un galactomanano con una apariencia de polvo suelto de color blanco a ligeramente amarillo. Se espesa r\u00e1pidamente porque se disuelve en agua y se convierte en una sustancia similar a un gel cuando entra en contacto con ella. A menudo se utiliza como espesante en aditivos alimentarios.<\/p>\n<p>La goma guar se extrae principalmente de las semillas de la legumbre de la semilla de guar. Las semillas se secan, se muelen y se hidrolizan bajo presi\u00f3n. La mezcla hidrolizada presurizada luego se precipita con etanol al 20%. Luego se centrifuga para eliminar las impurezas innecesarias y extraer los componentes puros de la goma guar. La goma guar obtenida despu\u00e9s de la centrifugaci\u00f3n luego se seca y se tritura nuevamente para formar el producto final de goma guar de grado alimenticio.<\/p>\n<h2><span class=\"ez-toc-section\" id=\"Parametros_relacionados\"><\/span>Par\u00e1metros relacionados:<span class=\"ez-toc-section-end\"><\/span><\/h2>\n<table>\n<tbody>\n<tr>\n<td><strong>Art\u00edculos<\/strong><\/td>\n<td><strong>Normas<\/strong><\/td>\n<\/tr>\n<tr>\n<td>Olor<\/td>\n<td>Inodoro o ligero olor a cerveza<\/td>\n<\/tr>\n<tr>\n<td>Viscosidad\/mPa.s 1% Sol.<br \/>\n25 \u2103, 2horas,<\/td>\n<td>6000 min<\/td>\n<\/tr>\n<tr>\n<td>P\u00e9rdida por desecaci\u00f3n, c\/%<\/td>\n<td>\u2264 15.0<\/td>\n<\/tr>\n<tr>\n<td>Ceniza, c\/%<\/td>\n<td>\u2264 1.5<\/td>\n<\/tr>\n<tr>\n<td>No soluble en \u00e1cido, p\/%.<\/td>\n<td>\u2264 7.0<\/td>\n<\/tr>\n<tr>\n<td>Prueba del \u00e1cido b\u00f3rico<\/td>\n<td>Pasa<\/td>\n<\/tr>\n<tr>\n<td>Prote\u00edna, p\/%<\/td>\n<td>\u22647.0<\/td>\n<\/tr>\n<tr>\n<td>Prueba del almid\u00f3n<\/td>\n<td>Pasa<\/td>\n<\/tr>\n<tr>\n<td>Total As\uff08as As\uff09\/\uff08mg\u2215kg\uff09<\/td>\n<td>\u2264 3.0<\/td>\n<\/tr>\n<tr>\n<td>Pb\/\uff08mg\u2215kg\uff09<\/td>\n<td>\u2264 2.0<\/td>\n<\/tr>\n<tr>\n<td>Recuento total de placas\/\uff08CFU\u2215g\uff09<\/td>\n<td>\u2264 5000<\/td>\n<\/tr>\n<tr>\n<td>Grupo Coli\/\uff08MPN\u2215g\uff09<\/td>\n<td>\uff1c30<\/td>\n<\/tr>\n<\/tbody>\n<\/table>\n<h2><span class=\"ez-toc-section\" id=\"Dosis_recomendada\"><\/span>Dosis recomendada:<span class=\"ez-toc-section-end\"><\/span><\/h2>\n<table>\n<tbody>\n<tr>\n<td><strong>Nombre del alimento<\/strong><\/td>\n<td><strong>Uso m\u00e1ximo (g\/kg)<\/strong><\/td>\n<\/tr>\n<tr>\n<td>Bebidas<\/td>\n<td>1-5 g\/kg<\/td>\n<\/tr>\n<tr>\n<td>Productos l\u00e1cteos<\/td>\n<td>1-5 g\/kg<\/td>\n<\/tr>\n<tr>\n<td>Salsas y ali\u00f1os<\/td>\n<td>2-8 g\/kg<\/td>\n<\/tr>\n<tr>\n<td>Condimentar masas y pan<\/td>\n<td>2-10 g\/kg<\/td>\n<\/tr>\n<tr>\n<td>Alimentos enlatados<\/td>\n<td>2-8 g\/kg<\/td>\n<\/tr>\n<tr>\n<td>Productos c\u00e1rnicos (jam\u00f3n, salchichas, etc.)<\/td>\n<td>2-8 g\/kg<\/td>\n<\/tr>\n<tr>\n<td>Condimentos<\/td>\n<td>2-8 g\/kg<\/td>\n<\/tr>\n<tr>\n<td>Yogur y productos l\u00e1cteos fermentados<\/td>\n<td>1-5 g\/kg<\/td>\n<\/tr>\n<tr>\n<td>Ali\u00f1os para ensaladas<\/td>\n<td>2-8 g\/kg<\/td>\n<\/tr>\n<tr>\n<td>Confiter\u00eda y chocolate<\/td>\n<td>2-8 g\/kg<\/td>\n<\/tr>\n<tr>\n<td>Aditivos para piensos (alimentos para mascotas, etc.)<\/td>\n<td>1-5 g\/kg<\/td>\n<\/tr>\n<tr>\n<td>Condimentos y saborizantes en polvo<\/td>\n<td>2-8 g\/kg<\/td>\n<\/tr>\n<\/tbody>\n<\/table>\n<h2><span class=\"ez-toc-section\" id=\"La_goma_guar_tiene_una_amplia_gama_de_usos\"><\/span>La goma guar tiene una amplia gama de usos<span class=\"ez-toc-section-end\"><\/span><\/h2>\n<ol>\n<li>Espesante: como goma vegetal natural, se extrae principalmente de las semillas de guar. Tiene buena solubilidad en agua y puede aumentar significativamente la viscosidad de los alimentos, mejorar la textura y el sabor de los alimentos. Es ampliamente utilizado en la industria alimentaria, como helados, pasteles congelados, pan, pasteles y otros alimentos horneados, as\u00ed como gelatina, aderezo para ensaladas, yogur, carne enlatada, cerveza, bebidas sin az\u00facar y otros alimentos. Adem\u00e1s de ayudar a que los alimentos duren m\u00e1s tiempo en el estante, puede mejorar el sabor y el gusto de los alimentos.<\/li>\n<li>Estabilizador: en jugos y bebidas, la goma guar se puede utilizar como espesante para hacer que el sabor de los jugos y las bebidas sea m\u00e1s rico y suave. \u200c Al mismo tiempo, tambi\u00e9n puede estabilizar las part\u00edculas suspendidas en el jugo para evitar la precipitaci\u00f3n y la estratificaci\u00f3n. Agregar goma guar a los productos de chocolate puede mejorar la textura del chocolate, haci\u00e9ndolo m\u00e1s delicado y suave, y evitar que el chocolate se cristalice y se separe cuando cambia la temperatura.<\/li>\n<li>Mejorar la textura y la estabilidad de los alimentos: En helados y postres helados, la goma guar act\u00faa como estabilizador para mejorar la resistencia a la fusi\u00f3n y la estabilidad de los helados y postres helados, de modo que puedan mantener una mejor textura y sabor durante el almacenamiento y el transporte. Agregar goma guar a pasteles y tartas puede mejorar la textura de la masa y hacer que los pasteles sean m\u00e1s suaves y delicados. Al mismo tiempo, la goma guar tambi\u00e9n puede mejorar la retenci\u00f3n de humedad de los pasteles y extender la vida \u00fatil.<\/li>\n<li>Beneficios nutricionales y para la salud: La goma guar, como aditivo alimentario natural, se encuentra ampliamente en varios alimentos, como frutas, verduras, cereales, etc. Puede complementar los nutrientes que necesita el cuerpo humano, promover la digesti\u00f3n, mejorar la inmunidad, ayudar a mejorar el estre\u00f1imiento, proteger las enfermedades cardiovasculares y cerebrovasculares, etc.<\/li>\n<\/ol>\n<h2><span class=\"ez-toc-section\" id=\"Pregunta_formulada_por_un_usuario\"><\/span>Pregunta formulada por un usuario:<span class=\"ez-toc-section-end\"><\/span><\/h2>\n<p>Pregunta: \u00bfEn qu\u00e9 se diferencian la goma guar y la goma xantana?<\/p>\n<p>Respuesta: La goma guar y la goma xantana son dos espesantes y estabilizadores de alimentos de uso com\u00fan, que tienen diferencias significativas en sus fuentes, estructuras y caracter\u00edsticas de uso. El ingrediente principal de la goma guar son los polisac\u00e1ridos lineales, que se derivan de las semillas de la planta de guar. Aunque su solubilidad es ligeramente peor que la de la goma xantana, se puede disolver eficazmente en agua tibia y es adecuada para productos como productos l\u00e1cteos, helados y pan que requieren alta viscosidad y buenas propiedades reol\u00f3gicas.<\/p>\n<p>La goma xantana proviene de la fermentaci\u00f3n bacteriana y tiene una excelente solubilidad en agua fr\u00eda y estabilidad en una amplia gama de condiciones de pH. Muchos productos culinarios, incluidas las bebidas y los aderezos para ensaladas, la contienen con frecuencia. Debido a su origen natural y sus buenas propiedades reol\u00f3gicas, la goma guar es particularmente destacada en la industria alimentaria y puede mejorar la textura y la estabilidad del producto.<\/p>\n","protected":false},"excerpt":{"rendered":"<ul>\n<li>CAS: 9000-30-0<\/li>\n<li>F\u00f3rmula qu\u00edmica: C<sub>10<\/sub>H<sub>14<\/sub>N<sub>5<\/sub>Na<sub>2<\/sub>O<sub>12<\/sub>P<sub>3<\/sub><\/li>\n<li>Certificaci\u00f3n: KOSHER, ISO, HALAL, FSSC22000, BRC, etc.<\/li>\n<li>Cantidad m\u00ednima de pedido: 1000KG<\/li>\n<li>Caducidad: 2 a\u00f1os<\/li>\n<\/ul>\n","protected":false},"featured_media":5861,"template":"","meta":{"site-sidebar-layout":"default","site-content-layout":"","ast-site-content-layout":"default","site-content-style":"default","site-sidebar-style":"default","ast-global-header-display":"","ast-banner-title-visibility":"","ast-main-header-display":"","ast-hfb-above-header-display":"","ast-hfb-below-header-display":"","ast-hfb-mobile-header-display":"","site-post-title":"","ast-breadcrumbs-content":"","ast-featured-img":"","footer-sml-layout":"","theme-transparent-header-meta":"default","adv-header-id-meta":"","stick-header-meta":"","header-above-stick-meta":"","header-main-stick-meta":"","header-below-stick-meta":"","astra-migrate-meta-layouts":"set","ast-page-background-enabled":"default","ast-page-background-meta":{"desktop":{"background-color":"var(--ast-global-color-4)","background-image":"","background-repeat":"repeat","background-position":"center center","background-size":"auto","background-attachment":"scroll","background-type":"","background-media":"","overlay-type":"","overlay-color":"","overlay-opacity":"","overlay-gradient":""},"tablet":{"background-color":"","background-image":"","background-repeat":"repeat","background-position":"center center","background-size":"auto","background-attachment":"scroll","background-type":"","background-media":"","overlay-type":"","overlay-color":"","overlay-opacity":"","overlay-gradient":""},"mobile":{"background-color":"","background-image":"","background-repeat":"repeat","background-position":"center center","background-size":"auto","background-attachment":"scroll","background-type":"","background-media":"","overlay-type":"","overlay-color":"","overlay-opacity":"","overlay-gradient":""}},"ast-content-background-meta":{"desktop":{"background-color":"var(--ast-global-color-5)","background-image":"","background-repeat":"repeat","background-position":"center center","background-size":"auto","background-attachment":"scroll","background-type":"","background-media":"","overlay-type":"","overlay-color":"","overlay-opacity":"","overlay-gradient":""},"tablet":{"background-color":"var(--ast-global-color-5)","background-image":"","background-repeat":"repeat","background-position":"center center","background-size":"auto","background-attachment":"scroll","background-type":"","background-media":"","overlay-type":"","overlay-color":"","overlay-opacity":"","overlay-gradient":""},"mobile":{"background-color":"var(--ast-global-color-5)","background-image":"","background-repeat":"repeat","background-position":"center center","background-size":"auto","background-attachment":"scroll","background-type":"","background-media":"","overlay-type":"","overlay-color":"","overlay-opacity":"","overlay-gradient":""}}},"product_brand":[],"product_cat":[80],"product_tag":[],"class_list":{"0":"post-8386","1":"product","2":"type-product","3":"status-publish","4":"has-post-thumbnail","6":"product_cat-producto-espesante","7":"desktop-align-center","8":"tablet-align-left","9":"mobile-align-left","11":"first","12":"instock","13":"shipping-taxable","14":"product-type-simple"},"yoast_head":"<!-- This site is optimized with the Yoast SEO plugin v26.5 - https:\/\/yoast.com\/wordpress\/plugins\/seo\/ -->\n<title>Goma Guar Aditivo E412, Comprar Goma Guar en Polvo | Niranbio Chemical<\/title>\n<meta name=\"description\" content=\"Nuestro polvo de goma guar es un galactomanano con una apariencia de polvo fluido de color blanco a ligeramente amarillo, que se disuelve en agua y se convierte en una sustancia gelatinosa cuando entra en contacto con ella.\" \/>\n<meta name=\"robots\" content=\"noindex, follow, max-snippet:-1, max-image-preview:large, max-video-preview:-1\" \/>\n<meta name=\"twitter:label1\" content=\"Tiempo de lectura\" \/>\n\t<meta name=\"twitter:data1\" content=\"4 minutos\" \/>\n<script type=\"application\/ld+json\" class=\"yoast-schema-graph\">{\"@context\":\"https:\/\/schema.org\",\"@graph\":[{\"@type\":\"WebPage\",\"@id\":\"https:\/\/theo.niranbio.com\/es\/goma-guar.html\",\"url\":\"https:\/\/theo.niranbio.com\/es\/goma-guar.html\",\"name\":\"Goma Guar Aditivo E412, Comprar Goma Guar en Polvo | Niranbio Chemical\",\"isPartOf\":{\"@id\":\"https:\/\/theo.niranbio.com\/es\/#website\"},\"primaryImageOfPage\":{\"@id\":\"https:\/\/theo.niranbio.com\/es\/goma-guar.html#primaryimage\"},\"image\":{\"@id\":\"https:\/\/theo.niranbio.com\/es\/goma-guar.html#primaryimage\"},\"thumbnailUrl\":\"https:\/\/theo.niranbio.com\/wp-content\/uploads\/2024\/06\/Guar-gum.webp\",\"datePublished\":\"2024-06-20T02:33:47+00:00\",\"dateModified\":\"2024-08-15T07:17:53+00:00\",\"description\":\"Nuestro polvo de goma guar es un galactomanano con una apariencia de polvo fluido de color blanco a ligeramente amarillo, que se disuelve en agua y se convierte en una sustancia gelatinosa cuando entra en contacto con ella.\",\"breadcrumb\":{\"@id\":\"https:\/\/theo.niranbio.com\/es\/goma-guar.html#breadcrumb\"},\"inLanguage\":\"es\",\"potentialAction\":[{\"@type\":\"ReadAction\",\"target\":[\"https:\/\/theo.niranbio.com\/es\/goma-guar.html\"]}]},{\"@type\":\"ImageObject\",\"inLanguage\":\"es\",\"@id\":\"https:\/\/theo.niranbio.com\/es\/goma-guar.html#primaryimage\",\"url\":\"https:\/\/theo.niranbio.com\/wp-content\/uploads\/2024\/06\/Guar-gum.webp\",\"contentUrl\":\"https:\/\/theo.niranbio.com\/wp-content\/uploads\/2024\/06\/Guar-gum.webp\",\"width\":600,\"height\":600,\"caption\":\"Guar Gum\"},{\"@type\":\"BreadcrumbList\",\"@id\":\"https:\/\/theo.niranbio.com\/es\/goma-guar.html#breadcrumb\",\"itemListElement\":[{\"@type\":\"ListItem\",\"position\":1,\"name\":\"Home\",\"item\":\"https:\/\/theo.niranbio.com\/es\/\"},{\"@type\":\"ListItem\",\"position\":2,\"name\":\"Productos\",\"item\":\"https:\/\/theo.niranbio.com\/es\/productos.html\"},{\"@type\":\"ListItem\",\"position\":3,\"name\":\"Espesantes\",\"item\":\"https:\/\/theo.niranbio.com\/es\/producto-espesante\/\"},{\"@type\":\"ListItem\",\"position\":4,\"name\":\"Goma guar\"}]},{\"@type\":\"WebSite\",\"@id\":\"https:\/\/theo.niranbio.com\/es\/#website\",\"url\":\"https:\/\/theo.niranbio.com\/es\/\",\"name\":\"Niranbio Chemical\",\"description\":\"\",\"publisher\":{\"@id\":\"https:\/\/theo.niranbio.com\/es\/#organization\"},\"potentialAction\":[{\"@type\":\"SearchAction\",\"target\":{\"@type\":\"EntryPoint\",\"urlTemplate\":\"https:\/\/theo.niranbio.com\/es\/?s={search_term_string}\"},\"query-input\":{\"@type\":\"PropertyValueSpecification\",\"valueRequired\":true,\"valueName\":\"search_term_string\"}}],\"inLanguage\":\"es\"},{\"@type\":\"Organization\",\"@id\":\"https:\/\/theo.niranbio.com\/es\/#organization\",\"name\":\"Niranbio Chemical\",\"url\":\"https:\/\/theo.niranbio.com\/es\/\",\"logo\":{\"@type\":\"ImageObject\",\"inLanguage\":\"es\",\"@id\":\"https:\/\/theo.niranbio.com\/es\/#\/schema\/logo\/image\/\",\"url\":\"https:\/\/theo.niranbio.com\/wp-content\/uploads\/2024\/06\/Niranbio.png\",\"contentUrl\":\"https:\/\/theo.niranbio.com\/wp-content\/uploads\/2024\/06\/Niranbio.png\",\"width\":270,\"height\":100,\"caption\":\"Niranbio Chemical\"},\"image\":{\"@id\":\"https:\/\/theo.niranbio.com\/es\/#\/schema\/logo\/image\/\"}}]}<\/script>\n<!-- \/ Yoast SEO plugin. -->","yoast_head_json":{"title":"Goma Guar Aditivo E412, Comprar Goma Guar en Polvo | Niranbio Chemical","description":"Nuestro polvo de goma guar es un galactomanano con una apariencia de polvo fluido de color blanco a ligeramente amarillo, que se disuelve en agua y se convierte en una sustancia gelatinosa cuando entra en contacto con ella.","robots":{"index":"noindex","follow":"follow","max-snippet":"max-snippet:-1","max-image-preview":"max-image-preview:large","max-video-preview":"max-video-preview:-1"},"twitter_misc":{"Tiempo de lectura":"4 minutos"},"schema":{"@context":"https:\/\/schema.org","@graph":[{"@type":"WebPage","@id":"https:\/\/theo.niranbio.com\/es\/goma-guar.html","url":"https:\/\/theo.niranbio.com\/es\/goma-guar.html","name":"Goma Guar Aditivo E412, Comprar Goma Guar en Polvo | Niranbio Chemical","isPartOf":{"@id":"https:\/\/theo.niranbio.com\/es\/#website"},"primaryImageOfPage":{"@id":"https:\/\/theo.niranbio.com\/es\/goma-guar.html#primaryimage"},"image":{"@id":"https:\/\/theo.niranbio.com\/es\/goma-guar.html#primaryimage"},"thumbnailUrl":"https:\/\/theo.niranbio.com\/wp-content\/uploads\/2024\/06\/Guar-gum.webp","datePublished":"2024-06-20T02:33:47+00:00","dateModified":"2024-08-15T07:17:53+00:00","description":"Nuestro polvo de goma guar es un galactomanano con una apariencia de polvo fluido de color blanco a ligeramente amarillo, que se disuelve en agua y se convierte en una sustancia gelatinosa cuando entra en contacto con ella.","breadcrumb":{"@id":"https:\/\/theo.niranbio.com\/es\/goma-guar.html#breadcrumb"},"inLanguage":"es","potentialAction":[{"@type":"ReadAction","target":["https:\/\/theo.niranbio.com\/es\/goma-guar.html"]}]},{"@type":"ImageObject","inLanguage":"es","@id":"https:\/\/theo.niranbio.com\/es\/goma-guar.html#primaryimage","url":"https:\/\/theo.niranbio.com\/wp-content\/uploads\/2024\/06\/Guar-gum.webp","contentUrl":"https:\/\/theo.niranbio.com\/wp-content\/uploads\/2024\/06\/Guar-gum.webp","width":600,"height":600,"caption":"Guar Gum"},{"@type":"BreadcrumbList","@id":"https:\/\/theo.niranbio.com\/es\/goma-guar.html#breadcrumb","itemListElement":[{"@type":"ListItem","position":1,"name":"Home","item":"https:\/\/theo.niranbio.com\/es\/"},{"@type":"ListItem","position":2,"name":"Productos","item":"https:\/\/theo.niranbio.com\/es\/productos.html"},{"@type":"ListItem","position":3,"name":"Espesantes","item":"https:\/\/theo.niranbio.com\/es\/producto-espesante\/"},{"@type":"ListItem","position":4,"name":"Goma guar"}]},{"@type":"WebSite","@id":"https:\/\/theo.niranbio.com\/es\/#website","url":"https:\/\/theo.niranbio.com\/es\/","name":"Niranbio Chemical","description":"","publisher":{"@id":"https:\/\/theo.niranbio.com\/es\/#organization"},"potentialAction":[{"@type":"SearchAction","target":{"@type":"EntryPoint","urlTemplate":"https:\/\/theo.niranbio.com\/es\/?s={search_term_string}"},"query-input":{"@type":"PropertyValueSpecification","valueRequired":true,"valueName":"search_term_string"}}],"inLanguage":"es"},{"@type":"Organization","@id":"https:\/\/theo.niranbio.com\/es\/#organization","name":"Niranbio Chemical","url":"https:\/\/theo.niranbio.com\/es\/","logo":{"@type":"ImageObject","inLanguage":"es","@id":"https:\/\/theo.niranbio.com\/es\/#\/schema\/logo\/image\/","url":"https:\/\/theo.niranbio.com\/wp-content\/uploads\/2024\/06\/Niranbio.png","contentUrl":"https:\/\/theo.niranbio.com\/wp-content\/uploads\/2024\/06\/Niranbio.png","width":270,"height":100,"caption":"Niranbio Chemical"},"image":{"@id":"https:\/\/theo.niranbio.com\/es\/#\/schema\/logo\/image\/"}}]}},"_links":{"self":[{"href":"https:\/\/theo.niranbio.com\/es\/wp-json\/wp\/v2\/product\/8386","targetHints":{"allow":["GET"]}}],"collection":[{"href":"https:\/\/theo.niranbio.com\/es\/wp-json\/wp\/v2\/product"}],"about":[{"href":"https:\/\/theo.niranbio.com\/es\/wp-json\/wp\/v2\/types\/product"}],"version-history":[{"count":0,"href":"https:\/\/theo.niranbio.com\/es\/wp-json\/wp\/v2\/product\/8386\/revisions"}],"wp:featuredmedia":[{"embeddable":true,"href":"https:\/\/theo.niranbio.com\/es\/wp-json\/wp\/v2\/media\/5861"}],"wp:attachment":[{"href":"https:\/\/theo.niranbio.com\/es\/wp-json\/wp\/v2\/media?parent=8386"}],"wp:term":[{"taxonomy":"product_brand","embeddable":true,"href":"https:\/\/theo.niranbio.com\/es\/wp-json\/wp\/v2\/product_brand?post=8386"},{"taxonomy":"product_cat","embeddable":true,"href":"https:\/\/theo.niranbio.com\/es\/wp-json\/wp\/v2\/product_cat?post=8386"},{"taxonomy":"product_tag","embeddable":true,"href":"https:\/\/theo.niranbio.com\/es\/wp-json\/wp\/v2\/product_tag?post=8386"}],"curies":[{"name":"wp","href":"https:\/\/api.w.org\/{rel}","templated":true}]}}