{"id":8384,"date":"2024-06-20T09:40:52","date_gmt":"2024-06-20T01:40:52","guid":{"rendered":"https:\/\/theo.niranbio.com\/carbonato-de-magnesio-light\/"},"modified":"2024-08-16T13:16:46","modified_gmt":"2024-08-16T05:16:46","slug":"carbonato-de-magnesio-light","status":"publish","type":"product","link":"https:\/\/theo.niranbio.com\/es\/carbonato-de-magnesio-light.html","title":{"rendered":"Carbonato de Magnesio Ligero"},"content":{"rendered":"<h2><span class=\"ez-toc-section\" id=\"%C2%BFQue_es_el_carbonato_de_magnesio_ligero\"><\/span>\u00bfQu\u00e9 es el carbonato de magnesio ligero?<span class=\"ez-toc-section-end\"><\/span><\/h2>\n<p>El carbonato de magnesio ligero es una sustancia qu\u00edmica que aparece como bloques blancos fr\u00e1giles o polvo blanco suelto. No tiene un olor evidente, no es f\u00e1cilmente soluble en agua y etanol y no reacciona con la mayor\u00eda de los \u00e1cidos y bases a temperatura ambiente. Se utiliza ampliamente como aditivo alimentario y tambi\u00e9n se utiliza en las industrias farmac\u00e9utica, qu\u00edmica fina y cosm\u00e9tica.<\/p>\n<p>El carbonato de magnesio ligero puede hacer reaccionar la soluci\u00f3n de carbonato con la soluci\u00f3n de sal de magnesio para generar un precipitado que se puede secar para obtener carbonato de magnesio. Otro m\u00e9todo es hacer reaccionar la sal de magnesio con carbonato alcalino, como hidr\u00f3xido de magnesio y di\u00f3xido de carbono para generar carbonato de magnesio.<\/p>\n<h2><span class=\"ez-toc-section\" id=\"Parametros_relacionados\"><\/span>Par\u00e1metros relacionados:<span class=\"ez-toc-section-end\"><\/span><\/h2>\n<table>\n<tbody>\n<tr>\n<td><strong>PRUEBAS<\/strong><\/td>\n<td><strong>ESPECIFICACI\u00d3N<\/strong><\/td>\n<td><strong>RESULTADO<\/strong><\/td>\n<\/tr>\n<tr>\n<td>Identificaci\u00f3n<\/td>\n<td>Cumple los requisitos<\/td>\n<td>Cumple<\/td>\n<\/tr>\n<tr>\n<td>Sales solubles<\/td>\n<td>NMT 1,0%<\/td>\n<td>0.4%<\/td>\n<\/tr>\n<tr>\n<td>Sustancias insolubles en \u00e1cido<\/td>\n<td>NMT 0,05<\/td>\n<td>0.01%<\/td>\n<\/tr>\n<tr>\n<td>Calcio<\/td>\n<td>NMT 0,45<\/td>\n<td>0.06%<\/td>\n<\/tr>\n<tr>\n<td>Hierro<\/td>\n<td>NMT 200 ppm<\/td>\n<td>30 ppm<\/td>\n<\/tr>\n<tr>\n<td>Metales pesados<\/td>\n<td>NMT 30 ppm<\/td>\n<td>\uff1c20 ppm<\/td>\n<\/tr>\n<tr>\n<td>Ars\u00e9nico<\/td>\n<td>NMT 4 ppm<\/td>\n<td>\uff1c2 ppm<\/td>\n<\/tr>\n<tr>\n<td>Ensayo (MgO\uff09<\/td>\n<td>40.0-43.5%<\/td>\n<td>42%<\/td>\n<\/tr>\n<tr>\n<td>Densidad aparente ,(g\/ml)<\/td>\n<td>\u22640,20g\/ml<\/td>\n<td>0,09 g\/ml<\/td>\n<\/tr>\n<tr>\n<td>Conclusi\u00f3n:<\/td>\n<td colspan=\"2\">Este lote cumple los requisitos de la USP41<\/td>\n<\/tr>\n<\/tbody>\n<\/table>\n<h2><span class=\"ez-toc-section\" id=\"Dosis_recomendada\"><\/span>Dosis recomendada<span class=\"ez-toc-section-end\"><\/span><\/h2>\n<table>\n<tbody>\n<tr>\n<td><strong>Nombre del alimento<\/strong><\/td>\n<td><strong>Uso m\u00e1ximo (g\/kg)<\/strong><\/td>\n<\/tr>\n<tr>\n<td>Industria de bebidas<\/td>\n<td>2 g\/kg<\/td>\n<\/tr>\n<tr>\n<td>Industria de bebidas alcoh\u00f3licas<\/td>\n<td>5 g\/kg<\/td>\n<\/tr>\n<tr>\n<td>Industria del aceite comestible<\/td>\n<td>4 g\/kg<\/td>\n<\/tr>\n<tr>\n<td>Industria de encurtidos<\/td>\n<td>5 g\/kg<\/td>\n<\/tr>\n<tr>\n<td>Industria de transformaci\u00f3n del pescado<\/td>\n<td>4 g\/kg<\/td>\n<\/tr>\n<tr>\n<td>Industria c\u00e1rnica<\/td>\n<td>5 g\/kg<\/td>\n<\/tr>\n<tr>\n<td>Industria conservera<\/td>\n<td>4 g\/kg<\/td>\n<\/tr>\n<tr>\n<td>Industria confitera<\/td>\n<td>3 g\/kg<\/td>\n<\/tr>\n<tr>\n<td>Industria panadera<\/td>\n<td>4 g\/kg<\/td>\n<\/tr>\n<tr>\n<td>Industria del almid\u00f3n y sus derivados<\/td>\n<td>4 g\/kg<\/td>\n<\/tr>\n<tr>\n<td>Industria de alimentos inflados<\/td>\n<td>4 g\/kg<\/td>\n<\/tr>\n<tr>\n<td>Industria de aditivos alimentarios<\/td>\n<td>4 g\/kg<\/td>\n<\/tr>\n<\/tbody>\n<\/table>\n<h2><span class=\"ez-toc-section\" id=\"El_carbonato_de_magnesio_ligero_tiene_una_amplia_gama_de_usos\"><\/span>El carbonato de magnesio ligero tiene una amplia gama de usos<span class=\"ez-toc-section-end\"><\/span><\/h2>\n<p>Se puede emplear como material aislante t\u00e9rmico, ign\u00edfugo y resistente al calor a altas temperaturas. Tambi\u00e9n se utiliza como relleno y refuerzo en el caucho, as\u00ed como aditivo y compensador de magnesio en alimentos y s\u00edntesis qu\u00edmica fina. Es una materia prima qu\u00edmica crucial que se utiliza en la producci\u00f3n de alambres y cables, art\u00edculos de vidrio de primera calidad, pinturas, pigmentos, pinturas para autom\u00f3viles, sales de magnesio, cosm\u00e9ticos de uso diario, construcci\u00f3n naval, fabricaci\u00f3n de calderas y toallitas para manos para atletas durante las competiciones.<\/p>\n<h2><span class=\"ez-toc-section\" id=\"Pregunta_formulada_por_un_usuario\"><\/span>Pregunta formulada por un usuario:<span class=\"ez-toc-section-end\"><\/span><\/h2>\n<p>Pregunta: \u00bfImporta la diferencia entre el carbonato de magnesio pesado y ligero?<\/p>\n<p>Respuesta: Con una densidad de 3,58 g\/cm3, el carbonato de magnesio ligero es un polvo grande, blanco y amorfo que no tiene sabor ni olor y no es venenoso. El agua pura y los disolventes org\u00e1nicos lo vuelven insoluble, pero las soluciones que combinan sales \u00e1cidas y de amonio lo vuelven soluble. Su solubilidad en agua aumenta debido a la presencia de di\u00f3xido de carbono. Despu\u00e9s de la combusti\u00f3n a alta temperatura, se convierte en cristales y, cuando encuentra di\u00f3xido de carbono en el aire, formar\u00e1 una sal compleja de carbonato de magnesio.<\/p>\n<p>El carbonato de magnesio pesado, un polvo compacto de color blanco o beige, absorbe r\u00e1pidamente la humedad y el di\u00f3xido de carbono del aire cuando se mezcla con una soluci\u00f3n de cloruro de magnesio. Tambi\u00e9n se gelifica y endurece con facilidad. Con una densidad aparente de 0,5 gramos por mililitro, el carbonato de magnesio pesado suele calcinarse inmediatamente con mineral de brucita y magnesita. Generalmente, el sulfato de magnesio, el cloruro de magnesio o el bicarbonato de magnesio se convierten primero en un producto soluble en agua, que posteriormente se transforma qu\u00edmicamente en un producto insoluble en agua y, finalmente, se calcina para producir carbonato de magnesio ligero.<\/p>\n<p>El producto resultante tiene una densidad aparente muy peque\u00f1a, normalmente 0,2 g\/ml. Adem\u00e1s, el carbonato de magnesio ligero se utiliza principalmente como materia prima para cer\u00e1mica, esmalte, ladrillos refractarios y crisoles refractarios, mientras que el carbonato de magnesio pesado se emplea generalmente en acero con fibra de vidrio, cemento y otros productos. Tambi\u00e9n se puede utilizar como adhesivo, agente de pulido, papel y relleno de pintura, o como activador y promotor de caucho fluorado y caucho de cloropreno.<\/p>\n","protected":false},"excerpt":{"rendered":"<ul>\n<li>CAS: 546-93-0<\/li>\n<li>F\u00f3rmula qu\u00edmica: MgCO<sub>3<\/sub><\/li>\n<li>Certificaci\u00f3n: KOSHER, ISO, HALAL, FSSC22000, BRC, etc.<\/li>\n<li>Norma: USP<\/li>\n<li>Cantidad m\u00ednima de pedido: 1000KG<\/li>\n<li>Caducidad: 2 a\u00f1os<\/li>\n<\/ul>\n","protected":false},"featured_media":5728,"template":"","meta":{"site-sidebar-layout":"default","site-content-layout":"","ast-site-content-layout":"default","site-content-style":"default","site-sidebar-style":"default","ast-global-header-display":"","ast-banner-title-visibility":"","ast-main-header-display":"","ast-hfb-above-header-display":"","ast-hfb-below-header-display":"","ast-hfb-mobile-header-display":"","site-post-title":"","ast-breadcrumbs-content":"","ast-featured-img":"","footer-sml-layout":"","theme-transparent-header-meta":"default","adv-header-id-meta":"","stick-header-meta":"","header-above-stick-meta":"","header-main-stick-meta":"","header-below-stick-meta":"","astra-migrate-meta-layouts":"set","ast-page-background-enabled":"default","ast-page-background-meta":{"desktop":{"background-color":"var(--ast-global-color-4)","background-image":"","background-repeat":"repeat","background-position":"center center","background-size":"auto","background-attachment":"scroll","background-type":"","background-media":"","overlay-type":"","overlay-color":"","overlay-opacity":"","overlay-gradient":""},"tablet":{"background-color":"","background-image":"","background-repeat":"repeat","background-position":"center center","background-size":"auto","background-attachment":"scroll","background-type":"","background-media":"","overlay-type":"","overlay-color":"","overlay-opacity":"","overlay-gradient":""},"mobile":{"background-color":"","background-image":"","background-repeat":"repeat","background-position":"center center","background-size":"auto","background-attachment":"scroll","background-type":"","background-media":"","overlay-type":"","overlay-color":"","overlay-opacity":"","overlay-gradient":""}},"ast-content-background-meta":{"desktop":{"background-color":"var(--ast-global-color-5)","background-image":"","background-repeat":"repeat","background-position":"center center","background-size":"auto","background-attachment":"scroll","background-type":"","background-media":"","overlay-type":"","overlay-color":"","overlay-opacity":"","overlay-gradient":""},"tablet":{"background-color":"var(--ast-global-color-5)","background-image":"","background-repeat":"repeat","background-position":"center center","background-size":"auto","background-attachment":"scroll","background-type":"","background-media":"","overlay-type":"","overlay-color":"","overlay-opacity":"","overlay-gradient":""},"mobile":{"background-color":"var(--ast-global-color-5)","background-image":"","background-repeat":"repeat","background-position":"center center","background-size":"auto","background-attachment":"scroll","background-type":"","background-media":"","overlay-type":"","overlay-color":"","overlay-opacity":"","overlay-gradient":""}}},"product_brand":[],"product_cat":[90,19,25],"product_tag":[],"class_list":{"0":"post-8384","1":"product","2":"type-product","3":"status-publish","4":"has-post-thumbnail","6":"product_cat-producto-potenciador-de-la-nutricion","7":"product_cat-acidulants-product","8":"product_cat-nutrition-enhancers-product","9":"desktop-align-center","10":"tablet-align-left","11":"mobile-align-left","13":"first","14":"instock","15":"shipping-taxable","16":"product-type-simple"},"yoast_head":"<!-- This site is optimized with the Yoast SEO plugin v26.5 - https:\/\/yoast.com\/wordpress\/plugins\/seo\/ -->\n<title>Carbonato de Magnesio Ligero E504, Grado Alimenticio | Niranbio Chemical<\/title>\n<meta name=\"description\" content=\"Nuestro carbonato de magnesio ligero es un polvo blanco, inodoro, con excelente absorci\u00f3n de humedad y alta estabilidad t\u00e9rmica, que se utiliza com\u00fanmente como agente secante.\" \/>\n<meta name=\"robots\" content=\"noindex, follow, max-snippet:-1, max-image-preview:large, max-video-preview:-1\" \/>\n<meta name=\"twitter:label1\" content=\"Tiempo de lectura\" \/>\n\t<meta name=\"twitter:data1\" content=\"4 minutos\" \/>\n<script type=\"application\/ld+json\" class=\"yoast-schema-graph\">{\"@context\":\"https:\/\/schema.org\",\"@graph\":[{\"@type\":\"WebPage\",\"@id\":\"https:\/\/theo.niranbio.com\/es\/carbonato-de-magnesio-light.html\",\"url\":\"https:\/\/theo.niranbio.com\/es\/carbonato-de-magnesio-light.html\",\"name\":\"Carbonato de Magnesio Ligero E504, Grado Alimenticio | Niranbio Chemical\",\"isPartOf\":{\"@id\":\"https:\/\/theo.niranbio.com\/es\/#website\"},\"primaryImageOfPage\":{\"@id\":\"https:\/\/theo.niranbio.com\/es\/carbonato-de-magnesio-light.html#primaryimage\"},\"image\":{\"@id\":\"https:\/\/theo.niranbio.com\/es\/carbonato-de-magnesio-light.html#primaryimage\"},\"thumbnailUrl\":\"https:\/\/theo.niranbio.com\/wp-content\/uploads\/2024\/06\/Magnesium-Carbonate-Light.webp\",\"datePublished\":\"2024-06-20T01:40:52+00:00\",\"dateModified\":\"2024-08-16T05:16:46+00:00\",\"description\":\"Nuestro carbonato de magnesio ligero es un polvo blanco, inodoro, con excelente absorci\u00f3n de humedad y alta estabilidad t\u00e9rmica, que se utiliza com\u00fanmente como agente secante.\",\"breadcrumb\":{\"@id\":\"https:\/\/theo.niranbio.com\/es\/carbonato-de-magnesio-light.html#breadcrumb\"},\"inLanguage\":\"es\",\"potentialAction\":[{\"@type\":\"ReadAction\",\"target\":[\"https:\/\/theo.niranbio.com\/es\/carbonato-de-magnesio-light.html\"]}]},{\"@type\":\"ImageObject\",\"inLanguage\":\"es\",\"@id\":\"https:\/\/theo.niranbio.com\/es\/carbonato-de-magnesio-light.html#primaryimage\",\"url\":\"https:\/\/theo.niranbio.com\/wp-content\/uploads\/2024\/06\/Magnesium-Carbonate-Light.webp\",\"contentUrl\":\"https:\/\/theo.niranbio.com\/wp-content\/uploads\/2024\/06\/Magnesium-Carbonate-Light.webp\",\"width\":600,\"height\":600,\"caption\":\"Carbonato de magnesio ligero\"},{\"@type\":\"BreadcrumbList\",\"@id\":\"https:\/\/theo.niranbio.com\/es\/carbonato-de-magnesio-light.html#breadcrumb\",\"itemListElement\":[{\"@type\":\"ListItem\",\"position\":1,\"name\":\"Home\",\"item\":\"https:\/\/theo.niranbio.com\/es\/\"},{\"@type\":\"ListItem\",\"position\":2,\"name\":\"Productos\",\"item\":\"https:\/\/theo.niranbio.com\/es\/productos.html\"},{\"@type\":\"ListItem\",\"position\":3,\"name\":\"Acidulante\",\"item\":\"https:\/\/theo.niranbio.com\/es\/producto-acidulante\/\"},{\"@type\":\"ListItem\",\"position\":4,\"name\":\"Carbonato de Magnesio Ligero\"}]},{\"@type\":\"WebSite\",\"@id\":\"https:\/\/theo.niranbio.com\/es\/#website\",\"url\":\"https:\/\/theo.niranbio.com\/es\/\",\"name\":\"Niranbio Chemical\",\"description\":\"\",\"publisher\":{\"@id\":\"https:\/\/theo.niranbio.com\/es\/#organization\"},\"potentialAction\":[{\"@type\":\"SearchAction\",\"target\":{\"@type\":\"EntryPoint\",\"urlTemplate\":\"https:\/\/theo.niranbio.com\/es\/?s={search_term_string}\"},\"query-input\":{\"@type\":\"PropertyValueSpecification\",\"valueRequired\":true,\"valueName\":\"search_term_string\"}}],\"inLanguage\":\"es\"},{\"@type\":\"Organization\",\"@id\":\"https:\/\/theo.niranbio.com\/es\/#organization\",\"name\":\"Niranbio Chemical\",\"url\":\"https:\/\/theo.niranbio.com\/es\/\",\"logo\":{\"@type\":\"ImageObject\",\"inLanguage\":\"es\",\"@id\":\"https:\/\/theo.niranbio.com\/es\/#\/schema\/logo\/image\/\",\"url\":\"https:\/\/theo.niranbio.com\/wp-content\/uploads\/2024\/06\/Niranbio.png\",\"contentUrl\":\"https:\/\/theo.niranbio.com\/wp-content\/uploads\/2024\/06\/Niranbio.png\",\"width\":270,\"height\":100,\"caption\":\"Niranbio Chemical\"},\"image\":{\"@id\":\"https:\/\/theo.niranbio.com\/es\/#\/schema\/logo\/image\/\"}}]}<\/script>\n<!-- \/ Yoast SEO plugin. -->","yoast_head_json":{"title":"Carbonato de Magnesio Ligero E504, Grado Alimenticio | Niranbio Chemical","description":"Nuestro carbonato de magnesio ligero es un polvo blanco, inodoro, con excelente absorci\u00f3n de humedad y alta estabilidad t\u00e9rmica, que se utiliza com\u00fanmente como agente secante.","robots":{"index":"noindex","follow":"follow","max-snippet":"max-snippet:-1","max-image-preview":"max-image-preview:large","max-video-preview":"max-video-preview:-1"},"twitter_misc":{"Tiempo de lectura":"4 minutos"},"schema":{"@context":"https:\/\/schema.org","@graph":[{"@type":"WebPage","@id":"https:\/\/theo.niranbio.com\/es\/carbonato-de-magnesio-light.html","url":"https:\/\/theo.niranbio.com\/es\/carbonato-de-magnesio-light.html","name":"Carbonato de Magnesio Ligero E504, Grado Alimenticio | Niranbio Chemical","isPartOf":{"@id":"https:\/\/theo.niranbio.com\/es\/#website"},"primaryImageOfPage":{"@id":"https:\/\/theo.niranbio.com\/es\/carbonato-de-magnesio-light.html#primaryimage"},"image":{"@id":"https:\/\/theo.niranbio.com\/es\/carbonato-de-magnesio-light.html#primaryimage"},"thumbnailUrl":"https:\/\/theo.niranbio.com\/wp-content\/uploads\/2024\/06\/Magnesium-Carbonate-Light.webp","datePublished":"2024-06-20T01:40:52+00:00","dateModified":"2024-08-16T05:16:46+00:00","description":"Nuestro carbonato de magnesio ligero es un polvo blanco, inodoro, con excelente absorci\u00f3n de humedad y alta estabilidad t\u00e9rmica, que se utiliza com\u00fanmente como agente secante.","breadcrumb":{"@id":"https:\/\/theo.niranbio.com\/es\/carbonato-de-magnesio-light.html#breadcrumb"},"inLanguage":"es","potentialAction":[{"@type":"ReadAction","target":["https:\/\/theo.niranbio.com\/es\/carbonato-de-magnesio-light.html"]}]},{"@type":"ImageObject","inLanguage":"es","@id":"https:\/\/theo.niranbio.com\/es\/carbonato-de-magnesio-light.html#primaryimage","url":"https:\/\/theo.niranbio.com\/wp-content\/uploads\/2024\/06\/Magnesium-Carbonate-Light.webp","contentUrl":"https:\/\/theo.niranbio.com\/wp-content\/uploads\/2024\/06\/Magnesium-Carbonate-Light.webp","width":600,"height":600,"caption":"Carbonato de magnesio ligero"},{"@type":"BreadcrumbList","@id":"https:\/\/theo.niranbio.com\/es\/carbonato-de-magnesio-light.html#breadcrumb","itemListElement":[{"@type":"ListItem","position":1,"name":"Home","item":"https:\/\/theo.niranbio.com\/es\/"},{"@type":"ListItem","position":2,"name":"Productos","item":"https:\/\/theo.niranbio.com\/es\/productos.html"},{"@type":"ListItem","position":3,"name":"Acidulante","item":"https:\/\/theo.niranbio.com\/es\/producto-acidulante\/"},{"@type":"ListItem","position":4,"name":"Carbonato de Magnesio Ligero"}]},{"@type":"WebSite","@id":"https:\/\/theo.niranbio.com\/es\/#website","url":"https:\/\/theo.niranbio.com\/es\/","name":"Niranbio Chemical","description":"","publisher":{"@id":"https:\/\/theo.niranbio.com\/es\/#organization"},"potentialAction":[{"@type":"SearchAction","target":{"@type":"EntryPoint","urlTemplate":"https:\/\/theo.niranbio.com\/es\/?s={search_term_string}"},"query-input":{"@type":"PropertyValueSpecification","valueRequired":true,"valueName":"search_term_string"}}],"inLanguage":"es"},{"@type":"Organization","@id":"https:\/\/theo.niranbio.com\/es\/#organization","name":"Niranbio Chemical","url":"https:\/\/theo.niranbio.com\/es\/","logo":{"@type":"ImageObject","inLanguage":"es","@id":"https:\/\/theo.niranbio.com\/es\/#\/schema\/logo\/image\/","url":"https:\/\/theo.niranbio.com\/wp-content\/uploads\/2024\/06\/Niranbio.png","contentUrl":"https:\/\/theo.niranbio.com\/wp-content\/uploads\/2024\/06\/Niranbio.png","width":270,"height":100,"caption":"Niranbio Chemical"},"image":{"@id":"https:\/\/theo.niranbio.com\/es\/#\/schema\/logo\/image\/"}}]}},"_links":{"self":[{"href":"https:\/\/theo.niranbio.com\/es\/wp-json\/wp\/v2\/product\/8384","targetHints":{"allow":["GET"]}}],"collection":[{"href":"https:\/\/theo.niranbio.com\/es\/wp-json\/wp\/v2\/product"}],"about":[{"href":"https:\/\/theo.niranbio.com\/es\/wp-json\/wp\/v2\/types\/product"}],"version-history":[{"count":0,"href":"https:\/\/theo.niranbio.com\/es\/wp-json\/wp\/v2\/product\/8384\/revisions"}],"wp:featuredmedia":[{"embeddable":true,"href":"https:\/\/theo.niranbio.com\/es\/wp-json\/wp\/v2\/media\/5728"}],"wp:attachment":[{"href":"https:\/\/theo.niranbio.com\/es\/wp-json\/wp\/v2\/media?parent=8384"}],"wp:term":[{"taxonomy":"product_brand","embeddable":true,"href":"https:\/\/theo.niranbio.com\/es\/wp-json\/wp\/v2\/product_brand?post=8384"},{"taxonomy":"product_cat","embeddable":true,"href":"https:\/\/theo.niranbio.com\/es\/wp-json\/wp\/v2\/product_cat?post=8384"},{"taxonomy":"product_tag","embeddable":true,"href":"https:\/\/theo.niranbio.com\/es\/wp-json\/wp\/v2\/product_tag?post=8384"}],"curies":[{"name":"wp","href":"https:\/\/api.w.org\/{rel}","templated":true}]}}