{"id":8381,"date":"2024-06-19T16:33:20","date_gmt":"2024-06-19T08:33:20","guid":{"rendered":"https:\/\/theo.niranbio.com\/dap-fosfato-diamonico\/"},"modified":"2024-08-15T17:07:50","modified_gmt":"2024-08-15T09:07:50","slug":"dap-fosfato-diamonico","status":"publish","type":"product","link":"https:\/\/theo.niranbio.com\/es\/dap-fosfato-diamonico.html","title":{"rendered":"Fosfato diam\u00f3nico"},"content":{"rendered":"<h2><span class=\"ez-toc-section\" id=\"%C2%BFQue_es_el_fosfato_diamonico\"><\/span>\u00bfQu\u00e9 es el fosfato diam\u00f3nico?<span class=\"ez-toc-section-end\"><\/span><\/h2>\n<p>Una sal inorg\u00e1nica que se asemeja a un polvo blanco o un cristal se llama fosfato diam\u00f3nico. No se expone f\u00e1cilmente al aire, es soluble en agua con facilidad e insoluble en alcohol. Encuentra un uso extensivo en el sector de procesamiento de alimentos y tambi\u00e9n encuentra alg\u00fan uso en los sectores qu\u00edmico, agr\u00edcola y de cr\u00eda de animales.<\/p>\n<p>Hay dos procesos de preparaci\u00f3n para el fosfato diam\u00f3nico en China.<\/p>\n<p>El primero es el m\u00e9todo de neutralizaci\u00f3n, que utiliza \u00e1cido fosf\u00f3rico y agua amoniacal para reaccionar y producir fosfato diam\u00f3nico. Los reactores se utilizan normalmente para llevar a cabo la reacci\u00f3n. Las condiciones de reacci\u00f3n, como la temperatura, el valor de pH y el tiempo de reacci\u00f3n, se controlan para garantizar que la pureza y la calidad del producto cumplan con los est\u00e1ndares de grado alimenticio. Tambi\u00e9n es el proceso de preparaci\u00f3n m\u00e1s utilizado en China.<\/p>\n<p>La otra es la reacci\u00f3n de neutralizaci\u00f3n del \u00e1cido fosf\u00f3rico h\u00famedo y el amon\u00edaco l\u00edquido. Este m\u00e9todo primero agrega una cierta cantidad de per\u00f3xido de hidr\u00f3geno al \u00e1cido fosf\u00f3rico de extracci\u00f3n h\u00fameda para oxidar el hierro divalente en el \u00e1cido fosf\u00f3rico y luego reacciona con gas amon\u00edaco. Despu\u00e9s del prensado por filtraci\u00f3n, la concentraci\u00f3n, la cristalizaci\u00f3n por enfriamiento, la separaci\u00f3n centr\u00edfuga y el secado, se obtiene el fosfato de hidr\u00f3geno diam\u00f3nico.<\/p>\n<h2><span class=\"ez-toc-section\" id=\"Parametros_relacionados\"><\/span>Par\u00e1metros relacionados:<span class=\"ez-toc-section-end\"><\/span><\/h2>\n<table>\n<tbody>\n<tr>\n<td><strong>ELEMENTO DE INSPECCI\u00d3N<\/strong><\/td>\n<td><strong>EST\u00c1NDAR<\/strong><\/td>\n<\/tr>\n<tr>\n<td>CONTENIDO PRINCIPAL (COMO (NH4)2HPO4) C\/% \u2265<\/td>\n<td>99.0<\/td>\n<\/tr>\n<tr>\n<td>PENT\u00d3XIDO DE F\u00d3SFORO (COMO P2O5) C\/% \u2265<\/td>\n<td>53.0<\/td>\n<\/tr>\n<tr>\n<td>NITR\u00d3GENO TOTAL (N) C\/% \u2265<\/td>\n<td>21.0<\/td>\n<\/tr>\n<tr>\n<td>HUMEDAD W\/% \u2264 0,2<\/td>\n<td>0.2<\/td>\n<\/tr>\n<tr>\n<td>INSOLUBLE EN AGUA W\/% \u2264<\/td>\n<td>0.1<\/td>\n<\/tr>\n<tr>\n<td>FLUORURO (COMO F) MG\/KG \u2264 10<\/td>\n<td>10<\/td>\n<\/tr>\n<tr>\n<td>ARS\u00c9NICO (AS) MG\/KG \u2264<\/td>\n<td>3<\/td>\n<\/tr>\n<tr>\n<td>METALES PESADOS (COMO PB) MG\/KG \u2264 10<\/td>\n<td>10<\/td>\n<\/tr>\n<tr>\n<td>PLOMO (COMO PB) MG\/KG \u2264<\/td>\n<td>4<\/td>\n<\/tr>\n<tr>\n<td>VALOR PH DE LA SOLUCI\u00d3N DE 10 G\/L<\/td>\n<td>7.6-8.2<\/td>\n<\/tr>\n<tr>\n<td>CLORO (EXPRESADO EN CL) MG\/KG \u2264 10<\/td>\n<td>10<\/td>\n<\/tr>\n<tr>\n<td>SULFATO (COMO SO4) \u2264 MG\/KG<\/td>\n<td>50<\/td>\n<\/tr>\n<tr>\n<td>FERRUM (COMO FE) MG\/KG \u2264<\/td>\n<td>10<\/td>\n<\/tr>\n<tr>\n<td>GRANULOMETR\u00cdA (MALLA 20-60) C\/% \u2265<\/td>\n<td>75<\/td>\n<\/tr>\n<\/tbody>\n<\/table>\n<h2><span class=\"ez-toc-section\" id=\"Dosis_recomendada\"><\/span>Dosis recomendada:<span class=\"ez-toc-section-end\"><\/span><\/h2>\n<table>\n<tbody>\n<tr>\n<td><strong>Food Name<\/strong><\/td>\n<td><strong>Maximum usage(g\/kg)<\/strong><\/td>\n<\/tr>\n<tr>\n<td>Pan<\/td>\n<td>2-5 g\/kg<\/td>\n<\/tr>\n<tr>\n<td>Galletas<\/td>\n<td>2-4 g\/kg<\/td>\n<\/tr>\n<tr>\n<td>Productos fermentados con levadura<\/td>\n<td>1-3 g\/kg<\/td>\n<\/tr>\n<tr>\n<td>Bebidas carbonatadas<\/td>\n<td>0,5-1 g\/kg<\/td>\n<\/tr>\n<tr>\n<td>Queso<\/td>\n<td>0,5-1 g\/kg<\/td>\n<\/tr>\n<tr>\n<td>Yogur<\/td>\n<td>0,5-1 g\/kg<\/td>\n<\/tr>\n<tr>\n<td>Fruta en conserva<\/td>\n<td>0,5-1 g\/kg<\/td>\n<\/tr>\n<tr>\n<td>Productos c\u00e1rnicos<\/td>\n<td>2-4 g\/kg<\/td>\n<\/tr>\n<tr>\n<td>Salchichas<\/td>\n<td>2-4 g\/kg<\/td>\n<\/tr>\n<tr>\n<td>Pescado en conserva<\/td>\n<td>0,5-1 g\/kg<\/td>\n<\/tr>\n<tr>\n<td>Productos de soja<\/td>\n<td>1-2 g\/kg<\/td>\n<\/tr>\n<tr>\n<td>Condimentos<\/td>\n<td>0,5-1 g\/kg<\/td>\n<\/tr>\n<tr>\n<td>Aderezo para ensaladas<\/td>\n<td>1-2 g\/kg<\/td>\n<\/tr>\n<tr>\n<td>Chocolate<\/td>\n<td>1-2 g\/kg<\/td>\n<\/tr>\n<tr>\n<td>Caramelo<\/td>\n<td>1-2 g\/kg<\/td>\n<\/tr>\n<tr>\n<td>Salsa de soja<\/td>\n<td>1-2 g\/kg<\/td>\n<\/tr>\n<tr>\n<td>Vinagre<\/td>\n<td>0,5-1 g\/kg<\/td>\n<\/tr>\n<tr>\n<td>Mermelada<\/td>\n<td>1-2 g\/kg<\/td>\n<\/tr>\n<\/tbody>\n<\/table>\n<h2><span class=\"ez-toc-section\" id=\"El_fosfato_de_hidrogeno_diamonico_tiene_una_amplia_gama_de_usos\"><\/span>El fosfato de hidr\u00f3geno diam\u00f3nico tiene una amplia gama de usos<span class=\"ez-toc-section-end\"><\/span><\/h2>\n<p>1. Regulador \u00e1cido-base: se utiliza para ajustar el valor de pH de los alimentos, mejorar el sabor y el efecto de conservaci\u00f3n.<\/p>\n<p>2. Agente leudante: desempe\u00f1a un papel en el efecto esponjoso de los productos horneados, haciendo que el pan, los pasteles, etc. sean m\u00e1s suaves.<\/p>\n<p>3. Agente anti-dorado: puede prevenir el oscurecimiento de las frutas y verduras despu\u00e9s de cortarlas y mantener el color de los ingredientes.<\/p>\n<p>4. Agente antiaglomerante: puede evitar que las sustancias en polvo se aglomeren durante el procesamiento de los alimentos y ayudar a mantener un estado seco.<\/p>\n<p>5. Antioxidante: puede extender la vida \u00fatil de los alimentos y ralentizar el deterioro de los alimentos.<\/p>\n<p>6. Tamp\u00f3n de pH: al ajustar el pH de los alimentos, estabiliza el valor de pH de los alimentos y mantiene la estabilidad de los alimentos.<\/p>\n<h2><span class=\"ez-toc-section\" id=\"Pregunta_formulada_por_un_usuario\"><\/span>Pregunta formulada por un usuario:<span class=\"ez-toc-section-end\"><\/span><\/h2>\n<p><strong>Pregunta: \u00bfQu\u00e9 efecto tiene el fosfato diam\u00f3nico sobre la levadura?<\/strong><\/p>\n<p>Respuesta: La industria alimentaria utiliza principalmente fosfato diam\u00f3nico de grado alimenticio como agente leudante, regulador de la masa, alimento de levadura y ayuda a la fermentaci\u00f3n de la cerveza. Desempe\u00f1a un papel importante en el proceso de fermentaci\u00f3n, promoviendo el crecimiento de la levadura, ajustando el valor de pH, mejorando la textura y el sabor de la masa y mejorando la capacidad de retenci\u00f3n de agua de la masa, mejorando as\u00ed la calidad y el sabor de los alimentos. Especialmente al elaborar alimentos fermentados como pan y pasteles, agregar una cantidad adecuada de fosfato diam\u00f3nico de grado alimenticio puede mejorar la calidad y el sabor de los alimentos. Adem\u00e1s, el fosfato diam\u00f3nico tambi\u00e9n puede aumentar el valor nutricional de los alimentos porque proporciona a las c\u00e9lulas de levadura dos nutrientes importantes, f\u00f3sforo y nitr\u00f3geno, ayuda a la levadura a absorber otros oligoelementos, acelera las reacciones de fermentaci\u00f3n, controla el valor de pH de la masa y fortalece y acondiciona la mezcla de masa.<\/p>\n<p><strong>Pregunta: \u00bfCu\u00e1l es el uso del fosfato diam\u00f3nico en la elaboraci\u00f3n del vino?<\/strong><\/p>\n<p>Respuesta: El fosfato diam\u00f3nico se utiliza habitualmente como sal nutritiva y regulador en la elaboraci\u00f3n del vino. Puede proporcionar las fuentes de nitr\u00f3geno y f\u00f3sforo que necesitan las c\u00e9lulas de levadura, promover el crecimiento de la levadura y el proceso de fermentaci\u00f3n. Adem\u00e1s, el fosfato diam\u00f3nico tambi\u00e9n puede ajustar el valor de pH del vino, ayudar a mantener la acidez y alcalinidad adecuadas y ayudar a elaborar finalmente el sabor y el aroma ideales.<\/p>\n","protected":false},"excerpt":{"rendered":"<ul>\n<li>CAS: 7783-28-0<\/li>\n<li>F\u00f3rmula qu\u00edmica: (NH<sub>4<\/sub>)<sub>2<\/sub>HPO<sub>4<\/sub><\/li>\n<li>Certificaci\u00f3n: KOSHER, ISO, HALAL, FSSC22000, BRC, etc.<\/li>\n<li>Cantidad m\u00ednima de pedido: 1000KG<\/li>\n<li>Caducidad: 2 a\u00f1os<\/li>\n<\/ul>\n","protected":false},"featured_media":5472,"template":"","meta":{"site-sidebar-layout":"default","site-content-layout":"","ast-site-content-layout":"default","site-content-style":"default","site-sidebar-style":"default","ast-global-header-display":"","ast-banner-title-visibility":"","ast-main-header-display":"","ast-hfb-above-header-display":"","ast-hfb-below-header-display":"","ast-hfb-mobile-header-display":"","site-post-title":"","ast-breadcrumbs-content":"","ast-featured-img":"","footer-sml-layout":"","theme-transparent-header-meta":"default","adv-header-id-meta":"","stick-header-meta":"","header-above-stick-meta":"","header-main-stick-meta":"","header-below-stick-meta":"","astra-migrate-meta-layouts":"set","ast-page-background-enabled":"default","ast-page-background-meta":{"desktop":{"background-color":"var(--ast-global-color-4)","background-image":"","background-repeat":"repeat","background-position":"center center","background-size":"auto","background-attachment":"scroll","background-type":"","background-media":"","overlay-type":"","overlay-color":"","overlay-opacity":"","overlay-gradient":""},"tablet":{"background-color":"","background-image":"","background-repeat":"repeat","background-position":"center center","background-size":"auto","background-attachment":"scroll","background-type":"","background-media":"","overlay-type":"","overlay-color":"","overlay-opacity":"","overlay-gradient":""},"mobile":{"background-color":"","background-image":"","background-repeat":"repeat","background-position":"center center","background-size":"auto","background-attachment":"scroll","background-type":"","background-media":"","overlay-type":"","overlay-color":"","overlay-opacity":"","overlay-gradient":""}},"ast-content-background-meta":{"desktop":{"background-color":"var(--ast-global-color-5)","background-image":"","background-repeat":"repeat","background-position":"center center","background-size":"auto","background-attachment":"scroll","background-type":"","background-media":"","overlay-type":"","overlay-color":"","overlay-opacity":"","overlay-gradient":""},"tablet":{"background-color":"var(--ast-global-color-5)","background-image":"","background-repeat":"repeat","background-position":"center center","background-size":"auto","background-attachment":"scroll","background-type":"","background-media":"","overlay-type":"","overlay-color":"","overlay-opacity":"","overlay-gradient":""},"mobile":{"background-color":"var(--ast-global-color-5)","background-image":"","background-repeat":"repeat","background-position":"center center","background-size":"auto","background-attachment":"scroll","background-type":"","background-media":"","overlay-type":"","overlay-color":"","overlay-opacity":"","overlay-gradient":""}}},"product_brand":[],"product_cat":[76],"product_tag":[],"class_list":{"0":"post-8381","1":"product","2":"type-product","3":"status-publish","4":"has-post-thumbnail","6":"product_cat-producto-de-fosfatos","7":"desktop-align-center","8":"tablet-align-left","9":"mobile-align-left","11":"first","12":"instock","13":"shipping-taxable","14":"product-type-simple"},"yoast_head":"<!-- This site is optimized with the Yoast SEO plugin v26.5 - https:\/\/yoast.com\/wordpress\/plugins\/seo\/ -->\n<title>Fabricante de Fosfato de Diamonio | Niranbio Chemical<\/title>\n<meta name=\"description\" content=\"Nuestro fosfato diam\u00f3nico es un nutriente de grado agr\u00edcola y alimentario con una consistencia de polvo fino, disponible en cajas de 25 kg o en opciones de empaque personalizables.\" \/>\n<meta name=\"robots\" content=\"noindex, follow, max-snippet:-1, max-image-preview:large, max-video-preview:-1\" \/>\n<meta name=\"twitter:label1\" content=\"Tiempo de lectura\" \/>\n\t<meta name=\"twitter:data1\" content=\"4 minutos\" \/>\n<script type=\"application\/ld+json\" class=\"yoast-schema-graph\">{\"@context\":\"https:\/\/schema.org\",\"@graph\":[{\"@type\":\"WebPage\",\"@id\":\"https:\/\/theo.niranbio.com\/es\/dap-fosfato-diamonico.html\",\"url\":\"https:\/\/theo.niranbio.com\/es\/dap-fosfato-diamonico.html\",\"name\":\"Fabricante de Fosfato de Diamonio | Niranbio Chemical\",\"isPartOf\":{\"@id\":\"https:\/\/theo.niranbio.com\/es\/#website\"},\"primaryImageOfPage\":{\"@id\":\"https:\/\/theo.niranbio.com\/es\/dap-fosfato-diamonico.html#primaryimage\"},\"image\":{\"@id\":\"https:\/\/theo.niranbio.com\/es\/dap-fosfato-diamonico.html#primaryimage\"},\"thumbnailUrl\":\"https:\/\/theo.niranbio.com\/wp-content\/uploads\/2024\/06\/DAP-Diammonium-Phosphate-gengxin.webp\",\"datePublished\":\"2024-06-19T08:33:20+00:00\",\"dateModified\":\"2024-08-15T09:07:50+00:00\",\"description\":\"Nuestro fosfato diam\u00f3nico es un nutriente de grado agr\u00edcola y alimentario con una consistencia de polvo fino, disponible en cajas de 25 kg o en opciones de empaque personalizables.\",\"breadcrumb\":{\"@id\":\"https:\/\/theo.niranbio.com\/es\/dap-fosfato-diamonico.html#breadcrumb\"},\"inLanguage\":\"es\",\"potentialAction\":[{\"@type\":\"ReadAction\",\"target\":[\"https:\/\/theo.niranbio.com\/es\/dap-fosfato-diamonico.html\"]}]},{\"@type\":\"ImageObject\",\"inLanguage\":\"es\",\"@id\":\"https:\/\/theo.niranbio.com\/es\/dap-fosfato-diamonico.html#primaryimage\",\"url\":\"https:\/\/theo.niranbio.com\/wp-content\/uploads\/2024\/06\/DAP-Diammonium-Phosphate-gengxin.webp\",\"contentUrl\":\"https:\/\/theo.niranbio.com\/wp-content\/uploads\/2024\/06\/DAP-Diammonium-Phosphate-gengxin.webp\",\"width\":600,\"height\":600,\"caption\":\"Fosfato diam\u00f3nico\"},{\"@type\":\"BreadcrumbList\",\"@id\":\"https:\/\/theo.niranbio.com\/es\/dap-fosfato-diamonico.html#breadcrumb\",\"itemListElement\":[{\"@type\":\"ListItem\",\"position\":1,\"name\":\"Home\",\"item\":\"https:\/\/theo.niranbio.com\/es\/\"},{\"@type\":\"ListItem\",\"position\":2,\"name\":\"Productos\",\"item\":\"https:\/\/theo.niranbio.com\/es\/productos.html\"},{\"@type\":\"ListItem\",\"position\":3,\"name\":\"Fosfatos\",\"item\":\"https:\/\/theo.niranbio.com\/es\/producto-de-fosfatos\/\"},{\"@type\":\"ListItem\",\"position\":4,\"name\":\"Fosfato diam\u00f3nico\"}]},{\"@type\":\"WebSite\",\"@id\":\"https:\/\/theo.niranbio.com\/es\/#website\",\"url\":\"https:\/\/theo.niranbio.com\/es\/\",\"name\":\"Niranbio Chemical\",\"description\":\"\",\"publisher\":{\"@id\":\"https:\/\/theo.niranbio.com\/es\/#organization\"},\"potentialAction\":[{\"@type\":\"SearchAction\",\"target\":{\"@type\":\"EntryPoint\",\"urlTemplate\":\"https:\/\/theo.niranbio.com\/es\/?s={search_term_string}\"},\"query-input\":{\"@type\":\"PropertyValueSpecification\",\"valueRequired\":true,\"valueName\":\"search_term_string\"}}],\"inLanguage\":\"es\"},{\"@type\":\"Organization\",\"@id\":\"https:\/\/theo.niranbio.com\/es\/#organization\",\"name\":\"Niranbio Chemical\",\"url\":\"https:\/\/theo.niranbio.com\/es\/\",\"logo\":{\"@type\":\"ImageObject\",\"inLanguage\":\"es\",\"@id\":\"https:\/\/theo.niranbio.com\/es\/#\/schema\/logo\/image\/\",\"url\":\"https:\/\/theo.niranbio.com\/wp-content\/uploads\/2024\/06\/Niranbio.png\",\"contentUrl\":\"https:\/\/theo.niranbio.com\/wp-content\/uploads\/2024\/06\/Niranbio.png\",\"width\":270,\"height\":100,\"caption\":\"Niranbio Chemical\"},\"image\":{\"@id\":\"https:\/\/theo.niranbio.com\/es\/#\/schema\/logo\/image\/\"}}]}<\/script>\n<!-- \/ Yoast SEO plugin. -->","yoast_head_json":{"title":"Fabricante de Fosfato de Diamonio | Niranbio Chemical","description":"Nuestro fosfato diam\u00f3nico es un nutriente de grado agr\u00edcola y alimentario con una consistencia de polvo fino, disponible en cajas de 25 kg o en opciones de empaque personalizables.","robots":{"index":"noindex","follow":"follow","max-snippet":"max-snippet:-1","max-image-preview":"max-image-preview:large","max-video-preview":"max-video-preview:-1"},"twitter_misc":{"Tiempo de lectura":"4 minutos"},"schema":{"@context":"https:\/\/schema.org","@graph":[{"@type":"WebPage","@id":"https:\/\/theo.niranbio.com\/es\/dap-fosfato-diamonico.html","url":"https:\/\/theo.niranbio.com\/es\/dap-fosfato-diamonico.html","name":"Fabricante de Fosfato de Diamonio | Niranbio Chemical","isPartOf":{"@id":"https:\/\/theo.niranbio.com\/es\/#website"},"primaryImageOfPage":{"@id":"https:\/\/theo.niranbio.com\/es\/dap-fosfato-diamonico.html#primaryimage"},"image":{"@id":"https:\/\/theo.niranbio.com\/es\/dap-fosfato-diamonico.html#primaryimage"},"thumbnailUrl":"https:\/\/theo.niranbio.com\/wp-content\/uploads\/2024\/06\/DAP-Diammonium-Phosphate-gengxin.webp","datePublished":"2024-06-19T08:33:20+00:00","dateModified":"2024-08-15T09:07:50+00:00","description":"Nuestro fosfato diam\u00f3nico es un nutriente de grado agr\u00edcola y alimentario con una consistencia de polvo fino, disponible en cajas de 25 kg o en opciones de empaque personalizables.","breadcrumb":{"@id":"https:\/\/theo.niranbio.com\/es\/dap-fosfato-diamonico.html#breadcrumb"},"inLanguage":"es","potentialAction":[{"@type":"ReadAction","target":["https:\/\/theo.niranbio.com\/es\/dap-fosfato-diamonico.html"]}]},{"@type":"ImageObject","inLanguage":"es","@id":"https:\/\/theo.niranbio.com\/es\/dap-fosfato-diamonico.html#primaryimage","url":"https:\/\/theo.niranbio.com\/wp-content\/uploads\/2024\/06\/DAP-Diammonium-Phosphate-gengxin.webp","contentUrl":"https:\/\/theo.niranbio.com\/wp-content\/uploads\/2024\/06\/DAP-Diammonium-Phosphate-gengxin.webp","width":600,"height":600,"caption":"Fosfato diam\u00f3nico"},{"@type":"BreadcrumbList","@id":"https:\/\/theo.niranbio.com\/es\/dap-fosfato-diamonico.html#breadcrumb","itemListElement":[{"@type":"ListItem","position":1,"name":"Home","item":"https:\/\/theo.niranbio.com\/es\/"},{"@type":"ListItem","position":2,"name":"Productos","item":"https:\/\/theo.niranbio.com\/es\/productos.html"},{"@type":"ListItem","position":3,"name":"Fosfatos","item":"https:\/\/theo.niranbio.com\/es\/producto-de-fosfatos\/"},{"@type":"ListItem","position":4,"name":"Fosfato diam\u00f3nico"}]},{"@type":"WebSite","@id":"https:\/\/theo.niranbio.com\/es\/#website","url":"https:\/\/theo.niranbio.com\/es\/","name":"Niranbio Chemical","description":"","publisher":{"@id":"https:\/\/theo.niranbio.com\/es\/#organization"},"potentialAction":[{"@type":"SearchAction","target":{"@type":"EntryPoint","urlTemplate":"https:\/\/theo.niranbio.com\/es\/?s={search_term_string}"},"query-input":{"@type":"PropertyValueSpecification","valueRequired":true,"valueName":"search_term_string"}}],"inLanguage":"es"},{"@type":"Organization","@id":"https:\/\/theo.niranbio.com\/es\/#organization","name":"Niranbio Chemical","url":"https:\/\/theo.niranbio.com\/es\/","logo":{"@type":"ImageObject","inLanguage":"es","@id":"https:\/\/theo.niranbio.com\/es\/#\/schema\/logo\/image\/","url":"https:\/\/theo.niranbio.com\/wp-content\/uploads\/2024\/06\/Niranbio.png","contentUrl":"https:\/\/theo.niranbio.com\/wp-content\/uploads\/2024\/06\/Niranbio.png","width":270,"height":100,"caption":"Niranbio Chemical"},"image":{"@id":"https:\/\/theo.niranbio.com\/es\/#\/schema\/logo\/image\/"}}]}},"_links":{"self":[{"href":"https:\/\/theo.niranbio.com\/es\/wp-json\/wp\/v2\/product\/8381","targetHints":{"allow":["GET"]}}],"collection":[{"href":"https:\/\/theo.niranbio.com\/es\/wp-json\/wp\/v2\/product"}],"about":[{"href":"https:\/\/theo.niranbio.com\/es\/wp-json\/wp\/v2\/types\/product"}],"version-history":[{"count":0,"href":"https:\/\/theo.niranbio.com\/es\/wp-json\/wp\/v2\/product\/8381\/revisions"}],"wp:featuredmedia":[{"embeddable":true,"href":"https:\/\/theo.niranbio.com\/es\/wp-json\/wp\/v2\/media\/5472"}],"wp:attachment":[{"href":"https:\/\/theo.niranbio.com\/es\/wp-json\/wp\/v2\/media?parent=8381"}],"wp:term":[{"taxonomy":"product_brand","embeddable":true,"href":"https:\/\/theo.niranbio.com\/es\/wp-json\/wp\/v2\/product_brand?post=8381"},{"taxonomy":"product_cat","embeddable":true,"href":"https:\/\/theo.niranbio.com\/es\/wp-json\/wp\/v2\/product_cat?post=8381"},{"taxonomy":"product_tag","embeddable":true,"href":"https:\/\/theo.niranbio.com\/es\/wp-json\/wp\/v2\/product_tag?post=8381"}],"curies":[{"name":"wp","href":"https:\/\/api.w.org\/{rel}","templated":true}]}}