{"id":8377,"date":"2024-06-19T16:42:53","date_gmt":"2024-06-19T08:42:53","guid":{"rendered":"https:\/\/theo.niranbio.com\/fosfato-sodico-de-aluminio\/"},"modified":"2024-08-15T17:07:40","modified_gmt":"2024-08-15T09:07:40","slug":"fosfato-sodico-de-aluminio","status":"publish","type":"product","link":"https:\/\/theo.niranbio.com\/es\/fosfato-sodico-de-aluminio.html","title":{"rendered":"Fosfato s\u00f3dico de aluminio"},"content":{"rendered":"<h2><span class=\"ez-toc-section\" id=\"%C2%BFQue_es_el_fosfato_de_aluminio_y_sodio\"><\/span>\u00bfQu\u00e9 es el fosfato de aluminio y sodio?<span class=\"ez-toc-section-end\"><\/span><\/h2>\n<p>El fosfato de sodio y aluminio es un polvo blanco soluble en agua que se descompone a altas temperaturas para liberar gas fosfina. Por lo general, se utiliza en el procesamiento de alimentos, como condimentos, pan, alimentos cocinados, productos c\u00e1rnicos y productos l\u00e1cteos. El m\u00e9todo de preparaci\u00f3n del fosfato de sodio y aluminio en China consiste principalmente en hacer reaccionar \u00e1cido fosf\u00f3rico con hidr\u00f3xido de aluminio para producir fosfato de sodio y aluminio, que luego se cristaliza y se seca para obtener el producto terminado.<\/p>\n<h2><span class=\"ez-toc-section\" id=\"Dosis_recomendada\"><\/span>Dosis recomendada:<span class=\"ez-toc-section-end\"><\/span><\/h2>\n<table>\n<tbody>\n<tr>\n<td><strong>Food Name<\/strong><\/td>\n<td><strong>Maximum usage(g\/kg)<\/strong><\/td>\n<\/tr>\n<tr>\n<td>Pan<\/td>\n<td>1-3 g\/kg<\/td>\n<\/tr>\n<tr>\n<td>Pastel<\/td>\n<td>2-5 g\/kg<\/td>\n<\/tr>\n<tr>\n<td>Tortitas<\/td>\n<td>1-2 g\/kg<\/td>\n<\/tr>\n<tr>\n<td>Magdalenas<\/td>\n<td>2-4 g\/kg<\/td>\n<\/tr>\n<tr>\n<td>Gofres<\/td>\n<td>2-4 g\/kg<\/td>\n<\/tr>\n<tr>\n<td>Donuts<\/td>\n<td>2-4 g\/kg<\/td>\n<\/tr>\n<tr>\n<td>Galletas<\/td>\n<td>1-3 g\/kg<\/td>\n<\/tr>\n<tr>\n<td>Brownies<\/td>\n<td>2-4 g\/kg<\/td>\n<\/tr>\n<tr>\n<td>Salchichas<\/td>\n<td>1-3 g\/kg<\/td>\n<\/tr>\n<tr>\n<td>Pasteler\u00eda<\/td>\n<td>2-5 g\/kg<\/td>\n<\/tr>\n<tr>\n<td>Galletas<\/td>\n<td>1-2 g\/kg<\/td>\n<\/tr>\n<tr>\n<td>Panecillos<\/td>\n<td>1-3 g\/kg<\/td>\n<\/tr>\n<\/tbody>\n<\/table>\n<h2><span class=\"ez-toc-section\" id=\"El_fosfato_de_sodio_y_aluminio_tiene_una_amplia_gama_de_usos\"><\/span>El fosfato de sodio y aluminio tiene una amplia gama de usos<span class=\"ez-toc-section-end\"><\/span><\/h2>\n<ol>\n<li>Agente leudante: el fosfato de sodio y aluminio act\u00faa como agente leudante, reaccionando con bicarbonato de sodio (bicarbonato de sodio) para liberar gas de di\u00f3xido de carbono, que hace que la masa y la masa suban, aumenten el volumen y mejoren la textura.<\/li>\n<li>Regulador de acidez: puede ajustar el valor de pH de los alimentos para garantizar que el producto tenga un pH ideal, mejorando as\u00ed el sabor, la textura y la vida \u00fatil.<\/li>\n<li>Estabilizador: En productos l\u00e1cteos, salsas y otros alimentos, el fosfato de aluminio y sodio puede estabilizar la estructura del producto y evitar la estratificaci\u00f3n y la precipitaci\u00f3n.<\/li>\n<li>Coagulante: Se utiliza en el procesamiento de alimentos para ayudar a que los alimentos se coagulen y formen una textura y apariencia uniformes.<\/li>\n<li>Antiaglomerante: En alimentos en polvo y condimentos, el fosfato de aluminio y sodio puede evitar el apelmazamiento y mantener el producto fluido y f\u00e1cil de usar.<\/li>\n<li>Emulsionante: Ayuda a que el agua y el aceite se mezclen en los alimentos para formar un sistema emulsionado uniforme. Se utiliza a menudo en salsas, productos l\u00e1cteos y helados.<\/li>\n<\/ol>\n<h2><span class=\"ez-toc-section\" id=\"Pregunta_formulada_por_un_usuario\"><\/span>Pregunta formulada por un usuario:<span class=\"ez-toc-section-end\"><\/span><\/h2>\n<p><strong>Pregunta: \u00bfCu\u00e1les son las ventajas del fosfato de aluminio y sodio sobre el bicarbonato de sodio?<\/strong><\/p>\n<p>Respuesta: El fosfato de aluminio y sodio tiene las ventajas de una reacci\u00f3n m\u00e1s estable, regulaci\u00f3n de la acidez y versatilidad. Puede liberar di\u00f3xido de carbono de forma continua durante el horneado, proporcionar un efecto leudante uniforme y ajustar el valor de pH de los alimentos para mejorar la textura y el sabor. El bicarbonato de sodio reacciona r\u00e1pidamente, debe usarse con sustancias \u00e1cidas, es sensible a la temperatura y tiene funciones de aplicaci\u00f3n relativamente limitadas.<\/p>\n","protected":false},"excerpt":{"rendered":"<ul>\n<li>CAS: 7785-88-8<\/li>\n<li>F\u00f3rmula qu\u00edmica: AlNa<sub>3<\/sub>(PO<sub>4<\/sub>)<sub>2<\/sub><\/li>\n<li>Certificaci\u00f3n: KOSHER, ISO, HALAL, FSSC22000, BRC, etc.<\/li>\n<li>Norma: E541\/GB 2760<\/li>\n<li>Cantidad m\u00ednima de pedido: 1000KG<\/li>\n<li>Caducidad: 2 a\u00f1os<\/li>\n<\/ul>\n","protected":false},"featured_media":5473,"template":"","meta":{"site-sidebar-layout":"default","site-content-layout":"","ast-site-content-layout":"default","site-content-style":"default","site-sidebar-style":"default","ast-global-header-display":"","ast-banner-title-visibility":"","ast-main-header-display":"","ast-hfb-above-header-display":"","ast-hfb-below-header-display":"","ast-hfb-mobile-header-display":"","site-post-title":"","ast-breadcrumbs-content":"","ast-featured-img":"","footer-sml-layout":"","theme-transparent-header-meta":"default","adv-header-id-meta":"","stick-header-meta":"","header-above-stick-meta":"","header-main-stick-meta":"","header-below-stick-meta":"","astra-migrate-meta-layouts":"set","ast-page-background-enabled":"default","ast-page-background-meta":{"desktop":{"background-color":"var(--ast-global-color-4)","background-image":"","background-repeat":"repeat","background-position":"center center","background-size":"auto","background-attachment":"scroll","background-type":"","background-media":"","overlay-type":"","overlay-color":"","overlay-opacity":"","overlay-gradient":""},"tablet":{"background-color":"","background-image":"","background-repeat":"repeat","background-position":"center center","background-size":"auto","background-attachment":"scroll","background-type":"","background-media":"","overlay-type":"","overlay-color":"","overlay-opacity":"","overlay-gradient":""},"mobile":{"background-color":"","background-image":"","background-repeat":"repeat","background-position":"center center","background-size":"auto","background-attachment":"scroll","background-type":"","background-media":"","overlay-type":"","overlay-color":"","overlay-opacity":"","overlay-gradient":""}},"ast-content-background-meta":{"desktop":{"background-color":"var(--ast-global-color-5)","background-image":"","background-repeat":"repeat","background-position":"center center","background-size":"auto","background-attachment":"scroll","background-type":"","background-media":"","overlay-type":"","overlay-color":"","overlay-opacity":"","overlay-gradient":""},"tablet":{"background-color":"var(--ast-global-color-5)","background-image":"","background-repeat":"repeat","background-position":"center center","background-size":"auto","background-attachment":"scroll","background-type":"","background-media":"","overlay-type":"","overlay-color":"","overlay-opacity":"","overlay-gradient":""},"mobile":{"background-color":"var(--ast-global-color-5)","background-image":"","background-repeat":"repeat","background-position":"center center","background-size":"auto","background-attachment":"scroll","background-type":"","background-media":"","overlay-type":"","overlay-color":"","overlay-opacity":"","overlay-gradient":""}}},"product_brand":[],"product_cat":[76],"product_tag":[],"class_list":{"0":"post-8377","1":"product","2":"type-product","3":"status-publish","4":"has-post-thumbnail","6":"product_cat-producto-de-fosfatos","7":"desktop-align-center","8":"tablet-align-left","9":"mobile-align-left","11":"first","12":"instock","13":"shipping-taxable","14":"product-type-simple"},"yoast_head":"<!-- This site is optimized with the Yoast SEO plugin v26.5 - https:\/\/yoast.com\/wordpress\/plugins\/seo\/ -->\n<title>Fosfato de Sodio y Aluminio, Aditivo Alimentario E541 | Niranbio Chemical<\/title>\n<meta name=\"description\" content=\"Nuestro fosfato de sodio y aluminio es un ingrediente vers\u00e1til de grado alimenticio, cumple con los est\u00e1ndares de seguridad alimentaria y est\u00e1 certificado para su uso en aplicaciones alimentarias.\" \/>\n<meta name=\"robots\" content=\"noindex, follow, max-snippet:-1, max-image-preview:large, max-video-preview:-1\" \/>\n<meta name=\"twitter:label1\" content=\"Tiempo de lectura\" \/>\n\t<meta name=\"twitter:data1\" content=\"3 minutos\" \/>\n<script type=\"application\/ld+json\" class=\"yoast-schema-graph\">{\"@context\":\"https:\/\/schema.org\",\"@graph\":[{\"@type\":\"WebPage\",\"@id\":\"https:\/\/theo.niranbio.com\/es\/fosfato-sodico-de-aluminio.html\",\"url\":\"https:\/\/theo.niranbio.com\/es\/fosfato-sodico-de-aluminio.html\",\"name\":\"Fosfato de Sodio y Aluminio, Aditivo Alimentario E541 | Niranbio Chemical\",\"isPartOf\":{\"@id\":\"https:\/\/theo.niranbio.com\/es\/#website\"},\"primaryImageOfPage\":{\"@id\":\"https:\/\/theo.niranbio.com\/es\/fosfato-sodico-de-aluminio.html#primaryimage\"},\"image\":{\"@id\":\"https:\/\/theo.niranbio.com\/es\/fosfato-sodico-de-aluminio.html#primaryimage\"},\"thumbnailUrl\":\"https:\/\/theo.niranbio.com\/wp-content\/uploads\/2024\/06\/Sodium-Aluminium-Phosphate.webp\",\"datePublished\":\"2024-06-19T08:42:53+00:00\",\"dateModified\":\"2024-08-15T09:07:40+00:00\",\"description\":\"Nuestro fosfato de sodio y aluminio es un ingrediente vers\u00e1til de grado alimenticio, cumple con los est\u00e1ndares de seguridad alimentaria y est\u00e1 certificado para su uso en aplicaciones alimentarias.\",\"breadcrumb\":{\"@id\":\"https:\/\/theo.niranbio.com\/es\/fosfato-sodico-de-aluminio.html#breadcrumb\"},\"inLanguage\":\"es\",\"potentialAction\":[{\"@type\":\"ReadAction\",\"target\":[\"https:\/\/theo.niranbio.com\/es\/fosfato-sodico-de-aluminio.html\"]}]},{\"@type\":\"ImageObject\",\"inLanguage\":\"es\",\"@id\":\"https:\/\/theo.niranbio.com\/es\/fosfato-sodico-de-aluminio.html#primaryimage\",\"url\":\"https:\/\/theo.niranbio.com\/wp-content\/uploads\/2024\/06\/Sodium-Aluminium-Phosphate.webp\",\"contentUrl\":\"https:\/\/theo.niranbio.com\/wp-content\/uploads\/2024\/06\/Sodium-Aluminium-Phosphate.webp\",\"width\":600,\"height\":600,\"caption\":\"Fosfato de aluminio y sodio\"},{\"@type\":\"BreadcrumbList\",\"@id\":\"https:\/\/theo.niranbio.com\/es\/fosfato-sodico-de-aluminio.html#breadcrumb\",\"itemListElement\":[{\"@type\":\"ListItem\",\"position\":1,\"name\":\"Home\",\"item\":\"https:\/\/theo.niranbio.com\/es\/\"},{\"@type\":\"ListItem\",\"position\":2,\"name\":\"Productos\",\"item\":\"https:\/\/theo.niranbio.com\/es\/productos.html\"},{\"@type\":\"ListItem\",\"position\":3,\"name\":\"Fosfatos\",\"item\":\"https:\/\/theo.niranbio.com\/es\/producto-de-fosfatos\/\"},{\"@type\":\"ListItem\",\"position\":4,\"name\":\"Fosfato s\u00f3dico de aluminio\"}]},{\"@type\":\"WebSite\",\"@id\":\"https:\/\/theo.niranbio.com\/es\/#website\",\"url\":\"https:\/\/theo.niranbio.com\/es\/\",\"name\":\"Niranbio Chemical\",\"description\":\"\",\"publisher\":{\"@id\":\"https:\/\/theo.niranbio.com\/es\/#organization\"},\"potentialAction\":[{\"@type\":\"SearchAction\",\"target\":{\"@type\":\"EntryPoint\",\"urlTemplate\":\"https:\/\/theo.niranbio.com\/es\/?s={search_term_string}\"},\"query-input\":{\"@type\":\"PropertyValueSpecification\",\"valueRequired\":true,\"valueName\":\"search_term_string\"}}],\"inLanguage\":\"es\"},{\"@type\":\"Organization\",\"@id\":\"https:\/\/theo.niranbio.com\/es\/#organization\",\"name\":\"Niranbio Chemical\",\"url\":\"https:\/\/theo.niranbio.com\/es\/\",\"logo\":{\"@type\":\"ImageObject\",\"inLanguage\":\"es\",\"@id\":\"https:\/\/theo.niranbio.com\/es\/#\/schema\/logo\/image\/\",\"url\":\"https:\/\/theo.niranbio.com\/wp-content\/uploads\/2024\/06\/Niranbio.png\",\"contentUrl\":\"https:\/\/theo.niranbio.com\/wp-content\/uploads\/2024\/06\/Niranbio.png\",\"width\":270,\"height\":100,\"caption\":\"Niranbio Chemical\"},\"image\":{\"@id\":\"https:\/\/theo.niranbio.com\/es\/#\/schema\/logo\/image\/\"}}]}<\/script>\n<!-- \/ Yoast SEO plugin. -->","yoast_head_json":{"title":"Fosfato de Sodio y Aluminio, Aditivo Alimentario E541 | Niranbio Chemical","description":"Nuestro fosfato de sodio y aluminio es un ingrediente vers\u00e1til de grado alimenticio, cumple con los est\u00e1ndares de seguridad alimentaria y est\u00e1 certificado para su uso en aplicaciones alimentarias.","robots":{"index":"noindex","follow":"follow","max-snippet":"max-snippet:-1","max-image-preview":"max-image-preview:large","max-video-preview":"max-video-preview:-1"},"twitter_misc":{"Tiempo de lectura":"3 minutos"},"schema":{"@context":"https:\/\/schema.org","@graph":[{"@type":"WebPage","@id":"https:\/\/theo.niranbio.com\/es\/fosfato-sodico-de-aluminio.html","url":"https:\/\/theo.niranbio.com\/es\/fosfato-sodico-de-aluminio.html","name":"Fosfato de Sodio y Aluminio, Aditivo Alimentario E541 | Niranbio Chemical","isPartOf":{"@id":"https:\/\/theo.niranbio.com\/es\/#website"},"primaryImageOfPage":{"@id":"https:\/\/theo.niranbio.com\/es\/fosfato-sodico-de-aluminio.html#primaryimage"},"image":{"@id":"https:\/\/theo.niranbio.com\/es\/fosfato-sodico-de-aluminio.html#primaryimage"},"thumbnailUrl":"https:\/\/theo.niranbio.com\/wp-content\/uploads\/2024\/06\/Sodium-Aluminium-Phosphate.webp","datePublished":"2024-06-19T08:42:53+00:00","dateModified":"2024-08-15T09:07:40+00:00","description":"Nuestro fosfato de sodio y aluminio es un ingrediente vers\u00e1til de grado alimenticio, cumple con los est\u00e1ndares de seguridad alimentaria y est\u00e1 certificado para su uso en aplicaciones alimentarias.","breadcrumb":{"@id":"https:\/\/theo.niranbio.com\/es\/fosfato-sodico-de-aluminio.html#breadcrumb"},"inLanguage":"es","potentialAction":[{"@type":"ReadAction","target":["https:\/\/theo.niranbio.com\/es\/fosfato-sodico-de-aluminio.html"]}]},{"@type":"ImageObject","inLanguage":"es","@id":"https:\/\/theo.niranbio.com\/es\/fosfato-sodico-de-aluminio.html#primaryimage","url":"https:\/\/theo.niranbio.com\/wp-content\/uploads\/2024\/06\/Sodium-Aluminium-Phosphate.webp","contentUrl":"https:\/\/theo.niranbio.com\/wp-content\/uploads\/2024\/06\/Sodium-Aluminium-Phosphate.webp","width":600,"height":600,"caption":"Fosfato de aluminio y sodio"},{"@type":"BreadcrumbList","@id":"https:\/\/theo.niranbio.com\/es\/fosfato-sodico-de-aluminio.html#breadcrumb","itemListElement":[{"@type":"ListItem","position":1,"name":"Home","item":"https:\/\/theo.niranbio.com\/es\/"},{"@type":"ListItem","position":2,"name":"Productos","item":"https:\/\/theo.niranbio.com\/es\/productos.html"},{"@type":"ListItem","position":3,"name":"Fosfatos","item":"https:\/\/theo.niranbio.com\/es\/producto-de-fosfatos\/"},{"@type":"ListItem","position":4,"name":"Fosfato s\u00f3dico de aluminio"}]},{"@type":"WebSite","@id":"https:\/\/theo.niranbio.com\/es\/#website","url":"https:\/\/theo.niranbio.com\/es\/","name":"Niranbio Chemical","description":"","publisher":{"@id":"https:\/\/theo.niranbio.com\/es\/#organization"},"potentialAction":[{"@type":"SearchAction","target":{"@type":"EntryPoint","urlTemplate":"https:\/\/theo.niranbio.com\/es\/?s={search_term_string}"},"query-input":{"@type":"PropertyValueSpecification","valueRequired":true,"valueName":"search_term_string"}}],"inLanguage":"es"},{"@type":"Organization","@id":"https:\/\/theo.niranbio.com\/es\/#organization","name":"Niranbio Chemical","url":"https:\/\/theo.niranbio.com\/es\/","logo":{"@type":"ImageObject","inLanguage":"es","@id":"https:\/\/theo.niranbio.com\/es\/#\/schema\/logo\/image\/","url":"https:\/\/theo.niranbio.com\/wp-content\/uploads\/2024\/06\/Niranbio.png","contentUrl":"https:\/\/theo.niranbio.com\/wp-content\/uploads\/2024\/06\/Niranbio.png","width":270,"height":100,"caption":"Niranbio Chemical"},"image":{"@id":"https:\/\/theo.niranbio.com\/es\/#\/schema\/logo\/image\/"}}]}},"_links":{"self":[{"href":"https:\/\/theo.niranbio.com\/es\/wp-json\/wp\/v2\/product\/8377","targetHints":{"allow":["GET"]}}],"collection":[{"href":"https:\/\/theo.niranbio.com\/es\/wp-json\/wp\/v2\/product"}],"about":[{"href":"https:\/\/theo.niranbio.com\/es\/wp-json\/wp\/v2\/types\/product"}],"version-history":[{"count":0,"href":"https:\/\/theo.niranbio.com\/es\/wp-json\/wp\/v2\/product\/8377\/revisions"}],"wp:featuredmedia":[{"embeddable":true,"href":"https:\/\/theo.niranbio.com\/es\/wp-json\/wp\/v2\/media\/5473"}],"wp:attachment":[{"href":"https:\/\/theo.niranbio.com\/es\/wp-json\/wp\/v2\/media?parent=8377"}],"wp:term":[{"taxonomy":"product_brand","embeddable":true,"href":"https:\/\/theo.niranbio.com\/es\/wp-json\/wp\/v2\/product_brand?post=8377"},{"taxonomy":"product_cat","embeddable":true,"href":"https:\/\/theo.niranbio.com\/es\/wp-json\/wp\/v2\/product_cat?post=8377"},{"taxonomy":"product_tag","embeddable":true,"href":"https:\/\/theo.niranbio.com\/es\/wp-json\/wp\/v2\/product_tag?post=8377"}],"curies":[{"name":"wp","href":"https:\/\/api.w.org\/{rel}","templated":true}]}}