{"id":8375,"date":"2024-06-19T16:47:15","date_gmt":"2024-06-19T08:47:15","guid":{"rendered":"https:\/\/theo.niranbio.com\/tspp-pirofosfato-tetrasodico\/"},"modified":"2024-08-15T17:07:30","modified_gmt":"2024-08-15T09:07:30","slug":"tspp-pirofosfato-tetrasodico","status":"publish","type":"product","link":"https:\/\/theo.niranbio.com\/es\/tspp-pirofosfato-tetrasodico.html","title":{"rendered":"Pirofosfato tetras\u00f3dico"},"content":{"rendered":"<h2><span class=\"ez-toc-section\" id=\"%C2%BFQue_es_el_pirofosfato_tetrasodico\"><\/span>\u00bfQu\u00e9 es el pirofosfato tetras\u00f3dico?<span class=\"ez-toc-section-end\"><\/span><\/h2>\n<p>Nuestro pirofosfato tetras\u00f3dico viene en forma de cristal blanco, es una sustancia qu\u00edmica, tambi\u00e9n conocida como pirofosfato de sodio. El pirofosfato tetras\u00f3dico se utiliza como tamp\u00f3n, agente quelante y surfactante en la industria. En la industria alimentaria, a menudo se utiliza como emulsionante y estabilizador, y tambi\u00e9n se puede utilizar para ajustar la acidez de los alimentos. Adem\u00e1s, el pirofosfato tetras\u00f3dico tambi\u00e9n se utiliza para fabricar detergentes, agentes de limpieza e inhibidores de \u00f3xido. El pirofosfato tetras\u00f3dico se obtiene secando una soluci\u00f3n acuosa de fosfato de hidr\u00f3geno dis\u00f3dico para obtener fosfato de hidr\u00f3geno dis\u00f3dico anhidro, y luego deshidratando y polimerizando a alta temperatura.<\/p>\n<p>Hay dos tipos: m\u00e9todo de un paso y m\u00e9todo de dos pasos. El secado y la polimerizaci\u00f3n se completan en un solo dispositivo, lo que se denomina m\u00e9todo de un solo paso, y el secado y la polimerizaci\u00f3n se completan en dos dispositivos, lo que se denomina m\u00e9todo de dos pasos. El m\u00e9todo de un solo paso tiene un equipo simple y un proceso corto, pero la calidad no es muy estable. El m\u00e9todo de dos pasos tiene un equipo m\u00e1s complejo, un proceso m\u00e1s largo y una calidad del producto m\u00e1s estable. El pirofosfato de sodio utilizado en la industria alimentaria adopta principalmente el m\u00e9todo de dos pasos. La f\u00f3rmula de reacci\u00f3n es: Na2HP04\u00b712H20\u2192Na2HP04+12H20 2Na2HP04\u2192Na4P207+H20<\/p>\n<h2><span class=\"ez-toc-section\" id=\"Parametros_relacionados\"><\/span>Par\u00e1metros relacionados:<span class=\"ez-toc-section-end\"><\/span><\/h2>\n<table>\n<tbody>\n<tr>\n<td><strong>Items<\/strong><\/td>\n<td><strong>Units<\/strong><\/td>\n<td><strong>Specifications<\/strong><\/td>\n<\/tr>\n<tr>\n<td>Ensayo,(como Na4P2O7)<\/td>\n<td>%<\/td>\n<td>96,5 Min.<\/td>\n<\/tr>\n<tr>\n<td>pH\uff081% Soluci\u00f3n\uff09<\/td>\n<td><\/td>\n<td>9.8~10.8<\/td>\n<\/tr>\n<tr>\n<td>Insoluble en agua, \u03c9<\/td>\n<td>%<\/td>\n<td>0,2 M\u00e1x.<\/td>\n<\/tr>\n<tr>\n<td>Ars\u00e9nico(As)<\/td>\n<td>mg\/kg<\/td>\n<td>1 M\u00e1x.<\/td>\n<\/tr>\n<tr>\n<td>Metal pesado<\/td>\n<td>mg\/kg<\/td>\n<td>10 M\u00e1x.<\/td>\n<\/tr>\n<tr>\n<td>Plomo(Pb)<\/td>\n<td>mg\/kg<\/td>\n<td>1 M\u00e1x.<\/td>\n<\/tr>\n<tr>\n<td>Fluoruro(F)<\/td>\n<td>mg\/kg<\/td>\n<td>10 M\u00e1x.<\/td>\n<\/tr>\n<tr>\n<td>Blancura<\/td>\n<td>%<\/td>\n<td>88 M\u00edn.<\/td>\n<\/tr>\n<tr>\n<td>Densidad aparente<\/td>\n<td>g\/cm3<\/td>\n<td>0.60~0.8<\/td>\n<\/tr>\n<tr>\n<td>P\u00e9rdida por ignici\u00f3n<\/td>\n<td>%<\/td>\n<td>0,5 M\u00e1x.<\/td>\n<\/tr>\n<tr>\n<td>Ortofosfato<\/td>\n<td><\/td>\n<td>Prueba superada<\/td>\n<\/tr>\n<\/tbody>\n<\/table>\n<h2><span class=\"ez-toc-section\" id=\"Dosis_recomendada\"><\/span>Dosis recomendada:<span class=\"ez-toc-section-end\"><\/span><\/h2>\n<table>\n<tbody>\n<tr>\n<td><strong>Food Name<\/strong><\/td>\n<td><strong>Maximum usage(g\/kg)<\/strong><\/td>\n<\/tr>\n<tr>\n<td>Productos c\u00e1rnicos<\/td>\n<td>2-5 g\/kg<\/td>\n<\/tr>\n<tr>\n<td>Marisco<\/td>\n<td>1-3 g\/kg<\/td>\n<\/tr>\n<tr>\n<td>Productos l\u00e1cteos<\/td>\n<td>2-4 g\/kg<\/td>\n<\/tr>\n<tr>\n<td>Bebidas carbonatadas<\/td>\n<td>0,5-1 g\/kg<\/td>\n<\/tr>\n<tr>\n<td>Pan<\/td>\n<td>1-2 g\/kg<\/td>\n<\/tr>\n<tr>\n<td>Carnes curadas<\/td>\n<td>2-3 g\/kg<\/td>\n<\/tr>\n<tr>\n<td>Fruta en conserva<\/td>\n<td>0,5-1,5 g\/kg<\/td>\n<\/tr>\n<tr>\n<td>Aceites sazonadores<\/td>\n<td>0,5-1 g\/kg<\/td>\n<\/tr>\n<tr>\n<td>Ali\u00f1os para ensaladas<\/td>\n<td>1-2 g\/kg<\/td>\n<\/tr>\n<tr>\n<td>Bebidas de frutas<\/td>\n<td>0,5-1,5 g\/kg<\/td>\n<\/tr>\n<\/tbody>\n<\/table>\n<h2><span class=\"ez-toc-section\" id=\"El_pirofosfato_tetrasodico_tiene_una_amplia_gama_de_usos\"><\/span>El pirofosfato tetras\u00f3dico tiene una amplia gama de usos<span class=\"ez-toc-section-end\"><\/span><\/h2>\n<h3><span class=\"ez-toc-section\" id=\"1_Conservacion_de_alimentos\"><\/span>1. Conservaci\u00f3n de alimentos<span class=\"ez-toc-section-end\"><\/span><\/h3>\n<p>El pirofosfato tetras\u00f3dico puede reducir la tensi\u00f3n superficial de las soluciones acuosas e inhibir el crecimiento y la reproducci\u00f3n de microorganismos, desempe\u00f1ando as\u00ed un papel en la conservaci\u00f3n.<\/p>\n<h3><span class=\"ez-toc-section\" id=\"2_Aumentar_el_pH_de_los_alimentos\"><\/span>2. Aumentar el pH de los alimentos<span class=\"ez-toc-section-end\"><\/span><\/h3>\n<p>Esta sustancia puede neutralizar sustancias \u00e1cidas y aumentar el valor de pH de los alimentos, haci\u00e9ndolos m\u00e1s adecuados para el almacenamiento y el consumo.<\/p>\n<h3><span class=\"ez-toc-section\" id=\"3_Quelato_de_iones_metalicos\"><\/span>3. Quelato de iones met\u00e1licos<span class=\"ez-toc-section-end\"><\/span><\/h3>\n<p>El pirofosfato tetras\u00f3dico puede formar complejos estables con iones met\u00e1licos en los alimentos para evitar su oxidaci\u00f3n o deterioro.<\/p>\n<h3><span class=\"ez-toc-section\" id=\"4_Mejora_el_sabor_de_los_alimentos\"><\/span>4. Mejora el sabor de los alimentos<span class=\"ez-toc-section-end\"><\/span><\/h3>\n<p>El pirofosfato tetras\u00f3dico puede reaccionar con macromol\u00e9culas como las prote\u00ednas para cambiar su estructura y propiedades, afectando as\u00ed el sabor y el aroma de los alimentos.<\/p>\n<h3><span class=\"ez-toc-section\" id=\"5_Favorece_la_absorcion_de_minerales\"><\/span>5. Favorece la absorci\u00f3n de minerales<span class=\"ez-toc-section-end\"><\/span><\/h3>\n<p>El pirofosfato tetras\u00f3dico libera f\u00f3sforo durante la digesti\u00f3n, lo que ayuda al cuerpo a absorber el f\u00f3sforo.<\/p>\n<h2><span class=\"ez-toc-section\" id=\"Preguntas_de_los_usuarios\"><\/span>Preguntas de los usuarios:<span class=\"ez-toc-section-end\"><\/span><\/h2>\n<p><strong>Pregunta: \u00bfCu\u00e1les son los sustitutos del pirofosfato tetras\u00f3dico en la industria alimentaria?<\/strong><\/p>\n<p>Respuesta: Los sustitutos del pirofosfato tetras\u00f3dico en la industria alimentaria incluyen tripolifosfato de sodio, hexametafosfato de sodio, dihidrogenofosfato de sodio, etc. Estos sustitutos tienen sus propias ventajas en retenci\u00f3n de agua, emulsificaci\u00f3n, quelaci\u00f3n y amortiguaci\u00f3n, y se utilizan ampliamente en productos c\u00e1rnicos, productos l\u00e1cteos, bebidas, alimentos enlatados y productos horneados. Al elegir un sustituto espec\u00edfico, a\u00fan es necesario considerar la f\u00f3rmula de los alimentos y los requisitos funcionales.<\/p>\n<p><strong>Pregunta: \u00bfEl uso de pirofosfato tetras\u00f3dico afecta el sabor de los alimentos?<\/strong><\/p>\n<p>Respuesta: El uso moderado de pirofosfato tetras\u00f3dico generalmente no afecta significativamente el sabor de los alimentos, pero el uso excesivo puede causar amargor u otros sabores desagradables.<\/p>\n<p><strong>Pregunta: \u00bfCu\u00e1l es la situaci\u00f3n del mercado del pirofosfato tetras\u00f3dico de grado alimenticio?<\/strong><\/p>\n<p>Respuesta: En 2024, el mercado de pirofosfato tetras\u00f3dico (TSPP) de grado alimenticio muestra una perspectiva generalmente positiva tanto a nivel nacional como internacional.<\/p>\n<h2><span class=\"ez-toc-section\" id=\"Mercado_interno_China\"><\/span>Mercado interno (China):<span class=\"ez-toc-section-end\"><\/span><\/h2>\n<p>La demanda de TSPP de grado alimenticio sigue siendo fuerte, impulsada por sus aplicaciones alimentarias vers\u00e1tiles. Los precios han experimentado un aumento moderado debido al aumento de los costos de las materias primas y la creciente demanda, particularmente del sector de alimentos procesados.<\/p>\n<h2><span class=\"ez-toc-section\" id=\"Mercado_internacional\"><\/span>Mercado internacional:<span class=\"ez-toc-section-end\"><\/span><\/h2>\n<p>A nivel mundial, se proyecta que el mercado de TSPP crecer\u00e1 a una CAGR del 4,8% entre 2020 y 2026, lo que indica una demanda s\u00f3lida en todas las regiones. Los mercados de Am\u00e9rica del Norte y Europa son importantes, con un consumo constante en aplicaciones alimentarias e industriales. La regi\u00f3n de Asia-Pac\u00edfico, especialmente pa\u00edses como India, Jap\u00f3n y Corea del Sur, muestra la tasa de crecimiento m\u00e1s alta debido a la expansi\u00f3n de las industrias de procesamiento de alimentos y la creciente urbanizaci\u00f3n.<\/p>\n","protected":false},"excerpt":{"rendered":"<ul>\n<li>CAS: 7722-88-5<\/li>\n<li>F\u00f3rmula qu\u00edmica: Na<sub>4<\/sub>P<sub>2<\/sub>O<sub>7<\/sub><\/li>\n<li>Certificaciones: KOSHER, ISO, HALAL, FSSC 22000, BRC, etc.<\/li>\n<li>Cantidad m\u00ednima de pedido: 1000KG<\/li>\n<li>Caducidad: 2 a\u00f1os<\/li>\n<\/ul>\n","protected":false},"featured_media":5474,"template":"","meta":{"site-sidebar-layout":"default","site-content-layout":"","ast-site-content-layout":"default","site-content-style":"default","site-sidebar-style":"default","ast-global-header-display":"","ast-banner-title-visibility":"","ast-main-header-display":"","ast-hfb-above-header-display":"","ast-hfb-below-header-display":"","ast-hfb-mobile-header-display":"","site-post-title":"","ast-breadcrumbs-content":"","ast-featured-img":"","footer-sml-layout":"","theme-transparent-header-meta":"default","adv-header-id-meta":"","stick-header-meta":"","header-above-stick-meta":"","header-main-stick-meta":"","header-below-stick-meta":"","astra-migrate-meta-layouts":"set","ast-page-background-enabled":"default","ast-page-background-meta":{"desktop":{"background-color":"var(--ast-global-color-4)","background-image":"","background-repeat":"repeat","background-position":"center center","background-size":"auto","background-attachment":"scroll","background-type":"","background-media":"","overlay-type":"","overlay-color":"","overlay-opacity":"","overlay-gradient":""},"tablet":{"background-color":"","background-image":"","background-repeat":"repeat","background-position":"center center","background-size":"auto","background-attachment":"scroll","background-type":"","background-media":"","overlay-type":"","overlay-color":"","overlay-opacity":"","overlay-gradient":""},"mobile":{"background-color":"","background-image":"","background-repeat":"repeat","background-position":"center center","background-size":"auto","background-attachment":"scroll","background-type":"","background-media":"","overlay-type":"","overlay-color":"","overlay-opacity":"","overlay-gradient":""}},"ast-content-background-meta":{"desktop":{"background-color":"var(--ast-global-color-5)","background-image":"","background-repeat":"repeat","background-position":"center center","background-size":"auto","background-attachment":"scroll","background-type":"","background-media":"","overlay-type":"","overlay-color":"","overlay-opacity":"","overlay-gradient":""},"tablet":{"background-color":"var(--ast-global-color-5)","background-image":"","background-repeat":"repeat","background-position":"center center","background-size":"auto","background-attachment":"scroll","background-type":"","background-media":"","overlay-type":"","overlay-color":"","overlay-opacity":"","overlay-gradient":""},"mobile":{"background-color":"var(--ast-global-color-5)","background-image":"","background-repeat":"repeat","background-position":"center center","background-size":"auto","background-attachment":"scroll","background-type":"","background-media":"","overlay-type":"","overlay-color":"","overlay-opacity":"","overlay-gradient":""}}},"product_brand":[],"product_cat":[76],"product_tag":[],"class_list":{"0":"post-8375","1":"product","2":"type-product","3":"status-publish","4":"has-post-thumbnail","6":"product_cat-producto-de-fosfatos","7":"desktop-align-center","8":"tablet-align-left","9":"mobile-align-left","11":"first","12":"instock","13":"shipping-taxable","14":"product-type-simple"},"yoast_head":"<!-- This site is optimized with the Yoast SEO plugin v26.5 - https:\/\/yoast.com\/wordpress\/plugins\/seo\/ -->\n<title>Proveedor de Pirofosfato Tetrasodico E450 | Niranbio Chemical<\/title>\n<meta name=\"description\" content=\"Nuestro pirofosfato tetras\u00f3dico E450 es un polvo blanco fino que se utiliza como regulador de acidez y agente leudante de calidad alimentaria.\" \/>\n<meta name=\"robots\" content=\"noindex, follow, max-snippet:-1, max-image-preview:large, max-video-preview:-1\" \/>\n<meta name=\"twitter:label1\" content=\"Tiempo de lectura\" \/>\n\t<meta name=\"twitter:data1\" content=\"4 minutos\" \/>\n<script type=\"application\/ld+json\" class=\"yoast-schema-graph\">{\"@context\":\"https:\/\/schema.org\",\"@graph\":[{\"@type\":\"WebPage\",\"@id\":\"https:\/\/theo.niranbio.com\/es\/tspp-pirofosfato-tetrasodico.html\",\"url\":\"https:\/\/theo.niranbio.com\/es\/tspp-pirofosfato-tetrasodico.html\",\"name\":\"Proveedor de Pirofosfato Tetrasodico E450 | Niranbio Chemical\",\"isPartOf\":{\"@id\":\"https:\/\/theo.niranbio.com\/es\/#website\"},\"primaryImageOfPage\":{\"@id\":\"https:\/\/theo.niranbio.com\/es\/tspp-pirofosfato-tetrasodico.html#primaryimage\"},\"image\":{\"@id\":\"https:\/\/theo.niranbio.com\/es\/tspp-pirofosfato-tetrasodico.html#primaryimage\"},\"thumbnailUrl\":\"https:\/\/theo.niranbio.com\/wp-content\/uploads\/2024\/06\/Tetrasodium-Pyrophosphate-TSPP-Food-Grade-gengxin.webp\",\"datePublished\":\"2024-06-19T08:47:15+00:00\",\"dateModified\":\"2024-08-15T09:07:30+00:00\",\"description\":\"Nuestro pirofosfato tetras\u00f3dico E450 es un polvo blanco fino que se utiliza como regulador de acidez y agente leudante de calidad alimentaria.\",\"breadcrumb\":{\"@id\":\"https:\/\/theo.niranbio.com\/es\/tspp-pirofosfato-tetrasodico.html#breadcrumb\"},\"inLanguage\":\"es\",\"potentialAction\":[{\"@type\":\"ReadAction\",\"target\":[\"https:\/\/theo.niranbio.com\/es\/tspp-pirofosfato-tetrasodico.html\"]}]},{\"@type\":\"ImageObject\",\"inLanguage\":\"es\",\"@id\":\"https:\/\/theo.niranbio.com\/es\/tspp-pirofosfato-tetrasodico.html#primaryimage\",\"url\":\"https:\/\/theo.niranbio.com\/wp-content\/uploads\/2024\/06\/Tetrasodium-Pyrophosphate-TSPP-Food-Grade-gengxin.webp\",\"contentUrl\":\"https:\/\/theo.niranbio.com\/wp-content\/uploads\/2024\/06\/Tetrasodium-Pyrophosphate-TSPP-Food-Grade-gengxin.webp\",\"width\":600,\"height\":600,\"caption\":\"Pirofosfato de tetrasodio (TSPP)\"},{\"@type\":\"BreadcrumbList\",\"@id\":\"https:\/\/theo.niranbio.com\/es\/tspp-pirofosfato-tetrasodico.html#breadcrumb\",\"itemListElement\":[{\"@type\":\"ListItem\",\"position\":1,\"name\":\"Home\",\"item\":\"https:\/\/theo.niranbio.com\/es\/\"},{\"@type\":\"ListItem\",\"position\":2,\"name\":\"Productos\",\"item\":\"https:\/\/theo.niranbio.com\/es\/productos.html\"},{\"@type\":\"ListItem\",\"position\":3,\"name\":\"Fosfatos\",\"item\":\"https:\/\/theo.niranbio.com\/es\/producto-de-fosfatos\/\"},{\"@type\":\"ListItem\",\"position\":4,\"name\":\"Pirofosfato tetras\u00f3dico\"}]},{\"@type\":\"WebSite\",\"@id\":\"https:\/\/theo.niranbio.com\/es\/#website\",\"url\":\"https:\/\/theo.niranbio.com\/es\/\",\"name\":\"Niranbio Chemical\",\"description\":\"\",\"publisher\":{\"@id\":\"https:\/\/theo.niranbio.com\/es\/#organization\"},\"potentialAction\":[{\"@type\":\"SearchAction\",\"target\":{\"@type\":\"EntryPoint\",\"urlTemplate\":\"https:\/\/theo.niranbio.com\/es\/?s={search_term_string}\"},\"query-input\":{\"@type\":\"PropertyValueSpecification\",\"valueRequired\":true,\"valueName\":\"search_term_string\"}}],\"inLanguage\":\"es\"},{\"@type\":\"Organization\",\"@id\":\"https:\/\/theo.niranbio.com\/es\/#organization\",\"name\":\"Niranbio Chemical\",\"url\":\"https:\/\/theo.niranbio.com\/es\/\",\"logo\":{\"@type\":\"ImageObject\",\"inLanguage\":\"es\",\"@id\":\"https:\/\/theo.niranbio.com\/es\/#\/schema\/logo\/image\/\",\"url\":\"https:\/\/theo.niranbio.com\/wp-content\/uploads\/2024\/06\/Niranbio.png\",\"contentUrl\":\"https:\/\/theo.niranbio.com\/wp-content\/uploads\/2024\/06\/Niranbio.png\",\"width\":270,\"height\":100,\"caption\":\"Niranbio Chemical\"},\"image\":{\"@id\":\"https:\/\/theo.niranbio.com\/es\/#\/schema\/logo\/image\/\"}}]}<\/script>\n<!-- \/ Yoast SEO plugin. -->","yoast_head_json":{"title":"Proveedor de Pirofosfato Tetrasodico E450 | Niranbio Chemical","description":"Nuestro pirofosfato tetras\u00f3dico E450 es un polvo blanco fino que se utiliza como regulador de acidez y agente leudante de calidad alimentaria.","robots":{"index":"noindex","follow":"follow","max-snippet":"max-snippet:-1","max-image-preview":"max-image-preview:large","max-video-preview":"max-video-preview:-1"},"twitter_misc":{"Tiempo de lectura":"4 minutos"},"schema":{"@context":"https:\/\/schema.org","@graph":[{"@type":"WebPage","@id":"https:\/\/theo.niranbio.com\/es\/tspp-pirofosfato-tetrasodico.html","url":"https:\/\/theo.niranbio.com\/es\/tspp-pirofosfato-tetrasodico.html","name":"Proveedor de Pirofosfato Tetrasodico E450 | Niranbio Chemical","isPartOf":{"@id":"https:\/\/theo.niranbio.com\/es\/#website"},"primaryImageOfPage":{"@id":"https:\/\/theo.niranbio.com\/es\/tspp-pirofosfato-tetrasodico.html#primaryimage"},"image":{"@id":"https:\/\/theo.niranbio.com\/es\/tspp-pirofosfato-tetrasodico.html#primaryimage"},"thumbnailUrl":"https:\/\/theo.niranbio.com\/wp-content\/uploads\/2024\/06\/Tetrasodium-Pyrophosphate-TSPP-Food-Grade-gengxin.webp","datePublished":"2024-06-19T08:47:15+00:00","dateModified":"2024-08-15T09:07:30+00:00","description":"Nuestro pirofosfato tetras\u00f3dico E450 es un polvo blanco fino que se utiliza como regulador de acidez y agente leudante de calidad alimentaria.","breadcrumb":{"@id":"https:\/\/theo.niranbio.com\/es\/tspp-pirofosfato-tetrasodico.html#breadcrumb"},"inLanguage":"es","potentialAction":[{"@type":"ReadAction","target":["https:\/\/theo.niranbio.com\/es\/tspp-pirofosfato-tetrasodico.html"]}]},{"@type":"ImageObject","inLanguage":"es","@id":"https:\/\/theo.niranbio.com\/es\/tspp-pirofosfato-tetrasodico.html#primaryimage","url":"https:\/\/theo.niranbio.com\/wp-content\/uploads\/2024\/06\/Tetrasodium-Pyrophosphate-TSPP-Food-Grade-gengxin.webp","contentUrl":"https:\/\/theo.niranbio.com\/wp-content\/uploads\/2024\/06\/Tetrasodium-Pyrophosphate-TSPP-Food-Grade-gengxin.webp","width":600,"height":600,"caption":"Pirofosfato de tetrasodio (TSPP)"},{"@type":"BreadcrumbList","@id":"https:\/\/theo.niranbio.com\/es\/tspp-pirofosfato-tetrasodico.html#breadcrumb","itemListElement":[{"@type":"ListItem","position":1,"name":"Home","item":"https:\/\/theo.niranbio.com\/es\/"},{"@type":"ListItem","position":2,"name":"Productos","item":"https:\/\/theo.niranbio.com\/es\/productos.html"},{"@type":"ListItem","position":3,"name":"Fosfatos","item":"https:\/\/theo.niranbio.com\/es\/producto-de-fosfatos\/"},{"@type":"ListItem","position":4,"name":"Pirofosfato tetras\u00f3dico"}]},{"@type":"WebSite","@id":"https:\/\/theo.niranbio.com\/es\/#website","url":"https:\/\/theo.niranbio.com\/es\/","name":"Niranbio Chemical","description":"","publisher":{"@id":"https:\/\/theo.niranbio.com\/es\/#organization"},"potentialAction":[{"@type":"SearchAction","target":{"@type":"EntryPoint","urlTemplate":"https:\/\/theo.niranbio.com\/es\/?s={search_term_string}"},"query-input":{"@type":"PropertyValueSpecification","valueRequired":true,"valueName":"search_term_string"}}],"inLanguage":"es"},{"@type":"Organization","@id":"https:\/\/theo.niranbio.com\/es\/#organization","name":"Niranbio Chemical","url":"https:\/\/theo.niranbio.com\/es\/","logo":{"@type":"ImageObject","inLanguage":"es","@id":"https:\/\/theo.niranbio.com\/es\/#\/schema\/logo\/image\/","url":"https:\/\/theo.niranbio.com\/wp-content\/uploads\/2024\/06\/Niranbio.png","contentUrl":"https:\/\/theo.niranbio.com\/wp-content\/uploads\/2024\/06\/Niranbio.png","width":270,"height":100,"caption":"Niranbio Chemical"},"image":{"@id":"https:\/\/theo.niranbio.com\/es\/#\/schema\/logo\/image\/"}}]}},"_links":{"self":[{"href":"https:\/\/theo.niranbio.com\/es\/wp-json\/wp\/v2\/product\/8375","targetHints":{"allow":["GET"]}}],"collection":[{"href":"https:\/\/theo.niranbio.com\/es\/wp-json\/wp\/v2\/product"}],"about":[{"href":"https:\/\/theo.niranbio.com\/es\/wp-json\/wp\/v2\/types\/product"}],"version-history":[{"count":0,"href":"https:\/\/theo.niranbio.com\/es\/wp-json\/wp\/v2\/product\/8375\/revisions"}],"wp:featuredmedia":[{"embeddable":true,"href":"https:\/\/theo.niranbio.com\/es\/wp-json\/wp\/v2\/media\/5474"}],"wp:attachment":[{"href":"https:\/\/theo.niranbio.com\/es\/wp-json\/wp\/v2\/media?parent=8375"}],"wp:term":[{"taxonomy":"product_brand","embeddable":true,"href":"https:\/\/theo.niranbio.com\/es\/wp-json\/wp\/v2\/product_brand?post=8375"},{"taxonomy":"product_cat","embeddable":true,"href":"https:\/\/theo.niranbio.com\/es\/wp-json\/wp\/v2\/product_cat?post=8375"},{"taxonomy":"product_tag","embeddable":true,"href":"https:\/\/theo.niranbio.com\/es\/wp-json\/wp\/v2\/product_tag?post=8375"}],"curies":[{"name":"wp","href":"https:\/\/api.w.org\/{rel}","templated":true}]}}