{"id":8370,"date":"2024-06-19T16:59:11","date_gmt":"2024-06-19T08:59:11","guid":{"rendered":"https:\/\/theo.niranbio.com\/shmp-hexametafosfato-sodico\/"},"modified":"2024-08-15T17:07:17","modified_gmt":"2024-08-15T09:07:17","slug":"shmp-hexametafosfato-sodico","status":"publish","type":"product","link":"https:\/\/theo.niranbio.com\/es\/shmp-hexametafosfato-sodico.html","title":{"rendered":"Hexametafosfato s\u00f3dico"},"content":{"rendered":"<h2><span class=\"ez-toc-section\" id=\"Metodos_de_preparacion_del_hexametafosfato_sodico\"><\/span>M\u00e9todos de preparaci\u00f3n del hexametafosfato s\u00f3dico<span class=\"ez-toc-section-end\"><\/span><\/h2>\n<p>Los principales m\u00e9todos de preparaci\u00f3n de hexametafosfato de sodio en China incluyen la polimerizaci\u00f3n t\u00e9rmica y el m\u00e9todo de \u00e1cido fosf\u00f3rico. El m\u00e9todo de polimerizaci\u00f3n t\u00e9rmica genera hexametafosfato de sodio mezclando dihidrogenofosfato de sodio e hidrogenofosfato de disodio en proporci\u00f3n y calent\u00e1ndolos a 300-500 \u2103 para la reacci\u00f3n de polimerizaci\u00f3n; el m\u00e9todo de \u00e1cido fosf\u00f3rico genera hexametafosfato de sodio neutralizando \u00e1cido fosf\u00f3rico y carbonato de sodio para generar una mezcla de sal de fosfato de sodio, y luego calentando y polimerizando para obtener hexametafosfato de sodio. En la actualidad, la polimerizaci\u00f3n t\u00e9rmica es el m\u00e9todo principal para preparar hexametafosfato de sodio en China. Este m\u00e9todo tiene tecnolog\u00eda madura, alta eficiencia de producci\u00f3n y alta pureza del producto.<\/p>\n<h2><span class=\"ez-toc-section\" id=\"Parametros_relacionados\"><\/span>Par\u00e1metros relacionados:<span class=\"ez-toc-section-end\"><\/span><\/h2>\n<table>\n<tbody>\n<tr>\n<td><strong>Art\u00edculos<\/strong><\/td>\n<td><strong>Normas<\/strong><\/td>\n<\/tr>\n<tr>\n<td>Solubilidad<\/td>\n<td>Muy soluble en agua<\/td>\n<\/tr>\n<tr>\n<td>Prueba de sodio\/fosfato<\/td>\n<td>Pasa la prueba<\/td>\n<\/tr>\n<tr>\n<td>PH (soluci\u00f3n al 1 %)<\/td>\n<td>5.8-6.5<\/td>\n<\/tr>\n<tr>\n<td>Ensayo(como contenido de P2O5 )<\/td>\n<td>68% M\u00edn<\/td>\n<\/tr>\n<tr>\n<td>Fl\u00faor (expresado como fl\u00faor)<\/td>\n<td>10 ppm m\u00e1x.<\/td>\n<\/tr>\n<tr>\n<td>As\u00e9nico<\/td>\n<td>1 ppm M\u00e1x<\/td>\n<\/tr>\n<tr>\n<td>Materia insoluble en agua<\/td>\n<td>0,05% M\u00e1x.<\/td>\n<\/tr>\n<tr>\n<td>Metales pesados (como Pb)<\/td>\n<td>10 ppm m\u00e1x.<\/td>\n<\/tr>\n<tr>\n<td>Plomo<\/td>\n<td>1 ppm m\u00e1x.<\/td>\n<\/tr>\n<tr>\n<td>Mercurio (Hg)<\/td>\n<td>0,2 ppm M\u00e1x.<\/td>\n<\/tr>\n<tr>\n<td>Cadmio (Cd)<\/td>\n<td>1 ppm m\u00e1x.<\/td>\n<\/tr>\n<tr>\n<td>Fe<\/td>\n<td>90 ppm M\u00e1x<\/td>\n<\/tr>\n<tr>\n<td>P\u00e9rdida por ignici\u00f3n<\/td>\n<td>1% M\u00e1x<\/td>\n<\/tr>\n<tr>\n<td>Densidad aparente<\/td>\n<td>900g\/l~1200g\/l<\/td>\n<\/tr>\n<\/tbody>\n<\/table>\n<h2><span class=\"ez-toc-section\" id=\"Dosis_recomendada\"><\/span>Dosis recomendada:<span class=\"ez-toc-section-end\"><\/span><\/h2>\n<table>\n<tbody>\n<tr>\n<td><strong>Food Name<\/strong><\/td>\n<td><strong>Maximum usage(g\/kg)<\/strong><\/td>\n<\/tr>\n<tr>\n<td>Pan<\/td>\n<td>2 g\/kg<\/td>\n<\/tr>\n<tr>\n<td>Pastel<\/td>\n<td>1,5 g\/kg<\/td>\n<\/tr>\n<tr>\n<td>Yogur<\/td>\n<td>0,7 g\/kg<\/td>\n<\/tr>\n<tr>\n<td>Queso<\/td>\n<td>1 g\/kg<\/td>\n<\/tr>\n<tr>\n<td>Bebidas l\u00e1cteas<\/td>\n<td>1 g\/kg<\/td>\n<\/tr>\n<tr>\n<td>Bebidas de frutas<\/td>\n<td>0,5 g\/kg<\/td>\n<\/tr>\n<tr>\n<td>Bebidas deportivas<\/td>\n<td>0,7 g\/kg<\/td>\n<\/tr>\n<tr>\n<td>Conservas<\/td>\n<td>1 g\/kg<\/td>\n<\/tr>\n<tr>\n<td>Salsas y condimentos<\/td>\n<td>1 g\/kg<\/td>\n<\/tr>\n<tr>\n<td>Caramelo<\/td>\n<td>1,5 g\/kg<\/td>\n<\/tr>\n<tr>\n<td>Chocolate<\/td>\n<td>1 g\/kg<\/td>\n<\/tr>\n<tr>\n<td>Productos c\u00e1rnicos (como salchichas, jam\u00f3n)<\/td>\n<td>1,5 g\/kg<\/td>\n<\/tr>\n<tr>\n<td>Suplementos nutricionales<\/td>\n<td>1 g\/kg<\/td>\n<\/tr>\n<\/tbody>\n<\/table>\n<h2><span class=\"ez-toc-section\" id=\"El_hexametafosfato_sodico_tiene_una_amplia_gama_de_usos\"><\/span>El hexametafosfato s\u00f3dico tiene una amplia gama de usos<span class=\"ez-toc-section-end\"><\/span><\/h2>\n<h3><span class=\"ez-toc-section\" id=\"1_Mejora_el_color_el_sabor_y_el_aroma\"><\/span>1. Mejora el color, el sabor y el aroma<span class=\"ez-toc-section-end\"><\/span><\/h3>\n<p>El hexametafosfato de sodio se utiliza principalmente para mejorar el color, el sabor y el aroma de los alimentos. En alimentos como productos c\u00e1rnicos, salchichas de pescado y jam\u00f3n, el hexametafosfato de sodio puede mejorar la capacidad de retenci\u00f3n de agua y las propiedades de uni\u00f3n del producto, ayudando as\u00ed a mantener el color, el sabor y el aroma del alimento.<\/p>\n<h3><span class=\"ez-toc-section\" id=\"2_Evita_la_oxidacion_de_las_grasas\"><\/span>2. Evita la oxidaci\u00f3n de las grasas<span class=\"ez-toc-section-end\"><\/span><\/h3>\n<p>La oxidaci\u00f3n de las grasas puede hacer que los alimentos se deterioren, afectando al sabor y la vida \u00fatil. El mecanismo de acci\u00f3n del hexametafosfato de sodio es estabilizar las mol\u00e9culas de grasa a trav\u00e9s de sus propiedades antioxidantes, extendiendo as\u00ed la vida \u00fatil del producto.<\/p>\n<h3><span class=\"ez-toc-section\" id=\"3_Mejorar_la_capacidad_de_retencion_de_agua\"><\/span>3. Mejorar la capacidad de retenci\u00f3n de agua<span class=\"ez-toc-section-end\"><\/span><\/h3>\n<p>El hexametafosfato de sodio se utiliza principalmente en la industria alimentaria para mejorar la capacidad de retenci\u00f3n de agua de los alimentos. Esta propiedad es especialmente adecuada para productos c\u00e1rnicos como salchichas de pescado y jam\u00f3n porque ayuda a prevenir la p\u00e9rdida de agua, manteniendo as\u00ed el sabor y la textura del alimento.<\/p>\n<h3><span class=\"ez-toc-section\" id=\"4_Estabilizador\"><\/span>4. Estabilizador<span class=\"ez-toc-section-end\"><\/span><\/h3>\n<p>El hexametafosfato de sodio se utiliza principalmente como estabilizador de alimentos. Esta sustancia se utiliza en alimentos enlatados, bebidas de jugo de frutas, productos l\u00e1cteos y productos de soja para prevenir la p\u00e9rdida de agua y mantener la estabilidad de la estructura de los alimentos.<\/p>\n<h2><span class=\"ez-toc-section\" id=\"Pregunta_formulada_por_un_usuario\"><\/span>Pregunta formulada por un usuario:<span class=\"ez-toc-section-end\"><\/span><\/h2>\n<p><strong>Pregunta: \u00bfCu\u00e1l es el papel del hexametafosfato de sodio en el detergente para ropa?<\/strong><\/p>\n<p>Respuesta: El hexametafosfato de sodio act\u00faa principalmente como un ablandador de agua y dispersante en detergentes para ropa. Previene la formaci\u00f3n de precipitados al quelar los iones de calcio y magnesio en el agua, suaviza la calidad del agua y dispersa la suciedad para evitar su redeposici\u00f3n, mejorando as\u00ed el efecto de descontaminaci\u00f3n y el rendimiento general del detergente, especialmente en condiciones de agua dura.<\/p>\n<p><strong>Pregunta: \u00bfCu\u00e1l es el precio de mercado del hexametafosfato de sodio de grado alimenticio en el pa\u00eds y en el extranjero?<\/strong><\/p>\n<p>Respuesta: En China, el precio es de aproximadamente 10.000-13.000 RMB por tonelada. Este rango refleja los costos de producci\u00f3n interna y la demanda de muchas industrias. La demanda est\u00e1 impulsada por el crecimiento del consumo de alimentos procesados \u200b\u200by las aplicaciones industriales. En los mercados internacionales, los precios pueden ser m\u00e1s altos debido a los costos de transporte y los aranceles de importaci\u00f3n. En los Estados Unidos y Europa, los precios var\u00edan de $ 1.800 a $ 2.400 por tonelada. Am\u00e9rica del Norte sigue siendo un mercado importante debido a la fuerte presencia de industrias de uso final como el procesamiento de alimentos y el tratamiento de agua. La regi\u00f3n de Asia y el Pac\u00edfico est\u00e1 experimentando el crecimiento m\u00e1s r\u00e1pido, con pa\u00edses como India, China y las naciones del sudeste asi\u00e1tico que experimentan una mayor demanda debido al aumento de los ingresos disponibles y la urbanizaci\u00f3n, lo que aumenta la necesidad de alimentos y bebidas envasados.<\/p>\n","protected":false},"excerpt":{"rendered":"<ul>\n<li>CAS: 10124-56-8<\/li>\n<li>F\u00f3rmula qu\u00edmica: (NaPO<sub>3<\/sub>)<sub>6<\/sub><\/li>\n<li>Certificaciones: KOSHER, ISO, HALAL, FSSC 22000, BRC, etc.<\/li>\n<li>Est\u00e1ndar: BP\/USP\/FCC<\/li>\n<li>Cantidad m\u00ednima de pedido: 1000KG<\/li>\n<li>Caducidad: 2 a\u00f1os<\/li>\n<\/ul>\n","protected":false},"featured_media":5476,"template":"","meta":{"site-sidebar-layout":"default","site-content-layout":"","ast-site-content-layout":"default","site-content-style":"default","site-sidebar-style":"default","ast-global-header-display":"","ast-banner-title-visibility":"","ast-main-header-display":"","ast-hfb-above-header-display":"","ast-hfb-below-header-display":"","ast-hfb-mobile-header-display":"","site-post-title":"","ast-breadcrumbs-content":"","ast-featured-img":"","footer-sml-layout":"","theme-transparent-header-meta":"default","adv-header-id-meta":"","stick-header-meta":"","header-above-stick-meta":"","header-main-stick-meta":"","header-below-stick-meta":"","astra-migrate-meta-layouts":"set","ast-page-background-enabled":"default","ast-page-background-meta":{"desktop":{"background-color":"var(--ast-global-color-4)","background-image":"","background-repeat":"repeat","background-position":"center center","background-size":"auto","background-attachment":"scroll","background-type":"","background-media":"","overlay-type":"","overlay-color":"","overlay-opacity":"","overlay-gradient":""},"tablet":{"background-color":"","background-image":"","background-repeat":"repeat","background-position":"center center","background-size":"auto","background-attachment":"scroll","background-type":"","background-media":"","overlay-type":"","overlay-color":"","overlay-opacity":"","overlay-gradient":""},"mobile":{"background-color":"","background-image":"","background-repeat":"repeat","background-position":"center center","background-size":"auto","background-attachment":"scroll","background-type":"","background-media":"","overlay-type":"","overlay-color":"","overlay-opacity":"","overlay-gradient":""}},"ast-content-background-meta":{"desktop":{"background-color":"var(--ast-global-color-5)","background-image":"","background-repeat":"repeat","background-position":"center center","background-size":"auto","background-attachment":"scroll","background-type":"","background-media":"","overlay-type":"","overlay-color":"","overlay-opacity":"","overlay-gradient":""},"tablet":{"background-color":"var(--ast-global-color-5)","background-image":"","background-repeat":"repeat","background-position":"center center","background-size":"auto","background-attachment":"scroll","background-type":"","background-media":"","overlay-type":"","overlay-color":"","overlay-opacity":"","overlay-gradient":""},"mobile":{"background-color":"var(--ast-global-color-5)","background-image":"","background-repeat":"repeat","background-position":"center center","background-size":"auto","background-attachment":"scroll","background-type":"","background-media":"","overlay-type":"","overlay-color":"","overlay-opacity":"","overlay-gradient":""}}},"product_brand":[],"product_cat":[76],"product_tag":[],"class_list":{"0":"post-8370","1":"product","2":"type-product","3":"status-publish","4":"has-post-thumbnail","6":"product_cat-producto-de-fosfatos","7":"desktop-align-center","8":"tablet-align-left","9":"mobile-align-left","11":"first","12":"instock","13":"shipping-taxable","14":"product-type-simple"},"yoast_head":"<!-- This site is optimized with the Yoast SEO plugin v26.5 - https:\/\/yoast.com\/wordpress\/plugins\/seo\/ -->\n<title>Fabricante de Hexametafosfato S\u00f3dico | Niranbio Chemical<\/title>\n<meta name=\"description\" content=\"Suministramos polvo fino de hexametafosfato de sodio E452i de alta calidad y apto para uso alimentario, que cumple con estrictos est\u00e1ndares de seguridad alimentaria.\" \/>\n<meta name=\"robots\" content=\"noindex, follow, max-snippet:-1, max-image-preview:large, max-video-preview:-1\" \/>\n<meta name=\"twitter:label1\" content=\"Tiempo de lectura\" \/>\n\t<meta name=\"twitter:data1\" content=\"4 minutos\" \/>\n<script type=\"application\/ld+json\" class=\"yoast-schema-graph\">{\"@context\":\"https:\/\/schema.org\",\"@graph\":[{\"@type\":\"WebPage\",\"@id\":\"https:\/\/theo.niranbio.com\/es\/shmp-hexametafosfato-sodico.html\",\"url\":\"https:\/\/theo.niranbio.com\/es\/shmp-hexametafosfato-sodico.html\",\"name\":\"Fabricante de Hexametafosfato S\u00f3dico | Niranbio Chemical\",\"isPartOf\":{\"@id\":\"https:\/\/theo.niranbio.com\/es\/#website\"},\"primaryImageOfPage\":{\"@id\":\"https:\/\/theo.niranbio.com\/es\/shmp-hexametafosfato-sodico.html#primaryimage\"},\"image\":{\"@id\":\"https:\/\/theo.niranbio.com\/es\/shmp-hexametafosfato-sodico.html#primaryimage\"},\"thumbnailUrl\":\"https:\/\/theo.niranbio.com\/wp-content\/uploads\/2024\/06\/Sodium-Hexametaphosphate.webp\",\"datePublished\":\"2024-06-19T08:59:11+00:00\",\"dateModified\":\"2024-08-15T09:07:17+00:00\",\"description\":\"Suministramos polvo fino de hexametafosfato de sodio E452i de alta calidad y apto para uso alimentario, que cumple con estrictos est\u00e1ndares de seguridad alimentaria.\",\"breadcrumb\":{\"@id\":\"https:\/\/theo.niranbio.com\/es\/shmp-hexametafosfato-sodico.html#breadcrumb\"},\"inLanguage\":\"es\",\"potentialAction\":[{\"@type\":\"ReadAction\",\"target\":[\"https:\/\/theo.niranbio.com\/es\/shmp-hexametafosfato-sodico.html\"]}]},{\"@type\":\"ImageObject\",\"inLanguage\":\"es\",\"@id\":\"https:\/\/theo.niranbio.com\/es\/shmp-hexametafosfato-sodico.html#primaryimage\",\"url\":\"https:\/\/theo.niranbio.com\/wp-content\/uploads\/2024\/06\/Sodium-Hexametaphosphate.webp\",\"contentUrl\":\"https:\/\/theo.niranbio.com\/wp-content\/uploads\/2024\/06\/Sodium-Hexametaphosphate.webp\",\"width\":600,\"height\":600,\"caption\":\"Hexametafosfato de sodio (SHMP)\"},{\"@type\":\"BreadcrumbList\",\"@id\":\"https:\/\/theo.niranbio.com\/es\/shmp-hexametafosfato-sodico.html#breadcrumb\",\"itemListElement\":[{\"@type\":\"ListItem\",\"position\":1,\"name\":\"Home\",\"item\":\"https:\/\/theo.niranbio.com\/es\/\"},{\"@type\":\"ListItem\",\"position\":2,\"name\":\"Productos\",\"item\":\"https:\/\/theo.niranbio.com\/es\/productos.html\"},{\"@type\":\"ListItem\",\"position\":3,\"name\":\"Fosfatos\",\"item\":\"https:\/\/theo.niranbio.com\/es\/producto-de-fosfatos\/\"},{\"@type\":\"ListItem\",\"position\":4,\"name\":\"Hexametafosfato s\u00f3dico\"}]},{\"@type\":\"WebSite\",\"@id\":\"https:\/\/theo.niranbio.com\/es\/#website\",\"url\":\"https:\/\/theo.niranbio.com\/es\/\",\"name\":\"Niranbio Chemical\",\"description\":\"\",\"publisher\":{\"@id\":\"https:\/\/theo.niranbio.com\/es\/#organization\"},\"potentialAction\":[{\"@type\":\"SearchAction\",\"target\":{\"@type\":\"EntryPoint\",\"urlTemplate\":\"https:\/\/theo.niranbio.com\/es\/?s={search_term_string}\"},\"query-input\":{\"@type\":\"PropertyValueSpecification\",\"valueRequired\":true,\"valueName\":\"search_term_string\"}}],\"inLanguage\":\"es\"},{\"@type\":\"Organization\",\"@id\":\"https:\/\/theo.niranbio.com\/es\/#organization\",\"name\":\"Niranbio Chemical\",\"url\":\"https:\/\/theo.niranbio.com\/es\/\",\"logo\":{\"@type\":\"ImageObject\",\"inLanguage\":\"es\",\"@id\":\"https:\/\/theo.niranbio.com\/es\/#\/schema\/logo\/image\/\",\"url\":\"https:\/\/theo.niranbio.com\/wp-content\/uploads\/2024\/06\/Niranbio.png\",\"contentUrl\":\"https:\/\/theo.niranbio.com\/wp-content\/uploads\/2024\/06\/Niranbio.png\",\"width\":270,\"height\":100,\"caption\":\"Niranbio Chemical\"},\"image\":{\"@id\":\"https:\/\/theo.niranbio.com\/es\/#\/schema\/logo\/image\/\"}}]}<\/script>\n<!-- \/ Yoast SEO plugin. -->","yoast_head_json":{"title":"Fabricante de Hexametafosfato S\u00f3dico | Niranbio Chemical","description":"Suministramos polvo fino de hexametafosfato de sodio E452i de alta calidad y apto para uso alimentario, que cumple con estrictos est\u00e1ndares de seguridad alimentaria.","robots":{"index":"noindex","follow":"follow","max-snippet":"max-snippet:-1","max-image-preview":"max-image-preview:large","max-video-preview":"max-video-preview:-1"},"twitter_misc":{"Tiempo de lectura":"4 minutos"},"schema":{"@context":"https:\/\/schema.org","@graph":[{"@type":"WebPage","@id":"https:\/\/theo.niranbio.com\/es\/shmp-hexametafosfato-sodico.html","url":"https:\/\/theo.niranbio.com\/es\/shmp-hexametafosfato-sodico.html","name":"Fabricante de Hexametafosfato S\u00f3dico | Niranbio Chemical","isPartOf":{"@id":"https:\/\/theo.niranbio.com\/es\/#website"},"primaryImageOfPage":{"@id":"https:\/\/theo.niranbio.com\/es\/shmp-hexametafosfato-sodico.html#primaryimage"},"image":{"@id":"https:\/\/theo.niranbio.com\/es\/shmp-hexametafosfato-sodico.html#primaryimage"},"thumbnailUrl":"https:\/\/theo.niranbio.com\/wp-content\/uploads\/2024\/06\/Sodium-Hexametaphosphate.webp","datePublished":"2024-06-19T08:59:11+00:00","dateModified":"2024-08-15T09:07:17+00:00","description":"Suministramos polvo fino de hexametafosfato de sodio E452i de alta calidad y apto para uso alimentario, que cumple con estrictos est\u00e1ndares de seguridad alimentaria.","breadcrumb":{"@id":"https:\/\/theo.niranbio.com\/es\/shmp-hexametafosfato-sodico.html#breadcrumb"},"inLanguage":"es","potentialAction":[{"@type":"ReadAction","target":["https:\/\/theo.niranbio.com\/es\/shmp-hexametafosfato-sodico.html"]}]},{"@type":"ImageObject","inLanguage":"es","@id":"https:\/\/theo.niranbio.com\/es\/shmp-hexametafosfato-sodico.html#primaryimage","url":"https:\/\/theo.niranbio.com\/wp-content\/uploads\/2024\/06\/Sodium-Hexametaphosphate.webp","contentUrl":"https:\/\/theo.niranbio.com\/wp-content\/uploads\/2024\/06\/Sodium-Hexametaphosphate.webp","width":600,"height":600,"caption":"Hexametafosfato de sodio (SHMP)"},{"@type":"BreadcrumbList","@id":"https:\/\/theo.niranbio.com\/es\/shmp-hexametafosfato-sodico.html#breadcrumb","itemListElement":[{"@type":"ListItem","position":1,"name":"Home","item":"https:\/\/theo.niranbio.com\/es\/"},{"@type":"ListItem","position":2,"name":"Productos","item":"https:\/\/theo.niranbio.com\/es\/productos.html"},{"@type":"ListItem","position":3,"name":"Fosfatos","item":"https:\/\/theo.niranbio.com\/es\/producto-de-fosfatos\/"},{"@type":"ListItem","position":4,"name":"Hexametafosfato s\u00f3dico"}]},{"@type":"WebSite","@id":"https:\/\/theo.niranbio.com\/es\/#website","url":"https:\/\/theo.niranbio.com\/es\/","name":"Niranbio Chemical","description":"","publisher":{"@id":"https:\/\/theo.niranbio.com\/es\/#organization"},"potentialAction":[{"@type":"SearchAction","target":{"@type":"EntryPoint","urlTemplate":"https:\/\/theo.niranbio.com\/es\/?s={search_term_string}"},"query-input":{"@type":"PropertyValueSpecification","valueRequired":true,"valueName":"search_term_string"}}],"inLanguage":"es"},{"@type":"Organization","@id":"https:\/\/theo.niranbio.com\/es\/#organization","name":"Niranbio Chemical","url":"https:\/\/theo.niranbio.com\/es\/","logo":{"@type":"ImageObject","inLanguage":"es","@id":"https:\/\/theo.niranbio.com\/es\/#\/schema\/logo\/image\/","url":"https:\/\/theo.niranbio.com\/wp-content\/uploads\/2024\/06\/Niranbio.png","contentUrl":"https:\/\/theo.niranbio.com\/wp-content\/uploads\/2024\/06\/Niranbio.png","width":270,"height":100,"caption":"Niranbio Chemical"},"image":{"@id":"https:\/\/theo.niranbio.com\/es\/#\/schema\/logo\/image\/"}}]}},"_links":{"self":[{"href":"https:\/\/theo.niranbio.com\/es\/wp-json\/wp\/v2\/product\/8370","targetHints":{"allow":["GET"]}}],"collection":[{"href":"https:\/\/theo.niranbio.com\/es\/wp-json\/wp\/v2\/product"}],"about":[{"href":"https:\/\/theo.niranbio.com\/es\/wp-json\/wp\/v2\/types\/product"}],"version-history":[{"count":0,"href":"https:\/\/theo.niranbio.com\/es\/wp-json\/wp\/v2\/product\/8370\/revisions"}],"wp:featuredmedia":[{"embeddable":true,"href":"https:\/\/theo.niranbio.com\/es\/wp-json\/wp\/v2\/media\/5476"}],"wp:attachment":[{"href":"https:\/\/theo.niranbio.com\/es\/wp-json\/wp\/v2\/media?parent=8370"}],"wp:term":[{"taxonomy":"product_brand","embeddable":true,"href":"https:\/\/theo.niranbio.com\/es\/wp-json\/wp\/v2\/product_brand?post=8370"},{"taxonomy":"product_cat","embeddable":true,"href":"https:\/\/theo.niranbio.com\/es\/wp-json\/wp\/v2\/product_cat?post=8370"},{"taxonomy":"product_tag","embeddable":true,"href":"https:\/\/theo.niranbio.com\/es\/wp-json\/wp\/v2\/product_tag?post=8370"}],"curies":[{"name":"wp","href":"https:\/\/api.w.org\/{rel}","templated":true}]}}