{"id":8362,"date":"2024-06-19T17:24:03","date_gmt":"2024-06-19T09:24:03","guid":{"rendered":"https:\/\/theo.niranbio.com\/fosfato-tricalcico\/"},"modified":"2024-08-15T17:06:42","modified_gmt":"2024-08-15T09:06:42","slug":"fosfato-tricalcico","status":"publish","type":"product","link":"https:\/\/theo.niranbio.com\/es\/fosfato-tricalcico.html","title":{"rendered":"Fosfato tric\u00e1lcico"},"content":{"rendered":"<h2><span class=\"ez-toc-section\" id=\"%C2%BFQue_es_el_fosfato_tricalcico\"><\/span>\u00bfQu\u00e9 es el fosfato tric\u00e1lcico?<span class=\"ez-toc-section-end\"><\/span><\/h2>\n<p>El fosfato tric\u00e1lcico es un compuesto inorg\u00e1nico com\u00fan con una apariencia de polvo amorfo blanco. Es relativamente estable en el aire, casi insoluble en agua, soluble en \u00e1cido y generalmente se utiliza como agente antiaglomerante, potenciador nutricional y agente leudante en la industria alimentaria.<\/p>\n<p>Los principales m\u00e9todos para preparar fosfato tric\u00e1lcico incluyen el proceso h\u00famedo y el proceso seco. El proceso h\u00famedo genera fosfato dic\u00e1lcico al hacer reaccionar \u00e1cido fosf\u00f3rico con lechada de cal, y luego reacciona para generar fosfato tric\u00e1lcico. Es simple de operar, requiere una inversi\u00f3n baja en equipos y tiene una alta pureza del producto. El proceso seco genera fosfato dic\u00e1lcico y sulfato de calcio al hacer reaccionar mineral de fosfato con \u00e1cido sulf\u00farico, y luego genera fosfato tric\u00e1lcico mediante calcinaci\u00f3n a alta temperatura. En la actualidad, el proceso h\u00famedo se ha convertido en el proceso de preparaci\u00f3n m\u00e1s utilizado debido a su bajo costo y alta pureza del producto.<\/p>\n<h2><span class=\"ez-toc-section\" id=\"Parametros_relacionados\"><\/span>Par\u00e1metros relacionados:<span class=\"ez-toc-section-end\"><\/span><\/h2>\n<table>\n<tbody>\n<tr>\n<td><strong>ELEMENTO DE AN\u00c1LISIS<\/strong><\/td>\n<td><strong>\u00cdNDICES DE CALIDAD<\/strong><\/td>\n<\/tr>\n<tr>\n<td>Ensayo(como Ca) %<\/td>\n<td>34.0-40.0<\/td>\n<\/tr>\n<tr>\n<td>Identificaci\u00f3n<\/td>\n<td>Prueba superada<\/td>\n<\/tr>\n<tr>\n<td>Sustancia hidrosoluble \u2264%.<\/td>\n<td>0.5<\/td>\n<\/tr>\n<tr>\n<td>Sustancia insoluble en \u00e1cido \u2264%.<\/td>\n<td>0.2<\/td>\n<\/tr>\n<tr>\n<td>Carbonato<\/td>\n<td>Prueba superada<\/td>\n<\/tr>\n<tr>\n<td>Cloruros \u2264% de cloruros<\/td>\n<td>0.14<\/td>\n<\/tr>\n<tr>\n<td>Sulfato \u2264% de<\/td>\n<td>0.8<\/td>\n<\/tr>\n<tr>\n<td>Sal dib\u00e1sica y \u00f3xido de calcio<\/td>\n<td>Pasa la prueba<\/td>\n<\/tr>\n<tr>\n<td>Ars\u00e9nico \u2264mg\/kg<\/td>\n<td>3<\/td>\n<\/tr>\n<tr>\n<td>Bario<\/td>\n<td>Pasa la prueba<\/td>\n<\/tr>\n<tr>\n<td>Fluoruros<\/td>\n<td>75<\/td>\n<\/tr>\n<tr>\n<td>Nitrato<\/td>\n<td>Pasa la prueba<\/td>\n<\/tr>\n<tr>\n<td>Metales pesados \u2264mg\/kg<\/td>\n<td>30<\/td>\n<\/tr>\n<tr>\n<td>Plomo \u2264mg\/kg<\/td>\n<td>2<\/td>\n<\/tr>\n<tr>\n<td>Cadmio \u2264mg\/kg<\/td>\n<td>1<\/td>\n<\/tr>\n<tr>\n<td>Mercurio \u2264mg\/kg<\/td>\n<td>1<\/td>\n<\/tr>\n<tr>\n<td>P\u00e9rdida en la ignici\u00f3n \u2264%.<\/td>\n<td>\u2264% 8.0<\/td>\n<\/tr>\n<\/tbody>\n<\/table>\n<h2><span class=\"ez-toc-section\" id=\"Dosis_recomendada\"><\/span>Dosis recomendada:<span class=\"ez-toc-section-end\"><\/span><\/h2>\n<table>\n<tbody>\n<tr>\n<td><strong>Nombre del alimento<\/strong><\/td>\n<td><strong>Uso m\u00e1ximo (g\/kg)<\/strong><\/td>\n<\/tr>\n<tr>\n<td>Pan alto en calcio<\/td>\n<td>6 g\/kg<\/td>\n<\/tr>\n<tr>\n<td>Bebidas deportivas<\/td>\n<td>1,5 g\/kg<\/td>\n<\/tr>\n<tr>\n<td>Productos l\u00e1cteos (como yogur, leche)<\/td>\n<td>3 g\/kg<\/td>\n<\/tr>\n<tr>\n<td>Queso<\/td>\n<td>5 g\/kg<\/td>\n<\/tr>\n<tr>\n<td>Productos de chocolate<\/td>\n<td>3 g\/kg<\/td>\n<\/tr>\n<tr>\n<td>Caramelo<\/td>\n<td>2 g\/kg<\/td>\n<\/tr>\n<tr>\n<td>Helado<\/td>\n<td>2 g\/kg<\/td>\n<\/tr>\n<tr>\n<td>Pasteles<\/td>\n<td>5 g\/kg<\/td>\n<\/tr>\n<tr>\n<td>Caf\u00e9 instant\u00e1neo<\/td>\n<td>2 g\/kg<\/td>\n<\/tr>\n<tr>\n<td>T\u00e9 de leche<\/td>\n<td>3 g\/kg<\/td>\n<\/tr>\n<tr>\n<td>Bebidas de zumo<\/td>\n<td>1,5 g\/kg<\/td>\n<\/tr>\n<tr>\n<td>Alimentos horneados (como pasteles, galletas)<\/td>\n<td>5 g\/kg<\/td>\n<\/tr>\n<\/tbody>\n<\/table>\n<h2><span class=\"ez-toc-section\" id=\"Uso_del_fosfato_tricalcico\"><\/span>Uso del fosfato tric\u00e1lcico<span class=\"ez-toc-section-end\"><\/span><\/h2>\n<ol>\n<li>Antiaglomerante: evita que los alimentos en polvo o granulados se aglomeren durante el almacenamiento, manteniendo su fluidez y facilidad de manipulaci\u00f3n.<\/li>\n<li>Potenciadores nutricionales: aportan calcio y f\u00f3sforo, complementan los elementos de calcio y f\u00f3sforo que requiere el cuerpo humano y son especialmente adecuados para alimentos que requieren una suplementaci\u00f3n adicional de calcio.<\/li>\n<li>Agente leudante: en alimentos horneados, ayuda a que la masa suba y mejora el volumen y la textura del alimento.<\/li>\n<li>Ajustador de pH: ajusta el valor de pH en ciertos alimentos para mantener la estabilidad y el sabor del alimento.<\/li>\n<li>Mejorador de flujo: mejora la fluidez de los alimentos en polvo y granulados para facilitar su procesamiento y envasado.<\/li>\n<li>Estabilizadores y emulsionantes: en productos l\u00e1cteos y otros alimentos emulsionados, ayuda a mantener la distribuci\u00f3n uniforme de los ingredientes y evita la separaci\u00f3n.<\/li>\n<\/ol>\n","protected":false},"excerpt":{"rendered":"<ul>\n<li>CAS: 7758-87-4<\/li>\n<li>F\u00f3rmula qu\u00edmica: Ca<sub>3<\/sub>(PO<sub>4<\/sub>)<sub>2<\/sub><\/li>\n<li>Certificaciones: KOSHER, ISO, HALAL, FSSC 22000, BRC, etc.<\/li>\n<li>Cantidad m\u00ednima de pedido: 1000KG<\/li>\n<li>Caducidad: 2 a\u00f1os<\/li>\n<\/ul>\n","protected":false},"featured_media":5582,"template":"","meta":{"site-sidebar-layout":"default","site-content-layout":"","ast-site-content-layout":"default","site-content-style":"default","site-sidebar-style":"default","ast-global-header-display":"","ast-banner-title-visibility":"","ast-main-header-display":"","ast-hfb-above-header-display":"","ast-hfb-below-header-display":"","ast-hfb-mobile-header-display":"","site-post-title":"","ast-breadcrumbs-content":"","ast-featured-img":"","footer-sml-layout":"","theme-transparent-header-meta":"default","adv-header-id-meta":"","stick-header-meta":"","header-above-stick-meta":"","header-main-stick-meta":"","header-below-stick-meta":"","astra-migrate-meta-layouts":"set","ast-page-background-enabled":"default","ast-page-background-meta":{"desktop":{"background-color":"var(--ast-global-color-4)","background-image":"","background-repeat":"repeat","background-position":"center center","background-size":"auto","background-attachment":"scroll","background-type":"","background-media":"","overlay-type":"","overlay-color":"","overlay-opacity":"","overlay-gradient":""},"tablet":{"background-color":"","background-image":"","background-repeat":"repeat","background-position":"center center","background-size":"auto","background-attachment":"scroll","background-type":"","background-media":"","overlay-type":"","overlay-color":"","overlay-opacity":"","overlay-gradient":""},"mobile":{"background-color":"","background-image":"","background-repeat":"repeat","background-position":"center center","background-size":"auto","background-attachment":"scroll","background-type":"","background-media":"","overlay-type":"","overlay-color":"","overlay-opacity":"","overlay-gradient":""}},"ast-content-background-meta":{"desktop":{"background-color":"var(--ast-global-color-5)","background-image":"","background-repeat":"repeat","background-position":"center center","background-size":"auto","background-attachment":"scroll","background-type":"","background-media":"","overlay-type":"","overlay-color":"","overlay-opacity":"","overlay-gradient":""},"tablet":{"background-color":"var(--ast-global-color-5)","background-image":"","background-repeat":"repeat","background-position":"center center","background-size":"auto","background-attachment":"scroll","background-type":"","background-media":"","overlay-type":"","overlay-color":"","overlay-opacity":"","overlay-gradient":""},"mobile":{"background-color":"var(--ast-global-color-5)","background-image":"","background-repeat":"repeat","background-position":"center center","background-size":"auto","background-attachment":"scroll","background-type":"","background-media":"","overlay-type":"","overlay-color":"","overlay-opacity":"","overlay-gradient":""}}},"product_brand":[],"product_cat":[76],"product_tag":[],"class_list":{"0":"post-8362","1":"product","2":"type-product","3":"status-publish","4":"has-post-thumbnail","6":"product_cat-producto-de-fosfatos","7":"desktop-align-center","8":"tablet-align-left","9":"mobile-align-left","11":"first","12":"instock","13":"shipping-taxable","14":"product-type-simple"},"yoast_head":"<!-- This site is optimized with the Yoast SEO plugin v26.5 - https:\/\/yoast.com\/wordpress\/plugins\/seo\/ -->\n<title>Fosfato Tric\u00e1lcico Aditivo, Polvo de Grado Alimenticio | Niranbio Chemical<\/title>\n<meta name=\"description\" content=\"Nuestro polvo de fosfato tric\u00e1lcico est\u00e1 certificado por su seguridad y calidad, es un aditivo de alta pureza y de grado alimenticio.\" \/>\n<meta name=\"robots\" content=\"noindex, follow, max-snippet:-1, max-image-preview:large, max-video-preview:-1\" \/>\n<meta name=\"twitter:label1\" content=\"Tiempo de lectura\" \/>\n\t<meta name=\"twitter:data1\" content=\"3 minutos\" \/>\n<script type=\"application\/ld+json\" class=\"yoast-schema-graph\">{\"@context\":\"https:\/\/schema.org\",\"@graph\":[{\"@type\":\"WebPage\",\"@id\":\"https:\/\/theo.niranbio.com\/es\/fosfato-tricalcico.html\",\"url\":\"https:\/\/theo.niranbio.com\/es\/fosfato-tricalcico.html\",\"name\":\"Fosfato Tric\u00e1lcico Aditivo, Polvo de Grado Alimenticio | Niranbio Chemical\",\"isPartOf\":{\"@id\":\"https:\/\/theo.niranbio.com\/es\/#website\"},\"primaryImageOfPage\":{\"@id\":\"https:\/\/theo.niranbio.com\/es\/fosfato-tricalcico.html#primaryimage\"},\"image\":{\"@id\":\"https:\/\/theo.niranbio.com\/es\/fosfato-tricalcico.html#primaryimage\"},\"thumbnailUrl\":\"https:\/\/theo.niranbio.com\/wp-content\/uploads\/2024\/06\/Tricalcium-Phosphate.webp\",\"datePublished\":\"2024-06-19T09:24:03+00:00\",\"dateModified\":\"2024-08-15T09:06:42+00:00\",\"description\":\"Nuestro polvo de fosfato tric\u00e1lcico est\u00e1 certificado por su seguridad y calidad, es un aditivo de alta pureza y de grado alimenticio.\",\"breadcrumb\":{\"@id\":\"https:\/\/theo.niranbio.com\/es\/fosfato-tricalcico.html#breadcrumb\"},\"inLanguage\":\"es\",\"potentialAction\":[{\"@type\":\"ReadAction\",\"target\":[\"https:\/\/theo.niranbio.com\/es\/fosfato-tricalcico.html\"]}]},{\"@type\":\"ImageObject\",\"inLanguage\":\"es\",\"@id\":\"https:\/\/theo.niranbio.com\/es\/fosfato-tricalcico.html#primaryimage\",\"url\":\"https:\/\/theo.niranbio.com\/wp-content\/uploads\/2024\/06\/Tricalcium-Phosphate.webp\",\"contentUrl\":\"https:\/\/theo.niranbio.com\/wp-content\/uploads\/2024\/06\/Tricalcium-Phosphate.webp\",\"width\":600,\"height\":600,\"caption\":\"Fosfato tric\u00e1lcico\"},{\"@type\":\"BreadcrumbList\",\"@id\":\"https:\/\/theo.niranbio.com\/es\/fosfato-tricalcico.html#breadcrumb\",\"itemListElement\":[{\"@type\":\"ListItem\",\"position\":1,\"name\":\"Home\",\"item\":\"https:\/\/theo.niranbio.com\/es\/\"},{\"@type\":\"ListItem\",\"position\":2,\"name\":\"Productos\",\"item\":\"https:\/\/theo.niranbio.com\/es\/productos.html\"},{\"@type\":\"ListItem\",\"position\":3,\"name\":\"Fosfatos\",\"item\":\"https:\/\/theo.niranbio.com\/es\/producto-de-fosfatos\/\"},{\"@type\":\"ListItem\",\"position\":4,\"name\":\"Fosfato tric\u00e1lcico\"}]},{\"@type\":\"WebSite\",\"@id\":\"https:\/\/theo.niranbio.com\/es\/#website\",\"url\":\"https:\/\/theo.niranbio.com\/es\/\",\"name\":\"Niranbio Chemical\",\"description\":\"\",\"publisher\":{\"@id\":\"https:\/\/theo.niranbio.com\/es\/#organization\"},\"potentialAction\":[{\"@type\":\"SearchAction\",\"target\":{\"@type\":\"EntryPoint\",\"urlTemplate\":\"https:\/\/theo.niranbio.com\/es\/?s={search_term_string}\"},\"query-input\":{\"@type\":\"PropertyValueSpecification\",\"valueRequired\":true,\"valueName\":\"search_term_string\"}}],\"inLanguage\":\"es\"},{\"@type\":\"Organization\",\"@id\":\"https:\/\/theo.niranbio.com\/es\/#organization\",\"name\":\"Niranbio Chemical\",\"url\":\"https:\/\/theo.niranbio.com\/es\/\",\"logo\":{\"@type\":\"ImageObject\",\"inLanguage\":\"es\",\"@id\":\"https:\/\/theo.niranbio.com\/es\/#\/schema\/logo\/image\/\",\"url\":\"https:\/\/theo.niranbio.com\/wp-content\/uploads\/2024\/06\/Niranbio.png\",\"contentUrl\":\"https:\/\/theo.niranbio.com\/wp-content\/uploads\/2024\/06\/Niranbio.png\",\"width\":270,\"height\":100,\"caption\":\"Niranbio Chemical\"},\"image\":{\"@id\":\"https:\/\/theo.niranbio.com\/es\/#\/schema\/logo\/image\/\"}}]}<\/script>\n<!-- \/ Yoast SEO plugin. -->","yoast_head_json":{"title":"Fosfato Tric\u00e1lcico Aditivo, Polvo de Grado Alimenticio | Niranbio Chemical","description":"Nuestro polvo de fosfato tric\u00e1lcico est\u00e1 certificado por su seguridad y calidad, es un aditivo de alta pureza y de grado alimenticio.","robots":{"index":"noindex","follow":"follow","max-snippet":"max-snippet:-1","max-image-preview":"max-image-preview:large","max-video-preview":"max-video-preview:-1"},"twitter_misc":{"Tiempo de lectura":"3 minutos"},"schema":{"@context":"https:\/\/schema.org","@graph":[{"@type":"WebPage","@id":"https:\/\/theo.niranbio.com\/es\/fosfato-tricalcico.html","url":"https:\/\/theo.niranbio.com\/es\/fosfato-tricalcico.html","name":"Fosfato Tric\u00e1lcico Aditivo, Polvo de Grado Alimenticio | Niranbio Chemical","isPartOf":{"@id":"https:\/\/theo.niranbio.com\/es\/#website"},"primaryImageOfPage":{"@id":"https:\/\/theo.niranbio.com\/es\/fosfato-tricalcico.html#primaryimage"},"image":{"@id":"https:\/\/theo.niranbio.com\/es\/fosfato-tricalcico.html#primaryimage"},"thumbnailUrl":"https:\/\/theo.niranbio.com\/wp-content\/uploads\/2024\/06\/Tricalcium-Phosphate.webp","datePublished":"2024-06-19T09:24:03+00:00","dateModified":"2024-08-15T09:06:42+00:00","description":"Nuestro polvo de fosfato tric\u00e1lcico est\u00e1 certificado por su seguridad y calidad, es un aditivo de alta pureza y de grado alimenticio.","breadcrumb":{"@id":"https:\/\/theo.niranbio.com\/es\/fosfato-tricalcico.html#breadcrumb"},"inLanguage":"es","potentialAction":[{"@type":"ReadAction","target":["https:\/\/theo.niranbio.com\/es\/fosfato-tricalcico.html"]}]},{"@type":"ImageObject","inLanguage":"es","@id":"https:\/\/theo.niranbio.com\/es\/fosfato-tricalcico.html#primaryimage","url":"https:\/\/theo.niranbio.com\/wp-content\/uploads\/2024\/06\/Tricalcium-Phosphate.webp","contentUrl":"https:\/\/theo.niranbio.com\/wp-content\/uploads\/2024\/06\/Tricalcium-Phosphate.webp","width":600,"height":600,"caption":"Fosfato tric\u00e1lcico"},{"@type":"BreadcrumbList","@id":"https:\/\/theo.niranbio.com\/es\/fosfato-tricalcico.html#breadcrumb","itemListElement":[{"@type":"ListItem","position":1,"name":"Home","item":"https:\/\/theo.niranbio.com\/es\/"},{"@type":"ListItem","position":2,"name":"Productos","item":"https:\/\/theo.niranbio.com\/es\/productos.html"},{"@type":"ListItem","position":3,"name":"Fosfatos","item":"https:\/\/theo.niranbio.com\/es\/producto-de-fosfatos\/"},{"@type":"ListItem","position":4,"name":"Fosfato tric\u00e1lcico"}]},{"@type":"WebSite","@id":"https:\/\/theo.niranbio.com\/es\/#website","url":"https:\/\/theo.niranbio.com\/es\/","name":"Niranbio Chemical","description":"","publisher":{"@id":"https:\/\/theo.niranbio.com\/es\/#organization"},"potentialAction":[{"@type":"SearchAction","target":{"@type":"EntryPoint","urlTemplate":"https:\/\/theo.niranbio.com\/es\/?s={search_term_string}"},"query-input":{"@type":"PropertyValueSpecification","valueRequired":true,"valueName":"search_term_string"}}],"inLanguage":"es"},{"@type":"Organization","@id":"https:\/\/theo.niranbio.com\/es\/#organization","name":"Niranbio Chemical","url":"https:\/\/theo.niranbio.com\/es\/","logo":{"@type":"ImageObject","inLanguage":"es","@id":"https:\/\/theo.niranbio.com\/es\/#\/schema\/logo\/image\/","url":"https:\/\/theo.niranbio.com\/wp-content\/uploads\/2024\/06\/Niranbio.png","contentUrl":"https:\/\/theo.niranbio.com\/wp-content\/uploads\/2024\/06\/Niranbio.png","width":270,"height":100,"caption":"Niranbio Chemical"},"image":{"@id":"https:\/\/theo.niranbio.com\/es\/#\/schema\/logo\/image\/"}}]}},"_links":{"self":[{"href":"https:\/\/theo.niranbio.com\/es\/wp-json\/wp\/v2\/product\/8362","targetHints":{"allow":["GET"]}}],"collection":[{"href":"https:\/\/theo.niranbio.com\/es\/wp-json\/wp\/v2\/product"}],"about":[{"href":"https:\/\/theo.niranbio.com\/es\/wp-json\/wp\/v2\/types\/product"}],"version-history":[{"count":0,"href":"https:\/\/theo.niranbio.com\/es\/wp-json\/wp\/v2\/product\/8362\/revisions"}],"wp:featuredmedia":[{"embeddable":true,"href":"https:\/\/theo.niranbio.com\/es\/wp-json\/wp\/v2\/media\/5582"}],"wp:attachment":[{"href":"https:\/\/theo.niranbio.com\/es\/wp-json\/wp\/v2\/media?parent=8362"}],"wp:term":[{"taxonomy":"product_brand","embeddable":true,"href":"https:\/\/theo.niranbio.com\/es\/wp-json\/wp\/v2\/product_brand?post=8362"},{"taxonomy":"product_cat","embeddable":true,"href":"https:\/\/theo.niranbio.com\/es\/wp-json\/wp\/v2\/product_cat?post=8362"},{"taxonomy":"product_tag","embeddable":true,"href":"https:\/\/theo.niranbio.com\/es\/wp-json\/wp\/v2\/product_tag?post=8362"}],"curies":[{"name":"wp","href":"https:\/\/api.w.org\/{rel}","templated":true}]}}