{"id":8359,"date":"2024-06-19T17:25:06","date_gmt":"2024-06-19T09:25:06","guid":{"rendered":"https:\/\/theo.niranbio.com\/mcp-fosfato-monocalcico\/"},"modified":"2024-08-15T17:06:26","modified_gmt":"2024-08-15T09:06:26","slug":"mcp-fosfato-monocalcico","status":"publish","type":"product","link":"https:\/\/theo.niranbio.com\/es\/mcp-fosfato-monocalcico.html","title":{"rendered":"Fosfato Monoc\u00e1lcico"},"content":{"rendered":"<h2><span class=\"ez-toc-section\" id=\"%C2%BFQue_es_el_fosfato_monocalcico_MCP\"><\/span>\u00bfQu\u00e9 es el fosfato monoc\u00e1lcico MCP?<span class=\"ez-toc-section-end\"><\/span><\/h2>\n<p>Similar a un polvo blanco cristalino, el fosfato monoc\u00e1lcico es una sustancia inorg\u00e1nica. Se disuelve f\u00e1cilmente en \u00e1cidos n\u00edtrico y clorh\u00eddrico y solo espor\u00e1dicamente en agua. Sus principales aplicaciones incluyen aromatizar vinos, promover la fermentaci\u00f3n, leudar alimentos y fortificar con calcio.<\/p>\n<h2><span class=\"ez-toc-section\" id=\"Fabricacion_de_fosfato_monocalcico_MCP\"><\/span>Fabricaci\u00f3n de fosfato monoc\u00e1lcico MCP<span class=\"ez-toc-section-end\"><\/span><\/h2>\n<p>Hay tres m\u00e9todos principales para preparar el fosfato monoc\u00e1lcico:<\/p>\n<h3><span class=\"ez-toc-section\" id=\"1_Proceso_humedo_proceso_de_fabricacion_principal\"><\/span>1. Proceso h\u00famedo (proceso de fabricaci\u00f3n principal) :<span class=\"ez-toc-section-end\"><\/span><\/h3>\n<p>El proceso h\u00famedo es el m\u00e9todo principal para preparar fosfato monoc\u00e1lcico. El proceso incluye la selecci\u00f3n de la materia prima, la reacci\u00f3n de hidr\u00f3lisis \u00e1cida, la filtraci\u00f3n y el lavado, y el secado. Primero, se seleccionan \u00e1cido fosf\u00f3rico de alta pureza y carbonato de calcio o hidr\u00f3xido de calcio como materias primas. Luego, el \u00e1cido fosf\u00f3rico y el carbonato de calcio o hidr\u00f3xido de calcio se someten a una reacci\u00f3n de hidr\u00f3lisis \u00e1cida a una temperatura adecuada para generar fosfato monoc\u00e1lcico. Finalmente, despu\u00e9s de los pasos de filtrado, lavado y secado, se obtienen cristales o polvo de fosfato monoc\u00e1lcico puro.<\/p>\n<h3><span class=\"ez-toc-section\" id=\"2_Proceso_termico%EF%BC%9A\"><\/span>2. Proceso t\u00e9rmico\uff1a<span class=\"ez-toc-section-end\"><\/span><\/h3>\n<p>El proceso t\u00e9rmico se utiliza principalmente para la producci\u00f3n a gran escala de fosfato monoc\u00e1lcico. Sus pasos incluyen la selecci\u00f3n de la materia prima, la reacci\u00f3n de hidr\u00f3lisis \u00e1cida, la reacci\u00f3n de \u00e1cido fosf\u00f3rico e hidr\u00f3xido de calcio, y la concentraci\u00f3n y cristalizaci\u00f3n. Primero, se seleccionan como materias primas roca fosf\u00f3rica de alta pureza y \u00e1cido sulf\u00farico o \u00e1cido n\u00edtrico. Luego, la roca fosf\u00f3rica se somete a una reacci\u00f3n de hidr\u00f3lisis \u00e1cida con \u00e1cido sulf\u00farico o \u00e1cido n\u00edtrico para generar \u00e1cido fosf\u00f3rico. A continuaci\u00f3n, el \u00e1cido fosf\u00f3rico reacciona con hidr\u00f3xido de calcio para generar fosfato monoc\u00e1lcico. Finalmente, el producto de la reacci\u00f3n se concentra y se enfr\u00eda para cristalizar y obtener fosfato monoc\u00e1lcico.<\/p>\n<h3><span class=\"ez-toc-section\" id=\"3_Metodo_de_sintesis_directa\"><\/span>3. M\u00e9todo de s\u00edntesis directa:<span class=\"ez-toc-section-end\"><\/span><\/h3>\n<p>El m\u00e9todo de s\u00edntesis directa se utiliza principalmente para la producci\u00f3n de fosfato monoc\u00e1lcico en laboratorio o a peque\u00f1a escala. El proceso incluye la selecci\u00f3n de la materia prima, la reacci\u00f3n directa, la cristalizaci\u00f3n y el secado. Primero, se seleccionan como materias primas \u00e1cido fosf\u00f3rico de alta pureza y \u00f3xido de calcio o hidr\u00f3xido de calcio. Luego, el \u00e1cido fosf\u00f3rico se mezcla directamente con \u00f3xido de calcio o hidr\u00f3xido de calcio para reaccionar y generar fosfato monoc\u00e1lcico. Finalmente, mediante los pasos de cristalizaci\u00f3n y secado, se obtiene fosfato monoc\u00e1lcico puro. Este m\u00e9todo es adecuado para la investigaci\u00f3n de laboratorio y la preparaci\u00f3n a peque\u00f1a escala.<\/p>\n<h3><span class=\"ez-toc-section\" id=\"Parametros_relacionados\"><\/span>Par\u00e1metros relacionados:<span class=\"ez-toc-section-end\"><\/span><\/h3>\n<table>\n<tbody>\n<tr>\n<td><strong>Art\u00edculo<\/strong><\/td>\n<td><strong>ESPECIFICACI\u00d3N<\/strong><\/td>\n<\/tr>\n<tr>\n<td>Color<\/td>\n<td>Color blanco<\/td>\n<\/tr>\n<tr>\n<td>Contenido total de P (unidad de P)%.<\/td>\n<td>\u226521.00<\/td>\n<\/tr>\n<tr>\n<td>P(soluble en agua) %<\/td>\n<td>\u226550.00<\/td>\n<\/tr>\n<tr>\n<td>Contenido de calcio (unidad Ca) %<\/td>\n<td>\u226514.00<\/td>\n<\/tr>\n<tr>\n<td>Contenido de fl\u00faor(unidad F) %<\/td>\n<td>\u22660.10<\/td>\n<\/tr>\n<tr>\n<td>Contenido de ars\u00e9nico (unidad As) ppm<\/td>\n<td>\u226625<\/td>\n<\/tr>\n<tr>\n<td>Contenido de plomo (unidad Pb) ppm<\/td>\n<td>\u226630<\/td>\n<\/tr>\n<tr>\n<td>Humedad<\/td>\n<td>\u22664.0<\/td>\n<\/tr>\n<\/tbody>\n<\/table>\n<h3><span class=\"ez-toc-section\" id=\"Dosis_recomendada\"><\/span>Dosis recomendada:<span class=\"ez-toc-section-end\"><\/span><\/h3>\n<table>\n<tbody>\n<tr>\n<td><strong>Nombre del alimento<\/strong><\/td>\n<td><strong>Uso m\u00e1ximo (g\/kg)<\/strong><\/td>\n<\/tr>\n<tr>\n<td>Pan<\/td>\n<td>6 g\/kg<\/td>\n<\/tr>\n<tr>\n<td>Pastel<\/td>\n<td>5 g\/kg<\/td>\n<\/tr>\n<tr>\n<td>Alimentos congelados<\/td>\n<td>2 g\/kg<\/td>\n<\/tr>\n<tr>\n<td>Productos c\u00e1rnicos<\/td>\n<td>4 g\/kg<\/td>\n<\/tr>\n<tr>\n<td>Salchichas<\/td>\n<td>5 g\/kg<\/td>\n<\/tr>\n<tr>\n<td>Conservas<\/td>\n<td>2 g\/kg<\/td>\n<\/tr>\n<tr>\n<td>Queso<\/td>\n<td>3 g\/kg<\/td>\n<\/tr>\n<tr>\n<td>Productos l\u00e1cteos<\/td>\n<td>2 g\/kg<\/td>\n<\/tr>\n<tr>\n<td>Bebidas<\/td>\n<td>2 g\/kg<\/td>\n<\/tr>\n<tr>\n<td>Zumo<\/td>\n<td>2 g\/kg<\/td>\n<\/tr>\n<tr>\n<td>Mermelada<\/td>\n<td>3 g\/kg<\/td>\n<\/tr>\n<tr>\n<td>Salsa<\/td>\n<td>4 g\/kg<\/td>\n<\/tr>\n<tr>\n<td>Aderezo para ensaladas<\/td>\n<td>3 g\/kg<\/td>\n<\/tr>\n<\/tbody>\n<\/table>\n<h2><span class=\"ez-toc-section\" id=\"El_fosfato_monocalcico_tiene_una_amplia_gama_de_usos\"><\/span>El fosfato monoc\u00e1lcico tiene una amplia gama de usos<span class=\"ez-toc-section-end\"><\/span><\/h2>\n<h3><span class=\"ez-toc-section\" id=\"1_Regulador_de_la_acidez\"><\/span>1. Regulador de la acidez:<span class=\"ez-toc-section-end\"><\/span><\/h3>\n<p>El fosfato monoc\u00e1lcico puede ajustar la acidez de los alimentos para mantener un valor de pH adecuado, mejorando as\u00ed la estabilidad y el sabor de los alimentos. Se utiliza ampliamente en bebidas, condimentos y alimentos enlatados.<\/p>\n<h3><span class=\"ez-toc-section\" id=\"2_Agente_leudante\"><\/span>2. Agente leudante:<span class=\"ez-toc-section-end\"><\/span><\/h3>\n<p>En los alimentos horneados, el fosfato monoc\u00e1lcico, como importante agente leudante, puede reaccionar con el bicarbonato de sodio para producir gas de di\u00f3xido de carbono, lo que hace que la masa se expanda durante el horneado, haciendo que el producto sea m\u00e1s esponjoso y suave. A menudo se utiliza en productos horneados como pan, pasteles y muffins para aumentar el volumen y la textura del producto.<\/p>\n<h3><span class=\"ez-toc-section\" id=\"3_Suplementos_de_calcio_y_fosforo\"><\/span>3. Suplementos de calcio y f\u00f3sforo:<span class=\"ez-toc-section-end\"><\/span><\/h3>\n<p>El fosfato monoc\u00e1lcico es rico en calcio y f\u00f3sforo y es un potenciador nutricional eficaz. El f\u00f3sforo y el calcio son elementos cruciales para los dientes y los huesos. La adici\u00f3n de fosfato monoc\u00e1lcico ayuda a prevenir problemas de salud como la osteoporosis y las enfermedades dentales, y mejora el valor nutricional de los alimentos. Los productos l\u00e1cteos, las bebidas y los alimentos que han sido fortificados con frecuencia lo contienen.<\/p>\n<h3><span class=\"ez-toc-section\" id=\"4_Antiaglomerante\"><\/span>4. Antiaglomerante:<span class=\"ez-toc-section-end\"><\/span><\/h3>\n<p>En los alimentos en polvo y los condimentos, el fosfato monoc\u00e1lcico puede evitar la adhesi\u00f3n y la aglomeraci\u00f3n entre part\u00edculas, manteniendo la soltura y la buena fluidez del producto. Esto es muy importante para aumentar la facilidad de uso de los art\u00edculos y prolongar su vida \u00fatil. Se utiliza a menudo en leche en polvo, acompa\u00f1antes de caf\u00e9, condimentos y otros productos.<\/p>\n<h3><span class=\"ez-toc-section\" id=\"5_Mejorador\"><\/span>5. Mejorador:<span class=\"ez-toc-section-end\"><\/span><\/h3>\n<p>El fosfato monoc\u00e1lcico puede mejorar la textura y el sabor de los alimentos, mejorar la estabilidad y la retenci\u00f3n de agua de los productos. Por ejemplo, en los productos c\u00e1rnicos, puede mejorar la ternura y jugosidad del producto; en los alimentos listos para comer, puede mejorar el sabor de los alimentos y hacerlos m\u00e1s atractivos. Se utiliza ampliamente en diversos alimentos procesados \u200b\u200by alimentos listos para comer, mejorando significativamente la calidad general del producto.<\/p>\n<h2><span class=\"ez-toc-section\" id=\"Pregunta_formulada_por_un_usuario\"><\/span>Pregunta formulada por un usuario:<span class=\"ez-toc-section-end\"><\/span><\/h2>\n<p>Pregunta: \u00bfEl fosfato monoc\u00e1lcico y el fosfato de calcio son la misma sustancia? Si no, \u00bfexiste alguna diferencia?<\/p>\n<p>Respuesta: El fosfato monoc\u00e1lcico y el fosfato de calcio no son la misma sustancia. El fosfato monoc\u00e1lcico (Ca(H\u2082PO\u2084)\u2082) se utiliza principalmente como agente leudante y regulador de la acidez en la industria alimentaria, as\u00ed como aditivo agr\u00edcola y para piensos; mientras que el fosfato de calcio incluye el fosfato dic\u00e1lcico (CaHPO\u2084) y el fosfato tric\u00e1lcico (Ca\u2083(PO\u2084)\u2082), que se utilizan como potenciador nutricional y agente antiaglomerante en alimentos y como suplemento de calcio y f\u00f3sforo en medicina, respectivamente. Los dos son diferentes en cuanto a estructura qu\u00edmica, solubilidad y usos espec\u00edficos.<\/p>\n","protected":false},"excerpt":{"rendered":"<ul>\n<li>CAS: 7758-23-8<\/li>\n<li>F\u00f3rmula qu\u00edmica: CaH<sub>4<\/sub>P<sub>2<\/sub>O<sub>8<\/sub><\/li>\n<li>Certificaciones: KOSHER, ISO, HALAL, FSSC 22000, BRC, etc.<\/li>\n<li>Cantidad m\u00ednima de pedido: 1000KG<\/li>\n<li>Caducidad: 2 a\u00f1os<\/li>\n<\/ul>\n","protected":false},"featured_media":5579,"template":"","meta":{"site-sidebar-layout":"default","site-content-layout":"","ast-site-content-layout":"default","site-content-style":"default","site-sidebar-style":"default","ast-global-header-display":"","ast-banner-title-visibility":"","ast-main-header-display":"","ast-hfb-above-header-display":"","ast-hfb-below-header-display":"","ast-hfb-mobile-header-display":"","site-post-title":"","ast-breadcrumbs-content":"","ast-featured-img":"","footer-sml-layout":"","theme-transparent-header-meta":"default","adv-header-id-meta":"","stick-header-meta":"","header-above-stick-meta":"","header-main-stick-meta":"","header-below-stick-meta":"","astra-migrate-meta-layouts":"set","ast-page-background-enabled":"default","ast-page-background-meta":{"desktop":{"background-color":"var(--ast-global-color-4)","background-image":"","background-repeat":"repeat","background-position":"center center","background-size":"auto","background-attachment":"scroll","background-type":"","background-media":"","overlay-type":"","overlay-color":"","overlay-opacity":"","overlay-gradient":""},"tablet":{"background-color":"","background-image":"","background-repeat":"repeat","background-position":"center center","background-size":"auto","background-attachment":"scroll","background-type":"","background-media":"","overlay-type":"","overlay-color":"","overlay-opacity":"","overlay-gradient":""},"mobile":{"background-color":"","background-image":"","background-repeat":"repeat","background-position":"center center","background-size":"auto","background-attachment":"scroll","background-type":"","background-media":"","overlay-type":"","overlay-color":"","overlay-opacity":"","overlay-gradient":""}},"ast-content-background-meta":{"desktop":{"background-color":"var(--ast-global-color-5)","background-image":"","background-repeat":"repeat","background-position":"center center","background-size":"auto","background-attachment":"scroll","background-type":"","background-media":"","overlay-type":"","overlay-color":"","overlay-opacity":"","overlay-gradient":""},"tablet":{"background-color":"var(--ast-global-color-5)","background-image":"","background-repeat":"repeat","background-position":"center center","background-size":"auto","background-attachment":"scroll","background-type":"","background-media":"","overlay-type":"","overlay-color":"","overlay-opacity":"","overlay-gradient":""},"mobile":{"background-color":"var(--ast-global-color-5)","background-image":"","background-repeat":"repeat","background-position":"center center","background-size":"auto","background-attachment":"scroll","background-type":"","background-media":"","overlay-type":"","overlay-color":"","overlay-opacity":"","overlay-gradient":""}}},"product_brand":[],"product_cat":[76],"product_tag":[],"class_list":{"0":"post-8359","1":"product","2":"type-product","3":"status-publish","4":"has-post-thumbnail","6":"product_cat-producto-de-fosfatos","7":"desktop-align-center","8":"tablet-align-left","9":"mobile-align-left","11":"first","12":"instock","13":"shipping-taxable","14":"product-type-simple"},"yoast_head":"<!-- This site is optimized with the Yoast SEO plugin v26.5 - https:\/\/yoast.com\/wordpress\/plugins\/seo\/ -->\n<title>Fosfato Monoc\u00e1lcico Aditivo, Precio del Aditivo Alimentario | Niranbio Chemical<\/title>\n<meta name=\"description\" content=\"Nuestro polvo de Fosfato Monoc\u00e1lcico es un aditivo vers\u00e1til de grado alimenticio disponible tanto en forma anhidra como monohidratada.\" \/>\n<meta name=\"robots\" content=\"noindex, follow, max-snippet:-1, max-image-preview:large, max-video-preview:-1\" \/>\n<meta name=\"twitter:label1\" content=\"Tiempo de lectura\" \/>\n\t<meta name=\"twitter:data1\" content=\"5 minutos\" \/>\n<script type=\"application\/ld+json\" class=\"yoast-schema-graph\">{\"@context\":\"https:\/\/schema.org\",\"@graph\":[{\"@type\":\"WebPage\",\"@id\":\"https:\/\/theo.niranbio.com\/es\/mcp-fosfato-monocalcico.html\",\"url\":\"https:\/\/theo.niranbio.com\/es\/mcp-fosfato-monocalcico.html\",\"name\":\"Fosfato Monoc\u00e1lcico Aditivo, Precio del Aditivo Alimentario | Niranbio Chemical\",\"isPartOf\":{\"@id\":\"https:\/\/theo.niranbio.com\/es\/#website\"},\"primaryImageOfPage\":{\"@id\":\"https:\/\/theo.niranbio.com\/es\/mcp-fosfato-monocalcico.html#primaryimage\"},\"image\":{\"@id\":\"https:\/\/theo.niranbio.com\/es\/mcp-fosfato-monocalcico.html#primaryimage\"},\"thumbnailUrl\":\"https:\/\/theo.niranbio.com\/wp-content\/uploads\/2024\/06\/MCP-Monocalcium-Phosphate.webp\",\"datePublished\":\"2024-06-19T09:25:06+00:00\",\"dateModified\":\"2024-08-15T09:06:26+00:00\",\"description\":\"Nuestro polvo de Fosfato Monoc\u00e1lcico es un aditivo vers\u00e1til de grado alimenticio disponible tanto en forma anhidra como monohidratada.\",\"breadcrumb\":{\"@id\":\"https:\/\/theo.niranbio.com\/es\/mcp-fosfato-monocalcico.html#breadcrumb\"},\"inLanguage\":\"es\",\"potentialAction\":[{\"@type\":\"ReadAction\",\"target\":[\"https:\/\/theo.niranbio.com\/es\/mcp-fosfato-monocalcico.html\"]}]},{\"@type\":\"ImageObject\",\"inLanguage\":\"es\",\"@id\":\"https:\/\/theo.niranbio.com\/es\/mcp-fosfato-monocalcico.html#primaryimage\",\"url\":\"https:\/\/theo.niranbio.com\/wp-content\/uploads\/2024\/06\/MCP-Monocalcium-Phosphate.webp\",\"contentUrl\":\"https:\/\/theo.niranbio.com\/wp-content\/uploads\/2024\/06\/MCP-Monocalcium-Phosphate.webp\",\"width\":600,\"height\":600,\"caption\":\"Fosfato monoc\u00e1lcico (MCP)\"},{\"@type\":\"BreadcrumbList\",\"@id\":\"https:\/\/theo.niranbio.com\/es\/mcp-fosfato-monocalcico.html#breadcrumb\",\"itemListElement\":[{\"@type\":\"ListItem\",\"position\":1,\"name\":\"Home\",\"item\":\"https:\/\/theo.niranbio.com\/es\/\"},{\"@type\":\"ListItem\",\"position\":2,\"name\":\"Productos\",\"item\":\"https:\/\/theo.niranbio.com\/es\/productos.html\"},{\"@type\":\"ListItem\",\"position\":3,\"name\":\"Fosfatos\",\"item\":\"https:\/\/theo.niranbio.com\/es\/producto-de-fosfatos\/\"},{\"@type\":\"ListItem\",\"position\":4,\"name\":\"Fosfato Monoc\u00e1lcico\"}]},{\"@type\":\"WebSite\",\"@id\":\"https:\/\/theo.niranbio.com\/es\/#website\",\"url\":\"https:\/\/theo.niranbio.com\/es\/\",\"name\":\"Niranbio Chemical\",\"description\":\"\",\"publisher\":{\"@id\":\"https:\/\/theo.niranbio.com\/es\/#organization\"},\"potentialAction\":[{\"@type\":\"SearchAction\",\"target\":{\"@type\":\"EntryPoint\",\"urlTemplate\":\"https:\/\/theo.niranbio.com\/es\/?s={search_term_string}\"},\"query-input\":{\"@type\":\"PropertyValueSpecification\",\"valueRequired\":true,\"valueName\":\"search_term_string\"}}],\"inLanguage\":\"es\"},{\"@type\":\"Organization\",\"@id\":\"https:\/\/theo.niranbio.com\/es\/#organization\",\"name\":\"Niranbio Chemical\",\"url\":\"https:\/\/theo.niranbio.com\/es\/\",\"logo\":{\"@type\":\"ImageObject\",\"inLanguage\":\"es\",\"@id\":\"https:\/\/theo.niranbio.com\/es\/#\/schema\/logo\/image\/\",\"url\":\"https:\/\/theo.niranbio.com\/wp-content\/uploads\/2024\/06\/Niranbio.png\",\"contentUrl\":\"https:\/\/theo.niranbio.com\/wp-content\/uploads\/2024\/06\/Niranbio.png\",\"width\":270,\"height\":100,\"caption\":\"Niranbio Chemical\"},\"image\":{\"@id\":\"https:\/\/theo.niranbio.com\/es\/#\/schema\/logo\/image\/\"}}]}<\/script>\n<!-- \/ Yoast SEO plugin. -->","yoast_head_json":{"title":"Fosfato Monoc\u00e1lcico Aditivo, Precio del Aditivo Alimentario | Niranbio Chemical","description":"Nuestro polvo de Fosfato Monoc\u00e1lcico es un aditivo vers\u00e1til de grado alimenticio disponible tanto en forma anhidra como monohidratada.","robots":{"index":"noindex","follow":"follow","max-snippet":"max-snippet:-1","max-image-preview":"max-image-preview:large","max-video-preview":"max-video-preview:-1"},"twitter_misc":{"Tiempo de lectura":"5 minutos"},"schema":{"@context":"https:\/\/schema.org","@graph":[{"@type":"WebPage","@id":"https:\/\/theo.niranbio.com\/es\/mcp-fosfato-monocalcico.html","url":"https:\/\/theo.niranbio.com\/es\/mcp-fosfato-monocalcico.html","name":"Fosfato Monoc\u00e1lcico Aditivo, Precio del Aditivo Alimentario | Niranbio Chemical","isPartOf":{"@id":"https:\/\/theo.niranbio.com\/es\/#website"},"primaryImageOfPage":{"@id":"https:\/\/theo.niranbio.com\/es\/mcp-fosfato-monocalcico.html#primaryimage"},"image":{"@id":"https:\/\/theo.niranbio.com\/es\/mcp-fosfato-monocalcico.html#primaryimage"},"thumbnailUrl":"https:\/\/theo.niranbio.com\/wp-content\/uploads\/2024\/06\/MCP-Monocalcium-Phosphate.webp","datePublished":"2024-06-19T09:25:06+00:00","dateModified":"2024-08-15T09:06:26+00:00","description":"Nuestro polvo de Fosfato Monoc\u00e1lcico es un aditivo vers\u00e1til de grado alimenticio disponible tanto en forma anhidra como monohidratada.","breadcrumb":{"@id":"https:\/\/theo.niranbio.com\/es\/mcp-fosfato-monocalcico.html#breadcrumb"},"inLanguage":"es","potentialAction":[{"@type":"ReadAction","target":["https:\/\/theo.niranbio.com\/es\/mcp-fosfato-monocalcico.html"]}]},{"@type":"ImageObject","inLanguage":"es","@id":"https:\/\/theo.niranbio.com\/es\/mcp-fosfato-monocalcico.html#primaryimage","url":"https:\/\/theo.niranbio.com\/wp-content\/uploads\/2024\/06\/MCP-Monocalcium-Phosphate.webp","contentUrl":"https:\/\/theo.niranbio.com\/wp-content\/uploads\/2024\/06\/MCP-Monocalcium-Phosphate.webp","width":600,"height":600,"caption":"Fosfato monoc\u00e1lcico (MCP)"},{"@type":"BreadcrumbList","@id":"https:\/\/theo.niranbio.com\/es\/mcp-fosfato-monocalcico.html#breadcrumb","itemListElement":[{"@type":"ListItem","position":1,"name":"Home","item":"https:\/\/theo.niranbio.com\/es\/"},{"@type":"ListItem","position":2,"name":"Productos","item":"https:\/\/theo.niranbio.com\/es\/productos.html"},{"@type":"ListItem","position":3,"name":"Fosfatos","item":"https:\/\/theo.niranbio.com\/es\/producto-de-fosfatos\/"},{"@type":"ListItem","position":4,"name":"Fosfato Monoc\u00e1lcico"}]},{"@type":"WebSite","@id":"https:\/\/theo.niranbio.com\/es\/#website","url":"https:\/\/theo.niranbio.com\/es\/","name":"Niranbio Chemical","description":"","publisher":{"@id":"https:\/\/theo.niranbio.com\/es\/#organization"},"potentialAction":[{"@type":"SearchAction","target":{"@type":"EntryPoint","urlTemplate":"https:\/\/theo.niranbio.com\/es\/?s={search_term_string}"},"query-input":{"@type":"PropertyValueSpecification","valueRequired":true,"valueName":"search_term_string"}}],"inLanguage":"es"},{"@type":"Organization","@id":"https:\/\/theo.niranbio.com\/es\/#organization","name":"Niranbio Chemical","url":"https:\/\/theo.niranbio.com\/es\/","logo":{"@type":"ImageObject","inLanguage":"es","@id":"https:\/\/theo.niranbio.com\/es\/#\/schema\/logo\/image\/","url":"https:\/\/theo.niranbio.com\/wp-content\/uploads\/2024\/06\/Niranbio.png","contentUrl":"https:\/\/theo.niranbio.com\/wp-content\/uploads\/2024\/06\/Niranbio.png","width":270,"height":100,"caption":"Niranbio Chemical"},"image":{"@id":"https:\/\/theo.niranbio.com\/es\/#\/schema\/logo\/image\/"}}]}},"_links":{"self":[{"href":"https:\/\/theo.niranbio.com\/es\/wp-json\/wp\/v2\/product\/8359","targetHints":{"allow":["GET"]}}],"collection":[{"href":"https:\/\/theo.niranbio.com\/es\/wp-json\/wp\/v2\/product"}],"about":[{"href":"https:\/\/theo.niranbio.com\/es\/wp-json\/wp\/v2\/types\/product"}],"version-history":[{"count":0,"href":"https:\/\/theo.niranbio.com\/es\/wp-json\/wp\/v2\/product\/8359\/revisions"}],"wp:featuredmedia":[{"embeddable":true,"href":"https:\/\/theo.niranbio.com\/es\/wp-json\/wp\/v2\/media\/5579"}],"wp:attachment":[{"href":"https:\/\/theo.niranbio.com\/es\/wp-json\/wp\/v2\/media?parent=8359"}],"wp:term":[{"taxonomy":"product_brand","embeddable":true,"href":"https:\/\/theo.niranbio.com\/es\/wp-json\/wp\/v2\/product_brand?post=8359"},{"taxonomy":"product_cat","embeddable":true,"href":"https:\/\/theo.niranbio.com\/es\/wp-json\/wp\/v2\/product_cat?post=8359"},{"taxonomy":"product_tag","embeddable":true,"href":"https:\/\/theo.niranbio.com\/es\/wp-json\/wp\/v2\/product_tag?post=8359"}],"curies":[{"name":"wp","href":"https:\/\/api.w.org\/{rel}","templated":true}]}}