{"id":8355,"date":"2024-06-19T17:25:49","date_gmt":"2024-06-19T09:25:49","guid":{"rendered":"https:\/\/theo.niranbio.com\/dcp-fosfato-dicalcico\/"},"modified":"2024-08-15T17:06:14","modified_gmt":"2024-08-15T09:06:14","slug":"dcp-fosfato-dicalcico","status":"publish","type":"product","link":"https:\/\/theo.niranbio.com\/es\/dcp-fosfato-dicalcico.html","title":{"rendered":"Fosfato dic\u00e1lcico"},"content":{"rendered":"<h2><span class=\"ez-toc-section\" id=\"%C2%BFQue_es_el_fosfato_dicalcico\"><\/span>\u00bfQu\u00e9 es el fosfato dic\u00e1lcico?<span class=\"ez-toc-section-end\"><\/span><\/h2>\n<p>El fosfato dic\u00e1lcico es un compuesto inorg\u00e1nico con una apariencia de polvo cristalino blanco. Es algo soluble en agua, insoluble en etanol y f\u00e1cilmente soluble en \u00e1cidos clorh\u00eddrico y n\u00edtrico diluidos. Es un agregado com\u00fan a los alimentos.<\/p>\n<p>Existen dos m\u00e9todos principales para producir fosfato dic\u00e1lcico en China. Uno es disolver \u00e1cido fosf\u00f3rico (generalmente \u00e1cido fosf\u00f3rico o fosfato dic\u00e1lcico dihidr\u00f3geno) en agua y luego reaccionar con carbonato de calcio para formar un precipitado de fosfato dic\u00e1lcico hidrogenado. A trav\u00e9s de la formaci\u00f3n y separaci\u00f3n del precipitado, se puede obtener un producto de fosfato dic\u00e1lcico hidrogenado. El otro es disolver \u00e1cido fosf\u00f3rico en agua y luego reaccionar con hidr\u00f3xido de calcio (cal) para formar un precipitado de fosfato dic\u00e1lcico hidrogenado. Este m\u00e9todo es relativamente simple, pero el precipitado resultante debe secarse y purificarse para obtener un fosfato de hidr\u00f3geno de calcio de alta pureza.<\/p>\n<h2><span class=\"ez-toc-section\" id=\"Parametros_relacionados\"><\/span>Par\u00e1metros relacionados:<span class=\"ez-toc-section-end\"><\/span><\/h2>\n<table>\n<tbody>\n<tr>\n<td colspan=\"2\">Especificaci\u00f3n<\/td>\n<td>GB 1886.3-2016<\/td>\n<td>FCC VII<\/td>\n<\/tr>\n<tr>\n<td colspan=\"2\">Contenido(As CaHPO4-2H2O)\uff0cw\/%<\/td>\n<td>98.0-103.0<\/td>\n<td>97.0-105.0<\/td>\n<\/tr>\n<tr>\n<td colspan=\"2\">Ars\u00e9nico (As)\uff0cmg\/kg \u2264<\/td>\n<td>2<\/td>\n<td>3<\/td>\n<\/tr>\n<tr>\n<td colspan=\"2\">Pb,mg\/kg Pb,mg\/kg \u2264<\/td>\n<td>5<\/td>\n<td>2<\/td>\n<\/tr>\n<tr>\n<td colspan=\"2\">Fluoruro (As F),c\/% \u2264<\/td>\n<td>0.005<\/td>\n<td>0.005<\/td>\n<\/tr>\n<tr>\n<td colspan=\"2\">Metales pesados(As P b)\uff0cmg\/kg \u2264<\/td>\n<td>10<\/td>\n<td>&#8212;<\/td>\n<\/tr>\n<tr>\n<td rowspan=\"2\">P\u00e9rdida por ignici\u00f3n\uff0cw\/%<\/td>\n<td>Anhidro<\/td>\n<td>&#8212;<\/td>\n<td>7,0-8,5\uff08Anhidro\uff09<\/td>\n<\/tr>\n<tr>\n<td>Dihidrato<\/td>\n<td>24.5-26.5<\/td>\n<td>24,5-26,5\uff08Dihidrato\uff09<\/td>\n<\/tr>\n<tr>\n<td colspan=\"2\">\u00c1cido clorh\u00eddrico insoluble\uff0cp\/% \u2264 0,5<\/td>\n<td>0.05<\/td>\n<td>&#8212;<\/td>\n<\/tr>\n<\/tbody>\n<\/table>\n<h2><span class=\"ez-toc-section\" id=\"Dosis_recomendada\"><\/span>Dosis recomendada:<span class=\"ez-toc-section-end\"><\/span><\/h2>\n<table>\n<tbody>\n<tr>\n<td><strong>Nombre del alimento<\/strong><\/td>\n<td><strong>Uso m\u00e1ximo (g\/kg)<\/strong><\/td>\n<\/tr>\n<tr>\n<td>Pan y productos de masa<\/td>\n<td>2 g\/kg<\/td>\n<\/tr>\n<tr>\n<td>Galletas y productos de galletas<\/td>\n<td>1,5 g\/kg<\/td>\n<\/tr>\n<tr>\n<td>Pasteler\u00eda y boller\u00eda<\/td>\n<td>2 g\/kg<\/td>\n<\/tr>\n<tr>\n<td>Cereales (por ejemplo, cereales de desayuno)<\/td>\n<td>1,5 g\/kg<\/td>\n<\/tr>\n<tr>\n<td>Productos c\u00e1rnicos (por ejemplo, salchichas, jam\u00f3n)<\/td>\n<td>1 g\/kg<\/td>\n<\/tr>\n<tr>\n<td>Ovoproductos (por ejemplo, tartas de huevo, pasteles)<\/td>\n<td>1 g\/kg<\/td>\n<\/tr>\n<tr>\n<td>Productos l\u00e1cteos (por ejemplo, queso, yogur)<\/td>\n<td>1 g\/kg<\/td>\n<\/tr>\n<tr>\n<td>Chocolate y productos de chocolate<\/td>\n<td>1,5 g\/kg<\/td>\n<\/tr>\n<tr>\n<td>Condimentos y sazonadores<\/td>\n<td>1,5 g\/kg<\/td>\n<\/tr>\n<tr>\n<td>Bebidas (por ejemplo, zumo, refrescos)<\/td>\n<td>0,5 g\/kg<\/td>\n<\/tr>\n<tr>\n<td>Alimentos inflados (por ejemplo, cereales inflados, ma\u00edz inflado)<\/td>\n<td>1,5 g\/kg<\/td>\n<\/tr>\n<tr>\n<td>Salsas y encurtidos<\/td>\n<td>1,5 g\/kg<\/td>\n<\/tr>\n<tr>\n<td>Levadura y productos relacionados<\/td>\n<td>0,5 g\/kg<\/td>\n<\/tr>\n<tr>\n<td>Salsas y ali\u00f1os para ensaladas<\/td>\n<td>1,5 g\/kg<\/td>\n<\/tr>\n<tr>\n<td>Premezcla de aditivos alimentarios<\/td>\n<td>1,5 g\/kg<\/td>\n<\/tr>\n<\/tbody>\n<\/table>\n<h2><span class=\"ez-toc-section\" id=\"El_fosfato_dicalcico_tiene_una_amplia_gama_de_usos\"><\/span>El fosfato dic\u00e1lcico tiene una amplia gama de usos<span class=\"ez-toc-section-end\"><\/span><\/h2>\n<ol>\n<li>Espesante y estabilizador: el fosfato dic\u00e1lcico hidrogenado se puede utilizar para aumentar la viscosidad y la estabilidad de los alimentos, especialmente en productos l\u00e1cteos, gelatina, mermelada y otros productos.<\/li>\n<li>Regulador de acidez: como regulador de acidez de los alimentos, puede ajustar el valor de pH de los alimentos, mejorar el sabor y mantener la estabilidad de los alimentos.<\/li>\n<li>Agente de carga: en alimentos horneados como el pan y las galletas, el fosfato dic\u00e1lcico hidrogenado puede producir di\u00f3xido de carbono, promover la expansi\u00f3n de la masa y hacer que el producto sea m\u00e1s suave.<\/li>\n<li>Antiaglomerante: En alimentos en polvo seco, como bebidas instant\u00e1neas y condimentos, el fosfato de calcio hidrogenado puede evitar que se aglomeren y mantener la fluidez del polvo.<\/li>\n<li>Potenciador nutricional: El fosfato de calcio hidrogenado contiene f\u00f3sforo y calcio, lo que ayuda a aumentar el valor nutricional de los alimentos, especialmente para las personas que necesitan aumentar la ingesta de f\u00f3sforo o calcio.<\/li>\n<\/ol>\n<h2><span class=\"ez-toc-section\" id=\"Pregunta_formulada_por_un_usuario\"><\/span>Pregunta formulada por un usuario:<span class=\"ez-toc-section-end\"><\/span><\/h2>\n<p><strong>Pregunta: \u00bfCu\u00e1les son las ventajas del fosfato dic\u00e1lcico en comparaci\u00f3n con el fosfato de calcio?<\/strong><\/p>\n<p>Respuesta: El fosfato dic\u00e1lcico (DCP) tiene varias ventajas sobre el fosfato tric\u00e1lcico (TCP). En primer lugar, el DCP tiene una mejor solubilidad en entornos \u00e1cidos, lo que da como resultado una mayor eficiencia de absorci\u00f3n en el tracto digestivo, proporcionando as\u00ed una mayor biodisponibilidad. Esto hace que el DCP sea un suplemento de calcio y f\u00f3sforo m\u00e1s ideal en los campos de alimentos, piensos y productos farmac\u00e9uticos. Entre los aditivos alimentarios, el DCP se utiliza ampliamente para fortificar el contenido de calcio y f\u00f3sforo en cereales, pan y bebidas; en los piensos, el DCP puede promover eficazmente el desarrollo \u00f3seo y la salud de los animales. Adem\u00e1s, el DCP tambi\u00e9n se utiliza en suplementos de calcio y f\u00f3sforo, pasta de dientes y productos para el cuidado bucal en el campo farmac\u00e9utico. Su alta tasa de absorci\u00f3n y biodisponibilidad le permiten complementar de forma m\u00e1s eficaz el calcio y el f\u00f3sforo y promover la salud de los huesos y los dientes. La seguridad y estabilidad del DCP mejoran a\u00fan m\u00e1s su potencial de aplicaci\u00f3n en varios campos, lo que dificulta su descomposici\u00f3n o deterioro durante el almacenamiento y el uso, y muestra una buena estabilidad. Por lo tanto, el DCP muestra grandes ventajas en muchos campos de aplicaci\u00f3n y se convierte en una opci\u00f3n m\u00e1s popular.<\/p>\n","protected":false},"excerpt":{"rendered":"<ul>\n<li>CAS: 7757-93-9<\/li>\n<li>F\u00f3rmula qu\u00edmica: CaHPO<sub>4<\/sub><\/li>\n<li>Certificaciones: KOSHER, ISO, HALAL, FSSC 22000, BRC, etc.<\/li>\n<li>Norma: GB 1886.3-2016\/FCC VII<\/li>\n<li>Cantidad m\u00ednima de pedido: 1000KG<\/li>\n<li>Caducidad: 2 a\u00f1os<\/li>\n<\/ul>\n","protected":false},"featured_media":6223,"template":"","meta":{"site-sidebar-layout":"default","site-content-layout":"","ast-site-content-layout":"default","site-content-style":"default","site-sidebar-style":"default","ast-global-header-display":"","ast-banner-title-visibility":"","ast-main-header-display":"","ast-hfb-above-header-display":"","ast-hfb-below-header-display":"","ast-hfb-mobile-header-display":"","site-post-title":"","ast-breadcrumbs-content":"","ast-featured-img":"","footer-sml-layout":"","theme-transparent-header-meta":"default","adv-header-id-meta":"","stick-header-meta":"","header-above-stick-meta":"","header-main-stick-meta":"","header-below-stick-meta":"","astra-migrate-meta-layouts":"set","ast-page-background-enabled":"default","ast-page-background-meta":{"desktop":{"background-color":"var(--ast-global-color-4)","background-image":"","background-repeat":"repeat","background-position":"center center","background-size":"auto","background-attachment":"scroll","background-type":"","background-media":"","overlay-type":"","overlay-color":"","overlay-opacity":"","overlay-gradient":""},"tablet":{"background-color":"","background-image":"","background-repeat":"repeat","background-position":"center center","background-size":"auto","background-attachment":"scroll","background-type":"","background-media":"","overlay-type":"","overlay-color":"","overlay-opacity":"","overlay-gradient":""},"mobile":{"background-color":"","background-image":"","background-repeat":"repeat","background-position":"center center","background-size":"auto","background-attachment":"scroll","background-type":"","background-media":"","overlay-type":"","overlay-color":"","overlay-opacity":"","overlay-gradient":""}},"ast-content-background-meta":{"desktop":{"background-color":"var(--ast-global-color-5)","background-image":"","background-repeat":"repeat","background-position":"center center","background-size":"auto","background-attachment":"scroll","background-type":"","background-media":"","overlay-type":"","overlay-color":"","overlay-opacity":"","overlay-gradient":""},"tablet":{"background-color":"var(--ast-global-color-5)","background-image":"","background-repeat":"repeat","background-position":"center center","background-size":"auto","background-attachment":"scroll","background-type":"","background-media":"","overlay-type":"","overlay-color":"","overlay-opacity":"","overlay-gradient":""},"mobile":{"background-color":"var(--ast-global-color-5)","background-image":"","background-repeat":"repeat","background-position":"center center","background-size":"auto","background-attachment":"scroll","background-type":"","background-media":"","overlay-type":"","overlay-color":"","overlay-opacity":"","overlay-gradient":""}}},"product_brand":[],"product_cat":[76],"product_tag":[],"class_list":{"0":"post-8355","1":"product","2":"type-product","3":"status-publish","4":"has-post-thumbnail","6":"product_cat-producto-de-fosfatos","7":"desktop-align-center","8":"tablet-align-left","9":"mobile-align-left","11":"first","12":"instock","13":"shipping-taxable","14":"product-type-simple"},"yoast_head":"<!-- This site is optimized with the Yoast SEO plugin v26.5 - https:\/\/yoast.com\/wordpress\/plugins\/seo\/ -->\n<title>Fosfato Dic\u00e1lcico Aditivo, Polvo de Fosfato Dic\u00e1lcico de Grado Alimenticio | Niranbio Chemical<\/title>\n<meta name=\"description\" content=\"Nuestro fosfato dic\u00e1lcico E341 es un aditivo vers\u00e1til de grado alimenticio disponible en forma anhidra y dihidrato y viene en variedades granulares y en polvo.\" \/>\n<meta name=\"robots\" content=\"noindex, follow, max-snippet:-1, max-image-preview:large, max-video-preview:-1\" \/>\n<meta name=\"twitter:label1\" content=\"Tiempo de lectura\" \/>\n\t<meta name=\"twitter:data1\" content=\"4 minutos\" \/>\n<script type=\"application\/ld+json\" class=\"yoast-schema-graph\">{\"@context\":\"https:\/\/schema.org\",\"@graph\":[{\"@type\":\"WebPage\",\"@id\":\"https:\/\/theo.niranbio.com\/es\/dcp-fosfato-dicalcico.html\",\"url\":\"https:\/\/theo.niranbio.com\/es\/dcp-fosfato-dicalcico.html\",\"name\":\"Fosfato Dic\u00e1lcico Aditivo, Polvo de Fosfato Dic\u00e1lcico de Grado Alimenticio | Niranbio Chemical\",\"isPartOf\":{\"@id\":\"https:\/\/theo.niranbio.com\/es\/#website\"},\"primaryImageOfPage\":{\"@id\":\"https:\/\/theo.niranbio.com\/es\/dcp-fosfato-dicalcico.html#primaryimage\"},\"image\":{\"@id\":\"https:\/\/theo.niranbio.com\/es\/dcp-fosfato-dicalcico.html#primaryimage\"},\"thumbnailUrl\":\"https:\/\/theo.niranbio.com\/wp-content\/uploads\/2024\/06\/DCP-1.webp\",\"datePublished\":\"2024-06-19T09:25:49+00:00\",\"dateModified\":\"2024-08-15T09:06:14+00:00\",\"description\":\"Nuestro fosfato dic\u00e1lcico E341 es un aditivo vers\u00e1til de grado alimenticio disponible en forma anhidra y dihidrato y viene en variedades granulares y en polvo.\",\"breadcrumb\":{\"@id\":\"https:\/\/theo.niranbio.com\/es\/dcp-fosfato-dicalcico.html#breadcrumb\"},\"inLanguage\":\"es\",\"potentialAction\":[{\"@type\":\"ReadAction\",\"target\":[\"https:\/\/theo.niranbio.com\/es\/dcp-fosfato-dicalcico.html\"]}]},{\"@type\":\"ImageObject\",\"inLanguage\":\"es\",\"@id\":\"https:\/\/theo.niranbio.com\/es\/dcp-fosfato-dicalcico.html#primaryimage\",\"url\":\"https:\/\/theo.niranbio.com\/wp-content\/uploads\/2024\/06\/DCP-1.webp\",\"contentUrl\":\"https:\/\/theo.niranbio.com\/wp-content\/uploads\/2024\/06\/DCP-1.webp\",\"width\":600,\"height\":600,\"caption\":\"Fosfato dic\u00e1lcico (DCP)\"},{\"@type\":\"BreadcrumbList\",\"@id\":\"https:\/\/theo.niranbio.com\/es\/dcp-fosfato-dicalcico.html#breadcrumb\",\"itemListElement\":[{\"@type\":\"ListItem\",\"position\":1,\"name\":\"Home\",\"item\":\"https:\/\/theo.niranbio.com\/es\/\"},{\"@type\":\"ListItem\",\"position\":2,\"name\":\"Productos\",\"item\":\"https:\/\/theo.niranbio.com\/es\/productos.html\"},{\"@type\":\"ListItem\",\"position\":3,\"name\":\"Fosfatos\",\"item\":\"https:\/\/theo.niranbio.com\/es\/producto-de-fosfatos\/\"},{\"@type\":\"ListItem\",\"position\":4,\"name\":\"Fosfato dic\u00e1lcico\"}]},{\"@type\":\"WebSite\",\"@id\":\"https:\/\/theo.niranbio.com\/es\/#website\",\"url\":\"https:\/\/theo.niranbio.com\/es\/\",\"name\":\"Niranbio Chemical\",\"description\":\"\",\"publisher\":{\"@id\":\"https:\/\/theo.niranbio.com\/es\/#organization\"},\"potentialAction\":[{\"@type\":\"SearchAction\",\"target\":{\"@type\":\"EntryPoint\",\"urlTemplate\":\"https:\/\/theo.niranbio.com\/es\/?s={search_term_string}\"},\"query-input\":{\"@type\":\"PropertyValueSpecification\",\"valueRequired\":true,\"valueName\":\"search_term_string\"}}],\"inLanguage\":\"es\"},{\"@type\":\"Organization\",\"@id\":\"https:\/\/theo.niranbio.com\/es\/#organization\",\"name\":\"Niranbio Chemical\",\"url\":\"https:\/\/theo.niranbio.com\/es\/\",\"logo\":{\"@type\":\"ImageObject\",\"inLanguage\":\"es\",\"@id\":\"https:\/\/theo.niranbio.com\/es\/#\/schema\/logo\/image\/\",\"url\":\"https:\/\/theo.niranbio.com\/wp-content\/uploads\/2024\/06\/Niranbio.png\",\"contentUrl\":\"https:\/\/theo.niranbio.com\/wp-content\/uploads\/2024\/06\/Niranbio.png\",\"width\":270,\"height\":100,\"caption\":\"Niranbio Chemical\"},\"image\":{\"@id\":\"https:\/\/theo.niranbio.com\/es\/#\/schema\/logo\/image\/\"}}]}<\/script>\n<!-- \/ Yoast SEO plugin. -->","yoast_head_json":{"title":"Fosfato Dic\u00e1lcico Aditivo, Polvo de Fosfato Dic\u00e1lcico de Grado Alimenticio | Niranbio Chemical","description":"Nuestro fosfato dic\u00e1lcico E341 es un aditivo vers\u00e1til de grado alimenticio disponible en forma anhidra y dihidrato y viene en variedades granulares y en polvo.","robots":{"index":"noindex","follow":"follow","max-snippet":"max-snippet:-1","max-image-preview":"max-image-preview:large","max-video-preview":"max-video-preview:-1"},"twitter_misc":{"Tiempo de lectura":"4 minutos"},"schema":{"@context":"https:\/\/schema.org","@graph":[{"@type":"WebPage","@id":"https:\/\/theo.niranbio.com\/es\/dcp-fosfato-dicalcico.html","url":"https:\/\/theo.niranbio.com\/es\/dcp-fosfato-dicalcico.html","name":"Fosfato Dic\u00e1lcico Aditivo, Polvo de Fosfato Dic\u00e1lcico de Grado Alimenticio | Niranbio Chemical","isPartOf":{"@id":"https:\/\/theo.niranbio.com\/es\/#website"},"primaryImageOfPage":{"@id":"https:\/\/theo.niranbio.com\/es\/dcp-fosfato-dicalcico.html#primaryimage"},"image":{"@id":"https:\/\/theo.niranbio.com\/es\/dcp-fosfato-dicalcico.html#primaryimage"},"thumbnailUrl":"https:\/\/theo.niranbio.com\/wp-content\/uploads\/2024\/06\/DCP-1.webp","datePublished":"2024-06-19T09:25:49+00:00","dateModified":"2024-08-15T09:06:14+00:00","description":"Nuestro fosfato dic\u00e1lcico E341 es un aditivo vers\u00e1til de grado alimenticio disponible en forma anhidra y dihidrato y viene en variedades granulares y en polvo.","breadcrumb":{"@id":"https:\/\/theo.niranbio.com\/es\/dcp-fosfato-dicalcico.html#breadcrumb"},"inLanguage":"es","potentialAction":[{"@type":"ReadAction","target":["https:\/\/theo.niranbio.com\/es\/dcp-fosfato-dicalcico.html"]}]},{"@type":"ImageObject","inLanguage":"es","@id":"https:\/\/theo.niranbio.com\/es\/dcp-fosfato-dicalcico.html#primaryimage","url":"https:\/\/theo.niranbio.com\/wp-content\/uploads\/2024\/06\/DCP-1.webp","contentUrl":"https:\/\/theo.niranbio.com\/wp-content\/uploads\/2024\/06\/DCP-1.webp","width":600,"height":600,"caption":"Fosfato dic\u00e1lcico (DCP)"},{"@type":"BreadcrumbList","@id":"https:\/\/theo.niranbio.com\/es\/dcp-fosfato-dicalcico.html#breadcrumb","itemListElement":[{"@type":"ListItem","position":1,"name":"Home","item":"https:\/\/theo.niranbio.com\/es\/"},{"@type":"ListItem","position":2,"name":"Productos","item":"https:\/\/theo.niranbio.com\/es\/productos.html"},{"@type":"ListItem","position":3,"name":"Fosfatos","item":"https:\/\/theo.niranbio.com\/es\/producto-de-fosfatos\/"},{"@type":"ListItem","position":4,"name":"Fosfato dic\u00e1lcico"}]},{"@type":"WebSite","@id":"https:\/\/theo.niranbio.com\/es\/#website","url":"https:\/\/theo.niranbio.com\/es\/","name":"Niranbio Chemical","description":"","publisher":{"@id":"https:\/\/theo.niranbio.com\/es\/#organization"},"potentialAction":[{"@type":"SearchAction","target":{"@type":"EntryPoint","urlTemplate":"https:\/\/theo.niranbio.com\/es\/?s={search_term_string}"},"query-input":{"@type":"PropertyValueSpecification","valueRequired":true,"valueName":"search_term_string"}}],"inLanguage":"es"},{"@type":"Organization","@id":"https:\/\/theo.niranbio.com\/es\/#organization","name":"Niranbio Chemical","url":"https:\/\/theo.niranbio.com\/es\/","logo":{"@type":"ImageObject","inLanguage":"es","@id":"https:\/\/theo.niranbio.com\/es\/#\/schema\/logo\/image\/","url":"https:\/\/theo.niranbio.com\/wp-content\/uploads\/2024\/06\/Niranbio.png","contentUrl":"https:\/\/theo.niranbio.com\/wp-content\/uploads\/2024\/06\/Niranbio.png","width":270,"height":100,"caption":"Niranbio Chemical"},"image":{"@id":"https:\/\/theo.niranbio.com\/es\/#\/schema\/logo\/image\/"}}]}},"_links":{"self":[{"href":"https:\/\/theo.niranbio.com\/es\/wp-json\/wp\/v2\/product\/8355","targetHints":{"allow":["GET"]}}],"collection":[{"href":"https:\/\/theo.niranbio.com\/es\/wp-json\/wp\/v2\/product"}],"about":[{"href":"https:\/\/theo.niranbio.com\/es\/wp-json\/wp\/v2\/types\/product"}],"version-history":[{"count":0,"href":"https:\/\/theo.niranbio.com\/es\/wp-json\/wp\/v2\/product\/8355\/revisions"}],"wp:featuredmedia":[{"embeddable":true,"href":"https:\/\/theo.niranbio.com\/es\/wp-json\/wp\/v2\/media\/6223"}],"wp:attachment":[{"href":"https:\/\/theo.niranbio.com\/es\/wp-json\/wp\/v2\/media?parent=8355"}],"wp:term":[{"taxonomy":"product_brand","embeddable":true,"href":"https:\/\/theo.niranbio.com\/es\/wp-json\/wp\/v2\/product_brand?post=8355"},{"taxonomy":"product_cat","embeddable":true,"href":"https:\/\/theo.niranbio.com\/es\/wp-json\/wp\/v2\/product_cat?post=8355"},{"taxonomy":"product_tag","embeddable":true,"href":"https:\/\/theo.niranbio.com\/es\/wp-json\/wp\/v2\/product_tag?post=8355"}],"curies":[{"name":"wp","href":"https:\/\/api.w.org\/{rel}","templated":true}]}}