{"id":8352,"date":"2024-06-19T17:26:22","date_gmt":"2024-06-19T09:26:22","guid":{"rendered":"https:\/\/theo.niranbio.com\/acido-fosforico-al-85\/"},"modified":"2024-08-15T17:06:04","modified_gmt":"2024-08-15T09:06:04","slug":"acido-fosforico-al-85","status":"publish","type":"product","link":"https:\/\/theo.niranbio.com\/es\/acido-fosforico-al-85.html","title":{"rendered":"\u00c1cido fosf\u00f3rico al 85 %"},"content":{"rendered":"<h2><span class=\"ez-toc-section\" id=\"Metodos_de_produccion_de_acido_fosforico\"><\/span>M\u00e9todos de producci\u00f3n de \u00e1cido fosf\u00f3rico<span class=\"ez-toc-section-end\"><\/span><\/h2>\n<p>Hay dos m\u00e9todos principales para preparar \u00e1cido fosf\u00f3rico:<\/p>\n<h3><span class=\"ez-toc-section\" id=\"1_Produccion_de_acido_fosforico_humedo\"><\/span>1. Producci\u00f3n de \u00e1cido fosf\u00f3rico h\u00famedo<span class=\"ez-toc-section-end\"><\/span><\/h3>\n<p>La producci\u00f3n de \u00e1cido fosf\u00f3rico h\u00famedo utiliza roca fosf\u00f3rica como materia prima y obtiene \u00e1cido fosf\u00f3rico a trav\u00e9s de m\u00faltiples reacciones. El m\u00e9todo espec\u00edfico es: primero triturar y pulverizar la roca fosf\u00f3rica, luego desbastarla, seleccionarla y precipitarla en una soluci\u00f3n \u00e1cida y, finalmente, cristalizar el \u00e1cido fosf\u00f3rico. El proceso de producci\u00f3n de \u00e1cido fosf\u00f3rico h\u00famedo es relativamente complicado y se consume una gran cantidad de energ\u00eda en el proceso, lo que tambi\u00e9n contamina el medio ambiente hasta cierto punto.<\/p>\n<h3><span class=\"ez-toc-section\" id=\"2_Produccion_de_acido_fosforico_seco\"><\/span>2. Producci\u00f3n de \u00e1cido fosf\u00f3rico seco<span class=\"ez-toc-section-end\"><\/span><\/h3>\n<p>La producci\u00f3n de \u00e1cido fosf\u00f3rico seco utiliza yeso fosf\u00f3rico o apatita como materia prima y obtiene \u00e1cido fosf\u00f3rico a trav\u00e9s de una reacci\u00f3n de calentamiento. El m\u00e9todo espec\u00edfico es: calcinar el yeso fosforado o apatita en tetrahidrogenofosfato de calcio, y luego obtener \u00e1cido fosf\u00f3rico puro a trav\u00e9s de hidr\u00f3lisis, refinaci\u00f3n, concentraci\u00f3n, cristalizaci\u00f3n y otros pasos.<\/p>\n<h2><span class=\"ez-toc-section\" id=\"Parametros_relacionados\"><\/span>Par\u00e1metros relacionados:<span class=\"ez-toc-section-end\"><\/span><\/h2>\n<table>\n<tbody>\n<tr>\n<td><strong>Art\u00edculos<\/strong><\/td>\n<td><strong>Normas<\/strong><\/td>\n<\/tr>\n<tr>\n<td>H3PO4<\/td>\n<td>85% MIN.<\/td>\n<\/tr>\n<tr>\n<td>F<\/td>\n<td>10 PPM M\u00c1X.<\/td>\n<\/tr>\n<tr>\n<td>AS<\/td>\n<td>0,5 PPM M\u00c1X.<\/td>\n<\/tr>\n<tr>\n<td>METALES PESADOS (COMO PB)<\/td>\n<td>5 PPM M\u00c1X.<\/td>\n<\/tr>\n<tr>\n<td>SUSTANCIA F\u00c1CILMENTE OXIDABLE COMO H3PO3<\/td>\n<td>120 PPM M\u00c1X.<\/td>\n<\/tr>\n<\/tbody>\n<\/table>\n<h2><span class=\"ez-toc-section\" id=\"Dosis_recomendada\"><\/span>Dosis recomendada<span class=\"ez-toc-section-end\"><\/span><\/h2>\n<table>\n<tbody>\n<tr>\n<td><strong>Food Name<\/strong><\/td>\n<td><strong>Maximum usage(g\/kg)<\/strong><\/td>\n<\/tr>\n<tr>\n<td>Bebidas carbonatadas<\/td>\n<td>2 g\/kg<\/td>\n<\/tr>\n<tr>\n<td>Bebidas de frutas<\/td>\n<td>1 g\/kg<\/td>\n<\/tr>\n<tr>\n<td>Bebidas de \u00e1cido l\u00e1ctico<\/td>\n<td>0,5 g\/kg<\/td>\n<\/tr>\n<tr>\n<td>Yogur<\/td>\n<td>0,5 g\/kg<\/td>\n<\/tr>\n<tr>\n<td>Queso<\/td>\n<td>0,5 g\/kg<\/td>\n<\/tr>\n<tr>\n<td>Caramelo<\/td>\n<td>0,5 g\/kg<\/td>\n<\/tr>\n<tr>\n<td>Salsa<\/td>\n<td>0,5 g\/kg<\/td>\n<\/tr>\n<tr>\n<td>Ensalada<\/td>\n<td>0,5 g\/kg<\/td>\n<\/tr>\n<tr>\n<td>Productos c\u00e1rnicos<\/td>\n<td>1 g\/kg<\/td>\n<\/tr>\n<tr>\n<td>Salchicha<\/td>\n<td>1 g\/kg<\/td>\n<\/tr>\n<tr>\n<td>Jam\u00f3n<\/td>\n<td>1 g\/kg<\/td>\n<\/tr>\n<tr>\n<td>Tocino<\/td>\n<td>1 g\/kg<\/td>\n<\/tr>\n<tr>\n<td>Carnes curadas<\/td>\n<td>1 g\/kg<\/td>\n<\/tr>\n<tr>\n<td>Productos de surimi<\/td>\n<td>1 g\/kg<\/td>\n<\/tr>\n<\/tbody>\n<\/table>\n<h2><span class=\"ez-toc-section\" id=\"El_Acido_Fosforico_85_tiene_una_amplia_gama_de_usos\"><\/span>El \u00c1cido Fosf\u00f3rico 85% tiene una amplia gama de usos<span class=\"ez-toc-section-end\"><\/span><\/h2>\n<h3><span class=\"ez-toc-section\" id=\"1_Acidificante\"><\/span>1. Acidificante<span class=\"ez-toc-section-end\"><\/span><\/h3>\n<p>El \u00e1cido fosf\u00f3rico al 85% se puede utilizar como acidificante en el procesamiento de alimentos para ajustar la acidez de los mismos. La acidez es un factor muy importante en dulces, pasteles y bebidas. El \u00e1cido fosf\u00f3rico al 85% puede mantener los alimentos a una cierta acidez, mejorar el sabor y hacer que los alimentos sean m\u00e1s deliciosos.<\/p>\n<h3><span class=\"ez-toc-section\" id=\"2_Antioxidante\"><\/span>2. Antioxidante<span class=\"ez-toc-section-end\"><\/span><\/h3>\n<p>El \u00e1cido fosf\u00f3rico al 85% tambi\u00e9n es un excelente antioxidante. Durante el procesamiento de alimentos, se agregan algunos antioxidantes para proteger los alimentos de la oxidaci\u00f3n y extender la vida \u00fatil de los alimentos. El \u00e1cido fosf\u00f3rico al 85% se puede utilizar como un antioxidante de uso com\u00fan y tiene un muy buen efecto protector sobre los alimentos.<\/p>\n<h3><span class=\"ez-toc-section\" id=\"3_Fijador_de_color\"><\/span>3. Fijador de color<span class=\"ez-toc-section-end\"><\/span><\/h3>\n<p>Durante el procesamiento, los pigmentos de los alimentos se ven f\u00e1cilmente afectados por la luz, la oxidaci\u00f3n y otros factores. La adici\u00f3n de una cierta cantidad de \u00e1cido fosf\u00f3rico al 85% puede estabilizar las mol\u00e9culas de pigmento en los alimentos y evitar que el pigmento cambie de color, lo que hace que los alimentos tengan una apariencia m\u00e1s hermosa.<\/p>\n<h3><span class=\"ez-toc-section\" id=\"4_Mejora_el_sabor_de_los_alimentos\"><\/span>4. Mejora el sabor de los alimentos<span class=\"ez-toc-section-end\"><\/span><\/h3>\n<p>El \u00e1cido fosf\u00f3rico al 85% tambi\u00e9n se puede utilizar para ajustar el sabor de los alimentos. Puede hacer que los alimentos tengan un sabor m\u00e1s suave.<\/p>\n<h2><span class=\"ez-toc-section\" id=\"Pregunta_formulada_por_un_usuario\"><\/span>Pregunta formulada por un usuario:<span class=\"ez-toc-section-end\"><\/span><\/h2>\n<p><strong>Pregunta: \u00bfCu\u00e1l es el mecanismo de acci\u00f3n del \u00e1cido fosf\u00f3rico al 85% en los alimentos?<\/strong><\/p>\n<p>Respuesta:<\/p>\n<p>1. Regulaci\u00f3n de la acidez: El \u00e1cido fosf\u00f3rico al 85% es un regulador de la acidez que regula el pH de los alimentos mediante la liberaci\u00f3n de iones de hidr\u00f3geno (H\u207a). Esto es muy importante para ciertos alimentos, como las bebidas carbonatadas, los jugos y los productos l\u00e1cteos, ya que ayuda a mantener su acidez y sabor general.<\/p>\n<p>2. Agente quelante: El \u00e1cido fosf\u00f3rico al 85% puede unirse a iones met\u00e1licos (como calcio, magnesio, hierro, etc.) para formar quelatos estables. Esto ayuda a prevenir reacciones adversas causadas por estos iones met\u00e1licos durante el procesamiento de los alimentos, como la prevenci\u00f3n de la oxidaci\u00f3n de las grasas, la desnaturalizaci\u00f3n de las prote\u00ednas y los cambios de color. Esto es particularmente importante para alimentos enlatados, jugos y productos l\u00e1cteos.<\/p>\n<p>3. Conservantes: Al reducir el pH de los alimentos, el \u00e1cido fosf\u00f3rico al 85% puede inhibir el crecimiento de microorganismos como bacterias, mohos y levaduras, extendiendo as\u00ed la vida \u00fatil de los alimentos. Los entornos de pH bajo no son propicios para la reproducci\u00f3n de la mayor\u00eda de los microorganismos, por lo que el efecto conservante del \u00e1cido fosf\u00f3rico al 85% es particularmente evidente en alimentos como salsas, mermeladas y dulces.<\/p>\n<p>4. Sabor mejorado: El \u00e1cido fosf\u00f3rico al 85% puede afectar la textura y la sensaci\u00f3n en boca de los alimentos. Por ejemplo, en las bebidas carbonatadas, el \u00e1cido fosf\u00f3rico al 85% no solo proporciona acidez sino que tambi\u00e9n mejora el sabor refrescante de la bebida. Adem\u00e1s, el \u00e1cido fosf\u00f3rico al 85% puede ayudar a formar una textura m\u00e1s suave en algunos productos l\u00e1cteos y postres.<\/p>\n<p>5. Control de la fermentaci\u00f3n: En los productos horneados, el \u00e1cido fosf\u00f3rico al 85% ayuda a controlar el proceso de fermentaci\u00f3n. Reacciona con el bicarbonato de sodio para producir gas de di\u00f3xido de carbono, que hace que la masa suba. Diferentes tipos de fosfatos (como el dihidrogenofosfato de sodio y el hidrogenofosfato de calcio) pueden controlar la velocidad y el grado de fermentaci\u00f3n para lograr el efecto leudante deseado.<\/p>\n<p>6. Enriquecimiento nutricional: el \u00e1cido fosf\u00f3rico al 85% y las sales de fosfato son fuentes minerales importantes que ayudan a complementar el elemento f\u00f3sforo que necesita el cuerpo humano. El f\u00f3sforo es un componente clave para la funci\u00f3n celular y la salud de los huesos y los dientes. El \u00e1cido fosf\u00f3rico al 85% se agrega a algunos alimentos y bebidas fortificados para mejorar su valor nutricional.<\/p>\n<p>7. Emulsionantes y estabilizadores: en los productos l\u00e1cteos y otros alimentos que contienen grasa, el \u00e1cido fosf\u00f3rico al 85% puede actuar como emulsionante para ayudar a dispersar y estabilizar la mezcla de grasa y agua para evitar la separaci\u00f3n y la precipitaci\u00f3n. Por ejemplo, en el queso procesado y el helado, los fosfatos ayudan a formar una emulsi\u00f3n homog\u00e9nea y estable.<\/p>\n<p><strong>Pregunta: \u00bfCu\u00e1l es la situaci\u00f3n actual del mercado del \u00e1cido fosf\u00f3rico en el pa\u00eds y en el extranjero?<\/strong><\/p>\n<p>Respuesta:<\/p>\n<p>Mercado interno: En China, la desaceleraci\u00f3n econ\u00f3mica y las tensiones geopol\u00edticas han provocado fluctuaciones en los precios de las materias primas, lo que ha ralentizado el crecimiento del mercado. Sin embargo, a medida que se alivien los problemas de la cadena de suministro, se espera que la demanda del mercado repunte en la segunda mitad de 2024.<\/p>\n<p>Mercado internacional: Se espera que el mercado mundial de \u00e1cido fosf\u00f3rico fluct\u00fae, con un crecimiento lento en 2023, pero se espera que mejore en 2024. El mercado se beneficia de las pol\u00edticas de protecci\u00f3n ambiental apoyadas por los gobiernos y del crecimiento de los productos bioqu\u00edmicos. Sin embargo, la recuperaci\u00f3n del mercado en diferentes regiones es desigual y las empresas deben centrarse en el control de costos y la mejora de la eficiencia. Se espera que el mercado contin\u00fae creciendo en 2031, especialmente en Am\u00e9rica del Norte, Europa y Asia Pac\u00edfico.<\/p>\n","protected":false},"excerpt":{"rendered":"<ul>\n<li>CAS: 7664-38-2<\/li>\n<li>F\u00f3rmula qu\u00edmica: H<sub>3<\/sub>PO<sub>4<\/sub><\/li>\n<li>Certificaciones: KOSHER, ISO, HALAL, FSSC 22000, BRC, etc.<\/li>\n<li>Cantidad m\u00ednima de pedido: 1000KG<\/li>\n<li>Caducidad: 2 a\u00f1os<\/li>\n<\/ul>\n","protected":false},"featured_media":5568,"template":"","meta":{"site-sidebar-layout":"default","site-content-layout":"","ast-site-content-layout":"default","site-content-style":"default","site-sidebar-style":"default","ast-global-header-display":"","ast-banner-title-visibility":"","ast-main-header-display":"","ast-hfb-above-header-display":"","ast-hfb-below-header-display":"","ast-hfb-mobile-header-display":"","site-post-title":"","ast-breadcrumbs-content":"","ast-featured-img":"","footer-sml-layout":"","theme-transparent-header-meta":"default","adv-header-id-meta":"","stick-header-meta":"","header-above-stick-meta":"","header-main-stick-meta":"","header-below-stick-meta":"","astra-migrate-meta-layouts":"set","ast-page-background-enabled":"default","ast-page-background-meta":{"desktop":{"background-color":"var(--ast-global-color-4)","background-image":"","background-repeat":"repeat","background-position":"center center","background-size":"auto","background-attachment":"scroll","background-type":"","background-media":"","overlay-type":"","overlay-color":"","overlay-opacity":"","overlay-gradient":""},"tablet":{"background-color":"","background-image":"","background-repeat":"repeat","background-position":"center center","background-size":"auto","background-attachment":"scroll","background-type":"","background-media":"","overlay-type":"","overlay-color":"","overlay-opacity":"","overlay-gradient":""},"mobile":{"background-color":"","background-image":"","background-repeat":"repeat","background-position":"center center","background-size":"auto","background-attachment":"scroll","background-type":"","background-media":"","overlay-type":"","overlay-color":"","overlay-opacity":"","overlay-gradient":""}},"ast-content-background-meta":{"desktop":{"background-color":"var(--ast-global-color-5)","background-image":"","background-repeat":"repeat","background-position":"center center","background-size":"auto","background-attachment":"scroll","background-type":"","background-media":"","overlay-type":"","overlay-color":"","overlay-opacity":"","overlay-gradient":""},"tablet":{"background-color":"var(--ast-global-color-5)","background-image":"","background-repeat":"repeat","background-position":"center center","background-size":"auto","background-attachment":"scroll","background-type":"","background-media":"","overlay-type":"","overlay-color":"","overlay-opacity":"","overlay-gradient":""},"mobile":{"background-color":"var(--ast-global-color-5)","background-image":"","background-repeat":"repeat","background-position":"center center","background-size":"auto","background-attachment":"scroll","background-type":"","background-media":"","overlay-type":"","overlay-color":"","overlay-opacity":"","overlay-gradient":""}}},"product_brand":[],"product_cat":[76],"product_tag":[],"class_list":{"0":"post-8352","1":"product","2":"type-product","3":"status-publish","4":"has-post-thumbnail","6":"product_cat-producto-de-fosfatos","7":"desktop-align-center","8":"tablet-align-left","9":"mobile-align-left","11":"first","12":"instock","13":"shipping-taxable","14":"product-type-simple"},"yoast_head":"<!-- This site is optimized with the Yoast SEO plugin v26.5 - https:\/\/yoast.com\/wordpress\/plugins\/seo\/ -->\n<title>Proveedor de \u00c1cido Fosf\u00f3rico, Comprar \u00c1cido Fosf\u00f3rico 85 Precio | Niranbio Chemical<\/title>\n<meta name=\"description\" content=\"El \u00e1cido fosf\u00f3rico l\u00edquido al 85 % es un acidulante de alta pureza y grado alimenticio que se usa ampliamente en la industria de alimentos y bebidas por su sabor fuerte y \u00e1cido.\" \/>\n<meta name=\"robots\" content=\"noindex, follow, max-snippet:-1, max-image-preview:large, max-video-preview:-1\" \/>\n<meta name=\"twitter:label1\" content=\"Tiempo de lectura\" \/>\n\t<meta name=\"twitter:data1\" content=\"6 minutos\" \/>\n<script type=\"application\/ld+json\" class=\"yoast-schema-graph\">{\"@context\":\"https:\/\/schema.org\",\"@graph\":[{\"@type\":\"WebPage\",\"@id\":\"https:\/\/theo.niranbio.com\/es\/acido-fosforico-al-85.html\",\"url\":\"https:\/\/theo.niranbio.com\/es\/acido-fosforico-al-85.html\",\"name\":\"Proveedor de \u00c1cido Fosf\u00f3rico, Comprar \u00c1cido Fosf\u00f3rico 85 Precio | Niranbio Chemical\",\"isPartOf\":{\"@id\":\"https:\/\/theo.niranbio.com\/es\/#website\"},\"primaryImageOfPage\":{\"@id\":\"https:\/\/theo.niranbio.com\/es\/acido-fosforico-al-85.html#primaryimage\"},\"image\":{\"@id\":\"https:\/\/theo.niranbio.com\/es\/acido-fosforico-al-85.html#primaryimage\"},\"thumbnailUrl\":\"https:\/\/theo.niranbio.com\/wp-content\/uploads\/2024\/06\/Phosphoric-Acid.webp\",\"datePublished\":\"2024-06-19T09:26:22+00:00\",\"dateModified\":\"2024-08-15T09:06:04+00:00\",\"description\":\"El \u00e1cido fosf\u00f3rico l\u00edquido al 85 % es un acidulante de alta pureza y grado alimenticio que se usa ampliamente en la industria de alimentos y bebidas por su sabor fuerte y \u00e1cido.\",\"breadcrumb\":{\"@id\":\"https:\/\/theo.niranbio.com\/es\/acido-fosforico-al-85.html#breadcrumb\"},\"inLanguage\":\"es\",\"potentialAction\":[{\"@type\":\"ReadAction\",\"target\":[\"https:\/\/theo.niranbio.com\/es\/acido-fosforico-al-85.html\"]}]},{\"@type\":\"ImageObject\",\"inLanguage\":\"es\",\"@id\":\"https:\/\/theo.niranbio.com\/es\/acido-fosforico-al-85.html#primaryimage\",\"url\":\"https:\/\/theo.niranbio.com\/wp-content\/uploads\/2024\/06\/Phosphoric-Acid.webp\",\"contentUrl\":\"https:\/\/theo.niranbio.com\/wp-content\/uploads\/2024\/06\/Phosphoric-Acid.webp\",\"width\":600,\"height\":600,\"caption\":\"\u00c1cido fosf\u00f3rico\"},{\"@type\":\"BreadcrumbList\",\"@id\":\"https:\/\/theo.niranbio.com\/es\/acido-fosforico-al-85.html#breadcrumb\",\"itemListElement\":[{\"@type\":\"ListItem\",\"position\":1,\"name\":\"Home\",\"item\":\"https:\/\/theo.niranbio.com\/es\/\"},{\"@type\":\"ListItem\",\"position\":2,\"name\":\"Productos\",\"item\":\"https:\/\/theo.niranbio.com\/es\/productos.html\"},{\"@type\":\"ListItem\",\"position\":3,\"name\":\"Fosfatos\",\"item\":\"https:\/\/theo.niranbio.com\/es\/producto-de-fosfatos\/\"},{\"@type\":\"ListItem\",\"position\":4,\"name\":\"\u00c1cido fosf\u00f3rico al 85 %\"}]},{\"@type\":\"WebSite\",\"@id\":\"https:\/\/theo.niranbio.com\/es\/#website\",\"url\":\"https:\/\/theo.niranbio.com\/es\/\",\"name\":\"Niranbio Chemical\",\"description\":\"\",\"publisher\":{\"@id\":\"https:\/\/theo.niranbio.com\/es\/#organization\"},\"potentialAction\":[{\"@type\":\"SearchAction\",\"target\":{\"@type\":\"EntryPoint\",\"urlTemplate\":\"https:\/\/theo.niranbio.com\/es\/?s={search_term_string}\"},\"query-input\":{\"@type\":\"PropertyValueSpecification\",\"valueRequired\":true,\"valueName\":\"search_term_string\"}}],\"inLanguage\":\"es\"},{\"@type\":\"Organization\",\"@id\":\"https:\/\/theo.niranbio.com\/es\/#organization\",\"name\":\"Niranbio Chemical\",\"url\":\"https:\/\/theo.niranbio.com\/es\/\",\"logo\":{\"@type\":\"ImageObject\",\"inLanguage\":\"es\",\"@id\":\"https:\/\/theo.niranbio.com\/es\/#\/schema\/logo\/image\/\",\"url\":\"https:\/\/theo.niranbio.com\/wp-content\/uploads\/2024\/06\/Niranbio.png\",\"contentUrl\":\"https:\/\/theo.niranbio.com\/wp-content\/uploads\/2024\/06\/Niranbio.png\",\"width\":270,\"height\":100,\"caption\":\"Niranbio Chemical\"},\"image\":{\"@id\":\"https:\/\/theo.niranbio.com\/es\/#\/schema\/logo\/image\/\"}}]}<\/script>\n<!-- \/ Yoast SEO plugin. -->","yoast_head_json":{"title":"Proveedor de \u00c1cido Fosf\u00f3rico, Comprar \u00c1cido Fosf\u00f3rico 85 Precio | Niranbio Chemical","description":"El \u00e1cido fosf\u00f3rico l\u00edquido al 85 % es un acidulante de alta pureza y grado alimenticio que se usa ampliamente en la industria de alimentos y bebidas por su sabor fuerte y \u00e1cido.","robots":{"index":"noindex","follow":"follow","max-snippet":"max-snippet:-1","max-image-preview":"max-image-preview:large","max-video-preview":"max-video-preview:-1"},"twitter_misc":{"Tiempo de lectura":"6 minutos"},"schema":{"@context":"https:\/\/schema.org","@graph":[{"@type":"WebPage","@id":"https:\/\/theo.niranbio.com\/es\/acido-fosforico-al-85.html","url":"https:\/\/theo.niranbio.com\/es\/acido-fosforico-al-85.html","name":"Proveedor de \u00c1cido Fosf\u00f3rico, Comprar \u00c1cido Fosf\u00f3rico 85 Precio | Niranbio Chemical","isPartOf":{"@id":"https:\/\/theo.niranbio.com\/es\/#website"},"primaryImageOfPage":{"@id":"https:\/\/theo.niranbio.com\/es\/acido-fosforico-al-85.html#primaryimage"},"image":{"@id":"https:\/\/theo.niranbio.com\/es\/acido-fosforico-al-85.html#primaryimage"},"thumbnailUrl":"https:\/\/theo.niranbio.com\/wp-content\/uploads\/2024\/06\/Phosphoric-Acid.webp","datePublished":"2024-06-19T09:26:22+00:00","dateModified":"2024-08-15T09:06:04+00:00","description":"El \u00e1cido fosf\u00f3rico l\u00edquido al 85 % es un acidulante de alta pureza y grado alimenticio que se usa ampliamente en la industria de alimentos y bebidas por su sabor fuerte y \u00e1cido.","breadcrumb":{"@id":"https:\/\/theo.niranbio.com\/es\/acido-fosforico-al-85.html#breadcrumb"},"inLanguage":"es","potentialAction":[{"@type":"ReadAction","target":["https:\/\/theo.niranbio.com\/es\/acido-fosforico-al-85.html"]}]},{"@type":"ImageObject","inLanguage":"es","@id":"https:\/\/theo.niranbio.com\/es\/acido-fosforico-al-85.html#primaryimage","url":"https:\/\/theo.niranbio.com\/wp-content\/uploads\/2024\/06\/Phosphoric-Acid.webp","contentUrl":"https:\/\/theo.niranbio.com\/wp-content\/uploads\/2024\/06\/Phosphoric-Acid.webp","width":600,"height":600,"caption":"\u00c1cido fosf\u00f3rico"},{"@type":"BreadcrumbList","@id":"https:\/\/theo.niranbio.com\/es\/acido-fosforico-al-85.html#breadcrumb","itemListElement":[{"@type":"ListItem","position":1,"name":"Home","item":"https:\/\/theo.niranbio.com\/es\/"},{"@type":"ListItem","position":2,"name":"Productos","item":"https:\/\/theo.niranbio.com\/es\/productos.html"},{"@type":"ListItem","position":3,"name":"Fosfatos","item":"https:\/\/theo.niranbio.com\/es\/producto-de-fosfatos\/"},{"@type":"ListItem","position":4,"name":"\u00c1cido fosf\u00f3rico al 85 %"}]},{"@type":"WebSite","@id":"https:\/\/theo.niranbio.com\/es\/#website","url":"https:\/\/theo.niranbio.com\/es\/","name":"Niranbio Chemical","description":"","publisher":{"@id":"https:\/\/theo.niranbio.com\/es\/#organization"},"potentialAction":[{"@type":"SearchAction","target":{"@type":"EntryPoint","urlTemplate":"https:\/\/theo.niranbio.com\/es\/?s={search_term_string}"},"query-input":{"@type":"PropertyValueSpecification","valueRequired":true,"valueName":"search_term_string"}}],"inLanguage":"es"},{"@type":"Organization","@id":"https:\/\/theo.niranbio.com\/es\/#organization","name":"Niranbio Chemical","url":"https:\/\/theo.niranbio.com\/es\/","logo":{"@type":"ImageObject","inLanguage":"es","@id":"https:\/\/theo.niranbio.com\/es\/#\/schema\/logo\/image\/","url":"https:\/\/theo.niranbio.com\/wp-content\/uploads\/2024\/06\/Niranbio.png","contentUrl":"https:\/\/theo.niranbio.com\/wp-content\/uploads\/2024\/06\/Niranbio.png","width":270,"height":100,"caption":"Niranbio Chemical"},"image":{"@id":"https:\/\/theo.niranbio.com\/es\/#\/schema\/logo\/image\/"}}]}},"_links":{"self":[{"href":"https:\/\/theo.niranbio.com\/es\/wp-json\/wp\/v2\/product\/8352","targetHints":{"allow":["GET"]}}],"collection":[{"href":"https:\/\/theo.niranbio.com\/es\/wp-json\/wp\/v2\/product"}],"about":[{"href":"https:\/\/theo.niranbio.com\/es\/wp-json\/wp\/v2\/types\/product"}],"version-history":[{"count":0,"href":"https:\/\/theo.niranbio.com\/es\/wp-json\/wp\/v2\/product\/8352\/revisions"}],"wp:featuredmedia":[{"embeddable":true,"href":"https:\/\/theo.niranbio.com\/es\/wp-json\/wp\/v2\/media\/5568"}],"wp:attachment":[{"href":"https:\/\/theo.niranbio.com\/es\/wp-json\/wp\/v2\/media?parent=8352"}],"wp:term":[{"taxonomy":"product_brand","embeddable":true,"href":"https:\/\/theo.niranbio.com\/es\/wp-json\/wp\/v2\/product_brand?post=8352"},{"taxonomy":"product_cat","embeddable":true,"href":"https:\/\/theo.niranbio.com\/es\/wp-json\/wp\/v2\/product_cat?post=8352"},{"taxonomy":"product_tag","embeddable":true,"href":"https:\/\/theo.niranbio.com\/es\/wp-json\/wp\/v2\/product_tag?post=8352"}],"curies":[{"name":"wp","href":"https:\/\/api.w.org\/{rel}","templated":true}]}}