{"id":8338,"date":"2024-06-19T17:28:10","date_gmt":"2024-06-19T09:28:10","guid":{"rendered":"https:\/\/theo.niranbio.com\/pirofosfato-acido-de-sodio\/"},"modified":"2024-08-15T17:05:36","modified_gmt":"2024-08-15T09:05:36","slug":"pirofosfato-acido-de-sodio","status":"publish","type":"product","link":"https:\/\/theo.niranbio.com\/es\/pirofosfato-acido-de-sodio.html","title":{"rendered":"Pirofosfato \u00e1cido de sodio"},"content":{"rendered":"<h2><span class=\"ez-toc-section\" id=\"Metodos_de_produccion_de_pirofosfato_acido_de_sodio\"><\/span>M\u00e9todos de producci\u00f3n de pirofosfato \u00e1cido de sodio<span class=\"ez-toc-section-end\"><\/span><\/h2>\n<p>Existen varios m\u00e9todos principales de producci\u00f3n de pirofosfato \u00e1cido de sodio:<\/p>\n<p>1. M\u00e9todo t\u00e9rmico: debido a su alta eficiencia y econom\u00eda, el m\u00e9todo t\u00e9rmico es actualmente el m\u00e9todo principal para producir pirofosfato \u00e1cido de sodio en China.<\/p>\n<p>2. M\u00e9todo de neutralizaci\u00f3n: es adecuado para ocasiones con altos requisitos de pureza del producto, pero la complejidad y el costo del proceso son ligeramente m\u00e1s altos que el m\u00e9todo t\u00e9rmico.<\/p>\n<h2><span class=\"ez-toc-section\" id=\"Parametros_relacionados\"><\/span>Par\u00e1metros relacionados:<span class=\"ez-toc-section-end\"><\/span><\/h2>\n<table>\n<tbody>\n<tr>\n<td><strong>Items<\/strong><\/td>\n<td><strong>Units<\/strong><\/td>\n<td><strong>Specifications<\/strong><\/td>\n<\/tr>\n<tr>\n<td>Ensayo, \u03c9<\/td>\n<td>%<\/td>\n<td>M\u00edn. 95<\/td>\n<\/tr>\n<tr>\n<td>P2O5<\/td>\n<td>%<\/td>\n<td>63.0~64.5<\/td>\n<\/tr>\n<tr>\n<td>Insoluble en agua, \u03c9<\/td>\n<td>%<\/td>\n<td>M\u00e1x.<br \/>\n0.5<\/td>\n<\/tr>\n<tr>\n<td>pH (soluci\u00f3n al 1%)<\/td>\n<td><\/td>\n<td>4.0~4.6<\/td>\n<\/tr>\n<tr>\n<td>Como<\/td>\n<td>mg\/kg<\/td>\n<td>M\u00e1x. 3<\/td>\n<\/tr>\n<tr>\n<td>Metal pesado<\/td>\n<td>mg\/kg<\/td>\n<td>M\u00e1x.<br \/>\n10<\/td>\n<\/tr>\n<tr>\n<td>Pb<\/td>\n<td>mg\/kg<\/td>\n<td>M\u00e1x. 2<\/td>\n<\/tr>\n<tr>\n<td>F<\/td>\n<td>mg\/kg<\/td>\n<td>M\u00e1x.<br \/>\n20<\/td>\n<\/tr>\n<tr>\n<td>Blancura<\/td>\n<td>%<\/td>\n<td>M\u00edn. 90<\/td>\n<\/tr>\n<tr>\n<td>ROR, v<\/td>\n<td>%<\/td>\n<td>26~30<\/td>\n<\/tr>\n<tr>\n<td>Ortofosfato<\/td>\n<td><\/td>\n<td>Prueba superada<\/td>\n<\/tr>\n<tr>\n<td>Densidad aparente<\/td>\n<td>g\/cm 3<\/td>\n<td>M\u00edn. 0.7<\/td>\n<\/tr>\n<tr>\n<td>Tama\u00f1o de las part\u00edculas (- 100 mallas), \u03c9<\/td>\n<td>%<\/td>\n<td>M\u00edn.90<\/td>\n<\/tr>\n<\/tbody>\n<\/table>\n<h2><span class=\"ez-toc-section\" id=\"Dosis_recomendada\"><\/span>Dosis recomendada<span class=\"ez-toc-section-end\"><\/span><\/h2>\n<table>\n<tbody>\n<tr>\n<td><strong>Food Name<\/strong><\/td>\n<td><strong>Maximum usage(g\/kg)<\/strong><\/td>\n<\/tr>\n<tr>\n<td>Pan<\/td>\n<td>5 g\/kg<\/td>\n<\/tr>\n<tr>\n<td>Pastel<\/td>\n<td>4 g\/kg<\/td>\n<\/tr>\n<tr>\n<td>Galletas<\/td>\n<td>3 g\/kg<\/td>\n<\/tr>\n<tr>\n<td>Levadura instant\u00e1nea en polvo<\/td>\n<td>20 g\/kg<\/td>\n<\/tr>\n<tr>\n<td>Mejorador de harina<\/td>\n<td>2 g\/kg<\/td>\n<\/tr>\n<tr>\n<td>Agente de inclinaci\u00f3n<\/td>\n<td>10 g\/kg<\/td>\n<\/tr>\n<tr>\n<td>Alimentos congelados r\u00e1pidamente<\/td>\n<td>5 g\/kg<\/td>\n<\/tr>\n<tr>\n<td>Patatas fritas<\/td>\n<td>3 g\/kg<\/td>\n<\/tr>\n<tr>\n<td>Chocolate<\/td>\n<td>2 g\/kg<\/td>\n<\/tr>\n<tr>\n<td>Queso<\/td>\n<td>5 g\/kg<\/td>\n<\/tr>\n<tr>\n<td>Yogur<\/td>\n<td>3 g\/kg<\/td>\n<\/tr>\n<tr>\n<td>Carne curada<\/td>\n<td>3 g\/kg<\/td>\n<\/tr>\n<tr>\n<td>Productos de surimi<\/td>\n<td>4 g\/kg<\/td>\n<\/tr>\n<tr>\n<td>Salsa<\/td>\n<td>4 g\/kg<\/td>\n<\/tr>\n<tr>\n<td>Productos amil\u00e1ceos<\/td>\n<td>4 g\/kg<\/td>\n<\/tr>\n<tr>\n<td>Productos c\u00e1rnicos<\/td>\n<td>5 g\/kg<\/td>\n<\/tr>\n<\/tbody>\n<\/table>\n<h2><span class=\"ez-toc-section\" id=\"El_pirofosfato_acido_de_sodio_tiene_una_amplia_gama_de_usos\"><\/span>El pirofosfato \u00e1cido de sodio tiene una amplia gama de usos<span class=\"ez-toc-section-end\"><\/span><\/h2>\n<ol>\n<li>Agente leudante: SAPP se utiliza a menudo como agente leudante en productos horneados.<\/li>\n<li>Agente quelante: puede unirse a iones met\u00e1licos para evitar cambios adversos causados \u200b\u200bpor iones met\u00e1licos en los alimentos, como evitar que las frutas y verduras se doren.<\/li>\n<li>Amortiguador: SAPP puede estabilizar el valor de pH de los alimentos y evitar que la calidad de los alimentos se deteriore debido a los cambios de pH durante el almacenamiento.<\/li>\n<li>Emulsionante: en algunos productos l\u00e1cteos y condimentos, puede estabilizar el estado emulsionado y evitar la estratificaci\u00f3n.<\/li>\n<li>Humedecedor: en productos c\u00e1rnicos, puede retener la humedad y aumentar la ternura y las propiedades hidratantes del producto.<\/li>\n<\/ol>\n<h2><span class=\"ez-toc-section\" id=\"Pregunta_formulada_por_un_usuario\"><\/span>Pregunta formulada por un usuario:<span class=\"ez-toc-section-end\"><\/span><\/h2>\n<p><strong>Pregunta: \u00bfCu\u00e1l es la diferencia entre el pirofosfato de sodio \u00e1cido y el pirofosfato de sodio?<\/strong><\/p>\n<p>Respuesta: El pirofosfato de sodio \u00e1cido tiene una acidez fuerte y su apariencia es de cristales blancos o polvo. Es f\u00e1cilmente soluble en agua y produce una soluci\u00f3n \u00e1cida cuando se disuelve. Puede producir hidr\u00f3xido de sodio en la soluci\u00f3n acuosa y descomponer fosfatos y di\u00f3xido de carbono. El pirofosfato de sodio no es \u00e1cido y su apariencia tambi\u00e9n es de cristales blancos o polvo. Sin embargo, no es tan soluble en agua como el pirofosfato de sodio \u00e1cido. Su soluci\u00f3n es neutra o d\u00e9bilmente alcalina, relativamente estable y no es f\u00e1cil de descomponer. Se utiliza principalmente en el procesamiento de metales, cer\u00e1mica y electr\u00f3nica. Puede mejorar el brillo de la superficie de los objetos y mejorar la flexibilidad y soldabilidad de las superficies met\u00e1licas.<\/p>\n<p><strong>Pregunta: Hasta ahora, \u00bfc\u00f3mo est\u00e1 el mercado interno de pirofosfato \u00e1cido de sodio? \u00bfQu\u00e9 mercado extranjero tiene mayor impacto? <\/strong><\/p>\n<p>Respuesta: En 2024, el mercado interno de pirofosfato \u00e1cido de sodio (SAPP) en China est\u00e1 experimentando un crecimiento constante. La demanda est\u00e1 impulsada principalmente por su uso generalizado en la industria alimentaria, particularmente como agente leudante. A nivel internacional, se espera que la regi\u00f3n de Asia y el Pac\u00edfico (APAC) domine el mercado de SAPP en los pr\u00f3ximos a\u00f1os debido a la r\u00e1pida industrializaci\u00f3n. El crecimiento del mercado de esta regi\u00f3n impacta significativamente a otros mercados globales, particularmente Am\u00e9rica del Norte y Europa, al influir en las cadenas de suministro y las estrategias de precios. Los desaf\u00edos globales clave incluyen tensiones geopol\u00edticas que afectan los precios de las materias primas y tasas de recuperaci\u00f3n econ\u00f3mica variables en las regiones. A pesar de estos desaf\u00edos, existen oportunidades significativas para que los actores del mercado inviertan en nuevas tecnolog\u00edas y pr\u00e1cticas sostenibles para mantener el crecimiento y la resiliencia.<\/p>\n","protected":false},"excerpt":{"rendered":"<ul>\n<li>CAS: 7758-16-9<\/li>\n<li>F\u00f3rmula qu\u00edmica: Na<sub>2<\/sub>H<sub>2<\/sub>P<sub>2<\/sub>O<sub>7<\/sub><\/li>\n<li>Certificaciones: KOSHER, ISO, HALAL, FSSC 22000, BRC, etc.<\/li>\n<li>Norma: GB25567-2010\/FCC VII<\/li>\n<li>Cantidad m\u00ednima de pedido: 1000KG<\/li>\n<li>Caducidad: 2 a\u00f1os<\/li>\n<\/ul>\n","protected":false},"featured_media":5562,"template":"","meta":{"site-sidebar-layout":"default","site-content-layout":"","ast-site-content-layout":"default","site-content-style":"default","site-sidebar-style":"default","ast-global-header-display":"","ast-banner-title-visibility":"","ast-main-header-display":"","ast-hfb-above-header-display":"","ast-hfb-below-header-display":"","ast-hfb-mobile-header-display":"","site-post-title":"","ast-breadcrumbs-content":"","ast-featured-img":"","footer-sml-layout":"","theme-transparent-header-meta":"default","adv-header-id-meta":"","stick-header-meta":"","header-above-stick-meta":"","header-main-stick-meta":"","header-below-stick-meta":"","astra-migrate-meta-layouts":"set","ast-page-background-enabled":"default","ast-page-background-meta":{"desktop":{"background-color":"var(--ast-global-color-4)","background-image":"","background-repeat":"repeat","background-position":"center center","background-size":"auto","background-attachment":"scroll","background-type":"","background-media":"","overlay-type":"","overlay-color":"","overlay-opacity":"","overlay-gradient":""},"tablet":{"background-color":"","background-image":"","background-repeat":"repeat","background-position":"center center","background-size":"auto","background-attachment":"scroll","background-type":"","background-media":"","overlay-type":"","overlay-color":"","overlay-opacity":"","overlay-gradient":""},"mobile":{"background-color":"","background-image":"","background-repeat":"repeat","background-position":"center center","background-size":"auto","background-attachment":"scroll","background-type":"","background-media":"","overlay-type":"","overlay-color":"","overlay-opacity":"","overlay-gradient":""}},"ast-content-background-meta":{"desktop":{"background-color":"var(--ast-global-color-5)","background-image":"","background-repeat":"repeat","background-position":"center center","background-size":"auto","background-attachment":"scroll","background-type":"","background-media":"","overlay-type":"","overlay-color":"","overlay-opacity":"","overlay-gradient":""},"tablet":{"background-color":"var(--ast-global-color-5)","background-image":"","background-repeat":"repeat","background-position":"center center","background-size":"auto","background-attachment":"scroll","background-type":"","background-media":"","overlay-type":"","overlay-color":"","overlay-opacity":"","overlay-gradient":""},"mobile":{"background-color":"var(--ast-global-color-5)","background-image":"","background-repeat":"repeat","background-position":"center center","background-size":"auto","background-attachment":"scroll","background-type":"","background-media":"","overlay-type":"","overlay-color":"","overlay-opacity":"","overlay-gradient":""}}},"product_brand":[],"product_cat":[76],"product_tag":[],"class_list":{"0":"post-8338","1":"product","2":"type-product","3":"status-publish","4":"has-post-thumbnail","6":"product_cat-producto-de-fosfatos","7":"desktop-align-center","8":"tablet-align-left","9":"mobile-align-left","11":"first","12":"instock","13":"shipping-taxable","14":"product-type-simple"},"yoast_head":"<!-- This site is optimized with the Yoast SEO plugin v26.5 - https:\/\/yoast.com\/wordpress\/plugins\/seo\/ -->\n<title>Pirofosfato \u00c1cido de Sodio, Aditivo de Grado Alimenticio 28, 40 | Niranbio Chemical<\/title>\n<meta name=\"description\" content=\"Nuestro pirofosfato \u00e1cido de sodio es un ingrediente vers\u00e1til de grado alimenticio disponible en grados 28 y 40. Viene como un polvo fino blanco o granos, envasado en bolsas de papel de 25 kg.\" \/>\n<meta name=\"robots\" content=\"noindex, follow, max-snippet:-1, max-image-preview:large, max-video-preview:-1\" \/>\n<meta name=\"twitter:label1\" content=\"Tiempo de lectura\" \/>\n\t<meta name=\"twitter:data1\" content=\"4 minutos\" \/>\n<script type=\"application\/ld+json\" class=\"yoast-schema-graph\">{\"@context\":\"https:\/\/schema.org\",\"@graph\":[{\"@type\":\"WebPage\",\"@id\":\"https:\/\/theo.niranbio.com\/es\/pirofosfato-acido-de-sodio.html\",\"url\":\"https:\/\/theo.niranbio.com\/es\/pirofosfato-acido-de-sodio.html\",\"name\":\"Pirofosfato \u00c1cido de Sodio, Aditivo de Grado Alimenticio 28, 40 | Niranbio Chemical\",\"isPartOf\":{\"@id\":\"https:\/\/theo.niranbio.com\/es\/#website\"},\"primaryImageOfPage\":{\"@id\":\"https:\/\/theo.niranbio.com\/es\/pirofosfato-acido-de-sodio.html#primaryimage\"},\"image\":{\"@id\":\"https:\/\/theo.niranbio.com\/es\/pirofosfato-acido-de-sodio.html#primaryimage\"},\"thumbnailUrl\":\"https:\/\/theo.niranbio.com\/wp-content\/uploads\/2024\/06\/SAPP2.webp\",\"datePublished\":\"2024-06-19T09:28:10+00:00\",\"dateModified\":\"2024-08-15T09:05:36+00:00\",\"description\":\"Nuestro pirofosfato \u00e1cido de sodio es un ingrediente vers\u00e1til de grado alimenticio disponible en grados 28 y 40. Viene como un polvo fino blanco o granos, envasado en bolsas de papel de 25 kg.\",\"breadcrumb\":{\"@id\":\"https:\/\/theo.niranbio.com\/es\/pirofosfato-acido-de-sodio.html#breadcrumb\"},\"inLanguage\":\"es\",\"potentialAction\":[{\"@type\":\"ReadAction\",\"target\":[\"https:\/\/theo.niranbio.com\/es\/pirofosfato-acido-de-sodio.html\"]}]},{\"@type\":\"ImageObject\",\"inLanguage\":\"es\",\"@id\":\"https:\/\/theo.niranbio.com\/es\/pirofosfato-acido-de-sodio.html#primaryimage\",\"url\":\"https:\/\/theo.niranbio.com\/wp-content\/uploads\/2024\/06\/SAPP2.webp\",\"contentUrl\":\"https:\/\/theo.niranbio.com\/wp-content\/uploads\/2024\/06\/SAPP2.webp\",\"width\":600,\"height\":600,\"caption\":\"Pirofosfato \u00e1cido de sodio (SAAP)\"},{\"@type\":\"BreadcrumbList\",\"@id\":\"https:\/\/theo.niranbio.com\/es\/pirofosfato-acido-de-sodio.html#breadcrumb\",\"itemListElement\":[{\"@type\":\"ListItem\",\"position\":1,\"name\":\"Home\",\"item\":\"https:\/\/theo.niranbio.com\/es\/\"},{\"@type\":\"ListItem\",\"position\":2,\"name\":\"Productos\",\"item\":\"https:\/\/theo.niranbio.com\/es\/productos.html\"},{\"@type\":\"ListItem\",\"position\":3,\"name\":\"Fosfatos\",\"item\":\"https:\/\/theo.niranbio.com\/es\/producto-de-fosfatos\/\"},{\"@type\":\"ListItem\",\"position\":4,\"name\":\"Pirofosfato \u00e1cido de sodio\"}]},{\"@type\":\"WebSite\",\"@id\":\"https:\/\/theo.niranbio.com\/es\/#website\",\"url\":\"https:\/\/theo.niranbio.com\/es\/\",\"name\":\"Niranbio Chemical\",\"description\":\"\",\"publisher\":{\"@id\":\"https:\/\/theo.niranbio.com\/es\/#organization\"},\"potentialAction\":[{\"@type\":\"SearchAction\",\"target\":{\"@type\":\"EntryPoint\",\"urlTemplate\":\"https:\/\/theo.niranbio.com\/es\/?s={search_term_string}\"},\"query-input\":{\"@type\":\"PropertyValueSpecification\",\"valueRequired\":true,\"valueName\":\"search_term_string\"}}],\"inLanguage\":\"es\"},{\"@type\":\"Organization\",\"@id\":\"https:\/\/theo.niranbio.com\/es\/#organization\",\"name\":\"Niranbio Chemical\",\"url\":\"https:\/\/theo.niranbio.com\/es\/\",\"logo\":{\"@type\":\"ImageObject\",\"inLanguage\":\"es\",\"@id\":\"https:\/\/theo.niranbio.com\/es\/#\/schema\/logo\/image\/\",\"url\":\"https:\/\/theo.niranbio.com\/wp-content\/uploads\/2024\/06\/Niranbio.png\",\"contentUrl\":\"https:\/\/theo.niranbio.com\/wp-content\/uploads\/2024\/06\/Niranbio.png\",\"width\":270,\"height\":100,\"caption\":\"Niranbio Chemical\"},\"image\":{\"@id\":\"https:\/\/theo.niranbio.com\/es\/#\/schema\/logo\/image\/\"}}]}<\/script>\n<!-- \/ Yoast SEO plugin. -->","yoast_head_json":{"title":"Pirofosfato \u00c1cido de Sodio, Aditivo de Grado Alimenticio 28, 40 | Niranbio Chemical","description":"Nuestro pirofosfato \u00e1cido de sodio es un ingrediente vers\u00e1til de grado alimenticio disponible en grados 28 y 40. Viene como un polvo fino blanco o granos, envasado en bolsas de papel de 25 kg.","robots":{"index":"noindex","follow":"follow","max-snippet":"max-snippet:-1","max-image-preview":"max-image-preview:large","max-video-preview":"max-video-preview:-1"},"twitter_misc":{"Tiempo de lectura":"4 minutos"},"schema":{"@context":"https:\/\/schema.org","@graph":[{"@type":"WebPage","@id":"https:\/\/theo.niranbio.com\/es\/pirofosfato-acido-de-sodio.html","url":"https:\/\/theo.niranbio.com\/es\/pirofosfato-acido-de-sodio.html","name":"Pirofosfato \u00c1cido de Sodio, Aditivo de Grado Alimenticio 28, 40 | Niranbio Chemical","isPartOf":{"@id":"https:\/\/theo.niranbio.com\/es\/#website"},"primaryImageOfPage":{"@id":"https:\/\/theo.niranbio.com\/es\/pirofosfato-acido-de-sodio.html#primaryimage"},"image":{"@id":"https:\/\/theo.niranbio.com\/es\/pirofosfato-acido-de-sodio.html#primaryimage"},"thumbnailUrl":"https:\/\/theo.niranbio.com\/wp-content\/uploads\/2024\/06\/SAPP2.webp","datePublished":"2024-06-19T09:28:10+00:00","dateModified":"2024-08-15T09:05:36+00:00","description":"Nuestro pirofosfato \u00e1cido de sodio es un ingrediente vers\u00e1til de grado alimenticio disponible en grados 28 y 40. Viene como un polvo fino blanco o granos, envasado en bolsas de papel de 25 kg.","breadcrumb":{"@id":"https:\/\/theo.niranbio.com\/es\/pirofosfato-acido-de-sodio.html#breadcrumb"},"inLanguage":"es","potentialAction":[{"@type":"ReadAction","target":["https:\/\/theo.niranbio.com\/es\/pirofosfato-acido-de-sodio.html"]}]},{"@type":"ImageObject","inLanguage":"es","@id":"https:\/\/theo.niranbio.com\/es\/pirofosfato-acido-de-sodio.html#primaryimage","url":"https:\/\/theo.niranbio.com\/wp-content\/uploads\/2024\/06\/SAPP2.webp","contentUrl":"https:\/\/theo.niranbio.com\/wp-content\/uploads\/2024\/06\/SAPP2.webp","width":600,"height":600,"caption":"Pirofosfato \u00e1cido de sodio (SAAP)"},{"@type":"BreadcrumbList","@id":"https:\/\/theo.niranbio.com\/es\/pirofosfato-acido-de-sodio.html#breadcrumb","itemListElement":[{"@type":"ListItem","position":1,"name":"Home","item":"https:\/\/theo.niranbio.com\/es\/"},{"@type":"ListItem","position":2,"name":"Productos","item":"https:\/\/theo.niranbio.com\/es\/productos.html"},{"@type":"ListItem","position":3,"name":"Fosfatos","item":"https:\/\/theo.niranbio.com\/es\/producto-de-fosfatos\/"},{"@type":"ListItem","position":4,"name":"Pirofosfato \u00e1cido de sodio"}]},{"@type":"WebSite","@id":"https:\/\/theo.niranbio.com\/es\/#website","url":"https:\/\/theo.niranbio.com\/es\/","name":"Niranbio Chemical","description":"","publisher":{"@id":"https:\/\/theo.niranbio.com\/es\/#organization"},"potentialAction":[{"@type":"SearchAction","target":{"@type":"EntryPoint","urlTemplate":"https:\/\/theo.niranbio.com\/es\/?s={search_term_string}"},"query-input":{"@type":"PropertyValueSpecification","valueRequired":true,"valueName":"search_term_string"}}],"inLanguage":"es"},{"@type":"Organization","@id":"https:\/\/theo.niranbio.com\/es\/#organization","name":"Niranbio Chemical","url":"https:\/\/theo.niranbio.com\/es\/","logo":{"@type":"ImageObject","inLanguage":"es","@id":"https:\/\/theo.niranbio.com\/es\/#\/schema\/logo\/image\/","url":"https:\/\/theo.niranbio.com\/wp-content\/uploads\/2024\/06\/Niranbio.png","contentUrl":"https:\/\/theo.niranbio.com\/wp-content\/uploads\/2024\/06\/Niranbio.png","width":270,"height":100,"caption":"Niranbio Chemical"},"image":{"@id":"https:\/\/theo.niranbio.com\/es\/#\/schema\/logo\/image\/"}}]}},"_links":{"self":[{"href":"https:\/\/theo.niranbio.com\/es\/wp-json\/wp\/v2\/product\/8338","targetHints":{"allow":["GET"]}}],"collection":[{"href":"https:\/\/theo.niranbio.com\/es\/wp-json\/wp\/v2\/product"}],"about":[{"href":"https:\/\/theo.niranbio.com\/es\/wp-json\/wp\/v2\/types\/product"}],"version-history":[{"count":0,"href":"https:\/\/theo.niranbio.com\/es\/wp-json\/wp\/v2\/product\/8338\/revisions"}],"wp:featuredmedia":[{"embeddable":true,"href":"https:\/\/theo.niranbio.com\/es\/wp-json\/wp\/v2\/media\/5562"}],"wp:attachment":[{"href":"https:\/\/theo.niranbio.com\/es\/wp-json\/wp\/v2\/media?parent=8338"}],"wp:term":[{"taxonomy":"product_brand","embeddable":true,"href":"https:\/\/theo.niranbio.com\/es\/wp-json\/wp\/v2\/product_brand?post=8338"},{"taxonomy":"product_cat","embeddable":true,"href":"https:\/\/theo.niranbio.com\/es\/wp-json\/wp\/v2\/product_cat?post=8338"},{"taxonomy":"product_tag","embeddable":true,"href":"https:\/\/theo.niranbio.com\/es\/wp-json\/wp\/v2\/product_tag?post=8338"}],"curies":[{"name":"wp","href":"https:\/\/api.w.org\/{rel}","templated":true}]}}