{"id":8325,"date":"2024-06-20T08:49:02","date_gmt":"2024-06-20T00:49:02","guid":{"rendered":"https:\/\/theo.niranbio.com\/acido-dl-tartarico\/"},"modified":"2024-08-15T13:53:08","modified_gmt":"2024-08-15T05:53:08","slug":"acido-dl-tartarico","status":"publish","type":"product","link":"https:\/\/theo.niranbio.com\/es\/acido-dl-tartarico.html","title":{"rendered":"\u00c1cido DL-tart\u00e1rico"},"content":{"rendered":"<h2><span class=\"ez-toc-section\" id=\"%C2%BFQue_es_el_acido_DL-tartarico\"><\/span>\u00bfQu\u00e9 es el \u00e1cido DL-tart\u00e1rico?<span class=\"ez-toc-section-end\"><\/span><\/h2>\n<p>El \u00e1cido DL-tart\u00e1rico se presenta en forma de cristales o polvos blancos, sin olor irritante. El \u00e1cido DL-tart\u00e1rico se presenta en forma de cristales o polvos blancos, no tiene olor acre, es relativamente estable en el aire y se puede utilizar como acidulante en diversos alimentos. Su acidez es 1 veces mayor que la del \u00e1cido c\u00edtrico. Los m\u00e9todos de producci\u00f3n industrial del \u00e1cido tart\u00e1rico incluyen principalmente la extracci\u00f3n, la s\u00edntesis qu\u00edmica, la semis\u00edntesis y la fermentaci\u00f3n, entre los cuales el m\u00e1s popular en China es la s\u00edntesis qu\u00edmica.<\/p>\n<h3><span class=\"ez-toc-section\" id=\"1_Metodo_de_extraccion\"><\/span>1. M\u00e9todo de extracci\u00f3n<span class=\"ez-toc-section-end\"><\/span><\/h3>\n<p>El \u00e1cido tart\u00e1rico se extrae en primer lugar del sedimento del fondo del proceso de elaboraci\u00f3n del vino. Los principales componentes de esta sustancia son el \u00e1cido tart\u00e1rico y la sal de hidr\u00f3geno de potasio. El t\u00e1rtaro se tritura y se disuelve, luego se hace reaccionar con hidr\u00f3xido de calcio y luego se agrega cloruro de calcio para convertirlo en sal de calcio. La acidificaci\u00f3n con un ligero exceso de \u00e1cido sulf\u00farico obtiene \u00e1cido tart\u00e1rico libre, que luego se concentra, se refina y se seca para obtener \u00e1cido tart\u00e1rico s\u00f3lido.<\/p>\n<h3><span class=\"ez-toc-section\" id=\"2_Metodo_de_sintesis_quimica\"><\/span>2. M\u00e9todo de s\u00edntesis qu\u00edmica<span class=\"ez-toc-section-end\"><\/span><\/h3>\n<p>\uff081\uff09Oxidaci\u00f3n de benceno o naftaleno para obtener \u00e1cido maleico y \u00e1cido fum\u00e1rico, y luego agregar per\u00f3xido de hidr\u00f3geno para reaccionar para obtener \u00e1cido DL-tart\u00e1rico. \uff082\uff09El anh\u00eddrido maleico tambi\u00e9n se puede utilizar como materia prima, per\u00f3xido de hidr\u00f3geno como oxidante y \u00e1cido t\u00fangstico como catalizador para generar \u00e1cido epoxi succ\u00ednico, que finalmente se hidroliza para obtener \u00e1cido tart\u00e1rico, y luego el producto de \u00e1cido tart\u00e1rico se obtiene finalmente mediante enfriamiento, cristalizaci\u00f3n, separaci\u00f3n, secado y otros medios de proceso.<\/p>\n<h3><span class=\"ez-toc-section\" id=\"3_Metodo_semisintetico\"><\/span>3. M\u00e9todo semisint\u00e9tico<span class=\"ez-toc-section-end\"><\/span><\/h3>\n<p>El \u00e1cido maleico se epoxida primero para generar \u00e1cido cis-epoxi succ\u00ednico y sus sales, y luego se utiliza la hidrolasa del \u00e1cido epoxi succ\u00ednico para hidrolizarlo y obtener \u00e1cido tart\u00e1rico. Otro m\u00e9todo es utilizar cis-epoxisuccinato dis\u00f3dico como precursor y finalmente obtener \u00e1cido tart\u00e1rico mediante fermentaci\u00f3n. En la actualidad, la tasa de bioconversi\u00f3n del \u00e1cido tart\u00e1rico obtenido mediante fermentaci\u00f3n de laboratorio con \u00e1cido cis-epoxi succ\u00ednico dis\u00f3dico como sustrato es del 100%. El m\u00e9todo semisint\u00e9tico no solo puede mejorar la tasa de conversi\u00f3n, sino tambi\u00e9n extraer productos con alta pureza y buena seguridad.<\/p>\n<h3><span class=\"ez-toc-section\" id=\"4_Metodo_de_fermentacion\"><\/span>4. M\u00e9todo de fermentaci\u00f3n<span class=\"ez-toc-section-end\"><\/span><\/h3>\n<p>El m\u00e9todo de fermentaci\u00f3n utiliza c\u00e9lulas microbianas para convertir compuestos que contienen carbono, como la glucosa y sus derivados, \u00e1cidos org\u00e1nicos, etc., en \u00e1cido tart\u00e1rico. En t\u00e9rminos generales, la inversi\u00f3n en la producci\u00f3n por fermentaci\u00f3n es relativamente peque\u00f1a y el costo es solo una fracci\u00f3n del m\u00e9todo de s\u00edntesis qu\u00edmica. Es f\u00e1cil de operar, tiene una amplia fuente de materias primas y no tiene los problemas de contaminaci\u00f3n causados \u200b\u200bpor los m\u00e9todos qu\u00edmicos.<\/p>\n<h2><span class=\"ez-toc-section\" id=\"Parametros_relacionados\"><\/span>Par\u00e1metros relacionados:<span class=\"ez-toc-section-end\"><\/span><\/h2>\n<table>\n<tbody>\n<tr>\n<td colspan=\"2\">T\u00cdTULO DEL \u00cdNDICE<\/td>\n<td>\u00cdNDICE<\/td>\n<td>RESULTADO<\/td>\n<\/tr>\n<tr>\n<td rowspan=\"2\">Requisitos sensoriales<\/td>\n<td>Color<\/td>\n<td>Blanco<\/td>\n<td>Blanco<\/td>\n<\/tr>\n<tr>\n<td>Forma<\/td>\n<td>Part\u00edculas o polvo<\/td>\n<td>Part\u00edculas<\/td>\n<\/tr>\n<tr>\n<td colspan=\"2\">Determinaci\u00f3n (En base seca C4H6O6) %<\/td>\n<td>\u226599.5<\/td>\n<td>99.8<\/td>\n<\/tr>\n<tr>\n<td colspan=\"2\">Punto de fusi\u00f3n: \u2103<\/td>\n<td>200-206<\/td>\n<td>203.2-204.1<\/td>\n<\/tr>\n<tr>\n<td colspan=\"2\">P\u00e9rdida por desecaci\u00f3n: %.<\/td>\n<td>\u22640.5<\/td>\n<td>0.02<\/td>\n<\/tr>\n<tr>\n<td colspan=\"2\">Residuo en ignici\u00f3n: %.<\/td>\n<td>\u22640.1<\/td>\n<td>0.04<\/td>\n<\/tr>\n<tr>\n<td colspan=\"2\">Prueba de sulfato: %.<\/td>\n<td>\u22640.04<\/td>\n<td>&lt;0.04<\/td>\n<\/tr>\n<tr>\n<td colspan=\"2\">Sustancias f\u00e1cilmente oxidables:<\/td>\n<td>Prueba superada<\/td>\n<td>Pasa la prueba<\/td>\n<\/tr>\n<tr>\n<td colspan=\"2\">Metales pesados [Pb]: mg\/kg<\/td>\n<td>\u226410.0<\/td>\n<td>&lt;10.0<\/td>\n<\/tr>\n<tr>\n<td colspan=\"2\">Ars\u00e9nico [as As]: mg\/kg<\/td>\n<td>\u22642.0<\/td>\n<td>&lt;2.0<\/td>\n<\/tr>\n<tr>\n<td colspan=\"2\">Conclusi\u00f3n:<\/td>\n<td colspan=\"2\">Cualificado<\/td>\n<\/tr>\n<\/tbody>\n<\/table>\n<h2><span class=\"ez-toc-section\" id=\"Dosis_recomendada\"><\/span>Dosis recomendada:<span class=\"ez-toc-section-end\"><\/span><\/h2>\n<table>\n<tbody>\n<tr>\n<td>Nombre del alimento<\/td>\n<td>Uso m\u00e1ximo (g\/kg)<\/td>\n<td>Anotaci\u00f3n<\/td>\n<\/tr>\n<tr>\n<td>Caramelo<\/td>\n<td>18<\/td>\n<td>s\u00f3lo \u00e1cido dl-tart\u00e1rico, calculado como \u00e1cido tart\u00e1rico<\/td>\n<\/tr>\n<tr>\n<td>Condimento compuesto s\u00f3lido<\/td>\n<td>10<\/td>\n<td>Calculado como \u00e1cido tart\u00e1rico<\/td>\n<\/tr>\n<tr>\n<td>Caldo de pollo, pollo en polvo<\/td>\n<td>10<\/td>\n<td>Calculado como \u00e1cido tart\u00e1rico<\/td>\n<\/tr>\n<tr>\n<td>Bebidas de zumo (pulpa) de frutas y verduras<\/td>\n<td>5<\/td>\n<td>Calculado como \u00e1cido tart\u00e1rico, la cantidad de bebidas s\u00f3lidas a utilizar se incrementar\u00e1 seg\u00fan el m\u00faltiplo de diluci\u00f3n<\/td>\n<\/tr>\n<tr>\n<td>Bebidas prote\u00ednicas vegetales<\/td>\n<td>5<\/td>\n<td>Calculado como \u00e1cido tart\u00e1rico, la cantidad de bebidas s\u00f3lidas a utilizar se aumentar\u00e1 seg\u00fan el m\u00faltiplo de diluci\u00f3n<\/td>\n<\/tr>\n<tr>\n<td>Bebida proteica compuesta<\/td>\n<td>5<\/td>\n<td>Calculado como \u00e1cido tart\u00e1rico, la cantidad de bebidas s\u00f3lidas a utilizar se aumentar\u00e1 seg\u00fan el m\u00faltiplo de diluci\u00f3n<\/td>\n<\/tr>\n<tr>\n<td>Bebidas carbonatadas<\/td>\n<td>5<\/td>\n<td>Calculado como \u00e1cido tart\u00e1rico, la cantidad de bebidas s\u00f3lidas a utilizar se aumentar\u00e1 seg\u00fan el m\u00faltiplo de diluci\u00f3n<\/td>\n<\/tr>\n<tr>\n<td>Productos de fideos fritos<\/td>\n<td>10<\/td>\n<td>Calculado como \u00e1cido tart\u00e1rico<\/td>\n<\/tr>\n<tr>\n<td>T\u00e9, caf\u00e9, bebidas vegetales (tipo)<\/td>\n<td>5<\/td>\n<td>Calculado como \u00e1cido tart\u00e1rico, la cantidad de bebidas s\u00f3lidas a utilizar se incrementar\u00e1 seg\u00fan el m\u00faltiplo de diluci\u00f3n<\/td>\n<\/tr>\n<tr>\n<td>Bebidas aromatizadas<\/td>\n<td>5<\/td>\n<td>Calculado como \u00e1cido tart\u00e1rico, la cantidad de bebidas s\u00f3lidas a utilizar se aumentar\u00e1 seg\u00fan el m\u00faltiplo de diluci\u00f3n<\/td>\n<\/tr>\n<tr>\n<td>Vino<\/td>\n<td>4,0 g\/l<\/td>\n<td>Calculado como \u00e1cido tart\u00e1rico<\/td>\n<\/tr>\n<\/tbody>\n<\/table>\n<h2><span class=\"ez-toc-section\" id=\"El_acido_DL-tartarico_tiene_una_amplia_gama_de_usos\"><\/span>El \u00e1cido DL-tart\u00e1rico tiene una amplia gama de usos<span class=\"ez-toc-section-end\"><\/span><\/h2>\n<h3><span class=\"ez-toc-section\" id=\"1_Industria_alimentaria\"><\/span>1. Industria alimentaria<span class=\"ez-toc-section-end\"><\/span><\/h3>\n<p>Como acidulante y estabilizador, se utiliza a menudo en alimentos horneados, como pasteles y pan, para ayudar a controlar la acidez y la estabilidad de los alimentos.<\/p>\n<h3><span class=\"ez-toc-section\" id=\"2_Industria_farmaceutica\"><\/span>2. Industria farmac\u00e9utica<span class=\"ez-toc-section-end\"><\/span><\/h3>\n<p>En el proceso farmac\u00e9utico, el \u00e1cido DL-tart\u00e1rico puede utilizarse como catalizador o agente neutralizante en la reacci\u00f3n para ajustar el valor pH del f\u00e1rmaco y el proceso de reacci\u00f3n qu\u00edmica.<\/p>\n<h3><span class=\"ez-toc-section\" id=\"3_Otras_aplicaciones_industriales\"><\/span>3. Otras aplicaciones industriales:<span class=\"ez-toc-section-end\"><\/span><\/h3>\n<p>Por ejemplo, en las industrias textil y del cuero, se utiliza como producto qu\u00edmico para decapar y ajustar el pH.<\/p>\n<h2><span class=\"ez-toc-section\" id=\"Pregunta_formulada_por_un_usuario\"><\/span>Pregunta formulada por un usuario:<span class=\"ez-toc-section-end\"><\/span><\/h2>\n<p><strong>Pregunta: \u00bfCu\u00e1l es la diferencia entre el \u00e1cido DL-tart\u00e1rico y el \u00e1cido L-tart\u00e1rico?<\/strong><\/p>\n<p>Respuesta: Desde el punto de vista del proceso de producci\u00f3n, el \u00e1cido DL-tart\u00e1rico es una mezcla obtenida por s\u00edntesis qu\u00edmica, que contiene cantidades iguales de mol\u00e9culas de \u00e1cido tart\u00e1rico lev\u00f3giro (L-) y dextr\u00f3giro (D-); el \u00e1cido L-tart\u00e1rico es un is\u00f3mero lev\u00f3giro puro que existe de forma natural o se obtiene mediante un m\u00e9todo de s\u00edntesis espec\u00edfico. En t\u00e9rminos de aplicaci\u00f3n, el \u00e1cido DL-tart\u00e1rico suele ser m\u00e1s com\u00fan en la fabricaci\u00f3n de aditivos alimentarios e intermedios farmac\u00e9uticos porque contiene dos is\u00f3meros. El \u00e1cido L-tart\u00e1rico se utiliza principalmente en campos que requieren una actividad \u00f3ptica espec\u00edfica, como la s\u00edntesis qu\u00edmica y la investigaci\u00f3n biol\u00f3gica.<\/p>\n","protected":false},"excerpt":{"rendered":"<ul>\n<li>CAS: 133-37-9<\/li>\n<li>F\u00f3rmula qu\u00edmica: C<sub>4<\/sub>H<sub>6<\/sub>O<sub>6<\/sub><\/li>\n<li>Certificaciones: KOSHER, ISO, HALAL, FSSC 22000, BRC, etc.<\/li>\n<li>Cantidad m\u00ednima de pedido: 1000KG<\/li>\n<li>Caducidad: 2 a\u00f1os<\/li>\n<\/ul>\n","protected":false},"featured_media":6167,"template":"","meta":{"site-sidebar-layout":"default","site-content-layout":"","ast-site-content-layout":"default","site-content-style":"default","site-sidebar-style":"default","ast-global-header-display":"","ast-banner-title-visibility":"","ast-main-header-display":"","ast-hfb-above-header-display":"","ast-hfb-below-header-display":"","ast-hfb-mobile-header-display":"","site-post-title":"","ast-breadcrumbs-content":"","ast-featured-img":"","footer-sml-layout":"","theme-transparent-header-meta":"default","adv-header-id-meta":"","stick-header-meta":"","header-above-stick-meta":"","header-main-stick-meta":"","header-below-stick-meta":"","astra-migrate-meta-layouts":"set","ast-page-background-enabled":"default","ast-page-background-meta":{"desktop":{"background-color":"var(--ast-global-color-4)","background-image":"","background-repeat":"repeat","background-position":"center center","background-size":"auto","background-attachment":"scroll","background-type":"","background-media":"","overlay-type":"","overlay-color":"","overlay-opacity":"","overlay-gradient":""},"tablet":{"background-color":"","background-image":"","background-repeat":"repeat","background-position":"center center","background-size":"auto","background-attachment":"scroll","background-type":"","background-media":"","overlay-type":"","overlay-color":"","overlay-opacity":"","overlay-gradient":""},"mobile":{"background-color":"","background-image":"","background-repeat":"repeat","background-position":"center center","background-size":"auto","background-attachment":"scroll","background-type":"","background-media":"","overlay-type":"","overlay-color":"","overlay-opacity":"","overlay-gradient":""}},"ast-content-background-meta":{"desktop":{"background-color":"var(--ast-global-color-5)","background-image":"","background-repeat":"repeat","background-position":"center center","background-size":"auto","background-attachment":"scroll","background-type":"","background-media":"","overlay-type":"","overlay-color":"","overlay-opacity":"","overlay-gradient":""},"tablet":{"background-color":"var(--ast-global-color-5)","background-image":"","background-repeat":"repeat","background-position":"center center","background-size":"auto","background-attachment":"scroll","background-type":"","background-media":"","overlay-type":"","overlay-color":"","overlay-opacity":"","overlay-gradient":""},"mobile":{"background-color":"var(--ast-global-color-5)","background-image":"","background-repeat":"repeat","background-position":"center center","background-size":"auto","background-attachment":"scroll","background-type":"","background-media":"","overlay-type":"","overlay-color":"","overlay-opacity":"","overlay-gradient":""}}},"product_brand":[],"product_cat":[75],"product_tag":[],"class_list":{"0":"post-8325","1":"product","2":"type-product","3":"status-publish","4":"has-post-thumbnail","6":"product_cat-producto-acidulante","7":"desktop-align-center","8":"tablet-align-left","9":"mobile-align-left","11":"first","12":"instock","13":"shipping-taxable","14":"product-type-simple"},"yoast_head":"<!-- This site is optimized with the Yoast SEO plugin v26.5 - https:\/\/yoast.com\/wordpress\/plugins\/seo\/ -->\n<title>\u00c1cido DL-tart\u00e1rico 99.5%, 99.8, CAS 133-37-9 | Niranbio Chemical<\/title>\n<meta name=\"description\" content=\"Nuestro \u00e1cido DL-tart\u00e1rico tiene un polvo cristalino blanco que presenta un sabor \u00e1cido caracter\u00edstico y exhibe buena compatibilidad con otros ingredientes.\" \/>\n<meta name=\"robots\" content=\"noindex, follow, max-snippet:-1, max-image-preview:large, max-video-preview:-1\" \/>\n<meta name=\"twitter:label1\" content=\"Tiempo de lectura\" \/>\n\t<meta name=\"twitter:data1\" content=\"5 minutos\" \/>\n<script type=\"application\/ld+json\" class=\"yoast-schema-graph\">{\"@context\":\"https:\/\/schema.org\",\"@graph\":[{\"@type\":\"WebPage\",\"@id\":\"https:\/\/theo.niranbio.com\/es\/acido-dl-tartarico.html\",\"url\":\"https:\/\/theo.niranbio.com\/es\/acido-dl-tartarico.html\",\"name\":\"\u00c1cido DL-tart\u00e1rico 99.5%, 99.8, CAS 133-37-9 | Niranbio Chemical\",\"isPartOf\":{\"@id\":\"https:\/\/theo.niranbio.com\/es\/#website\"},\"primaryImageOfPage\":{\"@id\":\"https:\/\/theo.niranbio.com\/es\/acido-dl-tartarico.html#primaryimage\"},\"image\":{\"@id\":\"https:\/\/theo.niranbio.com\/es\/acido-dl-tartarico.html#primaryimage\"},\"thumbnailUrl\":\"https:\/\/theo.niranbio.com\/wp-content\/uploads\/2024\/06\/DL-Tartaric-Acid.webp\",\"datePublished\":\"2024-06-20T00:49:02+00:00\",\"dateModified\":\"2024-08-15T05:53:08+00:00\",\"description\":\"Nuestro \u00e1cido DL-tart\u00e1rico tiene un polvo cristalino blanco que presenta un sabor \u00e1cido caracter\u00edstico y exhibe buena compatibilidad con otros ingredientes.\",\"breadcrumb\":{\"@id\":\"https:\/\/theo.niranbio.com\/es\/acido-dl-tartarico.html#breadcrumb\"},\"inLanguage\":\"es\",\"potentialAction\":[{\"@type\":\"ReadAction\",\"target\":[\"https:\/\/theo.niranbio.com\/es\/acido-dl-tartarico.html\"]}]},{\"@type\":\"ImageObject\",\"inLanguage\":\"es\",\"@id\":\"https:\/\/theo.niranbio.com\/es\/acido-dl-tartarico.html#primaryimage\",\"url\":\"https:\/\/theo.niranbio.com\/wp-content\/uploads\/2024\/06\/DL-Tartaric-Acid.webp\",\"contentUrl\":\"https:\/\/theo.niranbio.com\/wp-content\/uploads\/2024\/06\/DL-Tartaric-Acid.webp\",\"width\":600,\"height\":600,\"caption\":\"\u00c1cido DL-tart\u00e1rico\"},{\"@type\":\"BreadcrumbList\",\"@id\":\"https:\/\/theo.niranbio.com\/es\/acido-dl-tartarico.html#breadcrumb\",\"itemListElement\":[{\"@type\":\"ListItem\",\"position\":1,\"name\":\"Home\",\"item\":\"https:\/\/theo.niranbio.com\/es\/\"},{\"@type\":\"ListItem\",\"position\":2,\"name\":\"Productos\",\"item\":\"https:\/\/theo.niranbio.com\/es\/productos.html\"},{\"@type\":\"ListItem\",\"position\":3,\"name\":\"Acidulante\",\"item\":\"https:\/\/theo.niranbio.com\/es\/producto-acidulante\/\"},{\"@type\":\"ListItem\",\"position\":4,\"name\":\"\u00c1cido DL-tart\u00e1rico\"}]},{\"@type\":\"WebSite\",\"@id\":\"https:\/\/theo.niranbio.com\/es\/#website\",\"url\":\"https:\/\/theo.niranbio.com\/es\/\",\"name\":\"Niranbio Chemical\",\"description\":\"\",\"publisher\":{\"@id\":\"https:\/\/theo.niranbio.com\/es\/#organization\"},\"potentialAction\":[{\"@type\":\"SearchAction\",\"target\":{\"@type\":\"EntryPoint\",\"urlTemplate\":\"https:\/\/theo.niranbio.com\/es\/?s={search_term_string}\"},\"query-input\":{\"@type\":\"PropertyValueSpecification\",\"valueRequired\":true,\"valueName\":\"search_term_string\"}}],\"inLanguage\":\"es\"},{\"@type\":\"Organization\",\"@id\":\"https:\/\/theo.niranbio.com\/es\/#organization\",\"name\":\"Niranbio Chemical\",\"url\":\"https:\/\/theo.niranbio.com\/es\/\",\"logo\":{\"@type\":\"ImageObject\",\"inLanguage\":\"es\",\"@id\":\"https:\/\/theo.niranbio.com\/es\/#\/schema\/logo\/image\/\",\"url\":\"https:\/\/theo.niranbio.com\/wp-content\/uploads\/2024\/06\/Niranbio.png\",\"contentUrl\":\"https:\/\/theo.niranbio.com\/wp-content\/uploads\/2024\/06\/Niranbio.png\",\"width\":270,\"height\":100,\"caption\":\"Niranbio Chemical\"},\"image\":{\"@id\":\"https:\/\/theo.niranbio.com\/es\/#\/schema\/logo\/image\/\"}}]}<\/script>\n<!-- \/ Yoast SEO plugin. -->","yoast_head_json":{"title":"\u00c1cido DL-tart\u00e1rico 99.5%, 99.8, CAS 133-37-9 | Niranbio Chemical","description":"Nuestro \u00e1cido DL-tart\u00e1rico tiene un polvo cristalino blanco que presenta un sabor \u00e1cido caracter\u00edstico y exhibe buena compatibilidad con otros ingredientes.","robots":{"index":"noindex","follow":"follow","max-snippet":"max-snippet:-1","max-image-preview":"max-image-preview:large","max-video-preview":"max-video-preview:-1"},"twitter_misc":{"Tiempo de lectura":"5 minutos"},"schema":{"@context":"https:\/\/schema.org","@graph":[{"@type":"WebPage","@id":"https:\/\/theo.niranbio.com\/es\/acido-dl-tartarico.html","url":"https:\/\/theo.niranbio.com\/es\/acido-dl-tartarico.html","name":"\u00c1cido DL-tart\u00e1rico 99.5%, 99.8, CAS 133-37-9 | Niranbio Chemical","isPartOf":{"@id":"https:\/\/theo.niranbio.com\/es\/#website"},"primaryImageOfPage":{"@id":"https:\/\/theo.niranbio.com\/es\/acido-dl-tartarico.html#primaryimage"},"image":{"@id":"https:\/\/theo.niranbio.com\/es\/acido-dl-tartarico.html#primaryimage"},"thumbnailUrl":"https:\/\/theo.niranbio.com\/wp-content\/uploads\/2024\/06\/DL-Tartaric-Acid.webp","datePublished":"2024-06-20T00:49:02+00:00","dateModified":"2024-08-15T05:53:08+00:00","description":"Nuestro \u00e1cido DL-tart\u00e1rico tiene un polvo cristalino blanco que presenta un sabor \u00e1cido caracter\u00edstico y exhibe buena compatibilidad con otros ingredientes.","breadcrumb":{"@id":"https:\/\/theo.niranbio.com\/es\/acido-dl-tartarico.html#breadcrumb"},"inLanguage":"es","potentialAction":[{"@type":"ReadAction","target":["https:\/\/theo.niranbio.com\/es\/acido-dl-tartarico.html"]}]},{"@type":"ImageObject","inLanguage":"es","@id":"https:\/\/theo.niranbio.com\/es\/acido-dl-tartarico.html#primaryimage","url":"https:\/\/theo.niranbio.com\/wp-content\/uploads\/2024\/06\/DL-Tartaric-Acid.webp","contentUrl":"https:\/\/theo.niranbio.com\/wp-content\/uploads\/2024\/06\/DL-Tartaric-Acid.webp","width":600,"height":600,"caption":"\u00c1cido DL-tart\u00e1rico"},{"@type":"BreadcrumbList","@id":"https:\/\/theo.niranbio.com\/es\/acido-dl-tartarico.html#breadcrumb","itemListElement":[{"@type":"ListItem","position":1,"name":"Home","item":"https:\/\/theo.niranbio.com\/es\/"},{"@type":"ListItem","position":2,"name":"Productos","item":"https:\/\/theo.niranbio.com\/es\/productos.html"},{"@type":"ListItem","position":3,"name":"Acidulante","item":"https:\/\/theo.niranbio.com\/es\/producto-acidulante\/"},{"@type":"ListItem","position":4,"name":"\u00c1cido DL-tart\u00e1rico"}]},{"@type":"WebSite","@id":"https:\/\/theo.niranbio.com\/es\/#website","url":"https:\/\/theo.niranbio.com\/es\/","name":"Niranbio Chemical","description":"","publisher":{"@id":"https:\/\/theo.niranbio.com\/es\/#organization"},"potentialAction":[{"@type":"SearchAction","target":{"@type":"EntryPoint","urlTemplate":"https:\/\/theo.niranbio.com\/es\/?s={search_term_string}"},"query-input":{"@type":"PropertyValueSpecification","valueRequired":true,"valueName":"search_term_string"}}],"inLanguage":"es"},{"@type":"Organization","@id":"https:\/\/theo.niranbio.com\/es\/#organization","name":"Niranbio Chemical","url":"https:\/\/theo.niranbio.com\/es\/","logo":{"@type":"ImageObject","inLanguage":"es","@id":"https:\/\/theo.niranbio.com\/es\/#\/schema\/logo\/image\/","url":"https:\/\/theo.niranbio.com\/wp-content\/uploads\/2024\/06\/Niranbio.png","contentUrl":"https:\/\/theo.niranbio.com\/wp-content\/uploads\/2024\/06\/Niranbio.png","width":270,"height":100,"caption":"Niranbio Chemical"},"image":{"@id":"https:\/\/theo.niranbio.com\/es\/#\/schema\/logo\/image\/"}}]}},"_links":{"self":[{"href":"https:\/\/theo.niranbio.com\/es\/wp-json\/wp\/v2\/product\/8325","targetHints":{"allow":["GET"]}}],"collection":[{"href":"https:\/\/theo.niranbio.com\/es\/wp-json\/wp\/v2\/product"}],"about":[{"href":"https:\/\/theo.niranbio.com\/es\/wp-json\/wp\/v2\/types\/product"}],"version-history":[{"count":0,"href":"https:\/\/theo.niranbio.com\/es\/wp-json\/wp\/v2\/product\/8325\/revisions"}],"wp:featuredmedia":[{"embeddable":true,"href":"https:\/\/theo.niranbio.com\/es\/wp-json\/wp\/v2\/media\/6167"}],"wp:attachment":[{"href":"https:\/\/theo.niranbio.com\/es\/wp-json\/wp\/v2\/media?parent=8325"}],"wp:term":[{"taxonomy":"product_brand","embeddable":true,"href":"https:\/\/theo.niranbio.com\/es\/wp-json\/wp\/v2\/product_brand?post=8325"},{"taxonomy":"product_cat","embeddable":true,"href":"https:\/\/theo.niranbio.com\/es\/wp-json\/wp\/v2\/product_cat?post=8325"},{"taxonomy":"product_tag","embeddable":true,"href":"https:\/\/theo.niranbio.com\/es\/wp-json\/wp\/v2\/product_tag?post=8325"}],"curies":[{"name":"wp","href":"https:\/\/api.w.org\/{rel}","templated":true}]}}