{"id":8322,"date":"2024-06-20T08:50:23","date_gmt":"2024-06-20T00:50:23","guid":{"rendered":"https:\/\/theo.niranbio.com\/l-acido-tartarico\/"},"modified":"2024-08-15T13:49:08","modified_gmt":"2024-08-15T05:49:08","slug":"l-acido-tartarico","status":"publish","type":"product","link":"https:\/\/theo.niranbio.com\/es\/l-acido-tartarico.html","title":{"rendered":"\u00c1cido L-tart\u00e1rico"},"content":{"rendered":"<h2><span class=\"ez-toc-section\" id=\"%C2%BFQue_es_el_acido_L-tartarico\"><\/span>\u00bfQu\u00e9 es el \u00e1cido L-tart\u00e1rico?<span class=\"ez-toc-section-end\"><\/span><\/h2>\n<p>El \u00e1cido L-tart\u00e1rico se presenta como cristales transl\u00facidos incoloros o como un polvo cristalino blanco fino a grueso, tiene un sabor agrio, es f\u00e1cilmente soluble en agua y etanol, pero insoluble en \u00e9ter y cloroformo. El \u00e1cido L-tart\u00e1rico se puede utilizar como aditivo alimentario y potenciador del sabor en la industria alimentaria; en el campo biom\u00e9dico, se puede utilizar para fabricar medicamentos debido a sus diversas actividades biol\u00f3gicas; adem\u00e1s, en la industria cosm\u00e9tica, el \u00e1cido L-tart\u00e1rico se puede utilizar para fabricar cosm\u00e9ticos debido a sus propiedades antioxidantes e hidratantes.<\/p>\n<p>Las principales fuentes de \u00e1cido L-tart\u00e1rico son el vino y el jugo de uva. Adem\u00e1s, algunas frutas, verduras y alimentos fermentados tambi\u00e9n contienen \u00e1cido L(+)-tart\u00e1rico.<\/p>\n<h2><span class=\"ez-toc-section\" id=\"Parametros_relacionados\"><\/span>Par\u00e1metros relacionados:<span class=\"ez-toc-section-end\"><\/span><\/h2>\n<table>\n<tbody>\n<tr>\n<td>Art\u00edculos<\/td>\n<td>Normas<\/td>\n<td>Resultados<\/td>\n<\/tr>\n<tr>\n<td>Descripci\u00f3n<\/td>\n<td>Cristales incoloros o polvo cristalino blanco<\/td>\n<td>Conforme a<\/td>\n<\/tr>\n<tr>\n<td>Contenido<\/td>\n<td>99.7~100.5<\/td>\n<td>99.8<\/td>\n<\/tr>\n<tr>\n<td>Potencia rotatoria espec\u00edfica [a]D[\uff08\u00b0]- dm2kg-1<\/td>\n<td>+12.0~+13.0<\/td>\n<td>+12.6<\/td>\n<\/tr>\n<tr>\n<td>P\u00e9rdida por desecaci\u00f3n<\/td>\n<td>\u22640.5<\/td>\n<td>0.05<\/td>\n<\/tr>\n<tr>\n<td>Residuos al encender<\/td>\n<td>\u22640.05<\/td>\n<td>0.02<\/td>\n<\/tr>\n<tr>\n<td>Sulfato\uff08SO4\uff09<\/td>\n<td>Pasa la prueba<\/td>\n<td>Pasa la prueba<\/td>\n<\/tr>\n<tr>\n<td>Oxalato<\/td>\n<td>Pasa la prueba<\/td>\n<td>Pasa la prueba<\/td>\n<\/tr>\n<tr>\n<td>Plomo mg\/kg<\/td>\n<td>\u22642<\/td>\n<td>&lt;2<\/td>\n<\/tr>\n<\/tbody>\n<\/table>\n<h2><span class=\"ez-toc-section\" id=\"Dosis_recomendada\"><\/span>Dosis recomendada:<span class=\"ez-toc-section-end\"><\/span><\/h2>\n<table>\n<tbody>\n<tr>\n<td>Nombre del alimento<\/td>\n<td>Uso m\u00e1ximo(g\/kg)<\/td>\n<\/tr>\n<tr>\n<td>Mentas<\/td>\n<td>0,8-1,2 g\/kg<\/td>\n<\/tr>\n<tr>\n<td>Bebidas<\/td>\n<td>0,6-1,0 g\/kg<\/td>\n<\/tr>\n<tr>\n<td>Caf\u00e9<\/td>\n<td>0,5-0,8 g\/kg<\/td>\n<\/tr>\n<tr>\n<td>Postres<\/td>\n<td>0,5-1,0 g\/kg<\/td>\n<\/tr>\n<tr>\n<td>Ali\u00f1os para ensaladas<\/td>\n<td>0,6-1,0 g\/kg<\/td>\n<\/tr>\n<tr>\n<td>Alimentos en escabeche<\/td>\n<td>0,6-1,0 g\/kg<\/td>\n<\/tr>\n<tr>\n<td>Alimentos enlatados<\/td>\n<td>0,6-1,0 g\/kg<\/td>\n<\/tr>\n<tr>\n<td>Condimentos<\/td>\n<td>0,8-1,5 g\/kg<\/td>\n<\/tr>\n<tr>\n<td>Gelatina<\/td>\n<td>0,8-1,5 g\/kg<\/td>\n<\/tr>\n<tr>\n<td>Productos amil\u00e1ceos<\/td>\n<td>0,5-1,0 g\/kg<\/td>\n<\/tr>\n<tr>\n<td>Helado<\/td>\n<td>0,6-1,0 g\/kg<\/td>\n<\/tr>\n<\/tbody>\n<\/table>\n<h2><span class=\"ez-toc-section\" id=\"El_acido_L-tartarico_tiene_una_amplia_gama_de_usos\"><\/span>El \u00e1cido L-tart\u00e1rico tiene una amplia gama de usos<span class=\"ez-toc-section-end\"><\/span><\/h2>\n<h3><span class=\"ez-toc-section\" id=\"1_Industria_alimentaria\"><\/span>1. Industria alimentaria<span class=\"ez-toc-section-end\"><\/span><\/h3>\n<p>Aditivos alimentarios: El \u00e1cido L-tart\u00e1rico se utiliza a menudo en el procesamiento de alimentos, especialmente como acidificante y estabilizador en bebidas, jugos, dulces, etc. Precipitaci\u00f3n de prote\u00ednas: En el procesamiento de alimentos, sus propiedades de precipitaci\u00f3n de prote\u00ednas se pueden utilizar para ayudar a procesar y mejorar la calidad del producto.<\/p>\n<h3><span class=\"ez-toc-section\" id=\"2_Industria_farmaceutica\"><\/span>2. Industria farmac\u00e9utica:<span class=\"ez-toc-section-end\"><\/span><\/h3>\n<p>Intermedios farmac\u00e9uticos: Se utilizan como intermediarios en procesos farmac\u00e9uticos para ayudar a sintetizar y procesar medicamentos, especialmente ingredientes farmac\u00e9uticos que requieren una actividad \u00f3ptica espec\u00edfica.<\/p>\n<h3><span class=\"ez-toc-section\" id=\"3_Industria_vinicola\"><\/span>3. Industria vin\u00edcola:<span class=\"ez-toc-section-end\"><\/span><\/h3>\n<p>Cristalizaci\u00f3n del \u00e1cido tart\u00e1rico: En la producci\u00f3n de vino, el \u00e1cido L-tart\u00e1rico puede cristalizar para formar sarro, lo que tiene un impacto importante en la estabilidad y la calidad del vino. Regulaci\u00f3n de la acidez: Regula la acidez y el sabor del vino, y juega un papel clave en el equilibrio y la persistencia de su sabor.<\/p>\n<h3><span class=\"ez-toc-section\" id=\"4_Sintesis_quimica\"><\/span>4. S\u00edntesis qu\u00edmica:<span class=\"ez-toc-section-end\"><\/span><\/h3>\n<p>S\u00edntesis org\u00e1nica: Se utiliza como catalizador o ligando en la s\u00edntesis org\u00e1nica, tiene un efecto catal\u00edtico importante en ciertas reacciones qu\u00edmicas.<\/p>\n<h3><span class=\"ez-toc-section\" id=\"5_Industria_de_la_construccion\"><\/span>5. Industria de la construcci\u00f3n:<span class=\"ez-toc-section-end\"><\/span><\/h3>\n<p>Aditivos para cemento: como aditivo para cemento, ayuda a controlar el tiempo de fraguado del cemento y mejora su durabilidad. Materiales de construcci\u00f3n: se utilizan para ajustar la velocidad de endurecimiento y la resistencia del hormig\u00f3n y mejorar el rendimiento y la estabilidad de los materiales de construcci\u00f3n.<\/p>\n<h2><span class=\"ez-toc-section\" id=\"Pregunta_del_usuario\"><\/span>Pregunta del usuario<span class=\"ez-toc-section-end\"><\/span><\/h2>\n<p><strong>Pregunta: \u00bfCu\u00e1l es la diferencia entre el \u00e1cido L-tart\u00e1rico y el \u00e1cido DL-tart\u00e1rico?<\/strong><\/p>\n<p>Respuesta: El \u00e1cido DL-tart\u00e1rico y el \u00e1cido L-tart\u00e1rico son dos compuestos con estructuras qu\u00edmicas similares pero diferentes actividades \u00f3pticas. La mezcla de \u00e1cido D-tart\u00e1rico y \u00e1cido L-tart\u00e1rico es \u00e1cido DL-tart\u00e1rico. Las estructuras qu\u00edmicas de estos dos is\u00f3meros son las mismas, pero sus estereoestructuras son sim\u00e9tricas en espejo. La proporci\u00f3n de \u00e1cido D-tart\u00e1rico y \u00e1cido L-tart\u00e1rico es igual, por lo que el \u00e1cido DL-tart\u00e1rico tiene rotaci\u00f3n \u00f3ptica, pero su rotaci\u00f3n \u00f3ptica es cero.<\/p>\n<p>Por el contrario, el \u00e1cido L-tart\u00e1rico contiene solo un enanti\u00f3mero, el is\u00f3mero lev\u00f3giro. Este compuesto tiene rotaci\u00f3n \u00f3ptica y su rotaci\u00f3n \u00f3ptica es negativa. La actividad metab\u00f3lica del \u00e1cido L-tart\u00e1rico en el cuerpo tambi\u00e9n es diferente a la del \u00e1cido D-tart\u00e1rico. Por ejemplo, el \u00e1cido L-tart\u00e1rico puede participar en el metabolismo energ\u00e9tico, mientras que el \u00e1cido D-tart\u00e1rico se utiliza para fabricar medicamentos y aditivos alimentarios.<\/p>\n","protected":false},"excerpt":{"rendered":"<ul>\n<li>CAS: 87-69-4<\/li>\n<li>F\u00f3rmula qu\u00edmica: C<sub>4<\/sub>H<sub>6<\/sub>O<sub>6<\/sub><\/li>\n<li>Certificaciones: KOSHER, ISO, HALAL, FSSC 22000, BRC, etc.<\/li>\n<li>Cantidad m\u00ednima de pedido: 1000KG<\/li>\n<li>Caducidad: 2 a\u00f1os<\/li>\n<\/ul>\n","protected":false},"featured_media":5715,"template":"","meta":{"site-sidebar-layout":"default","site-content-layout":"","ast-site-content-layout":"default","site-content-style":"default","site-sidebar-style":"default","ast-global-header-display":"","ast-banner-title-visibility":"","ast-main-header-display":"","ast-hfb-above-header-display":"","ast-hfb-below-header-display":"","ast-hfb-mobile-header-display":"","site-post-title":"","ast-breadcrumbs-content":"","ast-featured-img":"","footer-sml-layout":"","theme-transparent-header-meta":"default","adv-header-id-meta":"","stick-header-meta":"","header-above-stick-meta":"","header-main-stick-meta":"","header-below-stick-meta":"","astra-migrate-meta-layouts":"set","ast-page-background-enabled":"default","ast-page-background-meta":{"desktop":{"background-color":"var(--ast-global-color-4)","background-image":"","background-repeat":"repeat","background-position":"center center","background-size":"auto","background-attachment":"scroll","background-type":"","background-media":"","overlay-type":"","overlay-color":"","overlay-opacity":"","overlay-gradient":""},"tablet":{"background-color":"","background-image":"","background-repeat":"repeat","background-position":"center center","background-size":"auto","background-attachment":"scroll","background-type":"","background-media":"","overlay-type":"","overlay-color":"","overlay-opacity":"","overlay-gradient":""},"mobile":{"background-color":"","background-image":"","background-repeat":"repeat","background-position":"center center","background-size":"auto","background-attachment":"scroll","background-type":"","background-media":"","overlay-type":"","overlay-color":"","overlay-opacity":"","overlay-gradient":""}},"ast-content-background-meta":{"desktop":{"background-color":"var(--ast-global-color-5)","background-image":"","background-repeat":"repeat","background-position":"center center","background-size":"auto","background-attachment":"scroll","background-type":"","background-media":"","overlay-type":"","overlay-color":"","overlay-opacity":"","overlay-gradient":""},"tablet":{"background-color":"var(--ast-global-color-5)","background-image":"","background-repeat":"repeat","background-position":"center center","background-size":"auto","background-attachment":"scroll","background-type":"","background-media":"","overlay-type":"","overlay-color":"","overlay-opacity":"","overlay-gradient":""},"mobile":{"background-color":"var(--ast-global-color-5)","background-image":"","background-repeat":"repeat","background-position":"center center","background-size":"auto","background-attachment":"scroll","background-type":"","background-media":"","overlay-type":"","overlay-color":"","overlay-opacity":"","overlay-gradient":""}}},"product_brand":[],"product_cat":[75],"product_tag":[],"class_list":{"0":"post-8322","1":"product","2":"type-product","3":"status-publish","4":"has-post-thumbnail","6":"product_cat-producto-acidulante","7":"desktop-align-center","8":"tablet-align-left","9":"mobile-align-left","11":"first","12":"instock","13":"shipping-taxable","14":"product-type-simple"},"yoast_head":"<!-- This site is optimized with the Yoast SEO plugin v26.5 - https:\/\/yoast.com\/wordpress\/plugins\/seo\/ -->\n<title>\u00c1cido L-tart\u00e1rico E334, Precio del \u00c1cido Tart\u00e1rico Puro en Polvo | Niranbio Chemical<\/title>\n<meta name=\"description\" content=\"Nuestro \u00e1cido L-tart\u00e1rico (regulador de acidez E334) cuenta con una alta pureza, una excelente solubilidad y una calidad constante, ofreciendo una excelente regulaci\u00f3n de la acidez y una acidez natural.\" \/>\n<meta name=\"robots\" content=\"noindex, follow, max-snippet:-1, max-image-preview:large, max-video-preview:-1\" \/>\n<meta name=\"twitter:label1\" content=\"Tiempo de lectura\" \/>\n\t<meta name=\"twitter:data1\" content=\"3 minutos\" \/>\n<script type=\"application\/ld+json\" class=\"yoast-schema-graph\">{\"@context\":\"https:\/\/schema.org\",\"@graph\":[{\"@type\":\"WebPage\",\"@id\":\"https:\/\/theo.niranbio.com\/es\/l-acido-tartarico.html\",\"url\":\"https:\/\/theo.niranbio.com\/es\/l-acido-tartarico.html\",\"name\":\"\u00c1cido L-tart\u00e1rico E334, Precio del \u00c1cido Tart\u00e1rico Puro en Polvo | Niranbio Chemical\",\"isPartOf\":{\"@id\":\"https:\/\/theo.niranbio.com\/es\/#website\"},\"primaryImageOfPage\":{\"@id\":\"https:\/\/theo.niranbio.com\/es\/l-acido-tartarico.html#primaryimage\"},\"image\":{\"@id\":\"https:\/\/theo.niranbio.com\/es\/l-acido-tartarico.html#primaryimage\"},\"thumbnailUrl\":\"https:\/\/theo.niranbio.com\/wp-content\/uploads\/2024\/06\/L-Tartaric-Acid.webp\",\"datePublished\":\"2024-06-20T00:50:23+00:00\",\"dateModified\":\"2024-08-15T05:49:08+00:00\",\"description\":\"Nuestro \u00e1cido L-tart\u00e1rico (regulador de acidez E334) cuenta con una alta pureza, una excelente solubilidad y una calidad constante, ofreciendo una excelente regulaci\u00f3n de la acidez y una acidez natural.\",\"breadcrumb\":{\"@id\":\"https:\/\/theo.niranbio.com\/es\/l-acido-tartarico.html#breadcrumb\"},\"inLanguage\":\"es\",\"potentialAction\":[{\"@type\":\"ReadAction\",\"target\":[\"https:\/\/theo.niranbio.com\/es\/l-acido-tartarico.html\"]}]},{\"@type\":\"ImageObject\",\"inLanguage\":\"es\",\"@id\":\"https:\/\/theo.niranbio.com\/es\/l-acido-tartarico.html#primaryimage\",\"url\":\"https:\/\/theo.niranbio.com\/wp-content\/uploads\/2024\/06\/L-Tartaric-Acid.webp\",\"contentUrl\":\"https:\/\/theo.niranbio.com\/wp-content\/uploads\/2024\/06\/L-Tartaric-Acid.webp\",\"width\":600,\"height\":600,\"caption\":\"\u00c1cido L-tart\u00e1rico\"},{\"@type\":\"BreadcrumbList\",\"@id\":\"https:\/\/theo.niranbio.com\/es\/l-acido-tartarico.html#breadcrumb\",\"itemListElement\":[{\"@type\":\"ListItem\",\"position\":1,\"name\":\"Home\",\"item\":\"https:\/\/theo.niranbio.com\/es\/\"},{\"@type\":\"ListItem\",\"position\":2,\"name\":\"Productos\",\"item\":\"https:\/\/theo.niranbio.com\/es\/productos.html\"},{\"@type\":\"ListItem\",\"position\":3,\"name\":\"Acidulante\",\"item\":\"https:\/\/theo.niranbio.com\/es\/producto-acidulante\/\"},{\"@type\":\"ListItem\",\"position\":4,\"name\":\"\u00c1cido L-tart\u00e1rico\"}]},{\"@type\":\"WebSite\",\"@id\":\"https:\/\/theo.niranbio.com\/es\/#website\",\"url\":\"https:\/\/theo.niranbio.com\/es\/\",\"name\":\"Niranbio Chemical\",\"description\":\"\",\"publisher\":{\"@id\":\"https:\/\/theo.niranbio.com\/es\/#organization\"},\"potentialAction\":[{\"@type\":\"SearchAction\",\"target\":{\"@type\":\"EntryPoint\",\"urlTemplate\":\"https:\/\/theo.niranbio.com\/es\/?s={search_term_string}\"},\"query-input\":{\"@type\":\"PropertyValueSpecification\",\"valueRequired\":true,\"valueName\":\"search_term_string\"}}],\"inLanguage\":\"es\"},{\"@type\":\"Organization\",\"@id\":\"https:\/\/theo.niranbio.com\/es\/#organization\",\"name\":\"Niranbio Chemical\",\"url\":\"https:\/\/theo.niranbio.com\/es\/\",\"logo\":{\"@type\":\"ImageObject\",\"inLanguage\":\"es\",\"@id\":\"https:\/\/theo.niranbio.com\/es\/#\/schema\/logo\/image\/\",\"url\":\"https:\/\/theo.niranbio.com\/wp-content\/uploads\/2024\/06\/Niranbio.png\",\"contentUrl\":\"https:\/\/theo.niranbio.com\/wp-content\/uploads\/2024\/06\/Niranbio.png\",\"width\":270,\"height\":100,\"caption\":\"Niranbio Chemical\"},\"image\":{\"@id\":\"https:\/\/theo.niranbio.com\/es\/#\/schema\/logo\/image\/\"}}]}<\/script>\n<!-- \/ Yoast SEO plugin. -->","yoast_head_json":{"title":"\u00c1cido L-tart\u00e1rico E334, Precio del \u00c1cido Tart\u00e1rico Puro en Polvo | Niranbio Chemical","description":"Nuestro \u00e1cido L-tart\u00e1rico (regulador de acidez E334) cuenta con una alta pureza, una excelente solubilidad y una calidad constante, ofreciendo una excelente regulaci\u00f3n de la acidez y una acidez natural.","robots":{"index":"noindex","follow":"follow","max-snippet":"max-snippet:-1","max-image-preview":"max-image-preview:large","max-video-preview":"max-video-preview:-1"},"twitter_misc":{"Tiempo de lectura":"3 minutos"},"schema":{"@context":"https:\/\/schema.org","@graph":[{"@type":"WebPage","@id":"https:\/\/theo.niranbio.com\/es\/l-acido-tartarico.html","url":"https:\/\/theo.niranbio.com\/es\/l-acido-tartarico.html","name":"\u00c1cido L-tart\u00e1rico E334, Precio del \u00c1cido Tart\u00e1rico Puro en Polvo | Niranbio Chemical","isPartOf":{"@id":"https:\/\/theo.niranbio.com\/es\/#website"},"primaryImageOfPage":{"@id":"https:\/\/theo.niranbio.com\/es\/l-acido-tartarico.html#primaryimage"},"image":{"@id":"https:\/\/theo.niranbio.com\/es\/l-acido-tartarico.html#primaryimage"},"thumbnailUrl":"https:\/\/theo.niranbio.com\/wp-content\/uploads\/2024\/06\/L-Tartaric-Acid.webp","datePublished":"2024-06-20T00:50:23+00:00","dateModified":"2024-08-15T05:49:08+00:00","description":"Nuestro \u00e1cido L-tart\u00e1rico (regulador de acidez E334) cuenta con una alta pureza, una excelente solubilidad y una calidad constante, ofreciendo una excelente regulaci\u00f3n de la acidez y una acidez natural.","breadcrumb":{"@id":"https:\/\/theo.niranbio.com\/es\/l-acido-tartarico.html#breadcrumb"},"inLanguage":"es","potentialAction":[{"@type":"ReadAction","target":["https:\/\/theo.niranbio.com\/es\/l-acido-tartarico.html"]}]},{"@type":"ImageObject","inLanguage":"es","@id":"https:\/\/theo.niranbio.com\/es\/l-acido-tartarico.html#primaryimage","url":"https:\/\/theo.niranbio.com\/wp-content\/uploads\/2024\/06\/L-Tartaric-Acid.webp","contentUrl":"https:\/\/theo.niranbio.com\/wp-content\/uploads\/2024\/06\/L-Tartaric-Acid.webp","width":600,"height":600,"caption":"\u00c1cido L-tart\u00e1rico"},{"@type":"BreadcrumbList","@id":"https:\/\/theo.niranbio.com\/es\/l-acido-tartarico.html#breadcrumb","itemListElement":[{"@type":"ListItem","position":1,"name":"Home","item":"https:\/\/theo.niranbio.com\/es\/"},{"@type":"ListItem","position":2,"name":"Productos","item":"https:\/\/theo.niranbio.com\/es\/productos.html"},{"@type":"ListItem","position":3,"name":"Acidulante","item":"https:\/\/theo.niranbio.com\/es\/producto-acidulante\/"},{"@type":"ListItem","position":4,"name":"\u00c1cido L-tart\u00e1rico"}]},{"@type":"WebSite","@id":"https:\/\/theo.niranbio.com\/es\/#website","url":"https:\/\/theo.niranbio.com\/es\/","name":"Niranbio Chemical","description":"","publisher":{"@id":"https:\/\/theo.niranbio.com\/es\/#organization"},"potentialAction":[{"@type":"SearchAction","target":{"@type":"EntryPoint","urlTemplate":"https:\/\/theo.niranbio.com\/es\/?s={search_term_string}"},"query-input":{"@type":"PropertyValueSpecification","valueRequired":true,"valueName":"search_term_string"}}],"inLanguage":"es"},{"@type":"Organization","@id":"https:\/\/theo.niranbio.com\/es\/#organization","name":"Niranbio Chemical","url":"https:\/\/theo.niranbio.com\/es\/","logo":{"@type":"ImageObject","inLanguage":"es","@id":"https:\/\/theo.niranbio.com\/es\/#\/schema\/logo\/image\/","url":"https:\/\/theo.niranbio.com\/wp-content\/uploads\/2024\/06\/Niranbio.png","contentUrl":"https:\/\/theo.niranbio.com\/wp-content\/uploads\/2024\/06\/Niranbio.png","width":270,"height":100,"caption":"Niranbio Chemical"},"image":{"@id":"https:\/\/theo.niranbio.com\/es\/#\/schema\/logo\/image\/"}}]}},"_links":{"self":[{"href":"https:\/\/theo.niranbio.com\/es\/wp-json\/wp\/v2\/product\/8322","targetHints":{"allow":["GET"]}}],"collection":[{"href":"https:\/\/theo.niranbio.com\/es\/wp-json\/wp\/v2\/product"}],"about":[{"href":"https:\/\/theo.niranbio.com\/es\/wp-json\/wp\/v2\/types\/product"}],"version-history":[{"count":0,"href":"https:\/\/theo.niranbio.com\/es\/wp-json\/wp\/v2\/product\/8322\/revisions"}],"wp:featuredmedia":[{"embeddable":true,"href":"https:\/\/theo.niranbio.com\/es\/wp-json\/wp\/v2\/media\/5715"}],"wp:attachment":[{"href":"https:\/\/theo.niranbio.com\/es\/wp-json\/wp\/v2\/media?parent=8322"}],"wp:term":[{"taxonomy":"product_brand","embeddable":true,"href":"https:\/\/theo.niranbio.com\/es\/wp-json\/wp\/v2\/product_brand?post=8322"},{"taxonomy":"product_cat","embeddable":true,"href":"https:\/\/theo.niranbio.com\/es\/wp-json\/wp\/v2\/product_cat?post=8322"},{"taxonomy":"product_tag","embeddable":true,"href":"https:\/\/theo.niranbio.com\/es\/wp-json\/wp\/v2\/product_tag?post=8322"}],"curies":[{"name":"wp","href":"https:\/\/api.w.org\/{rel}","templated":true}]}}