{"id":8319,"date":"2024-06-20T08:51:59","date_gmt":"2024-06-20T00:51:59","guid":{"rendered":"https:\/\/theo.niranbio.com\/acido-fumarico\/"},"modified":"2024-08-15T13:46:53","modified_gmt":"2024-08-15T05:46:53","slug":"acido-fumarico","status":"publish","type":"product","link":"https:\/\/theo.niranbio.com\/es\/acido-fumarico-e297.html","title":{"rendered":"\u00c1cido fum\u00e1rico"},"content":{"rendered":"<h2><span class=\"ez-toc-section\" id=\"%C2%BFQue_es_el_acido_fumarico\"><\/span>\u00bfQu\u00e9 es el \u00e1cido fum\u00e1rico?<span class=\"ez-toc-section-end\"><\/span><\/h2>\n<p>El \u00e1cido fum\u00e1rico se presenta como cristales y polvos incoloros o blancos, con un sabor agrio afrutado. Ligeramente soluble en agua, \u00e9ter, etc. El \u00e1cido fum\u00e1rico se puede utilizar como acidulante, antioxidante, acelerador de decapado, etc. Adem\u00e1s, el \u00e1cido fum\u00e1rico tambi\u00e9n tiene un fuerte efecto amortiguador y efectos antibacterianos y antimoho.<\/p>\n<p>Hay tres procesos principales de producci\u00f3n de \u00e1cido fum\u00e1rico:<\/p>\n<p>1. M\u00e9todo de isomerizaci\u00f3n del \u00e1cido cis: este m\u00e9todo de s\u00edntesis es un m\u00e9todo com\u00fanmente utilizado para producir \u00e1cido fum\u00e1rico en mi pa\u00eds. Utilizando \u00e1cido cis como materia prima, la temperatura se puede elevar a 145-260\u00b0C a trav\u00e9s del efecto catal\u00edtico de la tiourea, y el producto final se puede obtener a trav\u00e9s de filtrado, lavado, secado y otros procesos despu\u00e9s de la isomerizaci\u00f3n al \u00e1cido fum\u00e1rico.<\/p>\n<p>2. M\u00e9todo de fermentaci\u00f3n: La parafina (l\u00edquida) se puede utilizar como materia prima, y \u200b\u200bluego fermentar por Candida, y luego separar, decolorar, cristalizar, secar y otros medios para finalmente obtener \u00e1cido fum\u00e1rico.<\/p>\n<p>3. M\u00e9todo de furfural: El furfural se puede utilizar como materia prima, se agrega clorato de sodio y se oxida para producir \u00e1cido fum\u00e1rico.<\/p>\n<h2><span class=\"ez-toc-section\" id=\"Parametros_relacionados\"><\/span>Par\u00e1metros relacionados:<span class=\"ez-toc-section-end\"><\/span><\/h2>\n<table>\n<tbody>\n<tr>\n<td>Art\u00edculos<\/td>\n<td>CONFORMA<\/td>\n<td>RESULTADO<\/td>\n<\/tr>\n<tr>\n<td>ASSAY (%)<\/td>\n<td>99.5-100.5<\/td>\n<td>99.6<\/td>\n<\/tr>\n<tr>\n<td>PUNTO DE FUSI\u00d3N(\u2103)<\/td>\n<td>286-302<\/td>\n<td>299<\/td>\n<\/tr>\n<tr>\n<td>\u00c1CIDO MALEICO(%)<\/td>\n<td>M\u00c1X 0,1<\/td>\n<td>0.03<\/td>\n<\/tr>\n<tr>\n<td>HUMEDAD(%)<\/td>\n<td>M\u00c1X 0,5<\/td>\n<td>0.12<\/td>\n<\/tr>\n<tr>\n<td>RESIDUO EN IGNICI\u00d3N(%)<\/td>\n<td>M\u00c1X 0,1<\/td>\n<td>0.06<\/td>\n<\/tr>\n<tr>\n<td>ARS\u00c9NICO PPM<\/td>\n<td>MAX 2<\/td>\n<td>&lt;2<\/td>\n<\/tr>\n<tr>\n<td>PLOMO PPM<\/td>\n<td>MAX 2<\/td>\n<td>&lt;2<\/td>\n<\/tr>\n<tr>\n<td>MERCURIO PPM<\/td>\n<td>M\u00c1X 1<\/td>\n<td>&lt;1<\/td>\n<\/tr>\n<\/tbody>\n<\/table>\n<h2><span class=\"ez-toc-section\" id=\"Dosis_recomendada\"><\/span>Dosis recomendada<span class=\"ez-toc-section-end\"><\/span><\/h2>\n<table>\n<tbody>\n<tr>\n<td>Nombre del alimento<\/td>\n<td>Uso m\u00e1ximo(g\/kg)<\/td>\n<\/tr>\n<tr>\n<td>Bebidas carbonatadas<\/td>\n<td>0,2-0,5 g\/kg<\/td>\n<\/tr>\n<tr>\n<td>Productos amil\u00e1ceos<\/td>\n<td>0,1-0,3 g\/kg<\/td>\n<\/tr>\n<tr>\n<td>Gelatina<\/td>\n<td>0,3-0,5 g\/kg<\/td>\n<\/tr>\n<tr>\n<td>Aderezo para ensaladas<\/td>\n<td>0,2-0,4 g\/kg<\/td>\n<\/tr>\n<tr>\n<td>Helado<\/td>\n<td>0,2-0,3 g\/kg<\/td>\n<\/tr>\n<tr>\n<td>Transformaci\u00f3n de productos acu\u00e1ticos<\/td>\n<td>0,1-0,3 g\/kg<\/td>\n<\/tr>\n<tr>\n<td>Condimentos<\/td>\n<td>0,2-0,5 g\/kg<\/td>\n<\/tr>\n<tr>\n<td>Productos de soja<\/td>\n<td>0,1-0,3 g\/kg<\/td>\n<\/tr>\n<tr>\n<td>Salsa de soja<\/td>\n<td>0,1-0,3 g\/kg<\/td>\n<\/tr>\n<tr>\n<td>Jam\u00f3n<\/td>\n<td>0,1-0,2 g\/kg<\/td>\n<\/tr>\n<tr>\n<td>Pan<\/td>\n<td>0,1-0,2 g\/kg<\/td>\n<\/tr>\n<tr>\n<td>Productos asados<\/td>\n<td>0,2-0,4 g\/kg<\/td>\n<\/tr>\n<tr>\n<td>Productos l\u00e1cteos<\/td>\n<td>0,2-0,3 g\/kg<\/td>\n<\/tr>\n<tr>\n<td>Alimentos congelados r\u00e1pidamente<\/td>\n<td>0,1-0,3 g\/kg<\/td>\n<\/tr>\n<tr>\n<td>Chocolate<\/td>\n<td>0,1-0,3 g\/kg<\/td>\n<\/tr>\n<tr>\n<td>Alimentos enlatados<\/td>\n<td>0,2-0,4 g\/kg<\/td>\n<\/tr>\n<tr>\n<td>Alimentos en escabeche<\/td>\n<td>0,2-0,4 g\/kg<\/td>\n<\/tr>\n<tr>\n<td>Gel de caramelo<\/td>\n<td>0,3-0,5 g\/kg<\/td>\n<\/tr>\n<tr>\n<td>Bebidas nutritivas<\/td>\n<td>0,2-0,4 g\/kg<\/td>\n<\/tr>\n<\/tbody>\n<\/table>\n<h2><span class=\"ez-toc-section\" id=\"El_acido_fumarico_tiene_una_amplia_gama_de_usos\"><\/span>El \u00e1cido fum\u00e1rico tiene una amplia gama de usos<span class=\"ez-toc-section-end\"><\/span><\/h2>\n<ol>\n<li>Condimento y conservaci\u00f3n de alimentos El \u00e1cido fum\u00e1rico se puede utilizar como un excelente conservante y acidulante de alimentos, que no solo puede mejorar el sabor de los alimentos sino que tambi\u00e9n inhibe eficazmente el crecimiento de bacterias y moho en los alimentos. Agregar \u00e1cido fum\u00e1rico a alimentos perecederos como productos c\u00e1rnicos puede extender su vida \u00fatil y garantizar la seguridad y calidad de los productos.<\/li>\n<li>Mejora el sabor El \u00e1cido fum\u00e1rico tiene un fuerte sabor agrio y salado. Agregarlo a alimentos como productos de pescado puede mejorar el sabor y el apetito. Adem\u00e1s, el \u00e1cido fum\u00e1rico se puede utilizar como condimento de fermentaci\u00f3n para hacer productos como verduras encurtidas y queso para aumentar el sabor del producto.<\/li>\n<li>Aditivos para piensos Como aditivo alimentario com\u00fan, el \u00e1cido fum\u00e1rico puede mejorar la inmunidad animal, reducir la probabilidad de distocia, aborto espont\u00e1neo y muerte fetal, aumentar la tasa de supervivencia de los animales reci\u00e9n nacidos y promover el crecimiento y desarrollo animal. Tambi\u00e9n es de bajo costo y alto en seguridad, por lo que se usa ampliamente en el procesamiento de alimentos.<\/li>\n<li>Mejora la textura El \u00e1cido fum\u00e1rico tambi\u00e9n se puede utilizar como espesante para aumentar la viscosidad y el sabor de los alimentos. Se usa ampliamente en salsas, condimentos, mermeladas y otros productos.<\/li>\n<li>Otros usos Adem\u00e1s de los usos anteriores, el \u00e1cido fum\u00e1rico tambi\u00e9n se puede utilizar para hacer productos l\u00e1cteos, alimentos congelados, galletas y otros alimentos, y sus efectos tambi\u00e9n son diversos.<\/li>\n<\/ol>\n<h2><span class=\"ez-toc-section\" id=\"Pregunta_formulada_por_un_usuario\"><\/span>Pregunta formulada por un usuario:<span class=\"ez-toc-section-end\"><\/span><\/h2>\n<p><strong>Pregunta: \u00bfSe puede extraer el \u00e1cido fum\u00e1rico de forma natural?<\/strong><\/p>\n<p>Respuesta: La respuesta es s\u00ed, el \u00e1cido fum\u00e1rico se puede obtener de determinadas plantas (como la salvia) y animales mediante m\u00e9todos de extracci\u00f3n y purificaci\u00f3n, y se utiliza ampliamente en alimentaci\u00f3n, medicina, cosm\u00e9tica e industria.<\/p>\n<p><strong>Pregunta: \u00bfExiste alguna diferencia entre el \u00e1cido fum\u00e1rico y el \u00e1cido c\u00edtrico?<\/strong><\/p>\n<p>Respuesta: Adem\u00e1s de la diferencia en la estructura qu\u00edmica, sus fuentes y usos tambi\u00e9n son muy diferentes; el \u00e1cido c\u00edtrico se extrae principalmente del \u00e1cido c\u00edtrico y de algunas otras frutas c\u00edtricas, y se puede utilizar como acidulante y conservante. Es m\u00e1s com\u00fan que el \u00e1cido c\u00edtrico y tiene un sabor agrio y una acidez m\u00e1s evidentes; Adem\u00e1s de extraerse naturalmente de las peras, el \u00e1cido fum\u00e1rico tambi\u00e9n se puede sintetizar qu\u00edmicamente y se utiliza a menudo en la industria de alimentos y bebidas como acidulante y se puede utilizar como potenciador del sabor \u00e1cido.<\/p>\n","protected":false},"excerpt":{"rendered":"<ul>\n<li>CAS: 110-17-8<\/li>\n<li>F\u00f3rmula qu\u00edmica: C<sub>4<\/sub>H<sub>4<\/sub>O<sub>4<\/sub><\/li>\n<li>Certificaciones: KOSHER, ISO, HALAL, FSSC 22000, BRC, etc.<\/li>\n<li>Cantidad m\u00ednima de pedido: 1000KG<\/li>\n<li>Caducidad: 2 a\u00f1os<\/li>\n<\/ul>\n","protected":false},"featured_media":5710,"template":"","meta":{"site-sidebar-layout":"default","site-content-layout":"","ast-site-content-layout":"default","site-content-style":"default","site-sidebar-style":"default","ast-global-header-display":"","ast-banner-title-visibility":"","ast-main-header-display":"","ast-hfb-above-header-display":"","ast-hfb-below-header-display":"","ast-hfb-mobile-header-display":"","site-post-title":"","ast-breadcrumbs-content":"","ast-featured-img":"","footer-sml-layout":"","theme-transparent-header-meta":"default","adv-header-id-meta":"","stick-header-meta":"","header-above-stick-meta":"","header-main-stick-meta":"","header-below-stick-meta":"","astra-migrate-meta-layouts":"set","ast-page-background-enabled":"default","ast-page-background-meta":{"desktop":{"background-color":"var(--ast-global-color-4)","background-image":"","background-repeat":"repeat","background-position":"center center","background-size":"auto","background-attachment":"scroll","background-type":"","background-media":"","overlay-type":"","overlay-color":"","overlay-opacity":"","overlay-gradient":""},"tablet":{"background-color":"","background-image":"","background-repeat":"repeat","background-position":"center center","background-size":"auto","background-attachment":"scroll","background-type":"","background-media":"","overlay-type":"","overlay-color":"","overlay-opacity":"","overlay-gradient":""},"mobile":{"background-color":"","background-image":"","background-repeat":"repeat","background-position":"center center","background-size":"auto","background-attachment":"scroll","background-type":"","background-media":"","overlay-type":"","overlay-color":"","overlay-opacity":"","overlay-gradient":""}},"ast-content-background-meta":{"desktop":{"background-color":"var(--ast-global-color-5)","background-image":"","background-repeat":"repeat","background-position":"center center","background-size":"auto","background-attachment":"scroll","background-type":"","background-media":"","overlay-type":"","overlay-color":"","overlay-opacity":"","overlay-gradient":""},"tablet":{"background-color":"var(--ast-global-color-5)","background-image":"","background-repeat":"repeat","background-position":"center center","background-size":"auto","background-attachment":"scroll","background-type":"","background-media":"","overlay-type":"","overlay-color":"","overlay-opacity":"","overlay-gradient":""},"mobile":{"background-color":"var(--ast-global-color-5)","background-image":"","background-repeat":"repeat","background-position":"center center","background-size":"auto","background-attachment":"scroll","background-type":"","background-media":"","overlay-type":"","overlay-color":"","overlay-opacity":"","overlay-gradient":""}}},"product_brand":[],"product_cat":[75],"product_tag":[],"class_list":{"0":"post-8319","1":"product","2":"type-product","3":"status-publish","4":"has-post-thumbnail","6":"product_cat-producto-acidulante","7":"desktop-align-center","8":"tablet-align-left","9":"mobile-align-left","11":"first","12":"instock","13":"shipping-taxable","14":"product-type-simple"},"yoast_head":"<!-- This site is optimized with the Yoast SEO plugin v26.5 - https:\/\/yoast.com\/wordpress\/plugins\/seo\/ -->\n<title>\u00c1cido Fum\u00e1rico en Polvo, Acido Fumarico Aditivo E297 | Niranbio Chemical<\/title>\n<meta name=\"description\" content=\"Nuestro polvo de \u00e1cido fum\u00e1rico de grado alimenticio (regulador de acidez E297) est\u00e1 disponible en mallas solubles en agua caliente 30-100\/60 y mallas solubles en agua fr\u00eda 325.\" \/>\n<meta name=\"robots\" content=\"noindex, follow, max-snippet:-1, max-image-preview:large, max-video-preview:-1\" \/>\n<meta name=\"twitter:label1\" content=\"Tiempo de lectura\" \/>\n\t<meta name=\"twitter:data1\" content=\"4 minutos\" \/>\n<script type=\"application\/ld+json\" class=\"yoast-schema-graph\">{\"@context\":\"https:\/\/schema.org\",\"@graph\":[{\"@type\":\"WebPage\",\"@id\":\"https:\/\/theo.niranbio.com\/es\/acido-fumarico-e297.html\",\"url\":\"https:\/\/theo.niranbio.com\/es\/acido-fumarico-e297.html\",\"name\":\"\u00c1cido Fum\u00e1rico en Polvo, Acido Fumarico Aditivo E297 | Niranbio Chemical\",\"isPartOf\":{\"@id\":\"https:\/\/theo.niranbio.com\/es\/#website\"},\"primaryImageOfPage\":{\"@id\":\"https:\/\/theo.niranbio.com\/es\/acido-fumarico-e297.html#primaryimage\"},\"image\":{\"@id\":\"https:\/\/theo.niranbio.com\/es\/acido-fumarico-e297.html#primaryimage\"},\"thumbnailUrl\":\"https:\/\/theo.niranbio.com\/wp-content\/uploads\/2024\/06\/Fumaric-Acid.webp\",\"datePublished\":\"2024-06-20T00:51:59+00:00\",\"dateModified\":\"2024-08-15T05:46:53+00:00\",\"description\":\"Nuestro polvo de \u00e1cido fum\u00e1rico de grado alimenticio (regulador de acidez E297) est\u00e1 disponible en mallas solubles en agua caliente 30-100\/60 y mallas solubles en agua fr\u00eda 325.\",\"breadcrumb\":{\"@id\":\"https:\/\/theo.niranbio.com\/es\/acido-fumarico-e297.html#breadcrumb\"},\"inLanguage\":\"es\",\"potentialAction\":[{\"@type\":\"ReadAction\",\"target\":[\"https:\/\/theo.niranbio.com\/es\/acido-fumarico-e297.html\"]}]},{\"@type\":\"ImageObject\",\"inLanguage\":\"es\",\"@id\":\"https:\/\/theo.niranbio.com\/es\/acido-fumarico-e297.html#primaryimage\",\"url\":\"https:\/\/theo.niranbio.com\/wp-content\/uploads\/2024\/06\/Fumaric-Acid.webp\",\"contentUrl\":\"https:\/\/theo.niranbio.com\/wp-content\/uploads\/2024\/06\/Fumaric-Acid.webp\",\"width\":600,\"height\":600,\"caption\":\"\u00c1cido fum\u00e1rico\"},{\"@type\":\"BreadcrumbList\",\"@id\":\"https:\/\/theo.niranbio.com\/es\/acido-fumarico-e297.html#breadcrumb\",\"itemListElement\":[{\"@type\":\"ListItem\",\"position\":1,\"name\":\"Home\",\"item\":\"https:\/\/theo.niranbio.com\/es\/\"},{\"@type\":\"ListItem\",\"position\":2,\"name\":\"Productos\",\"item\":\"https:\/\/theo.niranbio.com\/es\/productos.html\"},{\"@type\":\"ListItem\",\"position\":3,\"name\":\"Acidulante\",\"item\":\"https:\/\/theo.niranbio.com\/es\/producto-acidulante\/\"},{\"@type\":\"ListItem\",\"position\":4,\"name\":\"\u00c1cido fum\u00e1rico\"}]},{\"@type\":\"WebSite\",\"@id\":\"https:\/\/theo.niranbio.com\/es\/#website\",\"url\":\"https:\/\/theo.niranbio.com\/es\/\",\"name\":\"Niranbio Chemical\",\"description\":\"\",\"publisher\":{\"@id\":\"https:\/\/theo.niranbio.com\/es\/#organization\"},\"potentialAction\":[{\"@type\":\"SearchAction\",\"target\":{\"@type\":\"EntryPoint\",\"urlTemplate\":\"https:\/\/theo.niranbio.com\/es\/?s={search_term_string}\"},\"query-input\":{\"@type\":\"PropertyValueSpecification\",\"valueRequired\":true,\"valueName\":\"search_term_string\"}}],\"inLanguage\":\"es\"},{\"@type\":\"Organization\",\"@id\":\"https:\/\/theo.niranbio.com\/es\/#organization\",\"name\":\"Niranbio Chemical\",\"url\":\"https:\/\/theo.niranbio.com\/es\/\",\"logo\":{\"@type\":\"ImageObject\",\"inLanguage\":\"es\",\"@id\":\"https:\/\/theo.niranbio.com\/es\/#\/schema\/logo\/image\/\",\"url\":\"https:\/\/theo.niranbio.com\/wp-content\/uploads\/2024\/06\/Niranbio.png\",\"contentUrl\":\"https:\/\/theo.niranbio.com\/wp-content\/uploads\/2024\/06\/Niranbio.png\",\"width\":270,\"height\":100,\"caption\":\"Niranbio Chemical\"},\"image\":{\"@id\":\"https:\/\/theo.niranbio.com\/es\/#\/schema\/logo\/image\/\"}}]}<\/script>\n<!-- \/ Yoast SEO plugin. -->","yoast_head_json":{"title":"\u00c1cido Fum\u00e1rico en Polvo, Acido Fumarico Aditivo E297 | Niranbio Chemical","description":"Nuestro polvo de \u00e1cido fum\u00e1rico de grado alimenticio (regulador de acidez E297) est\u00e1 disponible en mallas solubles en agua caliente 30-100\/60 y mallas solubles en agua fr\u00eda 325.","robots":{"index":"noindex","follow":"follow","max-snippet":"max-snippet:-1","max-image-preview":"max-image-preview:large","max-video-preview":"max-video-preview:-1"},"twitter_misc":{"Tiempo de lectura":"4 minutos"},"schema":{"@context":"https:\/\/schema.org","@graph":[{"@type":"WebPage","@id":"https:\/\/theo.niranbio.com\/es\/acido-fumarico-e297.html","url":"https:\/\/theo.niranbio.com\/es\/acido-fumarico-e297.html","name":"\u00c1cido Fum\u00e1rico en Polvo, Acido Fumarico Aditivo E297 | Niranbio Chemical","isPartOf":{"@id":"https:\/\/theo.niranbio.com\/es\/#website"},"primaryImageOfPage":{"@id":"https:\/\/theo.niranbio.com\/es\/acido-fumarico-e297.html#primaryimage"},"image":{"@id":"https:\/\/theo.niranbio.com\/es\/acido-fumarico-e297.html#primaryimage"},"thumbnailUrl":"https:\/\/theo.niranbio.com\/wp-content\/uploads\/2024\/06\/Fumaric-Acid.webp","datePublished":"2024-06-20T00:51:59+00:00","dateModified":"2024-08-15T05:46:53+00:00","description":"Nuestro polvo de \u00e1cido fum\u00e1rico de grado alimenticio (regulador de acidez E297) est\u00e1 disponible en mallas solubles en agua caliente 30-100\/60 y mallas solubles en agua fr\u00eda 325.","breadcrumb":{"@id":"https:\/\/theo.niranbio.com\/es\/acido-fumarico-e297.html#breadcrumb"},"inLanguage":"es","potentialAction":[{"@type":"ReadAction","target":["https:\/\/theo.niranbio.com\/es\/acido-fumarico-e297.html"]}]},{"@type":"ImageObject","inLanguage":"es","@id":"https:\/\/theo.niranbio.com\/es\/acido-fumarico-e297.html#primaryimage","url":"https:\/\/theo.niranbio.com\/wp-content\/uploads\/2024\/06\/Fumaric-Acid.webp","contentUrl":"https:\/\/theo.niranbio.com\/wp-content\/uploads\/2024\/06\/Fumaric-Acid.webp","width":600,"height":600,"caption":"\u00c1cido fum\u00e1rico"},{"@type":"BreadcrumbList","@id":"https:\/\/theo.niranbio.com\/es\/acido-fumarico-e297.html#breadcrumb","itemListElement":[{"@type":"ListItem","position":1,"name":"Home","item":"https:\/\/theo.niranbio.com\/es\/"},{"@type":"ListItem","position":2,"name":"Productos","item":"https:\/\/theo.niranbio.com\/es\/productos.html"},{"@type":"ListItem","position":3,"name":"Acidulante","item":"https:\/\/theo.niranbio.com\/es\/producto-acidulante\/"},{"@type":"ListItem","position":4,"name":"\u00c1cido fum\u00e1rico"}]},{"@type":"WebSite","@id":"https:\/\/theo.niranbio.com\/es\/#website","url":"https:\/\/theo.niranbio.com\/es\/","name":"Niranbio Chemical","description":"","publisher":{"@id":"https:\/\/theo.niranbio.com\/es\/#organization"},"potentialAction":[{"@type":"SearchAction","target":{"@type":"EntryPoint","urlTemplate":"https:\/\/theo.niranbio.com\/es\/?s={search_term_string}"},"query-input":{"@type":"PropertyValueSpecification","valueRequired":true,"valueName":"search_term_string"}}],"inLanguage":"es"},{"@type":"Organization","@id":"https:\/\/theo.niranbio.com\/es\/#organization","name":"Niranbio Chemical","url":"https:\/\/theo.niranbio.com\/es\/","logo":{"@type":"ImageObject","inLanguage":"es","@id":"https:\/\/theo.niranbio.com\/es\/#\/schema\/logo\/image\/","url":"https:\/\/theo.niranbio.com\/wp-content\/uploads\/2024\/06\/Niranbio.png","contentUrl":"https:\/\/theo.niranbio.com\/wp-content\/uploads\/2024\/06\/Niranbio.png","width":270,"height":100,"caption":"Niranbio Chemical"},"image":{"@id":"https:\/\/theo.niranbio.com\/es\/#\/schema\/logo\/image\/"}}]}},"_links":{"self":[{"href":"https:\/\/theo.niranbio.com\/es\/wp-json\/wp\/v2\/product\/8319","targetHints":{"allow":["GET"]}}],"collection":[{"href":"https:\/\/theo.niranbio.com\/es\/wp-json\/wp\/v2\/product"}],"about":[{"href":"https:\/\/theo.niranbio.com\/es\/wp-json\/wp\/v2\/types\/product"}],"version-history":[{"count":0,"href":"https:\/\/theo.niranbio.com\/es\/wp-json\/wp\/v2\/product\/8319\/revisions"}],"wp:featuredmedia":[{"embeddable":true,"href":"https:\/\/theo.niranbio.com\/es\/wp-json\/wp\/v2\/media\/5710"}],"wp:attachment":[{"href":"https:\/\/theo.niranbio.com\/es\/wp-json\/wp\/v2\/media?parent=8319"}],"wp:term":[{"taxonomy":"product_brand","embeddable":true,"href":"https:\/\/theo.niranbio.com\/es\/wp-json\/wp\/v2\/product_brand?post=8319"},{"taxonomy":"product_cat","embeddable":true,"href":"https:\/\/theo.niranbio.com\/es\/wp-json\/wp\/v2\/product_cat?post=8319"},{"taxonomy":"product_tag","embeddable":true,"href":"https:\/\/theo.niranbio.com\/es\/wp-json\/wp\/v2\/product_tag?post=8319"}],"curies":[{"name":"wp","href":"https:\/\/api.w.org\/{rel}","templated":true}]}}