{"id":8316,"date":"2024-06-20T08:52:56","date_gmt":"2024-06-20T00:52:56","guid":{"rendered":"https:\/\/theo.niranbio.com\/lactato-de-calcio\/"},"modified":"2024-08-15T13:42:13","modified_gmt":"2024-08-15T05:42:13","slug":"lactato-de-calcio","status":"publish","type":"product","link":"https:\/\/theo.niranbio.com\/es\/lactato-de-calcio.html","title":{"rendered":"Lactato de calcio"},"content":{"rendered":"<h2><span class=\"ez-toc-section\" id=\"%C2%BFQue_es_el_lactato_calcico\"><\/span>\u00bfQu\u00e9 es el lactato c\u00e1lcico?<span class=\"ez-toc-section-end\"><\/span><\/h2>\n<p>El lactato de calcio es un polvo o gr\u00e1nulo blanco, no tiene un olor peculiar y tiene un sabor amargo. Es ligeramente eflorescente, f\u00e1cilmente soluble en agua caliente e insoluble en etanol, \u00e9ter y cloroformo. Tiene una alta solubilidad, una r\u00e1pida tasa de disoluci\u00f3n, una alta biodisponibilidad y un buen sabor, y se utiliza ampliamente en productos l\u00e1cteos, bebidas, alimentos y productos para la salud, etc.<\/p>\n<p>Las principales materias primas para la producci\u00f3n de lactato de calcio son el \u00e1cido l\u00e1ctico y el carbonato de calcio (el \u00e1cido l\u00e1ctico se puede obtener a partir del almid\u00f3n o la sacarosa por fermentaci\u00f3n, y el carbonato de calcio se puede extraer de la piedra caliza natural). Primero, agregue una cantidad apropiada de \u00e1cido l\u00e1ctico y carbonato de calcio al reactor, controle la temperatura y el valor de pH, reaccione, elimine las impurezas y los residuos s\u00f3lidos, luego lave los residuos s\u00f3lidos con una cantidad apropiada de agua para hacerlos m\u00e1s puros y finalmente seque los residuos s\u00f3lidos filtrados para eliminar la humedad y luego muela y tamice el lactato de calcio seco para hacer los gr\u00e1nulos o polvos requeridos.<\/p>\n<h2><span class=\"ez-toc-section\" id=\"Parametros_relacionados\"><\/span>Par\u00e1metros relacionados:<span class=\"ez-toc-section-end\"><\/span><\/h2>\n<table>\n<tbody>\n<tr>\n<td>Art\u00edculos<\/td>\n<td>Acciones espec\u00edficas<\/td>\n<td>Resultados<\/td>\n<\/tr>\n<tr>\n<td>Solubilidad<\/td>\n<td>Soluble en agua, pr\u00e1cticamente insoluble en etanol<\/td>\n<td>Cumple los requisitos<\/td>\n<\/tr>\n<tr>\n<td>Prueba de lactato<\/td>\n<td>Pasa la prueba<\/td>\n<td>Pasa<\/td>\n<\/tr>\n<tr>\n<td>Prueba de calcio<\/td>\n<td>Pasa la prueba<\/td>\n<td>Pasado<\/td>\n<\/tr>\n<tr>\n<td>Ensayo<\/td>\n<td>&gt;98%<\/td>\n<td>98.91%<\/td>\n<\/tr>\n<tr>\n<td>P\u00e9rdida por secado (120\u2103,4 h)<\/td>\n<td>22.0~27.0%<\/td>\n<td>24.62%<\/td>\n<\/tr>\n<tr>\n<td>PH (1 en 20 )<\/td>\n<td>6.0-8.0<\/td>\n<td>6.88<\/td>\n<\/tr>\n<tr>\n<td>Acidez<\/td>\n<td>Disuelva 1 g de la muestra en 20 ml de agua, agregue 3 gotas de fenolftale\u00edna TS y titule con hidr\u00f3xido de sodio 0,1 N. No se deben requerir m\u00e1s de 0,5 ml.<\/td>\n<td>Cumple el requisito<\/td>\n<\/tr>\n<tr>\n<td>Magnesio&amp; metal alcalino<\/td>\n<td>\uff1c1.0%<\/td>\n<td>\uff1c1.0%<\/td>\n<\/tr>\n<tr>\n<td>Fluoruro<\/td>\n<td>30ppm<\/td>\n<td>\uff1c15ppm<\/td>\n<\/tr>\n<tr>\n<td>Plomo<\/td>\n<td>\uff1c2ppm<\/td>\n<td>0,09 ppm<\/td>\n<\/tr>\n<\/tbody>\n<\/table>\n<h2><span class=\"ez-toc-section\" id=\"Dosis_recomendada\"><\/span>Dosis recomendada<span class=\"ez-toc-section-end\"><\/span><\/h2>\n<table>\n<tbody>\n<tr>\n<td>Nombre del alimento<\/td>\n<td>Uso m\u00e1ximo(g\/kg)<\/td>\n<\/tr>\n<tr>\n<td>Bebidas carbonatadas<\/td>\n<td>0,1-0,3 g\/kg<\/td>\n<\/tr>\n<tr>\n<td>Productos amil\u00e1ceos<\/td>\n<td>0,1-0,2 g\/kg<\/td>\n<\/tr>\n<tr>\n<td>Gelatina<\/td>\n<td>0,2-0,4 g\/kg<\/td>\n<\/tr>\n<tr>\n<td>Aderezo para ensaladas<\/td>\n<td>0,2-0,4 g\/kg<\/td>\n<\/tr>\n<tr>\n<td>Helado<\/td>\n<td>0,2-0,3 g\/kg<\/td>\n<\/tr>\n<tr>\n<td>Transformaci\u00f3n de productos acu\u00e1ticos<\/td>\n<td>0,1-0,3 g\/kg<\/td>\n<\/tr>\n<tr>\n<td>Condimentos<\/td>\n<td>0,2-0,5 g\/kg<\/td>\n<\/tr>\n<tr>\n<td>Productos de soja<\/td>\n<td>0,1-0,3 g\/kg<\/td>\n<\/tr>\n<tr>\n<td>Salsa de soja<\/td>\n<td>0,1-0,3 g\/kg<\/td>\n<\/tr>\n<tr>\n<td>Jam\u00f3n<\/td>\n<td>0,1-0,2 g\/kg<\/td>\n<\/tr>\n<tr>\n<td>Pan<\/td>\n<td>0,1-0,2 g\/kg<\/td>\n<\/tr>\n<tr>\n<td>Productos asados<\/td>\n<td>0,2-0,4 g\/kg<\/td>\n<\/tr>\n<tr>\n<td>Productos l\u00e1cteos<\/td>\n<td>0,2-0,3 g\/kg<\/td>\n<\/tr>\n<tr>\n<td>Alimentos ultracongelados<\/td>\n<td>0,1-0,3 g\/kg<\/td>\n<\/tr>\n<tr>\n<td>Chocolate<\/td>\n<td>0,1-0,3 g\/kg<\/td>\n<\/tr>\n<\/tbody>\n<\/table>\n<h2><span class=\"ez-toc-section\" id=\"El_lactato_de_calcio_tiene_una_amplia_gama_de_usos\"><\/span>El lactato de calcio tiene una amplia gama de usos<span class=\"ez-toc-section-end\"><\/span><\/h2>\n<ol>\n<li>Efecto nutricional El lactato de calcio puede proporcionar al cuerpo humano el calcio necesario para los huesos, manteniendo el crecimiento y el desarrollo normales y la salud \u00f3sea.<\/li>\n<li>Mantenimiento del pH de los alimentos Agregar lactato de calcio puede ajustar el pH de los alimentos, reducir la acidez y el sabor y mejorar la calidad de los alimentos.<\/li>\n<li>Mejora de la calidad de los productos l\u00e1cteos El lactato de calcio puede evitar que la calidad de los productos l\u00e1cteos se deteriore durante el almacenamiento y el transporte.<\/li>\n<li>Efectos antioxidantes y antibacterianos El lactato de calcio tambi\u00e9n tiene efectos antioxidantes y antibacterianos, manteniendo eficazmente la calidad de los alimentos.<\/li>\n<\/ol>\n<h2><span class=\"ez-toc-section\" id=\"Pregunta_formulada_por_un_usuario\"><\/span>Pregunta formulada por un usuario:<span class=\"ez-toc-section-end\"><\/span><\/h2>\n<p><strong>Pregunta: \u00bfExiste alguna diferencia entre el lactato de calcio y el citrato de calcio?<\/strong><\/p>\n<p>Respuesta: El lactato de calcio y el citrato de calcio (que contienen calcio elemental, lactato de calcio y gluconato de calcio) son calcio org\u00e1nico de segunda generaci\u00f3n, con diferencias relativamente peque\u00f1as. Ya sea por la relaci\u00f3n costo-beneficio, la tasa de absorci\u00f3n, la biodisponibilidad o los efectos secundarios, los dos son casi iguales. En comparaci\u00f3n con el calcio inorg\u00e1nico de primera generaci\u00f3n, tiene menos impacto en los pacientes, no requiere la participaci\u00f3n del \u00e1cido g\u00e1strico y tiene muy poco impacto en el tracto gastrointestinal.<\/p>\n<p><strong>Pregunta: \u00bfSe puede utilizar bicarbonato de sodio en lugar del lactato de calcio?<\/strong><\/p>\n<p>Respuesta: Por supuesto que no, porque el bicarbonato de sodio es una sustancia alcalina, que se utiliza principalmente para regular el equilibrio \u00e1cido-base. El lactato de calcio es un suplemento de calcio, que se utiliza principalmente para complementar el elemento calcio que necesita el cuerpo humano. Aunque ambos contienen calcio, sus propiedades qu\u00edmicas y mecanismos de acci\u00f3n son diferentes. El lactato de calcio se absorbe y utiliza m\u00e1s f\u00e1cilmente por el cuerpo humano, lo que puede ayudar a mantener la salud \u00f3sea, promover la funci\u00f3n nerviosa y muscular, mantener el funcionamiento normal del coraz\u00f3n, etc. Por lo tanto, si se necesita un suplemento de calcio, se recomienda elegir suplementos de lactato de calcio en lugar de bicarbonato de sodio.<\/p>\n","protected":false},"excerpt":{"rendered":"<ul>\n<li>CAS: 814-80-2<\/li>\n<li>F\u00f3rmula qu\u00edmica:C<sub>6<\/sub>H<sub>10<\/sub>CaO<sub>6<\/sub>*NH<sub>2<\/sub>O\uff08n=0~5\uff09<\/li>\n<li>Certificaciones: KOSHER, ISO, HALAL, FSSC 22000, BRC, etc.<\/li>\n<li>Est\u00e1ndar: BP\/USP\/EP\/FCC<\/li>\n<li>Cantidad m\u00ednima de pedido: 1000KG<\/li>\n<li>Caducidad: 2 a\u00f1os<\/li>\n<\/ul>\n","protected":false},"featured_media":5706,"template":"","meta":{"site-sidebar-layout":"default","site-content-layout":"","ast-site-content-layout":"default","site-content-style":"default","site-sidebar-style":"default","ast-global-header-display":"","ast-banner-title-visibility":"","ast-main-header-display":"","ast-hfb-above-header-display":"","ast-hfb-below-header-display":"","ast-hfb-mobile-header-display":"","site-post-title":"","ast-breadcrumbs-content":"","ast-featured-img":"","footer-sml-layout":"","theme-transparent-header-meta":"default","adv-header-id-meta":"","stick-header-meta":"","header-above-stick-meta":"","header-main-stick-meta":"","header-below-stick-meta":"","astra-migrate-meta-layouts":"set","ast-page-background-enabled":"default","ast-page-background-meta":{"desktop":{"background-color":"var(--ast-global-color-4)","background-image":"","background-repeat":"repeat","background-position":"center center","background-size":"auto","background-attachment":"scroll","background-type":"","background-media":"","overlay-type":"","overlay-color":"","overlay-opacity":"","overlay-gradient":""},"tablet":{"background-color":"","background-image":"","background-repeat":"repeat","background-position":"center center","background-size":"auto","background-attachment":"scroll","background-type":"","background-media":"","overlay-type":"","overlay-color":"","overlay-opacity":"","overlay-gradient":""},"mobile":{"background-color":"","background-image":"","background-repeat":"repeat","background-position":"center center","background-size":"auto","background-attachment":"scroll","background-type":"","background-media":"","overlay-type":"","overlay-color":"","overlay-opacity":"","overlay-gradient":""}},"ast-content-background-meta":{"desktop":{"background-color":"var(--ast-global-color-5)","background-image":"","background-repeat":"repeat","background-position":"center center","background-size":"auto","background-attachment":"scroll","background-type":"","background-media":"","overlay-type":"","overlay-color":"","overlay-opacity":"","overlay-gradient":""},"tablet":{"background-color":"var(--ast-global-color-5)","background-image":"","background-repeat":"repeat","background-position":"center center","background-size":"auto","background-attachment":"scroll","background-type":"","background-media":"","overlay-type":"","overlay-color":"","overlay-opacity":"","overlay-gradient":""},"mobile":{"background-color":"var(--ast-global-color-5)","background-image":"","background-repeat":"repeat","background-position":"center center","background-size":"auto","background-attachment":"scroll","background-type":"","background-media":"","overlay-type":"","overlay-color":"","overlay-opacity":"","overlay-gradient":""}}},"product_brand":[],"product_cat":[75],"product_tag":[],"class_list":{"0":"post-8316","1":"product","2":"type-product","3":"status-publish","4":"has-post-thumbnail","6":"product_cat-producto-acidulante","7":"desktop-align-center","8":"tablet-align-left","9":"mobile-align-left","11":"first","12":"instock","13":"shipping-taxable","14":"product-type-simple"},"yoast_head":"<!-- This site is optimized with the Yoast SEO plugin v26.5 - https:\/\/yoast.com\/wordpress\/plugins\/seo\/ -->\n<title>Lactato de Calcio, Compre Lactato Calcio en Polvo | Niranbio Chemical<\/title>\n<meta name=\"description\" content=\"Nuestro polvo blanco de lactato de calcio (regulador de acidez E327) no contiene l\u00e1cteos ni GMO, favorece la salud \u00f3sea y est\u00e1 disponible en varios tama\u00f1os de malla.\" \/>\n<meta name=\"robots\" content=\"noindex, follow, max-snippet:-1, max-image-preview:large, max-video-preview:-1\" \/>\n<meta name=\"twitter:label1\" content=\"Tiempo de lectura\" \/>\n\t<meta name=\"twitter:data1\" content=\"4 minutos\" \/>\n<script type=\"application\/ld+json\" class=\"yoast-schema-graph\">{\"@context\":\"https:\/\/schema.org\",\"@graph\":[{\"@type\":\"WebPage\",\"@id\":\"https:\/\/theo.niranbio.com\/es\/lactato-de-calcio.html\",\"url\":\"https:\/\/theo.niranbio.com\/es\/lactato-de-calcio.html\",\"name\":\"Lactato de Calcio, Compre Lactato Calcio en Polvo | Niranbio Chemical\",\"isPartOf\":{\"@id\":\"https:\/\/theo.niranbio.com\/es\/#website\"},\"primaryImageOfPage\":{\"@id\":\"https:\/\/theo.niranbio.com\/es\/lactato-de-calcio.html#primaryimage\"},\"image\":{\"@id\":\"https:\/\/theo.niranbio.com\/es\/lactato-de-calcio.html#primaryimage\"},\"thumbnailUrl\":\"https:\/\/theo.niranbio.com\/wp-content\/uploads\/2024\/06\/Calcium-Lactate.webp\",\"datePublished\":\"2024-06-20T00:52:56+00:00\",\"dateModified\":\"2024-08-15T05:42:13+00:00\",\"description\":\"Nuestro polvo blanco de lactato de calcio (regulador de acidez E327) no contiene l\u00e1cteos ni GMO, favorece la salud \u00f3sea y est\u00e1 disponible en varios tama\u00f1os de malla.\",\"breadcrumb\":{\"@id\":\"https:\/\/theo.niranbio.com\/es\/lactato-de-calcio.html#breadcrumb\"},\"inLanguage\":\"es\",\"potentialAction\":[{\"@type\":\"ReadAction\",\"target\":[\"https:\/\/theo.niranbio.com\/es\/lactato-de-calcio.html\"]}]},{\"@type\":\"ImageObject\",\"inLanguage\":\"es\",\"@id\":\"https:\/\/theo.niranbio.com\/es\/lactato-de-calcio.html#primaryimage\",\"url\":\"https:\/\/theo.niranbio.com\/wp-content\/uploads\/2024\/06\/Calcium-Lactate.webp\",\"contentUrl\":\"https:\/\/theo.niranbio.com\/wp-content\/uploads\/2024\/06\/Calcium-Lactate.webp\",\"width\":600,\"height\":600,\"caption\":\"Lactato de calcio\"},{\"@type\":\"BreadcrumbList\",\"@id\":\"https:\/\/theo.niranbio.com\/es\/lactato-de-calcio.html#breadcrumb\",\"itemListElement\":[{\"@type\":\"ListItem\",\"position\":1,\"name\":\"Home\",\"item\":\"https:\/\/theo.niranbio.com\/es\/\"},{\"@type\":\"ListItem\",\"position\":2,\"name\":\"Productos\",\"item\":\"https:\/\/theo.niranbio.com\/es\/productos.html\"},{\"@type\":\"ListItem\",\"position\":3,\"name\":\"Acidulante\",\"item\":\"https:\/\/theo.niranbio.com\/es\/producto-acidulante\/\"},{\"@type\":\"ListItem\",\"position\":4,\"name\":\"Lactato de calcio\"}]},{\"@type\":\"WebSite\",\"@id\":\"https:\/\/theo.niranbio.com\/es\/#website\",\"url\":\"https:\/\/theo.niranbio.com\/es\/\",\"name\":\"Niranbio Chemical\",\"description\":\"\",\"publisher\":{\"@id\":\"https:\/\/theo.niranbio.com\/es\/#organization\"},\"potentialAction\":[{\"@type\":\"SearchAction\",\"target\":{\"@type\":\"EntryPoint\",\"urlTemplate\":\"https:\/\/theo.niranbio.com\/es\/?s={search_term_string}\"},\"query-input\":{\"@type\":\"PropertyValueSpecification\",\"valueRequired\":true,\"valueName\":\"search_term_string\"}}],\"inLanguage\":\"es\"},{\"@type\":\"Organization\",\"@id\":\"https:\/\/theo.niranbio.com\/es\/#organization\",\"name\":\"Niranbio Chemical\",\"url\":\"https:\/\/theo.niranbio.com\/es\/\",\"logo\":{\"@type\":\"ImageObject\",\"inLanguage\":\"es\",\"@id\":\"https:\/\/theo.niranbio.com\/es\/#\/schema\/logo\/image\/\",\"url\":\"https:\/\/theo.niranbio.com\/wp-content\/uploads\/2024\/06\/Niranbio.png\",\"contentUrl\":\"https:\/\/theo.niranbio.com\/wp-content\/uploads\/2024\/06\/Niranbio.png\",\"width\":270,\"height\":100,\"caption\":\"Niranbio Chemical\"},\"image\":{\"@id\":\"https:\/\/theo.niranbio.com\/es\/#\/schema\/logo\/image\/\"}}]}<\/script>\n<!-- \/ Yoast SEO plugin. -->","yoast_head_json":{"title":"Lactato de Calcio, Compre Lactato Calcio en Polvo | Niranbio Chemical","description":"Nuestro polvo blanco de lactato de calcio (regulador de acidez E327) no contiene l\u00e1cteos ni GMO, favorece la salud \u00f3sea y est\u00e1 disponible en varios tama\u00f1os de malla.","robots":{"index":"noindex","follow":"follow","max-snippet":"max-snippet:-1","max-image-preview":"max-image-preview:large","max-video-preview":"max-video-preview:-1"},"twitter_misc":{"Tiempo de lectura":"4 minutos"},"schema":{"@context":"https:\/\/schema.org","@graph":[{"@type":"WebPage","@id":"https:\/\/theo.niranbio.com\/es\/lactato-de-calcio.html","url":"https:\/\/theo.niranbio.com\/es\/lactato-de-calcio.html","name":"Lactato de Calcio, Compre Lactato Calcio en Polvo | Niranbio Chemical","isPartOf":{"@id":"https:\/\/theo.niranbio.com\/es\/#website"},"primaryImageOfPage":{"@id":"https:\/\/theo.niranbio.com\/es\/lactato-de-calcio.html#primaryimage"},"image":{"@id":"https:\/\/theo.niranbio.com\/es\/lactato-de-calcio.html#primaryimage"},"thumbnailUrl":"https:\/\/theo.niranbio.com\/wp-content\/uploads\/2024\/06\/Calcium-Lactate.webp","datePublished":"2024-06-20T00:52:56+00:00","dateModified":"2024-08-15T05:42:13+00:00","description":"Nuestro polvo blanco de lactato de calcio (regulador de acidez E327) no contiene l\u00e1cteos ni GMO, favorece la salud \u00f3sea y est\u00e1 disponible en varios tama\u00f1os de malla.","breadcrumb":{"@id":"https:\/\/theo.niranbio.com\/es\/lactato-de-calcio.html#breadcrumb"},"inLanguage":"es","potentialAction":[{"@type":"ReadAction","target":["https:\/\/theo.niranbio.com\/es\/lactato-de-calcio.html"]}]},{"@type":"ImageObject","inLanguage":"es","@id":"https:\/\/theo.niranbio.com\/es\/lactato-de-calcio.html#primaryimage","url":"https:\/\/theo.niranbio.com\/wp-content\/uploads\/2024\/06\/Calcium-Lactate.webp","contentUrl":"https:\/\/theo.niranbio.com\/wp-content\/uploads\/2024\/06\/Calcium-Lactate.webp","width":600,"height":600,"caption":"Lactato de calcio"},{"@type":"BreadcrumbList","@id":"https:\/\/theo.niranbio.com\/es\/lactato-de-calcio.html#breadcrumb","itemListElement":[{"@type":"ListItem","position":1,"name":"Home","item":"https:\/\/theo.niranbio.com\/es\/"},{"@type":"ListItem","position":2,"name":"Productos","item":"https:\/\/theo.niranbio.com\/es\/productos.html"},{"@type":"ListItem","position":3,"name":"Acidulante","item":"https:\/\/theo.niranbio.com\/es\/producto-acidulante\/"},{"@type":"ListItem","position":4,"name":"Lactato de calcio"}]},{"@type":"WebSite","@id":"https:\/\/theo.niranbio.com\/es\/#website","url":"https:\/\/theo.niranbio.com\/es\/","name":"Niranbio Chemical","description":"","publisher":{"@id":"https:\/\/theo.niranbio.com\/es\/#organization"},"potentialAction":[{"@type":"SearchAction","target":{"@type":"EntryPoint","urlTemplate":"https:\/\/theo.niranbio.com\/es\/?s={search_term_string}"},"query-input":{"@type":"PropertyValueSpecification","valueRequired":true,"valueName":"search_term_string"}}],"inLanguage":"es"},{"@type":"Organization","@id":"https:\/\/theo.niranbio.com\/es\/#organization","name":"Niranbio Chemical","url":"https:\/\/theo.niranbio.com\/es\/","logo":{"@type":"ImageObject","inLanguage":"es","@id":"https:\/\/theo.niranbio.com\/es\/#\/schema\/logo\/image\/","url":"https:\/\/theo.niranbio.com\/wp-content\/uploads\/2024\/06\/Niranbio.png","contentUrl":"https:\/\/theo.niranbio.com\/wp-content\/uploads\/2024\/06\/Niranbio.png","width":270,"height":100,"caption":"Niranbio Chemical"},"image":{"@id":"https:\/\/theo.niranbio.com\/es\/#\/schema\/logo\/image\/"}}]}},"_links":{"self":[{"href":"https:\/\/theo.niranbio.com\/es\/wp-json\/wp\/v2\/product\/8316","targetHints":{"allow":["GET"]}}],"collection":[{"href":"https:\/\/theo.niranbio.com\/es\/wp-json\/wp\/v2\/product"}],"about":[{"href":"https:\/\/theo.niranbio.com\/es\/wp-json\/wp\/v2\/types\/product"}],"version-history":[{"count":0,"href":"https:\/\/theo.niranbio.com\/es\/wp-json\/wp\/v2\/product\/8316\/revisions"}],"wp:featuredmedia":[{"embeddable":true,"href":"https:\/\/theo.niranbio.com\/es\/wp-json\/wp\/v2\/media\/5706"}],"wp:attachment":[{"href":"https:\/\/theo.niranbio.com\/es\/wp-json\/wp\/v2\/media?parent=8316"}],"wp:term":[{"taxonomy":"product_brand","embeddable":true,"href":"https:\/\/theo.niranbio.com\/es\/wp-json\/wp\/v2\/product_brand?post=8316"},{"taxonomy":"product_cat","embeddable":true,"href":"https:\/\/theo.niranbio.com\/es\/wp-json\/wp\/v2\/product_cat?post=8316"},{"taxonomy":"product_tag","embeddable":true,"href":"https:\/\/theo.niranbio.com\/es\/wp-json\/wp\/v2\/product_tag?post=8316"}],"curies":[{"name":"wp","href":"https:\/\/api.w.org\/{rel}","templated":true}]}}