{"id":8313,"date":"2024-06-20T08:53:35","date_gmt":"2024-06-20T00:53:35","guid":{"rendered":"https:\/\/theo.niranbio.com\/citrato-de-triamonio-calidad-alimentaria\/"},"modified":"2024-08-15T13:34:04","modified_gmt":"2024-08-15T05:34:04","slug":"citrato-de-triamonio-calidad-alimentaria","status":"publish","type":"product","link":"https:\/\/theo.niranbio.com\/es\/citrato-de-triamonio-calidad-alimentaria.html","title":{"rendered":"Citrato de triamonio-calidad alimentaria"},"content":{"rendered":"<h2><span class=\"ez-toc-section\" id=\"%C2%BFQue_es_el_citrato_de_triamonio_de_grado_alimenticio\"><\/span>\u00bfQu\u00e9 es el citrato de triamonio de grado alimenticio?<span class=\"ez-toc-section-end\"><\/span><\/h2>\n<p>El citrato de triamonio es una sal de citrato con la apariencia de cristales incoloros o polvo cristalino blanco. Se disuelve en agua, tiene una ligera solubilidad en alcohol y \u00e9ter, se descompone a altas temperaturas y demuestra propiedades higrosc\u00f3picas. Se puede utilizar como aditivo alimentario y en la fabricaci\u00f3n de detergentes y agentes de limpieza, etc. Tiene las funciones de descontaminaci\u00f3n, emulsificaci\u00f3n y conservaci\u00f3n. Hay dos procesos principales de producci\u00f3n para el citrato de triamonio.<\/p>\n<p>Uno es el m\u00e9todo de neutralizaci\u00f3n del \u00e1cido c\u00edtrico: el \u00e1cido c\u00edtrico se hace reaccionar con amon\u00edaco o hidr\u00f3xido de amonio para generar una soluci\u00f3n de citrato de triamonio, y luego se evapora y cristaliza para obtener el producto; El otro es el m\u00e9todo de precipitaci\u00f3n de bario: el \u00e1cido c\u00edtrico se hace reaccionar con cloruro de amonio para generar un precipitado de citrato de triamonio, y luego se lava con agua y se seca para obtener el producto.<\/p>\n<h2><span class=\"ez-toc-section\" id=\"Parametros_relacionados\"><\/span>Par\u00e1metros relacionados:<span class=\"ez-toc-section-end\"><\/span><\/h2>\n<table>\n<tbody>\n<tr>\n<td>Art\u00edculos<\/td>\n<td>Normas<\/td>\n<\/tr>\n<tr>\n<td>Ensayo(C6H17N3O7),c\/% \u2265<\/td>\n<td>97.0<\/td>\n<\/tr>\n<tr>\n<td>Oxalato (como \u00e1cido ox\u00e1lico),p\/% \u2264 0,04<\/td>\n<td>0.04<\/td>\n<\/tr>\n<tr>\n<td>Ars\u00e9nico, mg\/kg \u2264 1<\/td>\n<td>3<\/td>\n<\/tr>\n<tr>\n<td>Plomo,mg\/kg \u2264<\/td>\n<td>2<\/td>\n<\/tr>\n<tr>\n<td>Mercurio,mg\/kg \u2264<\/td>\n<td>1<\/td>\n<\/tr>\n<\/tbody>\n<\/table>\n<h2><span class=\"ez-toc-section\" id=\"Dosis_recomendada\"><\/span>Dosis recomendada<span class=\"ez-toc-section-end\"><\/span><\/h2>\n<table>\n<tbody>\n<tr>\n<td>Nombre del alimento<\/td>\n<td>Uso m\u00e1ximo(g\/kg)<\/td>\n<\/tr>\n<tr>\n<td>Bebidas carbonatadas<\/td>\n<td>0,2-0,5 g\/kg<\/td>\n<\/tr>\n<tr>\n<td>Productos amil\u00e1ceos<\/td>\n<td>0,1-0,3 g\/kg<\/td>\n<\/tr>\n<tr>\n<td>Gelatina<\/td>\n<td>0,3-0,5 g\/kg<\/td>\n<\/tr>\n<tr>\n<td>Aderezo para ensaladas<\/td>\n<td>0,2-0,4 g\/kg<\/td>\n<\/tr>\n<tr>\n<td>Helado<\/td>\n<td>0,2-0,3 g\/kg<\/td>\n<\/tr>\n<tr>\n<td>Fideos fritos<\/td>\n<td>0,1-0,2 g\/kg<\/td>\n<\/tr>\n<tr>\n<td>Transformaci\u00f3n de productos acu\u00e1ticos<\/td>\n<td>0,1-0,3 g\/kg<\/td>\n<\/tr>\n<tr>\n<td>Condimentos<\/td>\n<td>0,2-0,5 g\/kg<\/td>\n<\/tr>\n<tr>\n<td>Tofu seco<\/td>\n<td>0,1-0,3 g\/kg<\/td>\n<\/tr>\n<tr>\n<td>Productos de soja<\/td>\n<td>0,1-0,3 g\/kg<\/td>\n<\/tr>\n<tr>\n<td>Salsa de soja<\/td>\n<td>0,1-0,3 g\/kg<\/td>\n<\/tr>\n<tr>\n<td>Jam\u00f3n<\/td>\n<td>0,1-0,2 g\/kg<\/td>\n<\/tr>\n<tr>\n<td>Pan<\/td>\n<td>0,1-0,2 g\/kg<\/td>\n<\/tr>\n<tr>\n<td>Productos asados<\/td>\n<td>0,2-0,4 g\/kg<\/td>\n<\/tr>\n<tr>\n<td>Productos l\u00e1cteos<\/td>\n<td>0,2-0,3 g\/kg<\/td>\n<\/tr>\n<tr>\n<td>Alimentos congelados r\u00e1pidamente<\/td>\n<td>0,1-0,3 g\/kg<\/td>\n<\/tr>\n<tr>\n<td>Chocolate<\/td>\n<td>0,1-0,3 g\/kg<\/td>\n<\/tr>\n<\/tbody>\n<\/table>\n<h2><span class=\"ez-toc-section\" id=\"El_citrato_de_triamonio_de_calidad_alimentaria_tiene_una_amplia_gama_de_usos\"><\/span>El citrato de triamonio de calidad alimentaria tiene una amplia gama de usos<span class=\"ez-toc-section-end\"><\/span><\/h2>\n<p>El citrato de triamonio se emplea principalmente en an\u00e1lisis qu\u00edmicos, tratamiento de aguas industriales, limpieza de metales (particularmente en la limpieza de tuber\u00edas de petr\u00f3leo), dispersi\u00f3n cer\u00e1mica, como coadyuvante de penetraci\u00f3n, materia prima de detergentes y componente de acondicionadores de suelos. Adem\u00e1s, encuentra aplicaciones en la industria farmac\u00e9utica, electr\u00f3nica y otras industrias. En qu\u00edmica anal\u00edtica, sirve como reactivo qu\u00edmico para determinar fosfatos en fertilizantes y \u00e1cido fosf\u00f3rico eficaz. Finalmente, act\u00faa como agente complejante de galvanoplastia sin cianuro en la industria de galvanoplastia. Se utiliza en la industria mec\u00e1nica para preparar inhibidores de \u00f3xido.<\/p>\n<h2><span class=\"ez-toc-section\" id=\"Pregunta_formulada_por_un_usuario\"><\/span>Pregunta formulada por un usuario:<span class=\"ez-toc-section-end\"><\/span><\/h2>\n<p><strong>Pregunta: \u00bfSon lo mismo el citrato de triamonio y el citrato de amonio?<\/strong><\/p>\n<p>Respuesta: La respuesta es s\u00ed. El citrato de triamonio, tambi\u00e9n conocido como citrato de amonio, es una sustancia qu\u00edmica con las caracter\u00edsticas de un polvo o cristales delicuescentes blancos, f\u00e1cilmente soluble en agua, se descompone en el punto de fusi\u00f3n y se considera de baja toxicidad. El citrato de triamonio y el citrato de amonio son en realidad nombres diferentes para la misma sustancia, que se refiere al mismo compuesto qu\u00edmicamente.<\/p>\n<p>Esta sustancia sirve como tamp\u00f3n, emulsionante, etc. en la industria alimentaria y se utiliza principalmente en el procesamiento de queso dentro de la CEE. Adem\u00e1s, el citrato de triamonio se utiliza en an\u00e1lisis qu\u00edmicos, tratamiento de aguas industriales, limpieza de metales (como la limpieza de oleoductos), dispersantes cer\u00e1micos, como coadyuvante de penetraci\u00f3n, materia prima de detergentes y como componente de acondicionadores de suelos. Tambi\u00e9n se utiliza en campos industriales como la medicina y la electr\u00f3nica.<\/p>\n","protected":false},"excerpt":{"rendered":"<ul>\n<li>CAS: 3458-72-8<\/li>\n<li>F\u00f3rmula qu\u00edmica: C<sub>6<\/sub>H<sub>8<\/sub>O<sub>7<\/sub>*3H<sub>3<\/sub>N<\/li>\n<li>Certificaciones: KOSHER, ISO, HALAL, FSSC 22000, BRC, etc.<\/li>\n<li>Cantidad m\u00ednima de pedido: 1000KG<\/li>\n<li>Caducidad: 2 a\u00f1os<\/li>\n<\/ul>\n","protected":false},"featured_media":5702,"template":"","meta":{"site-sidebar-layout":"default","site-content-layout":"","ast-site-content-layout":"default","site-content-style":"default","site-sidebar-style":"default","ast-global-header-display":"","ast-banner-title-visibility":"","ast-main-header-display":"","ast-hfb-above-header-display":"","ast-hfb-below-header-display":"","ast-hfb-mobile-header-display":"","site-post-title":"","ast-breadcrumbs-content":"","ast-featured-img":"","footer-sml-layout":"","theme-transparent-header-meta":"default","adv-header-id-meta":"","stick-header-meta":"","header-above-stick-meta":"","header-main-stick-meta":"","header-below-stick-meta":"","astra-migrate-meta-layouts":"set","ast-page-background-enabled":"default","ast-page-background-meta":{"desktop":{"background-color":"var(--ast-global-color-4)","background-image":"","background-repeat":"repeat","background-position":"center center","background-size":"auto","background-attachment":"scroll","background-type":"","background-media":"","overlay-type":"","overlay-color":"","overlay-opacity":"","overlay-gradient":""},"tablet":{"background-color":"","background-image":"","background-repeat":"repeat","background-position":"center center","background-size":"auto","background-attachment":"scroll","background-type":"","background-media":"","overlay-type":"","overlay-color":"","overlay-opacity":"","overlay-gradient":""},"mobile":{"background-color":"","background-image":"","background-repeat":"repeat","background-position":"center center","background-size":"auto","background-attachment":"scroll","background-type":"","background-media":"","overlay-type":"","overlay-color":"","overlay-opacity":"","overlay-gradient":""}},"ast-content-background-meta":{"desktop":{"background-color":"var(--ast-global-color-5)","background-image":"","background-repeat":"repeat","background-position":"center center","background-size":"auto","background-attachment":"scroll","background-type":"","background-media":"","overlay-type":"","overlay-color":"","overlay-opacity":"","overlay-gradient":""},"tablet":{"background-color":"var(--ast-global-color-5)","background-image":"","background-repeat":"repeat","background-position":"center center","background-size":"auto","background-attachment":"scroll","background-type":"","background-media":"","overlay-type":"","overlay-color":"","overlay-opacity":"","overlay-gradient":""},"mobile":{"background-color":"var(--ast-global-color-5)","background-image":"","background-repeat":"repeat","background-position":"center center","background-size":"auto","background-attachment":"scroll","background-type":"","background-media":"","overlay-type":"","overlay-color":"","overlay-opacity":"","overlay-gradient":""}}},"product_brand":[],"product_cat":[75],"product_tag":[],"class_list":{"0":"post-8313","1":"product","2":"type-product","3":"status-publish","4":"has-post-thumbnail","6":"product_cat-producto-acidulante","7":"desktop-align-center","8":"tablet-align-left","9":"mobile-align-left","11":"first","12":"instock","13":"shipping-taxable","14":"product-type-simple"},"yoast_head":"<!-- This site is optimized with the Yoast SEO plugin v26.5 - https:\/\/yoast.com\/wordpress\/plugins\/seo\/ -->\n<title>Citrato de Triamonio, Polvo De Citrato Triamonio De Grado Alimenticio | Niranbio Chemical<\/title>\n<meta name=\"description\" content=\"Nuestro citrato de triamonio en polvo (regulador de acidez E380) es un compuesto vers\u00e1til que presenta alta solubilidad, excelente capacidad de amortiguaci\u00f3n y estabilidad.\" \/>\n<meta name=\"robots\" content=\"noindex, follow, max-snippet:-1, max-image-preview:large, max-video-preview:-1\" \/>\n<meta name=\"twitter:label1\" content=\"Tiempo de lectura\" \/>\n\t<meta name=\"twitter:data1\" content=\"3 minutos\" \/>\n<script type=\"application\/ld+json\" class=\"yoast-schema-graph\">{\"@context\":\"https:\/\/schema.org\",\"@graph\":[{\"@type\":\"WebPage\",\"@id\":\"https:\/\/theo.niranbio.com\/es\/citrato-de-triamonio-calidad-alimentaria.html\",\"url\":\"https:\/\/theo.niranbio.com\/es\/citrato-de-triamonio-calidad-alimentaria.html\",\"name\":\"Citrato de Triamonio, Polvo De Citrato Triamonio De Grado Alimenticio | Niranbio Chemical\",\"isPartOf\":{\"@id\":\"https:\/\/theo.niranbio.com\/es\/#website\"},\"primaryImageOfPage\":{\"@id\":\"https:\/\/theo.niranbio.com\/es\/citrato-de-triamonio-calidad-alimentaria.html#primaryimage\"},\"image\":{\"@id\":\"https:\/\/theo.niranbio.com\/es\/citrato-de-triamonio-calidad-alimentaria.html#primaryimage\"},\"thumbnailUrl\":\"https:\/\/theo.niranbio.com\/wp-content\/uploads\/2024\/06\/Triammonium-Citrate.webp\",\"datePublished\":\"2024-06-20T00:53:35+00:00\",\"dateModified\":\"2024-08-15T05:34:04+00:00\",\"description\":\"Nuestro citrato de triamonio en polvo (regulador de acidez E380) es un compuesto vers\u00e1til que presenta alta solubilidad, excelente capacidad de amortiguaci\u00f3n y estabilidad.\",\"breadcrumb\":{\"@id\":\"https:\/\/theo.niranbio.com\/es\/citrato-de-triamonio-calidad-alimentaria.html#breadcrumb\"},\"inLanguage\":\"es\",\"potentialAction\":[{\"@type\":\"ReadAction\",\"target\":[\"https:\/\/theo.niranbio.com\/es\/citrato-de-triamonio-calidad-alimentaria.html\"]}]},{\"@type\":\"ImageObject\",\"inLanguage\":\"es\",\"@id\":\"https:\/\/theo.niranbio.com\/es\/citrato-de-triamonio-calidad-alimentaria.html#primaryimage\",\"url\":\"https:\/\/theo.niranbio.com\/wp-content\/uploads\/2024\/06\/Triammonium-Citrate.webp\",\"contentUrl\":\"https:\/\/theo.niranbio.com\/wp-content\/uploads\/2024\/06\/Triammonium-Citrate.webp\",\"width\":600,\"height\":600,\"caption\":\"Citrato de triamonio\"},{\"@type\":\"BreadcrumbList\",\"@id\":\"https:\/\/theo.niranbio.com\/es\/citrato-de-triamonio-calidad-alimentaria.html#breadcrumb\",\"itemListElement\":[{\"@type\":\"ListItem\",\"position\":1,\"name\":\"Home\",\"item\":\"https:\/\/theo.niranbio.com\/es\/\"},{\"@type\":\"ListItem\",\"position\":2,\"name\":\"Productos\",\"item\":\"https:\/\/theo.niranbio.com\/es\/productos.html\"},{\"@type\":\"ListItem\",\"position\":3,\"name\":\"Acidulante\",\"item\":\"https:\/\/theo.niranbio.com\/es\/producto-acidulante\/\"},{\"@type\":\"ListItem\",\"position\":4,\"name\":\"Citrato de triamonio-calidad alimentaria\"}]},{\"@type\":\"WebSite\",\"@id\":\"https:\/\/theo.niranbio.com\/es\/#website\",\"url\":\"https:\/\/theo.niranbio.com\/es\/\",\"name\":\"Niranbio Chemical\",\"description\":\"\",\"publisher\":{\"@id\":\"https:\/\/theo.niranbio.com\/es\/#organization\"},\"potentialAction\":[{\"@type\":\"SearchAction\",\"target\":{\"@type\":\"EntryPoint\",\"urlTemplate\":\"https:\/\/theo.niranbio.com\/es\/?s={search_term_string}\"},\"query-input\":{\"@type\":\"PropertyValueSpecification\",\"valueRequired\":true,\"valueName\":\"search_term_string\"}}],\"inLanguage\":\"es\"},{\"@type\":\"Organization\",\"@id\":\"https:\/\/theo.niranbio.com\/es\/#organization\",\"name\":\"Niranbio Chemical\",\"url\":\"https:\/\/theo.niranbio.com\/es\/\",\"logo\":{\"@type\":\"ImageObject\",\"inLanguage\":\"es\",\"@id\":\"https:\/\/theo.niranbio.com\/es\/#\/schema\/logo\/image\/\",\"url\":\"https:\/\/theo.niranbio.com\/wp-content\/uploads\/2024\/06\/Niranbio.png\",\"contentUrl\":\"https:\/\/theo.niranbio.com\/wp-content\/uploads\/2024\/06\/Niranbio.png\",\"width\":270,\"height\":100,\"caption\":\"Niranbio Chemical\"},\"image\":{\"@id\":\"https:\/\/theo.niranbio.com\/es\/#\/schema\/logo\/image\/\"}}]}<\/script>\n<!-- \/ Yoast SEO plugin. -->","yoast_head_json":{"title":"Citrato de Triamonio, Polvo De Citrato Triamonio De Grado Alimenticio | Niranbio Chemical","description":"Nuestro citrato de triamonio en polvo (regulador de acidez E380) es un compuesto vers\u00e1til que presenta alta solubilidad, excelente capacidad de amortiguaci\u00f3n y estabilidad.","robots":{"index":"noindex","follow":"follow","max-snippet":"max-snippet:-1","max-image-preview":"max-image-preview:large","max-video-preview":"max-video-preview:-1"},"twitter_misc":{"Tiempo de lectura":"3 minutos"},"schema":{"@context":"https:\/\/schema.org","@graph":[{"@type":"WebPage","@id":"https:\/\/theo.niranbio.com\/es\/citrato-de-triamonio-calidad-alimentaria.html","url":"https:\/\/theo.niranbio.com\/es\/citrato-de-triamonio-calidad-alimentaria.html","name":"Citrato de Triamonio, Polvo De Citrato Triamonio De Grado Alimenticio | Niranbio Chemical","isPartOf":{"@id":"https:\/\/theo.niranbio.com\/es\/#website"},"primaryImageOfPage":{"@id":"https:\/\/theo.niranbio.com\/es\/citrato-de-triamonio-calidad-alimentaria.html#primaryimage"},"image":{"@id":"https:\/\/theo.niranbio.com\/es\/citrato-de-triamonio-calidad-alimentaria.html#primaryimage"},"thumbnailUrl":"https:\/\/theo.niranbio.com\/wp-content\/uploads\/2024\/06\/Triammonium-Citrate.webp","datePublished":"2024-06-20T00:53:35+00:00","dateModified":"2024-08-15T05:34:04+00:00","description":"Nuestro citrato de triamonio en polvo (regulador de acidez E380) es un compuesto vers\u00e1til que presenta alta solubilidad, excelente capacidad de amortiguaci\u00f3n y estabilidad.","breadcrumb":{"@id":"https:\/\/theo.niranbio.com\/es\/citrato-de-triamonio-calidad-alimentaria.html#breadcrumb"},"inLanguage":"es","potentialAction":[{"@type":"ReadAction","target":["https:\/\/theo.niranbio.com\/es\/citrato-de-triamonio-calidad-alimentaria.html"]}]},{"@type":"ImageObject","inLanguage":"es","@id":"https:\/\/theo.niranbio.com\/es\/citrato-de-triamonio-calidad-alimentaria.html#primaryimage","url":"https:\/\/theo.niranbio.com\/wp-content\/uploads\/2024\/06\/Triammonium-Citrate.webp","contentUrl":"https:\/\/theo.niranbio.com\/wp-content\/uploads\/2024\/06\/Triammonium-Citrate.webp","width":600,"height":600,"caption":"Citrato de triamonio"},{"@type":"BreadcrumbList","@id":"https:\/\/theo.niranbio.com\/es\/citrato-de-triamonio-calidad-alimentaria.html#breadcrumb","itemListElement":[{"@type":"ListItem","position":1,"name":"Home","item":"https:\/\/theo.niranbio.com\/es\/"},{"@type":"ListItem","position":2,"name":"Productos","item":"https:\/\/theo.niranbio.com\/es\/productos.html"},{"@type":"ListItem","position":3,"name":"Acidulante","item":"https:\/\/theo.niranbio.com\/es\/producto-acidulante\/"},{"@type":"ListItem","position":4,"name":"Citrato de triamonio-calidad alimentaria"}]},{"@type":"WebSite","@id":"https:\/\/theo.niranbio.com\/es\/#website","url":"https:\/\/theo.niranbio.com\/es\/","name":"Niranbio Chemical","description":"","publisher":{"@id":"https:\/\/theo.niranbio.com\/es\/#organization"},"potentialAction":[{"@type":"SearchAction","target":{"@type":"EntryPoint","urlTemplate":"https:\/\/theo.niranbio.com\/es\/?s={search_term_string}"},"query-input":{"@type":"PropertyValueSpecification","valueRequired":true,"valueName":"search_term_string"}}],"inLanguage":"es"},{"@type":"Organization","@id":"https:\/\/theo.niranbio.com\/es\/#organization","name":"Niranbio Chemical","url":"https:\/\/theo.niranbio.com\/es\/","logo":{"@type":"ImageObject","inLanguage":"es","@id":"https:\/\/theo.niranbio.com\/es\/#\/schema\/logo\/image\/","url":"https:\/\/theo.niranbio.com\/wp-content\/uploads\/2024\/06\/Niranbio.png","contentUrl":"https:\/\/theo.niranbio.com\/wp-content\/uploads\/2024\/06\/Niranbio.png","width":270,"height":100,"caption":"Niranbio Chemical"},"image":{"@id":"https:\/\/theo.niranbio.com\/es\/#\/schema\/logo\/image\/"}}]}},"_links":{"self":[{"href":"https:\/\/theo.niranbio.com\/es\/wp-json\/wp\/v2\/product\/8313","targetHints":{"allow":["GET"]}}],"collection":[{"href":"https:\/\/theo.niranbio.com\/es\/wp-json\/wp\/v2\/product"}],"about":[{"href":"https:\/\/theo.niranbio.com\/es\/wp-json\/wp\/v2\/types\/product"}],"version-history":[{"count":0,"href":"https:\/\/theo.niranbio.com\/es\/wp-json\/wp\/v2\/product\/8313\/revisions"}],"wp:featuredmedia":[{"embeddable":true,"href":"https:\/\/theo.niranbio.com\/es\/wp-json\/wp\/v2\/media\/5702"}],"wp:attachment":[{"href":"https:\/\/theo.niranbio.com\/es\/wp-json\/wp\/v2\/media?parent=8313"}],"wp:term":[{"taxonomy":"product_brand","embeddable":true,"href":"https:\/\/theo.niranbio.com\/es\/wp-json\/wp\/v2\/product_brand?post=8313"},{"taxonomy":"product_cat","embeddable":true,"href":"https:\/\/theo.niranbio.com\/es\/wp-json\/wp\/v2\/product_cat?post=8313"},{"taxonomy":"product_tag","embeddable":true,"href":"https:\/\/theo.niranbio.com\/es\/wp-json\/wp\/v2\/product_tag?post=8313"}],"curies":[{"name":"wp","href":"https:\/\/api.w.org\/{rel}","templated":true}]}}