{"id":8310,"date":"2024-06-20T08:54:22","date_gmt":"2024-06-20T00:54:22","guid":{"rendered":"https:\/\/theo.niranbio.com\/citrato-de-magnesio-de-calidad-alimentaria\/"},"modified":"2024-08-15T13:32:30","modified_gmt":"2024-08-15T05:32:30","slug":"citrato-de-magnesio-de-calidad-alimentaria","status":"publish","type":"product","link":"https:\/\/theo.niranbio.com\/es\/citrato-de-magnesio-de-calidad-alimentaria.html","title":{"rendered":"Citrato de magnesio de calidad alimentaria"},"content":{"rendered":"<h2><span class=\"ez-toc-section\" id=\"%C2%BFQue_es_el_citrato_de_magnesio_de_calidad_alimentaria\"><\/span>\u00bfQu\u00e9 es el citrato de magnesio de calidad alimentaria?<span class=\"ez-toc-section-end\"><\/span><\/h2>\n<p>El citrato de magnesio es un compuesto inorg\u00e1nico, un tipo de citrato, con una apariencia de polvo cristalino blanco y es soluble en agua. Tiene buena solubilidad y se puede disolver en agua para formar una soluci\u00f3n. A altas temperaturas, el citrato de magnesio puede descomponerse para producir di\u00f3xido de carbono, agua y \u00f3xido de magnesio. Se usa ampliamente en alimentos, aditivos para piensos, medicamentos y otros campos.<\/p>\n<p>El citrato de magnesio se puede obtener utilizando carbonato de magnesio u \u00f3xido de magnesio o hidr\u00f3xido de magnesio como materias primas para reaccionar con \u00e1cido c\u00edtrico comestible para obtener citrato de magnesio, y luego enfriar, cristalizar, lavar con agua desionizada caliente y secar para obtener citrato de magnesio.<\/p>\n<h2><span class=\"ez-toc-section\" id=\"Parametros_relacionados\"><\/span>Par\u00e1metros relacionados:<span class=\"ez-toc-section-end\"><\/span><\/h2>\n<table>\n<tbody>\n<tr>\n<td>Art\u00edculos<\/td>\n<td>Normas<\/td>\n<\/tr>\n<tr>\n<td>Contenido en magnesio, p\/%.<\/td>\n<td>14.5-16.4<\/td>\n<\/tr>\n<tr>\n<td>Ca ,w\/% \u2264<\/td>\n<td>1<\/td>\n<\/tr>\n<tr>\n<td>Fe ,w\/% \u2264<\/td>\n<td>0.02<\/td>\n<\/tr>\n<tr>\n<td>As ,w\/% \u2264<\/td>\n<td>0.0003<\/td>\n<\/tr>\n<tr>\n<td>Cloruro ,con\/% \u2264 0,05<\/td>\n<td>0.05<\/td>\n<\/tr>\n<tr>\n<td>Metales pesados, c\/% \u2264 0,005<\/td>\n<td>0.005<\/td>\n<\/tr>\n<tr>\n<td>Sulfato ,con\/% \u2264 0,2<\/td>\n<td>0.2<\/td>\n<\/tr>\n<tr>\n<td>pH (soluci\u00f3n al 5%)<\/td>\n<td>5.0-9.0<\/td>\n<\/tr>\n<tr>\n<td>Identificaci\u00f3n<\/td>\n<td>Conforme a la norma<\/td>\n<\/tr>\n<tr>\n<td>P\u00e9rdida por desecaci\u00f3n , p\/% \u2264<\/td>\n<td>29.0<\/td>\n<\/tr>\n<\/tbody>\n<\/table>\n<h2><span class=\"ez-toc-section\" id=\"Dosis_recomendada\"><\/span>Dosis recomendada<span class=\"ez-toc-section-end\"><\/span><\/h2>\n<table>\n<tbody>\n<tr>\n<td>Bebidas carbonatadas<\/td>\n<td>0,1 &#8211; 0,5 g\/kg<\/td>\n<\/tr>\n<tr>\n<td>Bebidas de frutas<\/td>\n<td>0,1 &#8211; 0,5 g\/kg<\/td>\n<\/tr>\n<tr>\n<td>Bebidas a base de t\u00e9<\/td>\n<td>0,1 &#8211; 0,5 g\/kg<\/td>\n<\/tr>\n<tr>\n<td>Productos amil\u00e1ceos<\/td>\n<td>0,5 &#8211; 5 g\/kg<\/td>\n<\/tr>\n<tr>\n<td>Condimentos<\/td>\n<td>0,2 &#8211; 2 g\/kg<\/td>\n<\/tr>\n<tr>\n<td>Productos l\u00e1cteos<\/td>\n<td>0,1 &#8211; 1 g\/kg<\/td>\n<\/tr>\n<tr>\n<td>Alimentos enlatados<\/td>\n<td>0,2 &#8211; 2 g\/kg<\/td>\n<\/tr>\n<tr>\n<td>Alimentos en conserva<\/td>\n<td>0,1 &#8211; 1 g\/kg<\/td>\n<\/tr>\n<tr>\n<td>Alimentos de panader\u00eda<\/td>\n<td>0,1 &#8211; 1 g\/kg<\/td>\n<\/tr>\n<tr>\n<td>Productos c\u00e1rnicos<\/td>\n<td>0,1 &#8211; 1 g\/kg<\/td>\n<\/tr>\n<tr>\n<td>Galletas<\/td>\n<td>0,1 &#8211; 1 g\/kg<\/td>\n<\/tr>\n<tr>\n<td>Alimentos congelados<\/td>\n<td>0,1 &#8211; 1 g\/kg<\/td>\n<\/tr>\n<tr>\n<td>Alimentos inflados<\/td>\n<td>0,1 &#8211; 1 g\/kg<\/td>\n<\/tr>\n<tr>\n<td>Alimentos procesados en grano<\/td>\n<td>0,5 &#8211; 5 g\/kg<\/td>\n<\/tr>\n<\/tbody>\n<\/table>\n<h2><span class=\"ez-toc-section\" id=\"El_citrato_de_magnesio_de_calidad_alimentaria_tiene_una_amplia_gama_de_usos\"><\/span>El citrato de magnesio de calidad alimentaria tiene una amplia gama de usos<span class=\"ez-toc-section-end\"><\/span><\/h2>\n<p>1. Mejora la salud \u00f3sea El citrato de magnesio puede promover la absorci\u00f3n de calcio, aumentar la densidad \u00f3sea y, por lo tanto, mejorar la salud \u00f3sea.<\/p>\n<p>2. Previene la deficiencia de magnesio Complementa el magnesio que necesita el cuerpo humano y previene los s\u00edntomas causados \u200b\u200bpor la deficiencia de magnesio, como la fatiga y la ansiedad.<\/p>\n<p>3. Alivia la indigesti\u00f3n Alivia los s\u00edntomas de la indigesti\u00f3n aumentando la motilidad gastrointestinal y reduciendo la secreci\u00f3n de jugo g\u00e1strico.<\/p>\n<p>4. Regula la funci\u00f3n del sistema nervioso Tiene un efecto sedante y puede aliviar eficazmente la tensi\u00f3n nerviosa y la ansiedad.<\/p>\n<h2><span class=\"ez-toc-section\" id=\"Pregunta_formulada_por_un_usuario\"><\/span>Pregunta formulada por un usuario:<span class=\"ez-toc-section-end\"><\/span><\/h2>\n<p><strong>Pregunta: \u00bfCu\u00e1les son las fuentes naturales de citrato de magnesio?<\/strong><\/p>\n<p>Respuesta: El magnesio es un elemento esencial en el metabolismo del cuerpo humano. El magnesio y el calcio tienen una relaci\u00f3n de cooperaci\u00f3n. Juntos, pueden prevenir eficazmente la osteoporosis y fortalecer los dientes. El magnesio tambi\u00e9n desempe\u00f1a un papel beneficioso en la circulaci\u00f3n sangu\u00ednea. Es indispensable en la estructura de las prote\u00ednas, el mantenimiento de los m\u00fasculos y la composici\u00f3n gen\u00e9tica. El consumo regular de estos alimentos puede ayudarte a complementar el magnesio: uvas, pl\u00e1tanos, longans, moras, d\u00e1tiles negros, naranjas, limones, espinacas, repollo, pimientos, cilantro, cebollas, algas marinas, sardinas, etc.<\/p>\n<p><strong>Pregunta: \u00bfQu\u00e9 hay que tener en cuenta al almacenar el citrato de magnesio?<\/strong><\/p>\n<p>Respuesta: Este producto debe estar sellado y protegido de la luz y almacenarse en un lugar seco, fresco y bien ventilado.<\/p>\n","protected":false},"excerpt":{"rendered":"<ul>\n<li>CAS: 7779-25-1<\/li>\n<li>F\u00f3rmula qu\u00edmica: C<sub>12<\/sub>H<sub>10<\/sub>Mg<sub>3<\/sub>O<sub>14<\/sub><\/li>\n<li>Certificaciones: KOSHER, ISO, HALAL, FSSC 22000, BRC, etc.<\/li>\n<li>Cantidad m\u00ednima de pedido: 1000KG<\/li>\n<li>Caducidad: 2 a\u00f1os<\/li>\n<\/ul>\n","protected":false},"featured_media":5700,"template":"","meta":{"site-sidebar-layout":"default","site-content-layout":"","ast-site-content-layout":"default","site-content-style":"default","site-sidebar-style":"default","ast-global-header-display":"","ast-banner-title-visibility":"","ast-main-header-display":"","ast-hfb-above-header-display":"","ast-hfb-below-header-display":"","ast-hfb-mobile-header-display":"","site-post-title":"","ast-breadcrumbs-content":"","ast-featured-img":"","footer-sml-layout":"","theme-transparent-header-meta":"default","adv-header-id-meta":"","stick-header-meta":"","header-above-stick-meta":"","header-main-stick-meta":"","header-below-stick-meta":"","astra-migrate-meta-layouts":"set","ast-page-background-enabled":"default","ast-page-background-meta":{"desktop":{"background-color":"var(--ast-global-color-4)","background-image":"","background-repeat":"repeat","background-position":"center center","background-size":"auto","background-attachment":"scroll","background-type":"","background-media":"","overlay-type":"","overlay-color":"","overlay-opacity":"","overlay-gradient":""},"tablet":{"background-color":"","background-image":"","background-repeat":"repeat","background-position":"center center","background-size":"auto","background-attachment":"scroll","background-type":"","background-media":"","overlay-type":"","overlay-color":"","overlay-opacity":"","overlay-gradient":""},"mobile":{"background-color":"","background-image":"","background-repeat":"repeat","background-position":"center center","background-size":"auto","background-attachment":"scroll","background-type":"","background-media":"","overlay-type":"","overlay-color":"","overlay-opacity":"","overlay-gradient":""}},"ast-content-background-meta":{"desktop":{"background-color":"var(--ast-global-color-5)","background-image":"","background-repeat":"repeat","background-position":"center center","background-size":"auto","background-attachment":"scroll","background-type":"","background-media":"","overlay-type":"","overlay-color":"","overlay-opacity":"","overlay-gradient":""},"tablet":{"background-color":"var(--ast-global-color-5)","background-image":"","background-repeat":"repeat","background-position":"center center","background-size":"auto","background-attachment":"scroll","background-type":"","background-media":"","overlay-type":"","overlay-color":"","overlay-opacity":"","overlay-gradient":""},"mobile":{"background-color":"var(--ast-global-color-5)","background-image":"","background-repeat":"repeat","background-position":"center center","background-size":"auto","background-attachment":"scroll","background-type":"","background-media":"","overlay-type":"","overlay-color":"","overlay-opacity":"","overlay-gradient":""}}},"product_brand":[],"product_cat":[75],"product_tag":[],"class_list":{"0":"post-8310","1":"product","2":"type-product","3":"status-publish","4":"has-post-thumbnail","6":"product_cat-producto-acidulante","7":"desktop-align-center","8":"tablet-align-left","9":"mobile-align-left","11":"first","12":"instock","13":"shipping-taxable","14":"product-type-simple"},"yoast_head":"<!-- This site is optimized with the Yoast SEO plugin v26.5 - https:\/\/yoast.com\/wordpress\/plugins\/seo\/ -->\n<title>Citrato de Magnesio al por Mayor, Comprar Citrato Magnesio en Polvo A Precio Econ\u00f3mico | Niranbio Chemical<\/title>\n<meta name=\"description\" content=\"Nuestro polvo de citrato de magnesio (regulador de acidez E345) ofrece alta biodisponibilidad, excelente solubilidad y est\u00e1 libre de aditivos artificiales.\" \/>\n<meta name=\"robots\" content=\"noindex, follow, max-snippet:-1, max-image-preview:large, max-video-preview:-1\" \/>\n<meta name=\"twitter:label1\" content=\"Tiempo de lectura\" \/>\n\t<meta name=\"twitter:data1\" content=\"3 minutos\" \/>\n<script type=\"application\/ld+json\" class=\"yoast-schema-graph\">{\"@context\":\"https:\/\/schema.org\",\"@graph\":[{\"@type\":\"WebPage\",\"@id\":\"https:\/\/theo.niranbio.com\/es\/citrato-de-magnesio-de-calidad-alimentaria.html\",\"url\":\"https:\/\/theo.niranbio.com\/es\/citrato-de-magnesio-de-calidad-alimentaria.html\",\"name\":\"Citrato de Magnesio al por Mayor, Comprar Citrato Magnesio en Polvo A Precio Econ\u00f3mico | Niranbio Chemical\",\"isPartOf\":{\"@id\":\"https:\/\/theo.niranbio.com\/es\/#website\"},\"primaryImageOfPage\":{\"@id\":\"https:\/\/theo.niranbio.com\/es\/citrato-de-magnesio-de-calidad-alimentaria.html#primaryimage\"},\"image\":{\"@id\":\"https:\/\/theo.niranbio.com\/es\/citrato-de-magnesio-de-calidad-alimentaria.html#primaryimage\"},\"thumbnailUrl\":\"https:\/\/theo.niranbio.com\/wp-content\/uploads\/2024\/06\/Magnesium-Citrate-Food-Grade.webp\",\"datePublished\":\"2024-06-20T00:54:22+00:00\",\"dateModified\":\"2024-08-15T05:32:30+00:00\",\"description\":\"Nuestro polvo de citrato de magnesio (regulador de acidez E345) ofrece alta biodisponibilidad, excelente solubilidad y est\u00e1 libre de aditivos artificiales.\",\"breadcrumb\":{\"@id\":\"https:\/\/theo.niranbio.com\/es\/citrato-de-magnesio-de-calidad-alimentaria.html#breadcrumb\"},\"inLanguage\":\"es\",\"potentialAction\":[{\"@type\":\"ReadAction\",\"target\":[\"https:\/\/theo.niranbio.com\/es\/citrato-de-magnesio-de-calidad-alimentaria.html\"]}]},{\"@type\":\"ImageObject\",\"inLanguage\":\"es\",\"@id\":\"https:\/\/theo.niranbio.com\/es\/citrato-de-magnesio-de-calidad-alimentaria.html#primaryimage\",\"url\":\"https:\/\/theo.niranbio.com\/wp-content\/uploads\/2024\/06\/Magnesium-Citrate-Food-Grade.webp\",\"contentUrl\":\"https:\/\/theo.niranbio.com\/wp-content\/uploads\/2024\/06\/Magnesium-Citrate-Food-Grade.webp\",\"width\":600,\"height\":600,\"caption\":\"Citrato de magnesio\"},{\"@type\":\"BreadcrumbList\",\"@id\":\"https:\/\/theo.niranbio.com\/es\/citrato-de-magnesio-de-calidad-alimentaria.html#breadcrumb\",\"itemListElement\":[{\"@type\":\"ListItem\",\"position\":1,\"name\":\"Home\",\"item\":\"https:\/\/theo.niranbio.com\/es\/\"},{\"@type\":\"ListItem\",\"position\":2,\"name\":\"Productos\",\"item\":\"https:\/\/theo.niranbio.com\/es\/productos.html\"},{\"@type\":\"ListItem\",\"position\":3,\"name\":\"Acidulante\",\"item\":\"https:\/\/theo.niranbio.com\/es\/producto-acidulante\/\"},{\"@type\":\"ListItem\",\"position\":4,\"name\":\"Citrato de magnesio de calidad alimentaria\"}]},{\"@type\":\"WebSite\",\"@id\":\"https:\/\/theo.niranbio.com\/es\/#website\",\"url\":\"https:\/\/theo.niranbio.com\/es\/\",\"name\":\"Niranbio Chemical\",\"description\":\"\",\"publisher\":{\"@id\":\"https:\/\/theo.niranbio.com\/es\/#organization\"},\"potentialAction\":[{\"@type\":\"SearchAction\",\"target\":{\"@type\":\"EntryPoint\",\"urlTemplate\":\"https:\/\/theo.niranbio.com\/es\/?s={search_term_string}\"},\"query-input\":{\"@type\":\"PropertyValueSpecification\",\"valueRequired\":true,\"valueName\":\"search_term_string\"}}],\"inLanguage\":\"es\"},{\"@type\":\"Organization\",\"@id\":\"https:\/\/theo.niranbio.com\/es\/#organization\",\"name\":\"Niranbio Chemical\",\"url\":\"https:\/\/theo.niranbio.com\/es\/\",\"logo\":{\"@type\":\"ImageObject\",\"inLanguage\":\"es\",\"@id\":\"https:\/\/theo.niranbio.com\/es\/#\/schema\/logo\/image\/\",\"url\":\"https:\/\/theo.niranbio.com\/wp-content\/uploads\/2024\/06\/Niranbio.png\",\"contentUrl\":\"https:\/\/theo.niranbio.com\/wp-content\/uploads\/2024\/06\/Niranbio.png\",\"width\":270,\"height\":100,\"caption\":\"Niranbio Chemical\"},\"image\":{\"@id\":\"https:\/\/theo.niranbio.com\/es\/#\/schema\/logo\/image\/\"}}]}<\/script>\n<!-- \/ Yoast SEO plugin. -->","yoast_head_json":{"title":"Citrato de Magnesio al por Mayor, Comprar Citrato Magnesio en Polvo A Precio Econ\u00f3mico | Niranbio Chemical","description":"Nuestro polvo de citrato de magnesio (regulador de acidez E345) ofrece alta biodisponibilidad, excelente solubilidad y est\u00e1 libre de aditivos artificiales.","robots":{"index":"noindex","follow":"follow","max-snippet":"max-snippet:-1","max-image-preview":"max-image-preview:large","max-video-preview":"max-video-preview:-1"},"twitter_misc":{"Tiempo de lectura":"3 minutos"},"schema":{"@context":"https:\/\/schema.org","@graph":[{"@type":"WebPage","@id":"https:\/\/theo.niranbio.com\/es\/citrato-de-magnesio-de-calidad-alimentaria.html","url":"https:\/\/theo.niranbio.com\/es\/citrato-de-magnesio-de-calidad-alimentaria.html","name":"Citrato de Magnesio al por Mayor, Comprar Citrato Magnesio en Polvo A Precio Econ\u00f3mico | Niranbio Chemical","isPartOf":{"@id":"https:\/\/theo.niranbio.com\/es\/#website"},"primaryImageOfPage":{"@id":"https:\/\/theo.niranbio.com\/es\/citrato-de-magnesio-de-calidad-alimentaria.html#primaryimage"},"image":{"@id":"https:\/\/theo.niranbio.com\/es\/citrato-de-magnesio-de-calidad-alimentaria.html#primaryimage"},"thumbnailUrl":"https:\/\/theo.niranbio.com\/wp-content\/uploads\/2024\/06\/Magnesium-Citrate-Food-Grade.webp","datePublished":"2024-06-20T00:54:22+00:00","dateModified":"2024-08-15T05:32:30+00:00","description":"Nuestro polvo de citrato de magnesio (regulador de acidez E345) ofrece alta biodisponibilidad, excelente solubilidad y est\u00e1 libre de aditivos artificiales.","breadcrumb":{"@id":"https:\/\/theo.niranbio.com\/es\/citrato-de-magnesio-de-calidad-alimentaria.html#breadcrumb"},"inLanguage":"es","potentialAction":[{"@type":"ReadAction","target":["https:\/\/theo.niranbio.com\/es\/citrato-de-magnesio-de-calidad-alimentaria.html"]}]},{"@type":"ImageObject","inLanguage":"es","@id":"https:\/\/theo.niranbio.com\/es\/citrato-de-magnesio-de-calidad-alimentaria.html#primaryimage","url":"https:\/\/theo.niranbio.com\/wp-content\/uploads\/2024\/06\/Magnesium-Citrate-Food-Grade.webp","contentUrl":"https:\/\/theo.niranbio.com\/wp-content\/uploads\/2024\/06\/Magnesium-Citrate-Food-Grade.webp","width":600,"height":600,"caption":"Citrato de magnesio"},{"@type":"BreadcrumbList","@id":"https:\/\/theo.niranbio.com\/es\/citrato-de-magnesio-de-calidad-alimentaria.html#breadcrumb","itemListElement":[{"@type":"ListItem","position":1,"name":"Home","item":"https:\/\/theo.niranbio.com\/es\/"},{"@type":"ListItem","position":2,"name":"Productos","item":"https:\/\/theo.niranbio.com\/es\/productos.html"},{"@type":"ListItem","position":3,"name":"Acidulante","item":"https:\/\/theo.niranbio.com\/es\/producto-acidulante\/"},{"@type":"ListItem","position":4,"name":"Citrato de magnesio de calidad alimentaria"}]},{"@type":"WebSite","@id":"https:\/\/theo.niranbio.com\/es\/#website","url":"https:\/\/theo.niranbio.com\/es\/","name":"Niranbio Chemical","description":"","publisher":{"@id":"https:\/\/theo.niranbio.com\/es\/#organization"},"potentialAction":[{"@type":"SearchAction","target":{"@type":"EntryPoint","urlTemplate":"https:\/\/theo.niranbio.com\/es\/?s={search_term_string}"},"query-input":{"@type":"PropertyValueSpecification","valueRequired":true,"valueName":"search_term_string"}}],"inLanguage":"es"},{"@type":"Organization","@id":"https:\/\/theo.niranbio.com\/es\/#organization","name":"Niranbio Chemical","url":"https:\/\/theo.niranbio.com\/es\/","logo":{"@type":"ImageObject","inLanguage":"es","@id":"https:\/\/theo.niranbio.com\/es\/#\/schema\/logo\/image\/","url":"https:\/\/theo.niranbio.com\/wp-content\/uploads\/2024\/06\/Niranbio.png","contentUrl":"https:\/\/theo.niranbio.com\/wp-content\/uploads\/2024\/06\/Niranbio.png","width":270,"height":100,"caption":"Niranbio Chemical"},"image":{"@id":"https:\/\/theo.niranbio.com\/es\/#\/schema\/logo\/image\/"}}]}},"_links":{"self":[{"href":"https:\/\/theo.niranbio.com\/es\/wp-json\/wp\/v2\/product\/8310","targetHints":{"allow":["GET"]}}],"collection":[{"href":"https:\/\/theo.niranbio.com\/es\/wp-json\/wp\/v2\/product"}],"about":[{"href":"https:\/\/theo.niranbio.com\/es\/wp-json\/wp\/v2\/types\/product"}],"version-history":[{"count":0,"href":"https:\/\/theo.niranbio.com\/es\/wp-json\/wp\/v2\/product\/8310\/revisions"}],"wp:featuredmedia":[{"embeddable":true,"href":"https:\/\/theo.niranbio.com\/es\/wp-json\/wp\/v2\/media\/5700"}],"wp:attachment":[{"href":"https:\/\/theo.niranbio.com\/es\/wp-json\/wp\/v2\/media?parent=8310"}],"wp:term":[{"taxonomy":"product_brand","embeddable":true,"href":"https:\/\/theo.niranbio.com\/es\/wp-json\/wp\/v2\/product_brand?post=8310"},{"taxonomy":"product_cat","embeddable":true,"href":"https:\/\/theo.niranbio.com\/es\/wp-json\/wp\/v2\/product_cat?post=8310"},{"taxonomy":"product_tag","embeddable":true,"href":"https:\/\/theo.niranbio.com\/es\/wp-json\/wp\/v2\/product_tag?post=8310"}],"curies":[{"name":"wp","href":"https:\/\/api.w.org\/{rel}","templated":true}]}}