{"id":8307,"date":"2024-06-20T08:56:57","date_gmt":"2024-06-20T00:56:57","guid":{"rendered":"https:\/\/theo.niranbio.com\/citrato-tricalcico-tetrahidratado\/"},"modified":"2024-08-15T13:27:38","modified_gmt":"2024-08-15T05:27:38","slug":"citrato-tricalcico-tetrahidratado","status":"publish","type":"product","link":"https:\/\/theo.niranbio.com\/es\/citrato-tricalcico-tetrahidratado.html","title":{"rendered":"Citrato de calcio de grado alimenticio"},"content":{"rendered":"<h2><span class=\"ez-toc-section\" id=\"%C2%BFQue_es_el_citrato_de_calcio\"><\/span>\u00bfQu\u00e9 es el citrato de calcio?<span class=\"ez-toc-section-end\"><\/span><\/h2>\n<p>El citrato de calcio, tambi\u00e9n conocido como citrato tric\u00e1lcico tetrahidratado, es un citrato con buena biocompatibilidad. Aparece como cristales blancos o polvo, no tiene olor irritante y es ligeramente soluble en agua. Como aditivo alimentario com\u00fan, se usa ampliamente en la vida. El agua cristalina pierde agua gradualmente cuando se calienta a 100 \u00b0C y pierde agua por completo a 120 \u00b0C.<\/p>\n<p>El citrato de calcio se elabora neutralizando la soluci\u00f3n de \u00e1cido c\u00edtrico con lechada de cal, filtrando, lavando y secando para obtener el producto terminado. Las c\u00e1scaras de huevo tambi\u00e9n se pueden utilizar como materia prima, que se lavan, trituran y calcinan para hacer lechada de cal, luego se neutralizan con una soluci\u00f3n de \u00e1cido c\u00edtrico y luego se filtran, se lavan y se secan para obtener el producto terminado.<\/p>\n<h2><span class=\"ez-toc-section\" id=\"Parametros_relacionados\"><\/span>Par\u00e1metros relacionados:<span class=\"ez-toc-section-end\"><\/span><\/h2>\n<table>\n<tbody>\n<tr>\n<td>Art\u00edculo<\/td>\n<td>Est\u00e1ndar<\/td>\n<\/tr>\n<tr>\n<td>Contenido (Ca3(C6H5O7), en base seca), w\/%<\/td>\n<td>98.0-100.5<\/td>\n<\/tr>\n<tr>\n<td>Pb ,mg\/kg \u2264<\/td>\n<td>2<\/td>\n<\/tr>\n<tr>\n<td>As ,w\/% \u2264<\/td>\n<td>0.0003<\/td>\n<\/tr>\n<tr>\n<td>Fluoruro ,w\/% \u2264<\/td>\n<td>0.003<\/td>\n<\/tr>\n<tr>\n<td>Metales pesados ,p\/% \u2264 0,002,0<\/td>\n<td>0.002<\/td>\n<\/tr>\n<tr>\n<td>Fangos al \u00e1cido clorh\u00eddrico,p\/% \u2264 0,5<\/td>\n<td>0.2<\/td>\n<\/tr>\n<tr>\n<td>P\u00e9rdida por desecaci\u00f3n, p\/% \u2264 10,0-13,3<\/td>\n<td>10.0-13.3<\/td>\n<\/tr>\n<tr>\n<td>Prueba de claridad<\/td>\n<td>Prueba superada<\/td>\n<\/tr>\n<\/tbody>\n<\/table>\n<h2><span class=\"ez-toc-section\" id=\"Dosis_recomendada\"><\/span>Dosis recomendada:<span class=\"ez-toc-section-end\"><\/span><\/h2>\n<table>\n<tbody>\n<tr>\n<td>Nombre del alimento<\/td>\n<td>Uso m\u00e1ximo(g\/kg)<\/td>\n<\/tr>\n<tr>\n<td>Zumos y bebidas<\/td>\n<td>2-5g\/kg<\/td>\n<\/tr>\n<tr>\n<td>Jalea y mermelada<\/td>\n<td>3-6g\/kg<\/td>\n<\/tr>\n<tr>\n<td>Yogur y productos l\u00e1cteos fermentados<\/td>\n<td>1-2g\/kg<\/td>\n<\/tr>\n<tr>\n<td>Queso y leche en polvo<\/td>\n<td>1-3g\/kg<\/td>\n<\/tr>\n<tr>\n<td>Pan y productos de panader\u00eda<\/td>\n<td>1-3g\/kg<\/td>\n<\/tr>\n<tr>\n<td>Pasteles y galletas<\/td>\n<td>1-4g\/kg<\/td>\n<\/tr>\n<\/tbody>\n<\/table>\n<p>El citrato tric\u00e1lcico se utiliza como potenciador de la nutrici\u00f3n en productos alimenticios y como suplemento de calcio en medicamentos.<\/p>\n<h2><span class=\"ez-toc-section\" id=\"El_Citrato_de_Calcio_tiene_una_amplia_gama_de_usos\"><\/span>El Citrato de Calcio tiene una amplia gama de usos<span class=\"ez-toc-section-end\"><\/span><\/h2>\n<h3><span class=\"ez-toc-section\" id=\"1_Suplemento_nutricional\"><\/span>1. Suplemento nutricional<span class=\"ez-toc-section-end\"><\/span><\/h3>\n<p>Es rico en calcio y vitamina C, que pueden proporcionar al cuerpo los nutrientes necesarios para mantener el funcionamiento normal del organismo.<\/p>\n<h3><span class=\"ez-toc-section\" id=\"2_Alivia_los_calambres_musculares\"><\/span>2. Alivia los calambres musculares<span class=\"ez-toc-section-end\"><\/span><\/h3>\n<p>La deficiencia de calcio puede causar calambres musculares. Las tabletas de citrato de calcio pueden ayudar a aliviar este s\u00edntoma y son adecuadas para pacientes con calambres en las manos y los pies.<\/p>\n<h3><span class=\"ez-toc-section\" id=\"3_Apoya_la_salud_dental\"><\/span>3. Apoya la salud dental<span class=\"ez-toc-section-end\"><\/span><\/h3>\n<p>El calcio suficiente ayuda a mantener la fuerza y \u200b\u200bla salud de los dientes y previene problemas como las caries y la enfermedad periodontal.<\/p>\n<h3><span class=\"ez-toc-section\" id=\"4_Mantener_la_salud_osea\"><\/span>4. Mantener la salud \u00f3sea<span class=\"ez-toc-section-end\"><\/span><\/h3>\n<p>El citrato de calcio ayuda a mantener la estructura y el funcionamiento normales de los huesos y previene la osteoporosis y las fracturas.<\/p>\n<h3><span class=\"ez-toc-section\" id=\"5_Mejora_la_funcion_digestiva\"><\/span>5. Mejora la funci\u00f3n digestiva<span class=\"ez-toc-section-end\"><\/span><\/h3>\n<p>El citrato de calcio ayuda a mejorar la funci\u00f3n digestiva y es adecuado para personas con indigesti\u00f3n.<\/p>\n<h2><span class=\"ez-toc-section\" id=\"Pregunta_formulada_por_un_usuario\"><\/span>Pregunta formulada por un usuario:<span class=\"ez-toc-section-end\"><\/span><\/h2>\n<p><strong>Pregunta: \u00bfEl citrato de calcio y el carbonato de calcio son la misma sustancia? Si no, \u00bfcu\u00e1l es la diferencia?<\/strong><\/p>\n<p>Respuesta:<\/p>\n<p>1. Contenido de calcio: el citrato de calcio contiene menos calcio y debe tomarse en grandes cantidades para lograr el prop\u00f3sito de la suplementaci\u00f3n de calcio; el carbonato de calcio contiene m\u00e1s calcio y puede lograr el prop\u00f3sito de la suplementaci\u00f3n de calcio tomando una cantidad adecuada.<\/p>\n<p>2. Absorci\u00f3n: el citrato de calcio se puede disolver en agua y es f\u00e1cil de absorber por el est\u00f3mago y los intestinos; el carbonato de calcio tiene poca solubilidad en agua y es dif\u00edcil de absorber por el est\u00f3mago y los intestinos.<\/p>\n<p>3. Poblaci\u00f3n aplicable: dado que el carbonato de calcio contiene m\u00e1s calcio, es adecuado para personas con deficiencia grave de calcio y osteoporosis; el citrato de calcio es adecuado para ni\u00f1os, mujeres embarazadas y otras personas, y tambi\u00e9n para personas con enfermedades gastrointestinales.<\/p>\n<p>4. Efectos secundarios: dado que el citrato de calcio es m\u00e1s f\u00e1cil de absorber, no irrita el est\u00f3mago ni los intestinos; El carbonato de calcio es m\u00e1s dif\u00edcil de absorber y requiere mucho \u00e1cido g\u00e1strico para descomponerse, lo que puede causar distensi\u00f3n abdominal e indigesti\u00f3n.<\/p>\n<p><strong>Pregunta: \u00bfQu\u00e9 alimentos pueden dificultar la absorci\u00f3n de calcio?<\/strong><\/p>\n<p>Respuesta: Los alimentos que afectan la absorci\u00f3n de calcio var\u00edan de persona a persona y, por lo general, dependen de si consume alimentos con alto contenido de oxalato, alimentos con alto contenido de grasa, alimentos con alto contenido de \u00e1cido t\u00e1nico, alimentos con alto contenido de fosfatos y bebidas con cafe\u00edna. Cabe se\u00f1alar que estos alimentos pueden afectar la absorci\u00f3n de calcio del cuerpo, pero fundamentalmente no tienen ning\u00fan efecto terap\u00e9utico.<\/p>\n","protected":false},"excerpt":{"rendered":"<ul>\n<li>CAS: 5785-44-4<\/li>\n<li>F\u00f3rmula qu\u00edmica: <sub>C12H18Ca3O18<\/sub><\/li>\n<li>Certificaciones: KOSHER, ISO, HALAL, FSSC 22000, BRC, etc.<\/li>\n<li>Normativa: BP\/USP\/EP\/FCC\/E333<\/li>\n<li>Cantidad m\u00ednima de pedido: 1000KG<\/li>\n<li>Vida \u00fatil: 3 a\u00f1os<\/li>\n<\/ul>\n","protected":false},"featured_media":5688,"template":"","meta":{"site-sidebar-layout":"default","site-content-layout":"","ast-site-content-layout":"default","site-content-style":"default","site-sidebar-style":"default","ast-global-header-display":"","ast-banner-title-visibility":"","ast-main-header-display":"","ast-hfb-above-header-display":"","ast-hfb-below-header-display":"","ast-hfb-mobile-header-display":"","site-post-title":"","ast-breadcrumbs-content":"","ast-featured-img":"","footer-sml-layout":"","theme-transparent-header-meta":"default","adv-header-id-meta":"","stick-header-meta":"","header-above-stick-meta":"","header-main-stick-meta":"","header-below-stick-meta":"","astra-migrate-meta-layouts":"set","ast-page-background-enabled":"default","ast-page-background-meta":{"desktop":{"background-color":"var(--ast-global-color-4)","background-image":"","background-repeat":"repeat","background-position":"center center","background-size":"auto","background-attachment":"scroll","background-type":"","background-media":"","overlay-type":"","overlay-color":"","overlay-opacity":"","overlay-gradient":""},"tablet":{"background-color":"","background-image":"","background-repeat":"repeat","background-position":"center center","background-size":"auto","background-attachment":"scroll","background-type":"","background-media":"","overlay-type":"","overlay-color":"","overlay-opacity":"","overlay-gradient":""},"mobile":{"background-color":"","background-image":"","background-repeat":"repeat","background-position":"center center","background-size":"auto","background-attachment":"scroll","background-type":"","background-media":"","overlay-type":"","overlay-color":"","overlay-opacity":"","overlay-gradient":""}},"ast-content-background-meta":{"desktop":{"background-color":"var(--ast-global-color-5)","background-image":"","background-repeat":"repeat","background-position":"center center","background-size":"auto","background-attachment":"scroll","background-type":"","background-media":"","overlay-type":"","overlay-color":"","overlay-opacity":"","overlay-gradient":""},"tablet":{"background-color":"var(--ast-global-color-5)","background-image":"","background-repeat":"repeat","background-position":"center center","background-size":"auto","background-attachment":"scroll","background-type":"","background-media":"","overlay-type":"","overlay-color":"","overlay-opacity":"","overlay-gradient":""},"mobile":{"background-color":"var(--ast-global-color-5)","background-image":"","background-repeat":"repeat","background-position":"center center","background-size":"auto","background-attachment":"scroll","background-type":"","background-media":"","overlay-type":"","overlay-color":"","overlay-opacity":"","overlay-gradient":""}}},"product_brand":[],"product_cat":[75],"product_tag":[],"class_list":{"0":"post-8307","1":"product","2":"type-product","3":"status-publish","4":"has-post-thumbnail","6":"product_cat-producto-acidulante","7":"desktop-align-center","8":"tablet-align-left","9":"mobile-align-left","11":"first","12":"instock","13":"shipping-taxable","14":"product-type-simple"},"yoast_head":"<!-- This site is optimized with the Yoast SEO plugin v26.5 - https:\/\/yoast.com\/wordpress\/plugins\/seo\/ -->\n<title>Citrato de Calcio Precio, Regulador de Acidez E333 | Niranbio Chemical<\/title>\n<meta name=\"description\" content=\"El citrato tric\u00e1lcico (regulador de acidez E333) ofrece una excelente biodisponibilidad, un alto contenido de calcio y una baja solubilidad, es estable, no t\u00f3xico y tiene un sabor neutro.\" \/>\n<meta name=\"robots\" content=\"noindex, follow, max-snippet:-1, max-image-preview:large, max-video-preview:-1\" \/>\n<meta name=\"twitter:label1\" content=\"Tiempo de lectura\" \/>\n\t<meta name=\"twitter:data1\" content=\"4 minutos\" \/>\n<script type=\"application\/ld+json\" class=\"yoast-schema-graph\">{\"@context\":\"https:\/\/schema.org\",\"@graph\":[{\"@type\":\"WebPage\",\"@id\":\"https:\/\/theo.niranbio.com\/es\/citrato-tricalcico-tetrahidratado.html\",\"url\":\"https:\/\/theo.niranbio.com\/es\/citrato-tricalcico-tetrahidratado.html\",\"name\":\"Citrato de Calcio Precio, Regulador de Acidez E333 | Niranbio Chemical\",\"isPartOf\":{\"@id\":\"https:\/\/theo.niranbio.com\/es\/#website\"},\"primaryImageOfPage\":{\"@id\":\"https:\/\/theo.niranbio.com\/es\/citrato-tricalcico-tetrahidratado.html#primaryimage\"},\"image\":{\"@id\":\"https:\/\/theo.niranbio.com\/es\/citrato-tricalcico-tetrahidratado.html#primaryimage\"},\"thumbnailUrl\":\"https:\/\/theo.niranbio.com\/wp-content\/uploads\/2024\/06\/Calcium-Citrate-Food-Grad.webp\",\"datePublished\":\"2024-06-20T00:56:57+00:00\",\"dateModified\":\"2024-08-15T05:27:38+00:00\",\"description\":\"El citrato tric\u00e1lcico (regulador de acidez E333) ofrece una excelente biodisponibilidad, un alto contenido de calcio y una baja solubilidad, es estable, no t\u00f3xico y tiene un sabor neutro.\",\"breadcrumb\":{\"@id\":\"https:\/\/theo.niranbio.com\/es\/citrato-tricalcico-tetrahidratado.html#breadcrumb\"},\"inLanguage\":\"es\",\"potentialAction\":[{\"@type\":\"ReadAction\",\"target\":[\"https:\/\/theo.niranbio.com\/es\/citrato-tricalcico-tetrahidratado.html\"]}]},{\"@type\":\"ImageObject\",\"inLanguage\":\"es\",\"@id\":\"https:\/\/theo.niranbio.com\/es\/citrato-tricalcico-tetrahidratado.html#primaryimage\",\"url\":\"https:\/\/theo.niranbio.com\/wp-content\/uploads\/2024\/06\/Calcium-Citrate-Food-Grad.webp\",\"contentUrl\":\"https:\/\/theo.niranbio.com\/wp-content\/uploads\/2024\/06\/Calcium-Citrate-Food-Grad.webp\",\"width\":600,\"height\":600,\"caption\":\"Citrato de calcio\"},{\"@type\":\"BreadcrumbList\",\"@id\":\"https:\/\/theo.niranbio.com\/es\/citrato-tricalcico-tetrahidratado.html#breadcrumb\",\"itemListElement\":[{\"@type\":\"ListItem\",\"position\":1,\"name\":\"Home\",\"item\":\"https:\/\/theo.niranbio.com\/es\/\"},{\"@type\":\"ListItem\",\"position\":2,\"name\":\"Productos\",\"item\":\"https:\/\/theo.niranbio.com\/es\/productos.html\"},{\"@type\":\"ListItem\",\"position\":3,\"name\":\"Acidulante\",\"item\":\"https:\/\/theo.niranbio.com\/es\/producto-acidulante\/\"},{\"@type\":\"ListItem\",\"position\":4,\"name\":\"Citrato de calcio de grado alimenticio\"}]},{\"@type\":\"WebSite\",\"@id\":\"https:\/\/theo.niranbio.com\/es\/#website\",\"url\":\"https:\/\/theo.niranbio.com\/es\/\",\"name\":\"Niranbio Chemical\",\"description\":\"\",\"publisher\":{\"@id\":\"https:\/\/theo.niranbio.com\/es\/#organization\"},\"potentialAction\":[{\"@type\":\"SearchAction\",\"target\":{\"@type\":\"EntryPoint\",\"urlTemplate\":\"https:\/\/theo.niranbio.com\/es\/?s={search_term_string}\"},\"query-input\":{\"@type\":\"PropertyValueSpecification\",\"valueRequired\":true,\"valueName\":\"search_term_string\"}}],\"inLanguage\":\"es\"},{\"@type\":\"Organization\",\"@id\":\"https:\/\/theo.niranbio.com\/es\/#organization\",\"name\":\"Niranbio Chemical\",\"url\":\"https:\/\/theo.niranbio.com\/es\/\",\"logo\":{\"@type\":\"ImageObject\",\"inLanguage\":\"es\",\"@id\":\"https:\/\/theo.niranbio.com\/es\/#\/schema\/logo\/image\/\",\"url\":\"https:\/\/theo.niranbio.com\/wp-content\/uploads\/2024\/06\/Niranbio.png\",\"contentUrl\":\"https:\/\/theo.niranbio.com\/wp-content\/uploads\/2024\/06\/Niranbio.png\",\"width\":270,\"height\":100,\"caption\":\"Niranbio Chemical\"},\"image\":{\"@id\":\"https:\/\/theo.niranbio.com\/es\/#\/schema\/logo\/image\/\"}}]}<\/script>\n<!-- \/ Yoast SEO plugin. -->","yoast_head_json":{"title":"Citrato de Calcio Precio, Regulador de Acidez E333 | Niranbio Chemical","description":"El citrato tric\u00e1lcico (regulador de acidez E333) ofrece una excelente biodisponibilidad, un alto contenido de calcio y una baja solubilidad, es estable, no t\u00f3xico y tiene un sabor neutro.","robots":{"index":"noindex","follow":"follow","max-snippet":"max-snippet:-1","max-image-preview":"max-image-preview:large","max-video-preview":"max-video-preview:-1"},"twitter_misc":{"Tiempo de lectura":"4 minutos"},"schema":{"@context":"https:\/\/schema.org","@graph":[{"@type":"WebPage","@id":"https:\/\/theo.niranbio.com\/es\/citrato-tricalcico-tetrahidratado.html","url":"https:\/\/theo.niranbio.com\/es\/citrato-tricalcico-tetrahidratado.html","name":"Citrato de Calcio Precio, Regulador de Acidez E333 | Niranbio Chemical","isPartOf":{"@id":"https:\/\/theo.niranbio.com\/es\/#website"},"primaryImageOfPage":{"@id":"https:\/\/theo.niranbio.com\/es\/citrato-tricalcico-tetrahidratado.html#primaryimage"},"image":{"@id":"https:\/\/theo.niranbio.com\/es\/citrato-tricalcico-tetrahidratado.html#primaryimage"},"thumbnailUrl":"https:\/\/theo.niranbio.com\/wp-content\/uploads\/2024\/06\/Calcium-Citrate-Food-Grad.webp","datePublished":"2024-06-20T00:56:57+00:00","dateModified":"2024-08-15T05:27:38+00:00","description":"El citrato tric\u00e1lcico (regulador de acidez E333) ofrece una excelente biodisponibilidad, un alto contenido de calcio y una baja solubilidad, es estable, no t\u00f3xico y tiene un sabor neutro.","breadcrumb":{"@id":"https:\/\/theo.niranbio.com\/es\/citrato-tricalcico-tetrahidratado.html#breadcrumb"},"inLanguage":"es","potentialAction":[{"@type":"ReadAction","target":["https:\/\/theo.niranbio.com\/es\/citrato-tricalcico-tetrahidratado.html"]}]},{"@type":"ImageObject","inLanguage":"es","@id":"https:\/\/theo.niranbio.com\/es\/citrato-tricalcico-tetrahidratado.html#primaryimage","url":"https:\/\/theo.niranbio.com\/wp-content\/uploads\/2024\/06\/Calcium-Citrate-Food-Grad.webp","contentUrl":"https:\/\/theo.niranbio.com\/wp-content\/uploads\/2024\/06\/Calcium-Citrate-Food-Grad.webp","width":600,"height":600,"caption":"Citrato de calcio"},{"@type":"BreadcrumbList","@id":"https:\/\/theo.niranbio.com\/es\/citrato-tricalcico-tetrahidratado.html#breadcrumb","itemListElement":[{"@type":"ListItem","position":1,"name":"Home","item":"https:\/\/theo.niranbio.com\/es\/"},{"@type":"ListItem","position":2,"name":"Productos","item":"https:\/\/theo.niranbio.com\/es\/productos.html"},{"@type":"ListItem","position":3,"name":"Acidulante","item":"https:\/\/theo.niranbio.com\/es\/producto-acidulante\/"},{"@type":"ListItem","position":4,"name":"Citrato de calcio de grado alimenticio"}]},{"@type":"WebSite","@id":"https:\/\/theo.niranbio.com\/es\/#website","url":"https:\/\/theo.niranbio.com\/es\/","name":"Niranbio Chemical","description":"","publisher":{"@id":"https:\/\/theo.niranbio.com\/es\/#organization"},"potentialAction":[{"@type":"SearchAction","target":{"@type":"EntryPoint","urlTemplate":"https:\/\/theo.niranbio.com\/es\/?s={search_term_string}"},"query-input":{"@type":"PropertyValueSpecification","valueRequired":true,"valueName":"search_term_string"}}],"inLanguage":"es"},{"@type":"Organization","@id":"https:\/\/theo.niranbio.com\/es\/#organization","name":"Niranbio Chemical","url":"https:\/\/theo.niranbio.com\/es\/","logo":{"@type":"ImageObject","inLanguage":"es","@id":"https:\/\/theo.niranbio.com\/es\/#\/schema\/logo\/image\/","url":"https:\/\/theo.niranbio.com\/wp-content\/uploads\/2024\/06\/Niranbio.png","contentUrl":"https:\/\/theo.niranbio.com\/wp-content\/uploads\/2024\/06\/Niranbio.png","width":270,"height":100,"caption":"Niranbio Chemical"},"image":{"@id":"https:\/\/theo.niranbio.com\/es\/#\/schema\/logo\/image\/"}}]}},"_links":{"self":[{"href":"https:\/\/theo.niranbio.com\/es\/wp-json\/wp\/v2\/product\/8307","targetHints":{"allow":["GET"]}}],"collection":[{"href":"https:\/\/theo.niranbio.com\/es\/wp-json\/wp\/v2\/product"}],"about":[{"href":"https:\/\/theo.niranbio.com\/es\/wp-json\/wp\/v2\/types\/product"}],"version-history":[{"count":0,"href":"https:\/\/theo.niranbio.com\/es\/wp-json\/wp\/v2\/product\/8307\/revisions"}],"wp:featuredmedia":[{"embeddable":true,"href":"https:\/\/theo.niranbio.com\/es\/wp-json\/wp\/v2\/media\/5688"}],"wp:attachment":[{"href":"https:\/\/theo.niranbio.com\/es\/wp-json\/wp\/v2\/media?parent=8307"}],"wp:term":[{"taxonomy":"product_brand","embeddable":true,"href":"https:\/\/theo.niranbio.com\/es\/wp-json\/wp\/v2\/product_brand?post=8307"},{"taxonomy":"product_cat","embeddable":true,"href":"https:\/\/theo.niranbio.com\/es\/wp-json\/wp\/v2\/product_cat?post=8307"},{"taxonomy":"product_tag","embeddable":true,"href":"https:\/\/theo.niranbio.com\/es\/wp-json\/wp\/v2\/product_tag?post=8307"}],"curies":[{"name":"wp","href":"https:\/\/api.w.org\/{rel}","templated":true}]}}