{"id":8301,"date":"2024-06-20T08:58:17","date_gmt":"2024-06-20T00:58:17","guid":{"rendered":"https:\/\/theo.niranbio.com\/acido-acetico-glacial-grado-alimentario\/"},"modified":"2024-08-15T13:20:42","modified_gmt":"2024-08-15T05:20:42","slug":"acido-acetico-glacial-grado-alimentario","status":"publish","type":"product","link":"https:\/\/theo.niranbio.com\/es\/acido-acetico-glacial-grado-alimentario.html","title":{"rendered":"\u00c1cido ac\u00e9tico glacial-Grado alimentario"},"content":{"rendered":"<h2><span class=\"ez-toc-section\" id=\"%C2%BFQue_es_el_acido_acetico_glacial_de_calidad_alimentaria\"><\/span>\u00bfQu\u00e9 es el \u00e1cido ac\u00e9tico glacial de calidad alimentaria?<span class=\"ez-toc-section-end\"><\/span><\/h2>\n<p>El \u00e1cido ac\u00e9tico glacial de grado alimenticio se procesa y purifica especialmente para cumplir con los est\u00e1ndares de seguridad alimentaria. Aparece como un l\u00edquido transparente incoloro o blanco. Puede solidificarse en cristales a bajas temperaturas y tiene un olor penetrante distintivo. Se puede utilizar como aditivo alimentario, acidulante, etc.<\/p>\n<p>El \u00e1cido ac\u00e9tico glacial de grado alimenticio se produce principalmente de las dos formas siguientes<\/p>\n<p>1. Hecho a partir de etanol producido por fermentaci\u00f3n La fermentaci\u00f3n del \u00e1cido ac\u00e9tico pasa por tres etapas. Primero, bajo la acci\u00f3n de las enzimas, las sustancias de almid\u00f3n en las materias primas se hidrolizan en az\u00facares. En segundo lugar, bajo la acci\u00f3n de la levadura, los az\u00facares se convierten en alcohol. Estas dos etapas suelen ocurrir al mismo tiempo, por lo que generalmente se las conoce como la etapa de fermentaci\u00f3n del alcohol. En tercer lugar, bajo la acci\u00f3n de las bacterias del \u00e1cido ac\u00e9tico, el alcohol se convierte en \u00e1cido ac\u00e9tico, que generalmente es el m\u00e9todo de fermentaci\u00f3n del vinagre comestible. Tiene un alto grado de naturalidad, pero la concentraci\u00f3n de \u00e1cido ac\u00e9tico no es alta y es muy seguro. El proceso b\u00e1sico de fermentaci\u00f3n del \u00e1cido ac\u00e9tico en la industria alimentaria moderna es utilizar el etanol producido por fermentaci\u00f3n como materia prima y luego producir \u00e1cido ac\u00e9tico glacial de grado alimenticio a trav\u00e9s de la oxidaci\u00f3n. El grado natural es superior al 98, la concentraci\u00f3n de \u00e1cido ac\u00e9tico tambi\u00e9n es superior al 99,5% y la seguridad es relativamente alta.<\/p>\n<p>2. Se produce mediante el m\u00e9todo de carbonilaci\u00f3n a baja presi\u00f3n, utilizando metanol y mon\u00f3xido de carbono como materias primas. Utiliza metanol industrial como materia prima y produce \u00e1cido ac\u00e9tico glacial con mon\u00f3xido de carbono bajo carbonilaci\u00f3n a baja presi\u00f3n, y luego obtiene \u00e1cido ac\u00e9tico glacial de grado alimenticio (m\u00e9todo de carbonilaci\u00f3n) a trav\u00e9s de una purificaci\u00f3n posterior. De hecho, este m\u00e9todo tambi\u00e9n es el proceso b\u00e1sico de producci\u00f3n del \u00e1cido ac\u00e9tico glacial industrial, pero despu\u00e9s de un proceso de purificaci\u00f3n relativamente riguroso, el \u00e1cido ac\u00e9tico industrial se convierte en \u00e1cido ac\u00e9tico utilizable, por lo que la purificaci\u00f3n ocupa una posici\u00f3n muy importante en este proceso. Diferentes grados de purificaci\u00f3n dan como resultado una calidad y un rendimiento del producto diferentes.<\/p>\n<h2><span class=\"ez-toc-section\" id=\"Parametros_relacionados\"><\/span>Par\u00e1metros relacionados:<span class=\"ez-toc-section-end\"><\/span><\/h2>\n<table>\n<tbody>\n<tr>\n<td>Elemento de prueba<\/td>\n<td>Especificaci\u00f3n<\/td>\n<td>Resultados<\/td>\n<\/tr>\n<tr>\n<td>Aspecto<\/td>\n<td>Incoloro<\/td>\n<td>Pasa la prueba<\/td>\n<\/tr>\n<tr>\n<td>Estado<\/td>\n<td>L\u00edquido<\/td>\n<td>Prueba superada<\/td>\n<\/tr>\n<tr>\n<td>Olor<\/td>\n<td>Vinagre acre fuerte<\/td>\n<td>Prueba superada<\/td>\n<\/tr>\n<tr>\n<td>Contenido de \u00e1cido ac\u00e9tico c\/%<\/td>\n<td><\/td>\n<td>99.97<\/td>\n<\/tr>\n<tr>\n<td>Prueba de permanganato pot\u00e1sico<\/td>\n<td>Prueba positiva<\/td>\n<td>Prueba superada<\/td>\n<\/tr>\n<tr>\n<td>Residuos de evaporaci\u00f3n c\/%<\/td>\n<td>\u226599.8<\/td>\n<td>0.001<\/td>\n<\/tr>\n<tr>\n<td>Punto de congelaci\u00f3n\uff08\u00b0C\uff09<\/td>\n<td>\u22640.005<\/td>\n<td>16.3<\/td>\n<\/tr>\n<tr>\n<td>Metales pesados\uff08Pb mg\/kg\uff09<\/td>\n<td>\u226516.2<\/td>\n<td>&lt;2<\/td>\n<\/tr>\n<tr>\n<td>As\uff08mg\/kg\uff09<\/td>\n<td>\u22652<\/td>\n<td>&lt;0.01<\/td>\n<\/tr>\n<tr>\n<td>Conclusi\u00f3n<\/td>\n<td>\u22641.0<\/td>\n<td>Cualificado<\/td>\n<\/tr>\n<\/tbody>\n<\/table>\n<h2><span class=\"ez-toc-section\" id=\"Dosis_recomendada_Dosis_recomendada_para_algunas_aplicaciones\"><\/span>Dosis recomendada (Dosis recomendada para algunas aplicaciones)<span class=\"ez-toc-section-end\"><\/span><\/h2>\n<table>\n<tbody>\n<tr>\n<td>Nombre del alimento<\/td>\n<td>Uso m\u00e1ximo(g\/kg)<\/td>\n<\/tr>\n<tr>\n<td>Leche modificada<\/td>\n<td>0,01-0,1 g\/kg<\/td>\n<\/tr>\n<tr>\n<td>Bebidas congeladas<\/td>\n<td>0,01-0,1 g\/kg<\/td>\n<\/tr>\n<tr>\n<td>Fruta en conserva<\/td>\n<td>0,5-2g\/kg<\/td>\n<\/tr>\n<tr>\n<td>Pasteles de frutas<\/td>\n<td>1-5g\/kg<\/td>\n<\/tr>\n<tr>\n<td>Productos de jud\u00eda<\/td>\n<td>1-5g\/kg<\/td>\n<\/tr>\n<tr>\n<td>Frutos secos y semillas procesados<\/td>\n<td>1-5g\/kg<\/td>\n<\/tr>\n<tr>\n<td>Caramelo<\/td>\n<td>2-5g\/kg<\/td>\n<\/tr>\n<tr>\n<td>Almidones y productos amil\u00e1ceos<\/td>\n<td>1-5g\/kg<\/td>\n<\/tr>\n<tr>\n<td>Productos de panader\u00eda<\/td>\n<td>1-5g\/kg<\/td>\n<\/tr>\n<tr>\n<td>Condimentos complejos<\/td>\n<td>2-5g\/kg<\/td>\n<\/tr>\n<tr>\n<td>Bebidas carbonatadas<\/td>\n<td>1-5g\/kg<\/td>\n<\/tr>\n<\/tbody>\n<\/table>\n<h2><span class=\"ez-toc-section\" id=\"El_acido_acetico_glacial_de_calidad_alimentaria_tiene_una_amplia_gama_de_usos\"><\/span>El \u00e1cido ac\u00e9tico glacial de calidad alimentaria tiene una amplia gama de usos<span class=\"ez-toc-section-end\"><\/span><\/h2>\n<h3><span class=\"ez-toc-section\" id=\"1_Aromatizante_y_conservante_alimentario\"><\/span>1. Aromatizante y conservante alimentario<span class=\"ez-toc-section-end\"><\/span><\/h3>\n<p>El \u00e1cido ac\u00e9tico glacial no solo se puede utilizar para hacer vinagre, agregar acidez y sabor umami a los alimentos y mejorar el sabor de los alimentos, sino que tambi\u00e9n inhibe el crecimiento de bacterias y hongos y extiende la vida \u00fatil de los alimentos.<\/p>\n<h3><span class=\"ez-toc-section\" id=\"2_Limpieza\"><\/span>2. Limpieza<span class=\"ez-toc-section-end\"><\/span><\/h3>\n<p>El \u00e1cido ac\u00e9tico glacial tiene un buen efecto de limpieza y descontaminaci\u00f3n. El \u00e1cido ac\u00e9tico glacial tiene un buen efecto de limpieza y descontaminaci\u00f3n. Es uno de los principales ingredientes de los agentes de limpieza y se utiliza ampliamente para fines de limpieza, como la limpieza de muebles y la eliminaci\u00f3n de sarro.<\/p>\n<h3><span class=\"ez-toc-section\" id=\"4_Herbicida\"><\/span>4. Herbicida<span class=\"ez-toc-section-end\"><\/span><\/h3>\n<p>El \u00e1cido ac\u00e9tico glacial se puede utilizar como herbicida para evitar el uso de pesticidas qu\u00edmicos y proteger el medio ambiente. Se puede utilizar en parterres, jardiner\u00eda y agricultura.<\/p>\n<h3><span class=\"ez-toc-section\" id=\"5_Tratamiento_medico\"><\/span>5. Tratamiento m\u00e9dico<span class=\"ez-toc-section-end\"><\/span><\/h3>\n<p>El \u00e1cido ac\u00e9tico glacial tiene ciertas aplicaciones en medicina, como por ejemplo para el tratamiento de la onicomicosis, verrugas plantares, hiperhidrosis de manos y pies, etc.<\/p>\n<h2><span class=\"ez-toc-section\" id=\"Pregunta_formulada_por_un_usuario\"><\/span>Pregunta formulada por un usuario:<span class=\"ez-toc-section-end\"><\/span><\/h2>\n<p><strong>Pregunta: \u00bfCu\u00e1l es la diferencia entre el \u00e1cido ac\u00e9tico glacial de grado industrial y el de grado comestible?<\/strong><\/p>\n<p>Respuesta: La diferencia entre el \u00e1cido ac\u00e9tico glacial de grado industrial y el de grado comestible radica principalmente en los ingredientes y el proceso de producci\u00f3n. El \u00e1cido ac\u00e9tico glacial de grado industrial suele contener m\u00e1s cloruros y sulfatos, mientras que el de grado comestible contiene m\u00e1s \u00e1cido ac\u00e9tico. Adem\u00e1s, el proceso de producci\u00f3n del \u00e1cido ac\u00e9tico glacial de grado industrial es m\u00e1s sencillo y el coste es menor.<\/p>\n<p><strong>Pregunta: Requisitos de almacenamiento del \u00e1cido ac\u00e9tico<\/strong><\/p>\n<p>Respuesta:<\/p>\n<p>1. Temperatura de almacenamiento: el \u00e1cido ac\u00e9tico glacial debe almacenarse en un lugar protegido de la luz, seco y bien ventilado. La temperatura de almacenamiento debe ser inferior a 30 \u00b0C y evitar las altas temperaturas y la exposici\u00f3n al sol y la lluvia.<\/p>\n<p>2. Elija el recipiente: puede elegir recipientes de vidrio o pl\u00e1stico resistentes a la corrosi\u00f3n. Deben estar sellados y ser a prueba de fugas.<\/p>\n<p>3. Resistente a la humedad: el \u00e1cido ac\u00e9tico glacial absorbe f\u00e1cilmente la humedad, por lo que debe almacenarse en un ambiente seco y el recipiente debe mantenerse cerrado.<\/p>\n<p>4. Evitar la luz: el \u00e1cido ac\u00e9tico glacial se fotoliza f\u00e1cilmente, por lo que debe colocarse en un lugar a prueba de luz y puede cubrirse con una caja de papel o un pa\u00f1o.<\/p>\n","protected":false},"excerpt":{"rendered":"<ul>\n<li>CAS: 64-19-7<\/li>\n<li>F\u00f3rmula qu\u00edmica: CH<sub>3<\/sub>COOH<\/li>\n<li>Certificaciones: KOSHER, ISO, HALAL, FSSC 22000, BRC, etc.<\/li>\n<li>Cantidad m\u00ednima de pedido: 5 MT<\/li>\n<li>Caducidad: 2 a\u00f1os<\/li>\n<\/ul>\n","protected":false},"featured_media":5672,"template":"","meta":{"site-sidebar-layout":"default","site-content-layout":"","ast-site-content-layout":"default","site-content-style":"default","site-sidebar-style":"default","ast-global-header-display":"","ast-banner-title-visibility":"","ast-main-header-display":"","ast-hfb-above-header-display":"","ast-hfb-below-header-display":"","ast-hfb-mobile-header-display":"","site-post-title":"","ast-breadcrumbs-content":"","ast-featured-img":"","footer-sml-layout":"","theme-transparent-header-meta":"default","adv-header-id-meta":"","stick-header-meta":"","header-above-stick-meta":"","header-main-stick-meta":"","header-below-stick-meta":"","astra-migrate-meta-layouts":"set","ast-page-background-enabled":"default","ast-page-background-meta":{"desktop":{"background-color":"var(--ast-global-color-4)","background-image":"","background-repeat":"repeat","background-position":"center center","background-size":"auto","background-attachment":"scroll","background-type":"","background-media":"","overlay-type":"","overlay-color":"","overlay-opacity":"","overlay-gradient":""},"tablet":{"background-color":"","background-image":"","background-repeat":"repeat","background-position":"center center","background-size":"auto","background-attachment":"scroll","background-type":"","background-media":"","overlay-type":"","overlay-color":"","overlay-opacity":"","overlay-gradient":""},"mobile":{"background-color":"","background-image":"","background-repeat":"repeat","background-position":"center center","background-size":"auto","background-attachment":"scroll","background-type":"","background-media":"","overlay-type":"","overlay-color":"","overlay-opacity":"","overlay-gradient":""}},"ast-content-background-meta":{"desktop":{"background-color":"var(--ast-global-color-5)","background-image":"","background-repeat":"repeat","background-position":"center center","background-size":"auto","background-attachment":"scroll","background-type":"","background-media":"","overlay-type":"","overlay-color":"","overlay-opacity":"","overlay-gradient":""},"tablet":{"background-color":"var(--ast-global-color-5)","background-image":"","background-repeat":"repeat","background-position":"center center","background-size":"auto","background-attachment":"scroll","background-type":"","background-media":"","overlay-type":"","overlay-color":"","overlay-opacity":"","overlay-gradient":""},"mobile":{"background-color":"var(--ast-global-color-5)","background-image":"","background-repeat":"repeat","background-position":"center center","background-size":"auto","background-attachment":"scroll","background-type":"","background-media":"","overlay-type":"","overlay-color":"","overlay-opacity":"","overlay-gradient":""}}},"product_brand":[],"product_cat":[75],"product_tag":[],"class_list":{"0":"post-8301","1":"product","2":"type-product","3":"status-publish","4":"has-post-thumbnail","6":"product_cat-producto-acidulante","7":"desktop-align-center","8":"tablet-align-left","9":"mobile-align-left","11":"first","12":"instock","13":"shipping-taxable","14":"product-type-simple"},"yoast_head":"<!-- This site is optimized with the Yoast SEO plugin v26.5 - https:\/\/yoast.com\/wordpress\/plugins\/seo\/ -->\n<title>\u00c1cido Ac\u00e9tico Glacial, Precio de \u00c1cido Ac\u00e9tico Glacial L\u00edquido al 99,9 % | Niranbio Chemical<\/title>\n<meta name=\"description\" content=\"Ofrecemos \u00e1cido ac\u00e9tico glacial (regulador de acidez E260) al 99,97%, l\u00edquido transparente, incoloro y de alta pureza con un olor penetrante.\" \/>\n<meta name=\"robots\" content=\"noindex, follow, max-snippet:-1, max-image-preview:large, max-video-preview:-1\" \/>\n<meta name=\"twitter:label1\" content=\"Tiempo de lectura\" \/>\n\t<meta name=\"twitter:data1\" content=\"5 minutos\" \/>\n<script type=\"application\/ld+json\" class=\"yoast-schema-graph\">{\"@context\":\"https:\/\/schema.org\",\"@graph\":[{\"@type\":\"WebPage\",\"@id\":\"https:\/\/theo.niranbio.com\/es\/acido-acetico-glacial-grado-alimentario.html\",\"url\":\"https:\/\/theo.niranbio.com\/es\/acido-acetico-glacial-grado-alimentario.html\",\"name\":\"\u00c1cido Ac\u00e9tico Glacial, Precio de \u00c1cido Ac\u00e9tico Glacial L\u00edquido al 99,9 % | Niranbio Chemical\",\"isPartOf\":{\"@id\":\"https:\/\/theo.niranbio.com\/es\/#website\"},\"primaryImageOfPage\":{\"@id\":\"https:\/\/theo.niranbio.com\/es\/acido-acetico-glacial-grado-alimentario.html#primaryimage\"},\"image\":{\"@id\":\"https:\/\/theo.niranbio.com\/es\/acido-acetico-glacial-grado-alimentario.html#primaryimage\"},\"thumbnailUrl\":\"https:\/\/theo.niranbio.com\/wp-content\/uploads\/2024\/06\/Glacial-Acetic-Acid.webp\",\"datePublished\":\"2024-06-20T00:58:17+00:00\",\"dateModified\":\"2024-08-15T05:20:42+00:00\",\"description\":\"Ofrecemos \u00e1cido ac\u00e9tico glacial (regulador de acidez E260) al 99,97%, l\u00edquido transparente, incoloro y de alta pureza con un olor penetrante.\",\"breadcrumb\":{\"@id\":\"https:\/\/theo.niranbio.com\/es\/acido-acetico-glacial-grado-alimentario.html#breadcrumb\"},\"inLanguage\":\"es\",\"potentialAction\":[{\"@type\":\"ReadAction\",\"target\":[\"https:\/\/theo.niranbio.com\/es\/acido-acetico-glacial-grado-alimentario.html\"]}]},{\"@type\":\"ImageObject\",\"inLanguage\":\"es\",\"@id\":\"https:\/\/theo.niranbio.com\/es\/acido-acetico-glacial-grado-alimentario.html#primaryimage\",\"url\":\"https:\/\/theo.niranbio.com\/wp-content\/uploads\/2024\/06\/Glacial-Acetic-Acid.webp\",\"contentUrl\":\"https:\/\/theo.niranbio.com\/wp-content\/uploads\/2024\/06\/Glacial-Acetic-Acid.webp\",\"width\":600,\"height\":600,\"caption\":\"\u00c1cido ac\u00e9tico glacial\"},{\"@type\":\"BreadcrumbList\",\"@id\":\"https:\/\/theo.niranbio.com\/es\/acido-acetico-glacial-grado-alimentario.html#breadcrumb\",\"itemListElement\":[{\"@type\":\"ListItem\",\"position\":1,\"name\":\"Home\",\"item\":\"https:\/\/theo.niranbio.com\/es\/\"},{\"@type\":\"ListItem\",\"position\":2,\"name\":\"Productos\",\"item\":\"https:\/\/theo.niranbio.com\/es\/productos.html\"},{\"@type\":\"ListItem\",\"position\":3,\"name\":\"Acidulante\",\"item\":\"https:\/\/theo.niranbio.com\/es\/producto-acidulante\/\"},{\"@type\":\"ListItem\",\"position\":4,\"name\":\"\u00c1cido ac\u00e9tico glacial-Grado alimentario\"}]},{\"@type\":\"WebSite\",\"@id\":\"https:\/\/theo.niranbio.com\/es\/#website\",\"url\":\"https:\/\/theo.niranbio.com\/es\/\",\"name\":\"Niranbio Chemical\",\"description\":\"\",\"publisher\":{\"@id\":\"https:\/\/theo.niranbio.com\/es\/#organization\"},\"potentialAction\":[{\"@type\":\"SearchAction\",\"target\":{\"@type\":\"EntryPoint\",\"urlTemplate\":\"https:\/\/theo.niranbio.com\/es\/?s={search_term_string}\"},\"query-input\":{\"@type\":\"PropertyValueSpecification\",\"valueRequired\":true,\"valueName\":\"search_term_string\"}}],\"inLanguage\":\"es\"},{\"@type\":\"Organization\",\"@id\":\"https:\/\/theo.niranbio.com\/es\/#organization\",\"name\":\"Niranbio Chemical\",\"url\":\"https:\/\/theo.niranbio.com\/es\/\",\"logo\":{\"@type\":\"ImageObject\",\"inLanguage\":\"es\",\"@id\":\"https:\/\/theo.niranbio.com\/es\/#\/schema\/logo\/image\/\",\"url\":\"https:\/\/theo.niranbio.com\/wp-content\/uploads\/2024\/06\/Niranbio.png\",\"contentUrl\":\"https:\/\/theo.niranbio.com\/wp-content\/uploads\/2024\/06\/Niranbio.png\",\"width\":270,\"height\":100,\"caption\":\"Niranbio Chemical\"},\"image\":{\"@id\":\"https:\/\/theo.niranbio.com\/es\/#\/schema\/logo\/image\/\"}}]}<\/script>\n<!-- \/ Yoast SEO plugin. -->","yoast_head_json":{"title":"\u00c1cido Ac\u00e9tico Glacial, Precio de \u00c1cido Ac\u00e9tico Glacial L\u00edquido al 99,9 % | Niranbio Chemical","description":"Ofrecemos \u00e1cido ac\u00e9tico glacial (regulador de acidez E260) al 99,97%, l\u00edquido transparente, incoloro y de alta pureza con un olor penetrante.","robots":{"index":"noindex","follow":"follow","max-snippet":"max-snippet:-1","max-image-preview":"max-image-preview:large","max-video-preview":"max-video-preview:-1"},"twitter_misc":{"Tiempo de lectura":"5 minutos"},"schema":{"@context":"https:\/\/schema.org","@graph":[{"@type":"WebPage","@id":"https:\/\/theo.niranbio.com\/es\/acido-acetico-glacial-grado-alimentario.html","url":"https:\/\/theo.niranbio.com\/es\/acido-acetico-glacial-grado-alimentario.html","name":"\u00c1cido Ac\u00e9tico Glacial, Precio de \u00c1cido Ac\u00e9tico Glacial L\u00edquido al 99,9 % | Niranbio Chemical","isPartOf":{"@id":"https:\/\/theo.niranbio.com\/es\/#website"},"primaryImageOfPage":{"@id":"https:\/\/theo.niranbio.com\/es\/acido-acetico-glacial-grado-alimentario.html#primaryimage"},"image":{"@id":"https:\/\/theo.niranbio.com\/es\/acido-acetico-glacial-grado-alimentario.html#primaryimage"},"thumbnailUrl":"https:\/\/theo.niranbio.com\/wp-content\/uploads\/2024\/06\/Glacial-Acetic-Acid.webp","datePublished":"2024-06-20T00:58:17+00:00","dateModified":"2024-08-15T05:20:42+00:00","description":"Ofrecemos \u00e1cido ac\u00e9tico glacial (regulador de acidez E260) al 99,97%, l\u00edquido transparente, incoloro y de alta pureza con un olor penetrante.","breadcrumb":{"@id":"https:\/\/theo.niranbio.com\/es\/acido-acetico-glacial-grado-alimentario.html#breadcrumb"},"inLanguage":"es","potentialAction":[{"@type":"ReadAction","target":["https:\/\/theo.niranbio.com\/es\/acido-acetico-glacial-grado-alimentario.html"]}]},{"@type":"ImageObject","inLanguage":"es","@id":"https:\/\/theo.niranbio.com\/es\/acido-acetico-glacial-grado-alimentario.html#primaryimage","url":"https:\/\/theo.niranbio.com\/wp-content\/uploads\/2024\/06\/Glacial-Acetic-Acid.webp","contentUrl":"https:\/\/theo.niranbio.com\/wp-content\/uploads\/2024\/06\/Glacial-Acetic-Acid.webp","width":600,"height":600,"caption":"\u00c1cido ac\u00e9tico glacial"},{"@type":"BreadcrumbList","@id":"https:\/\/theo.niranbio.com\/es\/acido-acetico-glacial-grado-alimentario.html#breadcrumb","itemListElement":[{"@type":"ListItem","position":1,"name":"Home","item":"https:\/\/theo.niranbio.com\/es\/"},{"@type":"ListItem","position":2,"name":"Productos","item":"https:\/\/theo.niranbio.com\/es\/productos.html"},{"@type":"ListItem","position":3,"name":"Acidulante","item":"https:\/\/theo.niranbio.com\/es\/producto-acidulante\/"},{"@type":"ListItem","position":4,"name":"\u00c1cido ac\u00e9tico glacial-Grado alimentario"}]},{"@type":"WebSite","@id":"https:\/\/theo.niranbio.com\/es\/#website","url":"https:\/\/theo.niranbio.com\/es\/","name":"Niranbio Chemical","description":"","publisher":{"@id":"https:\/\/theo.niranbio.com\/es\/#organization"},"potentialAction":[{"@type":"SearchAction","target":{"@type":"EntryPoint","urlTemplate":"https:\/\/theo.niranbio.com\/es\/?s={search_term_string}"},"query-input":{"@type":"PropertyValueSpecification","valueRequired":true,"valueName":"search_term_string"}}],"inLanguage":"es"},{"@type":"Organization","@id":"https:\/\/theo.niranbio.com\/es\/#organization","name":"Niranbio Chemical","url":"https:\/\/theo.niranbio.com\/es\/","logo":{"@type":"ImageObject","inLanguage":"es","@id":"https:\/\/theo.niranbio.com\/es\/#\/schema\/logo\/image\/","url":"https:\/\/theo.niranbio.com\/wp-content\/uploads\/2024\/06\/Niranbio.png","contentUrl":"https:\/\/theo.niranbio.com\/wp-content\/uploads\/2024\/06\/Niranbio.png","width":270,"height":100,"caption":"Niranbio Chemical"},"image":{"@id":"https:\/\/theo.niranbio.com\/es\/#\/schema\/logo\/image\/"}}]}},"_links":{"self":[{"href":"https:\/\/theo.niranbio.com\/es\/wp-json\/wp\/v2\/product\/8301","targetHints":{"allow":["GET"]}}],"collection":[{"href":"https:\/\/theo.niranbio.com\/es\/wp-json\/wp\/v2\/product"}],"about":[{"href":"https:\/\/theo.niranbio.com\/es\/wp-json\/wp\/v2\/types\/product"}],"version-history":[{"count":0,"href":"https:\/\/theo.niranbio.com\/es\/wp-json\/wp\/v2\/product\/8301\/revisions"}],"wp:featuredmedia":[{"embeddable":true,"href":"https:\/\/theo.niranbio.com\/es\/wp-json\/wp\/v2\/media\/5672"}],"wp:attachment":[{"href":"https:\/\/theo.niranbio.com\/es\/wp-json\/wp\/v2\/media?parent=8301"}],"wp:term":[{"taxonomy":"product_brand","embeddable":true,"href":"https:\/\/theo.niranbio.com\/es\/wp-json\/wp\/v2\/product_brand?post=8301"},{"taxonomy":"product_cat","embeddable":true,"href":"https:\/\/theo.niranbio.com\/es\/wp-json\/wp\/v2\/product_cat?post=8301"},{"taxonomy":"product_tag","embeddable":true,"href":"https:\/\/theo.niranbio.com\/es\/wp-json\/wp\/v2\/product_tag?post=8301"}],"curies":[{"name":"wp","href":"https:\/\/api.w.org\/{rel}","templated":true}]}}