{"id":8294,"date":"2024-06-20T09:02:24","date_gmt":"2024-06-20T01:02:24","guid":{"rendered":"https:\/\/theo.niranbio.com\/acido-citrico-anhidro\/"},"modified":"2024-08-15T13:15:32","modified_gmt":"2024-08-15T05:15:32","slug":"acido-citrico-anhidro","status":"publish","type":"product","link":"https:\/\/theo.niranbio.com\/es\/acido-citrico-anhidro.html","title":{"rendered":"\u00c1cido c\u00edtrico anhidro"},"content":{"rendered":"<h2><span class=\"ez-toc-section\" id=\"%C2%BFQue_es_el_acido_citrico_anhidro\"><\/span>\u00bfQu\u00e9 es el \u00e1cido c\u00edtrico anhidro?<span class=\"ez-toc-section-end\"><\/span><\/h2>\n<p>El \u00e1cido c\u00edtrico anhidro es un cristal transl\u00facido o un polvo o cristal fino blanco, sin olor evidente, un sabor muy \u00e1cido y f\u00e1cilmente soluble en agua, alcohol y \u00e9ter. Existe de forma natural en frutas c\u00edtricas como los limones. A la hora de almacenarlo, es necesario protegerlo de la luz, mantenerlo sellado y guardarlo en un lugar seco y fresco.<\/p>\n<p>Se utiliza principalmente como aditivo alimentario en la industria alimentaria. No solo eso, el \u00e1cido c\u00edtrico anhidro tambi\u00e9n est\u00e1 involucrado en otras industrias, como la industria qu\u00edmica, la industria cosm\u00e9tica, etc. El \u00e1cido c\u00edtrico anhidro es un compuesto org\u00e1nico natural extra\u00eddo de la c\u00e1scara de lim\u00f3n.<\/p>\n<p>El proceso de producci\u00f3n habitual es la preparaci\u00f3n de la materia prima (c\u00e1scara de lim\u00f3n) mediante extracci\u00f3n por exprimido, separaci\u00f3n aceite-agua, precipitaci\u00f3n por cristalizaci\u00f3n, lavado con agua, secado hasta obtener \u00e1cido c\u00edtrico anhidro, y luego envasado y almacenado en un lugar seco, fresco y ventilado.<\/p>\n<h2><span class=\"ez-toc-section\" id=\"Parametros_relacionados\"><\/span>Par\u00e1metros relacionados:<span class=\"ez-toc-section-end\"><\/span><\/h2>\n<table>\n<tbody>\n<tr>\n<td>Art\u00edculos<\/td>\n<td>Normas<\/td>\n<\/tr>\n<tr>\n<td>Ensayo<\/td>\n<td>99.5-100%-100.5%<\/td>\n<\/tr>\n<tr>\n<td>Humedad<\/td>\n<td>\u22640.5%<\/td>\n<\/tr>\n<tr>\n<td>\u00c1cido ox\u00e1lico<\/td>\n<td>\u2264100 ppm<\/td>\n<\/tr>\n<tr>\n<td>Sulfato<\/td>\n<td>\u2264150 ppm<\/td>\n<\/tr>\n<tr>\n<td>Residuo de calcinaci\u00f3n (cenizas sulfatadas)<\/td>\n<td>\u22640.05%<\/td>\n<\/tr>\n<tr>\n<td>Metales pesados<\/td>\n<td>\u226410 ppm<\/td>\n<\/tr>\n<tr>\n<td>Mercurio<\/td>\n<td>\u22641 ppm<\/td>\n<\/tr>\n<tr>\n<td>Plomo<\/td>\n<td>\u22640,5 ppm<\/td>\n<\/tr>\n<tr>\n<td>Ars\u00e9nico<\/td>\n<td>\u22641 ppm<\/td>\n<\/tr>\n<tr>\n<td>Aluminio<\/td>\n<td>\u22640,2 ppm<\/td>\n<\/tr>\n<tr>\n<td>Endotoxinas bacterianas<\/td>\n<td>\u22640,5 UI\/mg<\/td>\n<\/tr>\n<tr>\n<td>Trilaurilamina<\/td>\n<td>\u22640,1 ppm<\/td>\n<\/tr>\n<tr>\n<td>Calcio<\/td>\n<td>\u2264200 ppm<\/td>\n<\/tr>\n<tr>\n<td>Hierro<\/td>\n<td>\u226450 ppm<\/td>\n<\/tr>\n<tr>\n<td>Cloruro<\/td>\n<td>\u226450 ppm<\/td>\n<\/tr>\n<\/tbody>\n<\/table>\n<h2><span class=\"ez-toc-section\" id=\"Dosis_recomendada\"><\/span>Dosis recomendada:<span class=\"ez-toc-section-end\"><\/span><\/h2>\n<table>\n<tbody>\n<tr>\n<td>Nombre del alimento<\/td>\n<td>Uso m\u00e1ximo(g\/kg)<\/td>\n<\/tr>\n<tr>\n<td>Bebidas carbonatadas<\/td>\n<td>0,3-0,6 g\/kg<\/td>\n<\/tr>\n<tr>\n<td>Productos amil\u00e1ceos<\/td>\n<td>0,2-0,4 g\/kg<\/td>\n<\/tr>\n<tr>\n<td>Gelatina<\/td>\n<td>0,3-0,6 g\/kg<\/td>\n<\/tr>\n<tr>\n<td>Aderezo para ensaladas<\/td>\n<td>0,2-0,5 g\/kg<\/td>\n<\/tr>\n<tr>\n<td>Helado<\/td>\n<td>0,3-0,5 g\/kg<\/td>\n<\/tr>\n<tr>\n<td>Condimentos<\/td>\n<td>0,3-0,6 g\/kg<\/td>\n<\/tr>\n<tr>\n<td>Jam\u00f3n<\/td>\n<td>0,2-0,3 g\/kg<\/td>\n<\/tr>\n<tr>\n<td>Pan<\/td>\n<td>0,2-0,3 g\/kg<\/td>\n<\/tr>\n<tr>\n<td>Productos asados<\/td>\n<td>0,3-0,5 g\/kg<\/td>\n<\/tr>\n<tr>\n<td>Alimentos congelados r\u00e1pidamente<\/td>\n<td>0,2-0,4 g\/kg<\/td>\n<\/tr>\n<\/tbody>\n<\/table>\n<h2><span class=\"ez-toc-section\" id=\"El_acido_citrico_anhidro_tiene_una_amplia_gama_de_usos\"><\/span>El \u00e1cido c\u00edtrico anhidro tiene una amplia gama de usos<span class=\"ez-toc-section-end\"><\/span><\/h2>\n<h3><span class=\"ez-toc-section\" id=\"1_Industria_alimentaria\"><\/span>1. Industria alimentaria:<span class=\"ez-toc-section-end\"><\/span><\/h3>\n<p>Como aditivo alimentario, se utiliza como agente aromatizante y acidulante, sobre todo en bebidas, zumos, alimentos enlatados, etc.<\/p>\n<h3><span class=\"ez-toc-section\" id=\"2_Industria_farmaceutica\"><\/span>2. Industria farmac\u00e9utica<span class=\"ez-toc-section-end\"><\/span><\/h3>\n<p>Se utiliza como catalizador o acidificante en los procesos farmac\u00e9uticos para ayudar a ajustar el pH de los medicamentos.<\/p>\n<h3><span class=\"ez-toc-section\" id=\"3_Cosmeticos\"><\/span>3. Cosm\u00e9ticos<span class=\"ez-toc-section-end\"><\/span><\/h3>\n<p>Puede utilizarse como ingrediente para ajustar el valor del pH, y tambi\u00e9n tiene un efecto antioxidante, habitual en productos para el cuidado de la piel y cosm\u00e9ticos.<\/p>\n<h3><span class=\"ez-toc-section\" id=\"4_Otras_aplicaciones\"><\/span>4. Otras aplicaciones:<span class=\"ez-toc-section-end\"><\/span><\/h3>\n<p>En la industria, se utiliza como componente de los productos de limpieza o como parte de los agentes de tratamiento del agua.<\/p>\n<h3><span class=\"ez-toc-section\" id=\"Pregunta_formulada_por_un_usuario\"><\/span>Pregunta formulada por un usuario:<span class=\"ez-toc-section-end\"><\/span><\/h3>\n<p><strong>Pregunta: La diferencia entre el \u00e1cido m\u00e1lico y el \u00e1cido c\u00edtrico?<\/strong><\/p>\n<p>Respuesta:<\/p>\n<p>1. Las materias primas son diferentes. Las materias primas del \u00e1cido m\u00e1lico se fermentan a partir de frutas como las manzanas, mientras que el \u00e1cido c\u00edtrico se elabora a partir de ma\u00edz fermentado.<\/p>\n<p>2. Los componentes de la f\u00f3rmula qu\u00edmica son diferentes, \u00e1cido L m\u00e1lico, \u00e1cido DL m\u00e1lico; \u00e1cido c\u00edtrico monohidratado y \u00e1cido c\u00edtrico anhidro.<\/p>\n<p>3. Los efectos son diferentes. El \u00e1cido m\u00e1lico tiene mejores funciones, como promover el metabolismo, mientras que el \u00e1cido c\u00edtrico puede promover la digesti\u00f3n, embellecer la piel, etc.<\/p>\n<p>4. El sabor de la acidez es diferente. La acidez del \u00e1cido c\u00edtrico tiene las caracter\u00edsticas de alcanzar r\u00e1pidamente un punto alto y disminuir r\u00e1pidamente, mientras que la acidez del \u00e1cido m\u00e1lico se puede conservar durante mucho tiempo.<\/p>\n<p>5. El sabor es diferente. El \u00e1cido c\u00edtrico es un acidificante agradable; el \u00e1cido m\u00e1lico es un acidificante amargo.<\/p>\n<p><strong>Pregunta: \u00bfC\u00f3mo se almacena el \u00e1cido c\u00edtrico anhidro?<\/strong><\/p>\n<p>Respuesta: Se puede almacenar en un ambiente cerrado y seco. Mantener alejado del fuego y fuentes de calor. Est\u00e1 estrictamente prohibido apilarlos al aire libre. Deben ser estrictamente impermeables, resistentes a la humedad y a la luz solar. Se pueden envasar en una bolsa tejida forrada con una bolsa de pl\u00e1stico o en una bolsa de papel kraft. Deben estar sellados y almacenados. Deben protegerse del calor y la humedad durante el almacenamiento y el transporte y deben almacenarse y transportarse de acuerdo con las regulaciones qu\u00edmicas generales.<\/p>\n","protected":false},"excerpt":{"rendered":"<ul>\n<li>CAS: 77-92-9<\/li>\n<li>F\u00f3rmula qu\u00edmica: C<sub>6<\/sub>H<sub>8<\/sub>O<sub>7<\/sub><\/li>\n<li>Certificaciones: KOSHER, ISO, HALAL, FSSC 22000, BRC, etc.<\/li>\n<li>Est\u00e1ndar: BP\/USP\/FCC<\/li>\n<li>Cantidad m\u00ednima de pedido: 1000KG<\/li>\n<li>Vida \u00fatil: 3 a\u00f1os<\/li>\n<\/ul>\n","protected":false},"featured_media":5660,"template":"","meta":{"site-sidebar-layout":"default","site-content-layout":"","ast-site-content-layout":"default","site-content-style":"default","site-sidebar-style":"default","ast-global-header-display":"","ast-banner-title-visibility":"","ast-main-header-display":"","ast-hfb-above-header-display":"","ast-hfb-below-header-display":"","ast-hfb-mobile-header-display":"","site-post-title":"","ast-breadcrumbs-content":"","ast-featured-img":"","footer-sml-layout":"","theme-transparent-header-meta":"default","adv-header-id-meta":"","stick-header-meta":"","header-above-stick-meta":"","header-main-stick-meta":"","header-below-stick-meta":"","astra-migrate-meta-layouts":"set","ast-page-background-enabled":"default","ast-page-background-meta":{"desktop":{"background-color":"var(--ast-global-color-4)","background-image":"","background-repeat":"repeat","background-position":"center center","background-size":"auto","background-attachment":"scroll","background-type":"","background-media":"","overlay-type":"","overlay-color":"","overlay-opacity":"","overlay-gradient":""},"tablet":{"background-color":"","background-image":"","background-repeat":"repeat","background-position":"center center","background-size":"auto","background-attachment":"scroll","background-type":"","background-media":"","overlay-type":"","overlay-color":"","overlay-opacity":"","overlay-gradient":""},"mobile":{"background-color":"","background-image":"","background-repeat":"repeat","background-position":"center center","background-size":"auto","background-attachment":"scroll","background-type":"","background-media":"","overlay-type":"","overlay-color":"","overlay-opacity":"","overlay-gradient":""}},"ast-content-background-meta":{"desktop":{"background-color":"var(--ast-global-color-5)","background-image":"","background-repeat":"repeat","background-position":"center center","background-size":"auto","background-attachment":"scroll","background-type":"","background-media":"","overlay-type":"","overlay-color":"","overlay-opacity":"","overlay-gradient":""},"tablet":{"background-color":"var(--ast-global-color-5)","background-image":"","background-repeat":"repeat","background-position":"center center","background-size":"auto","background-attachment":"scroll","background-type":"","background-media":"","overlay-type":"","overlay-color":"","overlay-opacity":"","overlay-gradient":""},"mobile":{"background-color":"var(--ast-global-color-5)","background-image":"","background-repeat":"repeat","background-position":"center center","background-size":"auto","background-attachment":"scroll","background-type":"","background-media":"","overlay-type":"","overlay-color":"","overlay-opacity":"","overlay-gradient":""}}},"product_brand":[],"product_cat":[75],"product_tag":[],"class_list":{"0":"post-8294","1":"product","2":"type-product","3":"status-publish","4":"has-post-thumbnail","6":"product_cat-producto-acidulante","7":"desktop-align-center","8":"tablet-align-left","9":"mobile-align-left","11":"first","12":"instock","13":"shipping-taxable","14":"product-type-simple"},"yoast_head":"<!-- This site is optimized with the Yoast SEO plugin v26.5 - https:\/\/yoast.com\/wordpress\/plugins\/seo\/ -->\n<title>\u00c1cido C\u00edtrico Anhidro, CAS 77-92-9 | Niranbio Chemical<\/title>\n<meta name=\"description\" content=\"Nuestro grado alimentario \u00e1cido c\u00edtrico anhidro (regulador de acidez E330) est\u00e1 disponible en tama\u00f1os de malla regulares de 12-40, 30-100, 20-50, 30-80, 8-30, 16-40 o personalizados.\" \/>\n<meta name=\"robots\" content=\"noindex, follow, max-snippet:-1, max-image-preview:large, max-video-preview:-1\" \/>\n<meta name=\"twitter:label1\" content=\"Tiempo de lectura\" \/>\n\t<meta name=\"twitter:data1\" content=\"3 minutos\" \/>\n<script type=\"application\/ld+json\" class=\"yoast-schema-graph\">{\"@context\":\"https:\/\/schema.org\",\"@graph\":[{\"@type\":\"WebPage\",\"@id\":\"https:\/\/theo.niranbio.com\/es\/acido-citrico-anhidro.html\",\"url\":\"https:\/\/theo.niranbio.com\/es\/acido-citrico-anhidro.html\",\"name\":\"\u00c1cido C\u00edtrico Anhidro, CAS 77-92-9 | Niranbio Chemical\",\"isPartOf\":{\"@id\":\"https:\/\/theo.niranbio.com\/es\/#website\"},\"primaryImageOfPage\":{\"@id\":\"https:\/\/theo.niranbio.com\/es\/acido-citrico-anhidro.html#primaryimage\"},\"image\":{\"@id\":\"https:\/\/theo.niranbio.com\/es\/acido-citrico-anhidro.html#primaryimage\"},\"thumbnailUrl\":\"https:\/\/theo.niranbio.com\/wp-content\/uploads\/2024\/06\/Citric-Acid-Anhydrous.webp\",\"datePublished\":\"2024-06-20T01:02:24+00:00\",\"dateModified\":\"2024-08-15T05:15:32+00:00\",\"description\":\"Nuestro grado alimentario \u00e1cido c\u00edtrico anhidro (regulador de acidez E330) est\u00e1 disponible en tama\u00f1os de malla regulares de 12-40, 30-100, 20-50, 30-80, 8-30, 16-40 o personalizados.\",\"breadcrumb\":{\"@id\":\"https:\/\/theo.niranbio.com\/es\/acido-citrico-anhidro.html#breadcrumb\"},\"inLanguage\":\"es\",\"potentialAction\":[{\"@type\":\"ReadAction\",\"target\":[\"https:\/\/theo.niranbio.com\/es\/acido-citrico-anhidro.html\"]}]},{\"@type\":\"ImageObject\",\"inLanguage\":\"es\",\"@id\":\"https:\/\/theo.niranbio.com\/es\/acido-citrico-anhidro.html#primaryimage\",\"url\":\"https:\/\/theo.niranbio.com\/wp-content\/uploads\/2024\/06\/Citric-Acid-Anhydrous.webp\",\"contentUrl\":\"https:\/\/theo.niranbio.com\/wp-content\/uploads\/2024\/06\/Citric-Acid-Anhydrous.webp\",\"width\":600,\"height\":600,\"caption\":\"\u00c1cido c\u00edtrico anhidro\"},{\"@type\":\"BreadcrumbList\",\"@id\":\"https:\/\/theo.niranbio.com\/es\/acido-citrico-anhidro.html#breadcrumb\",\"itemListElement\":[{\"@type\":\"ListItem\",\"position\":1,\"name\":\"Home\",\"item\":\"https:\/\/theo.niranbio.com\/es\/\"},{\"@type\":\"ListItem\",\"position\":2,\"name\":\"Productos\",\"item\":\"https:\/\/theo.niranbio.com\/es\/productos.html\"},{\"@type\":\"ListItem\",\"position\":3,\"name\":\"Acidulante\",\"item\":\"https:\/\/theo.niranbio.com\/es\/producto-acidulante\/\"},{\"@type\":\"ListItem\",\"position\":4,\"name\":\"\u00c1cido c\u00edtrico anhidro\"}]},{\"@type\":\"WebSite\",\"@id\":\"https:\/\/theo.niranbio.com\/es\/#website\",\"url\":\"https:\/\/theo.niranbio.com\/es\/\",\"name\":\"Niranbio Chemical\",\"description\":\"\",\"publisher\":{\"@id\":\"https:\/\/theo.niranbio.com\/es\/#organization\"},\"potentialAction\":[{\"@type\":\"SearchAction\",\"target\":{\"@type\":\"EntryPoint\",\"urlTemplate\":\"https:\/\/theo.niranbio.com\/es\/?s={search_term_string}\"},\"query-input\":{\"@type\":\"PropertyValueSpecification\",\"valueRequired\":true,\"valueName\":\"search_term_string\"}}],\"inLanguage\":\"es\"},{\"@type\":\"Organization\",\"@id\":\"https:\/\/theo.niranbio.com\/es\/#organization\",\"name\":\"Niranbio Chemical\",\"url\":\"https:\/\/theo.niranbio.com\/es\/\",\"logo\":{\"@type\":\"ImageObject\",\"inLanguage\":\"es\",\"@id\":\"https:\/\/theo.niranbio.com\/es\/#\/schema\/logo\/image\/\",\"url\":\"https:\/\/theo.niranbio.com\/wp-content\/uploads\/2024\/06\/Niranbio.png\",\"contentUrl\":\"https:\/\/theo.niranbio.com\/wp-content\/uploads\/2024\/06\/Niranbio.png\",\"width\":270,\"height\":100,\"caption\":\"Niranbio Chemical\"},\"image\":{\"@id\":\"https:\/\/theo.niranbio.com\/es\/#\/schema\/logo\/image\/\"}}]}<\/script>\n<!-- \/ Yoast SEO plugin. -->","yoast_head_json":{"title":"\u00c1cido C\u00edtrico Anhidro, CAS 77-92-9 | Niranbio Chemical","description":"Nuestro grado alimentario \u00e1cido c\u00edtrico anhidro (regulador de acidez E330) est\u00e1 disponible en tama\u00f1os de malla regulares de 12-40, 30-100, 20-50, 30-80, 8-30, 16-40 o personalizados.","robots":{"index":"noindex","follow":"follow","max-snippet":"max-snippet:-1","max-image-preview":"max-image-preview:large","max-video-preview":"max-video-preview:-1"},"twitter_misc":{"Tiempo de lectura":"3 minutos"},"schema":{"@context":"https:\/\/schema.org","@graph":[{"@type":"WebPage","@id":"https:\/\/theo.niranbio.com\/es\/acido-citrico-anhidro.html","url":"https:\/\/theo.niranbio.com\/es\/acido-citrico-anhidro.html","name":"\u00c1cido C\u00edtrico Anhidro, CAS 77-92-9 | Niranbio Chemical","isPartOf":{"@id":"https:\/\/theo.niranbio.com\/es\/#website"},"primaryImageOfPage":{"@id":"https:\/\/theo.niranbio.com\/es\/acido-citrico-anhidro.html#primaryimage"},"image":{"@id":"https:\/\/theo.niranbio.com\/es\/acido-citrico-anhidro.html#primaryimage"},"thumbnailUrl":"https:\/\/theo.niranbio.com\/wp-content\/uploads\/2024\/06\/Citric-Acid-Anhydrous.webp","datePublished":"2024-06-20T01:02:24+00:00","dateModified":"2024-08-15T05:15:32+00:00","description":"Nuestro grado alimentario \u00e1cido c\u00edtrico anhidro (regulador de acidez E330) est\u00e1 disponible en tama\u00f1os de malla regulares de 12-40, 30-100, 20-50, 30-80, 8-30, 16-40 o personalizados.","breadcrumb":{"@id":"https:\/\/theo.niranbio.com\/es\/acido-citrico-anhidro.html#breadcrumb"},"inLanguage":"es","potentialAction":[{"@type":"ReadAction","target":["https:\/\/theo.niranbio.com\/es\/acido-citrico-anhidro.html"]}]},{"@type":"ImageObject","inLanguage":"es","@id":"https:\/\/theo.niranbio.com\/es\/acido-citrico-anhidro.html#primaryimage","url":"https:\/\/theo.niranbio.com\/wp-content\/uploads\/2024\/06\/Citric-Acid-Anhydrous.webp","contentUrl":"https:\/\/theo.niranbio.com\/wp-content\/uploads\/2024\/06\/Citric-Acid-Anhydrous.webp","width":600,"height":600,"caption":"\u00c1cido c\u00edtrico anhidro"},{"@type":"BreadcrumbList","@id":"https:\/\/theo.niranbio.com\/es\/acido-citrico-anhidro.html#breadcrumb","itemListElement":[{"@type":"ListItem","position":1,"name":"Home","item":"https:\/\/theo.niranbio.com\/es\/"},{"@type":"ListItem","position":2,"name":"Productos","item":"https:\/\/theo.niranbio.com\/es\/productos.html"},{"@type":"ListItem","position":3,"name":"Acidulante","item":"https:\/\/theo.niranbio.com\/es\/producto-acidulante\/"},{"@type":"ListItem","position":4,"name":"\u00c1cido c\u00edtrico anhidro"}]},{"@type":"WebSite","@id":"https:\/\/theo.niranbio.com\/es\/#website","url":"https:\/\/theo.niranbio.com\/es\/","name":"Niranbio Chemical","description":"","publisher":{"@id":"https:\/\/theo.niranbio.com\/es\/#organization"},"potentialAction":[{"@type":"SearchAction","target":{"@type":"EntryPoint","urlTemplate":"https:\/\/theo.niranbio.com\/es\/?s={search_term_string}"},"query-input":{"@type":"PropertyValueSpecification","valueRequired":true,"valueName":"search_term_string"}}],"inLanguage":"es"},{"@type":"Organization","@id":"https:\/\/theo.niranbio.com\/es\/#organization","name":"Niranbio Chemical","url":"https:\/\/theo.niranbio.com\/es\/","logo":{"@type":"ImageObject","inLanguage":"es","@id":"https:\/\/theo.niranbio.com\/es\/#\/schema\/logo\/image\/","url":"https:\/\/theo.niranbio.com\/wp-content\/uploads\/2024\/06\/Niranbio.png","contentUrl":"https:\/\/theo.niranbio.com\/wp-content\/uploads\/2024\/06\/Niranbio.png","width":270,"height":100,"caption":"Niranbio Chemical"},"image":{"@id":"https:\/\/theo.niranbio.com\/es\/#\/schema\/logo\/image\/"}}]}},"_links":{"self":[{"href":"https:\/\/theo.niranbio.com\/es\/wp-json\/wp\/v2\/product\/8294","targetHints":{"allow":["GET"]}}],"collection":[{"href":"https:\/\/theo.niranbio.com\/es\/wp-json\/wp\/v2\/product"}],"about":[{"href":"https:\/\/theo.niranbio.com\/es\/wp-json\/wp\/v2\/types\/product"}],"version-history":[{"count":0,"href":"https:\/\/theo.niranbio.com\/es\/wp-json\/wp\/v2\/product\/8294\/revisions"}],"wp:featuredmedia":[{"embeddable":true,"href":"https:\/\/theo.niranbio.com\/es\/wp-json\/wp\/v2\/media\/5660"}],"wp:attachment":[{"href":"https:\/\/theo.niranbio.com\/es\/wp-json\/wp\/v2\/media?parent=8294"}],"wp:term":[{"taxonomy":"product_brand","embeddable":true,"href":"https:\/\/theo.niranbio.com\/es\/wp-json\/wp\/v2\/product_brand?post=8294"},{"taxonomy":"product_cat","embeddable":true,"href":"https:\/\/theo.niranbio.com\/es\/wp-json\/wp\/v2\/product_cat?post=8294"},{"taxonomy":"product_tag","embeddable":true,"href":"https:\/\/theo.niranbio.com\/es\/wp-json\/wp\/v2\/product_tag?post=8294"}],"curies":[{"name":"wp","href":"https:\/\/api.w.org\/{rel}","templated":true}]}}