{"id":8291,"date":"2024-06-20T09:03:21","date_gmt":"2024-06-20T01:03:21","guid":{"rendered":"https:\/\/theo.niranbio.com\/acido-citrico-monohidratado\/"},"modified":"2024-08-15T13:11:36","modified_gmt":"2024-08-15T05:11:36","slug":"acido-citrico-monohidratado","status":"publish","type":"product","link":"https:\/\/theo.niranbio.com\/es\/acido-citrico-monohidratado.html","title":{"rendered":"\u00c1cido c\u00edtrico monohidratado"},"content":{"rendered":"<h2><span class=\"ez-toc-section\" id=\"%C2%BFQue_es_el_acido_citrico_monohidratado\"><\/span>\u00bfQu\u00e9 es el \u00e1cido c\u00edtrico monohidratado?<span class=\"ez-toc-section-end\"><\/span><\/h2>\n<p>El \u00e1cido c\u00edtrico monohidratado tiene el aspecto de part\u00edculas cristalinas blancas o polvo no tiene olor acre, y sabe muy agrio. Es f\u00e1cil de meteorizar en aire seco y f\u00e1cil de aglomerar en aire h\u00famedo. Cuando se trata de grumos, la bolsa se puede tirar. Por lo tanto, se puede dar la vuelta a la bolsa con regularidad durante el almacenamiento para evitar eficazmente los grumos.<\/p>\n<p>A menudo se utiliza como aditivo alimentario, como agente saborizante, agente de fermentaci\u00f3n, potenciador de la acidez y regulador de la acidez.<\/p>\n<p>Hay dos m\u00e9todos para producir \u00e1cido c\u00edtrico monohidratado. Uno consiste en utilizar ma\u00edz, mandioca y otros almidones como materias primas y producirlo por fermentaci\u00f3n microbiana, que es tambi\u00e9n el m\u00e9todo dominante para producir \u00e1cido c\u00edtrico monohidratado en el mercado; el otro consiste en extraerlo de materias primas ricas en \u00e1cido, especialmente para su utilizaci\u00f3n integral en el procesado de frutas, como el zumo salado y agrio vertido tras la producci\u00f3n de embriones de ciruela, que tiene un contenido \u00e1cido del 4-5%. El zumo salado y agrio vertido tras la producci\u00f3n de embriones de c\u00edtricos es una buena materia prima para extraer \u00e1cido c\u00edtrico.<\/p>\n<h2><span class=\"ez-toc-section\" id=\"Parametros_relacionados\"><\/span>Par\u00e1metros relacionados:<span class=\"ez-toc-section-end\"><\/span><\/h2>\n<table>\n<tbody>\n<tr>\n<td>Art\u00edculos<\/td>\n<td>Normas<\/td>\n<\/tr>\n<tr>\n<td>Ensayo<\/td>\n<td>99.5-100%-100.5%<\/td>\n<\/tr>\n<tr>\n<td>Humedad<\/td>\n<td>7.5~8%~8.8%<\/td>\n<\/tr>\n<tr>\n<td>\u00c1cido ox\u00e1lico<\/td>\n<td>100 ppm m\u00e1x.<\/td>\n<\/tr>\n<tr>\n<td>Sulfato<\/td>\n<td>150 ppm m\u00e1x.<\/td>\n<\/tr>\n<tr>\n<td>Residuos de ignici\u00f3n (cenizas sulfatadas)<\/td>\n<td>0,05% M\u00e1x.<\/td>\n<\/tr>\n<tr>\n<td>Metales pesados<\/td>\n<td>10 ppm m\u00e1x.<\/td>\n<\/tr>\n<tr>\n<td>Mercurio<\/td>\n<td>1 ppm m\u00e1x.<\/td>\n<\/tr>\n<tr>\n<td>Plomo<\/td>\n<td>0,5 ppm M\u00e1x.<\/td>\n<\/tr>\n<tr>\n<td>Ars\u00e9nico<\/td>\n<td>1 ppm m\u00e1x.<\/td>\n<\/tr>\n<tr>\n<td>Aluminio<\/td>\n<td>0,2 ppm M\u00e1x.<\/td>\n<\/tr>\n<tr>\n<td>Endotoxinas bacterianas<\/td>\n<td>0,5 UI\/mg m\u00e1x.<\/td>\n<\/tr>\n<tr>\n<td>Trilaurilamina<\/td>\n<td>0,1 ppm M\u00e1x.<\/td>\n<\/tr>\n<tr>\n<td>Calcio<\/td>\n<td>200 ppm m\u00e1x.<\/td>\n<\/tr>\n<tr>\n<td>Hierro<\/td>\n<td>50 ppm m\u00e1x.<\/td>\n<\/tr>\n<tr>\n<td>Cloruro<\/td>\n<td>50 ppm m\u00e1x.<\/td>\n<\/tr>\n<\/tbody>\n<\/table>\n<h2><span class=\"ez-toc-section\" id=\"Dosis_recomendada\"><\/span>Dosis recomendada:<span class=\"ez-toc-section-end\"><\/span><\/h2>\n<p>El \u00e1cido c\u00edtrico monohidratado puede utilizarse en la elaboraci\u00f3n de alimentos y bebidas, y tambi\u00e9n como agente limpiador. A\u00f1\u00e1delo seg\u00fan las necesidades espec\u00edficas al utilizarlo.<\/p>\n<table>\n<tbody>\n<tr>\n<td>Nombre del alimento<\/td>\n<td>Uso m\u00e1ximo(g\/kg)<\/td>\n<\/tr>\n<tr>\n<td>Bebidas carbonatadas<\/td>\n<td>0,2-0,5 g\/kg<\/td>\n<\/tr>\n<tr>\n<td>Productos amil\u00e1ceos<\/td>\n<td>0,1-0,3 g\/kg<\/td>\n<\/tr>\n<tr>\n<td>Helado<\/td>\n<td>0,2-0,3 g\/kg<\/td>\n<\/tr>\n<tr>\n<td>Condimentos<\/td>\n<td>0,2-0,5 g\/kg<\/td>\n<\/tr>\n<tr>\n<td>Pan<\/td>\n<td>0,1-0,2 g\/kg<\/td>\n<\/tr>\n<tr>\n<td>Productos l\u00e1cteos<\/td>\n<td>0,2-0,3 g\/kg<\/td>\n<\/tr>\n<tr>\n<td>Alimentos congelados r\u00e1pidamente<\/td>\n<td>0,1-0,3 g\/kg<\/td>\n<\/tr>\n<tr>\n<td>Mermelada<\/td>\n<td>0,3-0,5 g\/kg<\/td>\n<\/tr>\n<tr>\n<td>Alimentos enlatados<\/td>\n<td>0,2-0,4 g\/kg<\/td>\n<\/tr>\n<tr>\n<td>Alimentos en escabeche<\/td>\n<td>0,2-0,4 g\/kg<\/td>\n<\/tr>\n<tr>\n<td>Gel de caramelo<\/td>\n<td>0,3-0,5 g\/kg<\/td>\n<\/tr>\n<tr>\n<td>Bebidas nutritivas<\/td>\n<td>0,2-0,4 g\/kg<\/td>\n<\/tr>\n<\/tbody>\n<\/table>\n<h2><span class=\"ez-toc-section\" id=\"El_acido_citrico_monohidratado_tiene_una_amplia_gama_de_usos\"><\/span>El \u00e1cido c\u00edtrico monohidratado tiene una amplia gama de usos<span class=\"ez-toc-section-end\"><\/span><\/h2>\n<h3><span class=\"ez-toc-section\" id=\"1_Efecto_bactericida\"><\/span>1. Efecto bactericida<span class=\"ez-toc-section-end\"><\/span><\/h3>\n<p>El \u00e1cido c\u00edtrico monohidratado tiene un importante efecto bactericida. Cuando se utiliza en combinaci\u00f3n con una temperatura de 80\u00b0C, puede matar eficazmente las esporas bacterianas, lo que es particularmente eficaz para las esporas bacterianas contaminantes en la tuber\u00eda de la m\u00e1quina de hemodi\u00e1lisis. Adem\u00e1s, puede conseguir el prop\u00f3sito de antibacteriano destruyendo las membranas celulares bacterianas, interfiriendo en la s\u00edntesis de enzimas bacterianas y afectando a la replicaci\u00f3n del ADN bacteriano.<\/p>\n<h3><span class=\"ez-toc-section\" id=\"2_Promocion_del_apetito\"><\/span>2. Promoci\u00f3n del apetito<span class=\"ez-toc-section-end\"><\/span><\/h3>\n<p>El \u00e1cido c\u00edtrico monohidratado tiene el efecto de estimular el apetito. No s\u00f3lo puede utilizarse como condimento de los platos fr\u00edos cotidianos para que la comida sepa mejor y tenga un efecto apetitoso, sino tambi\u00e9n para mejorar las propiedades sensoriales de los alimentos y aumentar a\u00fan m\u00e1s el apetito.<\/p>\n<h3><span class=\"ez-toc-section\" id=\"3_Amortiguacion\"><\/span>3. Amortiguaci\u00f3n<span class=\"ez-toc-section-end\"><\/span><\/h3>\n<p>El \u00e1cido c\u00edtrico monohidratado tiene un efecto tamp\u00f3n en los piensos y produce un efecto sin\u00e9rgico con otros ingredientes de los piensos. Este efecto amortiguador se refleja principalmente en la reducci\u00f3n de la capacidad amortiguadora de la prote\u00edna y la grasa en el pienso, lo que ayuda a la absorci\u00f3n y el metabolismo de estos nutrientes. Debido a la reducci\u00f3n de la capacidad amortiguadora, tambi\u00e9n se ver\u00e1 afectada la cantidad de alimento ingerido y digerido, lo que contribuye a mejorar la tasa global de utilizaci\u00f3n del pienso por los animales.<\/p>\n<h3><span class=\"ez-toc-section\" id=\"4_Antiestres\"><\/span>4. Antiestr\u00e9s<span class=\"ez-toc-section-end\"><\/span><\/h3>\n<p>El \u00e1cido c\u00edtrico monohidratado tiene un importante efecto antiestr\u00e9s. En acuicultura, debido a diversos factores ambientales como la contaminaci\u00f3n del agua, la excesiva densidad de cr\u00eda, el bajo ox\u00edgeno disuelto, el alto contenido de nitr\u00f3geno amoniacal y nitrito, los animales acu\u00e1ticos son propensos al estr\u00e9s, lo que provoca una reducci\u00f3n del anabolismo, un aumento del catabolismo, un debilitamiento de la funci\u00f3n inmunitaria, etc. El \u00e1cido c\u00edtrico monohidratado puede aliviar eficazmente estas reacciones de estr\u00e9s, manteniendo as\u00ed la salud de los animales, mejorando su funci\u00f3n inmunitaria y ayudando a mantener las actividades metab\u00f3licas normales.<\/p>\n<h3><span class=\"ez-toc-section\" id=\"5_Desengrasante\"><\/span>5. Desengrasante<span class=\"ez-toc-section-end\"><\/span><\/h3>\n<p>El \u00e1cido c\u00edtrico monohidratado tambi\u00e9n tiene un efecto importante en el desengrasado. Especialmente en los estanques de acuicultura, las pel\u00edculas de algas y de aceite pueden desaparecer r\u00e1pidamente tras utilizar \u00e1cido c\u00edtrico. Esto se debe principalmente a que el \u00e1cido c\u00edtrico tiene una buena capacidad de limpieza y descontaminaci\u00f3n y puede descomponer y eliminar eficazmente el aceite. Por tanto, el \u00e1cido c\u00edtrico no s\u00f3lo es \u00fatil en la limpieza dom\u00e9stica, sino tambi\u00e9n en \u00e1mbitos industriales y agr\u00edcolas, como el mantenimiento de estanques de acuicultura, mostrando su potente efecto desengrasante.<\/p>\n<h3><span class=\"ez-toc-section\" id=\"6_Acidulantes\"><\/span>6. Acidulantes<span class=\"ez-toc-section-end\"><\/span><\/h3>\n<p>El \u00e1cido c\u00edtrico monohidratado es un regulador de la acidez de uso com\u00fan. En la industria alimentaria y de bebidas, se utiliza principalmente para ajustar la acidez de los productos y dar a los alimentos y bebidas un sabor y aroma espec\u00edficos. Adem\u00e1s, el monohidrato de \u00e1cido c\u00edtrico tambi\u00e9n tiene un efecto conservante y puede prolongar la vida \u00fatil de los productos. En la industria farmac\u00e9utica, tambi\u00e9n se utiliza como regulador de la acidez de los medicamentos para garantizar la mejor absorci\u00f3n y efecto de los f\u00e1rmacos en el organismo. En general, el \u00e1cido c\u00edtrico monohidratado tiene una amplia gama de aplicaciones en muchos campos, principalmente para ajustar la acidez y mejorar la calidad de los productos.<\/p>\n<h2><span class=\"ez-toc-section\" id=\"Pregunta_formulada_por_un_usuario\"><\/span>Pregunta formulada por un usuario:<span class=\"ez-toc-section-end\"><\/span><\/h2>\n<p><strong>Pregunta: \u00bfC\u00f3mo almacenar el \u00e1cido c\u00edtrico monohidrato?<\/strong><\/p>\n<p>Respuesta: Col\u00f3quelo en un lugar a prueba de luz, sellado, ventilado, seco y fresco, lo que ayudar\u00e1 a mantener la estabilidad del \u00e1cido c\u00edtrico monohidrato, evitar\u00e1 el deterioro causado por altas temperaturas o alta humedad y garantizar\u00e1 que el \u00e1cido c\u00edtrico monohidrato pueda mantener sus propiedades qu\u00edmicas y f\u00edsicas originales durante el almacenamiento.<\/p>\n<p><strong>Pregunta: \u00bfSe puede utilizar el \u00e1cido c\u00edtrico monohidrato de grado alimenticio en medicina?<\/strong><\/p>\n<p>Respuesta: El monohidrato de limonada de grado alimenticio se usa a menudo en medicina porque act\u00faa como acidificante y regulador de pH en formulaciones de medicamentos y puede controlar bien la acidez de un medicamento, como tabletas efervescentes, jarabes y otros medicamentos orales, donde la acidez juega un papel vital en la estabilidad y absorci\u00f3n.<\/p>\n<p><strong>Pregunta: Preguntas frecuentes durante el transporte<\/strong><\/p>\n<p>Respuesta: Al transportar \u00e1cido c\u00edtrico monohidrato, es com\u00fan encontrar da\u00f1os en el empaque, aglomeraci\u00f3n o solidificaci\u00f3n del producto. Esto se debe a que es f\u00e1cil de absorber la humedad, especialmente en un entorno de alta temperatura; se pueden utilizar materiales de embalaje sellados y a prueba de humedad para reducir la intrusi\u00f3n de humedad.<\/p>\n","protected":false},"excerpt":{"rendered":"<ul>\n<li>CAS: 5949-29-1<\/li>\n<li>F\u00f3rmula qu\u00edmica: C6H8O7\u00b7H20<\/li>\n<li>Certificaciones: KOSHER, ISO, HALAL, FSSC 22000, BRC, etc.<\/li>\n<li>Est\u00e1ndar: cumple con BP\/USP\/FCC<\/li>\n<li>Cantidad m\u00ednima de pedido: 1000KG<\/li>\n<li>Vida \u00fatil: 3 a\u00f1os<\/li>\n<\/ul>\n","protected":false},"featured_media":5654,"template":"","meta":{"site-sidebar-layout":"default","site-content-layout":"","ast-site-content-layout":"default","site-content-style":"default","site-sidebar-style":"default","ast-global-header-display":"","ast-banner-title-visibility":"","ast-main-header-display":"","ast-hfb-above-header-display":"","ast-hfb-below-header-display":"","ast-hfb-mobile-header-display":"","site-post-title":"","ast-breadcrumbs-content":"","ast-featured-img":"","footer-sml-layout":"","theme-transparent-header-meta":"default","adv-header-id-meta":"","stick-header-meta":"","header-above-stick-meta":"","header-main-stick-meta":"","header-below-stick-meta":"","astra-migrate-meta-layouts":"set","ast-page-background-enabled":"default","ast-page-background-meta":{"desktop":{"background-color":"var(--ast-global-color-4)","background-image":"","background-repeat":"repeat","background-position":"center center","background-size":"auto","background-attachment":"scroll","background-type":"","background-media":"","overlay-type":"","overlay-color":"","overlay-opacity":"","overlay-gradient":""},"tablet":{"background-color":"","background-image":"","background-repeat":"repeat","background-position":"center center","background-size":"auto","background-attachment":"scroll","background-type":"","background-media":"","overlay-type":"","overlay-color":"","overlay-opacity":"","overlay-gradient":""},"mobile":{"background-color":"","background-image":"","background-repeat":"repeat","background-position":"center center","background-size":"auto","background-attachment":"scroll","background-type":"","background-media":"","overlay-type":"","overlay-color":"","overlay-opacity":"","overlay-gradient":""}},"ast-content-background-meta":{"desktop":{"background-color":"var(--ast-global-color-5)","background-image":"","background-repeat":"repeat","background-position":"center center","background-size":"auto","background-attachment":"scroll","background-type":"","background-media":"","overlay-type":"","overlay-color":"","overlay-opacity":"","overlay-gradient":""},"tablet":{"background-color":"var(--ast-global-color-5)","background-image":"","background-repeat":"repeat","background-position":"center center","background-size":"auto","background-attachment":"scroll","background-type":"","background-media":"","overlay-type":"","overlay-color":"","overlay-opacity":"","overlay-gradient":""},"mobile":{"background-color":"var(--ast-global-color-5)","background-image":"","background-repeat":"repeat","background-position":"center center","background-size":"auto","background-attachment":"scroll","background-type":"","background-media":"","overlay-type":"","overlay-color":"","overlay-opacity":"","overlay-gradient":""}}},"product_brand":[],"product_cat":[75],"product_tag":[],"class_list":{"0":"post-8291","1":"product","2":"type-product","3":"status-publish","4":"has-post-thumbnail","6":"product_cat-producto-acidulante","7":"desktop-align-center","8":"tablet-align-left","9":"mobile-align-left","11":"first","12":"instock","13":"shipping-taxable","14":"product-type-simple"},"yoast_head":"<!-- This site is optimized with the Yoast SEO plugin v26.5 - https:\/\/yoast.com\/wordpress\/plugins\/seo\/ -->\n<title>\u00c1cido C\u00edtrico Monohidratado, Regulador de Acidez E330 | Niranbio Chemical<\/title>\n<meta name=\"description\" content=\"Nuestro polvo de \u00e1cido c\u00edtrico monohidratado es un aditivo alimentario vers\u00e1til y est\u00e1 disponible en tama\u00f1os de malla regulares de 8-40 u 8-80, o personalizados.\" \/>\n<meta name=\"robots\" content=\"noindex, follow, max-snippet:-1, max-image-preview:large, max-video-preview:-1\" \/>\n<meta name=\"twitter:label1\" content=\"Tiempo de lectura\" \/>\n\t<meta name=\"twitter:data1\" content=\"5 minutos\" \/>\n<script type=\"application\/ld+json\" class=\"yoast-schema-graph\">{\"@context\":\"https:\/\/schema.org\",\"@graph\":[{\"@type\":\"WebPage\",\"@id\":\"https:\/\/theo.niranbio.com\/es\/acido-citrico-monohidratado.html\",\"url\":\"https:\/\/theo.niranbio.com\/es\/acido-citrico-monohidratado.html\",\"name\":\"\u00c1cido C\u00edtrico Monohidratado, Regulador de Acidez E330 | Niranbio Chemical\",\"isPartOf\":{\"@id\":\"https:\/\/theo.niranbio.com\/es\/#website\"},\"primaryImageOfPage\":{\"@id\":\"https:\/\/theo.niranbio.com\/es\/acido-citrico-monohidratado.html#primaryimage\"},\"image\":{\"@id\":\"https:\/\/theo.niranbio.com\/es\/acido-citrico-monohidratado.html#primaryimage\"},\"thumbnailUrl\":\"https:\/\/theo.niranbio.com\/wp-content\/uploads\/2024\/06\/Citric-Acid-Monohydrate.webp\",\"datePublished\":\"2024-06-20T01:03:21+00:00\",\"dateModified\":\"2024-08-15T05:11:36+00:00\",\"description\":\"Nuestro polvo de \u00e1cido c\u00edtrico monohidratado es un aditivo alimentario vers\u00e1til y est\u00e1 disponible en tama\u00f1os de malla regulares de 8-40 u 8-80, o personalizados.\",\"breadcrumb\":{\"@id\":\"https:\/\/theo.niranbio.com\/es\/acido-citrico-monohidratado.html#breadcrumb\"},\"inLanguage\":\"es\",\"potentialAction\":[{\"@type\":\"ReadAction\",\"target\":[\"https:\/\/theo.niranbio.com\/es\/acido-citrico-monohidratado.html\"]}]},{\"@type\":\"ImageObject\",\"inLanguage\":\"es\",\"@id\":\"https:\/\/theo.niranbio.com\/es\/acido-citrico-monohidratado.html#primaryimage\",\"url\":\"https:\/\/theo.niranbio.com\/wp-content\/uploads\/2024\/06\/Citric-Acid-Monohydrate.webp\",\"contentUrl\":\"https:\/\/theo.niranbio.com\/wp-content\/uploads\/2024\/06\/Citric-Acid-Monohydrate.webp\",\"width\":600,\"height\":600,\"caption\":\"\u00c1cido c\u00edtrico monohidrato\"},{\"@type\":\"BreadcrumbList\",\"@id\":\"https:\/\/theo.niranbio.com\/es\/acido-citrico-monohidratado.html#breadcrumb\",\"itemListElement\":[{\"@type\":\"ListItem\",\"position\":1,\"name\":\"Home\",\"item\":\"https:\/\/theo.niranbio.com\/es\/\"},{\"@type\":\"ListItem\",\"position\":2,\"name\":\"Productos\",\"item\":\"https:\/\/theo.niranbio.com\/es\/productos.html\"},{\"@type\":\"ListItem\",\"position\":3,\"name\":\"Acidulante\",\"item\":\"https:\/\/theo.niranbio.com\/es\/producto-acidulante\/\"},{\"@type\":\"ListItem\",\"position\":4,\"name\":\"\u00c1cido c\u00edtrico monohidratado\"}]},{\"@type\":\"WebSite\",\"@id\":\"https:\/\/theo.niranbio.com\/es\/#website\",\"url\":\"https:\/\/theo.niranbio.com\/es\/\",\"name\":\"Niranbio Chemical\",\"description\":\"\",\"publisher\":{\"@id\":\"https:\/\/theo.niranbio.com\/es\/#organization\"},\"potentialAction\":[{\"@type\":\"SearchAction\",\"target\":{\"@type\":\"EntryPoint\",\"urlTemplate\":\"https:\/\/theo.niranbio.com\/es\/?s={search_term_string}\"},\"query-input\":{\"@type\":\"PropertyValueSpecification\",\"valueRequired\":true,\"valueName\":\"search_term_string\"}}],\"inLanguage\":\"es\"},{\"@type\":\"Organization\",\"@id\":\"https:\/\/theo.niranbio.com\/es\/#organization\",\"name\":\"Niranbio Chemical\",\"url\":\"https:\/\/theo.niranbio.com\/es\/\",\"logo\":{\"@type\":\"ImageObject\",\"inLanguage\":\"es\",\"@id\":\"https:\/\/theo.niranbio.com\/es\/#\/schema\/logo\/image\/\",\"url\":\"https:\/\/theo.niranbio.com\/wp-content\/uploads\/2024\/06\/Niranbio.png\",\"contentUrl\":\"https:\/\/theo.niranbio.com\/wp-content\/uploads\/2024\/06\/Niranbio.png\",\"width\":270,\"height\":100,\"caption\":\"Niranbio Chemical\"},\"image\":{\"@id\":\"https:\/\/theo.niranbio.com\/es\/#\/schema\/logo\/image\/\"}}]}<\/script>\n<!-- \/ Yoast SEO plugin. -->","yoast_head_json":{"title":"\u00c1cido C\u00edtrico Monohidratado, Regulador de Acidez E330 | Niranbio Chemical","description":"Nuestro polvo de \u00e1cido c\u00edtrico monohidratado es un aditivo alimentario vers\u00e1til y est\u00e1 disponible en tama\u00f1os de malla regulares de 8-40 u 8-80, o personalizados.","robots":{"index":"noindex","follow":"follow","max-snippet":"max-snippet:-1","max-image-preview":"max-image-preview:large","max-video-preview":"max-video-preview:-1"},"twitter_misc":{"Tiempo de lectura":"5 minutos"},"schema":{"@context":"https:\/\/schema.org","@graph":[{"@type":"WebPage","@id":"https:\/\/theo.niranbio.com\/es\/acido-citrico-monohidratado.html","url":"https:\/\/theo.niranbio.com\/es\/acido-citrico-monohidratado.html","name":"\u00c1cido C\u00edtrico Monohidratado, Regulador de Acidez E330 | Niranbio Chemical","isPartOf":{"@id":"https:\/\/theo.niranbio.com\/es\/#website"},"primaryImageOfPage":{"@id":"https:\/\/theo.niranbio.com\/es\/acido-citrico-monohidratado.html#primaryimage"},"image":{"@id":"https:\/\/theo.niranbio.com\/es\/acido-citrico-monohidratado.html#primaryimage"},"thumbnailUrl":"https:\/\/theo.niranbio.com\/wp-content\/uploads\/2024\/06\/Citric-Acid-Monohydrate.webp","datePublished":"2024-06-20T01:03:21+00:00","dateModified":"2024-08-15T05:11:36+00:00","description":"Nuestro polvo de \u00e1cido c\u00edtrico monohidratado es un aditivo alimentario vers\u00e1til y est\u00e1 disponible en tama\u00f1os de malla regulares de 8-40 u 8-80, o personalizados.","breadcrumb":{"@id":"https:\/\/theo.niranbio.com\/es\/acido-citrico-monohidratado.html#breadcrumb"},"inLanguage":"es","potentialAction":[{"@type":"ReadAction","target":["https:\/\/theo.niranbio.com\/es\/acido-citrico-monohidratado.html"]}]},{"@type":"ImageObject","inLanguage":"es","@id":"https:\/\/theo.niranbio.com\/es\/acido-citrico-monohidratado.html#primaryimage","url":"https:\/\/theo.niranbio.com\/wp-content\/uploads\/2024\/06\/Citric-Acid-Monohydrate.webp","contentUrl":"https:\/\/theo.niranbio.com\/wp-content\/uploads\/2024\/06\/Citric-Acid-Monohydrate.webp","width":600,"height":600,"caption":"\u00c1cido c\u00edtrico monohidrato"},{"@type":"BreadcrumbList","@id":"https:\/\/theo.niranbio.com\/es\/acido-citrico-monohidratado.html#breadcrumb","itemListElement":[{"@type":"ListItem","position":1,"name":"Home","item":"https:\/\/theo.niranbio.com\/es\/"},{"@type":"ListItem","position":2,"name":"Productos","item":"https:\/\/theo.niranbio.com\/es\/productos.html"},{"@type":"ListItem","position":3,"name":"Acidulante","item":"https:\/\/theo.niranbio.com\/es\/producto-acidulante\/"},{"@type":"ListItem","position":4,"name":"\u00c1cido c\u00edtrico monohidratado"}]},{"@type":"WebSite","@id":"https:\/\/theo.niranbio.com\/es\/#website","url":"https:\/\/theo.niranbio.com\/es\/","name":"Niranbio Chemical","description":"","publisher":{"@id":"https:\/\/theo.niranbio.com\/es\/#organization"},"potentialAction":[{"@type":"SearchAction","target":{"@type":"EntryPoint","urlTemplate":"https:\/\/theo.niranbio.com\/es\/?s={search_term_string}"},"query-input":{"@type":"PropertyValueSpecification","valueRequired":true,"valueName":"search_term_string"}}],"inLanguage":"es"},{"@type":"Organization","@id":"https:\/\/theo.niranbio.com\/es\/#organization","name":"Niranbio Chemical","url":"https:\/\/theo.niranbio.com\/es\/","logo":{"@type":"ImageObject","inLanguage":"es","@id":"https:\/\/theo.niranbio.com\/es\/#\/schema\/logo\/image\/","url":"https:\/\/theo.niranbio.com\/wp-content\/uploads\/2024\/06\/Niranbio.png","contentUrl":"https:\/\/theo.niranbio.com\/wp-content\/uploads\/2024\/06\/Niranbio.png","width":270,"height":100,"caption":"Niranbio Chemical"},"image":{"@id":"https:\/\/theo.niranbio.com\/es\/#\/schema\/logo\/image\/"}}]}},"_links":{"self":[{"href":"https:\/\/theo.niranbio.com\/es\/wp-json\/wp\/v2\/product\/8291","targetHints":{"allow":["GET"]}}],"collection":[{"href":"https:\/\/theo.niranbio.com\/es\/wp-json\/wp\/v2\/product"}],"about":[{"href":"https:\/\/theo.niranbio.com\/es\/wp-json\/wp\/v2\/types\/product"}],"version-history":[{"count":0,"href":"https:\/\/theo.niranbio.com\/es\/wp-json\/wp\/v2\/product\/8291\/revisions"}],"wp:featuredmedia":[{"embeddable":true,"href":"https:\/\/theo.niranbio.com\/es\/wp-json\/wp\/v2\/media\/5654"}],"wp:attachment":[{"href":"https:\/\/theo.niranbio.com\/es\/wp-json\/wp\/v2\/media?parent=8291"}],"wp:term":[{"taxonomy":"product_brand","embeddable":true,"href":"https:\/\/theo.niranbio.com\/es\/wp-json\/wp\/v2\/product_brand?post=8291"},{"taxonomy":"product_cat","embeddable":true,"href":"https:\/\/theo.niranbio.com\/es\/wp-json\/wp\/v2\/product_cat?post=8291"},{"taxonomy":"product_tag","embeddable":true,"href":"https:\/\/theo.niranbio.com\/es\/wp-json\/wp\/v2\/product_tag?post=8291"}],"curies":[{"name":"wp","href":"https:\/\/api.w.org\/{rel}","templated":true}]}}