{"id":8288,"date":"2024-06-20T09:49:07","date_gmt":"2024-06-20T01:49:07","guid":{"rendered":"https:\/\/theo.niranbio.com\/acido-l-lactico\/"},"modified":"2024-08-15T13:08:10","modified_gmt":"2024-08-15T05:08:10","slug":"acido-l-lactico","status":"publish","type":"product","link":"https:\/\/theo.niranbio.com\/es\/acido-l-lactico.html","title":{"rendered":"\u00c1cido L-L\u00e1ctico"},"content":{"rendered":"<h2><span class=\"ez-toc-section\" id=\"%C2%BFQue_es_el_acido_L-Lactico\"><\/span>\u00bfQu\u00e9 es el \u00e1cido L-L\u00e1ctico?<span class=\"ez-toc-section-end\"><\/span><\/h2>\n<p>El \u00e1cido L-L\u00e1ctico es un is\u00f3mero \u00f3pticamente activo del \u00e1cido l\u00e1ctico. Es un \u00e1cido org\u00e1nico refinado mediante fermentaci\u00f3n biol\u00f3gica utilizando almid\u00f3n de ma\u00edz como materia prima. Su aspecto es de l\u00edquido incoloro, transparente y viscoso.<\/p>\n<p>Con excelente biocompatibilidad debido a su quiralidad, es compatible con los mam\u00edferos, participando directamente en el metabolismo humano sin efectos secundarios. Ampliamente aplicado en alimentaci\u00f3n, medicina y otros campos, el \u00e1cido L-l\u00e1ctico puede producirse mediante s\u00edntesis qu\u00edmica o fermentaci\u00f3n.<\/p>\n<p>El m\u00e9todo de s\u00edntesis qu\u00edmica utiliza generalmente el etileno como materia prima y realiza reacciones de esterificaci\u00f3n e hidr\u00f3lisis en presencia de un catalizador; el m\u00e9todo de fermentaci\u00f3n utiliza determinadas bacterias u hongos, como las bacterias del \u00e1cido L-l\u00e1ctico o las giberelinas, para convertir el almid\u00f3n o el az\u00facar en \u00e1cido L-l\u00e1ctico.<\/p>\n<h2><span class=\"ez-toc-section\" id=\"Parametros_relacionados\"><\/span>Par\u00e1metros relacionados:<span class=\"ez-toc-section-end\"><\/span><\/h2>\n<table>\n<tbody>\n<tr>\n<td>ESPECIFICACIONES SENSORIALESE<\/td>\n<td>ST\u00c1NDARES<\/td>\n<\/tr>\n<tr>\n<td>Color<\/td>\n<td>L\u00edquido incoloro o amarillo claro<\/td>\n<\/tr>\n<tr>\n<td>Aspecto<\/td>\n<td>L\u00edquido transparente<\/td>\n<\/tr>\n<tr>\n<td>Olor<\/td>\n<td>No tiene un olor excepcional o tiene un olor especial a \u00c1cido L-L\u00e1ctico<\/td>\n<\/tr>\n<tr>\n<td>Croma (fresco) Hazen<\/td>\n<td>M\u00e1x.<br \/>\n50<\/td>\n<\/tr>\n<tr>\n<td>Croma (tras calentar 200\u2103, 2h) Hazen<\/td>\n<td>M\u00e1x.<br \/>\n80<\/td>\n<\/tr>\n<tr>\n<td colspan=\"2\">ESPECIFICACIONES FISICOQU\u00cdMICAS<\/td>\n<\/tr>\n<tr>\n<td>Prueba de identificaci\u00f3n<\/td>\n<td>Prueba superada<\/td>\n<\/tr>\n<tr>\n<td>Contenido en \u00e1cido l\u00e1ctico % p\/p<\/td>\n<td>\u226590<\/td>\n<\/tr>\n<tr>\n<td>Contenido de \u00e1cido L-l\u00e1ctico (en el \u00e1cido l\u00e1ctico total) % L (+)<\/td>\n<td>M\u00edn. 97.5<\/td>\n<\/tr>\n<tr>\n<td>Residuo de ignici\u00f3n % p\/p<\/td>\n<td>M\u00e1x.<br \/>\n0.1<\/td>\n<\/tr>\n<tr>\n<td>Cloruro ppm<\/td>\n<td>M\u00e1x.<br \/>\n20<\/td>\n<\/tr>\n<tr>\n<td>Sulfato ppm<\/td>\n<td>M\u00e1x.<br \/>\n50<\/td>\n<\/tr>\n<tr>\n<td>Ppm de hierro<\/td>\n<td>M\u00e1x.10<\/td>\n<\/tr>\n<tr>\n<td>Reducir el az\u00facar<\/td>\n<td>Prueba superada<\/td>\n<\/tr>\n<tr>\n<td>\u00c1cido c\u00edtrico, \u00c1cido ox\u00e1lico, \u00c1cido tart\u00e1rico, \u00c1cido fosf\u00f3rico<\/td>\n<td>PassTest<\/td>\n<\/tr>\n<tr>\n<td>Compuesto carb\u00f3nico<\/td>\n<td>Prueba superada<\/td>\n<\/tr>\n<tr>\n<td>Cianuro mg\/kg<\/td>\n<td>M\u00e1x. 1<\/td>\n<\/tr>\n<tr>\n<td>Pb mg\/kg<\/td>\n<td>M\u00e1x.<br \/>\n2.0<\/td>\n<\/tr>\n<tr>\n<td>Como mg\/kg<\/td>\n<td>M\u00e1x.<br \/>\n1.0<\/td>\n<\/tr>\n<tr>\n<td>CONCLUSI\u00d3N:<\/td>\n<td>EL PRODUCTO CUMPLE LAS NORMAS DE ESPECIFICACI\u00d3N<\/td>\n<\/tr>\n<\/tbody>\n<\/table>\n<h2><span class=\"ez-toc-section\" id=\"Dosis_recomendada\"><\/span>Dosis recomendada<span class=\"ez-toc-section-end\"><\/span><\/h2>\n<table>\n<tbody>\n<tr>\n<td>Nombre del alimento<\/td>\n<td>Uso m\u00e1ximo(g\/kg)<\/td>\n<\/tr>\n<tr>\n<td>Zumos de fruta<\/td>\n<td>0,1 &#8211; 0,3 g\/kg<\/td>\n<\/tr>\n<tr>\n<td>Refrescos<\/td>\n<td>0,1 &#8211; 0,3 g\/kg<\/td>\n<\/tr>\n<tr>\n<td>Pasteles y boller\u00eda<\/td>\n<td>0,1 &#8211; 0,3 g\/kg<\/td>\n<\/tr>\n<tr>\n<td>Galletas y bizcochos<\/td>\n<td>0,1 &#8211; 0,3 g\/kg<\/td>\n<\/tr>\n<tr>\n<td>Yogur<\/td>\n<td>0,2 &#8211; 0,4 g\/kg<\/td>\n<\/tr>\n<tr>\n<td>Queso<\/td>\n<td>0,1 &#8211; 0,3 g\/kg<\/td>\n<\/tr>\n<tr>\n<td>Embutidos<\/td>\n<td>0,1 &#8211; 0,3 g\/kg<\/td>\n<\/tr>\n<tr>\n<td>Ali\u00f1os para ensaladas<\/td>\n<td>0,1 &#8211; 0,3 g\/kg<\/td>\n<\/tr>\n<tr>\n<td>Verduras<\/td>\n<td>0,1 &#8211; 0,3 g\/kg<\/td>\n<\/tr>\n<tr>\n<td>Frutas<\/td>\n<td>0,1 &#8211; 0,3 g\/kg<\/td>\n<\/tr>\n<\/tbody>\n<\/table>\n<h2><span class=\"ez-toc-section\" id=\"El_acido_L-lactico_tiene_una_amplia_gama_de_usos\"><\/span>El \u00e1cido L-l\u00e1ctico tiene una amplia gama de usos<span class=\"ez-toc-section-end\"><\/span><\/h2>\n<ol>\n<li>El \u00e1cido L-l\u00e1ctico se utiliza principalmente como potenciador de la acidez en los alimentos, proporcionando acidez y ajustando el equilibrio \u00e1cido-base de los alimentos.<br \/>\nSe utiliza a menudo en bebidas, caramelos, condimentos y productos horneados para potenciar la estratificaci\u00f3n del sabor.<\/li>\n<li>El \u00e1cido L-l\u00e1ctico tiene propiedades antibacterianas naturales, que pueden inhibir el crecimiento de ciertas bacterias, prolongando as\u00ed la vida \u00fatil de los alimentos.<br \/>\nSe utiliza mucho en alimentos enlatados, encurtidos y cocinados para evitar el deterioro de los alimentos.<\/li>\n<li>Como regulador del pH, el \u00e1cido L-l\u00e1ctico puede controlar el pH de los alimentos para cumplir los requisitos de procesamiento y almacenamiento.<br \/>\nSe utiliza en yogures, productos l\u00e1cteos, condimentos, etc. para ayudar a mantener la estabilidad y calidad del producto.<\/li>\n<li>El \u00e1cido L-l\u00e1ctico puede afectar a la textura y el sabor de los alimentos, proporcionar la acidez adecuada, hacer que el sabor de los alimentos sea m\u00e1s delicado, y se utiliza en productos horneados, productos l\u00e1cteos y gelatinas para mejorar el sabor y la estructura de los alimentos.<\/li>\n<li>El \u00e1cido L-l\u00e1ctico se utiliza como ingrediente hidratante y exfoliante en productos para el cuidado de la piel para ayudar a mejorar la textura y el brillo de la piel, y en productos para el cuidado de la piel y cosm\u00e9ticos como cremas exfoliantes, m\u00e1scaras faciales y lociones hidratantes para mejorar la salud y el aspecto de la piel.<\/li>\n<\/ol>\n<h2><span class=\"ez-toc-section\" id=\"Pregunta_formulada_por_un_usuario\"><\/span>Pregunta formulada por un usuario:<span class=\"ez-toc-section-end\"><\/span><\/h2>\n<p><strong>Pregunta: \u00bfA qu\u00e9 se debe prestar atenci\u00f3n al transportar o envasar el \u00e1cido L-l\u00e1ctico?<\/strong><\/p>\n<p>Respuesta: El \u00e1cido L-l\u00e1ctico para uso comestible se envasa en barriles de pl\u00e1stico destinados a reactivos farmac\u00e9uticos, se sella y se almacena de acuerdo con las regulaciones qu\u00edmicas est\u00e1ndar.<\/p>\n<p><strong>Pregunta: \u00bfEl \u00e1cido L-l\u00e1ctico realmente puede aclarar las manchas oscuras?<\/strong><\/p>\n<p>Respuesta: El \u00e1cido L-l\u00e1ctico es un \u00e1cido org\u00e1nico soluble en agua que tiene m\u00faltiples funciones, como humectaci\u00f3n, antioxidaci\u00f3n y exfoliaci\u00f3n. Tambi\u00e9n inhibe la formaci\u00f3n de melanina, reduce las manchas y el cloasma y exhibe un efecto blanqueador.<\/p>\n","protected":false},"excerpt":{"rendered":"<ul>\n<li>CAS: 79-33-4<\/li>\n<li>F\u00f3rmula qu\u00edmica: C<sub>3<\/sub>H<sub>6<\/sub>O<sub>3<\/sub><\/li>\n<li>Certificaciones: KOSHER, ISO, HALAL, FSSC 22000, BRC, etc.<\/li>\n<li>Cantidad m\u00ednima de pedido: 5 MT<\/li>\n<li>Caducidad: 2 a\u00f1os<\/li>\n<\/ul>\n","protected":false},"featured_media":5852,"template":"","meta":{"site-sidebar-layout":"default","site-content-layout":"","ast-site-content-layout":"default","site-content-style":"default","site-sidebar-style":"default","ast-global-header-display":"","ast-banner-title-visibility":"","ast-main-header-display":"","ast-hfb-above-header-display":"","ast-hfb-below-header-display":"","ast-hfb-mobile-header-display":"","site-post-title":"","ast-breadcrumbs-content":"","ast-featured-img":"","footer-sml-layout":"","theme-transparent-header-meta":"default","adv-header-id-meta":"","stick-header-meta":"","header-above-stick-meta":"","header-main-stick-meta":"","header-below-stick-meta":"","astra-migrate-meta-layouts":"set","ast-page-background-enabled":"default","ast-page-background-meta":{"desktop":{"background-color":"var(--ast-global-color-4)","background-image":"","background-repeat":"repeat","background-position":"center center","background-size":"auto","background-attachment":"scroll","background-type":"","background-media":"","overlay-type":"","overlay-color":"","overlay-opacity":"","overlay-gradient":""},"tablet":{"background-color":"","background-image":"","background-repeat":"repeat","background-position":"center center","background-size":"auto","background-attachment":"scroll","background-type":"","background-media":"","overlay-type":"","overlay-color":"","overlay-opacity":"","overlay-gradient":""},"mobile":{"background-color":"","background-image":"","background-repeat":"repeat","background-position":"center center","background-size":"auto","background-attachment":"scroll","background-type":"","background-media":"","overlay-type":"","overlay-color":"","overlay-opacity":"","overlay-gradient":""}},"ast-content-background-meta":{"desktop":{"background-color":"var(--ast-global-color-5)","background-image":"","background-repeat":"repeat","background-position":"center center","background-size":"auto","background-attachment":"scroll","background-type":"","background-media":"","overlay-type":"","overlay-color":"","overlay-opacity":"","overlay-gradient":""},"tablet":{"background-color":"var(--ast-global-color-5)","background-image":"","background-repeat":"repeat","background-position":"center center","background-size":"auto","background-attachment":"scroll","background-type":"","background-media":"","overlay-type":"","overlay-color":"","overlay-opacity":"","overlay-gradient":""},"mobile":{"background-color":"var(--ast-global-color-5)","background-image":"","background-repeat":"repeat","background-position":"center center","background-size":"auto","background-attachment":"scroll","background-type":"","background-media":"","overlay-type":"","overlay-color":"","overlay-opacity":"","overlay-gradient":""}}},"product_brand":[],"product_cat":[75],"product_tag":[],"class_list":{"0":"post-8288","1":"product","2":"type-product","3":"status-publish","4":"has-post-thumbnail","6":"product_cat-producto-acidulante","7":"desktop-align-center","8":"tablet-align-left","9":"mobile-align-left","11":"first","12":"instock","13":"shipping-taxable","14":"product-type-simple"},"yoast_head":"<!-- This site is optimized with the Yoast SEO plugin v26.5 - https:\/\/yoast.com\/wordpress\/plugins\/seo\/ -->\n<title>\u00c1cido L-L\u00e1ctico L\u00edquido, Regulador de Acidez E270 | Niranbio Chemical<\/title>\n<meta name=\"description\" content=\"Nuestro \u00e1cido L-l\u00e1ctico es un l\u00edquido incoloro o amarillo claro, transparente, sin olor excepcional, con un croma de m\u00e1x. 50 Hazen fresco y 80 Hazen calentado.\" \/>\n<meta name=\"robots\" content=\"noindex, follow, max-snippet:-1, max-image-preview:large, max-video-preview:-1\" \/>\n<meta name=\"twitter:label1\" content=\"Tiempo de lectura\" \/>\n\t<meta name=\"twitter:data1\" content=\"4 minutos\" \/>\n<script type=\"application\/ld+json\" class=\"yoast-schema-graph\">{\"@context\":\"https:\/\/schema.org\",\"@graph\":[{\"@type\":\"WebPage\",\"@id\":\"https:\/\/theo.niranbio.com\/es\/acido-l-lactico.html\",\"url\":\"https:\/\/theo.niranbio.com\/es\/acido-l-lactico.html\",\"name\":\"\u00c1cido L-L\u00e1ctico L\u00edquido, Regulador de Acidez E270 | Niranbio Chemical\",\"isPartOf\":{\"@id\":\"https:\/\/theo.niranbio.com\/es\/#website\"},\"primaryImageOfPage\":{\"@id\":\"https:\/\/theo.niranbio.com\/es\/acido-l-lactico.html#primaryimage\"},\"image\":{\"@id\":\"https:\/\/theo.niranbio.com\/es\/acido-l-lactico.html#primaryimage\"},\"thumbnailUrl\":\"https:\/\/theo.niranbio.com\/wp-content\/uploads\/2024\/06\/Lactic-Acid.webp\",\"datePublished\":\"2024-06-20T01:49:07+00:00\",\"dateModified\":\"2024-08-15T05:08:10+00:00\",\"description\":\"Nuestro \u00e1cido L-l\u00e1ctico es un l\u00edquido incoloro o amarillo claro, transparente, sin olor excepcional, con un croma de m\u00e1x. 50 Hazen fresco y 80 Hazen calentado.\",\"breadcrumb\":{\"@id\":\"https:\/\/theo.niranbio.com\/es\/acido-l-lactico.html#breadcrumb\"},\"inLanguage\":\"es\",\"potentialAction\":[{\"@type\":\"ReadAction\",\"target\":[\"https:\/\/theo.niranbio.com\/es\/acido-l-lactico.html\"]}]},{\"@type\":\"ImageObject\",\"inLanguage\":\"es\",\"@id\":\"https:\/\/theo.niranbio.com\/es\/acido-l-lactico.html#primaryimage\",\"url\":\"https:\/\/theo.niranbio.com\/wp-content\/uploads\/2024\/06\/Lactic-Acid.webp\",\"contentUrl\":\"https:\/\/theo.niranbio.com\/wp-content\/uploads\/2024\/06\/Lactic-Acid.webp\",\"width\":600,\"height\":600,\"caption\":\"\u00c1cido l\u00e1ctico\"},{\"@type\":\"BreadcrumbList\",\"@id\":\"https:\/\/theo.niranbio.com\/es\/acido-l-lactico.html#breadcrumb\",\"itemListElement\":[{\"@type\":\"ListItem\",\"position\":1,\"name\":\"Home\",\"item\":\"https:\/\/theo.niranbio.com\/es\/\"},{\"@type\":\"ListItem\",\"position\":2,\"name\":\"Productos\",\"item\":\"https:\/\/theo.niranbio.com\/es\/productos.html\"},{\"@type\":\"ListItem\",\"position\":3,\"name\":\"Acidulante\",\"item\":\"https:\/\/theo.niranbio.com\/es\/producto-acidulante\/\"},{\"@type\":\"ListItem\",\"position\":4,\"name\":\"\u00c1cido L-L\u00e1ctico\"}]},{\"@type\":\"WebSite\",\"@id\":\"https:\/\/theo.niranbio.com\/es\/#website\",\"url\":\"https:\/\/theo.niranbio.com\/es\/\",\"name\":\"Niranbio Chemical\",\"description\":\"\",\"publisher\":{\"@id\":\"https:\/\/theo.niranbio.com\/es\/#organization\"},\"potentialAction\":[{\"@type\":\"SearchAction\",\"target\":{\"@type\":\"EntryPoint\",\"urlTemplate\":\"https:\/\/theo.niranbio.com\/es\/?s={search_term_string}\"},\"query-input\":{\"@type\":\"PropertyValueSpecification\",\"valueRequired\":true,\"valueName\":\"search_term_string\"}}],\"inLanguage\":\"es\"},{\"@type\":\"Organization\",\"@id\":\"https:\/\/theo.niranbio.com\/es\/#organization\",\"name\":\"Niranbio Chemical\",\"url\":\"https:\/\/theo.niranbio.com\/es\/\",\"logo\":{\"@type\":\"ImageObject\",\"inLanguage\":\"es\",\"@id\":\"https:\/\/theo.niranbio.com\/es\/#\/schema\/logo\/image\/\",\"url\":\"https:\/\/theo.niranbio.com\/wp-content\/uploads\/2024\/06\/Niranbio.png\",\"contentUrl\":\"https:\/\/theo.niranbio.com\/wp-content\/uploads\/2024\/06\/Niranbio.png\",\"width\":270,\"height\":100,\"caption\":\"Niranbio Chemical\"},\"image\":{\"@id\":\"https:\/\/theo.niranbio.com\/es\/#\/schema\/logo\/image\/\"}}]}<\/script>\n<!-- \/ Yoast SEO plugin. -->","yoast_head_json":{"title":"\u00c1cido L-L\u00e1ctico L\u00edquido, Regulador de Acidez E270 | Niranbio Chemical","description":"Nuestro \u00e1cido L-l\u00e1ctico es un l\u00edquido incoloro o amarillo claro, transparente, sin olor excepcional, con un croma de m\u00e1x. 50 Hazen fresco y 80 Hazen calentado.","robots":{"index":"noindex","follow":"follow","max-snippet":"max-snippet:-1","max-image-preview":"max-image-preview:large","max-video-preview":"max-video-preview:-1"},"twitter_misc":{"Tiempo de lectura":"4 minutos"},"schema":{"@context":"https:\/\/schema.org","@graph":[{"@type":"WebPage","@id":"https:\/\/theo.niranbio.com\/es\/acido-l-lactico.html","url":"https:\/\/theo.niranbio.com\/es\/acido-l-lactico.html","name":"\u00c1cido L-L\u00e1ctico L\u00edquido, Regulador de Acidez E270 | Niranbio Chemical","isPartOf":{"@id":"https:\/\/theo.niranbio.com\/es\/#website"},"primaryImageOfPage":{"@id":"https:\/\/theo.niranbio.com\/es\/acido-l-lactico.html#primaryimage"},"image":{"@id":"https:\/\/theo.niranbio.com\/es\/acido-l-lactico.html#primaryimage"},"thumbnailUrl":"https:\/\/theo.niranbio.com\/wp-content\/uploads\/2024\/06\/Lactic-Acid.webp","datePublished":"2024-06-20T01:49:07+00:00","dateModified":"2024-08-15T05:08:10+00:00","description":"Nuestro \u00e1cido L-l\u00e1ctico es un l\u00edquido incoloro o amarillo claro, transparente, sin olor excepcional, con un croma de m\u00e1x. 50 Hazen fresco y 80 Hazen calentado.","breadcrumb":{"@id":"https:\/\/theo.niranbio.com\/es\/acido-l-lactico.html#breadcrumb"},"inLanguage":"es","potentialAction":[{"@type":"ReadAction","target":["https:\/\/theo.niranbio.com\/es\/acido-l-lactico.html"]}]},{"@type":"ImageObject","inLanguage":"es","@id":"https:\/\/theo.niranbio.com\/es\/acido-l-lactico.html#primaryimage","url":"https:\/\/theo.niranbio.com\/wp-content\/uploads\/2024\/06\/Lactic-Acid.webp","contentUrl":"https:\/\/theo.niranbio.com\/wp-content\/uploads\/2024\/06\/Lactic-Acid.webp","width":600,"height":600,"caption":"\u00c1cido l\u00e1ctico"},{"@type":"BreadcrumbList","@id":"https:\/\/theo.niranbio.com\/es\/acido-l-lactico.html#breadcrumb","itemListElement":[{"@type":"ListItem","position":1,"name":"Home","item":"https:\/\/theo.niranbio.com\/es\/"},{"@type":"ListItem","position":2,"name":"Productos","item":"https:\/\/theo.niranbio.com\/es\/productos.html"},{"@type":"ListItem","position":3,"name":"Acidulante","item":"https:\/\/theo.niranbio.com\/es\/producto-acidulante\/"},{"@type":"ListItem","position":4,"name":"\u00c1cido L-L\u00e1ctico"}]},{"@type":"WebSite","@id":"https:\/\/theo.niranbio.com\/es\/#website","url":"https:\/\/theo.niranbio.com\/es\/","name":"Niranbio Chemical","description":"","publisher":{"@id":"https:\/\/theo.niranbio.com\/es\/#organization"},"potentialAction":[{"@type":"SearchAction","target":{"@type":"EntryPoint","urlTemplate":"https:\/\/theo.niranbio.com\/es\/?s={search_term_string}"},"query-input":{"@type":"PropertyValueSpecification","valueRequired":true,"valueName":"search_term_string"}}],"inLanguage":"es"},{"@type":"Organization","@id":"https:\/\/theo.niranbio.com\/es\/#organization","name":"Niranbio Chemical","url":"https:\/\/theo.niranbio.com\/es\/","logo":{"@type":"ImageObject","inLanguage":"es","@id":"https:\/\/theo.niranbio.com\/es\/#\/schema\/logo\/image\/","url":"https:\/\/theo.niranbio.com\/wp-content\/uploads\/2024\/06\/Niranbio.png","contentUrl":"https:\/\/theo.niranbio.com\/wp-content\/uploads\/2024\/06\/Niranbio.png","width":270,"height":100,"caption":"Niranbio Chemical"},"image":{"@id":"https:\/\/theo.niranbio.com\/es\/#\/schema\/logo\/image\/"}}]}},"_links":{"self":[{"href":"https:\/\/theo.niranbio.com\/es\/wp-json\/wp\/v2\/product\/8288","targetHints":{"allow":["GET"]}}],"collection":[{"href":"https:\/\/theo.niranbio.com\/es\/wp-json\/wp\/v2\/product"}],"about":[{"href":"https:\/\/theo.niranbio.com\/es\/wp-json\/wp\/v2\/types\/product"}],"version-history":[{"count":0,"href":"https:\/\/theo.niranbio.com\/es\/wp-json\/wp\/v2\/product\/8288\/revisions"}],"wp:featuredmedia":[{"embeddable":true,"href":"https:\/\/theo.niranbio.com\/es\/wp-json\/wp\/v2\/media\/5852"}],"wp:attachment":[{"href":"https:\/\/theo.niranbio.com\/es\/wp-json\/wp\/v2\/media?parent=8288"}],"wp:term":[{"taxonomy":"product_brand","embeddable":true,"href":"https:\/\/theo.niranbio.com\/es\/wp-json\/wp\/v2\/product_brand?post=8288"},{"taxonomy":"product_cat","embeddable":true,"href":"https:\/\/theo.niranbio.com\/es\/wp-json\/wp\/v2\/product_cat?post=8288"},{"taxonomy":"product_tag","embeddable":true,"href":"https:\/\/theo.niranbio.com\/es\/wp-json\/wp\/v2\/product_tag?post=8288"}],"curies":[{"name":"wp","href":"https:\/\/api.w.org\/{rel}","templated":true}]}}