{"id":8285,"date":"2024-06-27T16:32:24","date_gmt":"2024-06-27T08:32:24","guid":{"rendered":"https:\/\/theo.niranbio.com\/acido-dl-malico\/"},"modified":"2024-08-15T12:00:22","modified_gmt":"2024-08-15T04:00:22","slug":"acido-dl-malico","status":"publish","type":"product","link":"https:\/\/theo.niranbio.com\/es\/acido-dl-malico.html","title":{"rendered":"\u00c1cido DL-m\u00e1lico"},"content":{"rendered":"<h2><span class=\"ez-toc-section\" id=\"%C2%BFQue_es_el_acido_DL-malico\"><\/span>\u00bfQu\u00e9 es el \u00e1cido DL-m\u00e1lico?<span class=\"ez-toc-section-end\"><\/span><\/h2>\n<p>El \u00e1cido DL-m\u00e1lico se presenta como un polvo cristalino blanco, normalmente inodoro o con un ligero olor caracter\u00edstico. Se puede utilizar como acidulante, retenedor del color, conservante, etc. en la industria alimentaria, y tambi\u00e9n se puede utilizar en productos farmac\u00e9uticos; se puede utilizar como agente desincrustante, agente blanqueador fluorescente, etc. en la industria.<\/p>\n<p>Al producir \u00e1cido DL-m\u00e1lico, el benceno sufre una oxidaci\u00f3n catal\u00edtica para producir \u00e1cido maleico y \u00e1cido fum\u00e1rico, que posteriormente se hidratan a alta temperatura y presi\u00f3n.<br \/>\nLos principales productos de reacci\u00f3n son el \u00e1cido m\u00e1lico junto con una cantidad menor de \u00e1cido fum\u00e1rico. Los cristales de \u00e1cido fum\u00e1rico se a\u00edslan por filtraci\u00f3n, mientras que la soluci\u00f3n restante se concentra y los s\u00f3lidos se separan por centrifugaci\u00f3n para obtener \u00e1cido m\u00e1lico bruto. Este producto bruto se purifica m\u00e1s y se cristaliza para obtener el producto final.<\/p>\n<p>Tambi\u00e9n es posible catalizar el \u00e1cido fum\u00e1rico o el \u00e1cido maleico con agua a alta temperatura y alta presi\u00f3n para obtener \u00e1cido DL-m\u00e1lico, o utilizar la fermentaci\u00f3n para producir \u00e1cido L-m\u00e1lico fermentando el \u00e1cido fum\u00e1rico con enzimas biol\u00f3gicas.<\/p>\n<h2><span class=\"ez-toc-section\" id=\"Parametros_relacionados\"><\/span>Par\u00e1metros relacionados:<span class=\"ez-toc-section-end\"><\/span><\/h2>\n<table>\n<tbody>\n<tr>\n<td colspan=\"2\">Elemento de ensayo<\/td>\n<td>Norma<\/td>\n<\/tr>\n<tr>\n<td rowspan=\"3\">Requisitos sensoriales<\/td>\n<td>Color y brillo<\/td>\n<td>Blanco o casi blanco<\/td>\n<\/tr>\n<tr>\n<td>Olor<\/td>\n<td>Sabor \u00e1cido especial<\/td>\n<\/tr>\n<tr>\n<td>Aspecto<\/td>\n<td>Polvo cristalino o gr\u00e1nulos cristalinos<\/td>\n<\/tr>\n<tr>\n<td rowspan=\"8\">\u00cdndice f\u00edsico y qu\u00edmico<\/td>\n<td>\u00c1cido DL-m\u00e1lico c\/%<\/td>\n<td>99.0~100.5<\/td>\n<\/tr>\n<tr>\n<td>Rotaci\u00f3n espec\u00edfica am(25\u2103\uff0cD)\/[(\u00b0)-dm2 -Kg-1]<\/td>\n<td>-0.10~+0.10<\/td>\n<\/tr>\n<tr>\n<td>\u00c1cido fum\u00e1rico c\/%<\/td>\n<td>\u22641.0<\/td>\n<\/tr>\n<tr>\n<td>\u00c1cido maleico c\/%<\/td>\n<td>\u22640.05<\/td>\n<\/tr>\n<tr>\n<td>Residuo de combusti\u00f3n c\/%<\/td>\n<td>\u22640.1<\/td>\n<\/tr>\n<tr>\n<td>(As)\/(mg\/kg)<\/td>\n<td>\u22642<\/td>\n<\/tr>\n<tr>\n<td>(Pb)\/(mg\/kg)<\/td>\n<td>\u22642<\/td>\n<\/tr>\n<tr>\n<td>Materia insoluble en agua c\/%<\/td>\n<td>\u22640.1<\/td>\n<\/tr>\n<\/tbody>\n<\/table>\n<h2><span class=\"ez-toc-section\" id=\"Dosis_recomendada\"><\/span>Dosis recomendada<span class=\"ez-toc-section-end\"><\/span><\/h2>\n<table>\n<tbody>\n<tr>\n<td>Nombre del alimento<\/td>\n<td>Uso m\u00e1ximo(g\/kg)<\/td>\n<\/tr>\n<tr>\n<td>Bebidas<\/td>\n<td>0,1 &#8211; 5 g\/kg<\/td>\n<\/tr>\n<tr>\n<td>Caramelo<\/td>\n<td>1 &#8211; 10 g\/kg<\/td>\n<\/tr>\n<tr>\n<td>Preparados de frutas<\/td>\n<td>1 &#8211; 10 g\/kg<\/td>\n<\/tr>\n<tr>\n<td>Mermeladas y jaleas<\/td>\n<td>1 &#8211; 5 g\/kg<\/td>\n<\/tr>\n<tr>\n<td>Yogures y leche aromatizada<\/td>\n<td>0,5 &#8211; 2 g\/kg<\/td>\n<\/tr>\n<tr>\n<td>Queso y queso para untar<\/td>\n<td>0,1 &#8211; 1 g\/kg<\/td>\n<\/tr>\n<tr>\n<td>Pan y bollos<\/td>\n<td>0,1 &#8211; 1 g\/kg<\/td>\n<\/tr>\n<tr>\n<td>Pasteles y boller\u00eda<\/td>\n<td>1 &#8211; 5 g\/kg<\/td>\n<\/tr>\n<tr>\n<td>Productos para el cuidado de la piel<\/td>\n<td>0,1 &#8211; 1 g\/kg<\/td>\n<\/tr>\n<tr>\n<td>Productos para el cuidado del cabello<\/td>\n<td>0,1 &#8211; 1 g\/kg<\/td>\n<\/tr>\n<tr>\n<td>Producto de higiene bucal<\/td>\n<td>0,1 &#8211; 1 g\/kg<\/td>\n<\/tr>\n<\/tbody>\n<\/table>\n<h2><span class=\"ez-toc-section\" id=\"El_acido_DL-malico_tiene_una_amplia_gama_de_usos\"><\/span>El \u00e1cido DL-m\u00e1lico tiene una amplia gama de usos<span class=\"ez-toc-section-end\"><\/span><\/h2>\n<ol>\n<li>Acidulantes y agentes aromatizantes: se emplea ampliamente como acidulante en alimentos y bebidas para ajustar la acidez y mejorar el sabor de bebidas de jugo de frutas, caramelos, mermeladas, etc.<\/li>\n<li>Conservantes: extiende eficazmente la vida \u00fatil de los productos al reducir su valor de pH, inhibiendo as\u00ed el crecimiento de microorganismos.<\/li>\n<li>Ajuste del pH: como amortiguador, ayuda a mantener un pH estable del producto, lo que es esencial para mantener la calidad y la estabilidad de los alimentos y los productos para el cuidado de la piel.<\/li>\n<li>Mejora del sabor: cuando se usa en productos horneados (como pan y pasteles), no solo mejora su sabor agrio, sino que tambi\u00e9n mejora el sabor y el aroma.<\/li>\n<li>Funciones t\u00e9cnicas: En los campos farmac\u00e9utico e industrial, el \u00e1cido m\u00e1lico se utiliza a menudo como excipiente para ajustar las propiedades f\u00edsicas y qu\u00edmicas del producto.<\/li>\n<li>Cuidado de la piel y del cabello: En cosm\u00e9tica, el \u00e1cido m\u00e1lico se utiliza ampliamente en productos para el cuidado de la piel y del cabello debido a sus propiedades exfoliantes y de ajuste del pH.<\/li>\n<\/ol>\n<h2><span class=\"ez-toc-section\" id=\"Pregunta_formulada_por_un_usuario\"><\/span>Pregunta formulada por un usuario:<span class=\"ez-toc-section-end\"><\/span><\/h2>\n<p>Pregunta: \u00bfCu\u00e1l es la diferencia entre el \u00e1cido DL-m\u00e1lico y el \u00e1cido l\u00e1ctico?<\/p>\n<p>Respuesta: El \u00e1cido DL-m\u00e1lico es un \u00e1cido dicarbox\u00edlico caracterizado por dos grupos carboxilo (-COOH). Su estructura molecular hace que sea ampliamente utilizado en las industrias alimentaria y farmac\u00e9utica para el ajuste de la acidez y la acidificaci\u00f3n. El \u00e1cido l\u00e1ctico es un \u00e1cido monocarbox\u00edlico con un grupo carboxilo (-COOH). Se encuentra com\u00fanmente en la fermentaci\u00f3n l\u00e1ctea y tambi\u00e9n se utiliza como acidificante de alimentos y regulador del pH. La diferencia:<\/p>\n<p>1. \u00c1cido DL-m\u00e1lico: Se utiliza principalmente para el ajuste de la acidez en alimentos y bebidas, as\u00ed como para el ajuste y la acidificaci\u00f3n en productos farmac\u00e9uticos. Su contribuci\u00f3n a la acidez puede ayudar a mejorar el sabor y mantener la estabilidad del producto. El \u00e1cido l\u00e1ctico, com\u00fanmente presente en productos l\u00e1cteos fermentados como el yogur y el queso, cumple funciones en la acidificaci\u00f3n del yogur y en los procesos de conservaci\u00f3n de alimentos.<\/p>\n<p>2. El \u00e1cido DL-m\u00e1lico se usa ampliamente en la industria alimentaria, especialmente para productos que requieren acidez y estabilidad, como jugos, alimentos enlatados y productos farmac\u00e9uticos; el \u00e1cido l\u00e1ctico se usa principalmente en productos l\u00e1cteos y procesos de yogur alimenticio, y es esencial para la industria l\u00e1ctea. En resumen, el \u00e1cido DL-m\u00e1lico tiene ventajas evidentes sobre el \u00e1cido l\u00e1ctico en su estructura qu\u00edmica, amplios campos de aplicaci\u00f3n y demanda del mercado, lo que hace que desempe\u00f1e un papel m\u00e1s amplio e importante en la alimentaci\u00f3n, la medicina y otras industrias.<\/p>\n","protected":false},"excerpt":{"rendered":"<ul>\n<li>CAS: 617-48-1;6915-15-7<\/li>\n<li>F\u00f3rmula qu\u00edmica: C4H6O5<\/li>\n<li>Certificaciones: KOSHER, ISO, HALAL, FSSC 22000, BRC, etc.<\/li>\n<li>Norma: USP\/FCC9\/E296<\/li>\n<li>Cantidad m\u00ednima de pedido: 1000KG<\/li>\n<li>Caducidad: 2 a\u00f1os<\/li>\n<\/ul>\n","protected":false},"featured_media":6369,"template":"","meta":{"site-sidebar-layout":"default","site-content-layout":"","ast-site-content-layout":"default","site-content-style":"default","site-sidebar-style":"default","ast-global-header-display":"","ast-banner-title-visibility":"","ast-main-header-display":"","ast-hfb-above-header-display":"","ast-hfb-below-header-display":"","ast-hfb-mobile-header-display":"","site-post-title":"","ast-breadcrumbs-content":"","ast-featured-img":"","footer-sml-layout":"","theme-transparent-header-meta":"default","adv-header-id-meta":"","stick-header-meta":"","header-above-stick-meta":"","header-main-stick-meta":"","header-below-stick-meta":"","astra-migrate-meta-layouts":"set","ast-page-background-enabled":"default","ast-page-background-meta":{"desktop":{"background-color":"var(--ast-global-color-4)","background-image":"","background-repeat":"repeat","background-position":"center center","background-size":"auto","background-attachment":"scroll","background-type":"","background-media":"","overlay-type":"","overlay-color":"","overlay-opacity":"","overlay-gradient":""},"tablet":{"background-color":"","background-image":"","background-repeat":"repeat","background-position":"center center","background-size":"auto","background-attachment":"scroll","background-type":"","background-media":"","overlay-type":"","overlay-color":"","overlay-opacity":"","overlay-gradient":""},"mobile":{"background-color":"","background-image":"","background-repeat":"repeat","background-position":"center center","background-size":"auto","background-attachment":"scroll","background-type":"","background-media":"","overlay-type":"","overlay-color":"","overlay-opacity":"","overlay-gradient":""}},"ast-content-background-meta":{"desktop":{"background-color":"var(--ast-global-color-5)","background-image":"","background-repeat":"repeat","background-position":"center center","background-size":"auto","background-attachment":"scroll","background-type":"","background-media":"","overlay-type":"","overlay-color":"","overlay-opacity":"","overlay-gradient":""},"tablet":{"background-color":"var(--ast-global-color-5)","background-image":"","background-repeat":"repeat","background-position":"center center","background-size":"auto","background-attachment":"scroll","background-type":"","background-media":"","overlay-type":"","overlay-color":"","overlay-opacity":"","overlay-gradient":""},"mobile":{"background-color":"var(--ast-global-color-5)","background-image":"","background-repeat":"repeat","background-position":"center center","background-size":"auto","background-attachment":"scroll","background-type":"","background-media":"","overlay-type":"","overlay-color":"","overlay-opacity":"","overlay-gradient":""}}},"product_brand":[],"product_cat":[75],"product_tag":[],"class_list":{"0":"post-8285","1":"product","2":"type-product","3":"status-publish","4":"has-post-thumbnail","6":"product_cat-producto-acidulante","7":"desktop-align-center","8":"tablet-align-left","9":"mobile-align-left","11":"first","12":"instock","13":"shipping-taxable","14":"product-type-simple"},"yoast_head":"<!-- This site is optimized with the Yoast SEO plugin v26.5 - https:\/\/yoast.com\/wordpress\/plugins\/seo\/ -->\n<title>Acido DL M\u00e1lico E-296, Regulador de Acidez DL-m\u00e1lico | Niranbio Chemical<\/title>\n<meta name=\"description\" content=\"Ofrecemos el aditivo alimentario \u00e1cido DL-m\u00e1lico con una pureza del 99,0~100,5% en peso, polvo cristalino blanco o casi blanco o gr\u00e1nulos con un sabor agrio especial.\" \/>\n<meta name=\"robots\" content=\"noindex, follow, max-snippet:-1, max-image-preview:large, max-video-preview:-1\" \/>\n<meta name=\"twitter:label1\" content=\"Tiempo de lectura\" \/>\n\t<meta name=\"twitter:data1\" content=\"4 minutos\" \/>\n<script type=\"application\/ld+json\" class=\"yoast-schema-graph\">{\"@context\":\"https:\/\/schema.org\",\"@graph\":[{\"@type\":\"WebPage\",\"@id\":\"https:\/\/theo.niranbio.com\/es\/acido-dl-malico.html\",\"url\":\"https:\/\/theo.niranbio.com\/es\/acido-dl-malico.html\",\"name\":\"Acido DL M\u00e1lico E-296, Regulador de Acidez DL-m\u00e1lico | Niranbio Chemical\",\"isPartOf\":{\"@id\":\"https:\/\/theo.niranbio.com\/es\/#website\"},\"primaryImageOfPage\":{\"@id\":\"https:\/\/theo.niranbio.com\/es\/acido-dl-malico.html#primaryimage\"},\"image\":{\"@id\":\"https:\/\/theo.niranbio.com\/es\/acido-dl-malico.html#primaryimage\"},\"thumbnailUrl\":\"https:\/\/theo.niranbio.com\/wp-content\/uploads\/2024\/06\/DL-Malic-Acid-1.jpg\",\"datePublished\":\"2024-06-27T08:32:24+00:00\",\"dateModified\":\"2024-08-15T04:00:22+00:00\",\"description\":\"Ofrecemos el aditivo alimentario \u00e1cido DL-m\u00e1lico con una pureza del 99,0~100,5% en peso, polvo cristalino blanco o casi blanco o gr\u00e1nulos con un sabor agrio especial.\",\"breadcrumb\":{\"@id\":\"https:\/\/theo.niranbio.com\/es\/acido-dl-malico.html#breadcrumb\"},\"inLanguage\":\"es\",\"potentialAction\":[{\"@type\":\"ReadAction\",\"target\":[\"https:\/\/theo.niranbio.com\/es\/acido-dl-malico.html\"]}]},{\"@type\":\"ImageObject\",\"inLanguage\":\"es\",\"@id\":\"https:\/\/theo.niranbio.com\/es\/acido-dl-malico.html#primaryimage\",\"url\":\"https:\/\/theo.niranbio.com\/wp-content\/uploads\/2024\/06\/DL-Malic-Acid-1.jpg\",\"contentUrl\":\"https:\/\/theo.niranbio.com\/wp-content\/uploads\/2024\/06\/DL-Malic-Acid-1.jpg\",\"width\":600,\"height\":600,\"caption\":\"\u00c1cido DL-m\u00e1lico\"},{\"@type\":\"BreadcrumbList\",\"@id\":\"https:\/\/theo.niranbio.com\/es\/acido-dl-malico.html#breadcrumb\",\"itemListElement\":[{\"@type\":\"ListItem\",\"position\":1,\"name\":\"Home\",\"item\":\"https:\/\/theo.niranbio.com\/es\/\"},{\"@type\":\"ListItem\",\"position\":2,\"name\":\"Productos\",\"item\":\"https:\/\/theo.niranbio.com\/es\/productos.html\"},{\"@type\":\"ListItem\",\"position\":3,\"name\":\"Acidulante\",\"item\":\"https:\/\/theo.niranbio.com\/es\/producto-acidulante\/\"},{\"@type\":\"ListItem\",\"position\":4,\"name\":\"\u00c1cido DL-m\u00e1lico\"}]},{\"@type\":\"WebSite\",\"@id\":\"https:\/\/theo.niranbio.com\/es\/#website\",\"url\":\"https:\/\/theo.niranbio.com\/es\/\",\"name\":\"Niranbio Chemical\",\"description\":\"\",\"publisher\":{\"@id\":\"https:\/\/theo.niranbio.com\/es\/#organization\"},\"potentialAction\":[{\"@type\":\"SearchAction\",\"target\":{\"@type\":\"EntryPoint\",\"urlTemplate\":\"https:\/\/theo.niranbio.com\/es\/?s={search_term_string}\"},\"query-input\":{\"@type\":\"PropertyValueSpecification\",\"valueRequired\":true,\"valueName\":\"search_term_string\"}}],\"inLanguage\":\"es\"},{\"@type\":\"Organization\",\"@id\":\"https:\/\/theo.niranbio.com\/es\/#organization\",\"name\":\"Niranbio Chemical\",\"url\":\"https:\/\/theo.niranbio.com\/es\/\",\"logo\":{\"@type\":\"ImageObject\",\"inLanguage\":\"es\",\"@id\":\"https:\/\/theo.niranbio.com\/es\/#\/schema\/logo\/image\/\",\"url\":\"https:\/\/theo.niranbio.com\/wp-content\/uploads\/2024\/06\/Niranbio.png\",\"contentUrl\":\"https:\/\/theo.niranbio.com\/wp-content\/uploads\/2024\/06\/Niranbio.png\",\"width\":270,\"height\":100,\"caption\":\"Niranbio Chemical\"},\"image\":{\"@id\":\"https:\/\/theo.niranbio.com\/es\/#\/schema\/logo\/image\/\"}}]}<\/script>\n<!-- \/ Yoast SEO plugin. -->","yoast_head_json":{"title":"Acido DL M\u00e1lico E-296, Regulador de Acidez DL-m\u00e1lico | Niranbio Chemical","description":"Ofrecemos el aditivo alimentario \u00e1cido DL-m\u00e1lico con una pureza del 99,0~100,5% en peso, polvo cristalino blanco o casi blanco o gr\u00e1nulos con un sabor agrio especial.","robots":{"index":"noindex","follow":"follow","max-snippet":"max-snippet:-1","max-image-preview":"max-image-preview:large","max-video-preview":"max-video-preview:-1"},"twitter_misc":{"Tiempo de lectura":"4 minutos"},"schema":{"@context":"https:\/\/schema.org","@graph":[{"@type":"WebPage","@id":"https:\/\/theo.niranbio.com\/es\/acido-dl-malico.html","url":"https:\/\/theo.niranbio.com\/es\/acido-dl-malico.html","name":"Acido DL M\u00e1lico E-296, Regulador de Acidez DL-m\u00e1lico | Niranbio Chemical","isPartOf":{"@id":"https:\/\/theo.niranbio.com\/es\/#website"},"primaryImageOfPage":{"@id":"https:\/\/theo.niranbio.com\/es\/acido-dl-malico.html#primaryimage"},"image":{"@id":"https:\/\/theo.niranbio.com\/es\/acido-dl-malico.html#primaryimage"},"thumbnailUrl":"https:\/\/theo.niranbio.com\/wp-content\/uploads\/2024\/06\/DL-Malic-Acid-1.jpg","datePublished":"2024-06-27T08:32:24+00:00","dateModified":"2024-08-15T04:00:22+00:00","description":"Ofrecemos el aditivo alimentario \u00e1cido DL-m\u00e1lico con una pureza del 99,0~100,5% en peso, polvo cristalino blanco o casi blanco o gr\u00e1nulos con un sabor agrio especial.","breadcrumb":{"@id":"https:\/\/theo.niranbio.com\/es\/acido-dl-malico.html#breadcrumb"},"inLanguage":"es","potentialAction":[{"@type":"ReadAction","target":["https:\/\/theo.niranbio.com\/es\/acido-dl-malico.html"]}]},{"@type":"ImageObject","inLanguage":"es","@id":"https:\/\/theo.niranbio.com\/es\/acido-dl-malico.html#primaryimage","url":"https:\/\/theo.niranbio.com\/wp-content\/uploads\/2024\/06\/DL-Malic-Acid-1.jpg","contentUrl":"https:\/\/theo.niranbio.com\/wp-content\/uploads\/2024\/06\/DL-Malic-Acid-1.jpg","width":600,"height":600,"caption":"\u00c1cido DL-m\u00e1lico"},{"@type":"BreadcrumbList","@id":"https:\/\/theo.niranbio.com\/es\/acido-dl-malico.html#breadcrumb","itemListElement":[{"@type":"ListItem","position":1,"name":"Home","item":"https:\/\/theo.niranbio.com\/es\/"},{"@type":"ListItem","position":2,"name":"Productos","item":"https:\/\/theo.niranbio.com\/es\/productos.html"},{"@type":"ListItem","position":3,"name":"Acidulante","item":"https:\/\/theo.niranbio.com\/es\/producto-acidulante\/"},{"@type":"ListItem","position":4,"name":"\u00c1cido DL-m\u00e1lico"}]},{"@type":"WebSite","@id":"https:\/\/theo.niranbio.com\/es\/#website","url":"https:\/\/theo.niranbio.com\/es\/","name":"Niranbio Chemical","description":"","publisher":{"@id":"https:\/\/theo.niranbio.com\/es\/#organization"},"potentialAction":[{"@type":"SearchAction","target":{"@type":"EntryPoint","urlTemplate":"https:\/\/theo.niranbio.com\/es\/?s={search_term_string}"},"query-input":{"@type":"PropertyValueSpecification","valueRequired":true,"valueName":"search_term_string"}}],"inLanguage":"es"},{"@type":"Organization","@id":"https:\/\/theo.niranbio.com\/es\/#organization","name":"Niranbio Chemical","url":"https:\/\/theo.niranbio.com\/es\/","logo":{"@type":"ImageObject","inLanguage":"es","@id":"https:\/\/theo.niranbio.com\/es\/#\/schema\/logo\/image\/","url":"https:\/\/theo.niranbio.com\/wp-content\/uploads\/2024\/06\/Niranbio.png","contentUrl":"https:\/\/theo.niranbio.com\/wp-content\/uploads\/2024\/06\/Niranbio.png","width":270,"height":100,"caption":"Niranbio Chemical"},"image":{"@id":"https:\/\/theo.niranbio.com\/es\/#\/schema\/logo\/image\/"}}]}},"_links":{"self":[{"href":"https:\/\/theo.niranbio.com\/es\/wp-json\/wp\/v2\/product\/8285","targetHints":{"allow":["GET"]}}],"collection":[{"href":"https:\/\/theo.niranbio.com\/es\/wp-json\/wp\/v2\/product"}],"about":[{"href":"https:\/\/theo.niranbio.com\/es\/wp-json\/wp\/v2\/types\/product"}],"version-history":[{"count":0,"href":"https:\/\/theo.niranbio.com\/es\/wp-json\/wp\/v2\/product\/8285\/revisions"}],"wp:featuredmedia":[{"embeddable":true,"href":"https:\/\/theo.niranbio.com\/es\/wp-json\/wp\/v2\/media\/6369"}],"wp:attachment":[{"href":"https:\/\/theo.niranbio.com\/es\/wp-json\/wp\/v2\/media?parent=8285"}],"wp:term":[{"taxonomy":"product_brand","embeddable":true,"href":"https:\/\/theo.niranbio.com\/es\/wp-json\/wp\/v2\/product_brand?post=8285"},{"taxonomy":"product_cat","embeddable":true,"href":"https:\/\/theo.niranbio.com\/es\/wp-json\/wp\/v2\/product_cat?post=8285"},{"taxonomy":"product_tag","embeddable":true,"href":"https:\/\/theo.niranbio.com\/es\/wp-json\/wp\/v2\/product_tag?post=8285"}],"curies":[{"name":"wp","href":"https:\/\/api.w.org\/{rel}","templated":true}]}}