{"id":13167,"date":"2024-08-29T09:20:20","date_gmt":"2024-08-29T01:20:20","guid":{"rendered":"https:\/\/theo.niranbio.com\/monohidrato-de-creatina\/"},"modified":"2024-11-04T17:24:35","modified_gmt":"2024-11-04T09:24:35","slug":"monohidrato-de-creatina","status":"publish","type":"product","link":"https:\/\/theo.niranbio.com\/es\/product\/monohidrato-de-creatina\/","title":{"rendered":"Monohidrato de Creatina"},"content":{"rendered":"<h2><span class=\"ez-toc-section\" id=\"%C2%BFQue_es_el_monohidrato_de_creatina\"><\/span>\u00bfQu\u00e9 es el monohidrato de creatina?<span class=\"ez-toc-section-end\"><\/span><\/h2>\n<p>El monohidrato de creatina est\u00e1 compuesto por una mol\u00e9cula de creatina y una mol\u00e9cula de agua y es la forma m\u00e1s com\u00fan de creatina. Es un compuesto end\u00f3geno y un derivado de amino\u00e1cidos. Existe en peque\u00f1as cantidades en la carne y el pescado y se utiliza a menudo como materia prima de medicamentos y aditivo de productos para la salud. El objetivo principal de tomar suplementos de monohidrato de creatina es maximizar las reservas intramusculares del cuerpo de fosfato de creatina y creatina libre. La creatina se almacena principalmente en los m\u00fasculos del cuerpo humano y puede soportar el ejercicio de alta intensidad y de corta duraci\u00f3n como parte de la fuente de energ\u00eda, pero esta saturaci\u00f3n no se puede lograr solo con la dieta y requiere una suplementaci\u00f3n adicional para aumentar la producci\u00f3n de ATP y mejorar el rendimiento atl\u00e9tico. Adem\u00e1s, los suplementos de creatina tambi\u00e9n tienen posibles beneficios para la salud cerebral.<\/p>\n<h2><span class=\"ez-toc-section\" id=\"Parametros_relacionados\"><\/span>Par\u00e1metros relacionados:<span class=\"ez-toc-section-end\"><\/span><\/h2>\n<table>\n<tbody>\n<tr>\n<td>Items<\/td>\n<td>Specification<\/td>\n<\/tr>\n<tr>\n<td>Aspecto<\/td>\n<td>Polvo cristalino blanco<\/td>\n<\/tr>\n<tr>\n<td>Solubilidad<\/td>\n<td>Ligeramente soluble en agua<\/td>\n<\/tr>\n<tr>\n<td>Claridad y color de la soluci\u00f3n<\/td>\n<td>Clara e incolora<\/td>\n<\/tr>\n<tr>\n<td>Olor &amp; amp<\/td>\n<td>Inodoro &amp; p\u00e1lido<\/td>\n<\/tr>\n<tr>\n<td>Punto de fusi\u00f3n<\/td>\n<td>292\u2103<\/td>\n<\/tr>\n<tr>\n<td>Prueba del \u00e1cido sulf\u00farico<\/td>\n<td>No Carbonatio<\/td>\n<\/tr>\n<tr>\n<td>Assay<\/td>\n<td>99.6%<\/td>\n<\/tr>\n<tr>\n<td>Creatinine<\/td>\n<td>52.01ppm<\/td>\n<\/tr>\n<tr>\n<td>P\u00e9rdida por secado<\/td>\n<td>11.79%<\/td>\n<\/tr>\n<tr>\n<td>Residuo en ignici\u00f3n<\/td>\n<td>0.050%<\/td>\n<\/tr>\n<tr>\n<td>Iron<\/td>\n<td>0.50ppm<\/td>\n<\/tr>\n<tr>\n<td>Sulfate<\/td>\n<td>&lt;0.02<\/td>\n<\/tr>\n<tr>\n<td>Dicyanamide<\/td>\n<td>28.01ppm<\/td>\n<\/tr>\n<tr>\n<td>Dihidrotriazina<\/td>\n<td>No detectada<\/td>\n<\/tr>\n<tr>\n<td>Cualquier impureza no especificadaTotal<\/td>\n<td>No detectada<\/td>\n<\/tr>\n<tr>\n<td>Total de impurezas no especificadas<\/td>\n<td>No detectadas<\/td>\n<\/tr>\n<tr>\n<td>Impurezas totales<\/td>\n<td>No detectadas<\/td>\n<\/tr>\n<tr>\n<td>Metales pesados<\/td>\n<td>&lt;0,30 ppm<\/td>\n<\/tr>\n<tr>\n<td>Ars\u00e9nico (As)<\/td>\n<td>&lt;0,01 ppm<\/td>\n<\/tr>\n<tr>\n<td>Plomo (Pb)<\/td>\n<td>&lt;0,01 ppm<\/td>\n<\/tr>\n<tr>\n<td>Mercurio (Hg)<\/td>\n<td>&lt;0,01 ppm<\/td>\n<\/tr>\n<tr>\n<td>Cadmio (Cd)<\/td>\n<td>&lt;0,01 ppm<\/td>\n<\/tr>\n<tr>\n<td>Densidad aparente<\/td>\n<td>455 g\/l<\/td>\n<\/tr>\n<tr>\n<td>Densidad del grifo<\/td>\n<td>663 g\/l<\/td>\n<\/tr>\n<tr>\n<td>Recuento bacteriano total<\/td>\n<td>&lt;30 ufc\/g<\/td>\n<\/tr>\n<tr>\n<td>Moho y levadura<\/td>\n<td>&lt;30 ufc\/g<\/td>\n<\/tr>\n<tr>\n<td>E.Coli<\/td>\n<td>Negative<\/td>\n<\/tr>\n<tr>\n<td>Salmonella<\/td>\n<td>Negative<\/td>\n<\/tr>\n<tr>\n<td>S.aureus<\/td>\n<td>Negative<\/td>\n<\/tr>\n<\/tbody>\n<\/table>\n<h2><span class=\"ez-toc-section\" id=\"Dosis_recomendada\"><\/span>Dosis recomendada:<span class=\"ez-toc-section-end\"><\/span><\/h2>\n<table>\n<tbody>\n<tr>\n<td>Utilizaci\u00f3n<\/td>\n<td>Fase<\/td>\n<td>Dosis recomendada<\/td>\n<td>Duraci\u00f3n<\/td>\n<\/tr>\n<tr>\n<td>Fase de carga<\/td>\n<td>Inicial<\/td>\n<td>20 gramos al d\u00eda (4 dosis de 5 gramos)<\/td>\n<td>5-7 d\u00edas<\/td>\n<\/tr>\n<tr>\n<td>D\u00edas de entrenamiento<\/td>\n<td>En curso<\/td>\n<td>3-5 gramos al d\u00eda<\/td>\n<td>Indefinido<\/td>\n<\/tr>\n<tr>\n<td>D\u00edas de entrenamiento<\/td>\n<td>Pre-Entrenamiento<\/td>\n<td>3-5 gramos<\/td>\n<td>Al menos 30-60 minutos antes del entrenamiento<\/td>\n<\/tr>\n<tr>\n<td>D\u00edas de entrenamiento<\/td>\n<td>Despu\u00e9s del entrenamiento<\/td>\n<td>3-5 gramos<\/td>\n<td>Inmediatamente despu\u00e9s del entrenamiento<\/td>\n<\/tr>\n<tr>\n<td>D\u00edas sin entrenamiento<\/td>\n<td>Diariamente<\/td>\n<td>3-5 gramos<\/td>\n<td>Por la ma\u00f1ana o repartidos uniformemente a lo largo del d\u00eda<\/td>\n<\/tr>\n<\/tbody>\n<\/table>\n<p>Tenga en cuenta que estas son recomendaciones generales y pueden variar seg\u00fan las necesidades, los objetivos y las respuestas individuales. Siempre consulte con un profesional de la salud o del fitness antes de comenzar cualquier nuevo r\u00e9gimen de suplementos.<\/p>\n<h2><span class=\"ez-toc-section\" id=\"El_monohidrato_de_creatina_tiene_una_amplia_gama_de_usos\"><\/span>El monohidrato de creatina tiene una amplia gama de usos<span class=\"ez-toc-section-end\"><\/span><\/h2>\n<ul>\n<li>Crecimiento muscular: el monohidrato de creatina es uno de los suplementos m\u00e1s investigados y populares para mejorar la masa y la fuerza muscular. Funciona al aumentar el contenido de ATP en las c\u00e9lulas, mejorando el rendimiento en algunas actividades de alta intensidad y de corta duraci\u00f3n que requieren r\u00e1fagas de energ\u00eda.<\/li>\n<li>Mejora de la resistencia y el rendimiento: al aumentar las reservas de fosfocreatina en los m\u00fasculos, la creatina permite a los atletas entrenar a intensidades m\u00e1s altas antes de que se produzca la fatiga. Esto permite un mejor rendimiento al realizar r\u00e1fagas r\u00e1pidas de actividad.<\/li>\n<li>Mejora de la potencia explosiva: los estudios han demostrado que la suplementaci\u00f3n con creatina puede aumentar significativamente la potencia explosiva y mejorar el rendimiento en el sprint.<\/li>\n<li>Ayuda a la recuperaci\u00f3n: La creatina puede ayudar a reparar el da\u00f1o muscular o la inflamaci\u00f3n despu\u00e9s del ejercicio. Unos tiempos de recuperaci\u00f3n m\u00e1s r\u00e1pidos pueden dar lugar a sesiones de entrenamiento m\u00e1s eficaces.<br \/>\nReducci\u00f3n de las agujetas: Los atletas han informado de una reducci\u00f3n del dolor muscular de aparici\u00f3n retardada (DOMS) al utilizar creatina, lo que facilita una vuelta m\u00e1s r\u00e1pida al entrenamiento tras sesiones intensas.<\/li>\n<\/ul>\n<h2><span class=\"ez-toc-section\" id=\"Pregunta_del_usuario\"><\/span>Pregunta del usuario:<span class=\"ez-toc-section-end\"><\/span><\/h2>\n<p>Pregunta: \u00bfQu\u00e9 hace el monohidrato de creatina?<\/p>\n<p>Respuesta: El monohidrato de creatina se utiliza a menudo en suplementos nutricionales para ayudar a mejorar la fuerza, mejorar la resistencia, promover la recuperaci\u00f3n y el crecimiento muscular, etc.<\/p>\n<p>Pregunta: \u00bfEl monohidrato de creatina tiene efectos secundarios?<\/p>\n<p>Respuesta: Seg\u00fan los resultados de las pruebas realizadas a algunas personas sanas, el monohidrato de creatina no tiene efectos adversos sobre las funciones del cuerpo humano.<\/p>\n<p>Pregunta: \u00bfC\u00f3mo tomar monohidrato de creatina?<\/p>\n<p>Respuesta: Tomar monohidrato de creatina requiere un per\u00edodo de adaptaci\u00f3n y debe hacerse de forma gradual. Consulte la tabla anterior para obtener informaci\u00f3n.<\/p>\n<p>&nbsp;<\/p>\n<p>&nbsp;<\/p>\n","protected":false},"excerpt":{"rendered":"<ul>\n<li>CAS: 6020-87-7<\/li>\n<li>F\u00f3rmula qu\u00edmica: C4H11N303<\/li>\n<li>Certificaci\u00f3n: KOSHER, ISO, HALAL, FSSC22000, BRC, etc.<\/li>\n<li>Cantidad m\u00ednima de pedido: 1000KG<\/li>\n<li>Caducidad: 2 a\u00f1os<\/li>\n<\/ul>\n","protected":false},"featured_media":11324,"template":"","meta":{"site-sidebar-layout":"default","site-content-layout":"","ast-site-content-layout":"default","site-content-style":"default","site-sidebar-style":"default","ast-global-header-display":"","ast-banner-title-visibility":"","ast-main-header-display":"","ast-hfb-above-header-display":"","ast-hfb-below-header-display":"","ast-hfb-mobile-header-display":"","site-post-title":"","ast-breadcrumbs-content":"","ast-featured-img":"","footer-sml-layout":"","theme-transparent-header-meta":"default","adv-header-id-meta":"","stick-header-meta":"","header-above-stick-meta":"","header-main-stick-meta":"","header-below-stick-meta":"","astra-migrate-meta-layouts":"set","ast-page-background-enabled":"default","ast-page-background-meta":{"desktop":{"background-color":"var(--ast-global-color-4)","background-image":"","background-repeat":"repeat","background-position":"center center","background-size":"auto","background-attachment":"scroll","background-type":"","background-media":"","overlay-type":"","overlay-color":"","overlay-opacity":"","overlay-gradient":""},"tablet":{"background-color":"","background-image":"","background-repeat":"repeat","background-position":"center center","background-size":"auto","background-attachment":"scroll","background-type":"","background-media":"","overlay-type":"","overlay-color":"","overlay-opacity":"","overlay-gradient":""},"mobile":{"background-color":"","background-image":"","background-repeat":"repeat","background-position":"center center","background-size":"auto","background-attachment":"scroll","background-type":"","background-media":"","overlay-type":"","overlay-color":"","overlay-opacity":"","overlay-gradient":""}},"ast-content-background-meta":{"desktop":{"background-color":"var(--ast-global-color-5)","background-image":"","background-repeat":"repeat","background-position":"center center","background-size":"auto","background-attachment":"scroll","background-type":"","background-media":"","overlay-type":"","overlay-color":"","overlay-opacity":"","overlay-gradient":""},"tablet":{"background-color":"var(--ast-global-color-5)","background-image":"","background-repeat":"repeat","background-position":"center center","background-size":"auto","background-attachment":"scroll","background-type":"","background-media":"","overlay-type":"","overlay-color":"","overlay-opacity":"","overlay-gradient":""},"mobile":{"background-color":"var(--ast-global-color-5)","background-image":"","background-repeat":"repeat","background-position":"center center","background-size":"auto","background-attachment":"scroll","background-type":"","background-media":"","overlay-type":"","overlay-color":"","overlay-opacity":"","overlay-gradient":""}}},"product_brand":[],"product_cat":[90],"product_tag":[],"class_list":{"0":"post-13167","1":"product","2":"type-product","3":"status-publish","4":"has-post-thumbnail","6":"product_cat-producto-potenciador-de-la-nutricion","7":"desktop-align-center","8":"tablet-align-left","9":"mobile-align-left","11":"first","12":"instock","13":"shipping-taxable","14":"product-type-simple"},"yoast_head":"<!-- This site is optimized with the Yoast SEO plugin v26.5 - https:\/\/yoast.com\/wordpress\/plugins\/seo\/ -->\n<title>Creatina monohidratada precio | Niranbio Chemical<\/title>\n<meta name=\"description\" content=\"Nuestro monohidrato de creatina es un polvo cristalino blanco, inodoro, con alta solubilidad en agua, estable en condiciones normales y que mejora la producci\u00f3n de energ\u00eda en los m\u00fasculos.\" \/>\n<meta name=\"robots\" content=\"noindex, follow, max-snippet:-1, max-image-preview:large, max-video-preview:-1\" \/>\n<meta name=\"twitter:label1\" content=\"Tiempo de lectura\" \/>\n\t<meta name=\"twitter:data1\" content=\"4 minutos\" \/>\n<script type=\"application\/ld+json\" class=\"yoast-schema-graph\">{\"@context\":\"https:\/\/schema.org\",\"@graph\":[{\"@type\":\"WebPage\",\"@id\":\"https:\/\/theo.niranbio.com\/es\/product\/monohidrato-de-creatina\/\",\"url\":\"https:\/\/theo.niranbio.com\/es\/product\/monohidrato-de-creatina\/\",\"name\":\"Creatina monohidratada precio | Niranbio Chemical\",\"isPartOf\":{\"@id\":\"https:\/\/theo.niranbio.com\/es\/#website\"},\"primaryImageOfPage\":{\"@id\":\"https:\/\/theo.niranbio.com\/es\/product\/monohidrato-de-creatina\/#primaryimage\"},\"image\":{\"@id\":\"https:\/\/theo.niranbio.com\/es\/product\/monohidrato-de-creatina\/#primaryimage\"},\"thumbnailUrl\":\"https:\/\/theo.niranbio.com\/wp-content\/uploads\/2024\/08\/Creatine-Monohydrate-2.jpg\",\"datePublished\":\"2024-08-29T01:20:20+00:00\",\"dateModified\":\"2024-11-04T09:24:35+00:00\",\"description\":\"Nuestro monohidrato de creatina es un polvo cristalino blanco, inodoro, con alta solubilidad en agua, estable en condiciones normales y que mejora la producci\u00f3n de energ\u00eda en los m\u00fasculos.\",\"breadcrumb\":{\"@id\":\"https:\/\/theo.niranbio.com\/es\/product\/monohidrato-de-creatina\/#breadcrumb\"},\"inLanguage\":\"es\",\"potentialAction\":[{\"@type\":\"ReadAction\",\"target\":[\"https:\/\/theo.niranbio.com\/es\/product\/monohidrato-de-creatina\/\"]}]},{\"@type\":\"ImageObject\",\"inLanguage\":\"es\",\"@id\":\"https:\/\/theo.niranbio.com\/es\/product\/monohidrato-de-creatina\/#primaryimage\",\"url\":\"https:\/\/theo.niranbio.com\/wp-content\/uploads\/2024\/08\/Creatine-Monohydrate-2.jpg\",\"contentUrl\":\"https:\/\/theo.niranbio.com\/wp-content\/uploads\/2024\/08\/Creatine-Monohydrate-2.jpg\",\"width\":600,\"height\":600},{\"@type\":\"BreadcrumbList\",\"@id\":\"https:\/\/theo.niranbio.com\/es\/product\/monohidrato-de-creatina\/#breadcrumb\",\"itemListElement\":[{\"@type\":\"ListItem\",\"position\":1,\"name\":\"Home\",\"item\":\"https:\/\/theo.niranbio.com\/es\/\"},{\"@type\":\"ListItem\",\"position\":2,\"name\":\"Productos\",\"item\":\"https:\/\/theo.niranbio.com\/es\/productos.html\"},{\"@type\":\"ListItem\",\"position\":3,\"name\":\"Potenciador de la Nutrici\u00f3n\",\"item\":\"https:\/\/theo.niranbio.com\/es\/producto-potenciador-de-la-nutricion\/\"},{\"@type\":\"ListItem\",\"position\":4,\"name\":\"Monohidrato de Creatina\"}]},{\"@type\":\"WebSite\",\"@id\":\"https:\/\/theo.niranbio.com\/es\/#website\",\"url\":\"https:\/\/theo.niranbio.com\/es\/\",\"name\":\"Niranbio Chemical\",\"description\":\"\",\"publisher\":{\"@id\":\"https:\/\/theo.niranbio.com\/es\/#organization\"},\"potentialAction\":[{\"@type\":\"SearchAction\",\"target\":{\"@type\":\"EntryPoint\",\"urlTemplate\":\"https:\/\/theo.niranbio.com\/es\/?s={search_term_string}\"},\"query-input\":{\"@type\":\"PropertyValueSpecification\",\"valueRequired\":true,\"valueName\":\"search_term_string\"}}],\"inLanguage\":\"es\"},{\"@type\":\"Organization\",\"@id\":\"https:\/\/theo.niranbio.com\/es\/#organization\",\"name\":\"Niranbio Chemical\",\"url\":\"https:\/\/theo.niranbio.com\/es\/\",\"logo\":{\"@type\":\"ImageObject\",\"inLanguage\":\"es\",\"@id\":\"https:\/\/theo.niranbio.com\/es\/#\/schema\/logo\/image\/\",\"url\":\"https:\/\/theo.niranbio.com\/wp-content\/uploads\/2024\/06\/Niranbio.png\",\"contentUrl\":\"https:\/\/theo.niranbio.com\/wp-content\/uploads\/2024\/06\/Niranbio.png\",\"width\":270,\"height\":100,\"caption\":\"Niranbio Chemical\"},\"image\":{\"@id\":\"https:\/\/theo.niranbio.com\/es\/#\/schema\/logo\/image\/\"}}]}<\/script>\n<!-- \/ Yoast SEO plugin. -->","yoast_head_json":{"title":"Creatina monohidratada precio | Niranbio Chemical","description":"Nuestro monohidrato de creatina es un polvo cristalino blanco, inodoro, con alta solubilidad en agua, estable en condiciones normales y que mejora la producci\u00f3n de energ\u00eda en los m\u00fasculos.","robots":{"index":"noindex","follow":"follow","max-snippet":"max-snippet:-1","max-image-preview":"max-image-preview:large","max-video-preview":"max-video-preview:-1"},"twitter_misc":{"Tiempo de lectura":"4 minutos"},"schema":{"@context":"https:\/\/schema.org","@graph":[{"@type":"WebPage","@id":"https:\/\/theo.niranbio.com\/es\/product\/monohidrato-de-creatina\/","url":"https:\/\/theo.niranbio.com\/es\/product\/monohidrato-de-creatina\/","name":"Creatina monohidratada precio | Niranbio Chemical","isPartOf":{"@id":"https:\/\/theo.niranbio.com\/es\/#website"},"primaryImageOfPage":{"@id":"https:\/\/theo.niranbio.com\/es\/product\/monohidrato-de-creatina\/#primaryimage"},"image":{"@id":"https:\/\/theo.niranbio.com\/es\/product\/monohidrato-de-creatina\/#primaryimage"},"thumbnailUrl":"https:\/\/theo.niranbio.com\/wp-content\/uploads\/2024\/08\/Creatine-Monohydrate-2.jpg","datePublished":"2024-08-29T01:20:20+00:00","dateModified":"2024-11-04T09:24:35+00:00","description":"Nuestro monohidrato de creatina es un polvo cristalino blanco, inodoro, con alta solubilidad en agua, estable en condiciones normales y que mejora la producci\u00f3n de energ\u00eda en los m\u00fasculos.","breadcrumb":{"@id":"https:\/\/theo.niranbio.com\/es\/product\/monohidrato-de-creatina\/#breadcrumb"},"inLanguage":"es","potentialAction":[{"@type":"ReadAction","target":["https:\/\/theo.niranbio.com\/es\/product\/monohidrato-de-creatina\/"]}]},{"@type":"ImageObject","inLanguage":"es","@id":"https:\/\/theo.niranbio.com\/es\/product\/monohidrato-de-creatina\/#primaryimage","url":"https:\/\/theo.niranbio.com\/wp-content\/uploads\/2024\/08\/Creatine-Monohydrate-2.jpg","contentUrl":"https:\/\/theo.niranbio.com\/wp-content\/uploads\/2024\/08\/Creatine-Monohydrate-2.jpg","width":600,"height":600},{"@type":"BreadcrumbList","@id":"https:\/\/theo.niranbio.com\/es\/product\/monohidrato-de-creatina\/#breadcrumb","itemListElement":[{"@type":"ListItem","position":1,"name":"Home","item":"https:\/\/theo.niranbio.com\/es\/"},{"@type":"ListItem","position":2,"name":"Productos","item":"https:\/\/theo.niranbio.com\/es\/productos.html"},{"@type":"ListItem","position":3,"name":"Potenciador de la Nutrici\u00f3n","item":"https:\/\/theo.niranbio.com\/es\/producto-potenciador-de-la-nutricion\/"},{"@type":"ListItem","position":4,"name":"Monohidrato de Creatina"}]},{"@type":"WebSite","@id":"https:\/\/theo.niranbio.com\/es\/#website","url":"https:\/\/theo.niranbio.com\/es\/","name":"Niranbio Chemical","description":"","publisher":{"@id":"https:\/\/theo.niranbio.com\/es\/#organization"},"potentialAction":[{"@type":"SearchAction","target":{"@type":"EntryPoint","urlTemplate":"https:\/\/theo.niranbio.com\/es\/?s={search_term_string}"},"query-input":{"@type":"PropertyValueSpecification","valueRequired":true,"valueName":"search_term_string"}}],"inLanguage":"es"},{"@type":"Organization","@id":"https:\/\/theo.niranbio.com\/es\/#organization","name":"Niranbio Chemical","url":"https:\/\/theo.niranbio.com\/es\/","logo":{"@type":"ImageObject","inLanguage":"es","@id":"https:\/\/theo.niranbio.com\/es\/#\/schema\/logo\/image\/","url":"https:\/\/theo.niranbio.com\/wp-content\/uploads\/2024\/06\/Niranbio.png","contentUrl":"https:\/\/theo.niranbio.com\/wp-content\/uploads\/2024\/06\/Niranbio.png","width":270,"height":100,"caption":"Niranbio Chemical"},"image":{"@id":"https:\/\/theo.niranbio.com\/es\/#\/schema\/logo\/image\/"}}]}},"_links":{"self":[{"href":"https:\/\/theo.niranbio.com\/es\/wp-json\/wp\/v2\/product\/13167","targetHints":{"allow":["GET"]}}],"collection":[{"href":"https:\/\/theo.niranbio.com\/es\/wp-json\/wp\/v2\/product"}],"about":[{"href":"https:\/\/theo.niranbio.com\/es\/wp-json\/wp\/v2\/types\/product"}],"version-history":[{"count":0,"href":"https:\/\/theo.niranbio.com\/es\/wp-json\/wp\/v2\/product\/13167\/revisions"}],"wp:featuredmedia":[{"embeddable":true,"href":"https:\/\/theo.niranbio.com\/es\/wp-json\/wp\/v2\/media\/11324"}],"wp:attachment":[{"href":"https:\/\/theo.niranbio.com\/es\/wp-json\/wp\/v2\/media?parent=13167"}],"wp:term":[{"taxonomy":"product_brand","embeddable":true,"href":"https:\/\/theo.niranbio.com\/es\/wp-json\/wp\/v2\/product_brand?post=13167"},{"taxonomy":"product_cat","embeddable":true,"href":"https:\/\/theo.niranbio.com\/es\/wp-json\/wp\/v2\/product_cat?post=13167"},{"taxonomy":"product_tag","embeddable":true,"href":"https:\/\/theo.niranbio.com\/es\/wp-json\/wp\/v2\/product_tag?post=13167"}],"curies":[{"name":"wp","href":"https:\/\/api.w.org\/{rel}","templated":true}]}}