{"id":13144,"date":"2024-08-29T15:00:09","date_gmt":"2024-08-29T07:00:09","guid":{"rendered":"https:\/\/theo.niranbio.com\/lactato-de-sodio\/"},"modified":"2024-11-04T16:46:09","modified_gmt":"2024-11-04T08:46:09","slug":"lactato-de-sodio","status":"publish","type":"product","link":"https:\/\/theo.niranbio.com\/es\/lactato-de-sodio.html","title":{"rendered":"Lactato de sodio"},"content":{"rendered":"<h2><span class=\"ez-toc-section\" id=\"%C2%BFQue_es_el_lactato_de_sodio\"><\/span>\u00bfQu\u00e9 es el lactato de sodio?<span class=\"ez-toc-section-end\"><\/span><\/h2>\n<p>El lactato de sodio se produce a partir de \u00e1cido l\u00e1ctico e hidr\u00f3xido de sodio. Es blanco, en forma de polvo a temperatura normal y tiene un sabor ligeramente salado. El lactato de sodio cumple m\u00faltiples funciones en la industria alimentaria, incluida la regulaci\u00f3n de la acidez, act\u00faa como conservante y se utiliza como relleno. El lactato de sodio es una sal de \u00e1cido d\u00e9bil, no una sal de base, y debe metabolizarse en el h\u00edgado para desempe\u00f1ar un papel neutralizante en el cuerpo. Tiene el c\u00f3digo E E320 y generalmente se vende como una soluci\u00f3n acuosa, pero tambi\u00e9n se vende en forma de polvo.<\/p>\n<h2><span class=\"ez-toc-section\" id=\"Parametros_relacionados\"><\/span>Par\u00e1metros relacionados:<span class=\"ez-toc-section-end\"><\/span><\/h2>\n<table>\n<tbody>\n<tr>\n<td>Item<\/td>\n<td>Standard<\/td>\n<\/tr>\n<tr>\n<td>Estructura<\/td>\n<td>l\u00edquido transparente ligeramente viscoso<\/td>\n<\/tr>\n<tr>\n<td>Lactato s\u00f3dico total %.<\/td>\n<td>\u226560<\/td>\n<\/tr>\n<tr>\n<td>Puity(L-isomer)<\/td>\n<td>\u226598<\/td>\n<\/tr>\n<tr>\n<td>Chroma,apha<\/td>\n<td>\u226450<\/td>\n<\/tr>\n<tr>\n<td>PH<\/td>\n<td>6.5~7.5<\/td>\n<\/tr>\n<tr>\n<td>Cloruro<\/td>\n<td>\u22640.05<\/td>\n<\/tr>\n<tr>\n<td>Cianuro mg\/kg<\/td>\n<td>\u22640.5<\/td>\n<\/tr>\n<tr>\n<td>Plomo mg\/kg<\/td>\n<td>\u22642<\/td>\n<\/tr>\n<tr>\n<td>% de sulfato<\/td>\n<td>\u22640.002<\/td>\n<\/tr>\n<tr>\n<td>Ars\u00e9nico(As) mg\/kg<\/td>\n<td>\u22643<\/td>\n<\/tr>\n<tr>\n<td>Mercurio(Hg) mg\/kg<\/td>\n<td>\u22641<\/td>\n<\/tr>\n<tr>\n<td>Metanol y \u00e9steres met\u00edlicos<\/td>\n<td>\u22640.025<\/td>\n<\/tr>\n<tr>\n<td>Citrato, Oxalato, Fosfato o Tartrato<\/td>\n<td>pasado<\/td>\n<\/tr>\n<tr>\n<td>Reducir el az\u00facar<\/td>\n<td>pasado<\/td>\n<\/tr>\n<\/tbody>\n<\/table>\n<h2><span class=\"ez-toc-section\" id=\"Dosis_recomendada\"><\/span>Dosis recomendada:<span class=\"ez-toc-section-end\"><\/span><\/h2>\n<table>\n<tbody>\n<tr>\n<td>Nombre del alimento<\/td>\n<td>Uso m\u00e1ximo(%)<\/td>\n<\/tr>\n<tr>\n<td>Productos de ba\u00f1o<\/td>\n<td>2%-5%<\/td>\n<\/tr>\n<tr>\n<td>Productos para el cuidado de la piel<\/td>\n<td>0.1\uff05-5\uff05<\/td>\n<\/tr>\n<tr>\n<td>Soluci\u00f3n intravenosa de lactato s\u00f3dico<\/td>\n<td>500ml-1000ml<\/td>\n<\/tr>\n<\/tbody>\n<\/table>\n<h2><span class=\"ez-toc-section\" id=\"El_lactato_de_sodio_tiene_una_amplia_gama_de_usos\"><\/span>El lactato de sodio tiene una amplia gama de usos<span class=\"ez-toc-section-end\"><\/span><\/h2>\n<ol>\n<li>Todo tipo de alimentos, pan, productos c\u00e1rnicos, salsas, etc. El lactato de sodio tiene el efecto de inhibir el crecimiento de microorganismos, lo que puede extender eficazmente la vida \u00fatil de los condimentos y salsas, mantener la estabilidad de su sabor y nutrientes y mejorar la textura y el sabor de los alimentos, mejorando as\u00ed la seguridad alimentaria.<\/li>\n<li>Hidratantes y emolientes para art\u00edculos de tocador El lactato de sodio se utiliza a veces en champ\u00fas y otros productos similares (por ejemplo, jab\u00f3n l\u00edquido) porque es un humectante y emoliente muy eficaz.<\/li>\n<\/ol>\n<h2><span class=\"ez-toc-section\" id=\"Pregunta_formulada_por_un_usuario\"><\/span>Pregunta formulada por un usuario:<span class=\"ez-toc-section-end\"><\/span><\/h2>\n<p>P: \u00bfEs el lactato s\u00f3dico un ingrediente natural?<\/p>\n<p>R: S\u00ed. El lactato s\u00f3dico es la sal s\u00f3dica del \u00e1cido l\u00e1ctico producido por fermentaci\u00f3n natural de az\u00facares de ma\u00edz y remolacha.<\/p>\n<p>P: \u00bfEs peligroso el lactato s\u00f3dico? R: No, es seguro. Se utiliza habitualmente como conservante alimentario y no supone ning\u00fan riesgo especial siempre que se manipule de acuerdo con las normas de higiene y seguridad.<\/p>\n<p>P: \u00bfEl lactato s\u00f3dico es lo mismo que la sal?<\/p>\n<p>R: El lactato s\u00f3dico es una sal org\u00e1nica de sodio y lactato que se utiliza como conservante alimentario y regulador de la acidez de los alimentos.<\/p>\n","protected":false},"excerpt":{"rendered":"<ul>\n<li>CAS: 72-17-3<\/li>\n<li>F\u00f3rmula qu\u00edmica: C3H5NaO3<\/li>\n<li>Certificaci\u00f3n: HALAL KOSHER ISO, etc.<\/li>\n<li>Est\u00e1ndar: FCCV<\/li>\n<li>MOQ: 500KG<\/li>\n<li>Vida \u00fatil: dos a\u00f1os<\/li>\n<\/ul>\n","protected":false},"featured_media":11329,"template":"","meta":{"site-sidebar-layout":"default","site-content-layout":"","ast-site-content-layout":"default","site-content-style":"default","site-sidebar-style":"default","ast-global-header-display":"","ast-banner-title-visibility":"","ast-main-header-display":"","ast-hfb-above-header-display":"","ast-hfb-below-header-display":"","ast-hfb-mobile-header-display":"","site-post-title":"","ast-breadcrumbs-content":"","ast-featured-img":"","footer-sml-layout":"","theme-transparent-header-meta":"default","adv-header-id-meta":"","stick-header-meta":"","header-above-stick-meta":"","header-main-stick-meta":"","header-below-stick-meta":"","astra-migrate-meta-layouts":"set","ast-page-background-enabled":"default","ast-page-background-meta":{"desktop":{"background-color":"var(--ast-global-color-4)","background-image":"","background-repeat":"repeat","background-position":"center center","background-size":"auto","background-attachment":"scroll","background-type":"","background-media":"","overlay-type":"","overlay-color":"","overlay-opacity":"","overlay-gradient":""},"tablet":{"background-color":"","background-image":"","background-repeat":"repeat","background-position":"center center","background-size":"auto","background-attachment":"scroll","background-type":"","background-media":"","overlay-type":"","overlay-color":"","overlay-opacity":"","overlay-gradient":""},"mobile":{"background-color":"","background-image":"","background-repeat":"repeat","background-position":"center center","background-size":"auto","background-attachment":"scroll","background-type":"","background-media":"","overlay-type":"","overlay-color":"","overlay-opacity":"","overlay-gradient":""}},"ast-content-background-meta":{"desktop":{"background-color":"var(--ast-global-color-5)","background-image":"","background-repeat":"repeat","background-position":"center center","background-size":"auto","background-attachment":"scroll","background-type":"","background-media":"","overlay-type":"","overlay-color":"","overlay-opacity":"","overlay-gradient":""},"tablet":{"background-color":"var(--ast-global-color-5)","background-image":"","background-repeat":"repeat","background-position":"center center","background-size":"auto","background-attachment":"scroll","background-type":"","background-media":"","overlay-type":"","overlay-color":"","overlay-opacity":"","overlay-gradient":""},"mobile":{"background-color":"var(--ast-global-color-5)","background-image":"","background-repeat":"repeat","background-position":"center center","background-size":"auto","background-attachment":"scroll","background-type":"","background-media":"","overlay-type":"","overlay-color":"","overlay-opacity":"","overlay-gradient":""}}},"product_brand":[],"product_cat":[94],"product_tag":[],"class_list":{"0":"post-13144","1":"product","2":"type-product","3":"status-publish","4":"has-post-thumbnail","6":"product_cat-producto-conservante","7":"desktop-align-center","8":"tablet-align-left","9":"mobile-align-left","11":"first","12":"instock","13":"shipping-taxable","14":"product-type-simple"},"yoast_head":"<!-- This site is optimized with the Yoast SEO plugin v26.5 - https:\/\/yoast.com\/wordpress\/plugins\/seo\/ -->\n<title>Lactato de sodio precio, Comprar E325 | Niranbio Chemical<\/title>\n<meta name=\"description\" content=\"Nuestro lactato de sodio es un l\u00edquido incoloro, higrosc\u00f3pico, con un sabor salino suave, altamente soluble en agua y act\u00faa como un agente amortiguador con propiedades antimicrobianas.\" \/>\n<meta name=\"robots\" content=\"noindex, follow, max-snippet:-1, max-image-preview:large, max-video-preview:-1\" \/>\n<meta name=\"twitter:label1\" content=\"Tiempo de lectura\" \/>\n\t<meta name=\"twitter:data1\" content=\"2 minutos\" \/>\n<script type=\"application\/ld+json\" class=\"yoast-schema-graph\">{\"@context\":\"https:\/\/schema.org\",\"@graph\":[{\"@type\":\"WebPage\",\"@id\":\"https:\/\/theo.niranbio.com\/es\/lactato-de-sodio.html\",\"url\":\"https:\/\/theo.niranbio.com\/es\/lactato-de-sodio.html\",\"name\":\"Lactato de sodio precio, Comprar E325 | Niranbio Chemical\",\"isPartOf\":{\"@id\":\"https:\/\/theo.niranbio.com\/es\/#website\"},\"primaryImageOfPage\":{\"@id\":\"https:\/\/theo.niranbio.com\/es\/lactato-de-sodio.html#primaryimage\"},\"image\":{\"@id\":\"https:\/\/theo.niranbio.com\/es\/lactato-de-sodio.html#primaryimage\"},\"thumbnailUrl\":\"https:\/\/theo.niranbio.com\/wp-content\/uploads\/2024\/08\/Sodium-Lactate-1.jpg\",\"datePublished\":\"2024-08-29T07:00:09+00:00\",\"dateModified\":\"2024-11-04T08:46:09+00:00\",\"description\":\"Nuestro lactato de sodio es un l\u00edquido incoloro, higrosc\u00f3pico, con un sabor salino suave, altamente soluble en agua y act\u00faa como un agente amortiguador con propiedades antimicrobianas.\",\"breadcrumb\":{\"@id\":\"https:\/\/theo.niranbio.com\/es\/lactato-de-sodio.html#breadcrumb\"},\"inLanguage\":\"es\",\"potentialAction\":[{\"@type\":\"ReadAction\",\"target\":[\"https:\/\/theo.niranbio.com\/es\/lactato-de-sodio.html\"]}]},{\"@type\":\"ImageObject\",\"inLanguage\":\"es\",\"@id\":\"https:\/\/theo.niranbio.com\/es\/lactato-de-sodio.html#primaryimage\",\"url\":\"https:\/\/theo.niranbio.com\/wp-content\/uploads\/2024\/08\/Sodium-Lactate-1.jpg\",\"contentUrl\":\"https:\/\/theo.niranbio.com\/wp-content\/uploads\/2024\/08\/Sodium-Lactate-1.jpg\",\"width\":600,\"height\":600,\"caption\":\"Sodium Lactate-1\"},{\"@type\":\"BreadcrumbList\",\"@id\":\"https:\/\/theo.niranbio.com\/es\/lactato-de-sodio.html#breadcrumb\",\"itemListElement\":[{\"@type\":\"ListItem\",\"position\":1,\"name\":\"Home\",\"item\":\"https:\/\/theo.niranbio.com\/es\/\"},{\"@type\":\"ListItem\",\"position\":2,\"name\":\"Productos\",\"item\":\"https:\/\/theo.niranbio.com\/es\/productos.html\"},{\"@type\":\"ListItem\",\"position\":3,\"name\":\"Conservante\",\"item\":\"https:\/\/theo.niranbio.com\/es\/producto-conservante\/\"},{\"@type\":\"ListItem\",\"position\":4,\"name\":\"Lactato de sodio\"}]},{\"@type\":\"WebSite\",\"@id\":\"https:\/\/theo.niranbio.com\/es\/#website\",\"url\":\"https:\/\/theo.niranbio.com\/es\/\",\"name\":\"Niranbio Chemical\",\"description\":\"\",\"publisher\":{\"@id\":\"https:\/\/theo.niranbio.com\/es\/#organization\"},\"potentialAction\":[{\"@type\":\"SearchAction\",\"target\":{\"@type\":\"EntryPoint\",\"urlTemplate\":\"https:\/\/theo.niranbio.com\/es\/?s={search_term_string}\"},\"query-input\":{\"@type\":\"PropertyValueSpecification\",\"valueRequired\":true,\"valueName\":\"search_term_string\"}}],\"inLanguage\":\"es\"},{\"@type\":\"Organization\",\"@id\":\"https:\/\/theo.niranbio.com\/es\/#organization\",\"name\":\"Niranbio Chemical\",\"url\":\"https:\/\/theo.niranbio.com\/es\/\",\"logo\":{\"@type\":\"ImageObject\",\"inLanguage\":\"es\",\"@id\":\"https:\/\/theo.niranbio.com\/es\/#\/schema\/logo\/image\/\",\"url\":\"https:\/\/theo.niranbio.com\/wp-content\/uploads\/2024\/06\/Niranbio.png\",\"contentUrl\":\"https:\/\/theo.niranbio.com\/wp-content\/uploads\/2024\/06\/Niranbio.png\",\"width\":270,\"height\":100,\"caption\":\"Niranbio Chemical\"},\"image\":{\"@id\":\"https:\/\/theo.niranbio.com\/es\/#\/schema\/logo\/image\/\"}}]}<\/script>\n<!-- \/ Yoast SEO plugin. -->","yoast_head_json":{"title":"Lactato de sodio precio, Comprar E325 | Niranbio Chemical","description":"Nuestro lactato de sodio es un l\u00edquido incoloro, higrosc\u00f3pico, con un sabor salino suave, altamente soluble en agua y act\u00faa como un agente amortiguador con propiedades antimicrobianas.","robots":{"index":"noindex","follow":"follow","max-snippet":"max-snippet:-1","max-image-preview":"max-image-preview:large","max-video-preview":"max-video-preview:-1"},"twitter_misc":{"Tiempo de lectura":"2 minutos"},"schema":{"@context":"https:\/\/schema.org","@graph":[{"@type":"WebPage","@id":"https:\/\/theo.niranbio.com\/es\/lactato-de-sodio.html","url":"https:\/\/theo.niranbio.com\/es\/lactato-de-sodio.html","name":"Lactato de sodio precio, Comprar E325 | Niranbio Chemical","isPartOf":{"@id":"https:\/\/theo.niranbio.com\/es\/#website"},"primaryImageOfPage":{"@id":"https:\/\/theo.niranbio.com\/es\/lactato-de-sodio.html#primaryimage"},"image":{"@id":"https:\/\/theo.niranbio.com\/es\/lactato-de-sodio.html#primaryimage"},"thumbnailUrl":"https:\/\/theo.niranbio.com\/wp-content\/uploads\/2024\/08\/Sodium-Lactate-1.jpg","datePublished":"2024-08-29T07:00:09+00:00","dateModified":"2024-11-04T08:46:09+00:00","description":"Nuestro lactato de sodio es un l\u00edquido incoloro, higrosc\u00f3pico, con un sabor salino suave, altamente soluble en agua y act\u00faa como un agente amortiguador con propiedades antimicrobianas.","breadcrumb":{"@id":"https:\/\/theo.niranbio.com\/es\/lactato-de-sodio.html#breadcrumb"},"inLanguage":"es","potentialAction":[{"@type":"ReadAction","target":["https:\/\/theo.niranbio.com\/es\/lactato-de-sodio.html"]}]},{"@type":"ImageObject","inLanguage":"es","@id":"https:\/\/theo.niranbio.com\/es\/lactato-de-sodio.html#primaryimage","url":"https:\/\/theo.niranbio.com\/wp-content\/uploads\/2024\/08\/Sodium-Lactate-1.jpg","contentUrl":"https:\/\/theo.niranbio.com\/wp-content\/uploads\/2024\/08\/Sodium-Lactate-1.jpg","width":600,"height":600,"caption":"Sodium Lactate-1"},{"@type":"BreadcrumbList","@id":"https:\/\/theo.niranbio.com\/es\/lactato-de-sodio.html#breadcrumb","itemListElement":[{"@type":"ListItem","position":1,"name":"Home","item":"https:\/\/theo.niranbio.com\/es\/"},{"@type":"ListItem","position":2,"name":"Productos","item":"https:\/\/theo.niranbio.com\/es\/productos.html"},{"@type":"ListItem","position":3,"name":"Conservante","item":"https:\/\/theo.niranbio.com\/es\/producto-conservante\/"},{"@type":"ListItem","position":4,"name":"Lactato de sodio"}]},{"@type":"WebSite","@id":"https:\/\/theo.niranbio.com\/es\/#website","url":"https:\/\/theo.niranbio.com\/es\/","name":"Niranbio Chemical","description":"","publisher":{"@id":"https:\/\/theo.niranbio.com\/es\/#organization"},"potentialAction":[{"@type":"SearchAction","target":{"@type":"EntryPoint","urlTemplate":"https:\/\/theo.niranbio.com\/es\/?s={search_term_string}"},"query-input":{"@type":"PropertyValueSpecification","valueRequired":true,"valueName":"search_term_string"}}],"inLanguage":"es"},{"@type":"Organization","@id":"https:\/\/theo.niranbio.com\/es\/#organization","name":"Niranbio Chemical","url":"https:\/\/theo.niranbio.com\/es\/","logo":{"@type":"ImageObject","inLanguage":"es","@id":"https:\/\/theo.niranbio.com\/es\/#\/schema\/logo\/image\/","url":"https:\/\/theo.niranbio.com\/wp-content\/uploads\/2024\/06\/Niranbio.png","contentUrl":"https:\/\/theo.niranbio.com\/wp-content\/uploads\/2024\/06\/Niranbio.png","width":270,"height":100,"caption":"Niranbio Chemical"},"image":{"@id":"https:\/\/theo.niranbio.com\/es\/#\/schema\/logo\/image\/"}}]}},"_links":{"self":[{"href":"https:\/\/theo.niranbio.com\/es\/wp-json\/wp\/v2\/product\/13144","targetHints":{"allow":["GET"]}}],"collection":[{"href":"https:\/\/theo.niranbio.com\/es\/wp-json\/wp\/v2\/product"}],"about":[{"href":"https:\/\/theo.niranbio.com\/es\/wp-json\/wp\/v2\/types\/product"}],"version-history":[{"count":0,"href":"https:\/\/theo.niranbio.com\/es\/wp-json\/wp\/v2\/product\/13144\/revisions"}],"wp:featuredmedia":[{"embeddable":true,"href":"https:\/\/theo.niranbio.com\/es\/wp-json\/wp\/v2\/media\/11329"}],"wp:attachment":[{"href":"https:\/\/theo.niranbio.com\/es\/wp-json\/wp\/v2\/media?parent=13144"}],"wp:term":[{"taxonomy":"product_brand","embeddable":true,"href":"https:\/\/theo.niranbio.com\/es\/wp-json\/wp\/v2\/product_brand?post=13144"},{"taxonomy":"product_cat","embeddable":true,"href":"https:\/\/theo.niranbio.com\/es\/wp-json\/wp\/v2\/product_cat?post=13144"},{"taxonomy":"product_tag","embeddable":true,"href":"https:\/\/theo.niranbio.com\/es\/wp-json\/wp\/v2\/product_tag?post=13144"}],"curies":[{"name":"wp","href":"https:\/\/api.w.org\/{rel}","templated":true}]}}