{"id":13103,"date":"2024-08-30T09:14:12","date_gmt":"2024-08-30T01:14:12","guid":{"rendered":"https:\/\/theo.niranbio.com\/condimento-para-pollo-en-polvo\/"},"modified":"2024-11-04T16:02:16","modified_gmt":"2024-11-04T08:02:16","slug":"condimento-para-pollo-en-polvo","status":"publish","type":"product","link":"https:\/\/theo.niranbio.com\/es\/condimento-para-pollo-en-polvo.html","title":{"rendered":"Condimento para pollo en polvo"},"content":{"rendered":"<h2><span class=\"ez-toc-section\" id=\"%C2%BFQue_es_el_condimento_de_pollo_en_polvo\"><\/span>\u00bfQu\u00e9 es el condimento de pollo en polvo?<span class=\"ez-toc-section-end\"><\/span><\/h2>\n<p>El condimento de pollo en polvo se elabora a partir de pollo, huevos, huesos de pollo, etc. como materia prima. Se elabora mediante un proceso especial en el que se le a\u00f1ade sal, az\u00facar, glutamato monos\u00f3dico (GMS), pollo en polvo, especias, \u00e1cido inos\u00ednico, \u00e1cido guan\u00edlico, saborizante de pollo y otras sustancias para crear un condimento compuesto que realza el sabor y la fragancia con umami y sabor a pollo.<\/p>\n<h2><span class=\"ez-toc-section\" id=\"Parametros_de_los_ingredientes\"><\/span>Par\u00e1metros de los ingredientes<span class=\"ez-toc-section-end\"><\/span><\/h2>\n<table>\n<tbody>\n<tr>\n<td>Ingredient<\/td>\n<td>Detail<\/td>\n<\/tr>\n<tr>\n<td>Glutamato monos\u00f3dico<\/td>\n<td>20%<\/td>\n<\/tr>\n<tr>\n<td>Extracto de pollo<\/td>\n<td>5%<\/td>\n<\/tr>\n<tr>\n<td>Starch<\/td>\n<td>14%<\/td>\n<\/tr>\n<tr>\n<td>Grasa vegetal<\/td>\n<td>2%<\/td>\n<\/tr>\n<tr>\n<td>Prote\u00edna vegetal hidrolizada<\/td>\n<td>3%<\/td>\n<\/tr>\n<tr>\n<td>Humedad qu\u00edmica<\/td>\n<td>5%<\/td>\n<\/tr>\n<tr>\n<td>Sugar<\/td>\n<td>6%<\/td>\n<\/tr>\n<tr>\n<td>Sal qu\u00edmica<\/td>\n<td>45%<\/td>\n<\/tr>\n<tr>\n<td>Metales pesados<\/td>\n<td>0,8 mg\/kg<\/td>\n<\/tr>\n<tr>\n<td>Ars\u00e9nico<\/td>\n<td>0,4 mg\/kg<\/td>\n<\/tr>\n<tr>\n<td>Microcoliformes totales<\/td>\n<td>70 ufc\/g<\/td>\n<\/tr>\n<tr>\n<td>Micro escherichia coli<\/td>\n<td>8500 ufc\/g<\/td>\n<\/tr>\n<tr>\n<td>Micro salmonela<\/td>\n<td>No<\/td>\n<\/tr>\n<tr>\n<td>Micro estafilococo \u00e1ureo<\/td>\n<td>No<\/td>\n<\/tr>\n<tr>\n<td>Microestreptococos hemol\u00edticos<\/td>\n<td>No<\/td>\n<\/tr>\n<tr>\n<td>Micro Shigella<\/td>\n<td>No<\/td>\n<\/tr>\n<tr>\n<td>Resultado<\/td>\n<td>Los productos son aptos para el consumo humano<\/td>\n<\/tr>\n<\/tbody>\n<\/table>\n<h2><span class=\"ez-toc-section\" id=\"Pautas_de_uso_del_condimento_de_pollo_en_polvo\"><\/span>Pautas de uso del condimento de pollo en polvo<span class=\"ez-toc-section-end\"><\/span><\/h2>\n<h3><span class=\"ez-toc-section\" id=\"Anadir_secuencia\"><\/span>A\u00f1adir secuencia<span class=\"ez-toc-section-end\"><\/span><\/h3>\n<p>El mejor momento para agregar: agregue el pollo en polvo aproximadamente un minuto antes de que el plato termine de cocinarse para preservar sus cualidades que realzan el sabor. Evite la cocci\u00f3n prolongada.<\/p>\n<h3><span class=\"ez-toc-section\" id=\"Cantidad_de_condimento\"><\/span>Cantidad de condimento:<span class=\"ez-toc-section-end\"><\/span><\/h3>\n<p>Uso de sal: dado que el pollo en polvo contiene una cierta cantidad de sal, reduzca u omita la sal adicional durante la cocci\u00f3n. La OMS recomienda que los adultos mantengan su ingesta diaria de sal por debajo de los 5 gramos.<\/p>\n<h3><span class=\"ez-toc-section\" id=\"Tecnica_de_cocina\"><\/span>T\u00e9cnica de cocina<span class=\"ez-toc-section-end\"><\/span><\/h3>\n<p>Platos fr\u00edos: al preparar platos fr\u00edos, aseg\u00farese de mezclar y disolver bien el pollo en polvo, ya que estos platos suelen tener temperaturas bajas y menos l\u00edquido. Es m\u00e1s eficaz disolver el pollo en polvo en una peque\u00f1a cantidad de agua caliente o salsa condimentada antes de agregarlo al plato.<\/p>\n<h2><span class=\"ez-toc-section\" id=\"Pregunta_formulada_por_un_usuario\"><\/span>Pregunta formulada por un usuario:<span class=\"ez-toc-section-end\"><\/span><\/h2>\n<p>P: \u00bfCu\u00e1l es la diferencia entre el condimento de pollo en polvo y la esencia de pollo?<\/p>\n<p>R: La esencia de pollo es un potenciador del sabor compuesto, que se compone de dos o m\u00e1s potenciadores del sabor. Su ingrediente principal es el glutamato monos\u00f3dico. El polvo de pollo se elabora utilizando pollo, huevos, huesos de pollo, etc. como material base y a\u00f1adiendo otros potenciadores del sabor. La esencia de pollo es granulada y no se derrite f\u00e1cilmente, mientras que el polvo de pollo est\u00e1 en polvo, lo que se adapta mejor a la comida y se disuelve en agua muy r\u00e1pidamente.<\/p>\n<p>P: \u00bfC\u00f3mo utilizar el condimento de pollo en polvo para cocinar?<\/p>\n<p>R: El polvo de pollo es adecuado para marinar carne, cocinar, hervir carne, sopa, pasta, papilla, etc. Se puede hacer con una cuchara. El producto en s\u00ed contiene una cierta proporci\u00f3n de sal. Despu\u00e9s de a\u00f1adir el polvo de pollo, la cantidad de sal se puede reducir seg\u00fan las condiciones de cocci\u00f3n.<\/p>\n<p>P: \u00bfCu\u00e1l es el beneficio del polvo de pollo?<\/p>\n<ol>\n<li>R: Los beneficios de consumir pollo en polvo incluyen: Mejora el sabor: Rico en esencia de pollo y amino\u00e1cidos, mejora significativamente el sabor y el umami de los platos.<\/li>\n<li>Rico en nutrientes: repleto de oligoelementos y prote\u00ednas, ofrece nutrientes esenciales cuando se consume con moderaci\u00f3n.<\/li>\n<li>Mejora la memoria: Alto contenido de \u00e1cidos grasos insaturados, ayuda a proteger los vasos cerebrales, retardar la degeneraci\u00f3n de las c\u00e9lulas cerebrales y mejorar la funci\u00f3n cognitiva.<\/li>\n<li>Mejora la inmunidad: proporciona elementos vitales que refuerzan la funci\u00f3n inmunol\u00f3gica, ayudando a fortalecer las defensas naturales del cuerpo.<\/li>\n<\/ol>\n","protected":false},"excerpt":{"rendered":"<ul>\n<li>Certificaci\u00f3n: ISO KOSHER HALAL<\/li>\n<li>Est\u00e1ndar: GB<\/li>\n<li>Cantidad m\u00ednima de pedido: 1000KG<\/li>\n<li>Vida \u00fatil: 18 meses a partir de la fecha de producci\u00f3n<\/li>\n<\/ul>\n","protected":false},"featured_media":11342,"template":"","meta":{"site-sidebar-layout":"default","site-content-layout":"","ast-site-content-layout":"default","site-content-style":"default","site-sidebar-style":"default","ast-global-header-display":"","ast-banner-title-visibility":"","ast-main-header-display":"","ast-hfb-above-header-display":"","ast-hfb-below-header-display":"","ast-hfb-mobile-header-display":"","site-post-title":"","ast-breadcrumbs-content":"","ast-featured-img":"","footer-sml-layout":"","theme-transparent-header-meta":"default","adv-header-id-meta":"","stick-header-meta":"","header-above-stick-meta":"","header-main-stick-meta":"","header-below-stick-meta":"","astra-migrate-meta-layouts":"set","ast-page-background-enabled":"default","ast-page-background-meta":{"desktop":{"background-color":"var(--ast-global-color-4)","background-image":"","background-repeat":"repeat","background-position":"center center","background-size":"auto","background-attachment":"scroll","background-type":"","background-media":"","overlay-type":"","overlay-color":"","overlay-opacity":"","overlay-gradient":""},"tablet":{"background-color":"","background-image":"","background-repeat":"repeat","background-position":"center center","background-size":"auto","background-attachment":"scroll","background-type":"","background-media":"","overlay-type":"","overlay-color":"","overlay-opacity":"","overlay-gradient":""},"mobile":{"background-color":"","background-image":"","background-repeat":"repeat","background-position":"center center","background-size":"auto","background-attachment":"scroll","background-type":"","background-media":"","overlay-type":"","overlay-color":"","overlay-opacity":"","overlay-gradient":""}},"ast-content-background-meta":{"desktop":{"background-color":"var(--ast-global-color-5)","background-image":"","background-repeat":"repeat","background-position":"center center","background-size":"auto","background-attachment":"scroll","background-type":"","background-media":"","overlay-type":"","overlay-color":"","overlay-opacity":"","overlay-gradient":""},"tablet":{"background-color":"var(--ast-global-color-5)","background-image":"","background-repeat":"repeat","background-position":"center center","background-size":"auto","background-attachment":"scroll","background-type":"","background-media":"","overlay-type":"","overlay-color":"","overlay-opacity":"","overlay-gradient":""},"mobile":{"background-color":"var(--ast-global-color-5)","background-image":"","background-repeat":"repeat","background-position":"center center","background-size":"auto","background-attachment":"scroll","background-type":"","background-media":"","overlay-type":"","overlay-color":"","overlay-opacity":"","overlay-gradient":""}}},"product_brand":[],"product_cat":[88],"product_tag":[],"class_list":{"0":"post-13103","1":"product","2":"type-product","3":"status-publish","4":"has-post-thumbnail","6":"product_cat-producto-potenciador-del-sabor","7":"desktop-align-center","8":"tablet-align-left","9":"mobile-align-left","11":"first","12":"instock","13":"shipping-taxable","14":"product-type-simple"},"yoast_head":"<!-- This site is optimized with the Yoast SEO plugin v26.5 - https:\/\/yoast.com\/wordpress\/plugins\/seo\/ -->\n<title>Pollo en polvo precio | Niranbio Chemical<\/title>\n<meta name=\"description\" content=\"El polvo de pollo es un polvo fino de color marr\u00f3n amarillento elaborado a partir de pollo deshidratado, rico en sabor umami y que contiene amino\u00e1cidos esenciales, prote\u00ednas y grasas.\" \/>\n<meta name=\"robots\" content=\"noindex, follow, max-snippet:-1, max-image-preview:large, max-video-preview:-1\" \/>\n<meta name=\"twitter:label1\" content=\"Tiempo de lectura\" \/>\n\t<meta name=\"twitter:data1\" content=\"3 minutos\" \/>\n<script type=\"application\/ld+json\" class=\"yoast-schema-graph\">{\"@context\":\"https:\/\/schema.org\",\"@graph\":[{\"@type\":\"WebPage\",\"@id\":\"https:\/\/theo.niranbio.com\/es\/condimento-para-pollo-en-polvo.html\",\"url\":\"https:\/\/theo.niranbio.com\/es\/condimento-para-pollo-en-polvo.html\",\"name\":\"Pollo en polvo precio | Niranbio Chemical\",\"isPartOf\":{\"@id\":\"https:\/\/theo.niranbio.com\/es\/#website\"},\"primaryImageOfPage\":{\"@id\":\"https:\/\/theo.niranbio.com\/es\/condimento-para-pollo-en-polvo.html#primaryimage\"},\"image\":{\"@id\":\"https:\/\/theo.niranbio.com\/es\/condimento-para-pollo-en-polvo.html#primaryimage\"},\"thumbnailUrl\":\"https:\/\/theo.niranbio.com\/wp-content\/uploads\/2024\/08\/Chicken-Powder.jpg\",\"datePublished\":\"2024-08-30T01:14:12+00:00\",\"dateModified\":\"2024-11-04T08:02:16+00:00\",\"description\":\"El polvo de pollo es un polvo fino de color marr\u00f3n amarillento elaborado a partir de pollo deshidratado, rico en sabor umami y que contiene amino\u00e1cidos esenciales, prote\u00ednas y grasas.\",\"breadcrumb\":{\"@id\":\"https:\/\/theo.niranbio.com\/es\/condimento-para-pollo-en-polvo.html#breadcrumb\"},\"inLanguage\":\"es\",\"potentialAction\":[{\"@type\":\"ReadAction\",\"target\":[\"https:\/\/theo.niranbio.com\/es\/condimento-para-pollo-en-polvo.html\"]}]},{\"@type\":\"ImageObject\",\"inLanguage\":\"es\",\"@id\":\"https:\/\/theo.niranbio.com\/es\/condimento-para-pollo-en-polvo.html#primaryimage\",\"url\":\"https:\/\/theo.niranbio.com\/wp-content\/uploads\/2024\/08\/Chicken-Powder.jpg\",\"contentUrl\":\"https:\/\/theo.niranbio.com\/wp-content\/uploads\/2024\/08\/Chicken-Powder.jpg\",\"width\":600,\"height\":600,\"caption\":\"Chicken Powder\"},{\"@type\":\"BreadcrumbList\",\"@id\":\"https:\/\/theo.niranbio.com\/es\/condimento-para-pollo-en-polvo.html#breadcrumb\",\"itemListElement\":[{\"@type\":\"ListItem\",\"position\":1,\"name\":\"Home\",\"item\":\"https:\/\/theo.niranbio.com\/es\/\"},{\"@type\":\"ListItem\",\"position\":2,\"name\":\"Productos\",\"item\":\"https:\/\/theo.niranbio.com\/es\/productos.html\"},{\"@type\":\"ListItem\",\"position\":3,\"name\":\"Potenciador del Sabor\",\"item\":\"https:\/\/theo.niranbio.com\/es\/producto-potenciador-del-sabor\/\"},{\"@type\":\"ListItem\",\"position\":4,\"name\":\"Condimento para pollo en polvo\"}]},{\"@type\":\"WebSite\",\"@id\":\"https:\/\/theo.niranbio.com\/es\/#website\",\"url\":\"https:\/\/theo.niranbio.com\/es\/\",\"name\":\"Niranbio Chemical\",\"description\":\"\",\"publisher\":{\"@id\":\"https:\/\/theo.niranbio.com\/es\/#organization\"},\"potentialAction\":[{\"@type\":\"SearchAction\",\"target\":{\"@type\":\"EntryPoint\",\"urlTemplate\":\"https:\/\/theo.niranbio.com\/es\/?s={search_term_string}\"},\"query-input\":{\"@type\":\"PropertyValueSpecification\",\"valueRequired\":true,\"valueName\":\"search_term_string\"}}],\"inLanguage\":\"es\"},{\"@type\":\"Organization\",\"@id\":\"https:\/\/theo.niranbio.com\/es\/#organization\",\"name\":\"Niranbio Chemical\",\"url\":\"https:\/\/theo.niranbio.com\/es\/\",\"logo\":{\"@type\":\"ImageObject\",\"inLanguage\":\"es\",\"@id\":\"https:\/\/theo.niranbio.com\/es\/#\/schema\/logo\/image\/\",\"url\":\"https:\/\/theo.niranbio.com\/wp-content\/uploads\/2024\/06\/Niranbio.png\",\"contentUrl\":\"https:\/\/theo.niranbio.com\/wp-content\/uploads\/2024\/06\/Niranbio.png\",\"width\":270,\"height\":100,\"caption\":\"Niranbio Chemical\"},\"image\":{\"@id\":\"https:\/\/theo.niranbio.com\/es\/#\/schema\/logo\/image\/\"}}]}<\/script>\n<!-- \/ Yoast SEO plugin. -->","yoast_head_json":{"title":"Pollo en polvo precio | Niranbio Chemical","description":"El polvo de pollo es un polvo fino de color marr\u00f3n amarillento elaborado a partir de pollo deshidratado, rico en sabor umami y que contiene amino\u00e1cidos esenciales, prote\u00ednas y grasas.","robots":{"index":"noindex","follow":"follow","max-snippet":"max-snippet:-1","max-image-preview":"max-image-preview:large","max-video-preview":"max-video-preview:-1"},"twitter_misc":{"Tiempo de lectura":"3 minutos"},"schema":{"@context":"https:\/\/schema.org","@graph":[{"@type":"WebPage","@id":"https:\/\/theo.niranbio.com\/es\/condimento-para-pollo-en-polvo.html","url":"https:\/\/theo.niranbio.com\/es\/condimento-para-pollo-en-polvo.html","name":"Pollo en polvo precio | Niranbio Chemical","isPartOf":{"@id":"https:\/\/theo.niranbio.com\/es\/#website"},"primaryImageOfPage":{"@id":"https:\/\/theo.niranbio.com\/es\/condimento-para-pollo-en-polvo.html#primaryimage"},"image":{"@id":"https:\/\/theo.niranbio.com\/es\/condimento-para-pollo-en-polvo.html#primaryimage"},"thumbnailUrl":"https:\/\/theo.niranbio.com\/wp-content\/uploads\/2024\/08\/Chicken-Powder.jpg","datePublished":"2024-08-30T01:14:12+00:00","dateModified":"2024-11-04T08:02:16+00:00","description":"El polvo de pollo es un polvo fino de color marr\u00f3n amarillento elaborado a partir de pollo deshidratado, rico en sabor umami y que contiene amino\u00e1cidos esenciales, prote\u00ednas y grasas.","breadcrumb":{"@id":"https:\/\/theo.niranbio.com\/es\/condimento-para-pollo-en-polvo.html#breadcrumb"},"inLanguage":"es","potentialAction":[{"@type":"ReadAction","target":["https:\/\/theo.niranbio.com\/es\/condimento-para-pollo-en-polvo.html"]}]},{"@type":"ImageObject","inLanguage":"es","@id":"https:\/\/theo.niranbio.com\/es\/condimento-para-pollo-en-polvo.html#primaryimage","url":"https:\/\/theo.niranbio.com\/wp-content\/uploads\/2024\/08\/Chicken-Powder.jpg","contentUrl":"https:\/\/theo.niranbio.com\/wp-content\/uploads\/2024\/08\/Chicken-Powder.jpg","width":600,"height":600,"caption":"Chicken Powder"},{"@type":"BreadcrumbList","@id":"https:\/\/theo.niranbio.com\/es\/condimento-para-pollo-en-polvo.html#breadcrumb","itemListElement":[{"@type":"ListItem","position":1,"name":"Home","item":"https:\/\/theo.niranbio.com\/es\/"},{"@type":"ListItem","position":2,"name":"Productos","item":"https:\/\/theo.niranbio.com\/es\/productos.html"},{"@type":"ListItem","position":3,"name":"Potenciador del Sabor","item":"https:\/\/theo.niranbio.com\/es\/producto-potenciador-del-sabor\/"},{"@type":"ListItem","position":4,"name":"Condimento para pollo en polvo"}]},{"@type":"WebSite","@id":"https:\/\/theo.niranbio.com\/es\/#website","url":"https:\/\/theo.niranbio.com\/es\/","name":"Niranbio Chemical","description":"","publisher":{"@id":"https:\/\/theo.niranbio.com\/es\/#organization"},"potentialAction":[{"@type":"SearchAction","target":{"@type":"EntryPoint","urlTemplate":"https:\/\/theo.niranbio.com\/es\/?s={search_term_string}"},"query-input":{"@type":"PropertyValueSpecification","valueRequired":true,"valueName":"search_term_string"}}],"inLanguage":"es"},{"@type":"Organization","@id":"https:\/\/theo.niranbio.com\/es\/#organization","name":"Niranbio Chemical","url":"https:\/\/theo.niranbio.com\/es\/","logo":{"@type":"ImageObject","inLanguage":"es","@id":"https:\/\/theo.niranbio.com\/es\/#\/schema\/logo\/image\/","url":"https:\/\/theo.niranbio.com\/wp-content\/uploads\/2024\/06\/Niranbio.png","contentUrl":"https:\/\/theo.niranbio.com\/wp-content\/uploads\/2024\/06\/Niranbio.png","width":270,"height":100,"caption":"Niranbio Chemical"},"image":{"@id":"https:\/\/theo.niranbio.com\/es\/#\/schema\/logo\/image\/"}}]}},"_links":{"self":[{"href":"https:\/\/theo.niranbio.com\/es\/wp-json\/wp\/v2\/product\/13103","targetHints":{"allow":["GET"]}}],"collection":[{"href":"https:\/\/theo.niranbio.com\/es\/wp-json\/wp\/v2\/product"}],"about":[{"href":"https:\/\/theo.niranbio.com\/es\/wp-json\/wp\/v2\/types\/product"}],"version-history":[{"count":0,"href":"https:\/\/theo.niranbio.com\/es\/wp-json\/wp\/v2\/product\/13103\/revisions"}],"wp:featuredmedia":[{"embeddable":true,"href":"https:\/\/theo.niranbio.com\/es\/wp-json\/wp\/v2\/media\/11342"}],"wp:attachment":[{"href":"https:\/\/theo.niranbio.com\/es\/wp-json\/wp\/v2\/media?parent=13103"}],"wp:term":[{"taxonomy":"product_brand","embeddable":true,"href":"https:\/\/theo.niranbio.com\/es\/wp-json\/wp\/v2\/product_brand?post=13103"},{"taxonomy":"product_cat","embeddable":true,"href":"https:\/\/theo.niranbio.com\/es\/wp-json\/wp\/v2\/product_cat?post=13103"},{"taxonomy":"product_tag","embeddable":true,"href":"https:\/\/theo.niranbio.com\/es\/wp-json\/wp\/v2\/product_tag?post=13103"}],"curies":[{"name":"wp","href":"https:\/\/api.w.org\/{rel}","templated":true}]}}